{"id":2451,"date":"2021-01-26T03:27:47","date_gmt":"2021-01-26T03:27:47","guid":{"rendered":"https:\/\/glassbottlewholesale.com\/?post_type=product&#038;p=2451"},"modified":"2026-01-26T05:20:09","modified_gmt":"2026-01-26T05:20:09","slug":"botellas-de-whisky-de-diseno-antiguo-de-500-ml-700-ml-y-750-ml-al-por-mayor","status":"publish","type":"product","link":"https:\/\/glassbottlewholesale.com\/es\/botellas-de-whisky-de-diseno-antiguo-de-500-ml-700-ml-y-750-ml-al-por-mayor\/","title":{"rendered":"RE024 Botellas de whisky de dise\u00f1o antiguo de 500 ml\/700 ml\/750 ml al por mayor"},"content":{"rendered":"<div class=\"wpb-content-wrapper\"><div class=\"vc_row wpb_row vc_row-fluid\"><div class=\"wpb_column vc_column_container vc_col-sm-12\"><div class=\"vc_column-inner\"><div class=\"wpb_wrapper\">\n\t<div class=\"wpb_text_column wpb_content_element\" >\n\t\t<div class=\"wpb_wrapper\">\n\t\t\t<h3>Informaci\u00f3n detallada sobre botellas de whisky viejas de 500 ml\/700 ml\/750 ml al por mayor<\/h3>\n<p><a href=\"https:\/\/ruishengglassco.com\/about\">Ruisheng,<\/a> un fabricante y proveedor profesional de botellas de whisky, ha estado involucrado en la venta al por mayor y la fabricaci\u00f3n de botellas de whisky durante m\u00e1s de 10 a\u00f1os. Contamos con la l\u00ednea de producci\u00f3n de botellas de whisky totalmente automatizada m\u00e1s avanzada del mundo. Los productos producidos tienen alta definici\u00f3n y no se da\u00f1an f\u00e1cilmente. La producci\u00f3n diaria puede llegar a 200.000 PCS, lo que puede producir las botellas de whisky requeridas por los clientes en el menor tiempo. Como f\u00e1brica de producci\u00f3n de botellas, brindamos servicio de personalizaci\u00f3n OEM\/ODM, solo necesita proporcionar la muestra de dise\u00f1o y el logotipo de la marca, podemos ayudarlo a producir la botella de whisky para cumplir con los requisitos.<\/p>\n<h4>Preocupaciones del cliente<\/h4>\n<ol>\n<li><strong>El MOQ de la botella de whisky<\/strong><\/li>\n<\/ol>\n<p>Como fabricante profesional de botellas de whisky, solo brindamos servicio de venta al por mayor de botellas de whisky, no al por menor. En vista de nuestra base de clientes, embalaje, env\u00edo y otros factores, nuestra <strong>La cantidad m\u00ednima de pedido es <span class=\"mceItemHidden\">10000 PCS (alrededor de 20000 unidades)<\/span><\/strong><\/p>\n<p><strong>2. Acerca del embalaje<\/strong><\/p>\n<p>Como todos sabemos, las botellas de vino son productos fr\u00e1giles, por lo que debemos prestar atenci\u00f3n al embalaje. Utilizamos embalaje seguro, como embalaje a granel en caja interior\/caja de color\/caja blanca\/caja de presentaci\u00f3n\/palet de exportaci\u00f3n est\u00e1ndar a petici\u00f3n del cliente.<\/p>\n<p><strong>3. Acerca del tiempo de entrega<\/strong><\/p>\n<ul>\n<li>Para stock listo: 7 d\u00edas despu\u00e9s de recibir el pago.<\/li>\n<li>Para productos agotados: 25 ~ 40 d\u00edas despu\u00e9s de recibir el pago.<\/li>\n<\/ul>\n<p>&nbsp;<\/p>\n\n\t\t<\/div>\n\t<\/div>\n<\/div><\/div><\/div><\/div>\n<\/div>","protected":false},"excerpt":{"rendered":"<p>Ruisheng, uno de los mejores fabricantes de botellas de whisky en China, ofrece botellas de whisky antiguas al por mayor desde China. Fabricante profesional de botellas de whisky con m\u00e1s de 10 a\u00f1os de experiencia en fabricaci\u00f3n. Ofreciendo botellas de whisky de alta calidad para marcas, empresas, mayoristas y distribuidores de botellas de vidrio.<\/p>\n<ul>\n<li>Art\u00edculo: botella de whisky de dise\u00f1o antiguo<\/li>\n<li>No.:RS024<\/li>\n<li><strong>Cantidad m\u00ednima de pedido: 10000 unidades.<\/strong><\/li>\n<li>Material: vidrio s\u00faper pedernal<\/li>\n<li>Servicio OEM\/ODM ofrecido<\/li>\n<li>Tipo de sellado: tapa de corcho\/tapa de rosca<\/li>\n<li>Especificaci\u00f3n: 50ml-1500ml<\/li>\n<li>M\u00e9todo de embalaje: embalaje est\u00e1ndar de exportaci\u00f3n o embalaje personalizado<\/li>\n<li>Tiempo de entrega: dentro de 20-30 d\u00edas seg\u00fan el tama\u00f1o y la cantidad requeridos.<\/li>\n<\/ul>\n<p>Si est\u00e1 interesado en nuestras botellas de whisky antiguas al por mayor, <a href=\"https:\/\/glassbottlewholesale.com\/es\/contact\/\">haga clic aqu\u00ed<\/a> para obtener cotizaci\u00f3n.<\/p>","protected":false},"featured_media":4781,"comment_status":"open","ping_status":"closed","template":"","meta":[],"product_brand":[],"product_cat":[50,51,52,63,68],"product_tag":[],"class_list":{"0":"post-2451","1":"product","2":"type-product","3":"status-publish","4":"has-post-thumbnail","6":"product_cat-500ml-glass-bottle","7":"product_cat-700ml-glass-bottle","8":"product_cat-750ml-glass-bottle","9":"product_cat-liquor-bottle","10":"product_cat-whiskey-bottle","11":"entry","12":"has-media","14":"first","15":"instock","16":"shipping-taxable","17":"product-type-simple"},"yoast_head":"<!-- This site is optimized with the Yoast SEO plugin v27.3 - https:\/\/yoast.com\/product\/yoast-seo-wordpress\/ -->\n<title>Old Whisky Bottles Wholesale | Best Whiskey Bottles Manufacturer<\/title>\n<meta name=\"description\" content=\"Want to buy Old Whisky Bottles Wholesale? Click here to get whisky bottle from best whiskey bottles manufacturer China.\" \/>\n<meta name=\"robots\" content=\"index, follow, max-snippet:-1, max-image-preview:large, max-video-preview:-1\" \/>\n<link rel=\"canonical\" href=\"https:\/\/ruishengglassco.com\/re024-500ml-700ml-750ml-old-design-whisky-bottles-manufacturers\" \/>\n<meta property=\"og:locale\" content=\"es_ES\" \/>\n<meta property=\"og:type\" content=\"article\" \/>\n<meta property=\"og:title\" content=\"Old Whisky Bottles Wholesale | Best Whiskey Bottles Manufacturer\" \/>\n<meta property=\"og:description\" content=\"Want to buy Old Whisky Bottles Wholesale? Click here to get whisky bottle from best whiskey bottles manufacturer China.\" \/>\n<meta property=\"og:url\" content=\"https:\/\/ruishengglassco.com\/re024-500ml-700ml-750ml-old-design-whisky-bottles-manufacturers\" \/>\n<meta property=\"og:site_name\" content=\"Glass Bottle Wholesale\" \/>\n<meta property=\"article:modified_time\" content=\"2026-01-26T05:20:09+00:00\" \/>\n<meta property=\"og:image\" content=\"https:\/\/glassbottlewholesale.com\/wp-content\/uploads\/2024\/04\/glass-bottle-manufacturing-31-2.png\" \/>\n\t<meta property=\"og:image:width\" content=\"800\" \/>\n\t<meta property=\"og:image:height\" content=\"800\" \/>\n\t<meta property=\"og:image:type\" content=\"image\/png\" \/>\n<meta name=\"twitter:card\" content=\"summary_large_image\" \/>\n<meta name=\"twitter:label1\" content=\"Tiempo de lectura\" \/>\n\t<meta name=\"twitter:data1\" content=\"2 minutos\" \/>\n<script type=\"application\/ld+json\" class=\"yoast-schema-graph\">{\"@context\":\"https:\\\/\\\/schema.org\",\"@graph\":[{\"@type\":\"WebPage\",\"@id\":\"https:\\\/\\\/glassbottlewholesale.com\\\/500ml-700ml-750ml-old-design-whisky-bottles-wholesale\\\/\",\"url\":\"https:\\\/\\\/ruishengglassco.com\\\/re024-500ml-700ml-750ml-old-design-whisky-bottles-manufacturers\",\"name\":\"Old Whisky Bottles Wholesale | Best Whiskey Bottles Manufacturer\",\"isPartOf\":{\"@id\":\"https:\\\/\\\/glassbottlewholesale.com\\\/#website\"},\"primaryImageOfPage\":{\"@id\":\"https:\\\/\\\/ruishengglassco.com\\\/re024-500ml-700ml-750ml-old-design-whisky-bottles-manufacturers#primaryimage\"},\"image\":{\"@id\":\"https:\\\/\\\/ruishengglassco.com\\\/re024-500ml-700ml-750ml-old-design-whisky-bottles-manufacturers#primaryimage\"},\"thumbnailUrl\":\"https:\\\/\\\/glassbottlewholesale.com\\\/wp-content\\\/uploads\\\/2024\\\/04\\\/glass-bottle-manufacturing-31-2.png\",\"datePublished\":\"2021-01-26T03:27:47+00:00\",\"dateModified\":\"2026-01-26T05:20:09+00:00\",\"description\":\"Want to buy Old Whisky Bottles Wholesale? Click here to get whisky bottle from best whiskey bottles manufacturer China.\",\"breadcrumb\":{\"@id\":\"https:\\\/\\\/ruishengglassco.com\\\/re024-500ml-700ml-750ml-old-design-whisky-bottles-manufacturers#breadcrumb\"},\"inLanguage\":\"es\",\"potentialAction\":[{\"@type\":\"ReadAction\",\"target\":[\"https:\\\/\\\/ruishengglassco.com\\\/re024-500ml-700ml-750ml-old-design-whisky-bottles-manufacturers\"]}]},{\"@type\":\"ImageObject\",\"inLanguage\":\"es\",\"@id\":\"https:\\\/\\\/ruishengglassco.com\\\/re024-500ml-700ml-750ml-old-design-whisky-bottles-manufacturers#primaryimage\",\"url\":\"https:\\\/\\\/glassbottlewholesale.com\\\/wp-content\\\/uploads\\\/2024\\\/04\\\/glass-bottle-manufacturing-31-2.png\",\"contentUrl\":\"https:\\\/\\\/glassbottlewholesale.com\\\/wp-content\\\/uploads\\\/2024\\\/04\\\/glass-bottle-manufacturing-31-2.png\",\"width\":800,\"height\":800,\"caption\":\"RE024 500ml\\\/700ml\\\/750ml Old Design Whisky Bottles Wholesale\"},{\"@type\":\"BreadcrumbList\",\"@id\":\"https:\\\/\\\/ruishengglassco.com\\\/re024-500ml-700ml-750ml-old-design-whisky-bottles-manufacturers#breadcrumb\",\"itemListElement\":[{\"@type\":\"ListItem\",\"position\":1,\"name\":\"Home\",\"item\":\"https:\\\/\\\/glassbottlewholesale.com\\\/\"},{\"@type\":\"ListItem\",\"position\":2,\"name\":\"Products\",\"item\":\"https:\\\/\\\/glassbottlewholesale.com\\\/shop\\\/\"},{\"@type\":\"ListItem\",\"position\":3,\"name\":\"RE024 500ml\\\/700ml\\\/750ml Old Design Whisky Bottles Wholesale\"}]},{\"@type\":\"WebSite\",\"@id\":\"https:\\\/\\\/glassbottlewholesale.com\\\/#website\",\"url\":\"https:\\\/\\\/glassbottlewholesale.com\\\/\",\"name\":\"Glass Bottle Wholesale\",\"description\":\"\",\"publisher\":{\"@id\":\"https:\\\/\\\/glassbottlewholesale.com\\\/#organization\"},\"potentialAction\":[{\"@type\":\"SearchAction\",\"target\":{\"@type\":\"EntryPoint\",\"urlTemplate\":\"https:\\\/\\\/glassbottlewholesale.com\\\/?s={search_term_string}\"},\"query-input\":{\"@type\":\"PropertyValueSpecification\",\"valueRequired\":true,\"valueName\":\"search_term_string\"}}],\"inLanguage\":\"es\"},{\"@type\":\"Organization\",\"@id\":\"https:\\\/\\\/glassbottlewholesale.com\\\/#organization\",\"name\":\"Glass Bottle Wholesale\",\"url\":\"https:\\\/\\\/glassbottlewholesale.com\\\/\",\"logo\":{\"@type\":\"ImageObject\",\"inLanguage\":\"es\",\"@id\":\"https:\\\/\\\/glassbottlewholesale.com\\\/#\\\/schema\\\/logo\\\/image\\\/\",\"url\":\"https:\\\/\\\/glassbottlewholesale.com\\\/wp-content\\\/uploads\\\/2023\\\/12\\\/ruisheng-logo.webp\",\"contentUrl\":\"https:\\\/\\\/glassbottlewholesale.com\\\/wp-content\\\/uploads\\\/2023\\\/12\\\/ruisheng-logo.webp\",\"width\":400,\"height\":233,\"caption\":\"Glass Bottle Wholesale\"},\"image\":{\"@id\":\"https:\\\/\\\/glassbottlewholesale.com\\\/#\\\/schema\\\/logo\\\/image\\\/\"}}]}<\/script>\n<!-- \/ Yoast SEO plugin. -->","yoast_head_json":{"title":"Botellas de whisky viejas al por mayor | Mejor fabricante de botellas de whisky","description":"\u00bfQuieres comprar Botellas de Whisky Viejas al por mayor? Haga clic aqu\u00ed para obtener una botella de whisky del mejor fabricante de botellas de whisky de China.","robots":{"index":"index","follow":"follow","max-snippet":"max-snippet:-1","max-image-preview":"max-image-preview:large","max-video-preview":"max-video-preview:-1"},"canonical":"https:\/\/ruishengglassco.com\/re024-500ml-700ml-750ml-old-design-whisky-bottles-manufacturers","og_locale":"es_ES","og_type":"article","og_title":"Old Whisky Bottles Wholesale | Best Whiskey Bottles Manufacturer","og_description":"Want to buy Old Whisky Bottles Wholesale? Click here to get whisky bottle from best whiskey bottles manufacturer China.","og_url":"https:\/\/ruishengglassco.com\/re024-500ml-700ml-750ml-old-design-whisky-bottles-manufacturers","og_site_name":"Glass Bottle Wholesale","article_modified_time":"2026-01-26T05:20:09+00:00","og_image":[{"width":800,"height":800,"url":"https:\/\/glassbottlewholesale.com\/wp-content\/uploads\/2024\/04\/glass-bottle-manufacturing-31-2.png","type":"image\/png"}],"twitter_card":"summary_large_image","twitter_misc":{"Tiempo de lectura":"2 minutos"},"schema":{"@context":"https:\/\/schema.org","@graph":[{"@type":"WebPage","@id":"https:\/\/glassbottlewholesale.com\/500ml-700ml-750ml-old-design-whisky-bottles-wholesale\/","url":"https:\/\/ruishengglassco.com\/re024-500ml-700ml-750ml-old-design-whisky-bottles-manufacturers","name":"Botellas de whisky viejas al por mayor | Mejor fabricante de botellas de whisky","isPartOf":{"@id":"https:\/\/glassbottlewholesale.com\/#website"},"primaryImageOfPage":{"@id":"https:\/\/ruishengglassco.com\/re024-500ml-700ml-750ml-old-design-whisky-bottles-manufacturers#primaryimage"},"image":{"@id":"https:\/\/ruishengglassco.com\/re024-500ml-700ml-750ml-old-design-whisky-bottles-manufacturers#primaryimage"},"thumbnailUrl":"https:\/\/glassbottlewholesale.com\/wp-content\/uploads\/2024\/04\/glass-bottle-manufacturing-31-2.png","datePublished":"2021-01-26T03:27:47+00:00","dateModified":"2026-01-26T05:20:09+00:00","description":"\u00bfQuieres comprar Botellas de Whisky Viejas al por mayor? Haga clic aqu\u00ed para obtener una botella de whisky del mejor fabricante de botellas de whisky de China.","breadcrumb":{"@id":"https:\/\/ruishengglassco.com\/re024-500ml-700ml-750ml-old-design-whisky-bottles-manufacturers#breadcrumb"},"inLanguage":"es","potentialAction":[{"@type":"ReadAction","target":["https:\/\/ruishengglassco.com\/re024-500ml-700ml-750ml-old-design-whisky-bottles-manufacturers"]}]},{"@type":"ImageObject","inLanguage":"es","@id":"https:\/\/ruishengglassco.com\/re024-500ml-700ml-750ml-old-design-whisky-bottles-manufacturers#primaryimage","url":"https:\/\/glassbottlewholesale.com\/wp-content\/uploads\/2024\/04\/glass-bottle-manufacturing-31-2.png","contentUrl":"https:\/\/glassbottlewholesale.com\/wp-content\/uploads\/2024\/04\/glass-bottle-manufacturing-31-2.png","width":800,"height":800,"caption":"RE024 500ml\/700ml\/750ml Old Design Whisky Bottles Wholesale"},{"@type":"BreadcrumbList","@id":"https:\/\/ruishengglassco.com\/re024-500ml-700ml-750ml-old-design-whisky-bottles-manufacturers#breadcrumb","itemListElement":[{"@type":"ListItem","position":1,"name":"Home","item":"https:\/\/glassbottlewholesale.com\/"},{"@type":"ListItem","position":2,"name":"Products","item":"https:\/\/glassbottlewholesale.com\/shop\/"},{"@type":"ListItem","position":3,"name":"RE024 500ml\/700ml\/750ml Old Design Whisky Bottles Wholesale"}]},{"@type":"WebSite","@id":"https:\/\/glassbottlewholesale.com\/#website","url":"https:\/\/glassbottlewholesale.com\/","name":"Glass Bottle Wholesale","description":"","publisher":{"@id":"https:\/\/glassbottlewholesale.com\/#organization"},"potentialAction":[{"@type":"SearchAction","target":{"@type":"EntryPoint","urlTemplate":"https:\/\/glassbottlewholesale.com\/?s={search_term_string}"},"query-input":{"@type":"PropertyValueSpecification","valueRequired":true,"valueName":"search_term_string"}}],"inLanguage":"es"},{"@type":"Organization","@id":"https:\/\/glassbottlewholesale.com\/#organization","name":"Glass Bottle Wholesale","url":"https:\/\/glassbottlewholesale.com\/","logo":{"@type":"ImageObject","inLanguage":"es","@id":"https:\/\/glassbottlewholesale.com\/#\/schema\/logo\/image\/","url":"https:\/\/glassbottlewholesale.com\/wp-content\/uploads\/2023\/12\/ruisheng-logo.webp","contentUrl":"https:\/\/glassbottlewholesale.com\/wp-content\/uploads\/2023\/12\/ruisheng-logo.webp","width":400,"height":233,"caption":"Glass Bottle Wholesale"},"image":{"@id":"https:\/\/glassbottlewholesale.com\/#\/schema\/logo\/image\/"}}]}},"_links":{"self":[{"href":"https:\/\/glassbottlewholesale.com\/es\/wp-json\/wp\/v2\/product\/2451","targetHints":{"allow":["GET"]}}],"collection":[{"href":"https:\/\/glassbottlewholesale.com\/es\/wp-json\/wp\/v2\/product"}],"about":[{"href":"https:\/\/glassbottlewholesale.com\/es\/wp-json\/wp\/v2\/types\/product"}],"replies":[{"embeddable":true,"href":"https:\/\/glassbottlewholesale.com\/es\/wp-json\/wp\/v2\/comments?post=2451"}],"wp:featuredmedia":[{"embeddable":true,"href":"https:\/\/glassbottlewholesale.com\/es\/wp-json\/wp\/v2\/media\/4781"}],"wp:attachment":[{"href":"https:\/\/glassbottlewholesale.com\/es\/wp-json\/wp\/v2\/media?parent=2451"}],"wp:term":[{"taxonomy":"product_brand","embeddable":true,"href":"https:\/\/glassbottlewholesale.com\/es\/wp-json\/wp\/v2\/product_brand?post=2451"},{"taxonomy":"product_cat","embeddable":true,"href":"https:\/\/glassbottlewholesale.com\/es\/wp-json\/wp\/v2\/product_cat?post=2451"},{"taxonomy":"product_tag","embeddable":true,"href":"https:\/\/glassbottlewholesale.com\/es\/wp-json\/wp\/v2\/product_tag?post=2451"}],"curies":[{"name":"wp","href":"https:\/\/api.w.org\/{rel}","templated":true}]}}