{"id":2465,"date":"2021-02-01T06:40:14","date_gmt":"2021-02-01T06:40:14","guid":{"rendered":"https:\/\/glassbottlewholesale.com\/?post_type=product&#038;p=2465"},"modified":"2025-06-23T09:27:39","modified_gmt":"2025-06-23T09:27:39","slug":"botellas-de-vino-de-750-ml-al-por-mayor","status":"publish","type":"product","link":"https:\/\/glassbottlewholesale.com\/es\/botellas-de-vino-de-750-ml-al-por-mayor\/","title":{"rendered":"RS023 Botellas de vino de 750 ml al por mayor"},"content":{"rendered":"<h2>Comience su pedido de botellas de vino de 750 ml al por mayor<\/h2>\n<p>Esta serie de botellas de vino de 750 ml al por mayor es una de las botellas de vidrio m\u00e1s populares. El producto adopta material de vidrio de alto pedernal para hacer la botella de vidrio m\u00e1s transparente, claro, y no es f\u00e1cil de romper.<\/p>\n<p><strong>Caracter\u00edsticas<\/strong><\/p>\n<ul>\n<li>Equipo internacionalizado y apasionado con una media de 10 a\u00f1os de experiencia.<\/li>\n<li>Amplia l\u00ednea de producci\u00f3n en stock<\/li>\n<li>Dise\u00f1o y moldes personalizados<\/li>\n<li>Trabajar en l\u00ednea 24\u00d77<\/li>\n<\/ul>\n<p><strong>Cliente preocupado<\/strong><\/p>\n<ol>\n<li><strong>\u00bfCu\u00e1l es el MOQ de 750ml botellas de vino de vidrio al por mayor?<\/strong><\/li>\n<\/ol>\n<p>Ruisheng es un fabricante profesional de botellas de vino, s\u00f3lo proporcionamos botellas de vidrio al por mayor, no al por menor. El <strong>La cantidad m\u00ednima de pedido es <span class=\"mceItemHidden\">10000 PCS\uff08Alrededor de 10000 piezas)<\/span><\/strong><\/p>\n<p><strong>2. \u00bfC\u00f3mo podemos saber que realmente no contienen plomo y son de calidad alimentaria?<\/strong><\/p>\n<p>Como es habitual para el vidrio, tenemos material com\u00fan, material de alto blanco, material de cristal blanco, todos estos materiales son adecuados para grado alimenticio y sin plomo, pasamos la prueba de grado alimenticio, no hay necesidad de preocuparse por la seguridad.<\/p>\n<p>3. <strong data-spm-anchor-id=\"a2700.details.pronpeci14.i1.34cb4892RVk1Fi\">\u00bfC\u00f3mo puedo obtener una muestra para comprobar su calidad? \u00bfOfrecen muestras gratuitas?<\/strong><\/p>\n<p>S\u00ed, hay muestras gratuitas disponibles, se permite el pedido directo de garant\u00eda comercial. S\u00f3lo los gastos de env\u00edo corren de su cuenta y ser\u00e1n reembolsables una vez realizado el pedido. O si usted tiene una cuenta de mensajer\u00eda, podemos organizar muestras por recogido.<\/p>\n<p>&nbsp;<\/p>","protected":false},"excerpt":{"rendered":"<p>Ruisheng, un fabricante profesional de botellas de vidrio, ofrece botellas de vino de 750 ml al por mayor para las empresas vitivin\u00edcolas, marcas y otros. Nuestra empresa ha estado involucrada en la fabricaci\u00f3n de botellas de vidrio por m\u00e1s de 10 a\u00f1os. Como proveedor profesional de botellas de vidrio, ofrecemos servicio personalizado OEM\/ODM para pedidos al por mayor.<\/p>\n<h4>Informaci\u00f3n detallada sobre las botellas de vino de 750 ml al por mayor<\/h4>\n<ul>\n<li>Nombre: Botellas de vino de 750 ml al por mayor<\/li>\n<li>N\u00famero de modelo: Rs-750<\/li>\n<li>Material: Material de vidrio Super Flint<\/li>\n<li>Tipo de cierre: Corcho, TAPA A TORNILLO, Corcho, Tapa de vidrio, Tapa twist-off, Tapa a rosca<\/li>\n<li><span style=\"color: #ff6600\"><strong>MOQ: 10000pcs(Alrededor de 10000pcs)<\/strong><\/span><\/li>\n<li>Embalaje: Cajas de cart\u00f3n con separador de cart\u00f3n, pal\u00e9, pal\u00e9+cart\u00f3n, caja de color con logotipo personalizado<\/li>\n<li>Plazo de entrega: Entrega en stock en 7 d\u00edas. Entrega de botellas personalizadas en 25-30 d\u00edas.<\/li>\n<\/ul>\n<p>Si desea obtener m\u00e1s detalles acerca de este 750 ml botellas de vino al por mayor, por favor <a href=\"https:\/\/ruishengglassco.com\/contact\" target=\"_blank\" rel=\"noopener\">haga clic aqu\u00ed<\/a> para charlar con nuestros comerciales.<\/p>\n<p>&nbsp;<\/p>","protected":false},"featured_media":2456,"comment_status":"open","ping_status":"closed","template":"","meta":[],"product_brand":[],"product_cat":[52],"product_tag":[],"class_list":{"0":"post-2465","1":"product","2":"type-product","3":"status-publish","4":"has-post-thumbnail","6":"product_cat-750ml-glass-bottle","7":"entry","8":"has-media","10":"first","11":"instock","12":"shipping-taxable","13":"product-type-simple"},"yoast_head":"<!-- This site is optimized with the Yoast SEO plugin v27.3 - https:\/\/yoast.com\/product\/yoast-seo-wordpress\/ -->\n<title>750 ml Wine Bottles Wholesale | Red Wine Bottle Manufacturer-Ruisheng<\/title>\n<meta name=\"description\" content=\"Ruisheng, a professional glass bottle manufacturer&amp;supplier, provide 750 ml Wine Bottles Wholesale for wine company, brand, and etc.\" \/>\n<meta name=\"robots\" content=\"index, follow, max-snippet:-1, max-image-preview:large, max-video-preview:-1\" \/>\n<link rel=\"canonical\" href=\"https:\/\/ruishengglassco.com\/product\/rs023-750ml-wine-bottles-manufacturers\" \/>\n<meta property=\"og:locale\" content=\"es_ES\" \/>\n<meta property=\"og:type\" content=\"article\" \/>\n<meta property=\"og:title\" content=\"750 ml Wine Bottles Wholesale | Red Wine Bottle Manufacturer-Ruisheng\" \/>\n<meta property=\"og:description\" content=\"Ruisheng, a professional glass bottle manufacturer&amp;supplier, provide 750 ml Wine Bottles Wholesale for wine company, brand, and etc.\" \/>\n<meta property=\"og:url\" content=\"https:\/\/ruishengglassco.com\/product\/rs023-750ml-wine-bottles-manufacturers\" \/>\n<meta property=\"og:site_name\" content=\"Glass Bottle Wholesale\" \/>\n<meta property=\"article:modified_time\" content=\"2025-06-23T09:27:39+00:00\" \/>\n<meta property=\"og:image\" content=\"https:\/\/glassbottlewholesale.com\/wp-content\/uploads\/2021\/01\/glass-wine-bottle-2-1.jpg\" \/>\n\t<meta property=\"og:image:width\" content=\"1000\" \/>\n\t<meta property=\"og:image:height\" content=\"1000\" \/>\n\t<meta property=\"og:image:type\" content=\"image\/jpeg\" \/>\n<meta name=\"twitter:card\" content=\"summary_large_image\" \/>\n<meta name=\"twitter:label1\" content=\"Tiempo de lectura\" \/>\n\t<meta name=\"twitter:data1\" content=\"2 minutos\" \/>\n<script type=\"application\/ld+json\" class=\"yoast-schema-graph\">{\"@context\":\"https:\\\/\\\/schema.org\",\"@graph\":[{\"@type\":\"WebPage\",\"@id\":\"https:\\\/\\\/glassbottlewholesale.com\\\/750-ml-wine-bottles-wholesale\\\/\",\"url\":\"https:\\\/\\\/ruishengglassco.com\\\/product\\\/rs023-750ml-wine-bottles-manufacturers\",\"name\":\"750 ml Wine Bottles Wholesale | Red Wine Bottle Manufacturer-Ruisheng\",\"isPartOf\":{\"@id\":\"https:\\\/\\\/glassbottlewholesale.com\\\/#website\"},\"primaryImageOfPage\":{\"@id\":\"https:\\\/\\\/ruishengglassco.com\\\/product\\\/rs023-750ml-wine-bottles-manufacturers#primaryimage\"},\"image\":{\"@id\":\"https:\\\/\\\/ruishengglassco.com\\\/product\\\/rs023-750ml-wine-bottles-manufacturers#primaryimage\"},\"thumbnailUrl\":\"https:\\\/\\\/glassbottlewholesale.com\\\/wp-content\\\/uploads\\\/2021\\\/01\\\/glass-wine-bottle-2-1.jpg\",\"datePublished\":\"2021-02-01T06:40:14+00:00\",\"dateModified\":\"2025-06-23T09:27:39+00:00\",\"description\":\"Ruisheng, a professional glass bottle manufacturer&supplier, provide 750 ml Wine Bottles Wholesale for wine company, brand, and etc.\",\"breadcrumb\":{\"@id\":\"https:\\\/\\\/ruishengglassco.com\\\/product\\\/rs023-750ml-wine-bottles-manufacturers#breadcrumb\"},\"inLanguage\":\"es\",\"potentialAction\":[{\"@type\":\"ReadAction\",\"target\":[\"https:\\\/\\\/ruishengglassco.com\\\/product\\\/rs023-750ml-wine-bottles-manufacturers\"]}]},{\"@type\":\"ImageObject\",\"inLanguage\":\"es\",\"@id\":\"https:\\\/\\\/ruishengglassco.com\\\/product\\\/rs023-750ml-wine-bottles-manufacturers#primaryimage\",\"url\":\"https:\\\/\\\/glassbottlewholesale.com\\\/wp-content\\\/uploads\\\/2021\\\/01\\\/glass-wine-bottle-2-1.jpg\",\"contentUrl\":\"https:\\\/\\\/glassbottlewholesale.com\\\/wp-content\\\/uploads\\\/2021\\\/01\\\/glass-wine-bottle-2-1.jpg\",\"width\":1000,\"height\":1000,\"caption\":\"ruisheng wine bottle wholesale\"},{\"@type\":\"BreadcrumbList\",\"@id\":\"https:\\\/\\\/ruishengglassco.com\\\/product\\\/rs023-750ml-wine-bottles-manufacturers#breadcrumb\",\"itemListElement\":[{\"@type\":\"ListItem\",\"position\":1,\"name\":\"Home\",\"item\":\"https:\\\/\\\/glassbottlewholesale.com\\\/\"},{\"@type\":\"ListItem\",\"position\":2,\"name\":\"Products\",\"item\":\"https:\\\/\\\/glassbottlewholesale.com\\\/shop\\\/\"},{\"@type\":\"ListItem\",\"position\":3,\"name\":\"RS023 750 ml Wine Bottles Wholesale\"}]},{\"@type\":\"WebSite\",\"@id\":\"https:\\\/\\\/glassbottlewholesale.com\\\/#website\",\"url\":\"https:\\\/\\\/glassbottlewholesale.com\\\/\",\"name\":\"Glass Bottle Wholesale\",\"description\":\"\",\"publisher\":{\"@id\":\"https:\\\/\\\/glassbottlewholesale.com\\\/#organization\"},\"potentialAction\":[{\"@type\":\"SearchAction\",\"target\":{\"@type\":\"EntryPoint\",\"urlTemplate\":\"https:\\\/\\\/glassbottlewholesale.com\\\/?s={search_term_string}\"},\"query-input\":{\"@type\":\"PropertyValueSpecification\",\"valueRequired\":true,\"valueName\":\"search_term_string\"}}],\"inLanguage\":\"es\"},{\"@type\":\"Organization\",\"@id\":\"https:\\\/\\\/glassbottlewholesale.com\\\/#organization\",\"name\":\"Glass Bottle Wholesale\",\"url\":\"https:\\\/\\\/glassbottlewholesale.com\\\/\",\"logo\":{\"@type\":\"ImageObject\",\"inLanguage\":\"es\",\"@id\":\"https:\\\/\\\/glassbottlewholesale.com\\\/#\\\/schema\\\/logo\\\/image\\\/\",\"url\":\"https:\\\/\\\/glassbottlewholesale.com\\\/wp-content\\\/uploads\\\/2023\\\/12\\\/ruisheng-logo.webp\",\"contentUrl\":\"https:\\\/\\\/glassbottlewholesale.com\\\/wp-content\\\/uploads\\\/2023\\\/12\\\/ruisheng-logo.webp\",\"width\":400,\"height\":233,\"caption\":\"Glass Bottle Wholesale\"},\"image\":{\"@id\":\"https:\\\/\\\/glassbottlewholesale.com\\\/#\\\/schema\\\/logo\\\/image\\\/\"}}]}<\/script>\n<!-- \/ Yoast SEO plugin. -->","yoast_head_json":{"title":"Botellas de Vino de 750 ml al por mayor | Fabricante de Botellas de Vino Tinto-Ruisheng","description":"Ruisheng, un fabricante profesional de botellas de vidrio y proveedor, proporcionar 750 ml botellas de vino al por mayor para la empresa de vino, marca, y etc.","robots":{"index":"index","follow":"follow","max-snippet":"max-snippet:-1","max-image-preview":"max-image-preview:large","max-video-preview":"max-video-preview:-1"},"canonical":"https:\/\/ruishengglassco.com\/product\/rs023-750ml-wine-bottles-manufacturers","og_locale":"es_ES","og_type":"article","og_title":"750 ml Wine Bottles Wholesale | Red Wine Bottle Manufacturer-Ruisheng","og_description":"Ruisheng, a professional glass bottle manufacturer&supplier, provide 750 ml Wine Bottles Wholesale for wine company, brand, and etc.","og_url":"https:\/\/ruishengglassco.com\/product\/rs023-750ml-wine-bottles-manufacturers","og_site_name":"Glass Bottle Wholesale","article_modified_time":"2025-06-23T09:27:39+00:00","og_image":[{"width":1000,"height":1000,"url":"https:\/\/glassbottlewholesale.com\/wp-content\/uploads\/2021\/01\/glass-wine-bottle-2-1.jpg","type":"image\/jpeg"}],"twitter_card":"summary_large_image","twitter_misc":{"Tiempo de lectura":"2 minutos"},"schema":{"@context":"https:\/\/schema.org","@graph":[{"@type":"WebPage","@id":"https:\/\/glassbottlewholesale.com\/750-ml-wine-bottles-wholesale\/","url":"https:\/\/ruishengglassco.com\/product\/rs023-750ml-wine-bottles-manufacturers","name":"Botellas de Vino de 750 ml al por mayor | Fabricante de Botellas de Vino Tinto-Ruisheng","isPartOf":{"@id":"https:\/\/glassbottlewholesale.com\/#website"},"primaryImageOfPage":{"@id":"https:\/\/ruishengglassco.com\/product\/rs023-750ml-wine-bottles-manufacturers#primaryimage"},"image":{"@id":"https:\/\/ruishengglassco.com\/product\/rs023-750ml-wine-bottles-manufacturers#primaryimage"},"thumbnailUrl":"https:\/\/glassbottlewholesale.com\/wp-content\/uploads\/2021\/01\/glass-wine-bottle-2-1.jpg","datePublished":"2021-02-01T06:40:14+00:00","dateModified":"2025-06-23T09:27:39+00:00","description":"Ruisheng, un fabricante profesional de botellas de vidrio y proveedor, proporcionar 750 ml botellas de vino al por mayor para la empresa de vino, marca, y etc.","breadcrumb":{"@id":"https:\/\/ruishengglassco.com\/product\/rs023-750ml-wine-bottles-manufacturers#breadcrumb"},"inLanguage":"es","potentialAction":[{"@type":"ReadAction","target":["https:\/\/ruishengglassco.com\/product\/rs023-750ml-wine-bottles-manufacturers"]}]},{"@type":"ImageObject","inLanguage":"es","@id":"https:\/\/ruishengglassco.com\/product\/rs023-750ml-wine-bottles-manufacturers#primaryimage","url":"https:\/\/glassbottlewholesale.com\/wp-content\/uploads\/2021\/01\/glass-wine-bottle-2-1.jpg","contentUrl":"https:\/\/glassbottlewholesale.com\/wp-content\/uploads\/2021\/01\/glass-wine-bottle-2-1.jpg","width":1000,"height":1000,"caption":"ruisheng wine bottle wholesale"},{"@type":"BreadcrumbList","@id":"https:\/\/ruishengglassco.com\/product\/rs023-750ml-wine-bottles-manufacturers#breadcrumb","itemListElement":[{"@type":"ListItem","position":1,"name":"Home","item":"https:\/\/glassbottlewholesale.com\/"},{"@type":"ListItem","position":2,"name":"Products","item":"https:\/\/glassbottlewholesale.com\/shop\/"},{"@type":"ListItem","position":3,"name":"RS023 750 ml Wine Bottles Wholesale"}]},{"@type":"WebSite","@id":"https:\/\/glassbottlewholesale.com\/#website","url":"https:\/\/glassbottlewholesale.com\/","name":"Glass Bottle Wholesale","description":"","publisher":{"@id":"https:\/\/glassbottlewholesale.com\/#organization"},"potentialAction":[{"@type":"SearchAction","target":{"@type":"EntryPoint","urlTemplate":"https:\/\/glassbottlewholesale.com\/?s={search_term_string}"},"query-input":{"@type":"PropertyValueSpecification","valueRequired":true,"valueName":"search_term_string"}}],"inLanguage":"es"},{"@type":"Organization","@id":"https:\/\/glassbottlewholesale.com\/#organization","name":"Glass Bottle Wholesale","url":"https:\/\/glassbottlewholesale.com\/","logo":{"@type":"ImageObject","inLanguage":"es","@id":"https:\/\/glassbottlewholesale.com\/#\/schema\/logo\/image\/","url":"https:\/\/glassbottlewholesale.com\/wp-content\/uploads\/2023\/12\/ruisheng-logo.webp","contentUrl":"https:\/\/glassbottlewholesale.com\/wp-content\/uploads\/2023\/12\/ruisheng-logo.webp","width":400,"height":233,"caption":"Glass Bottle Wholesale"},"image":{"@id":"https:\/\/glassbottlewholesale.com\/#\/schema\/logo\/image\/"}}]}},"_links":{"self":[{"href":"https:\/\/glassbottlewholesale.com\/es\/wp-json\/wp\/v2\/product\/2465","targetHints":{"allow":["GET"]}}],"collection":[{"href":"https:\/\/glassbottlewholesale.com\/es\/wp-json\/wp\/v2\/product"}],"about":[{"href":"https:\/\/glassbottlewholesale.com\/es\/wp-json\/wp\/v2\/types\/product"}],"replies":[{"embeddable":true,"href":"https:\/\/glassbottlewholesale.com\/es\/wp-json\/wp\/v2\/comments?post=2465"}],"wp:featuredmedia":[{"embeddable":true,"href":"https:\/\/glassbottlewholesale.com\/es\/wp-json\/wp\/v2\/media\/2456"}],"wp:attachment":[{"href":"https:\/\/glassbottlewholesale.com\/es\/wp-json\/wp\/v2\/media?parent=2465"}],"wp:term":[{"taxonomy":"product_brand","embeddable":true,"href":"https:\/\/glassbottlewholesale.com\/es\/wp-json\/wp\/v2\/product_brand?post=2465"},{"taxonomy":"product_cat","embeddable":true,"href":"https:\/\/glassbottlewholesale.com\/es\/wp-json\/wp\/v2\/product_cat?post=2465"},{"taxonomy":"product_tag","embeddable":true,"href":"https:\/\/glassbottlewholesale.com\/es\/wp-json\/wp\/v2\/product_tag?post=2465"}],"curies":[{"name":"wp","href":"https:\/\/api.w.org\/{rel}","templated":true}]}}