{"id":2467,"date":"2021-02-20T09:23:16","date_gmt":"2021-02-20T09:23:16","guid":{"rendered":"https:\/\/glassbottlewholesale.com\/?post_type=product&#038;p=2467"},"modified":"2025-06-23T09:24:32","modified_gmt":"2025-06-23T09:24:32","slug":"botella-de-cristal-personalizada-de-750-ml-para-whisky-xo-brandy","status":"publish","type":"product","link":"https:\/\/glassbottlewholesale.com\/es\/botella-de-cristal-personalizada-de-750-ml-para-whisky-xo-brandy\/","title":{"rendered":"RS022 Botella de vidrio personalizada de 750 ml para XO\/Brandy\/Whisky"},"content":{"rendered":"<h2>Informaci\u00f3n detallada sobre Botella de vidrio de 750 ml personalizada para XO\/Brandy\/Whisky<\/h2>\n<p>Esta serie de botellas de vidrio personalizadas de 750 ml se utiliza principalmente para XO\/Brandy\/Whisky. Botella de cristal personalizada dise\u00f1ada por el dise\u00f1ador jefe Giugiaro de la Real Academia Belga. El dise\u00f1o \u00fanico hace que la gente que la vea se sienta atra\u00edda por ella a la primera.<\/p>\n<p>La botella de vidrio personalizada de 750 ml se fabrica mediante el proceso automatizado de producci\u00f3n de botellas de vidrio m\u00e1s avanzado del mundo. Se fabric\u00f3 con material de vidrio de alto pedernal para demostrar el temperamento noble de la marca.<\/p>\n<p>Como fabricante y f\u00e1brica profesional de botellas de licor, nuestra empresa tambi\u00e9n ofrece servicio OEM\/ODM para marcas y empresas de licores. Ofrecemos a los clientes moldes de botellas de vidrio gratis para elegir. Tambi\u00e9n se puede producir de acuerdo con los dibujos proporcionados por el usuario.<\/p>\n<h4>Preocupaciones del cliente<\/h4>\n<ol>\n<li><strong>MOQ de la botella de vidrio personalizada de 750 ml\u00a0<\/strong><\/li>\n<\/ol>\n<p>Como fabricante profesional de botellas de whisky, s\u00f3lo ofrecemos el servicio de venta al por mayor de botellas de vidrio de 750ml personalizadas, no al por menor. En vista de nuestra base de clientes, embalaje, env\u00edo, y otros factores, nuestra <strong>La cantidad m\u00ednima de pedido es\u00a0<span class=\"mceItemHidden\">10000 PCS (alrededor de 20000 unidades)<\/span><\/strong><\/p>\n<p><strong>2. Acerca del embalaje<\/strong><\/p>\n<p>Como todos sabemos, las botellas de vidrio son productos fr\u00e1giles, por lo que debemos prestar atenci\u00f3n al embalaje. Utilizamos el embalaje seguro, como el embalaje a granel de la caja interna\/caja del color\/caja blanca\/caja de la exhibici\u00f3n\/pallet est\u00e1ndar de la exportaci\u00f3n en la petici\u00f3n del cliente.<\/p>\n<p><strong>3. Acerca del tiempo de entrega<\/strong><\/p>\n<ul>\n<li>Para stock listo: 7 d\u00edas despu\u00e9s de recibir el pago.<\/li>\n<li>Para productos agotados: 25 ~ 40 d\u00edas despu\u00e9s de recibir el pago.<\/li>\n<\/ul>","protected":false},"excerpt":{"rendered":"<p>Botella de vidrio personalizada de 750ml para XO, Brandy, Whisky de China Top Liquor Bottle Manufacturer- Ruisheng. Ruisheng, un fabricante profesional de botellas de vidrio con m\u00e1s de 10 a\u00f1os de experiencia en el dise\u00f1o y fabricaci\u00f3n de botellas de vidrio. Nuestra botella de vidrio de 750ml al por mayor est\u00e1 dise\u00f1ada principalmente para el envasado de licor, whisky, Brandy, XO, Co\u00f1ac, Tequila.<\/p>\n<p>Informaci\u00f3n de pedido sobre Botella de vidrio de 750 ml personalizada para XO, Brandy, Whisky<\/p>\n<ul>\n<li><strong>MOQ: 10000 PCS (Alrededor de 20000pcs)<\/strong><\/li>\n<li>Capacidad: 750 ml (servicio personalizado disponible)<\/li>\n<li>Color: Transparente<\/li>\n<li>Servicio personalizado ofrecido: Tama\u00f1o, Capacidad, Patr\u00f3n, Color, Tap\u00f3n, Logotipo, Impresi\u00f3n, etc.<\/li>\n<\/ul>\n<p>Si desea una botella de vidrio personalizada para su marca, no dude en <a href=\"https:\/\/ruishengglassco.com\/contact\" target=\"_blank\" rel=\"noopener\">Cont\u00e1ctenos.<\/a><\/p>","protected":false},"featured_media":0,"comment_status":"open","ping_status":"closed","template":"","meta":[],"product_brand":[],"product_cat":[52,68,61],"product_tag":[],"class_list":{"0":"post-2467","1":"product","2":"type-product","3":"status-publish","5":"product_cat-750ml-glass-bottle","6":"product_cat-whiskey-bottle","7":"product_cat-xo-brandy-bottle","8":"entry","9":"no-media","11":"first","12":"instock","13":"shipping-taxable","14":"product-type-simple"},"yoast_head":"<!-- This site is optimized with the Yoast SEO plugin v27.3 - https:\/\/yoast.com\/product\/yoast-seo-wordpress\/ -->\n<title>RS022 Custom 750ml Glass Bottle For XO\/Brandy\/Whisky - Glass Bottle Wholesale<\/title>\n<meta name=\"description\" content=\"Custom 750ml Glass Bottle For XO\/Brandy\/Whisky From China Top Glass Bottle Manufacturer. Factory Outlet&amp;Free Sample Offered.\" \/>\n<meta name=\"robots\" content=\"index, follow, max-snippet:-1, max-image-preview:large, max-video-preview:-1\" \/>\n<link rel=\"canonical\" href=\"https:\/\/ruishengglassco.com\/product\/rs022-custom-750ml-glass-bottle-for-xo-brandy-whisky\" \/>\n<meta property=\"og:locale\" content=\"es_ES\" \/>\n<meta property=\"og:type\" content=\"article\" \/>\n<meta property=\"og:title\" content=\"RS022 Custom 750ml Glass Bottle For XO\/Brandy\/Whisky - Glass Bottle Wholesale\" \/>\n<meta property=\"og:description\" content=\"Custom 750ml Glass Bottle For XO\/Brandy\/Whisky From China Top Glass Bottle Manufacturer. Factory Outlet&amp;Free Sample Offered.\" \/>\n<meta property=\"og:url\" content=\"https:\/\/ruishengglassco.com\/product\/rs022-custom-750ml-glass-bottle-for-xo-brandy-whisky\" \/>\n<meta property=\"og:site_name\" content=\"Glass Bottle Wholesale\" \/>\n<meta property=\"article:modified_time\" content=\"2025-06-23T09:24:32+00:00\" \/>\n<meta name=\"twitter:card\" content=\"summary_large_image\" \/>\n<meta name=\"twitter:label1\" content=\"Tiempo de lectura\" \/>\n\t<meta name=\"twitter:data1\" content=\"2 minutos\" \/>\n<script type=\"application\/ld+json\" class=\"yoast-schema-graph\">{\"@context\":\"https:\\\/\\\/schema.org\",\"@graph\":[{\"@type\":\"WebPage\",\"@id\":\"https:\\\/\\\/glassbottlewholesale.com\\\/custom-750ml-glass-bottle-for-xo-brandy-whisky\\\/\",\"url\":\"https:\\\/\\\/ruishengglassco.com\\\/product\\\/rs022-custom-750ml-glass-bottle-for-xo-brandy-whisky\",\"name\":\"RS022 Custom 750ml Glass Bottle For XO\\\/Brandy\\\/Whisky - Glass Bottle Wholesale\",\"isPartOf\":{\"@id\":\"https:\\\/\\\/glassbottlewholesale.com\\\/#website\"},\"datePublished\":\"2021-02-20T09:23:16+00:00\",\"dateModified\":\"2025-06-23T09:24:32+00:00\",\"description\":\"Custom 750ml Glass Bottle For XO\\\/Brandy\\\/Whisky From China Top Glass Bottle Manufacturer. Factory Outlet&Free Sample Offered.\",\"breadcrumb\":{\"@id\":\"https:\\\/\\\/ruishengglassco.com\\\/product\\\/rs022-custom-750ml-glass-bottle-for-xo-brandy-whisky#breadcrumb\"},\"inLanguage\":\"es\",\"potentialAction\":[{\"@type\":\"ReadAction\",\"target\":[\"https:\\\/\\\/ruishengglassco.com\\\/product\\\/rs022-custom-750ml-glass-bottle-for-xo-brandy-whisky\"]}]},{\"@type\":\"BreadcrumbList\",\"@id\":\"https:\\\/\\\/ruishengglassco.com\\\/product\\\/rs022-custom-750ml-glass-bottle-for-xo-brandy-whisky#breadcrumb\",\"itemListElement\":[{\"@type\":\"ListItem\",\"position\":1,\"name\":\"Home\",\"item\":\"https:\\\/\\\/glassbottlewholesale.com\\\/\"},{\"@type\":\"ListItem\",\"position\":2,\"name\":\"Products\",\"item\":\"https:\\\/\\\/glassbottlewholesale.com\\\/shop\\\/\"},{\"@type\":\"ListItem\",\"position\":3,\"name\":\"RS022 Custom 750ml Glass Bottle For XO\\\/Brandy\\\/Whisky\"}]},{\"@type\":\"WebSite\",\"@id\":\"https:\\\/\\\/glassbottlewholesale.com\\\/#website\",\"url\":\"https:\\\/\\\/glassbottlewholesale.com\\\/\",\"name\":\"Glass Bottle Wholesale\",\"description\":\"\",\"publisher\":{\"@id\":\"https:\\\/\\\/glassbottlewholesale.com\\\/#organization\"},\"potentialAction\":[{\"@type\":\"SearchAction\",\"target\":{\"@type\":\"EntryPoint\",\"urlTemplate\":\"https:\\\/\\\/glassbottlewholesale.com\\\/?s={search_term_string}\"},\"query-input\":{\"@type\":\"PropertyValueSpecification\",\"valueRequired\":true,\"valueName\":\"search_term_string\"}}],\"inLanguage\":\"es\"},{\"@type\":\"Organization\",\"@id\":\"https:\\\/\\\/glassbottlewholesale.com\\\/#organization\",\"name\":\"Glass Bottle Wholesale\",\"url\":\"https:\\\/\\\/glassbottlewholesale.com\\\/\",\"logo\":{\"@type\":\"ImageObject\",\"inLanguage\":\"es\",\"@id\":\"https:\\\/\\\/glassbottlewholesale.com\\\/#\\\/schema\\\/logo\\\/image\\\/\",\"url\":\"https:\\\/\\\/glassbottlewholesale.com\\\/wp-content\\\/uploads\\\/2023\\\/12\\\/ruisheng-logo.webp\",\"contentUrl\":\"https:\\\/\\\/glassbottlewholesale.com\\\/wp-content\\\/uploads\\\/2023\\\/12\\\/ruisheng-logo.webp\",\"width\":400,\"height\":233,\"caption\":\"Glass Bottle Wholesale\"},\"image\":{\"@id\":\"https:\\\/\\\/glassbottlewholesale.com\\\/#\\\/schema\\\/logo\\\/image\\\/\"}}]}<\/script>\n<!-- \/ Yoast SEO plugin. -->","yoast_head_json":{"title":"RS022 Custom 750ml Glass Bottle For XO\/Brandy\/Whisky - Glass Bottle Wholesale","description":"Botella de cristal de encargo 750ml para XO\/Brandy\/Whisky del fabricante de cristal superior de la botella de China. Salida de f\u00e1brica y muestra gratis ofrecido.","robots":{"index":"index","follow":"follow","max-snippet":"max-snippet:-1","max-image-preview":"max-image-preview:large","max-video-preview":"max-video-preview:-1"},"canonical":"https:\/\/ruishengglassco.com\/product\/rs022-custom-750ml-glass-bottle-for-xo-brandy-whisky","og_locale":"es_ES","og_type":"article","og_title":"RS022 Custom 750ml Glass Bottle For XO\/Brandy\/Whisky - Glass Bottle Wholesale","og_description":"Custom 750ml Glass Bottle For XO\/Brandy\/Whisky From China Top Glass Bottle Manufacturer. Factory Outlet&Free Sample Offered.","og_url":"https:\/\/ruishengglassco.com\/product\/rs022-custom-750ml-glass-bottle-for-xo-brandy-whisky","og_site_name":"Glass Bottle Wholesale","article_modified_time":"2025-06-23T09:24:32+00:00","twitter_card":"summary_large_image","twitter_misc":{"Tiempo de lectura":"2 minutos"},"schema":{"@context":"https:\/\/schema.org","@graph":[{"@type":"WebPage","@id":"https:\/\/glassbottlewholesale.com\/custom-750ml-glass-bottle-for-xo-brandy-whisky\/","url":"https:\/\/ruishengglassco.com\/product\/rs022-custom-750ml-glass-bottle-for-xo-brandy-whisky","name":"RS022 Custom 750ml Glass Bottle For XO\/Brandy\/Whisky - Glass Bottle Wholesale","isPartOf":{"@id":"https:\/\/glassbottlewholesale.com\/#website"},"datePublished":"2021-02-20T09:23:16+00:00","dateModified":"2025-06-23T09:24:32+00:00","description":"Botella de cristal de encargo 750ml para XO\/Brandy\/Whisky del fabricante de cristal superior de la botella de China. Salida de f\u00e1brica y muestra gratis ofrecido.","breadcrumb":{"@id":"https:\/\/ruishengglassco.com\/product\/rs022-custom-750ml-glass-bottle-for-xo-brandy-whisky#breadcrumb"},"inLanguage":"es","potentialAction":[{"@type":"ReadAction","target":["https:\/\/ruishengglassco.com\/product\/rs022-custom-750ml-glass-bottle-for-xo-brandy-whisky"]}]},{"@type":"BreadcrumbList","@id":"https:\/\/ruishengglassco.com\/product\/rs022-custom-750ml-glass-bottle-for-xo-brandy-whisky#breadcrumb","itemListElement":[{"@type":"ListItem","position":1,"name":"Home","item":"https:\/\/glassbottlewholesale.com\/"},{"@type":"ListItem","position":2,"name":"Products","item":"https:\/\/glassbottlewholesale.com\/shop\/"},{"@type":"ListItem","position":3,"name":"RS022 Custom 750ml Glass Bottle For XO\/Brandy\/Whisky"}]},{"@type":"WebSite","@id":"https:\/\/glassbottlewholesale.com\/#website","url":"https:\/\/glassbottlewholesale.com\/","name":"Glass Bottle Wholesale","description":"","publisher":{"@id":"https:\/\/glassbottlewholesale.com\/#organization"},"potentialAction":[{"@type":"SearchAction","target":{"@type":"EntryPoint","urlTemplate":"https:\/\/glassbottlewholesale.com\/?s={search_term_string}"},"query-input":{"@type":"PropertyValueSpecification","valueRequired":true,"valueName":"search_term_string"}}],"inLanguage":"es"},{"@type":"Organization","@id":"https:\/\/glassbottlewholesale.com\/#organization","name":"Glass Bottle Wholesale","url":"https:\/\/glassbottlewholesale.com\/","logo":{"@type":"ImageObject","inLanguage":"es","@id":"https:\/\/glassbottlewholesale.com\/#\/schema\/logo\/image\/","url":"https:\/\/glassbottlewholesale.com\/wp-content\/uploads\/2023\/12\/ruisheng-logo.webp","contentUrl":"https:\/\/glassbottlewholesale.com\/wp-content\/uploads\/2023\/12\/ruisheng-logo.webp","width":400,"height":233,"caption":"Glass Bottle Wholesale"},"image":{"@id":"https:\/\/glassbottlewholesale.com\/#\/schema\/logo\/image\/"}}]}},"_links":{"self":[{"href":"https:\/\/glassbottlewholesale.com\/es\/wp-json\/wp\/v2\/product\/2467","targetHints":{"allow":["GET"]}}],"collection":[{"href":"https:\/\/glassbottlewholesale.com\/es\/wp-json\/wp\/v2\/product"}],"about":[{"href":"https:\/\/glassbottlewholesale.com\/es\/wp-json\/wp\/v2\/types\/product"}],"replies":[{"embeddable":true,"href":"https:\/\/glassbottlewholesale.com\/es\/wp-json\/wp\/v2\/comments?post=2467"}],"wp:attachment":[{"href":"https:\/\/glassbottlewholesale.com\/es\/wp-json\/wp\/v2\/media?parent=2467"}],"wp:term":[{"taxonomy":"product_brand","embeddable":true,"href":"https:\/\/glassbottlewholesale.com\/es\/wp-json\/wp\/v2\/product_brand?post=2467"},{"taxonomy":"product_cat","embeddable":true,"href":"https:\/\/glassbottlewholesale.com\/es\/wp-json\/wp\/v2\/product_cat?post=2467"},{"taxonomy":"product_tag","embeddable":true,"href":"https:\/\/glassbottlewholesale.com\/es\/wp-json\/wp\/v2\/product_tag?post=2467"}],"curies":[{"name":"wp","href":"https:\/\/api.w.org\/{rel}","templated":true}]}}