{"id":2481,"date":"2021-03-01T08:50:51","date_gmt":"2021-03-01T08:50:51","guid":{"rendered":"https:\/\/glassbottlewholesale.com\/?post_type=product&#038;p=2481"},"modified":"2025-06-23T09:22:16","modified_gmt":"2025-06-23T09:22:16","slug":"venta-al-por-mayor-botellas-de-licor-750ml-700ml-para-ron-ginebra-whisky","status":"publish","type":"product","link":"https:\/\/glassbottlewholesale.com\/es\/venta-al-por-mayor-botellas-de-licor-750ml-700ml-para-ron-ginebra-whisky\/","title":{"rendered":"RS021: Botellas de licor al por mayor de 750 ml\/700 ml para ron\/ginebra\/whisky"},"content":{"rendered":"<h2>Una informaci\u00f3n detallada sobre la venta al por mayor de botellas de licor 750ml\/700ml para el ron \/ ginebra \/ whisky<\/h2>\n<p>Esta serie de botellas de licor al por mayor de 750ml adopta material de vidrio de alto pedernal, adecuado para el envasado de licor, whisky, brandy, ron, ginebra y otros licores.<\/p>\n<p>Como empresa profesional de fabricaci\u00f3n de botellas de vidrio, Ruisheng ofrece servicios OEM y ODM para nuestros clientes. Puede botellas de licor personalizado Logos y etiquetas para su marca.<\/p>\n<p>En Ruisheng, esperamos que pueda encontrar los estilos y formas m\u00e1s elegantes de botellas de vidrio para satisfacer sus necesidades de fabricaci\u00f3n a gran escala. Puede ponerse en contacto directamente con nuestro departamento de ventas a trav\u00e9s de <a href=\"https:\/\/ruishengglassco.com\/contact\" target=\"_blank\" rel=\"noopener\">haciendo clic aqu\u00ed <\/a>y comunique a nuestros comerciales lo que est\u00e1 buscando.<\/p>\n<ul>\n<li>Nombre del modelo: Botella de licor al por mayor 750ml<\/li>\n<li>N\u00famero de modelo: Ruisheng021<\/li>\n<li>Nombre de la marca: RUISHENG<\/li>\n<li><strong>Cantidad m\u00ednima de pedido: 10000 unidades<\/strong><\/li>\n<li>Capacidad: 500 ml\/700 ml\/750 ml\/personalizada<\/li>\n<li>Manejo de superficies: estampado en caliente, escarcha, calcoman\u00eda, relieve, serigraf\u00eda<\/li>\n<li>Material: vidrio s\u00faper pedernal<\/li>\n<li>Material del collar: botella de vidrio transparente<\/li>\n<li>Tipo de sellado: tap\u00f3n de rosca, corcho, tap\u00f3n de vidrio, tap\u00f3n giratorio<\/li>\n<li>Uso: Botella de Ron\/Ginebra\/Whisky<\/li>\n<li>Lugar de origen: Shandong, China<\/li>\n<li>Paquete: cajas de cart\u00f3n y paletas de exportaci\u00f3n est\u00e1ndar<\/li>\n<li>Servicio: Servicio OEM\/ODM<\/li>\n<\/ul>\n<p>&nbsp;<\/p>","protected":false},"excerpt":{"rendered":"<p>Ruisheng, una de las principales empresas de fabricaci\u00f3n de botellas de vidrio en China, ofrece botellas de licor al por mayor de 750ml para el chateau, marca de licor, y las empresas.  Con m\u00e1s de 10 a\u00f1os de experiencia en la fabricaci\u00f3n de botellas de licor de vidrio, nuestra botella de licor de vidrio gana el reconocimiento del mercado y la exportaci\u00f3n a los EE.UU., Canad\u00e1, Francia, Gran Breta\u00f1a, Jap\u00f3n, Corea del Sur, y m\u00e1s de 20 pa\u00edses y regiones.<\/p>\n<h4>Aqu\u00ed est\u00e1 la informaci\u00f3n de la orden Acerca de botellas de licor al por mayor 750ml<\/h4>\n<ul>\n<li>N\u00ba:Ruisheng-1008<\/li>\n<li><strong>Cantidad m\u00ednima de pedido: 10000 unidades.<\/strong><\/li>\n<li>Material: vidrio s\u00faper pedernal<\/li>\n<li><strong>Servicio OEM\/ODM ofrecido<\/strong><\/li>\n<li>Tipo de sellado: tapa de corcho\/tapa de rosca<\/li>\n<li>Especificaci\u00f3n: 50ml-1500ml<\/li>\n<li>M\u00e9todo de embalaje: embalaje est\u00e1ndar de exportaci\u00f3n o embalaje personalizado<\/li>\n<li>Plazo de entrega : En 20-30 d\u00edas seg\u00fan el tama\u00f1o y la cantidad requeridos.<\/li>\n<\/ul>\n<p>Si desea obtener el precio al por mayor botellas de licor, por favor haga clic aqu\u00ed para <a href=\"https:\/\/ruishengglassco.com\/contact\" target=\"_blank\" rel=\"noopener\">Cont\u00e1ctenos.<\/a><\/p>","protected":false},"featured_media":4490,"comment_status":"open","ping_status":"closed","template":"","meta":[],"product_brand":[],"product_cat":[51,52,64,63,65],"product_tag":[],"class_list":{"0":"post-2481","1":"product","2":"type-product","3":"status-publish","4":"has-post-thumbnail","6":"product_cat-700ml-glass-bottle","7":"product_cat-750ml-glass-bottle","8":"product_cat-gin-bottle","9":"product_cat-liquor-bottle","10":"product_cat-rum-bottle","11":"entry","12":"has-media","14":"first","15":"instock","16":"shipping-taxable","17":"product-type-simple"},"yoast_head":"<!-- This site is optimized with the Yoast SEO plugin v27.3 - https:\/\/yoast.com\/product\/yoast-seo-wordpress\/ -->\n<title>Wholesale Liquor Bottles 750ml | Glass Bottle Manufacturing Companies<\/title>\n<meta name=\"description\" content=\"Ruisheng, One of the leading glass bottle manufacturing companies in China, provide wholesale liquor bottles 750ml in cheap price.\" \/>\n<meta name=\"robots\" content=\"index, follow, max-snippet:-1, max-image-preview:large, max-video-preview:-1\" \/>\n<link rel=\"canonical\" href=\"https:\/\/ruishengglassco.com\/product\/rs021-wholesale-liquor-bottles-750ml-700ml-for-rum-gin-whiskey\" \/>\n<meta property=\"og:locale\" content=\"es_ES\" \/>\n<meta property=\"og:type\" content=\"article\" \/>\n<meta property=\"og:title\" content=\"Wholesale Liquor Bottles 750ml | Glass Bottle Manufacturing Companies\" \/>\n<meta property=\"og:description\" content=\"Ruisheng, One of the leading glass bottle manufacturing companies in China, provide wholesale liquor bottles 750ml in cheap price.\" \/>\n<meta property=\"og:url\" content=\"https:\/\/ruishengglassco.com\/product\/rs021-wholesale-liquor-bottles-750ml-700ml-for-rum-gin-whiskey\" \/>\n<meta property=\"og:site_name\" content=\"Glass Bottle Wholesale\" \/>\n<meta property=\"article:modified_time\" content=\"2025-06-23T09:22:16+00:00\" \/>\n<meta property=\"og:image\" content=\"https:\/\/glassbottlewholesale.com\/wp-content\/uploads\/2024\/01\/rs021-1.jpg\" \/>\n\t<meta property=\"og:image:width\" content=\"800\" \/>\n\t<meta property=\"og:image:height\" content=\"800\" \/>\n\t<meta property=\"og:image:type\" content=\"image\/jpeg\" \/>\n<meta name=\"twitter:card\" content=\"summary_large_image\" \/>\n<meta name=\"twitter:label1\" content=\"Tiempo de lectura\" \/>\n\t<meta name=\"twitter:data1\" content=\"1 minuto\" \/>\n<script type=\"application\/ld+json\" class=\"yoast-schema-graph\">{\"@context\":\"https:\\\/\\\/schema.org\",\"@graph\":[{\"@type\":\"WebPage\",\"@id\":\"https:\\\/\\\/glassbottlewholesale.com\\\/wholesale-liquor-bottles-750ml-700ml-for-rum-gin-whiskey\\\/\",\"url\":\"https:\\\/\\\/ruishengglassco.com\\\/product\\\/rs021-wholesale-liquor-bottles-750ml-700ml-for-rum-gin-whiskey\",\"name\":\"Wholesale Liquor Bottles 750ml | Glass Bottle Manufacturing Companies\",\"isPartOf\":{\"@id\":\"https:\\\/\\\/glassbottlewholesale.com\\\/#website\"},\"primaryImageOfPage\":{\"@id\":\"https:\\\/\\\/ruishengglassco.com\\\/product\\\/rs021-wholesale-liquor-bottles-750ml-700ml-for-rum-gin-whiskey#primaryimage\"},\"image\":{\"@id\":\"https:\\\/\\\/ruishengglassco.com\\\/product\\\/rs021-wholesale-liquor-bottles-750ml-700ml-for-rum-gin-whiskey#primaryimage\"},\"thumbnailUrl\":\"https:\\\/\\\/glassbottlewholesale.com\\\/wp-content\\\/uploads\\\/2024\\\/01\\\/rs021-1.jpg\",\"datePublished\":\"2021-03-01T08:50:51+00:00\",\"dateModified\":\"2025-06-23T09:22:16+00:00\",\"description\":\"Ruisheng, One of the leading glass bottle manufacturing companies in China, provide wholesale liquor bottles 750ml in cheap price.\",\"breadcrumb\":{\"@id\":\"https:\\\/\\\/ruishengglassco.com\\\/product\\\/rs021-wholesale-liquor-bottles-750ml-700ml-for-rum-gin-whiskey#breadcrumb\"},\"inLanguage\":\"es\",\"potentialAction\":[{\"@type\":\"ReadAction\",\"target\":[\"https:\\\/\\\/ruishengglassco.com\\\/product\\\/rs021-wholesale-liquor-bottles-750ml-700ml-for-rum-gin-whiskey\"]}]},{\"@type\":\"ImageObject\",\"inLanguage\":\"es\",\"@id\":\"https:\\\/\\\/ruishengglassco.com\\\/product\\\/rs021-wholesale-liquor-bottles-750ml-700ml-for-rum-gin-whiskey#primaryimage\",\"url\":\"https:\\\/\\\/glassbottlewholesale.com\\\/wp-content\\\/uploads\\\/2024\\\/01\\\/rs021-1.jpg\",\"contentUrl\":\"https:\\\/\\\/glassbottlewholesale.com\\\/wp-content\\\/uploads\\\/2024\\\/01\\\/rs021-1.jpg\",\"width\":800,\"height\":800,\"caption\":\"Wholesale Liquor Bottles 750ml\\\/700ml For Rum\\\/Gin\\\/ Whiskey\"},{\"@type\":\"BreadcrumbList\",\"@id\":\"https:\\\/\\\/ruishengglassco.com\\\/product\\\/rs021-wholesale-liquor-bottles-750ml-700ml-for-rum-gin-whiskey#breadcrumb\",\"itemListElement\":[{\"@type\":\"ListItem\",\"position\":1,\"name\":\"Home\",\"item\":\"https:\\\/\\\/glassbottlewholesale.com\\\/\"},{\"@type\":\"ListItem\",\"position\":2,\"name\":\"Products\",\"item\":\"https:\\\/\\\/glassbottlewholesale.com\\\/shop\\\/\"},{\"@type\":\"ListItem\",\"position\":3,\"name\":\"RS021: Wholesale Liquor Bottles 750ml\\\/700ml For Rum\\\/Gin\\\/ Whiskey\"}]},{\"@type\":\"WebSite\",\"@id\":\"https:\\\/\\\/glassbottlewholesale.com\\\/#website\",\"url\":\"https:\\\/\\\/glassbottlewholesale.com\\\/\",\"name\":\"Glass Bottle Wholesale\",\"description\":\"\",\"publisher\":{\"@id\":\"https:\\\/\\\/glassbottlewholesale.com\\\/#organization\"},\"potentialAction\":[{\"@type\":\"SearchAction\",\"target\":{\"@type\":\"EntryPoint\",\"urlTemplate\":\"https:\\\/\\\/glassbottlewholesale.com\\\/?s={search_term_string}\"},\"query-input\":{\"@type\":\"PropertyValueSpecification\",\"valueRequired\":true,\"valueName\":\"search_term_string\"}}],\"inLanguage\":\"es\"},{\"@type\":\"Organization\",\"@id\":\"https:\\\/\\\/glassbottlewholesale.com\\\/#organization\",\"name\":\"Glass Bottle Wholesale\",\"url\":\"https:\\\/\\\/glassbottlewholesale.com\\\/\",\"logo\":{\"@type\":\"ImageObject\",\"inLanguage\":\"es\",\"@id\":\"https:\\\/\\\/glassbottlewholesale.com\\\/#\\\/schema\\\/logo\\\/image\\\/\",\"url\":\"https:\\\/\\\/glassbottlewholesale.com\\\/wp-content\\\/uploads\\\/2023\\\/12\\\/ruisheng-logo.webp\",\"contentUrl\":\"https:\\\/\\\/glassbottlewholesale.com\\\/wp-content\\\/uploads\\\/2023\\\/12\\\/ruisheng-logo.webp\",\"width\":400,\"height\":233,\"caption\":\"Glass Bottle Wholesale\"},\"image\":{\"@id\":\"https:\\\/\\\/glassbottlewholesale.com\\\/#\\\/schema\\\/logo\\\/image\\\/\"}}]}<\/script>\n<!-- \/ Yoast SEO plugin. -->","yoast_head_json":{"title":"Mayorista Botellas de Licor 750ml | Empresas Fabricantes de Botellas de Vidrio","description":"Ruisheng, Una de las principales empresas de fabricaci\u00f3n de botellas de vidrio en China, proporcionar al por mayor botellas de licor 750ml en el precio barato.","robots":{"index":"index","follow":"follow","max-snippet":"max-snippet:-1","max-image-preview":"max-image-preview:large","max-video-preview":"max-video-preview:-1"},"canonical":"https:\/\/ruishengglassco.com\/product\/rs021-wholesale-liquor-bottles-750ml-700ml-for-rum-gin-whiskey","og_locale":"es_ES","og_type":"article","og_title":"Wholesale Liquor Bottles 750ml | Glass Bottle Manufacturing Companies","og_description":"Ruisheng, One of the leading glass bottle manufacturing companies in China, provide wholesale liquor bottles 750ml in cheap price.","og_url":"https:\/\/ruishengglassco.com\/product\/rs021-wholesale-liquor-bottles-750ml-700ml-for-rum-gin-whiskey","og_site_name":"Glass Bottle Wholesale","article_modified_time":"2025-06-23T09:22:16+00:00","og_image":[{"width":800,"height":800,"url":"https:\/\/glassbottlewholesale.com\/wp-content\/uploads\/2024\/01\/rs021-1.jpg","type":"image\/jpeg"}],"twitter_card":"summary_large_image","twitter_misc":{"Tiempo de lectura":"1 minuto"},"schema":{"@context":"https:\/\/schema.org","@graph":[{"@type":"WebPage","@id":"https:\/\/glassbottlewholesale.com\/wholesale-liquor-bottles-750ml-700ml-for-rum-gin-whiskey\/","url":"https:\/\/ruishengglassco.com\/product\/rs021-wholesale-liquor-bottles-750ml-700ml-for-rum-gin-whiskey","name":"Mayorista Botellas de Licor 750ml | Empresas Fabricantes de Botellas de Vidrio","isPartOf":{"@id":"https:\/\/glassbottlewholesale.com\/#website"},"primaryImageOfPage":{"@id":"https:\/\/ruishengglassco.com\/product\/rs021-wholesale-liquor-bottles-750ml-700ml-for-rum-gin-whiskey#primaryimage"},"image":{"@id":"https:\/\/ruishengglassco.com\/product\/rs021-wholesale-liquor-bottles-750ml-700ml-for-rum-gin-whiskey#primaryimage"},"thumbnailUrl":"https:\/\/glassbottlewholesale.com\/wp-content\/uploads\/2024\/01\/rs021-1.jpg","datePublished":"2021-03-01T08:50:51+00:00","dateModified":"2025-06-23T09:22:16+00:00","description":"Ruisheng, Una de las principales empresas de fabricaci\u00f3n de botellas de vidrio en China, proporcionar al por mayor botellas de licor 750ml en el precio barato.","breadcrumb":{"@id":"https:\/\/ruishengglassco.com\/product\/rs021-wholesale-liquor-bottles-750ml-700ml-for-rum-gin-whiskey#breadcrumb"},"inLanguage":"es","potentialAction":[{"@type":"ReadAction","target":["https:\/\/ruishengglassco.com\/product\/rs021-wholesale-liquor-bottles-750ml-700ml-for-rum-gin-whiskey"]}]},{"@type":"ImageObject","inLanguage":"es","@id":"https:\/\/ruishengglassco.com\/product\/rs021-wholesale-liquor-bottles-750ml-700ml-for-rum-gin-whiskey#primaryimage","url":"https:\/\/glassbottlewholesale.com\/wp-content\/uploads\/2024\/01\/rs021-1.jpg","contentUrl":"https:\/\/glassbottlewholesale.com\/wp-content\/uploads\/2024\/01\/rs021-1.jpg","width":800,"height":800,"caption":"Wholesale Liquor Bottles 750ml\/700ml For Rum\/Gin\/ Whiskey"},{"@type":"BreadcrumbList","@id":"https:\/\/ruishengglassco.com\/product\/rs021-wholesale-liquor-bottles-750ml-700ml-for-rum-gin-whiskey#breadcrumb","itemListElement":[{"@type":"ListItem","position":1,"name":"Home","item":"https:\/\/glassbottlewholesale.com\/"},{"@type":"ListItem","position":2,"name":"Products","item":"https:\/\/glassbottlewholesale.com\/shop\/"},{"@type":"ListItem","position":3,"name":"RS021: Wholesale Liquor Bottles 750ml\/700ml For Rum\/Gin\/ Whiskey"}]},{"@type":"WebSite","@id":"https:\/\/glassbottlewholesale.com\/#website","url":"https:\/\/glassbottlewholesale.com\/","name":"Glass Bottle Wholesale","description":"","publisher":{"@id":"https:\/\/glassbottlewholesale.com\/#organization"},"potentialAction":[{"@type":"SearchAction","target":{"@type":"EntryPoint","urlTemplate":"https:\/\/glassbottlewholesale.com\/?s={search_term_string}"},"query-input":{"@type":"PropertyValueSpecification","valueRequired":true,"valueName":"search_term_string"}}],"inLanguage":"es"},{"@type":"Organization","@id":"https:\/\/glassbottlewholesale.com\/#organization","name":"Glass Bottle Wholesale","url":"https:\/\/glassbottlewholesale.com\/","logo":{"@type":"ImageObject","inLanguage":"es","@id":"https:\/\/glassbottlewholesale.com\/#\/schema\/logo\/image\/","url":"https:\/\/glassbottlewholesale.com\/wp-content\/uploads\/2023\/12\/ruisheng-logo.webp","contentUrl":"https:\/\/glassbottlewholesale.com\/wp-content\/uploads\/2023\/12\/ruisheng-logo.webp","width":400,"height":233,"caption":"Glass Bottle Wholesale"},"image":{"@id":"https:\/\/glassbottlewholesale.com\/#\/schema\/logo\/image\/"}}]}},"_links":{"self":[{"href":"https:\/\/glassbottlewholesale.com\/es\/wp-json\/wp\/v2\/product\/2481","targetHints":{"allow":["GET"]}}],"collection":[{"href":"https:\/\/glassbottlewholesale.com\/es\/wp-json\/wp\/v2\/product"}],"about":[{"href":"https:\/\/glassbottlewholesale.com\/es\/wp-json\/wp\/v2\/types\/product"}],"replies":[{"embeddable":true,"href":"https:\/\/glassbottlewholesale.com\/es\/wp-json\/wp\/v2\/comments?post=2481"}],"wp:featuredmedia":[{"embeddable":true,"href":"https:\/\/glassbottlewholesale.com\/es\/wp-json\/wp\/v2\/media\/4490"}],"wp:attachment":[{"href":"https:\/\/glassbottlewholesale.com\/es\/wp-json\/wp\/v2\/media?parent=2481"}],"wp:term":[{"taxonomy":"product_brand","embeddable":true,"href":"https:\/\/glassbottlewholesale.com\/es\/wp-json\/wp\/v2\/product_brand?post=2481"},{"taxonomy":"product_cat","embeddable":true,"href":"https:\/\/glassbottlewholesale.com\/es\/wp-json\/wp\/v2\/product_cat?post=2481"},{"taxonomy":"product_tag","embeddable":true,"href":"https:\/\/glassbottlewholesale.com\/es\/wp-json\/wp\/v2\/product_tag?post=2481"}],"curies":[{"name":"wp","href":"https:\/\/api.w.org\/{rel}","templated":true}]}}