{"id":2495,"date":"2021-03-10T03:54:10","date_gmt":"2021-03-10T03:54:10","guid":{"rendered":"https:\/\/glassbottlewholesale.com\/?post_type=product&#038;p=2495"},"modified":"2025-06-23T09:20:15","modified_gmt":"2025-06-23T09:20:15","slug":"mayorista-750ml-ginebra-botella-azul-precio-envio-al-reino-unido","status":"publish","type":"product","link":"https:\/\/glassbottlewholesale.com\/es\/mayorista-750ml-ginebra-botella-azul-precio-envio-al-reino-unido\/","title":{"rendered":"RS020: Env\u00edo al por mayor del precio de la botella azul de ginebra de 750 ml al Reino Unido"},"content":{"rendered":"<h3>Informaci\u00f3n detallada sobre el env\u00edo al por mayor del precio de la botella azul de ginebra de 750 ml al Reino Unido<\/h3>\n<p>Esta serie de botellas de licor de vidrio est\u00e1 dise\u00f1ada principalmente para envasar ginebra seca, pero tambi\u00e9n puede usarse como botella de licor, botella de whisky, botella de vodka, botella de tequila y otros envases de bebidas. Nuestra botella azul de ginebra de 750 ml al por mayor adopta un material de vidrio sin plomo con alto contenido de pedernal que es amigable con nuestro medio ambiente, claro, hermoso y no es f\u00e1cil de romper.<\/p>\n<p>Como fabricante profesional de botellas de vidrio, aceptamos OEM\/ODM y servicio personalizado de botellas de vidrio. Si tiene alg\u00fan requisito sobre nuestras botellas de ginebra al por mayor, hable con nuestro departamento de ventas.<\/p>\n<p>&nbsp;<\/p>\n<ul>\n<li>Nombre del producto: precio al por mayor de botella azul de ginebra de 750 ml<\/li>\n<li>N\u00famero de modelo: RS020<\/li>\n<li>Nombre de la marca: RUISHENG<\/li>\n<li>Manejo de superficies: serigraf\u00eda<\/li>\n<li>Uso Industrial: Bebidas<\/li>\n<li>Material base: vidrio de pedernal de borosilicato<\/li>\n<li>Material del cuerpo: vidrio de pedernal de borosilicato<\/li>\n<li>Material del collar: vidrio de pedernal de borosilicato<\/li>\n<li>Tipo de sellado: corcho, tap\u00f3n de rosca<\/li>\n<li>Lugar de origen: Shandong, China<\/li>\n<li>Material de la botella: material blanco cristalino. Material extremadamente blanco.<\/li>\n<li>Uso: ginebra, aceite, whisky, tequila, vodka, brandy, agua, bebidas, etc.<\/li>\n<li>Color de la botella: Color azul o personalizado<\/li>\n<li>Cantidad m\u00ednima de pedido: 10000 unidades<\/li>\n<li>Caracter\u00edstica: Reciclable ecol\u00f3gico, disponible OEM\/ODM<\/li>\n<li>Forma de env\u00edo: por mar, por aire, etc.<\/li>\n<li>Servicio: Responder dentro de las 12 horas<\/li>\n<li>Capacidad de suministro: 500000 piezas\/piezas por d\u00eda<\/li>\n<li>Detalles de empaquetado: Botella de vidrio azul de vodka en aerosol de dise\u00f1o personalizado 500 ml 700 ml 750 ml botella de vidrio esmerilado para licor\/alcohol\/espirituoso con tapa<\/li>\n<\/ul>\n<ol>\n<li>Caja de exportaci\u00f3n est\u00e1ndar con divisor de cart\u00f3n.<\/li>\n<li>Embalaje est\u00e1ndar de paletas de exportaci\u00f3n<\/li>\n<li>Cart\u00f3n de exportaci\u00f3n est\u00e1ndar + embalaje de pal\u00e9s<\/li>\n<li>Embalaje en caja FCG (La caja se reutilizar\u00e1 para envasar licores en la f\u00e1brica del cliente)<\/li>\n<\/ol>","protected":false},"excerpt":{"rendered":"<p>Ruisheng, un fabricante, f\u00e1brica, proveedor y exportador profesional de botellas de vidrio, ofrece env\u00edos al por mayor a precios de botellas de ginebra azul de 750 ml al Reino Unido.<\/p>\n<p>La ginebra, tambi\u00e9n llamada Genever, Dry Gin, de Londres, se origin\u00f3 en Europa, particularmente en el sur de Francia, Flandes y los Pa\u00edses Bajos. Como origen de la ginebra, estas regiones se han convertido en mercados importantes para nuestra botella de vidrio, especialmente el Reino Unido.<\/p>\n<h2>Aqu\u00ed est\u00e1 la informaci\u00f3n del pedido sobre la botella azul de ginebra de 750 ml al por mayor<\/h2>\n<div><strong><span class=\"mceItemHidden\"><span class=\"hiddenSpellError\">\u2013<\/span><span class=\"hiddenSpellError\">Cantidad m\u00ednima de pedido<\/span>: 10000 PCS (alrededor de 10000 <span class=\"hiddenSpellError\">piezas<\/span>)<\/span><\/strong><\/div>\n<div><span class=\"mceItemHidden\"><span class=\"hiddenSpellError\">-Gratis<\/span> Muestra ofrecida. OEM\/ODM disponible<\/span><\/div>\n<div><span class=\"mceItemHidden\"><span class=\"hiddenSpellError\">-Global<\/span>\u00a0Entrega en 30 d\u00edas.<\/span><\/div>\n<div>Si desea obtener m\u00e1s informaci\u00f3n sobre la botella azul de ginebra de 750 ml al por mayor, por favor <a href=\"https:\/\/ruishengglassco.com\/contact\" target=\"_blank\" rel=\"noopener\">dejar un mensaje<\/a> para nuestro equipo de ventas.<\/div>","protected":false},"featured_media":4496,"comment_status":"open","ping_status":"closed","template":"","meta":[],"product_brand":[],"product_cat":[52,64,62],"product_tag":[],"class_list":{"0":"post-2495","1":"product","2":"type-product","3":"status-publish","4":"has-post-thumbnail","6":"product_cat-750ml-glass-bottle","7":"product_cat-gin-bottle","8":"product_cat-liqueur-bottle","9":"entry","10":"has-media","12":"first","13":"instock","14":"shipping-taxable","15":"product-type-simple"},"yoast_head":"<!-- This site is optimized with the Yoast SEO plugin v27.3 - https:\/\/yoast.com\/product\/yoast-seo-wordpress\/ -->\n<title>Wholesale 750ml Gin Blue Bottle Price Shipping To The UK<\/title>\n<meta name=\"description\" content=\"Do you want to get Wholesale 750ml Gin Blue Bottle Price Shipping To The UK? Click here to get price from Glass Bottle Manufacturer China.\" \/>\n<meta name=\"robots\" content=\"index, follow, max-snippet:-1, max-image-preview:large, max-video-preview:-1\" \/>\n<link rel=\"canonical\" href=\"https:\/\/ruishengglassco.com\/product\/rs020-wholesale-750ml-gin-blue-bottle-price-shipping-to-the-uk\" \/>\n<meta property=\"og:locale\" content=\"es_ES\" \/>\n<meta property=\"og:type\" content=\"article\" \/>\n<meta property=\"og:title\" content=\"Wholesale 750ml Gin Blue Bottle Price Shipping To The UK\" \/>\n<meta property=\"og:description\" content=\"Do you want to get Wholesale 750ml Gin Blue Bottle Price Shipping To The UK? Click here to get price from Glass Bottle Manufacturer China.\" \/>\n<meta property=\"og:url\" content=\"https:\/\/ruishengglassco.com\/product\/rs020-wholesale-750ml-gin-blue-bottle-price-shipping-to-the-uk\" \/>\n<meta property=\"og:site_name\" content=\"Glass Bottle Wholesale\" \/>\n<meta property=\"article:modified_time\" content=\"2025-06-23T09:20:15+00:00\" \/>\n<meta property=\"og:image\" content=\"https:\/\/glassbottlewholesale.com\/wp-content\/uploads\/2024\/01\/rs0201.jpg\" \/>\n\t<meta property=\"og:image:width\" content=\"800\" \/>\n\t<meta property=\"og:image:height\" content=\"800\" \/>\n\t<meta property=\"og:image:type\" content=\"image\/jpeg\" \/>\n<meta name=\"twitter:card\" content=\"summary_large_image\" \/>\n<meta name=\"twitter:label1\" content=\"Tiempo de lectura\" \/>\n\t<meta name=\"twitter:data1\" content=\"2 minutos\" \/>\n<script type=\"application\/ld+json\" class=\"yoast-schema-graph\">{\"@context\":\"https:\\\/\\\/schema.org\",\"@graph\":[{\"@type\":\"WebPage\",\"@id\":\"https:\\\/\\\/glassbottlewholesale.com\\\/wholesale-750ml-gin-blue-bottle-price-shipping-to-the-uk\\\/\",\"url\":\"https:\\\/\\\/ruishengglassco.com\\\/product\\\/rs020-wholesale-750ml-gin-blue-bottle-price-shipping-to-the-uk\",\"name\":\"Wholesale 750ml Gin Blue Bottle Price Shipping To The UK\",\"isPartOf\":{\"@id\":\"https:\\\/\\\/glassbottlewholesale.com\\\/#website\"},\"primaryImageOfPage\":{\"@id\":\"https:\\\/\\\/ruishengglassco.com\\\/product\\\/rs020-wholesale-750ml-gin-blue-bottle-price-shipping-to-the-uk#primaryimage\"},\"image\":{\"@id\":\"https:\\\/\\\/ruishengglassco.com\\\/product\\\/rs020-wholesale-750ml-gin-blue-bottle-price-shipping-to-the-uk#primaryimage\"},\"thumbnailUrl\":\"https:\\\/\\\/glassbottlewholesale.com\\\/wp-content\\\/uploads\\\/2024\\\/01\\\/rs0201.jpg\",\"datePublished\":\"2021-03-10T03:54:10+00:00\",\"dateModified\":\"2025-06-23T09:20:15+00:00\",\"description\":\"Do you want to get Wholesale 750ml Gin Blue Bottle Price Shipping To The UK? Click here to get price from Glass Bottle Manufacturer China.\",\"breadcrumb\":{\"@id\":\"https:\\\/\\\/ruishengglassco.com\\\/product\\\/rs020-wholesale-750ml-gin-blue-bottle-price-shipping-to-the-uk#breadcrumb\"},\"inLanguage\":\"es\",\"potentialAction\":[{\"@type\":\"ReadAction\",\"target\":[\"https:\\\/\\\/ruishengglassco.com\\\/product\\\/rs020-wholesale-750ml-gin-blue-bottle-price-shipping-to-the-uk\"]}]},{\"@type\":\"ImageObject\",\"inLanguage\":\"es\",\"@id\":\"https:\\\/\\\/ruishengglassco.com\\\/product\\\/rs020-wholesale-750ml-gin-blue-bottle-price-shipping-to-the-uk#primaryimage\",\"url\":\"https:\\\/\\\/glassbottlewholesale.com\\\/wp-content\\\/uploads\\\/2024\\\/01\\\/rs0201.jpg\",\"contentUrl\":\"https:\\\/\\\/glassbottlewholesale.com\\\/wp-content\\\/uploads\\\/2024\\\/01\\\/rs0201.jpg\",\"width\":800,\"height\":800,\"caption\":\"RS020: Wholesale 750ml Gin Blue Bottle Price Shipping To The UK\"},{\"@type\":\"BreadcrumbList\",\"@id\":\"https:\\\/\\\/ruishengglassco.com\\\/product\\\/rs020-wholesale-750ml-gin-blue-bottle-price-shipping-to-the-uk#breadcrumb\",\"itemListElement\":[{\"@type\":\"ListItem\",\"position\":1,\"name\":\"Home\",\"item\":\"https:\\\/\\\/glassbottlewholesale.com\\\/\"},{\"@type\":\"ListItem\",\"position\":2,\"name\":\"Products\",\"item\":\"https:\\\/\\\/glassbottlewholesale.com\\\/shop\\\/\"},{\"@type\":\"ListItem\",\"position\":3,\"name\":\"RS020: Wholesale 750ml Gin Blue Bottle Price Shipping To The UK\"}]},{\"@type\":\"WebSite\",\"@id\":\"https:\\\/\\\/glassbottlewholesale.com\\\/#website\",\"url\":\"https:\\\/\\\/glassbottlewholesale.com\\\/\",\"name\":\"Glass Bottle Wholesale\",\"description\":\"\",\"publisher\":{\"@id\":\"https:\\\/\\\/glassbottlewholesale.com\\\/#organization\"},\"potentialAction\":[{\"@type\":\"SearchAction\",\"target\":{\"@type\":\"EntryPoint\",\"urlTemplate\":\"https:\\\/\\\/glassbottlewholesale.com\\\/?s={search_term_string}\"},\"query-input\":{\"@type\":\"PropertyValueSpecification\",\"valueRequired\":true,\"valueName\":\"search_term_string\"}}],\"inLanguage\":\"es\"},{\"@type\":\"Organization\",\"@id\":\"https:\\\/\\\/glassbottlewholesale.com\\\/#organization\",\"name\":\"Glass Bottle Wholesale\",\"url\":\"https:\\\/\\\/glassbottlewholesale.com\\\/\",\"logo\":{\"@type\":\"ImageObject\",\"inLanguage\":\"es\",\"@id\":\"https:\\\/\\\/glassbottlewholesale.com\\\/#\\\/schema\\\/logo\\\/image\\\/\",\"url\":\"https:\\\/\\\/glassbottlewholesale.com\\\/wp-content\\\/uploads\\\/2023\\\/12\\\/ruisheng-logo.webp\",\"contentUrl\":\"https:\\\/\\\/glassbottlewholesale.com\\\/wp-content\\\/uploads\\\/2023\\\/12\\\/ruisheng-logo.webp\",\"width\":400,\"height\":233,\"caption\":\"Glass Bottle Wholesale\"},\"image\":{\"@id\":\"https:\\\/\\\/glassbottlewholesale.com\\\/#\\\/schema\\\/logo\\\/image\\\/\"}}]}<\/script>\n<!-- \/ Yoast SEO plugin. -->","yoast_head_json":{"title":"Mayorista 750ml Gin Botella Azul Precio Env\u00edo al Reino Unido","description":"\u00bfQuieres conseguir al por mayor 750ml Gin Azul Botella Precio de env\u00edo al Reino Unido? Haga clic aqu\u00ed para obtener el precio de Botella de vidrio Fabricante China.","robots":{"index":"index","follow":"follow","max-snippet":"max-snippet:-1","max-image-preview":"max-image-preview:large","max-video-preview":"max-video-preview:-1"},"canonical":"https:\/\/ruishengglassco.com\/product\/rs020-wholesale-750ml-gin-blue-bottle-price-shipping-to-the-uk","og_locale":"es_ES","og_type":"article","og_title":"Wholesale 750ml Gin Blue Bottle Price Shipping To The UK","og_description":"Do you want to get Wholesale 750ml Gin Blue Bottle Price Shipping To The UK? Click here to get price from Glass Bottle Manufacturer China.","og_url":"https:\/\/ruishengglassco.com\/product\/rs020-wholesale-750ml-gin-blue-bottle-price-shipping-to-the-uk","og_site_name":"Glass Bottle Wholesale","article_modified_time":"2025-06-23T09:20:15+00:00","og_image":[{"width":800,"height":800,"url":"https:\/\/glassbottlewholesale.com\/wp-content\/uploads\/2024\/01\/rs0201.jpg","type":"image\/jpeg"}],"twitter_card":"summary_large_image","twitter_misc":{"Tiempo de lectura":"2 minutos"},"schema":{"@context":"https:\/\/schema.org","@graph":[{"@type":"WebPage","@id":"https:\/\/glassbottlewholesale.com\/wholesale-750ml-gin-blue-bottle-price-shipping-to-the-uk\/","url":"https:\/\/ruishengglassco.com\/product\/rs020-wholesale-750ml-gin-blue-bottle-price-shipping-to-the-uk","name":"Mayorista 750ml Gin Botella Azul Precio Env\u00edo al Reino Unido","isPartOf":{"@id":"https:\/\/glassbottlewholesale.com\/#website"},"primaryImageOfPage":{"@id":"https:\/\/ruishengglassco.com\/product\/rs020-wholesale-750ml-gin-blue-bottle-price-shipping-to-the-uk#primaryimage"},"image":{"@id":"https:\/\/ruishengglassco.com\/product\/rs020-wholesale-750ml-gin-blue-bottle-price-shipping-to-the-uk#primaryimage"},"thumbnailUrl":"https:\/\/glassbottlewholesale.com\/wp-content\/uploads\/2024\/01\/rs0201.jpg","datePublished":"2021-03-10T03:54:10+00:00","dateModified":"2025-06-23T09:20:15+00:00","description":"\u00bfQuieres conseguir al por mayor 750ml Gin Azul Botella Precio de env\u00edo al Reino Unido? Haga clic aqu\u00ed para obtener el precio de Botella de vidrio Fabricante China.","breadcrumb":{"@id":"https:\/\/ruishengglassco.com\/product\/rs020-wholesale-750ml-gin-blue-bottle-price-shipping-to-the-uk#breadcrumb"},"inLanguage":"es","potentialAction":[{"@type":"ReadAction","target":["https:\/\/ruishengglassco.com\/product\/rs020-wholesale-750ml-gin-blue-bottle-price-shipping-to-the-uk"]}]},{"@type":"ImageObject","inLanguage":"es","@id":"https:\/\/ruishengglassco.com\/product\/rs020-wholesale-750ml-gin-blue-bottle-price-shipping-to-the-uk#primaryimage","url":"https:\/\/glassbottlewholesale.com\/wp-content\/uploads\/2024\/01\/rs0201.jpg","contentUrl":"https:\/\/glassbottlewholesale.com\/wp-content\/uploads\/2024\/01\/rs0201.jpg","width":800,"height":800,"caption":"RS020: Wholesale 750ml Gin Blue Bottle Price Shipping To The UK"},{"@type":"BreadcrumbList","@id":"https:\/\/ruishengglassco.com\/product\/rs020-wholesale-750ml-gin-blue-bottle-price-shipping-to-the-uk#breadcrumb","itemListElement":[{"@type":"ListItem","position":1,"name":"Home","item":"https:\/\/glassbottlewholesale.com\/"},{"@type":"ListItem","position":2,"name":"Products","item":"https:\/\/glassbottlewholesale.com\/shop\/"},{"@type":"ListItem","position":3,"name":"RS020: Wholesale 750ml Gin Blue Bottle Price Shipping To The UK"}]},{"@type":"WebSite","@id":"https:\/\/glassbottlewholesale.com\/#website","url":"https:\/\/glassbottlewholesale.com\/","name":"Glass Bottle Wholesale","description":"","publisher":{"@id":"https:\/\/glassbottlewholesale.com\/#organization"},"potentialAction":[{"@type":"SearchAction","target":{"@type":"EntryPoint","urlTemplate":"https:\/\/glassbottlewholesale.com\/?s={search_term_string}"},"query-input":{"@type":"PropertyValueSpecification","valueRequired":true,"valueName":"search_term_string"}}],"inLanguage":"es"},{"@type":"Organization","@id":"https:\/\/glassbottlewholesale.com\/#organization","name":"Glass Bottle Wholesale","url":"https:\/\/glassbottlewholesale.com\/","logo":{"@type":"ImageObject","inLanguage":"es","@id":"https:\/\/glassbottlewholesale.com\/#\/schema\/logo\/image\/","url":"https:\/\/glassbottlewholesale.com\/wp-content\/uploads\/2023\/12\/ruisheng-logo.webp","contentUrl":"https:\/\/glassbottlewholesale.com\/wp-content\/uploads\/2023\/12\/ruisheng-logo.webp","width":400,"height":233,"caption":"Glass Bottle Wholesale"},"image":{"@id":"https:\/\/glassbottlewholesale.com\/#\/schema\/logo\/image\/"}}]}},"_links":{"self":[{"href":"https:\/\/glassbottlewholesale.com\/es\/wp-json\/wp\/v2\/product\/2495","targetHints":{"allow":["GET"]}}],"collection":[{"href":"https:\/\/glassbottlewholesale.com\/es\/wp-json\/wp\/v2\/product"}],"about":[{"href":"https:\/\/glassbottlewholesale.com\/es\/wp-json\/wp\/v2\/types\/product"}],"replies":[{"embeddable":true,"href":"https:\/\/glassbottlewholesale.com\/es\/wp-json\/wp\/v2\/comments?post=2495"}],"wp:featuredmedia":[{"embeddable":true,"href":"https:\/\/glassbottlewholesale.com\/es\/wp-json\/wp\/v2\/media\/4496"}],"wp:attachment":[{"href":"https:\/\/glassbottlewholesale.com\/es\/wp-json\/wp\/v2\/media?parent=2495"}],"wp:term":[{"taxonomy":"product_brand","embeddable":true,"href":"https:\/\/glassbottlewholesale.com\/es\/wp-json\/wp\/v2\/product_brand?post=2495"},{"taxonomy":"product_cat","embeddable":true,"href":"https:\/\/glassbottlewholesale.com\/es\/wp-json\/wp\/v2\/product_cat?post=2495"},{"taxonomy":"product_tag","embeddable":true,"href":"https:\/\/glassbottlewholesale.com\/es\/wp-json\/wp\/v2\/product_tag?post=2495"}],"curies":[{"name":"wp","href":"https:\/\/api.w.org\/{rel}","templated":true}]}}