{"id":2546,"date":"2021-03-17T03:01:28","date_gmt":"2021-03-17T03:01:28","guid":{"rendered":"https:\/\/glassbottlewholesale.com\/?post_type=product&#038;p=2546"},"modified":"2025-06-23T09:15:55","modified_gmt":"2025-06-23T09:15:55","slug":"botella-de-vidrio-de-375-ml-al-por-mayor-para-licor-whisky-brandy-vodka","status":"publish","type":"product","link":"https:\/\/glassbottlewholesale.com\/es\/botella-de-vidrio-de-375-ml-al-por-mayor-para-licor-whisky-brandy-vodka\/","title":{"rendered":"RS017: Botella de vidrio de 375 ml al por mayor para licor\/whisky\/brandy\/vodka"},"content":{"rendered":"<h2>Informaci\u00f3n detallada sobre botellas de licor de vidrio de 375 ml al por mayor<\/h2>\n<p>Esta serie de botellas de licor de vidrio al por mayor pertenece a la cl\u00e1sica botella bordelesa, muy com\u00fan en los envases de alcohol en todo el mundo.<\/p>\n<p>La imagen de portada muestra la botella de licor de vidrio de 375 ml. Podemos producir botellas de licor vac\u00edas con diferentes capacidades seg\u00fan los requisitos del cliente: 100 ml, 500 ml, 750 ml, 1000 ml, todas ser\u00e1n aceptables.<\/p>\n<p>En general, nuestras botellas son de color transparente, pero si los clientes quieren otros colores, nuestro proceso de producci\u00f3n puede hacerlo.<\/p>\n<p>Hay 3 tipos comunes de tapones de botellas de vidrio: corcho, tapa de rosca y tapa de guala. Aqu\u00ed est\u00e1 el tap\u00f3n de botella de vidrio que podemos proporcionar:<\/p>\n<p><img decoding=\"async\" class=\"aligncenter wp-image-2429 size-full\" src=\"https:\/\/glassbottlewholesale.com\/wp-content\/uploads\/2020\/12\/WX20201229-154422-1.png\" alt=\"tapas de botellas de vidrio al por mayor\" width=\"752\" height=\"452\" srcset=\"https:\/\/glassbottlewholesale.com\/wp-content\/uploads\/2020\/12\/WX20201229-154422-1.png 752w, https:\/\/glassbottlewholesale.com\/wp-content\/uploads\/2020\/12\/WX20201229-154422-1-300x180.png 300w, https:\/\/glassbottlewholesale.com\/wp-content\/uploads\/2020\/12\/WX20201229-154422-1-600x361.png 600w\" sizes=\"(max-width: 752px) 100vw, 752px\" \/><\/p>\n<p>Como fabricante profesional de botellas de licor de vidrio, nuestra empresa ofrece servicio OEM\/ODM\/botellas de licor personalizadas. Si tiene alguna pregunta sobre la fabricaci\u00f3n de botellas de licor, por favor <a href=\"https:\/\/ruishengglassco.com\/contact\" target=\"_blank\" rel=\"noopener\">cont\u00e1ctenos aqu\u00ed<\/a>.<\/p>\n<ul>\n<li>Nombre del producto: Botellas de licor de vidrio de 375 ml al por mayor<\/li>\n<li>N\u00famero de referencia: RS017<\/li>\n<li>Material del vidrio: pedernal adicional<\/li>\n<li>Forma de la botella: Botellas de licor de forma plana de 375 ml<\/li>\n<li>Capacidad nominal: 375ml<\/li>\n<li>Peso de la botella: 550 g<\/li>\n<li>Tipo de sellado: Ropp \/ GPI \/ Cork \/ Guala \/ Swing Top \/ M\u00e9todo de sellado personalizado<\/li>\n<li>Aplicaci\u00f3n: Botella de vodka,Botella de whisky,Botella de co\u00f1ac,Botella de ron,Botella de Xo<\/li>\n<li>embalaje\n<ul>\n<li>24 unidades\/caja, con separador de cart\u00f3n<\/li>\n<li>6 uds\/caja de colores, con separador de cart\u00f3n.<\/li>\n<li>Embalaje palet, con separador de cart\u00f3n<\/li>\n<li>Embalaje de cart\u00f3n\/caja + palet<\/li>\n<\/ul>\n<\/li>\n<li>MOQ: 6000 unidades para una nueva tirada; 1 unidad para botellas de vidrio en existencia<\/li>\n<li>Plazo de ejecuci\u00f3n: 20-30 d\u00edas<\/li>\n<\/ul>","protected":false},"excerpt":{"rendered":"<p>Ruisheng Glass Co, Ltd, una empresa y fabricante profesional de embotellado de licores, ofrece botellas de licor de vidrio al por mayor para una amplia variedad de aplicaciones, como vino, whisky, brandy, vodka, tequila, XO, champ\u00e1n y otros envases de bebidas alcoh\u00f3licas.<\/p>\n<p>Como fabricante de botellas de licor con historia antigua, nuestros productos se exportan a los Estados Unidos, Canad\u00e1, Gran Breta\u00f1a, Francia, Pa\u00edses Bajos, B\u00e9lgica, Rusia, Mosc\u00fa, Sud\u00e1frica y otros pa\u00edses. Y hemos ganado elogios un\u00e1nimes de los clientes locales.<\/p>\n<p>Si desea pedir botellas de licor de vidrio al por mayor, estas son las preguntas que m\u00e1s preocupan a nuestros clientes:<\/p>\n<div><span style=\"color: #ff6600\"><strong><span class=\"mceItemHidden\"><span class=\"hiddenSpellError\">\u2013<\/span><span class=\"hiddenSpellError\">Cantidad m\u00ednima de pedido<\/span>: 10000 PCS (alrededor de 10000-30000<span class=\"hiddenSpellError\">piezas<\/span>)<\/span><\/strong><\/span><\/div>\n<div><span class=\"mceItemHidden\"><span class=\"hiddenSpellError\">-Gratis<\/span> Muestra ofrecida. Entrega en 7 d\u00edas<\/span><\/div>\n<div><span class=\"mceItemHidden\"><span class=\"hiddenSpellError\">-Pedido a granel global<\/span>\u00a0Entrega en 30 d\u00edas.<\/span><\/div>\n<div>-Ofrecemos servicio OEM\/ODM\/botella de licor personalizada.<\/div>","protected":false},"featured_media":2670,"comment_status":"open","ping_status":"closed","template":"","meta":[],"product_brand":[],"product_cat":[49,63,67,68,61],"product_tag":[],"class_list":{"0":"post-2546","1":"product","2":"type-product","3":"status-publish","4":"has-post-thumbnail","6":"product_cat-375ml-glass-bottle","7":"product_cat-liquor-bottle","8":"product_cat-vodka-bottle","9":"product_cat-whiskey-bottle","10":"product_cat-xo-brandy-bottle","11":"entry","12":"has-media","14":"first","15":"instock","16":"shipping-taxable","17":"product-type-simple"},"yoast_head":"<!-- This site is optimized with the Yoast SEO plugin v27.3 - https:\/\/yoast.com\/product\/yoast-seo-wordpress\/ -->\n<title>375ml Glass Liquor Bottles Wholesale | Liquor Bottling Companies<\/title>\n<meta name=\"description\" content=\"Ruisheng Glass Co, Ltd, a professional liquor bottling companies, provide 375ml glass liquor bottles wholesale in factory outlet price.\" \/>\n<meta name=\"robots\" content=\"index, follow, max-snippet:-1, max-image-preview:large, max-video-preview:-1\" \/>\n<link rel=\"canonical\" href=\"https:\/\/ruishengglassco.com\/product\/rs017-375ml-glass-bottle-supplier-for-liquor-whiskey-brandy-vodka\" \/>\n<meta property=\"og:locale\" content=\"es_ES\" \/>\n<meta property=\"og:type\" content=\"article\" \/>\n<meta property=\"og:title\" content=\"375ml Glass Liquor Bottles Wholesale | Liquor Bottling Companies\" \/>\n<meta property=\"og:description\" content=\"Ruisheng Glass Co, Ltd, a professional liquor bottling companies, provide 375ml glass liquor bottles wholesale in factory outlet price.\" \/>\n<meta property=\"og:url\" content=\"https:\/\/ruishengglassco.com\/product\/rs017-375ml-glass-bottle-supplier-for-liquor-whiskey-brandy-vodka\" \/>\n<meta property=\"og:site_name\" content=\"Glass Bottle Wholesale\" \/>\n<meta property=\"article:modified_time\" content=\"2025-06-23T09:15:55+00:00\" \/>\n<meta property=\"og:image\" content=\"https:\/\/glassbottlewholesale.com\/wp-content\/uploads\/2019\/10\/15.jpg\" \/>\n\t<meta property=\"og:image:width\" content=\"800\" \/>\n\t<meta property=\"og:image:height\" content=\"800\" \/>\n\t<meta property=\"og:image:type\" content=\"image\/jpeg\" \/>\n<meta name=\"twitter:card\" content=\"summary_large_image\" \/>\n<meta name=\"twitter:label1\" content=\"Tiempo de lectura\" \/>\n\t<meta name=\"twitter:data1\" content=\"2 minutos\" \/>\n<script type=\"application\/ld+json\" class=\"yoast-schema-graph\">{\"@context\":\"https:\\\/\\\/schema.org\",\"@graph\":[{\"@type\":\"WebPage\",\"@id\":\"https:\\\/\\\/glassbottlewholesale.com\\\/375ml-glass-bottle-wholesale-for-liquor-whiskey-brandy-vodka\\\/\",\"url\":\"https:\\\/\\\/ruishengglassco.com\\\/product\\\/rs017-375ml-glass-bottle-supplier-for-liquor-whiskey-brandy-vodka\",\"name\":\"375ml Glass Liquor Bottles Wholesale | Liquor Bottling Companies\",\"isPartOf\":{\"@id\":\"https:\\\/\\\/glassbottlewholesale.com\\\/#website\"},\"primaryImageOfPage\":{\"@id\":\"https:\\\/\\\/ruishengglassco.com\\\/product\\\/rs017-375ml-glass-bottle-supplier-for-liquor-whiskey-brandy-vodka#primaryimage\"},\"image\":{\"@id\":\"https:\\\/\\\/ruishengglassco.com\\\/product\\\/rs017-375ml-glass-bottle-supplier-for-liquor-whiskey-brandy-vodka#primaryimage\"},\"thumbnailUrl\":\"https:\\\/\\\/glassbottlewholesale.com\\\/wp-content\\\/uploads\\\/2019\\\/10\\\/15.jpg\",\"datePublished\":\"2021-03-17T03:01:28+00:00\",\"dateModified\":\"2025-06-23T09:15:55+00:00\",\"description\":\"Ruisheng Glass Co, Ltd, a professional liquor bottling companies, provide 375ml glass liquor bottles wholesale in factory outlet price.\",\"breadcrumb\":{\"@id\":\"https:\\\/\\\/ruishengglassco.com\\\/product\\\/rs017-375ml-glass-bottle-supplier-for-liquor-whiskey-brandy-vodka#breadcrumb\"},\"inLanguage\":\"es\",\"potentialAction\":[{\"@type\":\"ReadAction\",\"target\":[\"https:\\\/\\\/ruishengglassco.com\\\/product\\\/rs017-375ml-glass-bottle-supplier-for-liquor-whiskey-brandy-vodka\"]}]},{\"@type\":\"ImageObject\",\"inLanguage\":\"es\",\"@id\":\"https:\\\/\\\/ruishengglassco.com\\\/product\\\/rs017-375ml-glass-bottle-supplier-for-liquor-whiskey-brandy-vodka#primaryimage\",\"url\":\"https:\\\/\\\/glassbottlewholesale.com\\\/wp-content\\\/uploads\\\/2019\\\/10\\\/15.jpg\",\"contentUrl\":\"https:\\\/\\\/glassbottlewholesale.com\\\/wp-content\\\/uploads\\\/2019\\\/10\\\/15.jpg\",\"width\":800,\"height\":800,\"caption\":\"375ml Glass Bottle Wholesale For Liquor\\\/Whiskey\\\/Brandy\\\/Vodka\"},{\"@type\":\"BreadcrumbList\",\"@id\":\"https:\\\/\\\/ruishengglassco.com\\\/product\\\/rs017-375ml-glass-bottle-supplier-for-liquor-whiskey-brandy-vodka#breadcrumb\",\"itemListElement\":[{\"@type\":\"ListItem\",\"position\":1,\"name\":\"Home\",\"item\":\"https:\\\/\\\/glassbottlewholesale.com\\\/\"},{\"@type\":\"ListItem\",\"position\":2,\"name\":\"Products\",\"item\":\"https:\\\/\\\/glassbottlewholesale.com\\\/shop\\\/\"},{\"@type\":\"ListItem\",\"position\":3,\"name\":\"RS017: 375ml Glass Bottle Wholesale For Liquor\\\/Whiskey\\\/Brandy\\\/Vodka\"}]},{\"@type\":\"WebSite\",\"@id\":\"https:\\\/\\\/glassbottlewholesale.com\\\/#website\",\"url\":\"https:\\\/\\\/glassbottlewholesale.com\\\/\",\"name\":\"Glass Bottle Wholesale\",\"description\":\"\",\"publisher\":{\"@id\":\"https:\\\/\\\/glassbottlewholesale.com\\\/#organization\"},\"potentialAction\":[{\"@type\":\"SearchAction\",\"target\":{\"@type\":\"EntryPoint\",\"urlTemplate\":\"https:\\\/\\\/glassbottlewholesale.com\\\/?s={search_term_string}\"},\"query-input\":{\"@type\":\"PropertyValueSpecification\",\"valueRequired\":true,\"valueName\":\"search_term_string\"}}],\"inLanguage\":\"es\"},{\"@type\":\"Organization\",\"@id\":\"https:\\\/\\\/glassbottlewholesale.com\\\/#organization\",\"name\":\"Glass Bottle Wholesale\",\"url\":\"https:\\\/\\\/glassbottlewholesale.com\\\/\",\"logo\":{\"@type\":\"ImageObject\",\"inLanguage\":\"es\",\"@id\":\"https:\\\/\\\/glassbottlewholesale.com\\\/#\\\/schema\\\/logo\\\/image\\\/\",\"url\":\"https:\\\/\\\/glassbottlewholesale.com\\\/wp-content\\\/uploads\\\/2023\\\/12\\\/ruisheng-logo.webp\",\"contentUrl\":\"https:\\\/\\\/glassbottlewholesale.com\\\/wp-content\\\/uploads\\\/2023\\\/12\\\/ruisheng-logo.webp\",\"width\":400,\"height\":233,\"caption\":\"Glass Bottle Wholesale\"},\"image\":{\"@id\":\"https:\\\/\\\/glassbottlewholesale.com\\\/#\\\/schema\\\/logo\\\/image\\\/\"}}]}<\/script>\n<!-- \/ Yoast SEO plugin. -->","yoast_head_json":{"title":"Botellas de licor de vidrio de 375 ml al por mayor | Empresas embotelladoras de licores","description":"Ruisheng Glass Co, Ltd, una empresa embotelladora de licores profesional, ofrece botellas de licor de vidrio de 375 ml al por mayor a precio de f\u00e1brica.","robots":{"index":"index","follow":"follow","max-snippet":"max-snippet:-1","max-image-preview":"max-image-preview:large","max-video-preview":"max-video-preview:-1"},"canonical":"https:\/\/ruishengglassco.com\/product\/rs017-375ml-glass-bottle-supplier-for-liquor-whiskey-brandy-vodka","og_locale":"es_ES","og_type":"article","og_title":"375ml Glass Liquor Bottles Wholesale | Liquor Bottling Companies","og_description":"Ruisheng Glass Co, Ltd, a professional liquor bottling companies, provide 375ml glass liquor bottles wholesale in factory outlet price.","og_url":"https:\/\/ruishengglassco.com\/product\/rs017-375ml-glass-bottle-supplier-for-liquor-whiskey-brandy-vodka","og_site_name":"Glass Bottle Wholesale","article_modified_time":"2025-06-23T09:15:55+00:00","og_image":[{"width":800,"height":800,"url":"https:\/\/glassbottlewholesale.com\/wp-content\/uploads\/2019\/10\/15.jpg","type":"image\/jpeg"}],"twitter_card":"summary_large_image","twitter_misc":{"Tiempo de lectura":"2 minutos"},"schema":{"@context":"https:\/\/schema.org","@graph":[{"@type":"WebPage","@id":"https:\/\/glassbottlewholesale.com\/375ml-glass-bottle-wholesale-for-liquor-whiskey-brandy-vodka\/","url":"https:\/\/ruishengglassco.com\/product\/rs017-375ml-glass-bottle-supplier-for-liquor-whiskey-brandy-vodka","name":"Botellas de licor de vidrio de 375 ml al por mayor | Empresas embotelladoras de licores","isPartOf":{"@id":"https:\/\/glassbottlewholesale.com\/#website"},"primaryImageOfPage":{"@id":"https:\/\/ruishengglassco.com\/product\/rs017-375ml-glass-bottle-supplier-for-liquor-whiskey-brandy-vodka#primaryimage"},"image":{"@id":"https:\/\/ruishengglassco.com\/product\/rs017-375ml-glass-bottle-supplier-for-liquor-whiskey-brandy-vodka#primaryimage"},"thumbnailUrl":"https:\/\/glassbottlewholesale.com\/wp-content\/uploads\/2019\/10\/15.jpg","datePublished":"2021-03-17T03:01:28+00:00","dateModified":"2025-06-23T09:15:55+00:00","description":"Ruisheng Glass Co, Ltd, una empresa embotelladora de licores profesional, ofrece botellas de licor de vidrio de 375 ml al por mayor a precio de f\u00e1brica.","breadcrumb":{"@id":"https:\/\/ruishengglassco.com\/product\/rs017-375ml-glass-bottle-supplier-for-liquor-whiskey-brandy-vodka#breadcrumb"},"inLanguage":"es","potentialAction":[{"@type":"ReadAction","target":["https:\/\/ruishengglassco.com\/product\/rs017-375ml-glass-bottle-supplier-for-liquor-whiskey-brandy-vodka"]}]},{"@type":"ImageObject","inLanguage":"es","@id":"https:\/\/ruishengglassco.com\/product\/rs017-375ml-glass-bottle-supplier-for-liquor-whiskey-brandy-vodka#primaryimage","url":"https:\/\/glassbottlewholesale.com\/wp-content\/uploads\/2019\/10\/15.jpg","contentUrl":"https:\/\/glassbottlewholesale.com\/wp-content\/uploads\/2019\/10\/15.jpg","width":800,"height":800,"caption":"375ml Glass Bottle Wholesale For Liquor\/Whiskey\/Brandy\/Vodka"},{"@type":"BreadcrumbList","@id":"https:\/\/ruishengglassco.com\/product\/rs017-375ml-glass-bottle-supplier-for-liquor-whiskey-brandy-vodka#breadcrumb","itemListElement":[{"@type":"ListItem","position":1,"name":"Home","item":"https:\/\/glassbottlewholesale.com\/"},{"@type":"ListItem","position":2,"name":"Products","item":"https:\/\/glassbottlewholesale.com\/shop\/"},{"@type":"ListItem","position":3,"name":"RS017: 375ml Glass Bottle Wholesale For Liquor\/Whiskey\/Brandy\/Vodka"}]},{"@type":"WebSite","@id":"https:\/\/glassbottlewholesale.com\/#website","url":"https:\/\/glassbottlewholesale.com\/","name":"Glass Bottle Wholesale","description":"","publisher":{"@id":"https:\/\/glassbottlewholesale.com\/#organization"},"potentialAction":[{"@type":"SearchAction","target":{"@type":"EntryPoint","urlTemplate":"https:\/\/glassbottlewholesale.com\/?s={search_term_string}"},"query-input":{"@type":"PropertyValueSpecification","valueRequired":true,"valueName":"search_term_string"}}],"inLanguage":"es"},{"@type":"Organization","@id":"https:\/\/glassbottlewholesale.com\/#organization","name":"Glass Bottle Wholesale","url":"https:\/\/glassbottlewholesale.com\/","logo":{"@type":"ImageObject","inLanguage":"es","@id":"https:\/\/glassbottlewholesale.com\/#\/schema\/logo\/image\/","url":"https:\/\/glassbottlewholesale.com\/wp-content\/uploads\/2023\/12\/ruisheng-logo.webp","contentUrl":"https:\/\/glassbottlewholesale.com\/wp-content\/uploads\/2023\/12\/ruisheng-logo.webp","width":400,"height":233,"caption":"Glass Bottle Wholesale"},"image":{"@id":"https:\/\/glassbottlewholesale.com\/#\/schema\/logo\/image\/"}}]}},"_links":{"self":[{"href":"https:\/\/glassbottlewholesale.com\/es\/wp-json\/wp\/v2\/product\/2546","targetHints":{"allow":["GET"]}}],"collection":[{"href":"https:\/\/glassbottlewholesale.com\/es\/wp-json\/wp\/v2\/product"}],"about":[{"href":"https:\/\/glassbottlewholesale.com\/es\/wp-json\/wp\/v2\/types\/product"}],"replies":[{"embeddable":true,"href":"https:\/\/glassbottlewholesale.com\/es\/wp-json\/wp\/v2\/comments?post=2546"}],"wp:featuredmedia":[{"embeddable":true,"href":"https:\/\/glassbottlewholesale.com\/es\/wp-json\/wp\/v2\/media\/2670"}],"wp:attachment":[{"href":"https:\/\/glassbottlewholesale.com\/es\/wp-json\/wp\/v2\/media?parent=2546"}],"wp:term":[{"taxonomy":"product_brand","embeddable":true,"href":"https:\/\/glassbottlewholesale.com\/es\/wp-json\/wp\/v2\/product_brand?post=2546"},{"taxonomy":"product_cat","embeddable":true,"href":"https:\/\/glassbottlewholesale.com\/es\/wp-json\/wp\/v2\/product_cat?post=2546"},{"taxonomy":"product_tag","embeddable":true,"href":"https:\/\/glassbottlewholesale.com\/es\/wp-json\/wp\/v2\/product_tag?post=2546"}],"curies":[{"name":"wp","href":"https:\/\/api.w.org\/{rel}","templated":true}]}}