{"id":2548,"date":"2021-03-17T03:06:57","date_gmt":"2021-03-17T03:06:57","guid":{"rendered":"https:\/\/glassbottlewholesale.com\/?post_type=product&#038;p=2548"},"modified":"2025-06-23T09:10:08","modified_gmt":"2025-06-23T09:10:08","slug":"wholesale-round-350ml-glass-bottle-with-cork","status":"publish","type":"product","link":"https:\/\/glassbottlewholesale.com\/es\/wholesale-round-350ml-glass-bottle-with-cork\/","title":{"rendered":"RS015: Botella de jugo de vidrio redonda de 350 ml al por mayor al por mayor con corcho"},"content":{"rendered":"<h2>Informaci\u00f3n detallada sobre la botella de zumo de vidrio al por mayor<\/h2>\n<p>Esta serie de botellas de vidrio para zumo al por mayor son botellas de vidrio de dise\u00f1o est\u00e1ndar. Est\u00e1 hecha por nuestro propio molde de vidrio. El producto adopta material de cristal blanco de alta calidad hecho a mano, lo que hace que nuestra botella de vidrio sea clara, transparente y elegante.<\/p>\n<ul>\n<li>Art\u00edculo: Botella de cristal para zumo al por mayor<\/li>\n<li>N\u00famero de modelo: RS015<\/li>\n<li>Capacidad: =1000ml<\/li>\n<li>Material: Material de vidrio s\u00faper pedernal, Material de vidrio blanco cristalino, Material de vidrio blanco caro.<\/li>\n<li>Tipo de cierre: Corcho, tap\u00f3n de guala, tap\u00f3n de rosca, tap\u00f3n de pl\u00e1stico, tap\u00f3n de madera<\/li>\n<li>Superficie: Escarcha, calcoman\u00eda, pintura, estampaci\u00f3n en caliente, relieve, impresi\u00f3n, dorado, serigraf\u00eda<\/li>\n<li>Muestra: Libre por molde existente<\/li>\n<li>Plazo de entrega: 20-30 d\u00edas para productos en serie<\/li>\n<li>Puerto: Qingdao, Shanghai, Guangzhou<\/li>\n<li>Forma de pago: T\/T, Paypal, Garant\u00eda comercial, DP, LC, WEST UNION<\/li>\n<li>Materia prima: Arena de s\u00edlice, carbonato s\u00f3dico, piedra caliza, dolomita, feldespato, b\u00f3rax, bario, etc.<\/li>\n<\/ul>\n<h4>Caracter\u00edsticas:<\/h4>\n<ul>\n<li>Con experiencia en producci\u00f3n profesional.<\/li>\n<li>Servicio OEM &amp;ODM: seg\u00fan su muestra o dibujo de dise\u00f1o.<\/li>\n<li>La muestra existente es gratuita.<\/li>\n<li>Precio razonable, calidad excelente y servicio atento<\/li>\n<li>Cualquier botella rota durante el transporte, compensaci\u00f3n para el siguiente pedido.<\/li>\n<li>Respuesta instant\u00e1nea: respondemos a sus consultas y correos electr\u00f3nicos en un plazo de 12 horas.<\/li>\n<li>Entrega: unos 20-25 d\u00edas despu\u00e9s de recibir el dep\u00f3sito.<\/li>\n<li>Hemos superado las pruebas ISO9001 e ISO14001, entre otras.<\/li>\n<li>No s\u00f3lo ofrecemos productos excelentes, sino tambi\u00e9n servicios y soluciones de mercado.<\/li>\n<li>Incluso fondo grueso, el color tambi\u00e9n es muy puro.<\/li>\n<\/ul>","protected":false},"excerpt":{"rendered":"<p>Ruisheng Glass Co, Ltd, fabricante de botellas de vidrio para bebidas, se dedica principalmente a la venta al por mayor de botellas de vidrio para licores y botellas de vidrio para zumos, ha prestado servicios a muchos mercados internacionales.  Nuestra empresa ofrece dise\u00f1o de botellas de vidrio y servicio de fabricaci\u00f3n. Se ofrece servicio OEM\/ODM\/Custom. Nuestros productos son ampliamente aplicados a licores, vino, vodka, whisky, vino de arroz, vino de frutas, ron, ginebra, vodka, tequila, licores medicinales, perfumes, cosm\u00e9ticos, aceite de oliva, etc.<\/p>\n<h4>Informaci\u00f3n de inter\u00e9s sobre la botella de zumo de vidrio al por mayor<\/h4>\n<div><strong>-MOQ: 10000 PCS (Aproximadamente 10000-35000pcs)<\/strong><\/div>\n<div>-Suministre gratuitamente botellas de aguardiente personalizadas con tap\u00f3n de corcho de muestra<\/div>\n<div>-Servicios personalizados<\/div>\n<div>Si desea saber m\u00e1s acerca de nuestra botella de jugo de vidrio al por mayor, por favor no dude en <a href=\"https:\/\/ruishengglassco.com\/contact\" target=\"_blank\" rel=\"noopener\">contacta con nuestras ventas<\/a>.<\/div>","protected":false},"featured_media":2671,"comment_status":"open","ping_status":"closed","template":"","meta":[],"product_brand":[],"product_cat":[49,63,65,67,61],"product_tag":[],"class_list":{"0":"post-2548","1":"product","2":"type-product","3":"status-publish","4":"has-post-thumbnail","6":"product_cat-375ml-glass-bottle","7":"product_cat-liquor-bottle","8":"product_cat-rum-bottle","9":"product_cat-vodka-bottle","10":"product_cat-xo-brandy-bottle","11":"entry","12":"has-media","14":"first","15":"instock","16":"shipping-taxable","17":"product-type-simple"},"yoast_head":"<!-- This site is optimized with the Yoast SEO plugin v27.3 - https:\/\/yoast.com\/product\/yoast-seo-wordpress\/ -->\n<title>Glass Juice Bottles Wholesale | Beverage Bottle Manufacturers<\/title>\n<meta name=\"description\" content=\"Ruisheng Glass Co, Ltd, a professional beverage bottle manufacturer, provide glass juice bottles wholesale with cork. Custom Bottle Design Offered.\" \/>\n<meta name=\"robots\" content=\"index, follow, max-snippet:-1, max-image-preview:large, max-video-preview:-1\" \/>\n<link rel=\"canonical\" href=\"https:\/\/ruishengglassco.com\/product\/rs015-wholesale-round-350ml-glass-juice-bottle-wholesale-with-cork\" \/>\n<meta property=\"og:locale\" content=\"es_ES\" \/>\n<meta property=\"og:type\" content=\"article\" \/>\n<meta property=\"og:title\" content=\"Glass Juice Bottles Wholesale | Beverage Bottle Manufacturers\" \/>\n<meta property=\"og:description\" content=\"Ruisheng Glass Co, Ltd, a professional beverage bottle manufacturer, provide glass juice bottles wholesale with cork. Custom Bottle Design Offered.\" \/>\n<meta property=\"og:url\" content=\"https:\/\/ruishengglassco.com\/product\/rs015-wholesale-round-350ml-glass-juice-bottle-wholesale-with-cork\" \/>\n<meta property=\"og:site_name\" content=\"Glass Bottle Wholesale\" \/>\n<meta property=\"article:modified_time\" content=\"2025-06-23T09:10:08+00:00\" \/>\n<meta property=\"og:image\" content=\"https:\/\/glassbottlewholesale.com\/wp-content\/uploads\/2019\/10\/16.jpg\" \/>\n\t<meta property=\"og:image:width\" content=\"800\" \/>\n\t<meta property=\"og:image:height\" content=\"800\" \/>\n\t<meta property=\"og:image:type\" content=\"image\/jpeg\" \/>\n<meta name=\"twitter:card\" content=\"summary_large_image\" \/>\n<meta name=\"twitter:label1\" content=\"Tiempo de lectura\" \/>\n\t<meta name=\"twitter:data1\" content=\"2 minutos\" \/>\n<script type=\"application\/ld+json\" class=\"yoast-schema-graph\">{\"@context\":\"https:\\\/\\\/schema.org\",\"@graph\":[{\"@type\":\"WebPage\",\"@id\":\"https:\\\/\\\/glassbottlewholesale.com\\\/wholesale-round-350ml-glass-bottle-with-cork\\\/\",\"url\":\"https:\\\/\\\/ruishengglassco.com\\\/product\\\/rs015-wholesale-round-350ml-glass-juice-bottle-wholesale-with-cork\",\"name\":\"Glass Juice Bottles Wholesale | Beverage Bottle Manufacturers\",\"isPartOf\":{\"@id\":\"https:\\\/\\\/glassbottlewholesale.com\\\/#website\"},\"primaryImageOfPage\":{\"@id\":\"https:\\\/\\\/ruishengglassco.com\\\/product\\\/rs015-wholesale-round-350ml-glass-juice-bottle-wholesale-with-cork#primaryimage\"},\"image\":{\"@id\":\"https:\\\/\\\/ruishengglassco.com\\\/product\\\/rs015-wholesale-round-350ml-glass-juice-bottle-wholesale-with-cork#primaryimage\"},\"thumbnailUrl\":\"https:\\\/\\\/glassbottlewholesale.com\\\/wp-content\\\/uploads\\\/2019\\\/10\\\/16.jpg\",\"datePublished\":\"2021-03-17T03:06:57+00:00\",\"dateModified\":\"2025-06-23T09:10:08+00:00\",\"description\":\"Ruisheng Glass Co, Ltd, a professional beverage bottle manufacturer, provide glass juice bottles wholesale with cork. Custom Bottle Design Offered.\",\"breadcrumb\":{\"@id\":\"https:\\\/\\\/ruishengglassco.com\\\/product\\\/rs015-wholesale-round-350ml-glass-juice-bottle-wholesale-with-cork#breadcrumb\"},\"inLanguage\":\"es\",\"potentialAction\":[{\"@type\":\"ReadAction\",\"target\":[\"https:\\\/\\\/ruishengglassco.com\\\/product\\\/rs015-wholesale-round-350ml-glass-juice-bottle-wholesale-with-cork\"]}]},{\"@type\":\"ImageObject\",\"inLanguage\":\"es\",\"@id\":\"https:\\\/\\\/ruishengglassco.com\\\/product\\\/rs015-wholesale-round-350ml-glass-juice-bottle-wholesale-with-cork#primaryimage\",\"url\":\"https:\\\/\\\/glassbottlewholesale.com\\\/wp-content\\\/uploads\\\/2019\\\/10\\\/16.jpg\",\"contentUrl\":\"https:\\\/\\\/glassbottlewholesale.com\\\/wp-content\\\/uploads\\\/2019\\\/10\\\/16.jpg\",\"width\":800,\"height\":800,\"caption\":\"Glass Juice Bottles Wholesale\"},{\"@type\":\"BreadcrumbList\",\"@id\":\"https:\\\/\\\/ruishengglassco.com\\\/product\\\/rs015-wholesale-round-350ml-glass-juice-bottle-wholesale-with-cork#breadcrumb\",\"itemListElement\":[{\"@type\":\"ListItem\",\"position\":1,\"name\":\"Home\",\"item\":\"https:\\\/\\\/glassbottlewholesale.com\\\/\"},{\"@type\":\"ListItem\",\"position\":2,\"name\":\"Products\",\"item\":\"https:\\\/\\\/glassbottlewholesale.com\\\/shop\\\/\"},{\"@type\":\"ListItem\",\"position\":3,\"name\":\"RS015: Wholesale Round 350ml Glass Juice Bottle Wholesale With Cork\"}]},{\"@type\":\"WebSite\",\"@id\":\"https:\\\/\\\/glassbottlewholesale.com\\\/#website\",\"url\":\"https:\\\/\\\/glassbottlewholesale.com\\\/\",\"name\":\"Glass Bottle Wholesale\",\"description\":\"\",\"publisher\":{\"@id\":\"https:\\\/\\\/glassbottlewholesale.com\\\/#organization\"},\"potentialAction\":[{\"@type\":\"SearchAction\",\"target\":{\"@type\":\"EntryPoint\",\"urlTemplate\":\"https:\\\/\\\/glassbottlewholesale.com\\\/?s={search_term_string}\"},\"query-input\":{\"@type\":\"PropertyValueSpecification\",\"valueRequired\":true,\"valueName\":\"search_term_string\"}}],\"inLanguage\":\"es\"},{\"@type\":\"Organization\",\"@id\":\"https:\\\/\\\/glassbottlewholesale.com\\\/#organization\",\"name\":\"Glass Bottle Wholesale\",\"url\":\"https:\\\/\\\/glassbottlewholesale.com\\\/\",\"logo\":{\"@type\":\"ImageObject\",\"inLanguage\":\"es\",\"@id\":\"https:\\\/\\\/glassbottlewholesale.com\\\/#\\\/schema\\\/logo\\\/image\\\/\",\"url\":\"https:\\\/\\\/glassbottlewholesale.com\\\/wp-content\\\/uploads\\\/2023\\\/12\\\/ruisheng-logo.webp\",\"contentUrl\":\"https:\\\/\\\/glassbottlewholesale.com\\\/wp-content\\\/uploads\\\/2023\\\/12\\\/ruisheng-logo.webp\",\"width\":400,\"height\":233,\"caption\":\"Glass Bottle Wholesale\"},\"image\":{\"@id\":\"https:\\\/\\\/glassbottlewholesale.com\\\/#\\\/schema\\\/logo\\\/image\\\/\"}}]}<\/script>\n<!-- \/ Yoast SEO plugin. -->","yoast_head_json":{"title":"Glass Juice Bottles Wholesale | Beverage Bottle Manufacturers","description":"Ruisheng Glass Co, Ltd, a professional beverage bottle manufacturer, provide glass juice bottles wholesale with cork. Custom Bottle Design Offered.","robots":{"index":"index","follow":"follow","max-snippet":"max-snippet:-1","max-image-preview":"max-image-preview:large","max-video-preview":"max-video-preview:-1"},"canonical":"https:\/\/ruishengglassco.com\/product\/rs015-wholesale-round-350ml-glass-juice-bottle-wholesale-with-cork","og_locale":"es_ES","og_type":"article","og_title":"Glass Juice Bottles Wholesale | Beverage Bottle Manufacturers","og_description":"Ruisheng Glass Co, Ltd, a professional beverage bottle manufacturer, provide glass juice bottles wholesale with cork. Custom Bottle Design Offered.","og_url":"https:\/\/ruishengglassco.com\/product\/rs015-wholesale-round-350ml-glass-juice-bottle-wholesale-with-cork","og_site_name":"Glass Bottle Wholesale","article_modified_time":"2025-06-23T09:10:08+00:00","og_image":[{"width":800,"height":800,"url":"https:\/\/glassbottlewholesale.com\/wp-content\/uploads\/2019\/10\/16.jpg","type":"image\/jpeg"}],"twitter_card":"summary_large_image","twitter_misc":{"Tiempo de lectura":"2 minutos"},"schema":{"@context":"https:\/\/schema.org","@graph":[{"@type":"WebPage","@id":"https:\/\/glassbottlewholesale.com\/wholesale-round-350ml-glass-bottle-with-cork\/","url":"https:\/\/ruishengglassco.com\/product\/rs015-wholesale-round-350ml-glass-juice-bottle-wholesale-with-cork","name":"Glass Juice Bottles Wholesale | Beverage Bottle Manufacturers","isPartOf":{"@id":"https:\/\/glassbottlewholesale.com\/#website"},"primaryImageOfPage":{"@id":"https:\/\/ruishengglassco.com\/product\/rs015-wholesale-round-350ml-glass-juice-bottle-wholesale-with-cork#primaryimage"},"image":{"@id":"https:\/\/ruishengglassco.com\/product\/rs015-wholesale-round-350ml-glass-juice-bottle-wholesale-with-cork#primaryimage"},"thumbnailUrl":"https:\/\/glassbottlewholesale.com\/wp-content\/uploads\/2019\/10\/16.jpg","datePublished":"2021-03-17T03:06:57+00:00","dateModified":"2025-06-23T09:10:08+00:00","description":"Ruisheng Glass Co, Ltd, a professional beverage bottle manufacturer, provide glass juice bottles wholesale with cork. Custom Bottle Design Offered.","breadcrumb":{"@id":"https:\/\/ruishengglassco.com\/product\/rs015-wholesale-round-350ml-glass-juice-bottle-wholesale-with-cork#breadcrumb"},"inLanguage":"es","potentialAction":[{"@type":"ReadAction","target":["https:\/\/ruishengglassco.com\/product\/rs015-wholesale-round-350ml-glass-juice-bottle-wholesale-with-cork"]}]},{"@type":"ImageObject","inLanguage":"es","@id":"https:\/\/ruishengglassco.com\/product\/rs015-wholesale-round-350ml-glass-juice-bottle-wholesale-with-cork#primaryimage","url":"https:\/\/glassbottlewholesale.com\/wp-content\/uploads\/2019\/10\/16.jpg","contentUrl":"https:\/\/glassbottlewholesale.com\/wp-content\/uploads\/2019\/10\/16.jpg","width":800,"height":800,"caption":"Glass Juice Bottles Wholesale"},{"@type":"BreadcrumbList","@id":"https:\/\/ruishengglassco.com\/product\/rs015-wholesale-round-350ml-glass-juice-bottle-wholesale-with-cork#breadcrumb","itemListElement":[{"@type":"ListItem","position":1,"name":"Home","item":"https:\/\/glassbottlewholesale.com\/"},{"@type":"ListItem","position":2,"name":"Products","item":"https:\/\/glassbottlewholesale.com\/shop\/"},{"@type":"ListItem","position":3,"name":"RS015: Wholesale Round 350ml Glass Juice Bottle Wholesale With Cork"}]},{"@type":"WebSite","@id":"https:\/\/glassbottlewholesale.com\/#website","url":"https:\/\/glassbottlewholesale.com\/","name":"Glass Bottle Wholesale","description":"","publisher":{"@id":"https:\/\/glassbottlewholesale.com\/#organization"},"potentialAction":[{"@type":"SearchAction","target":{"@type":"EntryPoint","urlTemplate":"https:\/\/glassbottlewholesale.com\/?s={search_term_string}"},"query-input":{"@type":"PropertyValueSpecification","valueRequired":true,"valueName":"search_term_string"}}],"inLanguage":"es"},{"@type":"Organization","@id":"https:\/\/glassbottlewholesale.com\/#organization","name":"Glass Bottle Wholesale","url":"https:\/\/glassbottlewholesale.com\/","logo":{"@type":"ImageObject","inLanguage":"es","@id":"https:\/\/glassbottlewholesale.com\/#\/schema\/logo\/image\/","url":"https:\/\/glassbottlewholesale.com\/wp-content\/uploads\/2023\/12\/ruisheng-logo.webp","contentUrl":"https:\/\/glassbottlewholesale.com\/wp-content\/uploads\/2023\/12\/ruisheng-logo.webp","width":400,"height":233,"caption":"Glass Bottle Wholesale"},"image":{"@id":"https:\/\/glassbottlewholesale.com\/#\/schema\/logo\/image\/"}}]}},"_links":{"self":[{"href":"https:\/\/glassbottlewholesale.com\/es\/wp-json\/wp\/v2\/product\/2548","targetHints":{"allow":["GET"]}}],"collection":[{"href":"https:\/\/glassbottlewholesale.com\/es\/wp-json\/wp\/v2\/product"}],"about":[{"href":"https:\/\/glassbottlewholesale.com\/es\/wp-json\/wp\/v2\/types\/product"}],"replies":[{"embeddable":true,"href":"https:\/\/glassbottlewholesale.com\/es\/wp-json\/wp\/v2\/comments?post=2548"}],"wp:featuredmedia":[{"embeddable":true,"href":"https:\/\/glassbottlewholesale.com\/es\/wp-json\/wp\/v2\/media\/2671"}],"wp:attachment":[{"href":"https:\/\/glassbottlewholesale.com\/es\/wp-json\/wp\/v2\/media?parent=2548"}],"wp:term":[{"taxonomy":"product_brand","embeddable":true,"href":"https:\/\/glassbottlewholesale.com\/es\/wp-json\/wp\/v2\/product_brand?post=2548"},{"taxonomy":"product_cat","embeddable":true,"href":"https:\/\/glassbottlewholesale.com\/es\/wp-json\/wp\/v2\/product_cat?post=2548"},{"taxonomy":"product_tag","embeddable":true,"href":"https:\/\/glassbottlewholesale.com\/es\/wp-json\/wp\/v2\/product_tag?post=2548"}],"curies":[{"name":"wp","href":"https:\/\/api.w.org\/{rel}","templated":true}]}}