{"id":2550,"date":"2021-03-17T03:19:03","date_gmt":"2021-03-17T03:19:03","guid":{"rendered":"https:\/\/glassbottlewholesale.com\/?post_type=product&#038;p=2550"},"modified":"2025-02-21T17:56:30","modified_gmt":"2025-02-21T17:56:30","slug":"botella-de-licor-de-vidrio-de-1000-ml-750-ml-700-ml-y-375-ml-al-por-mayor","status":"publish","type":"product","link":"https:\/\/glassbottlewholesale.com\/es\/botella-de-licor-de-vidrio-de-1000-ml-750-ml-700-ml-y-375-ml-al-por-mayor\/","title":{"rendered":"RS013: botella de licor de vidrio de 1000 ml\/750 ml\/700 ml\/375 ml al por mayor"},"content":{"rendered":"<h2>Informaci\u00f3n detallada sobre la botella de licor de vidrio de 1000 ml\/750 ml\/700 ml\/375 ml al por mayor<\/h2>\n<p>Ruisheng Glass, un fabricante profesional de botellas de vidrio para bebidas espirituosas, ofrece botellas de licor de 375 ml al por mayor para envases de botellas de vino, licor, whisky, brandy, vodka, ginebra y tequila.<\/p>\n<ul>\n<li>Nombre del modelo: botella de licor de vidrio de 375 ml al por mayor<\/li>\n<li>N\u00famero de modelo: RS013<\/li>\n<li>Nombre de la marca: RUISHENG<\/li>\n<li><strong>Cantidad m\u00ednima de pedido: 10000 unidades<\/strong><\/li>\n<li>Capacidad: 375ml\/500ml\/700ml\/750ml\/personalizado<\/li>\n<li>Manejo de superficies: estampado en caliente, escarcha, calcoman\u00eda, relieve, serigraf\u00eda<\/li>\n<li>Material: vidrio s\u00faper pedernal<\/li>\n<li>Material del collar: botella de vidrio transparente<\/li>\n<li>Tipo de sellado: tap\u00f3n de rosca, corcho, tap\u00f3n de vidrio, tap\u00f3n giratorio<\/li>\n<li>Uso: Ron\/Ginebra\/Botella de whisky\/Vodka\/Brandy<\/li>\n<li>Lugar de origen: Shandong, China<\/li>\n<li>Paquete: cajas de cart\u00f3n y paletas de exportaci\u00f3n est\u00e1ndar<\/li>\n<li>Servicio: Servicio OEM\/ODM<\/li>\n<\/ul>\n<p>La botella de licor de vidrio al por mayor que se muestra en la imagen est\u00e1 especialmente personalizada por el cliente para envasar brandy. La botella de vidrio est\u00e1 dise\u00f1ada con m\u00faltiples bordes y esquinas, que pueden reflejar la calidad y el color del producto en diferentes \u00e1ngulos. El producto est\u00e1 hecho de material de vidrio ultra claro de alta calidad, lo que hace que la botella sea m\u00e1s transparente, hermosa y elegante. Generalmente, los clientes elegir\u00e1n botellas de 750 ml o 700 ml, porque estos dos tama\u00f1os son la capacidad aceptada internacionalmente. Por supuesto, tambi\u00e9n podemos producir botellas de diferentes capacidades seg\u00fan las necesidades del cliente. Adem\u00e1s, ofrecemos una variedad de tapas de botellas para que los clientes elijan.<\/p>\n<p><img decoding=\"async\" class=\"aligncenter wp-image-2420 size-full\" src=\"https:\/\/glassbottlewholesale.com\/wp-content\/uploads\/2020\/12\/WX20201229-154422.png\" alt=\"tapas de botella\" width=\"752\" height=\"452\" srcset=\"https:\/\/glassbottlewholesale.com\/wp-content\/uploads\/2020\/12\/WX20201229-154422.png 752w, https:\/\/glassbottlewholesale.com\/wp-content\/uploads\/2020\/12\/WX20201229-154422-300x180.png 300w, https:\/\/glassbottlewholesale.com\/wp-content\/uploads\/2020\/12\/WX20201229-154422-600x361.png 600w\" sizes=\"(max-width: 752px) 100vw, 752px\" \/><\/p>\n<p>&nbsp;<\/p>\n<p>&nbsp;<\/p>","protected":false},"excerpt":{"rendered":"<p>Fundada en 2009, Ruisheng Glass Co, Ltd, un fabricante de botellas de vidrio para bebidas espirituosas muy especializado en todo tipo de dise\u00f1o y fabricaci\u00f3n de botellas de vidrio, ofrece servicio mayorista de botellas de licor de 375 ml. Ruisheng Glass es un proveedor conjunto de botellas de vidrio muy poco com\u00fan que puede combinar diferentes gamas de t\u00e9cnicas para fabricar vasos tanto en botellas de vidrio hechas a medida como en dise\u00f1os est\u00e1ndar a un costo justo. Suministramos a los clientes productos de calidad que satisfacen plenamente sus necesidades a tiempo.<\/p>\n<div><strong><span class=\"mceItemHidden\"><span class=\"hiddenSpellError\">\u2013<\/span><span class=\"hiddenSpellError\">Cantidad m\u00ednima de pedido<\/span>: 10000 PCS (alrededor de 10000-30000<span class=\"hiddenSpellError\">piezas<\/span>)<\/span><\/strong><\/div>\n<div><span class=\"mceItemHidden\"><span class=\"hiddenSpellError\">-Gratis<\/span>\u00a0Muestra ofrecida.<\/span><\/div>\n<div><span class=\"mceItemHidden\"><span class=\"hiddenSpellError\">-Global<\/span>\u00a0Entrega en 30 d\u00edas.<\/span><\/div>\n<div><\/div>","protected":false},"featured_media":4769,"comment_status":"open","ping_status":"closed","template":"","meta":[],"product_brand":[],"product_cat":[53,49,51,52,63],"product_tag":[],"class_list":{"0":"post-2550","1":"product","2":"type-product","3":"status-publish","4":"has-post-thumbnail","6":"product_cat-1000ml-glass-bottle","7":"product_cat-375ml-glass-bottle","8":"product_cat-700ml-glass-bottle","9":"product_cat-750ml-glass-bottle","10":"product_cat-liquor-bottle","11":"entry","12":"has-media","14":"first","15":"instock","16":"shipping-taxable","17":"product-type-simple"},"yoast_head":"<!-- This site is optimized with the Yoast SEO plugin v27.3 - https:\/\/yoast.com\/product\/yoast-seo-wordpress\/ -->\n<title>375ml Liquor Bottle Wholesale | Glass Spirit Bottle Manufacturers<\/title>\n<meta name=\"description\" content=\"Ruisheng Glass Co, Ltd, a professional glass spirit bottle manufacturers in China, provide 375ml liquor bottle wholesale at factory outlet price.\" \/>\n<meta name=\"robots\" content=\"index, follow, max-snippet:-1, max-image-preview:large, max-video-preview:-1\" \/>\n<link rel=\"canonical\" href=\"https:\/\/ruishengglassco.com\/product\/rs013-1000ml-750ml-700ml-375ml-glass-liquor-bottle-wholesale\" \/>\n<meta property=\"og:locale\" content=\"es_ES\" \/>\n<meta property=\"og:type\" content=\"article\" \/>\n<meta property=\"og:title\" content=\"375ml Liquor Bottle Wholesale | Glass Spirit Bottle Manufacturers\" \/>\n<meta property=\"og:description\" content=\"Ruisheng Glass Co, Ltd, a professional glass spirit bottle manufacturers in China, provide 375ml liquor bottle wholesale at factory outlet price.\" \/>\n<meta property=\"og:url\" content=\"https:\/\/ruishengglassco.com\/product\/rs013-1000ml-750ml-700ml-375ml-glass-liquor-bottle-wholesale\" \/>\n<meta property=\"og:site_name\" content=\"Glass Bottle Wholesale\" \/>\n<meta property=\"article:modified_time\" content=\"2025-02-21T17:56:30+00:00\" \/>\n<meta property=\"og:image\" content=\"https:\/\/glassbottlewholesale.com\/wp-content\/uploads\/2024\/04\/glass-bottle-manufacturing20.png\" \/>\n\t<meta property=\"og:image:width\" content=\"800\" \/>\n\t<meta property=\"og:image:height\" content=\"800\" \/>\n\t<meta property=\"og:image:type\" content=\"image\/png\" \/>\n<meta name=\"twitter:card\" content=\"summary_large_image\" \/>\n<meta name=\"twitter:label1\" content=\"Tiempo de lectura\" \/>\n\t<meta name=\"twitter:data1\" content=\"2 minutos\" \/>\n<script type=\"application\/ld+json\" class=\"yoast-schema-graph\">{\"@context\":\"https:\\\/\\\/schema.org\",\"@graph\":[{\"@type\":\"WebPage\",\"@id\":\"https:\\\/\\\/glassbottlewholesale.com\\\/1000ml-750ml-700ml-375ml-glass-liquor-bottle-wholesale\\\/\",\"url\":\"https:\\\/\\\/ruishengglassco.com\\\/product\\\/rs013-1000ml-750ml-700ml-375ml-glass-liquor-bottle-wholesale\",\"name\":\"375ml Liquor Bottle Wholesale | Glass Spirit Bottle Manufacturers\",\"isPartOf\":{\"@id\":\"https:\\\/\\\/glassbottlewholesale.com\\\/#website\"},\"primaryImageOfPage\":{\"@id\":\"https:\\\/\\\/ruishengglassco.com\\\/product\\\/rs013-1000ml-750ml-700ml-375ml-glass-liquor-bottle-wholesale#primaryimage\"},\"image\":{\"@id\":\"https:\\\/\\\/ruishengglassco.com\\\/product\\\/rs013-1000ml-750ml-700ml-375ml-glass-liquor-bottle-wholesale#primaryimage\"},\"thumbnailUrl\":\"https:\\\/\\\/glassbottlewholesale.com\\\/wp-content\\\/uploads\\\/2024\\\/04\\\/glass-bottle-manufacturing20.png\",\"datePublished\":\"2021-03-17T03:19:03+00:00\",\"dateModified\":\"2025-02-21T17:56:30+00:00\",\"description\":\"Ruisheng Glass Co, Ltd, a professional glass spirit bottle manufacturers in China, provide 375ml liquor bottle wholesale at factory outlet price.\",\"breadcrumb\":{\"@id\":\"https:\\\/\\\/ruishengglassco.com\\\/product\\\/rs013-1000ml-750ml-700ml-375ml-glass-liquor-bottle-wholesale#breadcrumb\"},\"inLanguage\":\"es\",\"potentialAction\":[{\"@type\":\"ReadAction\",\"target\":[\"https:\\\/\\\/ruishengglassco.com\\\/product\\\/rs013-1000ml-750ml-700ml-375ml-glass-liquor-bottle-wholesale\"]}]},{\"@type\":\"ImageObject\",\"inLanguage\":\"es\",\"@id\":\"https:\\\/\\\/ruishengglassco.com\\\/product\\\/rs013-1000ml-750ml-700ml-375ml-glass-liquor-bottle-wholesale#primaryimage\",\"url\":\"https:\\\/\\\/glassbottlewholesale.com\\\/wp-content\\\/uploads\\\/2024\\\/04\\\/glass-bottle-manufacturing20.png\",\"contentUrl\":\"https:\\\/\\\/glassbottlewholesale.com\\\/wp-content\\\/uploads\\\/2024\\\/04\\\/glass-bottle-manufacturing20.png\",\"width\":800,\"height\":800,\"caption\":\"RS013: 1000ml\\\/750ml\\\/700ml\\\/375ml Glass Liquor Bottle Wholesale\"},{\"@type\":\"BreadcrumbList\",\"@id\":\"https:\\\/\\\/ruishengglassco.com\\\/product\\\/rs013-1000ml-750ml-700ml-375ml-glass-liquor-bottle-wholesale#breadcrumb\",\"itemListElement\":[{\"@type\":\"ListItem\",\"position\":1,\"name\":\"Home\",\"item\":\"https:\\\/\\\/glassbottlewholesale.com\\\/\"},{\"@type\":\"ListItem\",\"position\":2,\"name\":\"Products\",\"item\":\"https:\\\/\\\/glassbottlewholesale.com\\\/shop\\\/\"},{\"@type\":\"ListItem\",\"position\":3,\"name\":\"RS013: 1000ml\\\/750ml\\\/700ml\\\/375ml Glass Liquor Bottle Wholesale\"}]},{\"@type\":\"WebSite\",\"@id\":\"https:\\\/\\\/glassbottlewholesale.com\\\/#website\",\"url\":\"https:\\\/\\\/glassbottlewholesale.com\\\/\",\"name\":\"Glass Bottle Wholesale\",\"description\":\"\",\"publisher\":{\"@id\":\"https:\\\/\\\/glassbottlewholesale.com\\\/#organization\"},\"potentialAction\":[{\"@type\":\"SearchAction\",\"target\":{\"@type\":\"EntryPoint\",\"urlTemplate\":\"https:\\\/\\\/glassbottlewholesale.com\\\/?s={search_term_string}\"},\"query-input\":{\"@type\":\"PropertyValueSpecification\",\"valueRequired\":true,\"valueName\":\"search_term_string\"}}],\"inLanguage\":\"es\"},{\"@type\":\"Organization\",\"@id\":\"https:\\\/\\\/glassbottlewholesale.com\\\/#organization\",\"name\":\"Glass Bottle Wholesale\",\"url\":\"https:\\\/\\\/glassbottlewholesale.com\\\/\",\"logo\":{\"@type\":\"ImageObject\",\"inLanguage\":\"es\",\"@id\":\"https:\\\/\\\/glassbottlewholesale.com\\\/#\\\/schema\\\/logo\\\/image\\\/\",\"url\":\"https:\\\/\\\/glassbottlewholesale.com\\\/wp-content\\\/uploads\\\/2023\\\/12\\\/ruisheng-logo.webp\",\"contentUrl\":\"https:\\\/\\\/glassbottlewholesale.com\\\/wp-content\\\/uploads\\\/2023\\\/12\\\/ruisheng-logo.webp\",\"width\":400,\"height\":233,\"caption\":\"Glass Bottle Wholesale\"},\"image\":{\"@id\":\"https:\\\/\\\/glassbottlewholesale.com\\\/#\\\/schema\\\/logo\\\/image\\\/\"}}]}<\/script>\n<!-- \/ Yoast SEO plugin. -->","yoast_head_json":{"title":"Botella de licor de 375 ml al por mayor | Fabricantes de botellas de alcohol de vidrio","description":"Ruisheng Glass Co, Ltd, un fabricante profesional de botellas de licor de vidrio en China, ofrece botellas de licor de 375 ml al por mayor a precio de f\u00e1brica.","robots":{"index":"index","follow":"follow","max-snippet":"max-snippet:-1","max-image-preview":"max-image-preview:large","max-video-preview":"max-video-preview:-1"},"canonical":"https:\/\/ruishengglassco.com\/product\/rs013-1000ml-750ml-700ml-375ml-glass-liquor-bottle-wholesale","og_locale":"es_ES","og_type":"article","og_title":"375ml Liquor Bottle Wholesale | Glass Spirit Bottle Manufacturers","og_description":"Ruisheng Glass Co, Ltd, a professional glass spirit bottle manufacturers in China, provide 375ml liquor bottle wholesale at factory outlet price.","og_url":"https:\/\/ruishengglassco.com\/product\/rs013-1000ml-750ml-700ml-375ml-glass-liquor-bottle-wholesale","og_site_name":"Glass Bottle Wholesale","article_modified_time":"2025-02-21T17:56:30+00:00","og_image":[{"width":800,"height":800,"url":"https:\/\/glassbottlewholesale.com\/wp-content\/uploads\/2024\/04\/glass-bottle-manufacturing20.png","type":"image\/png"}],"twitter_card":"summary_large_image","twitter_misc":{"Tiempo de lectura":"2 minutos"},"schema":{"@context":"https:\/\/schema.org","@graph":[{"@type":"WebPage","@id":"https:\/\/glassbottlewholesale.com\/1000ml-750ml-700ml-375ml-glass-liquor-bottle-wholesale\/","url":"https:\/\/ruishengglassco.com\/product\/rs013-1000ml-750ml-700ml-375ml-glass-liquor-bottle-wholesale","name":"Botella de licor de 375 ml al por mayor | Fabricantes de botellas de alcohol de vidrio","isPartOf":{"@id":"https:\/\/glassbottlewholesale.com\/#website"},"primaryImageOfPage":{"@id":"https:\/\/ruishengglassco.com\/product\/rs013-1000ml-750ml-700ml-375ml-glass-liquor-bottle-wholesale#primaryimage"},"image":{"@id":"https:\/\/ruishengglassco.com\/product\/rs013-1000ml-750ml-700ml-375ml-glass-liquor-bottle-wholesale#primaryimage"},"thumbnailUrl":"https:\/\/glassbottlewholesale.com\/wp-content\/uploads\/2024\/04\/glass-bottle-manufacturing20.png","datePublished":"2021-03-17T03:19:03+00:00","dateModified":"2025-02-21T17:56:30+00:00","description":"Ruisheng Glass Co, Ltd, un fabricante profesional de botellas de licor de vidrio en China, ofrece botellas de licor de 375 ml al por mayor a precio de f\u00e1brica.","breadcrumb":{"@id":"https:\/\/ruishengglassco.com\/product\/rs013-1000ml-750ml-700ml-375ml-glass-liquor-bottle-wholesale#breadcrumb"},"inLanguage":"es","potentialAction":[{"@type":"ReadAction","target":["https:\/\/ruishengglassco.com\/product\/rs013-1000ml-750ml-700ml-375ml-glass-liquor-bottle-wholesale"]}]},{"@type":"ImageObject","inLanguage":"es","@id":"https:\/\/ruishengglassco.com\/product\/rs013-1000ml-750ml-700ml-375ml-glass-liquor-bottle-wholesale#primaryimage","url":"https:\/\/glassbottlewholesale.com\/wp-content\/uploads\/2024\/04\/glass-bottle-manufacturing20.png","contentUrl":"https:\/\/glassbottlewholesale.com\/wp-content\/uploads\/2024\/04\/glass-bottle-manufacturing20.png","width":800,"height":800,"caption":"RS013: 1000ml\/750ml\/700ml\/375ml Glass Liquor Bottle Wholesale"},{"@type":"BreadcrumbList","@id":"https:\/\/ruishengglassco.com\/product\/rs013-1000ml-750ml-700ml-375ml-glass-liquor-bottle-wholesale#breadcrumb","itemListElement":[{"@type":"ListItem","position":1,"name":"Home","item":"https:\/\/glassbottlewholesale.com\/"},{"@type":"ListItem","position":2,"name":"Products","item":"https:\/\/glassbottlewholesale.com\/shop\/"},{"@type":"ListItem","position":3,"name":"RS013: 1000ml\/750ml\/700ml\/375ml Glass Liquor Bottle Wholesale"}]},{"@type":"WebSite","@id":"https:\/\/glassbottlewholesale.com\/#website","url":"https:\/\/glassbottlewholesale.com\/","name":"Glass Bottle Wholesale","description":"","publisher":{"@id":"https:\/\/glassbottlewholesale.com\/#organization"},"potentialAction":[{"@type":"SearchAction","target":{"@type":"EntryPoint","urlTemplate":"https:\/\/glassbottlewholesale.com\/?s={search_term_string}"},"query-input":{"@type":"PropertyValueSpecification","valueRequired":true,"valueName":"search_term_string"}}],"inLanguage":"es"},{"@type":"Organization","@id":"https:\/\/glassbottlewholesale.com\/#organization","name":"Glass Bottle Wholesale","url":"https:\/\/glassbottlewholesale.com\/","logo":{"@type":"ImageObject","inLanguage":"es","@id":"https:\/\/glassbottlewholesale.com\/#\/schema\/logo\/image\/","url":"https:\/\/glassbottlewholesale.com\/wp-content\/uploads\/2023\/12\/ruisheng-logo.webp","contentUrl":"https:\/\/glassbottlewholesale.com\/wp-content\/uploads\/2023\/12\/ruisheng-logo.webp","width":400,"height":233,"caption":"Glass Bottle Wholesale"},"image":{"@id":"https:\/\/glassbottlewholesale.com\/#\/schema\/logo\/image\/"}}]}},"_links":{"self":[{"href":"https:\/\/glassbottlewholesale.com\/es\/wp-json\/wp\/v2\/product\/2550","targetHints":{"allow":["GET"]}}],"collection":[{"href":"https:\/\/glassbottlewholesale.com\/es\/wp-json\/wp\/v2\/product"}],"about":[{"href":"https:\/\/glassbottlewholesale.com\/es\/wp-json\/wp\/v2\/types\/product"}],"replies":[{"embeddable":true,"href":"https:\/\/glassbottlewholesale.com\/es\/wp-json\/wp\/v2\/comments?post=2550"}],"wp:featuredmedia":[{"embeddable":true,"href":"https:\/\/glassbottlewholesale.com\/es\/wp-json\/wp\/v2\/media\/4769"}],"wp:attachment":[{"href":"https:\/\/glassbottlewholesale.com\/es\/wp-json\/wp\/v2\/media?parent=2550"}],"wp:term":[{"taxonomy":"product_brand","embeddable":true,"href":"https:\/\/glassbottlewholesale.com\/es\/wp-json\/wp\/v2\/product_brand?post=2550"},{"taxonomy":"product_cat","embeddable":true,"href":"https:\/\/glassbottlewholesale.com\/es\/wp-json\/wp\/v2\/product_cat?post=2550"},{"taxonomy":"product_tag","embeddable":true,"href":"https:\/\/glassbottlewholesale.com\/es\/wp-json\/wp\/v2\/product_tag?post=2550"}],"curies":[{"name":"wp","href":"https:\/\/api.w.org\/{rel}","templated":true}]}}