{"id":2572,"date":"2021-03-17T03:24:56","date_gmt":"2021-03-17T03:24:56","guid":{"rendered":"https:\/\/glassbottlewholesale.com\/?post_type=product&#038;p=2572"},"modified":"2025-06-23T08:59:59","modified_gmt":"2025-06-23T08:59:59","slug":"botellas-de-vidrio-para-bebidas-de-375-ml-al-por-mayor","status":"publish","type":"product","link":"https:\/\/glassbottlewholesale.com\/es\/botellas-de-vidrio-para-bebidas-de-375-ml-al-por-mayor\/","title":{"rendered":"RS011: Botellas de vidrio para bebidas de 375 ml al por mayor"},"content":{"rendered":"<h4>Informaci\u00f3n detallada sobre 375ml Glass Beverage Bottles Wholesale<\/h4>\n<p>Esta serie de botellas de vidrio de 375ml est\u00e1 dise\u00f1ada principalmente para el envasado de licores, zumos, leche, champ\u00e1n y otras bebidas. Las botellas de bebidas vac\u00edas al por mayor adoptan material de vidrio de alto pedernal que no es perjudicial para el cuerpo humano y puede ser reciclado de nuevo para proteger el medio ambiente.<\/p>\n<ul>\n<li>Nombre del modelo: 375ml botellas de vidrio para bebidas al por mayor<\/li>\n<li>N\u00famero de modelo: RS011<\/li>\n<li>Nombre de la marca: RUISHENG<\/li>\n<li><strong>Cantidad m\u00ednima de pedido: 10000 unidades<\/strong><\/li>\n<li>Capacidad: 375ml\/500ml\/700ml\/750ml\/personalizado<\/li>\n<li>Manejo de superficies: estampado en caliente, escarcha, calcoman\u00eda, relieve, serigraf\u00eda<\/li>\n<li>Material: vidrio s\u00faper pedernal<\/li>\n<li>Material del collar: botella de vidrio transparente<\/li>\n<li>Tipo de sellado: tap\u00f3n de rosca, corcho, tap\u00f3n de vidrio, tap\u00f3n giratorio<\/li>\n<li>Uso: Botella de Ron\/Ginebra\/Whisky<\/li>\n<li>Lugar de origen: Shandong, China<\/li>\n<li>Paquete: cajas de cart\u00f3n y paletas de exportaci\u00f3n est\u00e1ndar<\/li>\n<li>Servicio: Servicio OEM\/ODM<\/li>\n<\/ul>\n<p>La botella de bebida al por mayor que se muestra en la imagen es producida por nuestro propio molde de botella de vidrio. Si lo necesita, puede elegir moldes libres en nuestra empresa para la producci\u00f3n. Por supuesto, usted puede proporcionar dibujos o fotos, y vamos a producir de acuerdo a sus necesidades.<\/p>\n<p>Ofrecemos las siguientes tapas de botella para que los clientes elijan. Puede elegir la tapa seg\u00fan las necesidades del producto.<\/p>\n<p><img decoding=\"async\" class=\"aligncenter wp-image-2420 size-full\" src=\"https:\/\/glassbottlewholesale.com\/wp-content\/uploads\/2020\/12\/WX20201229-154422.png\" alt=\"tapas de botella\" width=\"752\" height=\"452\" srcset=\"https:\/\/glassbottlewholesale.com\/wp-content\/uploads\/2020\/12\/WX20201229-154422.png 752w, https:\/\/glassbottlewholesale.com\/wp-content\/uploads\/2020\/12\/WX20201229-154422-300x180.png 300w, https:\/\/glassbottlewholesale.com\/wp-content\/uploads\/2020\/12\/WX20201229-154422-600x361.png 600w\" sizes=\"(max-width: 752px) 100vw, 752px\" \/><\/p>\n<p>&nbsp;<\/p>","protected":false},"excerpt":{"rendered":"<p>Ruisheng, uno de los principales fabricantes de plantas embotelladoras de licores de China, ofrece <strong>Botellas de vidrio para bebidas de 375 ml al por mayor <\/strong>para licores, zumos, leche, champ\u00e1n y otras bebidas. Como fabricante y proveedor profesional de botellas de vidrio, nuestra empresa ofrece servicio de botellas de vidrio OEM\/ODM\/Custom seg\u00fan los requisitos de nuestros clientes.<\/p>\n<h4>Preocupado Detalle sobre <strong>Botellas de vidrio para bebidas de 375 ml al por mayor<\/strong><\/h4>\n<div><strong><span class=\"mceItemHidden\"><span class=\"hiddenSpellError\">\u2013<\/span><span class=\"hiddenSpellError\">Cantidad m\u00ednima de pedido<\/span>: 10000 PCS (alrededor de 10000<span class=\"hiddenSpellError\">piezas<\/span>)<\/span><\/strong><\/div>\n<div><span class=\"mceItemHidden\"><span class=\"hiddenSpellError\">-Gratis<\/span>\u00a0Muestra ofrecida.<\/span><\/div>\n<div><span class=\"mceItemHidden\"><span class=\"hiddenSpellError\">-Entrega gratuita de muestras en 7 d\u00edas. Pedido a granel<\/span> Entrega en 30 d\u00edas.<\/span><\/div>\n<div>Si desea obtener m\u00e1s informaci\u00f3n acerca de botellas de vidrio para bebidas al por mayor, por favor<a href=\"https:\/\/ruishengglassco.com\/contact\" target=\"_blank\" rel=\"noopener\"> Cont\u00e1ctenos<\/a> para saber m\u00e1s.<\/div>","protected":false},"featured_media":4766,"comment_status":"open","ping_status":"closed","template":"","meta":[],"product_brand":[],"product_cat":[49,52,55,63],"product_tag":[],"class_list":{"0":"post-2572","1":"product","2":"type-product","3":"status-publish","4":"has-post-thumbnail","6":"product_cat-375ml-glass-bottle","7":"product_cat-750ml-glass-bottle","8":"product_cat-custom-glass-bottle","9":"product_cat-liquor-bottle","10":"entry","11":"has-media","13":"first","14":"instock","15":"shipping-taxable","16":"product-type-simple"},"yoast_head":"<!-- This site is optimized with the Yoast SEO plugin v27.3 - https:\/\/yoast.com\/product\/yoast-seo-wordpress\/ -->\n<title>Glass Beverage Bottles Wholesale | Liquor Bottling Plant Manufacturers<\/title>\n<meta name=\"description\" content=\"Ruisheng, one of the leading liquor bottling plant manufacturers in China, provides 375ml Glass Beverage Bottles Wholesale for liquor, juice, milk, champagne, and other drinks.\" \/>\n<meta name=\"robots\" content=\"index, follow, max-snippet:-1, max-image-preview:large, max-video-preview:-1\" \/>\n<link rel=\"canonical\" href=\"https:\/\/ruishengglassco.com\/product\/rs011-375ml-glass-beverage-bottles-wholesale\" \/>\n<meta property=\"og:locale\" content=\"es_ES\" \/>\n<meta property=\"og:type\" content=\"article\" \/>\n<meta property=\"og:title\" content=\"Glass Beverage Bottles Wholesale | Liquor Bottling Plant Manufacturers\" \/>\n<meta property=\"og:description\" content=\"Ruisheng, one of the leading liquor bottling plant manufacturers in China, provides 375ml Glass Beverage Bottles Wholesale for liquor, juice, milk, champagne, and other drinks.\" \/>\n<meta property=\"og:url\" content=\"https:\/\/ruishengglassco.com\/product\/rs011-375ml-glass-beverage-bottles-wholesale\" \/>\n<meta property=\"og:site_name\" content=\"Glass Bottle Wholesale\" \/>\n<meta property=\"article:modified_time\" content=\"2025-06-23T08:59:59+00:00\" \/>\n<meta property=\"og:image\" content=\"https:\/\/glassbottlewholesale.com\/wp-content\/uploads\/2024\/04\/glass-bottle-manufacturing19.png\" \/>\n\t<meta property=\"og:image:width\" content=\"800\" \/>\n\t<meta property=\"og:image:height\" content=\"800\" \/>\n\t<meta property=\"og:image:type\" content=\"image\/png\" \/>\n<meta name=\"twitter:card\" content=\"summary_large_image\" \/>\n<meta name=\"twitter:label1\" content=\"Tiempo de lectura\" \/>\n\t<meta name=\"twitter:data1\" content=\"2 minutos\" \/>\n<script type=\"application\/ld+json\" class=\"yoast-schema-graph\">{\"@context\":\"https:\\\/\\\/schema.org\",\"@graph\":[{\"@type\":\"WebPage\",\"@id\":\"https:\\\/\\\/glassbottlewholesale.com\\\/375ml-glass-beverage-bottles-wholesale\\\/\",\"url\":\"https:\\\/\\\/ruishengglassco.com\\\/product\\\/rs011-375ml-glass-beverage-bottles-wholesale\",\"name\":\"Glass Beverage Bottles Wholesale | Liquor Bottling Plant Manufacturers\",\"isPartOf\":{\"@id\":\"https:\\\/\\\/glassbottlewholesale.com\\\/#website\"},\"primaryImageOfPage\":{\"@id\":\"https:\\\/\\\/ruishengglassco.com\\\/product\\\/rs011-375ml-glass-beverage-bottles-wholesale#primaryimage\"},\"image\":{\"@id\":\"https:\\\/\\\/ruishengglassco.com\\\/product\\\/rs011-375ml-glass-beverage-bottles-wholesale#primaryimage\"},\"thumbnailUrl\":\"https:\\\/\\\/glassbottlewholesale.com\\\/wp-content\\\/uploads\\\/2024\\\/04\\\/glass-bottle-manufacturing19.png\",\"datePublished\":\"2021-03-17T03:24:56+00:00\",\"dateModified\":\"2025-06-23T08:59:59+00:00\",\"description\":\"Ruisheng, one of the leading liquor bottling plant manufacturers in China, provides 375ml Glass Beverage Bottles Wholesale for liquor, juice, milk, champagne, and other drinks.\",\"breadcrumb\":{\"@id\":\"https:\\\/\\\/ruishengglassco.com\\\/product\\\/rs011-375ml-glass-beverage-bottles-wholesale#breadcrumb\"},\"inLanguage\":\"es\",\"potentialAction\":[{\"@type\":\"ReadAction\",\"target\":[\"https:\\\/\\\/ruishengglassco.com\\\/product\\\/rs011-375ml-glass-beverage-bottles-wholesale\"]}]},{\"@type\":\"ImageObject\",\"inLanguage\":\"es\",\"@id\":\"https:\\\/\\\/ruishengglassco.com\\\/product\\\/rs011-375ml-glass-beverage-bottles-wholesale#primaryimage\",\"url\":\"https:\\\/\\\/glassbottlewholesale.com\\\/wp-content\\\/uploads\\\/2024\\\/04\\\/glass-bottle-manufacturing19.png\",\"contentUrl\":\"https:\\\/\\\/glassbottlewholesale.com\\\/wp-content\\\/uploads\\\/2024\\\/04\\\/glass-bottle-manufacturing19.png\",\"width\":800,\"height\":800,\"caption\":\"RS011: 375ml Glass Beverage Bottles Wholesale\"},{\"@type\":\"BreadcrumbList\",\"@id\":\"https:\\\/\\\/ruishengglassco.com\\\/product\\\/rs011-375ml-glass-beverage-bottles-wholesale#breadcrumb\",\"itemListElement\":[{\"@type\":\"ListItem\",\"position\":1,\"name\":\"Home\",\"item\":\"https:\\\/\\\/glassbottlewholesale.com\\\/\"},{\"@type\":\"ListItem\",\"position\":2,\"name\":\"Products\",\"item\":\"https:\\\/\\\/glassbottlewholesale.com\\\/shop\\\/\"},{\"@type\":\"ListItem\",\"position\":3,\"name\":\"RS011: 375ml Glass Beverage Bottles Wholesale\"}]},{\"@type\":\"WebSite\",\"@id\":\"https:\\\/\\\/glassbottlewholesale.com\\\/#website\",\"url\":\"https:\\\/\\\/glassbottlewholesale.com\\\/\",\"name\":\"Glass Bottle Wholesale\",\"description\":\"\",\"publisher\":{\"@id\":\"https:\\\/\\\/glassbottlewholesale.com\\\/#organization\"},\"potentialAction\":[{\"@type\":\"SearchAction\",\"target\":{\"@type\":\"EntryPoint\",\"urlTemplate\":\"https:\\\/\\\/glassbottlewholesale.com\\\/?s={search_term_string}\"},\"query-input\":{\"@type\":\"PropertyValueSpecification\",\"valueRequired\":true,\"valueName\":\"search_term_string\"}}],\"inLanguage\":\"es\"},{\"@type\":\"Organization\",\"@id\":\"https:\\\/\\\/glassbottlewholesale.com\\\/#organization\",\"name\":\"Glass Bottle Wholesale\",\"url\":\"https:\\\/\\\/glassbottlewholesale.com\\\/\",\"logo\":{\"@type\":\"ImageObject\",\"inLanguage\":\"es\",\"@id\":\"https:\\\/\\\/glassbottlewholesale.com\\\/#\\\/schema\\\/logo\\\/image\\\/\",\"url\":\"https:\\\/\\\/glassbottlewholesale.com\\\/wp-content\\\/uploads\\\/2023\\\/12\\\/ruisheng-logo.webp\",\"contentUrl\":\"https:\\\/\\\/glassbottlewholesale.com\\\/wp-content\\\/uploads\\\/2023\\\/12\\\/ruisheng-logo.webp\",\"width\":400,\"height\":233,\"caption\":\"Glass Bottle Wholesale\"},\"image\":{\"@id\":\"https:\\\/\\\/glassbottlewholesale.com\\\/#\\\/schema\\\/logo\\\/image\\\/\"}}]}<\/script>\n<!-- \/ Yoast SEO plugin. -->","yoast_head_json":{"title":"Glass Beverage Bottles Wholesale | Liquor Bottling Plant Manufacturers","description":"Ruisheng, one of the leading liquor bottling plant manufacturers in China, provides 375ml Glass Beverage Bottles Wholesale for liquor, juice, milk, champagne, and other drinks.","robots":{"index":"index","follow":"follow","max-snippet":"max-snippet:-1","max-image-preview":"max-image-preview:large","max-video-preview":"max-video-preview:-1"},"canonical":"https:\/\/ruishengglassco.com\/product\/rs011-375ml-glass-beverage-bottles-wholesale","og_locale":"es_ES","og_type":"article","og_title":"Glass Beverage Bottles Wholesale | Liquor Bottling Plant Manufacturers","og_description":"Ruisheng, one of the leading liquor bottling plant manufacturers in China, provides 375ml Glass Beverage Bottles Wholesale for liquor, juice, milk, champagne, and other drinks.","og_url":"https:\/\/ruishengglassco.com\/product\/rs011-375ml-glass-beverage-bottles-wholesale","og_site_name":"Glass Bottle Wholesale","article_modified_time":"2025-06-23T08:59:59+00:00","og_image":[{"width":800,"height":800,"url":"https:\/\/glassbottlewholesale.com\/wp-content\/uploads\/2024\/04\/glass-bottle-manufacturing19.png","type":"image\/png"}],"twitter_card":"summary_large_image","twitter_misc":{"Tiempo de lectura":"2 minutos"},"schema":{"@context":"https:\/\/schema.org","@graph":[{"@type":"WebPage","@id":"https:\/\/glassbottlewholesale.com\/375ml-glass-beverage-bottles-wholesale\/","url":"https:\/\/ruishengglassco.com\/product\/rs011-375ml-glass-beverage-bottles-wholesale","name":"Glass Beverage Bottles Wholesale | Liquor Bottling Plant Manufacturers","isPartOf":{"@id":"https:\/\/glassbottlewholesale.com\/#website"},"primaryImageOfPage":{"@id":"https:\/\/ruishengglassco.com\/product\/rs011-375ml-glass-beverage-bottles-wholesale#primaryimage"},"image":{"@id":"https:\/\/ruishengglassco.com\/product\/rs011-375ml-glass-beverage-bottles-wholesale#primaryimage"},"thumbnailUrl":"https:\/\/glassbottlewholesale.com\/wp-content\/uploads\/2024\/04\/glass-bottle-manufacturing19.png","datePublished":"2021-03-17T03:24:56+00:00","dateModified":"2025-06-23T08:59:59+00:00","description":"Ruisheng, one of the leading liquor bottling plant manufacturers in China, provides 375ml Glass Beverage Bottles Wholesale for liquor, juice, milk, champagne, and other drinks.","breadcrumb":{"@id":"https:\/\/ruishengglassco.com\/product\/rs011-375ml-glass-beverage-bottles-wholesale#breadcrumb"},"inLanguage":"es","potentialAction":[{"@type":"ReadAction","target":["https:\/\/ruishengglassco.com\/product\/rs011-375ml-glass-beverage-bottles-wholesale"]}]},{"@type":"ImageObject","inLanguage":"es","@id":"https:\/\/ruishengglassco.com\/product\/rs011-375ml-glass-beverage-bottles-wholesale#primaryimage","url":"https:\/\/glassbottlewholesale.com\/wp-content\/uploads\/2024\/04\/glass-bottle-manufacturing19.png","contentUrl":"https:\/\/glassbottlewholesale.com\/wp-content\/uploads\/2024\/04\/glass-bottle-manufacturing19.png","width":800,"height":800,"caption":"RS011: 375ml Glass Beverage Bottles Wholesale"},{"@type":"BreadcrumbList","@id":"https:\/\/ruishengglassco.com\/product\/rs011-375ml-glass-beverage-bottles-wholesale#breadcrumb","itemListElement":[{"@type":"ListItem","position":1,"name":"Home","item":"https:\/\/glassbottlewholesale.com\/"},{"@type":"ListItem","position":2,"name":"Products","item":"https:\/\/glassbottlewholesale.com\/shop\/"},{"@type":"ListItem","position":3,"name":"RS011: 375ml Glass Beverage Bottles Wholesale"}]},{"@type":"WebSite","@id":"https:\/\/glassbottlewholesale.com\/#website","url":"https:\/\/glassbottlewholesale.com\/","name":"Glass Bottle Wholesale","description":"","publisher":{"@id":"https:\/\/glassbottlewholesale.com\/#organization"},"potentialAction":[{"@type":"SearchAction","target":{"@type":"EntryPoint","urlTemplate":"https:\/\/glassbottlewholesale.com\/?s={search_term_string}"},"query-input":{"@type":"PropertyValueSpecification","valueRequired":true,"valueName":"search_term_string"}}],"inLanguage":"es"},{"@type":"Organization","@id":"https:\/\/glassbottlewholesale.com\/#organization","name":"Glass Bottle Wholesale","url":"https:\/\/glassbottlewholesale.com\/","logo":{"@type":"ImageObject","inLanguage":"es","@id":"https:\/\/glassbottlewholesale.com\/#\/schema\/logo\/image\/","url":"https:\/\/glassbottlewholesale.com\/wp-content\/uploads\/2023\/12\/ruisheng-logo.webp","contentUrl":"https:\/\/glassbottlewholesale.com\/wp-content\/uploads\/2023\/12\/ruisheng-logo.webp","width":400,"height":233,"caption":"Glass Bottle Wholesale"},"image":{"@id":"https:\/\/glassbottlewholesale.com\/#\/schema\/logo\/image\/"}}]}},"_links":{"self":[{"href":"https:\/\/glassbottlewholesale.com\/es\/wp-json\/wp\/v2\/product\/2572","targetHints":{"allow":["GET"]}}],"collection":[{"href":"https:\/\/glassbottlewholesale.com\/es\/wp-json\/wp\/v2\/product"}],"about":[{"href":"https:\/\/glassbottlewholesale.com\/es\/wp-json\/wp\/v2\/types\/product"}],"replies":[{"embeddable":true,"href":"https:\/\/glassbottlewholesale.com\/es\/wp-json\/wp\/v2\/comments?post=2572"}],"wp:featuredmedia":[{"embeddable":true,"href":"https:\/\/glassbottlewholesale.com\/es\/wp-json\/wp\/v2\/media\/4766"}],"wp:attachment":[{"href":"https:\/\/glassbottlewholesale.com\/es\/wp-json\/wp\/v2\/media?parent=2572"}],"wp:term":[{"taxonomy":"product_brand","embeddable":true,"href":"https:\/\/glassbottlewholesale.com\/es\/wp-json\/wp\/v2\/product_brand?post=2572"},{"taxonomy":"product_cat","embeddable":true,"href":"https:\/\/glassbottlewholesale.com\/es\/wp-json\/wp\/v2\/product_cat?post=2572"},{"taxonomy":"product_tag","embeddable":true,"href":"https:\/\/glassbottlewholesale.com\/es\/wp-json\/wp\/v2\/product_tag?post=2572"}],"curies":[{"name":"wp","href":"https:\/\/api.w.org\/{rel}","templated":true}]}}