{"id":2604,"date":"2021-03-23T02:45:34","date_gmt":"2021-03-23T02:45:34","guid":{"rendered":"https:\/\/glassbottlewholesale.com\/?post_type=product&#038;p=2604"},"modified":"2023-12-28T09:53:35","modified_gmt":"2023-12-28T09:53:35","slug":"botella-de-alsace-750ml-proveedor-de-botellas-de-vino-al-por-mayor","status":"publish","type":"product","link":"https:\/\/glassbottlewholesale.com\/es\/botella-de-alsace-750ml-proveedor-de-botellas-de-vino-al-por-mayor\/","title":{"rendered":"RS008: Proveedor mayorista de botellas de vino de botella de Alsacia de 750 ml"},"content":{"rendered":"<h4>Informaci\u00f3n detallada sobre Botella de vino de 750 ml al por mayor-Botella de Alsacia<\/h4>\n<ul>\n<li>Art\u00edculo: Botella Alsacia 750ml Botella de vino al por mayor<\/li>\n<li>Fabricante: Ruisheng Glass Bottle<\/li>\n<li>N\u00famero: RS-008<\/li>\n<li>Capacidad: 700ml, 750ml, 1000ml, 2L<\/li>\n<li>Material: Material de vidrio s\u00faper s\u00edlex, Material de vidrio blanco cristalino, Material de vidrio blanco caro<\/li>\n<li>Uso: Botella de vino de cristal<\/li>\n<li>Superficie: Escarcha, calcoman\u00eda, pintura, estampaci\u00f3n en caliente, relieve, impresi\u00f3n, dorado, serigraf\u00eda<\/li>\n<li>Logotipo: Logotipo del cliente aceptable<\/li>\n<li>Muestra:\n<ul>\n<li>Fabricaci\u00f3n de moldes<\/li>\n<li>Libre por moho existente<\/li>\n<li>Como palabras o su dise\u00f1o<\/li>\n<\/ul>\n<\/li>\n<li>Embalaje: Cart\u00f3n est\u00e1ndar de exportaci\u00f3n; o embalaje en palet; embalaje en caja FGC<\/li>\n<li>Plazo de entrega: 20-30 d\u00edas tras la confirmaci\u00f3n del pedido<\/li>\n<\/ul>\n<p>&nbsp;<\/p>","protected":false},"excerpt":{"rendered":"<p>Ruisheng, un fabricante profesional de botellas de Alsacia, ofrece botellas de vino de 750ml al por mayor para Bodegas, empresas vin\u00edcolas, empresas de envasado de alimentos, mayoristas de botellas de vidrio y minoristas. Esta botella de vino vac\u00eda es tambi\u00e9n conocida como la botella germ\u00e1nica, especialmente dise\u00f1ada para el envasado de botellas de vino.<\/p>\n<p>Como fabricante y proveedor profesional de botellas de vidrio, ofrecemos un servicio de botellas de vino personalizadas para nuestros clientes. Servicio OEM\/ODM ofrecido.<\/p>\n<div><strong><span class=\"mceItemHidden\"><span class=\"hiddenSpellError\">\u2013<\/span><span class=\"hiddenSpellError\">Cantidad m\u00ednima de pedido<\/span>: 10000 PCS (alrededor de 10000\u00a0<span class=\"hiddenSpellError\">piezas<\/span>)<\/span><\/strong><\/div>\n<div><span class=\"mceItemHidden\"><span class=\"hiddenSpellError\">-Gratis<\/span>\u00a0Muestra ofrecida. OEM\/ODM disponible<\/span><\/div>\n<div><span class=\"mceItemHidden\"><span class=\"hiddenSpellError\">-Entrega gratuita de muestras en un plazo de 7 d\u00edas; entrega de pedidos al por mayor en un plazo de 30 d\u00edas tras la confirmaci\u00f3n del pedido.<\/span><\/span><\/div>\n<div><\/div>\n<p>&nbsp;<\/p>","protected":false},"featured_media":4457,"comment_status":"open","ping_status":"closed","template":"","meta":[],"product_brand":[],"product_cat":[52,74],"product_tag":[],"class_list":{"0":"post-2604","1":"product","2":"type-product","3":"status-publish","4":"has-post-thumbnail","6":"product_cat-750ml-glass-bottle","7":"product_cat-wine-bottle","8":"entry","9":"has-media","11":"first","12":"instock","13":"shipping-taxable","14":"product-type-simple"},"yoast_head":"<!-- This site is optimized with the Yoast SEO plugin v27.3 - https:\/\/yoast.com\/product\/yoast-seo-wordpress\/ -->\n<title>750ml Wine Bottle Wholesale Suppliers | Alsace Bottle Manufacturer<\/title>\n<meta name=\"description\" content=\"Ruisheng, a professional Alsace Bottle Manufacturer and supplier, provide 750ml wine bottle wholesale at factory outlet price.\" \/>\n<meta name=\"robots\" content=\"index, follow, max-snippet:-1, max-image-preview:large, max-video-preview:-1\" \/>\n<link rel=\"canonical\" href=\"https:\/\/ruishengglassco.com\/product\/rs008-750ml-alsace-bottle-wine-bottle-wholesale-supplier\" \/>\n<meta property=\"og:locale\" content=\"es_ES\" \/>\n<meta property=\"og:type\" content=\"article\" \/>\n<meta property=\"og:title\" content=\"750ml Wine Bottle Wholesale Suppliers | Alsace Bottle Manufacturer\" \/>\n<meta property=\"og:description\" content=\"Ruisheng, a professional Alsace Bottle Manufacturer and supplier, provide 750ml wine bottle wholesale at factory outlet price.\" \/>\n<meta property=\"og:url\" content=\"https:\/\/ruishengglassco.com\/product\/rs008-750ml-alsace-bottle-wine-bottle-wholesale-supplier\" \/>\n<meta property=\"og:site_name\" content=\"Glass Bottle Wholesale\" \/>\n<meta property=\"article:modified_time\" content=\"2023-12-28T09:53:35+00:00\" \/>\n<meta property=\"og:image\" content=\"https:\/\/glassbottlewholesale.com\/wp-content\/uploads\/2023\/12\/750ml-Alsace-Bottle-Wine-Bottle.png\" \/>\n\t<meta property=\"og:image:width\" content=\"500\" \/>\n\t<meta property=\"og:image:height\" content=\"500\" \/>\n\t<meta property=\"og:image:type\" content=\"image\/png\" \/>\n<meta name=\"twitter:card\" content=\"summary_large_image\" \/>\n<meta name=\"twitter:label1\" content=\"Tiempo de lectura\" \/>\n\t<meta name=\"twitter:data1\" content=\"1 minuto\" \/>\n<script type=\"application\/ld+json\" class=\"yoast-schema-graph\">{\"@context\":\"https:\\\/\\\/schema.org\",\"@graph\":[{\"@type\":\"WebPage\",\"@id\":\"https:\\\/\\\/glassbottlewholesale.com\\\/750ml-alsace-bottle-wine-bottle-wholesale-supplier\\\/\",\"url\":\"https:\\\/\\\/ruishengglassco.com\\\/product\\\/rs008-750ml-alsace-bottle-wine-bottle-wholesale-supplier\",\"name\":\"750ml Wine Bottle Wholesale Suppliers | Alsace Bottle Manufacturer\",\"isPartOf\":{\"@id\":\"https:\\\/\\\/glassbottlewholesale.com\\\/#website\"},\"primaryImageOfPage\":{\"@id\":\"https:\\\/\\\/ruishengglassco.com\\\/product\\\/rs008-750ml-alsace-bottle-wine-bottle-wholesale-supplier#primaryimage\"},\"image\":{\"@id\":\"https:\\\/\\\/ruishengglassco.com\\\/product\\\/rs008-750ml-alsace-bottle-wine-bottle-wholesale-supplier#primaryimage\"},\"thumbnailUrl\":\"https:\\\/\\\/glassbottlewholesale.com\\\/wp-content\\\/uploads\\\/2023\\\/12\\\/750ml-Alsace-Bottle-Wine-Bottle.png\",\"datePublished\":\"2021-03-23T02:45:34+00:00\",\"dateModified\":\"2023-12-28T09:53:35+00:00\",\"description\":\"Ruisheng, a professional Alsace Bottle Manufacturer and supplier, provide 750ml wine bottle wholesale at factory outlet price.\",\"breadcrumb\":{\"@id\":\"https:\\\/\\\/ruishengglassco.com\\\/product\\\/rs008-750ml-alsace-bottle-wine-bottle-wholesale-supplier#breadcrumb\"},\"inLanguage\":\"es\",\"potentialAction\":[{\"@type\":\"ReadAction\",\"target\":[\"https:\\\/\\\/ruishengglassco.com\\\/product\\\/rs008-750ml-alsace-bottle-wine-bottle-wholesale-supplier\"]}]},{\"@type\":\"ImageObject\",\"inLanguage\":\"es\",\"@id\":\"https:\\\/\\\/ruishengglassco.com\\\/product\\\/rs008-750ml-alsace-bottle-wine-bottle-wholesale-supplier#primaryimage\",\"url\":\"https:\\\/\\\/glassbottlewholesale.com\\\/wp-content\\\/uploads\\\/2023\\\/12\\\/750ml-Alsace-Bottle-Wine-Bottle.png\",\"contentUrl\":\"https:\\\/\\\/glassbottlewholesale.com\\\/wp-content\\\/uploads\\\/2023\\\/12\\\/750ml-Alsace-Bottle-Wine-Bottle.png\",\"width\":500,\"height\":500,\"caption\":\"750ml Alsace Bottle Wine Bottle Wholesale Supplier\"},{\"@type\":\"BreadcrumbList\",\"@id\":\"https:\\\/\\\/ruishengglassco.com\\\/product\\\/rs008-750ml-alsace-bottle-wine-bottle-wholesale-supplier#breadcrumb\",\"itemListElement\":[{\"@type\":\"ListItem\",\"position\":1,\"name\":\"Home\",\"item\":\"https:\\\/\\\/glassbottlewholesale.com\\\/\"},{\"@type\":\"ListItem\",\"position\":2,\"name\":\"Products\",\"item\":\"https:\\\/\\\/glassbottlewholesale.com\\\/shop\\\/\"},{\"@type\":\"ListItem\",\"position\":3,\"name\":\"RS008: 750ml Alsace Bottle Wine Bottle Wholesale Supplier\"}]},{\"@type\":\"WebSite\",\"@id\":\"https:\\\/\\\/glassbottlewholesale.com\\\/#website\",\"url\":\"https:\\\/\\\/glassbottlewholesale.com\\\/\",\"name\":\"Glass Bottle Wholesale\",\"description\":\"\",\"publisher\":{\"@id\":\"https:\\\/\\\/glassbottlewholesale.com\\\/#organization\"},\"potentialAction\":[{\"@type\":\"SearchAction\",\"target\":{\"@type\":\"EntryPoint\",\"urlTemplate\":\"https:\\\/\\\/glassbottlewholesale.com\\\/?s={search_term_string}\"},\"query-input\":{\"@type\":\"PropertyValueSpecification\",\"valueRequired\":true,\"valueName\":\"search_term_string\"}}],\"inLanguage\":\"es\"},{\"@type\":\"Organization\",\"@id\":\"https:\\\/\\\/glassbottlewholesale.com\\\/#organization\",\"name\":\"Glass Bottle Wholesale\",\"url\":\"https:\\\/\\\/glassbottlewholesale.com\\\/\",\"logo\":{\"@type\":\"ImageObject\",\"inLanguage\":\"es\",\"@id\":\"https:\\\/\\\/glassbottlewholesale.com\\\/#\\\/schema\\\/logo\\\/image\\\/\",\"url\":\"https:\\\/\\\/glassbottlewholesale.com\\\/wp-content\\\/uploads\\\/2023\\\/12\\\/ruisheng-logo.webp\",\"contentUrl\":\"https:\\\/\\\/glassbottlewholesale.com\\\/wp-content\\\/uploads\\\/2023\\\/12\\\/ruisheng-logo.webp\",\"width\":400,\"height\":233,\"caption\":\"Glass Bottle Wholesale\"},\"image\":{\"@id\":\"https:\\\/\\\/glassbottlewholesale.com\\\/#\\\/schema\\\/logo\\\/image\\\/\"}}]}<\/script>\n<!-- \/ Yoast SEO plugin. -->","yoast_head_json":{"title":"750ml Wine Bottle Wholesale Suppliers | Alsace Bottle Manufacturer","description":"Ruisheng, a professional Alsace Bottle Manufacturer and supplier, provide 750ml wine bottle wholesale at factory outlet price.","robots":{"index":"index","follow":"follow","max-snippet":"max-snippet:-1","max-image-preview":"max-image-preview:large","max-video-preview":"max-video-preview:-1"},"canonical":"https:\/\/ruishengglassco.com\/product\/rs008-750ml-alsace-bottle-wine-bottle-wholesale-supplier","og_locale":"es_ES","og_type":"article","og_title":"750ml Wine Bottle Wholesale Suppliers | Alsace Bottle Manufacturer","og_description":"Ruisheng, a professional Alsace Bottle Manufacturer and supplier, provide 750ml wine bottle wholesale at factory outlet price.","og_url":"https:\/\/ruishengglassco.com\/product\/rs008-750ml-alsace-bottle-wine-bottle-wholesale-supplier","og_site_name":"Glass Bottle Wholesale","article_modified_time":"2023-12-28T09:53:35+00:00","og_image":[{"width":500,"height":500,"url":"https:\/\/glassbottlewholesale.com\/wp-content\/uploads\/2023\/12\/750ml-Alsace-Bottle-Wine-Bottle.png","type":"image\/png"}],"twitter_card":"summary_large_image","twitter_misc":{"Tiempo de lectura":"1 minuto"},"schema":{"@context":"https:\/\/schema.org","@graph":[{"@type":"WebPage","@id":"https:\/\/glassbottlewholesale.com\/750ml-alsace-bottle-wine-bottle-wholesale-supplier\/","url":"https:\/\/ruishengglassco.com\/product\/rs008-750ml-alsace-bottle-wine-bottle-wholesale-supplier","name":"750ml Wine Bottle Wholesale Suppliers | Alsace Bottle Manufacturer","isPartOf":{"@id":"https:\/\/glassbottlewholesale.com\/#website"},"primaryImageOfPage":{"@id":"https:\/\/ruishengglassco.com\/product\/rs008-750ml-alsace-bottle-wine-bottle-wholesale-supplier#primaryimage"},"image":{"@id":"https:\/\/ruishengglassco.com\/product\/rs008-750ml-alsace-bottle-wine-bottle-wholesale-supplier#primaryimage"},"thumbnailUrl":"https:\/\/glassbottlewholesale.com\/wp-content\/uploads\/2023\/12\/750ml-Alsace-Bottle-Wine-Bottle.png","datePublished":"2021-03-23T02:45:34+00:00","dateModified":"2023-12-28T09:53:35+00:00","description":"Ruisheng, a professional Alsace Bottle Manufacturer and supplier, provide 750ml wine bottle wholesale at factory outlet price.","breadcrumb":{"@id":"https:\/\/ruishengglassco.com\/product\/rs008-750ml-alsace-bottle-wine-bottle-wholesale-supplier#breadcrumb"},"inLanguage":"es","potentialAction":[{"@type":"ReadAction","target":["https:\/\/ruishengglassco.com\/product\/rs008-750ml-alsace-bottle-wine-bottle-wholesale-supplier"]}]},{"@type":"ImageObject","inLanguage":"es","@id":"https:\/\/ruishengglassco.com\/product\/rs008-750ml-alsace-bottle-wine-bottle-wholesale-supplier#primaryimage","url":"https:\/\/glassbottlewholesale.com\/wp-content\/uploads\/2023\/12\/750ml-Alsace-Bottle-Wine-Bottle.png","contentUrl":"https:\/\/glassbottlewholesale.com\/wp-content\/uploads\/2023\/12\/750ml-Alsace-Bottle-Wine-Bottle.png","width":500,"height":500,"caption":"750ml Alsace Bottle Wine Bottle Wholesale Supplier"},{"@type":"BreadcrumbList","@id":"https:\/\/ruishengglassco.com\/product\/rs008-750ml-alsace-bottle-wine-bottle-wholesale-supplier#breadcrumb","itemListElement":[{"@type":"ListItem","position":1,"name":"Home","item":"https:\/\/glassbottlewholesale.com\/"},{"@type":"ListItem","position":2,"name":"Products","item":"https:\/\/glassbottlewholesale.com\/shop\/"},{"@type":"ListItem","position":3,"name":"RS008: 750ml Alsace Bottle Wine Bottle Wholesale Supplier"}]},{"@type":"WebSite","@id":"https:\/\/glassbottlewholesale.com\/#website","url":"https:\/\/glassbottlewholesale.com\/","name":"Glass Bottle Wholesale","description":"","publisher":{"@id":"https:\/\/glassbottlewholesale.com\/#organization"},"potentialAction":[{"@type":"SearchAction","target":{"@type":"EntryPoint","urlTemplate":"https:\/\/glassbottlewholesale.com\/?s={search_term_string}"},"query-input":{"@type":"PropertyValueSpecification","valueRequired":true,"valueName":"search_term_string"}}],"inLanguage":"es"},{"@type":"Organization","@id":"https:\/\/glassbottlewholesale.com\/#organization","name":"Glass Bottle Wholesale","url":"https:\/\/glassbottlewholesale.com\/","logo":{"@type":"ImageObject","inLanguage":"es","@id":"https:\/\/glassbottlewholesale.com\/#\/schema\/logo\/image\/","url":"https:\/\/glassbottlewholesale.com\/wp-content\/uploads\/2023\/12\/ruisheng-logo.webp","contentUrl":"https:\/\/glassbottlewholesale.com\/wp-content\/uploads\/2023\/12\/ruisheng-logo.webp","width":400,"height":233,"caption":"Glass Bottle Wholesale"},"image":{"@id":"https:\/\/glassbottlewholesale.com\/#\/schema\/logo\/image\/"}}]}},"_links":{"self":[{"href":"https:\/\/glassbottlewholesale.com\/es\/wp-json\/wp\/v2\/product\/2604","targetHints":{"allow":["GET"]}}],"collection":[{"href":"https:\/\/glassbottlewholesale.com\/es\/wp-json\/wp\/v2\/product"}],"about":[{"href":"https:\/\/glassbottlewholesale.com\/es\/wp-json\/wp\/v2\/types\/product"}],"replies":[{"embeddable":true,"href":"https:\/\/glassbottlewholesale.com\/es\/wp-json\/wp\/v2\/comments?post=2604"}],"wp:featuredmedia":[{"embeddable":true,"href":"https:\/\/glassbottlewholesale.com\/es\/wp-json\/wp\/v2\/media\/4457"}],"wp:attachment":[{"href":"https:\/\/glassbottlewholesale.com\/es\/wp-json\/wp\/v2\/media?parent=2604"}],"wp:term":[{"taxonomy":"product_brand","embeddable":true,"href":"https:\/\/glassbottlewholesale.com\/es\/wp-json\/wp\/v2\/product_brand?post=2604"},{"taxonomy":"product_cat","embeddable":true,"href":"https:\/\/glassbottlewholesale.com\/es\/wp-json\/wp\/v2\/product_cat?post=2604"},{"taxonomy":"product_tag","embeddable":true,"href":"https:\/\/glassbottlewholesale.com\/es\/wp-json\/wp\/v2\/product_tag?post=2604"}],"curies":[{"name":"wp","href":"https:\/\/api.w.org\/{rel}","templated":true}]}}