{"id":2605,"date":"2021-03-23T02:47:12","date_gmt":"2021-03-23T02:47:12","guid":{"rendered":"https:\/\/glassbottlewholesale.com\/?post_type=product&#038;p=2605"},"modified":"2025-06-23T08:37:22","modified_gmt":"2025-06-23T08:37:22","slug":"750ml-burgundy-bottle-wine-bottle-supplier","status":"publish","type":"product","link":"https:\/\/glassbottlewholesale.com\/es\/750ml-burgundy-bottle-wine-bottle-supplier\/","title":{"rendered":"RS007: Proveedor de botellas de vino de botella de Borgo\u00f1a de 750 ml"},"content":{"rendered":"<p>Detailed Information About 750ml Empty Wine Bottles Wholesale<\/p>\n<p>This series 750ml burgundy bottle with a long neck and distinctive sloping shoulders, which makes it was very easy for glassmakers to produce. The standard volume of this bottle is 750ml, which is the average exhalation volume of the human lungs.<\/p>\n<p>Our 750ml empty wine bottles wholesale is made of lead-free super flint glass material, which makes our glass bottle is clear, beautiful, and environmentally friendly. As a professional wine bottle manufacturer and supplier, we provide OEM\/ODM\/Customized glass bottle service for our customer.<\/p>\n<ul>\n<li>Item: 750ml Burgundy Bottle Wine Bottle<\/li>\n<li>Fabricante: Ruisheng Glass Bottle<\/li>\n<li>Number: RS007<\/li>\n<li>Capacity: 500ml,700ml, 750ml, 1000ml, 2L or customized service<\/li>\n<li>Material: Material de vidrio s\u00faper s\u00edlex, Material de vidrio blanco cristalino, Material de vidrio blanco caro<\/li>\n<li>Uso: Botella de vino de cristal<\/li>\n<li>Superficie: Escarcha, calcoman\u00eda, pintura, estampaci\u00f3n en caliente, relieve, impresi\u00f3n, dorado, serigraf\u00eda<\/li>\n<li>Logotipo: Logotipo del cliente aceptable<\/li>\n<li>Muestra:\n<ul>\n<li>Fabricaci\u00f3n de moldes<\/li>\n<li>Libre por moho existente<\/li>\n<li>Como palabras o su dise\u00f1o<\/li>\n<\/ul>\n<\/li>\n<li>Embalaje: Cart\u00f3n est\u00e1ndar de exportaci\u00f3n; o embalaje en palet; embalaje en caja FGC<\/li>\n<li>Lead-time: 20-30days after confirmation of the orde<\/li>\n<\/ul>","protected":false},"excerpt":{"rendered":"<p>Ruisheng, one of the leading wine bottle manufacturers, provide high-quality empty wine bottles wholesale for wineries, wine companies, beverage packaging companies, glass bottle wholesalers, and other businesses.<\/p>\n<p>The wine bottle shown in the photo is Burgundy Bottle, which is one of the classical glass bottles for red wine. And most often used for Chardonnay, Sauvignon Blanc, and Pinot Noir.\u00a0 Here is some order information about empty wine bottles wholesale:<\/p>\n<div class=\"\" data-block=\"true\" data-editor=\"59obe\" data-offset-key=\"fdife-0-0\">\n<div class=\"public-DraftStyleDefault-block public-DraftStyleDefault-ltr\" data-offset-key=\"fdife-0-0\"><strong>-MOQ: 10000 PCS (About 10000-20000pcs)<\/strong><\/div>\n<\/div>\n<div class=\"\" data-block=\"true\" data-editor=\"59obe\" data-offset-key=\"18ibb-0-0\">\n<div class=\"public-DraftStyleDefault-block public-DraftStyleDefault-ltr\" data-offset-key=\"18ibb-0-0\">-Servicio personalizado con oferta de muestras gratuitas<\/div>\n<\/div>\n<div class=\"\" data-block=\"true\" data-editor=\"59obe\" data-offset-key=\"c6ce0-0-0\">\n<div class=\"public-DraftStyleDefault-block public-DraftStyleDefault-ltr\" data-offset-key=\"c6ce0-0-0\">-Env\u00edo global+entrega en 30 d\u00edas<\/div>\n<div data-offset-key=\"c6ce0-0-0\">If you want to start your business for 750ml empty wine bottles wholesale, please<a href=\"https:\/\/ruishengglassco.com\/contact\" target=\"_blank\" rel=\"noopener\"> Cont\u00e1ctenos<\/a> ahora.<\/div>\n<\/div>","protected":false},"featured_media":2606,"comment_status":"open","ping_status":"closed","template":"","meta":[],"product_brand":[],"product_cat":[52,74],"product_tag":[],"class_list":{"0":"post-2605","1":"product","2":"type-product","3":"status-publish","4":"has-post-thumbnail","6":"product_cat-750ml-glass-bottle","7":"product_cat-wine-bottle","8":"entry","9":"has-media","11":"first","12":"instock","13":"shipping-taxable","14":"product-type-simple"},"yoast_head":"<!-- This site is optimized with the Yoast SEO plugin v27.3 - https:\/\/yoast.com\/product\/yoast-seo-wordpress\/ -->\n<title>Empty Wine Bottles Wholesale | Burgundy Bottle Supplier China<\/title>\n<meta name=\"description\" content=\"Ruisheng, one of the leading Burgundy Bottle manufacturers and suppliers in China, provide empty wine bottles wholesale at cheap price.\" \/>\n<meta name=\"robots\" content=\"index, follow, max-snippet:-1, max-image-preview:large, max-video-preview:-1\" \/>\n<link rel=\"canonical\" href=\"https:\/\/ruishengglassco.com\/product\/rs007-750ml-burgundy-bottle-wine-bottle-supplier\" \/>\n<meta property=\"og:locale\" content=\"es_ES\" \/>\n<meta property=\"og:type\" content=\"article\" \/>\n<meta property=\"og:title\" content=\"Empty Wine Bottles Wholesale | Burgundy Bottle Supplier China\" \/>\n<meta property=\"og:description\" content=\"Ruisheng, one of the leading Burgundy Bottle manufacturers and suppliers in China, provide empty wine bottles wholesale at cheap price.\" \/>\n<meta property=\"og:url\" content=\"https:\/\/ruishengglassco.com\/product\/rs007-750ml-burgundy-bottle-wine-bottle-supplier\" \/>\n<meta property=\"og:site_name\" content=\"Glass Bottle Wholesale\" \/>\n<meta property=\"article:modified_time\" content=\"2025-06-23T08:37:22+00:00\" \/>\n<meta property=\"og:image\" content=\"https:\/\/glassbottlewholesale.com\/wp-content\/uploads\/2021\/03\/brgbttl_1-1.jpeg\" \/>\n\t<meta property=\"og:image:width\" content=\"400\" \/>\n\t<meta property=\"og:image:height\" content=\"400\" \/>\n\t<meta property=\"og:image:type\" content=\"image\/jpeg\" \/>\n<meta name=\"twitter:card\" content=\"summary_large_image\" \/>\n<meta name=\"twitter:label1\" content=\"Tiempo de lectura\" \/>\n\t<meta name=\"twitter:data1\" content=\"1 minuto\" \/>\n<script type=\"application\/ld+json\" class=\"yoast-schema-graph\">{\"@context\":\"https:\\\/\\\/schema.org\",\"@graph\":[{\"@type\":\"WebPage\",\"@id\":\"https:\\\/\\\/glassbottlewholesale.com\\\/750ml-burgundy-bottle-wine-bottle-supplier\\\/\",\"url\":\"https:\\\/\\\/ruishengglassco.com\\\/product\\\/rs007-750ml-burgundy-bottle-wine-bottle-supplier\",\"name\":\"Empty Wine Bottles Wholesale | Burgundy Bottle Supplier China\",\"isPartOf\":{\"@id\":\"https:\\\/\\\/glassbottlewholesale.com\\\/#website\"},\"primaryImageOfPage\":{\"@id\":\"https:\\\/\\\/ruishengglassco.com\\\/product\\\/rs007-750ml-burgundy-bottle-wine-bottle-supplier#primaryimage\"},\"image\":{\"@id\":\"https:\\\/\\\/ruishengglassco.com\\\/product\\\/rs007-750ml-burgundy-bottle-wine-bottle-supplier#primaryimage\"},\"thumbnailUrl\":\"https:\\\/\\\/glassbottlewholesale.com\\\/wp-content\\\/uploads\\\/2021\\\/03\\\/brgbttl_1-1.jpeg\",\"datePublished\":\"2021-03-23T02:47:12+00:00\",\"dateModified\":\"2025-06-23T08:37:22+00:00\",\"description\":\"Ruisheng, one of the leading Burgundy Bottle manufacturers and suppliers in China, provide empty wine bottles wholesale at cheap price.\",\"breadcrumb\":{\"@id\":\"https:\\\/\\\/ruishengglassco.com\\\/product\\\/rs007-750ml-burgundy-bottle-wine-bottle-supplier#breadcrumb\"},\"inLanguage\":\"es\",\"potentialAction\":[{\"@type\":\"ReadAction\",\"target\":[\"https:\\\/\\\/ruishengglassco.com\\\/product\\\/rs007-750ml-burgundy-bottle-wine-bottle-supplier\"]}]},{\"@type\":\"ImageObject\",\"inLanguage\":\"es\",\"@id\":\"https:\\\/\\\/ruishengglassco.com\\\/product\\\/rs007-750ml-burgundy-bottle-wine-bottle-supplier#primaryimage\",\"url\":\"https:\\\/\\\/glassbottlewholesale.com\\\/wp-content\\\/uploads\\\/2021\\\/03\\\/brgbttl_1-1.jpeg\",\"contentUrl\":\"https:\\\/\\\/glassbottlewholesale.com\\\/wp-content\\\/uploads\\\/2021\\\/03\\\/brgbttl_1-1.jpeg\",\"width\":400,\"height\":400,\"caption\":\"750ml Burgundy Bottle Wine Bottle Supplier\"},{\"@type\":\"BreadcrumbList\",\"@id\":\"https:\\\/\\\/ruishengglassco.com\\\/product\\\/rs007-750ml-burgundy-bottle-wine-bottle-supplier#breadcrumb\",\"itemListElement\":[{\"@type\":\"ListItem\",\"position\":1,\"name\":\"Home\",\"item\":\"https:\\\/\\\/glassbottlewholesale.com\\\/\"},{\"@type\":\"ListItem\",\"position\":2,\"name\":\"Products\",\"item\":\"https:\\\/\\\/glassbottlewholesale.com\\\/shop\\\/\"},{\"@type\":\"ListItem\",\"position\":3,\"name\":\"RS007: 750ml Burgundy Bottle Wine Bottle Supplier\"}]},{\"@type\":\"WebSite\",\"@id\":\"https:\\\/\\\/glassbottlewholesale.com\\\/#website\",\"url\":\"https:\\\/\\\/glassbottlewholesale.com\\\/\",\"name\":\"Glass Bottle Wholesale\",\"description\":\"\",\"publisher\":{\"@id\":\"https:\\\/\\\/glassbottlewholesale.com\\\/#organization\"},\"potentialAction\":[{\"@type\":\"SearchAction\",\"target\":{\"@type\":\"EntryPoint\",\"urlTemplate\":\"https:\\\/\\\/glassbottlewholesale.com\\\/?s={search_term_string}\"},\"query-input\":{\"@type\":\"PropertyValueSpecification\",\"valueRequired\":true,\"valueName\":\"search_term_string\"}}],\"inLanguage\":\"es\"},{\"@type\":\"Organization\",\"@id\":\"https:\\\/\\\/glassbottlewholesale.com\\\/#organization\",\"name\":\"Glass Bottle Wholesale\",\"url\":\"https:\\\/\\\/glassbottlewholesale.com\\\/\",\"logo\":{\"@type\":\"ImageObject\",\"inLanguage\":\"es\",\"@id\":\"https:\\\/\\\/glassbottlewholesale.com\\\/#\\\/schema\\\/logo\\\/image\\\/\",\"url\":\"https:\\\/\\\/glassbottlewholesale.com\\\/wp-content\\\/uploads\\\/2023\\\/12\\\/ruisheng-logo.webp\",\"contentUrl\":\"https:\\\/\\\/glassbottlewholesale.com\\\/wp-content\\\/uploads\\\/2023\\\/12\\\/ruisheng-logo.webp\",\"width\":400,\"height\":233,\"caption\":\"Glass Bottle Wholesale\"},\"image\":{\"@id\":\"https:\\\/\\\/glassbottlewholesale.com\\\/#\\\/schema\\\/logo\\\/image\\\/\"}}]}<\/script>\n<!-- \/ Yoast SEO plugin. -->","yoast_head_json":{"title":"Empty Wine Bottles Wholesale | Burgundy Bottle Supplier China","description":"Ruisheng, one of the leading Burgundy Bottle manufacturers and suppliers in China, provide empty wine bottles wholesale at cheap price.","robots":{"index":"index","follow":"follow","max-snippet":"max-snippet:-1","max-image-preview":"max-image-preview:large","max-video-preview":"max-video-preview:-1"},"canonical":"https:\/\/ruishengglassco.com\/product\/rs007-750ml-burgundy-bottle-wine-bottle-supplier","og_locale":"es_ES","og_type":"article","og_title":"Empty Wine Bottles Wholesale | Burgundy Bottle Supplier China","og_description":"Ruisheng, one of the leading Burgundy Bottle manufacturers and suppliers in China, provide empty wine bottles wholesale at cheap price.","og_url":"https:\/\/ruishengglassco.com\/product\/rs007-750ml-burgundy-bottle-wine-bottle-supplier","og_site_name":"Glass Bottle Wholesale","article_modified_time":"2025-06-23T08:37:22+00:00","og_image":[{"width":400,"height":400,"url":"https:\/\/glassbottlewholesale.com\/wp-content\/uploads\/2021\/03\/brgbttl_1-1.jpeg","type":"image\/jpeg"}],"twitter_card":"summary_large_image","twitter_misc":{"Tiempo de lectura":"1 minuto"},"schema":{"@context":"https:\/\/schema.org","@graph":[{"@type":"WebPage","@id":"https:\/\/glassbottlewholesale.com\/750ml-burgundy-bottle-wine-bottle-supplier\/","url":"https:\/\/ruishengglassco.com\/product\/rs007-750ml-burgundy-bottle-wine-bottle-supplier","name":"Empty Wine Bottles Wholesale | Burgundy Bottle Supplier China","isPartOf":{"@id":"https:\/\/glassbottlewholesale.com\/#website"},"primaryImageOfPage":{"@id":"https:\/\/ruishengglassco.com\/product\/rs007-750ml-burgundy-bottle-wine-bottle-supplier#primaryimage"},"image":{"@id":"https:\/\/ruishengglassco.com\/product\/rs007-750ml-burgundy-bottle-wine-bottle-supplier#primaryimage"},"thumbnailUrl":"https:\/\/glassbottlewholesale.com\/wp-content\/uploads\/2021\/03\/brgbttl_1-1.jpeg","datePublished":"2021-03-23T02:47:12+00:00","dateModified":"2025-06-23T08:37:22+00:00","description":"Ruisheng, one of the leading Burgundy Bottle manufacturers and suppliers in China, provide empty wine bottles wholesale at cheap price.","breadcrumb":{"@id":"https:\/\/ruishengglassco.com\/product\/rs007-750ml-burgundy-bottle-wine-bottle-supplier#breadcrumb"},"inLanguage":"es","potentialAction":[{"@type":"ReadAction","target":["https:\/\/ruishengglassco.com\/product\/rs007-750ml-burgundy-bottle-wine-bottle-supplier"]}]},{"@type":"ImageObject","inLanguage":"es","@id":"https:\/\/ruishengglassco.com\/product\/rs007-750ml-burgundy-bottle-wine-bottle-supplier#primaryimage","url":"https:\/\/glassbottlewholesale.com\/wp-content\/uploads\/2021\/03\/brgbttl_1-1.jpeg","contentUrl":"https:\/\/glassbottlewholesale.com\/wp-content\/uploads\/2021\/03\/brgbttl_1-1.jpeg","width":400,"height":400,"caption":"750ml Burgundy Bottle Wine Bottle Supplier"},{"@type":"BreadcrumbList","@id":"https:\/\/ruishengglassco.com\/product\/rs007-750ml-burgundy-bottle-wine-bottle-supplier#breadcrumb","itemListElement":[{"@type":"ListItem","position":1,"name":"Home","item":"https:\/\/glassbottlewholesale.com\/"},{"@type":"ListItem","position":2,"name":"Products","item":"https:\/\/glassbottlewholesale.com\/shop\/"},{"@type":"ListItem","position":3,"name":"RS007: 750ml Burgundy Bottle Wine Bottle Supplier"}]},{"@type":"WebSite","@id":"https:\/\/glassbottlewholesale.com\/#website","url":"https:\/\/glassbottlewholesale.com\/","name":"Glass Bottle Wholesale","description":"","publisher":{"@id":"https:\/\/glassbottlewholesale.com\/#organization"},"potentialAction":[{"@type":"SearchAction","target":{"@type":"EntryPoint","urlTemplate":"https:\/\/glassbottlewholesale.com\/?s={search_term_string}"},"query-input":{"@type":"PropertyValueSpecification","valueRequired":true,"valueName":"search_term_string"}}],"inLanguage":"es"},{"@type":"Organization","@id":"https:\/\/glassbottlewholesale.com\/#organization","name":"Glass Bottle Wholesale","url":"https:\/\/glassbottlewholesale.com\/","logo":{"@type":"ImageObject","inLanguage":"es","@id":"https:\/\/glassbottlewholesale.com\/#\/schema\/logo\/image\/","url":"https:\/\/glassbottlewholesale.com\/wp-content\/uploads\/2023\/12\/ruisheng-logo.webp","contentUrl":"https:\/\/glassbottlewholesale.com\/wp-content\/uploads\/2023\/12\/ruisheng-logo.webp","width":400,"height":233,"caption":"Glass Bottle Wholesale"},"image":{"@id":"https:\/\/glassbottlewholesale.com\/#\/schema\/logo\/image\/"}}]}},"_links":{"self":[{"href":"https:\/\/glassbottlewholesale.com\/es\/wp-json\/wp\/v2\/product\/2605","targetHints":{"allow":["GET"]}}],"collection":[{"href":"https:\/\/glassbottlewholesale.com\/es\/wp-json\/wp\/v2\/product"}],"about":[{"href":"https:\/\/glassbottlewholesale.com\/es\/wp-json\/wp\/v2\/types\/product"}],"replies":[{"embeddable":true,"href":"https:\/\/glassbottlewholesale.com\/es\/wp-json\/wp\/v2\/comments?post=2605"}],"wp:featuredmedia":[{"embeddable":true,"href":"https:\/\/glassbottlewholesale.com\/es\/wp-json\/wp\/v2\/media\/2606"}],"wp:attachment":[{"href":"https:\/\/glassbottlewholesale.com\/es\/wp-json\/wp\/v2\/media?parent=2605"}],"wp:term":[{"taxonomy":"product_brand","embeddable":true,"href":"https:\/\/glassbottlewholesale.com\/es\/wp-json\/wp\/v2\/product_brand?post=2605"},{"taxonomy":"product_cat","embeddable":true,"href":"https:\/\/glassbottlewholesale.com\/es\/wp-json\/wp\/v2\/product_cat?post=2605"},{"taxonomy":"product_tag","embeddable":true,"href":"https:\/\/glassbottlewholesale.com\/es\/wp-json\/wp\/v2\/product_tag?post=2605"}],"curies":[{"name":"wp","href":"https:\/\/api.w.org\/{rel}","templated":true}]}}