{"id":2611,"date":"2021-03-23T03:13:53","date_gmt":"2021-03-23T03:13:53","guid":{"rendered":"https:\/\/glassbottlewholesale.com\/?post_type=product&#038;p=2611"},"modified":"2025-06-23T08:34:47","modified_gmt":"2025-06-23T08:34:47","slug":"venta-al-por-mayor-de-botellas-de-vino-con-tapones","status":"publish","type":"product","link":"https:\/\/glassbottlewholesale.com\/es\/venta-al-por-mayor-de-botellas-de-vino-con-tapones\/","title":{"rendered":"Botellas de vino de vidrio RS005 al por mayor con tapones de rosca"},"content":{"rendered":"<h2>Informaci\u00f3n detallada sobre 750ml botellas de vino de vidrio al por mayor<\/h2>\n<p>Esta serie de botellas de vino de vidrio al por mayor es una cl\u00e1sica Botella Borgo\u00f1a de 750ml Con 3 tipos de tapones a elegir: tapones de rosca, tapones de corcho y tap\u00f3n de guala. Con base punzonada y paredes rectas para facilitar el etiquetado. Una gran opci\u00f3n para todas las bebidas espumosas y carbonatadas favoritas. Esta botella de vidrio vac\u00eda adopta material de vidrio de alto pedernal que hace que nuestra botella de vidrio sea clara, elegante y respetuosa con el medio ambiente. El color verde claro de la botella de vidrio es propicio para la conservaci\u00f3n del vino, evitar la oxidaci\u00f3n y garantizar su sabor.<\/p>\n<p>Como fabricante profesional de botellas de vino, nuestra empresa ofrece OEM \/ ODM \/ servicio personalizado botellas de vino. Si usted tiene alguna consideraci\u00f3n para su fabricaci\u00f3n de botellas de vino, por favor no dude en decir. <a href=\"https:\/\/ruishengglassco.com\/contact\" target=\"_blank\" rel=\"noopener\">nuestras ventas aqu\u00ed.<\/a><\/p>\n<ul>\n<li>Art\u00edculo: Botellas de vino de vidrio de 750 ml al por mayor<\/li>\n<li>Fabricante: Ruisheng Glass Bottle<\/li>\n<li>N\u00famero: RS005<\/li>\n<li>Capacidad: 700ml, 750ml, 1000ml, 2L<\/li>\n<li>Material: Material de vidrio s\u00faper s\u00edlex, Material de vidrio blanco cristalino, Material de vidrio blanco caro<\/li>\n<li>Uso: Botella de vino de cristal<\/li>\n<li>Superficie: Escarcha, calcoman\u00eda, pintura, estampaci\u00f3n en caliente, relieve, impresi\u00f3n, dorado, serigraf\u00eda<\/li>\n<li>Logotipo: Logotipo del cliente aceptable<\/li>\n<li>Muestra:\n<ul>\n<li>Fabricaci\u00f3n de moldes<\/li>\n<li>Libre por moho existente<\/li>\n<li>Como palabras o su dise\u00f1o<\/li>\n<\/ul>\n<\/li>\n<li>Embalaje: Cart\u00f3n est\u00e1ndar de exportaci\u00f3n; o embalaje en palet; embalaje en caja FGC<\/li>\n<li>Plazo de entrega: 20-30 d\u00edas tras la confirmaci\u00f3n del pedido<\/li>\n<\/ul>","protected":false},"excerpt":{"rendered":"<p>Ruisheng Glass Co, Ltd, uno de los fabricantes de cristaler\u00eda m\u00e1s profesionales de China, se ha dedicado a la venta al por mayor de botellas de vino de vidrio durante m\u00e1s de 10 a\u00f1os.  Como una fabricaci\u00f3n de botellas de licor de vidrio profesional y proveedor, podemos proporcionar vidrio tipos de botellas de licor para su negocio, tales como botellas de vino de vidrio, botellas de whisky, botellas de brandy, botellas de vodka, botellas de tequila y tec.<\/p>\n<h4>Informaci\u00f3n preocupada acerca de 750ml botellas de vino de vidrio al por mayor<\/h4>\n<div class=\"summary entry-summary\">\n<div class=\"woocommerce-product-details__short-description\">\n<div><strong><span class=\"mceItemHidden\"><span class=\"hiddenSpellError\">\u2013<\/span><span class=\"hiddenSpellError\">Cantidad m\u00ednima de pedido<\/span>: 10000 PCS (Alrededor de 30000 <span class=\"hiddenSpellError\">piezas<\/span>)<\/span><\/strong><\/div>\n<div><span class=\"mceItemHidden\"><span class=\"hiddenSpellError\">-Gratis<\/span>\u00a0Muestra ofrecida. OEM\/ODM disponible<\/span><\/div>\n<div><span class=\"mceItemHidden\"><span class=\"hiddenSpellError\">-Entrega gratuita de muestras en un plazo de 7 d\u00edas; entrega de pedidos al por mayor en un plazo de 30 d\u00edas tras la confirmaci\u00f3n del pedido.<\/span><\/span><\/div>\n<div>Si desea obtener m\u00e1s informaci\u00f3n acerca de botellas de vino de vidrio al por mayor, por favor<a href=\"https:\/\/ruishengglassco.com\/contact\" target=\"_blank\" rel=\"noopener\"> Cont\u00e1ctenos<\/a> aqu\u00ed.<\/div>\n<\/div>\n<\/div>","protected":false},"featured_media":4357,"comment_status":"open","ping_status":"closed","template":"","meta":[],"product_brand":[],"product_cat":[51,52,74],"product_tag":[],"class_list":{"0":"post-2611","1":"product","2":"type-product","3":"status-publish","4":"has-post-thumbnail","6":"product_cat-700ml-glass-bottle","7":"product_cat-750ml-glass-bottle","8":"product_cat-wine-bottle","9":"entry","10":"has-media","12":"first","13":"instock","14":"shipping-taxable","15":"product-type-simple"},"yoast_head":"<!-- This site is optimized with the Yoast SEO plugin v27.3 - https:\/\/yoast.com\/product\/yoast-seo-wordpress\/ -->\n<title>Glass Wine Bottles Wholesale | 750ml Glass Bottles With Screw Caps<\/title>\n<meta name=\"description\" content=\"Ruisheng glass co,ltd, a professional glass bottle manufacturer, provide glass wine bottles wholesale. Click here to get 750ml Glass Bottles With Screw Caps.\" \/>\n<meta name=\"robots\" content=\"index, follow, max-snippet:-1, max-image-preview:large, max-video-preview:-1\" \/>\n<link rel=\"canonical\" href=\"https:\/\/ruishengglassco.com\/product\/rs005-glass-wine-bottles-wholesale-with-screw-caps\" \/>\n<meta property=\"og:locale\" content=\"es_ES\" \/>\n<meta property=\"og:type\" content=\"article\" \/>\n<meta property=\"og:title\" content=\"Glass Wine Bottles Wholesale | 750ml Glass Bottles With Screw Caps\" \/>\n<meta property=\"og:description\" content=\"Ruisheng glass co,ltd, a professional glass bottle manufacturer, provide glass wine bottles wholesale. Click here to get 750ml Glass Bottles With Screw Caps.\" \/>\n<meta property=\"og:url\" content=\"https:\/\/ruishengglassco.com\/product\/rs005-glass-wine-bottles-wholesale-with-screw-caps\" \/>\n<meta property=\"og:site_name\" content=\"Glass Bottle Wholesale\" \/>\n<meta property=\"article:modified_time\" content=\"2025-06-23T08:34:47+00:00\" \/>\n<meta property=\"og:image\" content=\"https:\/\/glassbottlewholesale.com\/wp-content\/uploads\/2023\/12\/wine-bottle3-2700ml-glass-bottle-wholesale2023121815295-1.png\" \/>\n\t<meta property=\"og:image:width\" content=\"500\" \/>\n\t<meta property=\"og:image:height\" content=\"500\" \/>\n\t<meta property=\"og:image:type\" content=\"image\/png\" \/>\n<meta name=\"twitter:card\" content=\"summary_large_image\" \/>\n<meta name=\"twitter:label1\" content=\"Tiempo de lectura\" \/>\n\t<meta name=\"twitter:data1\" content=\"2 minutos\" \/>\n<script type=\"application\/ld+json\" class=\"yoast-schema-graph\">{\"@context\":\"https:\\\/\\\/schema.org\",\"@graph\":[{\"@type\":\"WebPage\",\"@id\":\"https:\\\/\\\/glassbottlewholesale.com\\\/wholesale-wine-bottle-with-stoppers\\\/\",\"url\":\"https:\\\/\\\/ruishengglassco.com\\\/product\\\/rs005-glass-wine-bottles-wholesale-with-screw-caps\",\"name\":\"Glass Wine Bottles Wholesale | 750ml Glass Bottles With Screw Caps\",\"isPartOf\":{\"@id\":\"https:\\\/\\\/glassbottlewholesale.com\\\/#website\"},\"primaryImageOfPage\":{\"@id\":\"https:\\\/\\\/ruishengglassco.com\\\/product\\\/rs005-glass-wine-bottles-wholesale-with-screw-caps#primaryimage\"},\"image\":{\"@id\":\"https:\\\/\\\/ruishengglassco.com\\\/product\\\/rs005-glass-wine-bottles-wholesale-with-screw-caps#primaryimage\"},\"thumbnailUrl\":\"https:\\\/\\\/glassbottlewholesale.com\\\/wp-content\\\/uploads\\\/2023\\\/12\\\/wine-bottle3-2700ml-glass-bottle-wholesale2023121815295-1.png\",\"datePublished\":\"2021-03-23T03:13:53+00:00\",\"dateModified\":\"2025-06-23T08:34:47+00:00\",\"description\":\"Ruisheng glass co,ltd, a professional glass bottle manufacturer, provide glass wine bottles wholesale. Click here to get 750ml Glass Bottles With Screw Caps.\",\"breadcrumb\":{\"@id\":\"https:\\\/\\\/ruishengglassco.com\\\/product\\\/rs005-glass-wine-bottles-wholesale-with-screw-caps#breadcrumb\"},\"inLanguage\":\"es\",\"potentialAction\":[{\"@type\":\"ReadAction\",\"target\":[\"https:\\\/\\\/ruishengglassco.com\\\/product\\\/rs005-glass-wine-bottles-wholesale-with-screw-caps\"]}]},{\"@type\":\"ImageObject\",\"inLanguage\":\"es\",\"@id\":\"https:\\\/\\\/ruishengglassco.com\\\/product\\\/rs005-glass-wine-bottles-wholesale-with-screw-caps#primaryimage\",\"url\":\"https:\\\/\\\/glassbottlewholesale.com\\\/wp-content\\\/uploads\\\/2023\\\/12\\\/wine-bottle3-2700ml-glass-bottle-wholesale2023121815295-1.png\",\"contentUrl\":\"https:\\\/\\\/glassbottlewholesale.com\\\/wp-content\\\/uploads\\\/2023\\\/12\\\/wine-bottle3-2700ml-glass-bottle-wholesale2023121815295-1.png\",\"width\":500,\"height\":500,\"caption\":\"Glass Wine Bottles Wholesale With Screw Caps\"},{\"@type\":\"BreadcrumbList\",\"@id\":\"https:\\\/\\\/ruishengglassco.com\\\/product\\\/rs005-glass-wine-bottles-wholesale-with-screw-caps#breadcrumb\",\"itemListElement\":[{\"@type\":\"ListItem\",\"position\":1,\"name\":\"Home\",\"item\":\"https:\\\/\\\/glassbottlewholesale.com\\\/\"},{\"@type\":\"ListItem\",\"position\":2,\"name\":\"Products\",\"item\":\"https:\\\/\\\/glassbottlewholesale.com\\\/shop\\\/\"},{\"@type\":\"ListItem\",\"position\":3,\"name\":\"RS005 Glass Wine Bottles Wholesale With Screw Caps\"}]},{\"@type\":\"WebSite\",\"@id\":\"https:\\\/\\\/glassbottlewholesale.com\\\/#website\",\"url\":\"https:\\\/\\\/glassbottlewholesale.com\\\/\",\"name\":\"Glass Bottle Wholesale\",\"description\":\"\",\"publisher\":{\"@id\":\"https:\\\/\\\/glassbottlewholesale.com\\\/#organization\"},\"potentialAction\":[{\"@type\":\"SearchAction\",\"target\":{\"@type\":\"EntryPoint\",\"urlTemplate\":\"https:\\\/\\\/glassbottlewholesale.com\\\/?s={search_term_string}\"},\"query-input\":{\"@type\":\"PropertyValueSpecification\",\"valueRequired\":true,\"valueName\":\"search_term_string\"}}],\"inLanguage\":\"es\"},{\"@type\":\"Organization\",\"@id\":\"https:\\\/\\\/glassbottlewholesale.com\\\/#organization\",\"name\":\"Glass Bottle Wholesale\",\"url\":\"https:\\\/\\\/glassbottlewholesale.com\\\/\",\"logo\":{\"@type\":\"ImageObject\",\"inLanguage\":\"es\",\"@id\":\"https:\\\/\\\/glassbottlewholesale.com\\\/#\\\/schema\\\/logo\\\/image\\\/\",\"url\":\"https:\\\/\\\/glassbottlewholesale.com\\\/wp-content\\\/uploads\\\/2023\\\/12\\\/ruisheng-logo.webp\",\"contentUrl\":\"https:\\\/\\\/glassbottlewholesale.com\\\/wp-content\\\/uploads\\\/2023\\\/12\\\/ruisheng-logo.webp\",\"width\":400,\"height\":233,\"caption\":\"Glass Bottle Wholesale\"},\"image\":{\"@id\":\"https:\\\/\\\/glassbottlewholesale.com\\\/#\\\/schema\\\/logo\\\/image\\\/\"}}]}<\/script>\n<!-- \/ Yoast SEO plugin. -->","yoast_head_json":{"title":"Glass Wine Bottles Wholesale | 750ml Glass Bottles With Screw Caps","description":"Ruisheng glass co,ltd, a professional glass bottle manufacturer, provide glass wine bottles wholesale. Click here to get 750ml Glass Bottles With Screw Caps.","robots":{"index":"index","follow":"follow","max-snippet":"max-snippet:-1","max-image-preview":"max-image-preview:large","max-video-preview":"max-video-preview:-1"},"canonical":"https:\/\/ruishengglassco.com\/product\/rs005-glass-wine-bottles-wholesale-with-screw-caps","og_locale":"es_ES","og_type":"article","og_title":"Glass Wine Bottles Wholesale | 750ml Glass Bottles With Screw Caps","og_description":"Ruisheng glass co,ltd, a professional glass bottle manufacturer, provide glass wine bottles wholesale. Click here to get 750ml Glass Bottles With Screw Caps.","og_url":"https:\/\/ruishengglassco.com\/product\/rs005-glass-wine-bottles-wholesale-with-screw-caps","og_site_name":"Glass Bottle Wholesale","article_modified_time":"2025-06-23T08:34:47+00:00","og_image":[{"width":500,"height":500,"url":"https:\/\/glassbottlewholesale.com\/wp-content\/uploads\/2023\/12\/wine-bottle3-2700ml-glass-bottle-wholesale2023121815295-1.png","type":"image\/png"}],"twitter_card":"summary_large_image","twitter_misc":{"Tiempo de lectura":"2 minutos"},"schema":{"@context":"https:\/\/schema.org","@graph":[{"@type":"WebPage","@id":"https:\/\/glassbottlewholesale.com\/wholesale-wine-bottle-with-stoppers\/","url":"https:\/\/ruishengglassco.com\/product\/rs005-glass-wine-bottles-wholesale-with-screw-caps","name":"Glass Wine Bottles Wholesale | 750ml Glass Bottles With Screw Caps","isPartOf":{"@id":"https:\/\/glassbottlewholesale.com\/#website"},"primaryImageOfPage":{"@id":"https:\/\/ruishengglassco.com\/product\/rs005-glass-wine-bottles-wholesale-with-screw-caps#primaryimage"},"image":{"@id":"https:\/\/ruishengglassco.com\/product\/rs005-glass-wine-bottles-wholesale-with-screw-caps#primaryimage"},"thumbnailUrl":"https:\/\/glassbottlewholesale.com\/wp-content\/uploads\/2023\/12\/wine-bottle3-2700ml-glass-bottle-wholesale2023121815295-1.png","datePublished":"2021-03-23T03:13:53+00:00","dateModified":"2025-06-23T08:34:47+00:00","description":"Ruisheng glass co,ltd, a professional glass bottle manufacturer, provide glass wine bottles wholesale. Click here to get 750ml Glass Bottles With Screw Caps.","breadcrumb":{"@id":"https:\/\/ruishengglassco.com\/product\/rs005-glass-wine-bottles-wholesale-with-screw-caps#breadcrumb"},"inLanguage":"es","potentialAction":[{"@type":"ReadAction","target":["https:\/\/ruishengglassco.com\/product\/rs005-glass-wine-bottles-wholesale-with-screw-caps"]}]},{"@type":"ImageObject","inLanguage":"es","@id":"https:\/\/ruishengglassco.com\/product\/rs005-glass-wine-bottles-wholesale-with-screw-caps#primaryimage","url":"https:\/\/glassbottlewholesale.com\/wp-content\/uploads\/2023\/12\/wine-bottle3-2700ml-glass-bottle-wholesale2023121815295-1.png","contentUrl":"https:\/\/glassbottlewholesale.com\/wp-content\/uploads\/2023\/12\/wine-bottle3-2700ml-glass-bottle-wholesale2023121815295-1.png","width":500,"height":500,"caption":"Glass Wine Bottles Wholesale With Screw Caps"},{"@type":"BreadcrumbList","@id":"https:\/\/ruishengglassco.com\/product\/rs005-glass-wine-bottles-wholesale-with-screw-caps#breadcrumb","itemListElement":[{"@type":"ListItem","position":1,"name":"Home","item":"https:\/\/glassbottlewholesale.com\/"},{"@type":"ListItem","position":2,"name":"Products","item":"https:\/\/glassbottlewholesale.com\/shop\/"},{"@type":"ListItem","position":3,"name":"RS005 Glass Wine Bottles Wholesale With Screw Caps"}]},{"@type":"WebSite","@id":"https:\/\/glassbottlewholesale.com\/#website","url":"https:\/\/glassbottlewholesale.com\/","name":"Glass Bottle Wholesale","description":"","publisher":{"@id":"https:\/\/glassbottlewholesale.com\/#organization"},"potentialAction":[{"@type":"SearchAction","target":{"@type":"EntryPoint","urlTemplate":"https:\/\/glassbottlewholesale.com\/?s={search_term_string}"},"query-input":{"@type":"PropertyValueSpecification","valueRequired":true,"valueName":"search_term_string"}}],"inLanguage":"es"},{"@type":"Organization","@id":"https:\/\/glassbottlewholesale.com\/#organization","name":"Glass Bottle Wholesale","url":"https:\/\/glassbottlewholesale.com\/","logo":{"@type":"ImageObject","inLanguage":"es","@id":"https:\/\/glassbottlewholesale.com\/#\/schema\/logo\/image\/","url":"https:\/\/glassbottlewholesale.com\/wp-content\/uploads\/2023\/12\/ruisheng-logo.webp","contentUrl":"https:\/\/glassbottlewholesale.com\/wp-content\/uploads\/2023\/12\/ruisheng-logo.webp","width":400,"height":233,"caption":"Glass Bottle Wholesale"},"image":{"@id":"https:\/\/glassbottlewholesale.com\/#\/schema\/logo\/image\/"}}]}},"_links":{"self":[{"href":"https:\/\/glassbottlewholesale.com\/es\/wp-json\/wp\/v2\/product\/2611","targetHints":{"allow":["GET"]}}],"collection":[{"href":"https:\/\/glassbottlewholesale.com\/es\/wp-json\/wp\/v2\/product"}],"about":[{"href":"https:\/\/glassbottlewholesale.com\/es\/wp-json\/wp\/v2\/types\/product"}],"replies":[{"embeddable":true,"href":"https:\/\/glassbottlewholesale.com\/es\/wp-json\/wp\/v2\/comments?post=2611"}],"wp:featuredmedia":[{"embeddable":true,"href":"https:\/\/glassbottlewholesale.com\/es\/wp-json\/wp\/v2\/media\/4357"}],"wp:attachment":[{"href":"https:\/\/glassbottlewholesale.com\/es\/wp-json\/wp\/v2\/media?parent=2611"}],"wp:term":[{"taxonomy":"product_brand","embeddable":true,"href":"https:\/\/glassbottlewholesale.com\/es\/wp-json\/wp\/v2\/product_brand?post=2611"},{"taxonomy":"product_cat","embeddable":true,"href":"https:\/\/glassbottlewholesale.com\/es\/wp-json\/wp\/v2\/product_cat?post=2611"},{"taxonomy":"product_tag","embeddable":true,"href":"https:\/\/glassbottlewholesale.com\/es\/wp-json\/wp\/v2\/product_tag?post=2611"}],"curies":[{"name":"wp","href":"https:\/\/api.w.org\/{rel}","templated":true}]}}