{"id":2612,"date":"2021-03-23T03:16:09","date_gmt":"2021-03-23T03:16:09","guid":{"rendered":"https:\/\/glassbottlewholesale.com\/?post_type=product&#038;p=2612"},"modified":"2023-12-19T03:39:50","modified_gmt":"2023-12-19T03:39:50","slug":"empty-wine-bottles-wholesale","status":"publish","type":"product","link":"https:\/\/glassbottlewholesale.com\/es\/empty-wine-bottles-wholesale\/","title":{"rendered":"RS004 Botellas de vino vac\u00edas al por mayor"},"content":{"rendered":"<h2>Detalles sobre Empty Wine Bottles Wholesale<\/h2>\n<p>Como fabricante profesional de botellas de vino en China, proporcionamos principalmente botellas de vino vac\u00edas al por mayor s\u00f3lo para empresas, al igual que bodegas, empresas de vino, mayoristas de botellas de vino, minoristas de botellas de vino, etc, pero no para los minoristas.<\/p>\n<p>Como f\u00e1brica profesional de fabricaci\u00f3n de botellas de vidrio, ofrecemos servicios de dise\u00f1o y fabricaci\u00f3n de botellas de vidrio. Si desea obtener botellas de vino al por mayor, puede elegir el molde que existe en nuestra empresa. Tambi\u00e9n puede proporcionar el proyecto de dise\u00f1o, y lo produciremos de acuerdo a sus necesidades. Se ofrece servicio OEM\/ODM\/personalizado de botellas de vino.<\/p>\n<ul>\n<li>Art\u00edculo: Botellas de vino de 750ml al por mayor<\/li>\n<li>Fabricante: Ruisheng Glass Bottle<\/li>\n<li>N\u00famero RS004<\/li>\n<li>Capacidad: 50 ml, 200 ml, 300 ml, 700 ml, 750 ml, 1.000 ml, 2 l y servicio personalizado de botellas de vino<\/li>\n<li>Tipo de cierre: Tornillo<\/li>\n<li>Material: Material de vidrio s\u00faper s\u00edlex, Material de vidrio blanco cristalino, Material de vidrio blanco caro<\/li>\n<li>Uso: Botella de vino de cristal<\/li>\n<li>Superficie: Escarcha, calcoman\u00eda, pintura, estampaci\u00f3n en caliente, relieve, impresi\u00f3n, dorado, serigraf\u00eda<\/li>\n<li>Logotipo: Logotipo del cliente aceptable<\/li>\n<li>Muestra:\n<ul>\n<li>Fabricaci\u00f3n de moldes<\/li>\n<li>Libre por moho existente<\/li>\n<li>Como palabras o su dise\u00f1o<\/li>\n<\/ul>\n<\/li>\n<li>Embalaje: Cart\u00f3n est\u00e1ndar de exportaci\u00f3n; o embalaje en palet; embalaje en caja FGC<\/li>\n<li>Plazo de entrega: 20-30 d\u00edas tras la confirmaci\u00f3n del pedido<\/li>\n<\/ul>\n<p>Si desea obtener m\u00e1s informaci\u00f3n acerca de nuestras botellas de vino de 750 ml al por mayor, por favor <a href=\"https:\/\/glassbottlewholesale.com\/es\/contact\/\">Cont\u00e1ctenos<\/a> aqu\u00ed.<\/p>","protected":false},"excerpt":{"rendered":"<p>Ruisheng Glass Co, Ltd, a professional glass wine bottle manufacturer, and factory in China, provides empty wine bottles wholesale at factory outlet price.<\/p>\n<p>This series empty wine bottles wholesale is made of high flint glass material. A classical Bordeaux Bottle shape, \u00a0the clarity of this bottle makes it perfect for storing your wine. It features straight sides and distinctive, high shoulders, and requires the use of a bar top closure, more than 10 types of glass bottle stoppers are offered.<\/p>\n<div><span style=\"color: #ff6600;\"><strong><span class=\"mceItemHidden\"><span class=\"hiddenSpellError\">\u2013<\/span><span class=\"hiddenSpellError\">Cantidad m\u00ednima de pedido<\/span>: 10000 PCS (Alrededor de 30000 <span class=\"hiddenSpellError\">piezas<\/span>)<\/span><\/strong><\/span><\/div>\n<div><span class=\"mceItemHidden\"><span class=\"hiddenSpellError\">-Gratis<\/span>\u00a0Muestra ofrecida. OEM\/ODM disponible<\/span><\/div>\n<div><span class=\"mceItemHidden\"><span class=\"hiddenSpellError\">-Entrega gratuita de muestras en un plazo de 7 d\u00edas; entrega de pedidos al por mayor en un plazo de 30 d\u00edas tras la confirmaci\u00f3n del pedido.<\/span><\/span><\/div>","protected":false},"featured_media":4358,"comment_status":"open","ping_status":"closed","template":"","meta":[],"product_brand":[],"product_cat":[51,52,74],"product_tag":[],"class_list":{"0":"post-2612","1":"product","2":"type-product","3":"status-publish","4":"has-post-thumbnail","6":"product_cat-700ml-glass-bottle","7":"product_cat-750ml-glass-bottle","8":"product_cat-wine-bottle","9":"entry","10":"has-media","12":"first","13":"instock","14":"shipping-taxable","15":"product-type-simple"},"yoast_head":"<!-- This site is optimized with the Yoast SEO plugin v27.3 - https:\/\/yoast.com\/product\/yoast-seo-wordpress\/ -->\n<title>Empty Wine Bottles Wholesale | China Wine Bottle Manufacturer<\/title>\n<meta name=\"description\" content=\"Ruisheng glass, top China Wine Bottle Manufacturer, provide Empty Wine Bottles Wholesale at factory outlet price. Quality Asurance&amp;Save Cost.\" \/>\n<meta name=\"robots\" content=\"index, follow, max-snippet:-1, max-image-preview:large, max-video-preview:-1\" \/>\n<link rel=\"canonical\" href=\"https:\/\/ruishengglassco.com\/product\/rs004-empty-wine-bottles-wholesale\" \/>\n<meta property=\"og:locale\" content=\"es_ES\" \/>\n<meta property=\"og:type\" content=\"article\" \/>\n<meta property=\"og:title\" content=\"Empty Wine Bottles Wholesale | China Wine Bottle Manufacturer\" \/>\n<meta property=\"og:description\" content=\"Ruisheng glass, top China Wine Bottle Manufacturer, provide Empty Wine Bottles Wholesale at factory outlet price. Quality Asurance&amp;Save Cost.\" \/>\n<meta property=\"og:url\" content=\"https:\/\/ruishengglassco.com\/product\/rs004-empty-wine-bottles-wholesale\" \/>\n<meta property=\"og:site_name\" content=\"Glass Bottle Wholesale\" \/>\n<meta property=\"article:modified_time\" content=\"2023-12-19T03:39:50+00:00\" \/>\n<meta property=\"og:image\" content=\"https:\/\/glassbottlewholesale.com\/wp-content\/uploads\/2021\/03\/black-glass-bottle-wholesale-1-1.png\" \/>\n\t<meta property=\"og:image:width\" content=\"500\" \/>\n\t<meta property=\"og:image:height\" content=\"500\" \/>\n\t<meta property=\"og:image:type\" content=\"image\/png\" \/>\n<meta name=\"twitter:card\" content=\"summary_large_image\" \/>\n<meta name=\"twitter:label1\" content=\"Tiempo de lectura\" \/>\n\t<meta name=\"twitter:data1\" content=\"2 minutos\" \/>\n<script type=\"application\/ld+json\" class=\"yoast-schema-graph\">{\"@context\":\"https:\\\/\\\/schema.org\",\"@graph\":[{\"@type\":\"WebPage\",\"@id\":\"https:\\\/\\\/glassbottlewholesale.com\\\/empty-wine-bottles-wholesale\\\/\",\"url\":\"https:\\\/\\\/ruishengglassco.com\\\/product\\\/rs004-empty-wine-bottles-wholesale\",\"name\":\"Empty Wine Bottles Wholesale | China Wine Bottle Manufacturer\",\"isPartOf\":{\"@id\":\"https:\\\/\\\/glassbottlewholesale.com\\\/#website\"},\"primaryImageOfPage\":{\"@id\":\"https:\\\/\\\/ruishengglassco.com\\\/product\\\/rs004-empty-wine-bottles-wholesale#primaryimage\"},\"image\":{\"@id\":\"https:\\\/\\\/ruishengglassco.com\\\/product\\\/rs004-empty-wine-bottles-wholesale#primaryimage\"},\"thumbnailUrl\":\"https:\\\/\\\/glassbottlewholesale.com\\\/wp-content\\\/uploads\\\/2021\\\/03\\\/black-glass-bottle-wholesale-1-1.png\",\"datePublished\":\"2021-03-23T03:16:09+00:00\",\"dateModified\":\"2023-12-19T03:39:50+00:00\",\"description\":\"Ruisheng glass, top China Wine Bottle Manufacturer, provide Empty Wine Bottles Wholesale at factory outlet price. Quality Asurance&Save Cost.\",\"breadcrumb\":{\"@id\":\"https:\\\/\\\/ruishengglassco.com\\\/product\\\/rs004-empty-wine-bottles-wholesale#breadcrumb\"},\"inLanguage\":\"es\",\"potentialAction\":[{\"@type\":\"ReadAction\",\"target\":[\"https:\\\/\\\/ruishengglassco.com\\\/product\\\/rs004-empty-wine-bottles-wholesale\"]}]},{\"@type\":\"ImageObject\",\"inLanguage\":\"es\",\"@id\":\"https:\\\/\\\/ruishengglassco.com\\\/product\\\/rs004-empty-wine-bottles-wholesale#primaryimage\",\"url\":\"https:\\\/\\\/glassbottlewholesale.com\\\/wp-content\\\/uploads\\\/2021\\\/03\\\/black-glass-bottle-wholesale-1-1.png\",\"contentUrl\":\"https:\\\/\\\/glassbottlewholesale.com\\\/wp-content\\\/uploads\\\/2021\\\/03\\\/black-glass-bottle-wholesale-1-1.png\",\"width\":500,\"height\":500,\"caption\":\"black glass bottle wholesale (1) (1)\"},{\"@type\":\"BreadcrumbList\",\"@id\":\"https:\\\/\\\/ruishengglassco.com\\\/product\\\/rs004-empty-wine-bottles-wholesale#breadcrumb\",\"itemListElement\":[{\"@type\":\"ListItem\",\"position\":1,\"name\":\"Home\",\"item\":\"https:\\\/\\\/glassbottlewholesale.com\\\/\"},{\"@type\":\"ListItem\",\"position\":2,\"name\":\"Products\",\"item\":\"https:\\\/\\\/glassbottlewholesale.com\\\/shop\\\/\"},{\"@type\":\"ListItem\",\"position\":3,\"name\":\"RS004 Empty Wine Bottles Wholesale\"}]},{\"@type\":\"WebSite\",\"@id\":\"https:\\\/\\\/glassbottlewholesale.com\\\/#website\",\"url\":\"https:\\\/\\\/glassbottlewholesale.com\\\/\",\"name\":\"Glass Bottle Wholesale\",\"description\":\"\",\"publisher\":{\"@id\":\"https:\\\/\\\/glassbottlewholesale.com\\\/#organization\"},\"potentialAction\":[{\"@type\":\"SearchAction\",\"target\":{\"@type\":\"EntryPoint\",\"urlTemplate\":\"https:\\\/\\\/glassbottlewholesale.com\\\/?s={search_term_string}\"},\"query-input\":{\"@type\":\"PropertyValueSpecification\",\"valueRequired\":true,\"valueName\":\"search_term_string\"}}],\"inLanguage\":\"es\"},{\"@type\":\"Organization\",\"@id\":\"https:\\\/\\\/glassbottlewholesale.com\\\/#organization\",\"name\":\"Glass Bottle Wholesale\",\"url\":\"https:\\\/\\\/glassbottlewholesale.com\\\/\",\"logo\":{\"@type\":\"ImageObject\",\"inLanguage\":\"es\",\"@id\":\"https:\\\/\\\/glassbottlewholesale.com\\\/#\\\/schema\\\/logo\\\/image\\\/\",\"url\":\"https:\\\/\\\/glassbottlewholesale.com\\\/wp-content\\\/uploads\\\/2023\\\/12\\\/ruisheng-logo.webp\",\"contentUrl\":\"https:\\\/\\\/glassbottlewholesale.com\\\/wp-content\\\/uploads\\\/2023\\\/12\\\/ruisheng-logo.webp\",\"width\":400,\"height\":233,\"caption\":\"Glass Bottle Wholesale\"},\"image\":{\"@id\":\"https:\\\/\\\/glassbottlewholesale.com\\\/#\\\/schema\\\/logo\\\/image\\\/\"}}]}<\/script>\n<!-- \/ Yoast SEO plugin. -->","yoast_head_json":{"title":"Empty Wine Bottles Wholesale | China Wine Bottle Manufacturer","description":"Ruisheng glass, top China Wine Bottle Manufacturer, provide Empty Wine Bottles Wholesale at factory outlet price. Quality Asurance&Save Cost.","robots":{"index":"index","follow":"follow","max-snippet":"max-snippet:-1","max-image-preview":"max-image-preview:large","max-video-preview":"max-video-preview:-1"},"canonical":"https:\/\/ruishengglassco.com\/product\/rs004-empty-wine-bottles-wholesale","og_locale":"es_ES","og_type":"article","og_title":"Empty Wine Bottles Wholesale | China Wine Bottle Manufacturer","og_description":"Ruisheng glass, top China Wine Bottle Manufacturer, provide Empty Wine Bottles Wholesale at factory outlet price. Quality Asurance&Save Cost.","og_url":"https:\/\/ruishengglassco.com\/product\/rs004-empty-wine-bottles-wholesale","og_site_name":"Glass Bottle Wholesale","article_modified_time":"2023-12-19T03:39:50+00:00","og_image":[{"width":500,"height":500,"url":"https:\/\/glassbottlewholesale.com\/wp-content\/uploads\/2021\/03\/black-glass-bottle-wholesale-1-1.png","type":"image\/png"}],"twitter_card":"summary_large_image","twitter_misc":{"Tiempo de lectura":"2 minutos"},"schema":{"@context":"https:\/\/schema.org","@graph":[{"@type":"WebPage","@id":"https:\/\/glassbottlewholesale.com\/empty-wine-bottles-wholesale\/","url":"https:\/\/ruishengglassco.com\/product\/rs004-empty-wine-bottles-wholesale","name":"Empty Wine Bottles Wholesale | China Wine Bottle Manufacturer","isPartOf":{"@id":"https:\/\/glassbottlewholesale.com\/#website"},"primaryImageOfPage":{"@id":"https:\/\/ruishengglassco.com\/product\/rs004-empty-wine-bottles-wholesale#primaryimage"},"image":{"@id":"https:\/\/ruishengglassco.com\/product\/rs004-empty-wine-bottles-wholesale#primaryimage"},"thumbnailUrl":"https:\/\/glassbottlewholesale.com\/wp-content\/uploads\/2021\/03\/black-glass-bottle-wholesale-1-1.png","datePublished":"2021-03-23T03:16:09+00:00","dateModified":"2023-12-19T03:39:50+00:00","description":"Ruisheng glass, top China Wine Bottle Manufacturer, provide Empty Wine Bottles Wholesale at factory outlet price. Quality Asurance&Save Cost.","breadcrumb":{"@id":"https:\/\/ruishengglassco.com\/product\/rs004-empty-wine-bottles-wholesale#breadcrumb"},"inLanguage":"es","potentialAction":[{"@type":"ReadAction","target":["https:\/\/ruishengglassco.com\/product\/rs004-empty-wine-bottles-wholesale"]}]},{"@type":"ImageObject","inLanguage":"es","@id":"https:\/\/ruishengglassco.com\/product\/rs004-empty-wine-bottles-wholesale#primaryimage","url":"https:\/\/glassbottlewholesale.com\/wp-content\/uploads\/2021\/03\/black-glass-bottle-wholesale-1-1.png","contentUrl":"https:\/\/glassbottlewholesale.com\/wp-content\/uploads\/2021\/03\/black-glass-bottle-wholesale-1-1.png","width":500,"height":500,"caption":"black glass bottle wholesale (1) (1)"},{"@type":"BreadcrumbList","@id":"https:\/\/ruishengglassco.com\/product\/rs004-empty-wine-bottles-wholesale#breadcrumb","itemListElement":[{"@type":"ListItem","position":1,"name":"Home","item":"https:\/\/glassbottlewholesale.com\/"},{"@type":"ListItem","position":2,"name":"Products","item":"https:\/\/glassbottlewholesale.com\/shop\/"},{"@type":"ListItem","position":3,"name":"RS004 Empty Wine Bottles Wholesale"}]},{"@type":"WebSite","@id":"https:\/\/glassbottlewholesale.com\/#website","url":"https:\/\/glassbottlewholesale.com\/","name":"Glass Bottle Wholesale","description":"","publisher":{"@id":"https:\/\/glassbottlewholesale.com\/#organization"},"potentialAction":[{"@type":"SearchAction","target":{"@type":"EntryPoint","urlTemplate":"https:\/\/glassbottlewholesale.com\/?s={search_term_string}"},"query-input":{"@type":"PropertyValueSpecification","valueRequired":true,"valueName":"search_term_string"}}],"inLanguage":"es"},{"@type":"Organization","@id":"https:\/\/glassbottlewholesale.com\/#organization","name":"Glass Bottle Wholesale","url":"https:\/\/glassbottlewholesale.com\/","logo":{"@type":"ImageObject","inLanguage":"es","@id":"https:\/\/glassbottlewholesale.com\/#\/schema\/logo\/image\/","url":"https:\/\/glassbottlewholesale.com\/wp-content\/uploads\/2023\/12\/ruisheng-logo.webp","contentUrl":"https:\/\/glassbottlewholesale.com\/wp-content\/uploads\/2023\/12\/ruisheng-logo.webp","width":400,"height":233,"caption":"Glass Bottle Wholesale"},"image":{"@id":"https:\/\/glassbottlewholesale.com\/#\/schema\/logo\/image\/"}}]}},"_links":{"self":[{"href":"https:\/\/glassbottlewholesale.com\/es\/wp-json\/wp\/v2\/product\/2612","targetHints":{"allow":["GET"]}}],"collection":[{"href":"https:\/\/glassbottlewholesale.com\/es\/wp-json\/wp\/v2\/product"}],"about":[{"href":"https:\/\/glassbottlewholesale.com\/es\/wp-json\/wp\/v2\/types\/product"}],"replies":[{"embeddable":true,"href":"https:\/\/glassbottlewholesale.com\/es\/wp-json\/wp\/v2\/comments?post=2612"}],"wp:featuredmedia":[{"embeddable":true,"href":"https:\/\/glassbottlewholesale.com\/es\/wp-json\/wp\/v2\/media\/4358"}],"wp:attachment":[{"href":"https:\/\/glassbottlewholesale.com\/es\/wp-json\/wp\/v2\/media?parent=2612"}],"wp:term":[{"taxonomy":"product_brand","embeddable":true,"href":"https:\/\/glassbottlewholesale.com\/es\/wp-json\/wp\/v2\/product_brand?post=2612"},{"taxonomy":"product_cat","embeddable":true,"href":"https:\/\/glassbottlewholesale.com\/es\/wp-json\/wp\/v2\/product_cat?post=2612"},{"taxonomy":"product_tag","embeddable":true,"href":"https:\/\/glassbottlewholesale.com\/es\/wp-json\/wp\/v2\/product_tag?post=2612"}],"curies":[{"name":"wp","href":"https:\/\/api.w.org\/{rel}","templated":true}]}}