{"id":2792,"date":"2021-05-28T09:17:33","date_gmt":"2021-05-28T09:17:33","guid":{"rendered":"https:\/\/glassbottlewholesale.com\/?post_type=product&#038;p=2792"},"modified":"2025-06-23T07:02:30","modified_gmt":"2025-06-23T07:02:30","slug":"botellas-de-vidrio-de-250-ml-con-tapon-al-por-mayor","status":"publish","type":"product","link":"https:\/\/glassbottlewholesale.com\/es\/botellas-de-vidrio-de-250-ml-con-tapon-al-por-mayor\/","title":{"rendered":"RS003: Botellas de vidrio de 250 ml con corcho al por mayor"},"content":{"rendered":"<h2 style=\"text-align: left\">Informaci\u00f3n detallada sobre 250ml botellas de vidrio con corcho al por mayor<\/h2>\n<p>Esta serie<strong> Botellas de vidrio de 250 ml con tap\u00f3n al por mayor<\/strong> adoptar material de vidrio de pedernal de cristal para hacer nuestra botella de vidrio con buena transparencia y brillo. El cuerpo redondo redondeado con texturas irregulares. La superficie del producto adopta una variedad de t\u00e9cnicas de procesamiento: en relieve, calcoman\u00eda, pintura, esmerilado, estampado en caliente, galvanoplastia y etc.<\/p>\n<p>Esta serie de botellas redondas para licor se puede utilizar para el envasado de licor, vodka, brandy, tequila y otras bebidas alcoh\u00f3licas. Como fabricante con m\u00e1s de 20 a\u00f1os de experiencia en la producci\u00f3n de botellas de licor, ofrecemos servicios personalizados a nuestros clientes. Si usted tiene requisitos para la forma, color, tama\u00f1o, embalaje exterior, y el logotipo de las botellas de vidrio, podemos producirlos de acuerdo a sus necesidades.<\/p>\n<ul>\n<li>Manejo de superficies: calcoman\u00eda<\/li>\n<li>Uso Industrial: Bebidas<\/li>\n<li>Material de la base: Vidrio de s\u00edlex<\/li>\n<li>Material del cuerpo: Vidrio de s\u00edlex<\/li>\n<li>Material del collar: Vidrio de s\u00edlex<\/li>\n<li>Tipo de cierre: Tap\u00f3n de corcho, tap\u00f3n de vidrio, tap\u00f3n roscado, tap\u00f3n de rosca<\/li>\n<li>Uso: Licor, Brandy, Vodka, Tequila<\/li>\n<li>Lugar de origen: China<\/li>\n<li>N\u00famero de modelo: RS003<\/li>\n<li>Nombre de marca: Ruisheng glass<\/li>\n<li>Material de la botella: Vasos<\/li>\n<li>Utilizaci\u00f3n: Aceite\/alcohol\/licor\/vino\/bebida<\/li>\n<li>Capacidad: 50ml~2L<\/li>\n<li>OEM\/ODM: Disponible<\/li>\n<li>Certificados: SGS , TUV, ISO9001, ISO14001<\/li>\n<li>Color: Transparente, Pintado, Escarcha<\/li>\n<li>Manipulaci\u00f3n de superficies: Serigraf\u00eda, Printing.Decal, Spray, Frost<\/li>\n<\/ul>\n<p>Si desea saber c\u00f3mo embalamos y enviamos el producto a su pa\u00eds, haga clic aqu\u00ed para verlo: <a href=\"https:\/\/glassbottlewholesale.com\/es\/how-to-pack-and-ship-glass-bottles\/\">\u00bfC\u00f3mo embalar y enviar botellas de vidrio?<\/a><\/p>\n<p>Si desea saber m\u00e1s acerca de nuestros 250ml botellas de vidrio con corcho al por mayor, y otra informaci\u00f3n, por favor no dude en<a href=\"https:\/\/glassbottlewholesale.com\/es\/contact\/\"> cont\u00e1ctenos aqu\u00ed<\/a>.<\/p>","protected":false},"excerpt":{"rendered":"<p>Ruisheng, una planta de fabricaci\u00f3n de botellas de vidrio con m\u00e1s de 10 a\u00f1os de larga historia, ofrece botellas de vidrio de 250 ml con corcho al por mayor para el envasado de licores, especialmente para Whisky, Brandy, Vodka y Ron. Nuestras botellas de vidrio transparente no s\u00f3lo tienen una buena funci\u00f3n de almacenamiento, sino que tambi\u00e9n hacen que sus productos se vean m\u00e1s lujosos.<\/p>\n<p>Aqu\u00ed se enumera la pregunta que tal vez le interese:<\/p>\n<div class=\"\" data-block=\"true\" data-editor=\"59obe\" data-offset-key=\"fdife-0-0\">\n<div class=\"public-DraftStyleDefault-block public-DraftStyleDefault-ltr\" data-offset-key=\"fdife-0-0\"><strong>-CANTIDAD: 10000 UNIDADES\u00a0<\/strong><\/div>\n<\/div>\n<div class=\"\" data-block=\"true\" data-editor=\"59obe\" data-offset-key=\"18ibb-0-0\">\n<div class=\"public-DraftStyleDefault-block public-DraftStyleDefault-ltr\" data-offset-key=\"18ibb-0-0\">-Servicio personalizado con oferta de muestras gratuitas<\/div>\n<\/div>\n<div class=\"\" data-block=\"true\" data-editor=\"59obe\" data-offset-key=\"c6ce0-0-0\">\n<div class=\"public-DraftStyleDefault-block public-DraftStyleDefault-ltr\" data-offset-key=\"c6ce0-0-0\">-Env\u00edo global+entrega en 30 d\u00edas<\/div>\n<div data-offset-key=\"c6ce0-0-0\"><\/div>\n<div data-offset-key=\"c6ce0-0-0\">Si desea iniciar su negocio de botellas de vidrio de 250 ml con corcho al por mayor, por favor<a href=\"https:\/\/ruishengglassco.com\/contact\" target=\"_blank\" rel=\"noopener\">\u00a0Cont\u00e1ctenos<\/a> ahora.<\/div>\n<\/div>\n<p>&nbsp;<\/p>","protected":false},"featured_media":2795,"comment_status":"open","ping_status":"closed","template":"","meta":[],"product_brand":[],"product_cat":[48,63],"product_tag":[],"class_list":{"0":"post-2792","1":"product","2":"type-product","3":"status-publish","4":"has-post-thumbnail","6":"product_cat-250ml-glass-bottle","7":"product_cat-liquor-bottle","8":"entry","9":"has-media","11":"first","12":"instock","13":"shipping-taxable","14":"product-type-simple"},"yoast_head":"<!-- This site is optimized with the Yoast SEO plugin v27.3 - https:\/\/yoast.com\/product\/yoast-seo-wordpress\/ -->\n<title>250ml Glass Bottles With Cork Wholesale | Ruisheng Glass Co., Ltd<\/title>\n<meta name=\"description\" content=\"Find 250ml Glass Bottles With Cork Wholesale in Ruisheng Glass Co., Ltd. Liquor Bottle Manufacturer and Factory. Global Shipping Service.\" \/>\n<meta name=\"robots\" content=\"index, follow, max-snippet:-1, max-image-preview:large, max-video-preview:-1\" \/>\n<link rel=\"canonical\" href=\"https:\/\/ruishengglassco.com\/product\/rs003250ml-glass-bottles-with-cork-wholesale\" \/>\n<meta property=\"og:locale\" content=\"es_ES\" \/>\n<meta property=\"og:type\" content=\"article\" \/>\n<meta property=\"og:title\" content=\"250ml Glass Bottles With Cork Wholesale | Ruisheng Glass Co., Ltd\" \/>\n<meta property=\"og:description\" content=\"Find 250ml Glass Bottles With Cork Wholesale in Ruisheng Glass Co., Ltd. Liquor Bottle Manufacturer and Factory. Global Shipping Service.\" \/>\n<meta property=\"og:url\" content=\"https:\/\/ruishengglassco.com\/product\/rs003250ml-glass-bottles-with-cork-wholesale\" \/>\n<meta property=\"og:site_name\" content=\"Glass Bottle Wholesale\" \/>\n<meta property=\"article:modified_time\" content=\"2025-06-23T07:02:30+00:00\" \/>\n<meta property=\"og:image\" content=\"https:\/\/glassbottlewholesale.com\/wp-content\/uploads\/2021\/05\/3-1.jpg\" \/>\n\t<meta property=\"og:image:width\" content=\"800\" \/>\n\t<meta property=\"og:image:height\" content=\"800\" \/>\n\t<meta property=\"og:image:type\" content=\"image\/jpeg\" \/>\n<meta name=\"twitter:card\" content=\"summary_large_image\" \/>\n<meta name=\"twitter:label1\" content=\"Tiempo de lectura\" \/>\n\t<meta name=\"twitter:data1\" content=\"2 minutos\" \/>\n<script type=\"application\/ld+json\" class=\"yoast-schema-graph\">{\"@context\":\"https:\\\/\\\/schema.org\",\"@graph\":[{\"@type\":\"WebPage\",\"@id\":\"https:\\\/\\\/glassbottlewholesale.com\\\/250ml-glass-bottles-with-cork-wholesale\\\/\",\"url\":\"https:\\\/\\\/ruishengglassco.com\\\/product\\\/rs003250ml-glass-bottles-with-cork-wholesale\",\"name\":\"250ml Glass Bottles With Cork Wholesale | Ruisheng Glass Co., Ltd\",\"isPartOf\":{\"@id\":\"https:\\\/\\\/glassbottlewholesale.com\\\/#website\"},\"primaryImageOfPage\":{\"@id\":\"https:\\\/\\\/ruishengglassco.com\\\/product\\\/rs003250ml-glass-bottles-with-cork-wholesale#primaryimage\"},\"image\":{\"@id\":\"https:\\\/\\\/ruishengglassco.com\\\/product\\\/rs003250ml-glass-bottles-with-cork-wholesale#primaryimage\"},\"thumbnailUrl\":\"https:\\\/\\\/glassbottlewholesale.com\\\/wp-content\\\/uploads\\\/2021\\\/05\\\/3-1.jpg\",\"datePublished\":\"2021-05-28T09:17:33+00:00\",\"dateModified\":\"2025-06-23T07:02:30+00:00\",\"description\":\"Find 250ml Glass Bottles With Cork Wholesale in Ruisheng Glass Co., Ltd. Liquor Bottle Manufacturer and Factory. Global Shipping Service.\",\"breadcrumb\":{\"@id\":\"https:\\\/\\\/ruishengglassco.com\\\/product\\\/rs003250ml-glass-bottles-with-cork-wholesale#breadcrumb\"},\"inLanguage\":\"es\",\"potentialAction\":[{\"@type\":\"ReadAction\",\"target\":[\"https:\\\/\\\/ruishengglassco.com\\\/product\\\/rs003250ml-glass-bottles-with-cork-wholesale\"]}]},{\"@type\":\"ImageObject\",\"inLanguage\":\"es\",\"@id\":\"https:\\\/\\\/ruishengglassco.com\\\/product\\\/rs003250ml-glass-bottles-with-cork-wholesale#primaryimage\",\"url\":\"https:\\\/\\\/glassbottlewholesale.com\\\/wp-content\\\/uploads\\\/2021\\\/05\\\/3-1.jpg\",\"contentUrl\":\"https:\\\/\\\/glassbottlewholesale.com\\\/wp-content\\\/uploads\\\/2021\\\/05\\\/3-1.jpg\",\"width\":800,\"height\":800,\"caption\":\"250ml glass bottles with cork wholesale\"},{\"@type\":\"BreadcrumbList\",\"@id\":\"https:\\\/\\\/ruishengglassco.com\\\/product\\\/rs003250ml-glass-bottles-with-cork-wholesale#breadcrumb\",\"itemListElement\":[{\"@type\":\"ListItem\",\"position\":1,\"name\":\"Home\",\"item\":\"https:\\\/\\\/glassbottlewholesale.com\\\/\"},{\"@type\":\"ListItem\",\"position\":2,\"name\":\"Products\",\"item\":\"https:\\\/\\\/glassbottlewholesale.com\\\/shop\\\/\"},{\"@type\":\"ListItem\",\"position\":3,\"name\":\"RS003:250ml Glass Bottles With Cork Wholesale\"}]},{\"@type\":\"WebSite\",\"@id\":\"https:\\\/\\\/glassbottlewholesale.com\\\/#website\",\"url\":\"https:\\\/\\\/glassbottlewholesale.com\\\/\",\"name\":\"Glass Bottle Wholesale\",\"description\":\"\",\"publisher\":{\"@id\":\"https:\\\/\\\/glassbottlewholesale.com\\\/#organization\"},\"potentialAction\":[{\"@type\":\"SearchAction\",\"target\":{\"@type\":\"EntryPoint\",\"urlTemplate\":\"https:\\\/\\\/glassbottlewholesale.com\\\/?s={search_term_string}\"},\"query-input\":{\"@type\":\"PropertyValueSpecification\",\"valueRequired\":true,\"valueName\":\"search_term_string\"}}],\"inLanguage\":\"es\"},{\"@type\":\"Organization\",\"@id\":\"https:\\\/\\\/glassbottlewholesale.com\\\/#organization\",\"name\":\"Glass Bottle Wholesale\",\"url\":\"https:\\\/\\\/glassbottlewholesale.com\\\/\",\"logo\":{\"@type\":\"ImageObject\",\"inLanguage\":\"es\",\"@id\":\"https:\\\/\\\/glassbottlewholesale.com\\\/#\\\/schema\\\/logo\\\/image\\\/\",\"url\":\"https:\\\/\\\/glassbottlewholesale.com\\\/wp-content\\\/uploads\\\/2023\\\/12\\\/ruisheng-logo.webp\",\"contentUrl\":\"https:\\\/\\\/glassbottlewholesale.com\\\/wp-content\\\/uploads\\\/2023\\\/12\\\/ruisheng-logo.webp\",\"width\":400,\"height\":233,\"caption\":\"Glass Bottle Wholesale\"},\"image\":{\"@id\":\"https:\\\/\\\/glassbottlewholesale.com\\\/#\\\/schema\\\/logo\\\/image\\\/\"}}]}<\/script>\n<!-- \/ Yoast SEO plugin. -->","yoast_head_json":{"title":"250ml Glass Bottles With Cork Wholesale | Ruisheng Glass Co., Ltd","description":"Find 250ml Glass Bottles With Cork Wholesale in Ruisheng Glass Co., Ltd. Liquor Bottle Manufacturer and Factory. Global Shipping Service.","robots":{"index":"index","follow":"follow","max-snippet":"max-snippet:-1","max-image-preview":"max-image-preview:large","max-video-preview":"max-video-preview:-1"},"canonical":"https:\/\/ruishengglassco.com\/product\/rs003250ml-glass-bottles-with-cork-wholesale","og_locale":"es_ES","og_type":"article","og_title":"250ml Glass Bottles With Cork Wholesale | Ruisheng Glass Co., Ltd","og_description":"Find 250ml Glass Bottles With Cork Wholesale in Ruisheng Glass Co., Ltd. Liquor Bottle Manufacturer and Factory. Global Shipping Service.","og_url":"https:\/\/ruishengglassco.com\/product\/rs003250ml-glass-bottles-with-cork-wholesale","og_site_name":"Glass Bottle Wholesale","article_modified_time":"2025-06-23T07:02:30+00:00","og_image":[{"width":800,"height":800,"url":"https:\/\/glassbottlewholesale.com\/wp-content\/uploads\/2021\/05\/3-1.jpg","type":"image\/jpeg"}],"twitter_card":"summary_large_image","twitter_misc":{"Tiempo de lectura":"2 minutos"},"schema":{"@context":"https:\/\/schema.org","@graph":[{"@type":"WebPage","@id":"https:\/\/glassbottlewholesale.com\/250ml-glass-bottles-with-cork-wholesale\/","url":"https:\/\/ruishengglassco.com\/product\/rs003250ml-glass-bottles-with-cork-wholesale","name":"250ml Glass Bottles With Cork Wholesale | Ruisheng Glass Co., Ltd","isPartOf":{"@id":"https:\/\/glassbottlewholesale.com\/#website"},"primaryImageOfPage":{"@id":"https:\/\/ruishengglassco.com\/product\/rs003250ml-glass-bottles-with-cork-wholesale#primaryimage"},"image":{"@id":"https:\/\/ruishengglassco.com\/product\/rs003250ml-glass-bottles-with-cork-wholesale#primaryimage"},"thumbnailUrl":"https:\/\/glassbottlewholesale.com\/wp-content\/uploads\/2021\/05\/3-1.jpg","datePublished":"2021-05-28T09:17:33+00:00","dateModified":"2025-06-23T07:02:30+00:00","description":"Find 250ml Glass Bottles With Cork Wholesale in Ruisheng Glass Co., Ltd. Liquor Bottle Manufacturer and Factory. Global Shipping Service.","breadcrumb":{"@id":"https:\/\/ruishengglassco.com\/product\/rs003250ml-glass-bottles-with-cork-wholesale#breadcrumb"},"inLanguage":"es","potentialAction":[{"@type":"ReadAction","target":["https:\/\/ruishengglassco.com\/product\/rs003250ml-glass-bottles-with-cork-wholesale"]}]},{"@type":"ImageObject","inLanguage":"es","@id":"https:\/\/ruishengglassco.com\/product\/rs003250ml-glass-bottles-with-cork-wholesale#primaryimage","url":"https:\/\/glassbottlewholesale.com\/wp-content\/uploads\/2021\/05\/3-1.jpg","contentUrl":"https:\/\/glassbottlewholesale.com\/wp-content\/uploads\/2021\/05\/3-1.jpg","width":800,"height":800,"caption":"250ml glass bottles with cork wholesale"},{"@type":"BreadcrumbList","@id":"https:\/\/ruishengglassco.com\/product\/rs003250ml-glass-bottles-with-cork-wholesale#breadcrumb","itemListElement":[{"@type":"ListItem","position":1,"name":"Home","item":"https:\/\/glassbottlewholesale.com\/"},{"@type":"ListItem","position":2,"name":"Products","item":"https:\/\/glassbottlewholesale.com\/shop\/"},{"@type":"ListItem","position":3,"name":"RS003:250ml Glass Bottles With Cork Wholesale"}]},{"@type":"WebSite","@id":"https:\/\/glassbottlewholesale.com\/#website","url":"https:\/\/glassbottlewholesale.com\/","name":"Glass Bottle Wholesale","description":"","publisher":{"@id":"https:\/\/glassbottlewholesale.com\/#organization"},"potentialAction":[{"@type":"SearchAction","target":{"@type":"EntryPoint","urlTemplate":"https:\/\/glassbottlewholesale.com\/?s={search_term_string}"},"query-input":{"@type":"PropertyValueSpecification","valueRequired":true,"valueName":"search_term_string"}}],"inLanguage":"es"},{"@type":"Organization","@id":"https:\/\/glassbottlewholesale.com\/#organization","name":"Glass Bottle Wholesale","url":"https:\/\/glassbottlewholesale.com\/","logo":{"@type":"ImageObject","inLanguage":"es","@id":"https:\/\/glassbottlewholesale.com\/#\/schema\/logo\/image\/","url":"https:\/\/glassbottlewholesale.com\/wp-content\/uploads\/2023\/12\/ruisheng-logo.webp","contentUrl":"https:\/\/glassbottlewholesale.com\/wp-content\/uploads\/2023\/12\/ruisheng-logo.webp","width":400,"height":233,"caption":"Glass Bottle Wholesale"},"image":{"@id":"https:\/\/glassbottlewholesale.com\/#\/schema\/logo\/image\/"}}]}},"_links":{"self":[{"href":"https:\/\/glassbottlewholesale.com\/es\/wp-json\/wp\/v2\/product\/2792","targetHints":{"allow":["GET"]}}],"collection":[{"href":"https:\/\/glassbottlewholesale.com\/es\/wp-json\/wp\/v2\/product"}],"about":[{"href":"https:\/\/glassbottlewholesale.com\/es\/wp-json\/wp\/v2\/types\/product"}],"replies":[{"embeddable":true,"href":"https:\/\/glassbottlewholesale.com\/es\/wp-json\/wp\/v2\/comments?post=2792"}],"wp:featuredmedia":[{"embeddable":true,"href":"https:\/\/glassbottlewholesale.com\/es\/wp-json\/wp\/v2\/media\/2795"}],"wp:attachment":[{"href":"https:\/\/glassbottlewholesale.com\/es\/wp-json\/wp\/v2\/media?parent=2792"}],"wp:term":[{"taxonomy":"product_brand","embeddable":true,"href":"https:\/\/glassbottlewholesale.com\/es\/wp-json\/wp\/v2\/product_brand?post=2792"},{"taxonomy":"product_cat","embeddable":true,"href":"https:\/\/glassbottlewholesale.com\/es\/wp-json\/wp\/v2\/product_cat?post=2792"},{"taxonomy":"product_tag","embeddable":true,"href":"https:\/\/glassbottlewholesale.com\/es\/wp-json\/wp\/v2\/product_tag?post=2792"}],"curies":[{"name":"wp","href":"https:\/\/api.w.org\/{rel}","templated":true}]}}