{"id":395,"date":"2019-12-10T14:35:29","date_gmt":"2019-12-10T14:35:29","guid":{"rendered":"https:\/\/queenchingglass.com\/?post_type=product&#038;p=395"},"modified":"2025-07-10T03:38:52","modified_gmt":"2025-07-10T03:38:52","slug":"700ml-750ml-botellas-de-licor-de-vidrio-al-por-mayor-con-tapas","status":"publish","type":"product","link":"https:\/\/glassbottlewholesale.com\/es\/700ml-750ml-botellas-de-licor-de-vidrio-al-por-mayor-con-tapas\/","title":{"rendered":"RS054: Botellas de alcohol de vidrio de 700 ml y 750 ml al por mayor con tapas"},"content":{"rendered":"<div class=\"wpb-content-wrapper\"><div class=\"vc_row wpb_row vc_row-fluid\"><div class=\"wpb_column vc_column_container vc_col-sm-12\"><div class=\"vc_column-inner\"><div class=\"wpb_wrapper\">\n\t<div class=\"wpb_text_column wpb_content_element\" >\n\t\t<div class=\"wpb_wrapper\">\n\t\t\t<p>En\u00a0<em><strong>700ml high flint glass bottles for liquor<\/strong><\/em> is made in Shandong Yuncheng Ruisheng Glass Co., Ltd. Our company is one of the biggest super flint liquor bottle suppliers in China.<\/p>\n<p>The 700ml high flint\u00a0<a href=\"https:\/\/ruishengglassco.com\/glass-liquor-spirit-bottles\">glass bottles for liquor<\/a> is made by high flint glass material which makes the glass bottle more clear, more durable and more smooth.<\/p>\n<p>Nuestra empresa cuenta con m\u00e1s de 500 empleados y un grupo de ingenieros cualificados. Con una rica experiencia, tenemos una buena reputaci\u00f3n en todo el mundo.<\/p>\n<p>Our main products are<a href=\"https:\/\/ruishengglassco.com\/about\">\u00a0top grade glass bottle<\/a> such as vodka bottles, brandy bottles, whiskey bottles, liquor bottles, jam bottle and so on. We also can offer amber glass bottles, green bottles, and water bottles. Our main market is Europe, the USA, Australia, America, etc. And all products enjoy a high reputation for innovation and functionality.<\/p>\n<h4>The information about 700ml high flint glass bottles for liquor as below:<\/h4>\n<ul>\n<li>Material principal: vidrio alto pedernal<\/li>\n<li>Tapa: tap\u00f3n de rosca<\/li>\n<li>Reference: RS054<\/li>\n<li>Cantidad m\u00ednima de pedido: 10000 unidades<\/li>\n<li>Capacidad: 700ml<\/li>\n<li>Piezas\/caja: 24 piezas<\/li>\n<li>Origen del lugar: Shandong, China<\/li>\n<li>Caracter\u00edstica: Respetuoso del medio ambiente<\/li>\n<\/ul>\n<p>And how to choose e liquid glass bottles? Choose the right spirit 500ml glass bottle, the first one is the quality of the liquid bottles, high-quality glass bottle is able to ensure liquor quality and improve their valve. In addition, customers also need to pay attention to the quality of liquor products, liquor flavor, and cultural propaganda to select e liquid glass bottle. Additional, choose and buy liquor bottle product need to choose a regular liquor bottle manufacturers,\u00a0 to assure the quality and price of alcohol bottles.<\/p>\n<p>If you are interested in our this\u00a0<em><strong>700ml high flint glass bottles for liquor<\/strong><\/em>, please contact us. We will reply to you within 24hours.<\/p>\n\n\t\t<\/div>\n\t<\/div>\n<\/div><\/div><\/div><\/div>\n<\/div>","protected":false},"excerpt":{"rendered":"<table class=\"tg\" style=\"height: 328px\" width=\"704\">\n<tbody>\n<tr>\n<th class=\"tg-24i8\" colspan=\"2\">700ml High Flint Glass Bottles for Liquor<\/th>\n<\/tr>\n<tr>\n<td class=\"tg-b7b8\">Referencia:<\/td>\n<td class=\"tg-b7b8\">RS054<\/td>\n<\/tr>\n<tr>\n<td class=\"tg-yw4l\">Material principal:<\/td>\n<td class=\"tg-yw4l\">Vidrio alto de pedernal (este material tambi\u00e9n se llama vidrio blanco cristalino)<\/td>\n<\/tr>\n<tr>\n<td class=\"tg-b7b8\">Gorra:<\/td>\n<td class=\"tg-b7b8\">Tapa de garant\u00eda<\/td>\n<\/tr>\n<tr>\n<td class=\"tg-yw4l\">Capacidad:<\/td>\n<td class=\"tg-yw4l\">700ml<\/td>\n<\/tr>\n<tr>\n<td class=\"tg-b7b8\">Caracter\u00edstica:<\/td>\n<td class=\"tg-b7b8\">Respetuoso del medio ambiente<\/td>\n<\/tr>\n<tr>\n<td class=\"tg-yw4l\">Cantidad m\u00ednima de pedido:<\/td>\n<td class=\"tg-yw4l\">10000 piezas<\/td>\n<\/tr>\n<tr>\n<td class=\"tg-b7b8\">Forma de embalaje:<\/td>\n<td class=\"tg-b7b8\">Cart\u00f3n est\u00e1ndar de exportaci\u00f3n\/pal\u00e9\/cart\u00f3n y pal\u00e9 est\u00e1ndar de exportaci\u00f3n<\/td>\n<\/tr>\n<tr>\n<td class=\"tg-yw4l\">OEM\/ODM:<\/td>\n<td class=\"tg-yw4l\">Bienvenido<\/td>\n<\/tr>\n<tr>\n<td class=\"tg-b7b8\">Origen del lugar:<\/td>\n<td class=\"tg-b7b8\">Shandong, China<\/td>\n<\/tr>\n<tr>\n<td class=\"tg-yw4l\">Piezas\/caja:<\/td>\n<td class=\"tg-yw4l\">24 piezas o seg\u00fan las demandas del cliente<\/td>\n<\/tr>\n<\/tbody>\n<\/table>","protected":false},"featured_media":4350,"comment_status":"open","ping_status":"closed","template":"","meta":[],"product_brand":[],"product_cat":[51,52,59,63],"product_tag":[],"class_list":{"0":"post-395","1":"product","2":"type-product","3":"status-publish","4":"has-post-thumbnail","6":"product_cat-700ml-glass-bottle","7":"product_cat-750ml-glass-bottle","8":"product_cat-absinthe-bottle","9":"product_cat-liquor-bottle","10":"entry","11":"has-media","13":"first","14":"instock","15":"shipping-taxable","16":"product-type-simple"},"yoast_head":"<!-- This site is optimized with the Yoast SEO plugin v27.3 - https:\/\/yoast.com\/product\/yoast-seo-wordpress\/ -->\n<title>700 750ml Glass Spirit Bottles Wholesale | Alcohol Bottle Manufacturers<\/title>\n<meta name=\"description\" content=\"Ruisheng, a primary alcohol bottle manufacturer, sales 700\/ 750ml glass spirit bottles wholesale at factory outlet price. Global Shipping&amp;Free Sample.\" \/>\n<meta name=\"robots\" content=\"index, follow, max-snippet:-1, max-image-preview:large, max-video-preview:-1\" \/>\n<link rel=\"canonical\" href=\"https:\/\/ruishengglassco.com\/product\/rs054-700ml-750ml-glass-spirit-bottles-wholesale-with-caps\" \/>\n<meta property=\"og:locale\" content=\"es_ES\" \/>\n<meta property=\"og:type\" content=\"article\" \/>\n<meta property=\"og:title\" content=\"700 750ml Glass Spirit Bottles Wholesale | Alcohol Bottle Manufacturers\" \/>\n<meta property=\"og:description\" content=\"Ruisheng, a primary alcohol bottle manufacturer, sales 700\/ 750ml glass spirit bottles wholesale at factory outlet price. Global Shipping&amp;Free Sample.\" \/>\n<meta property=\"og:url\" content=\"https:\/\/ruishengglassco.com\/product\/rs054-700ml-750ml-glass-spirit-bottles-wholesale-with-caps\" \/>\n<meta property=\"og:site_name\" content=\"Glass Bottle Wholesale\" \/>\n<meta property=\"article:modified_time\" content=\"2025-07-10T03:38:52+00:00\" \/>\n<meta property=\"og:image\" content=\"https:\/\/glassbottlewholesale.com\/wp-content\/uploads\/2023\/12\/long-glass-bottleIMG_7112-1.jpg\" \/>\n\t<meta property=\"og:image:width\" content=\"800\" \/>\n\t<meta property=\"og:image:height\" content=\"800\" \/>\n\t<meta property=\"og:image:type\" content=\"image\/jpeg\" \/>\n<meta name=\"twitter:card\" content=\"summary_large_image\" \/>\n<meta name=\"twitter:label1\" content=\"Tiempo de lectura\" \/>\n\t<meta name=\"twitter:data1\" content=\"2 minutos\" \/>\n<script type=\"application\/ld+json\" class=\"yoast-schema-graph\">{\"@context\":\"https:\\\/\\\/schema.org\",\"@graph\":[{\"@type\":\"WebPage\",\"@id\":\"https:\\\/\\\/glassbottlewholesale.com\\\/700ml-750ml-glass-spirit-bottles-wholesale-with-caps\\\/\",\"url\":\"https:\\\/\\\/ruishengglassco.com\\\/product\\\/rs054-700ml-750ml-glass-spirit-bottles-wholesale-with-caps\",\"name\":\"700 750ml Glass Spirit Bottles Wholesale | Alcohol Bottle Manufacturers\",\"isPartOf\":{\"@id\":\"https:\\\/\\\/glassbottlewholesale.com\\\/#website\"},\"primaryImageOfPage\":{\"@id\":\"https:\\\/\\\/ruishengglassco.com\\\/product\\\/rs054-700ml-750ml-glass-spirit-bottles-wholesale-with-caps#primaryimage\"},\"image\":{\"@id\":\"https:\\\/\\\/ruishengglassco.com\\\/product\\\/rs054-700ml-750ml-glass-spirit-bottles-wholesale-with-caps#primaryimage\"},\"thumbnailUrl\":\"https:\\\/\\\/glassbottlewholesale.com\\\/wp-content\\\/uploads\\\/2023\\\/12\\\/long-glass-bottleIMG_7112-1.jpg\",\"datePublished\":\"2019-12-10T14:35:29+00:00\",\"dateModified\":\"2025-07-10T03:38:52+00:00\",\"description\":\"Ruisheng, a primary alcohol bottle manufacturer, sales 700\\\/ 750ml glass spirit bottles wholesale at factory outlet price. Global Shipping&Free Sample.\",\"breadcrumb\":{\"@id\":\"https:\\\/\\\/ruishengglassco.com\\\/product\\\/rs054-700ml-750ml-glass-spirit-bottles-wholesale-with-caps#breadcrumb\"},\"inLanguage\":\"es\",\"potentialAction\":[{\"@type\":\"ReadAction\",\"target\":[\"https:\\\/\\\/ruishengglassco.com\\\/product\\\/rs054-700ml-750ml-glass-spirit-bottles-wholesale-with-caps\"]}]},{\"@type\":\"ImageObject\",\"inLanguage\":\"es\",\"@id\":\"https:\\\/\\\/ruishengglassco.com\\\/product\\\/rs054-700ml-750ml-glass-spirit-bottles-wholesale-with-caps#primaryimage\",\"url\":\"https:\\\/\\\/glassbottlewholesale.com\\\/wp-content\\\/uploads\\\/2023\\\/12\\\/long-glass-bottleIMG_7112-1.jpg\",\"contentUrl\":\"https:\\\/\\\/glassbottlewholesale.com\\\/wp-content\\\/uploads\\\/2023\\\/12\\\/long-glass-bottleIMG_7112-1.jpg\",\"width\":800,\"height\":800,\"caption\":\"RS054: 700ml 750ml Glass Spirit Bottles Wholesale With Caps\"},{\"@type\":\"BreadcrumbList\",\"@id\":\"https:\\\/\\\/ruishengglassco.com\\\/product\\\/rs054-700ml-750ml-glass-spirit-bottles-wholesale-with-caps#breadcrumb\",\"itemListElement\":[{\"@type\":\"ListItem\",\"position\":1,\"name\":\"Home\",\"item\":\"https:\\\/\\\/glassbottlewholesale.com\\\/\"},{\"@type\":\"ListItem\",\"position\":2,\"name\":\"Products\",\"item\":\"https:\\\/\\\/glassbottlewholesale.com\\\/shop\\\/\"},{\"@type\":\"ListItem\",\"position\":3,\"name\":\"RS054: 700ml 750ml Glass Spirit Bottles Wholesale With Caps\"}]},{\"@type\":\"WebSite\",\"@id\":\"https:\\\/\\\/glassbottlewholesale.com\\\/#website\",\"url\":\"https:\\\/\\\/glassbottlewholesale.com\\\/\",\"name\":\"Glass Bottle Wholesale\",\"description\":\"\",\"publisher\":{\"@id\":\"https:\\\/\\\/glassbottlewholesale.com\\\/#organization\"},\"potentialAction\":[{\"@type\":\"SearchAction\",\"target\":{\"@type\":\"EntryPoint\",\"urlTemplate\":\"https:\\\/\\\/glassbottlewholesale.com\\\/?s={search_term_string}\"},\"query-input\":{\"@type\":\"PropertyValueSpecification\",\"valueRequired\":true,\"valueName\":\"search_term_string\"}}],\"inLanguage\":\"es\"},{\"@type\":\"Organization\",\"@id\":\"https:\\\/\\\/glassbottlewholesale.com\\\/#organization\",\"name\":\"Glass Bottle Wholesale\",\"url\":\"https:\\\/\\\/glassbottlewholesale.com\\\/\",\"logo\":{\"@type\":\"ImageObject\",\"inLanguage\":\"es\",\"@id\":\"https:\\\/\\\/glassbottlewholesale.com\\\/#\\\/schema\\\/logo\\\/image\\\/\",\"url\":\"https:\\\/\\\/glassbottlewholesale.com\\\/wp-content\\\/uploads\\\/2023\\\/12\\\/ruisheng-logo.webp\",\"contentUrl\":\"https:\\\/\\\/glassbottlewholesale.com\\\/wp-content\\\/uploads\\\/2023\\\/12\\\/ruisheng-logo.webp\",\"width\":400,\"height\":233,\"caption\":\"Glass Bottle Wholesale\"},\"image\":{\"@id\":\"https:\\\/\\\/glassbottlewholesale.com\\\/#\\\/schema\\\/logo\\\/image\\\/\"}}]}<\/script>\n<!-- \/ Yoast SEO plugin. -->","yoast_head_json":{"title":"700 750ml Glass Spirit Bottles Wholesale | Alcohol Bottle Manufacturers","description":"Ruisheng, a primary alcohol bottle manufacturer, sales 700\/ 750ml glass spirit bottles wholesale at factory outlet price. Global Shipping&Free Sample.","robots":{"index":"index","follow":"follow","max-snippet":"max-snippet:-1","max-image-preview":"max-image-preview:large","max-video-preview":"max-video-preview:-1"},"canonical":"https:\/\/ruishengglassco.com\/product\/rs054-700ml-750ml-glass-spirit-bottles-wholesale-with-caps","og_locale":"es_ES","og_type":"article","og_title":"700 750ml Glass Spirit Bottles Wholesale | Alcohol Bottle Manufacturers","og_description":"Ruisheng, a primary alcohol bottle manufacturer, sales 700\/ 750ml glass spirit bottles wholesale at factory outlet price. Global Shipping&Free Sample.","og_url":"https:\/\/ruishengglassco.com\/product\/rs054-700ml-750ml-glass-spirit-bottles-wholesale-with-caps","og_site_name":"Glass Bottle Wholesale","article_modified_time":"2025-07-10T03:38:52+00:00","og_image":[{"width":800,"height":800,"url":"https:\/\/glassbottlewholesale.com\/wp-content\/uploads\/2023\/12\/long-glass-bottleIMG_7112-1.jpg","type":"image\/jpeg"}],"twitter_card":"summary_large_image","twitter_misc":{"Tiempo de lectura":"2 minutos"},"schema":{"@context":"https:\/\/schema.org","@graph":[{"@type":"WebPage","@id":"https:\/\/glassbottlewholesale.com\/700ml-750ml-glass-spirit-bottles-wholesale-with-caps\/","url":"https:\/\/ruishengglassco.com\/product\/rs054-700ml-750ml-glass-spirit-bottles-wholesale-with-caps","name":"700 750ml Glass Spirit Bottles Wholesale | Alcohol Bottle Manufacturers","isPartOf":{"@id":"https:\/\/glassbottlewholesale.com\/#website"},"primaryImageOfPage":{"@id":"https:\/\/ruishengglassco.com\/product\/rs054-700ml-750ml-glass-spirit-bottles-wholesale-with-caps#primaryimage"},"image":{"@id":"https:\/\/ruishengglassco.com\/product\/rs054-700ml-750ml-glass-spirit-bottles-wholesale-with-caps#primaryimage"},"thumbnailUrl":"https:\/\/glassbottlewholesale.com\/wp-content\/uploads\/2023\/12\/long-glass-bottleIMG_7112-1.jpg","datePublished":"2019-12-10T14:35:29+00:00","dateModified":"2025-07-10T03:38:52+00:00","description":"Ruisheng, a primary alcohol bottle manufacturer, sales 700\/ 750ml glass spirit bottles wholesale at factory outlet price. Global Shipping&Free Sample.","breadcrumb":{"@id":"https:\/\/ruishengglassco.com\/product\/rs054-700ml-750ml-glass-spirit-bottles-wholesale-with-caps#breadcrumb"},"inLanguage":"es","potentialAction":[{"@type":"ReadAction","target":["https:\/\/ruishengglassco.com\/product\/rs054-700ml-750ml-glass-spirit-bottles-wholesale-with-caps"]}]},{"@type":"ImageObject","inLanguage":"es","@id":"https:\/\/ruishengglassco.com\/product\/rs054-700ml-750ml-glass-spirit-bottles-wholesale-with-caps#primaryimage","url":"https:\/\/glassbottlewholesale.com\/wp-content\/uploads\/2023\/12\/long-glass-bottleIMG_7112-1.jpg","contentUrl":"https:\/\/glassbottlewholesale.com\/wp-content\/uploads\/2023\/12\/long-glass-bottleIMG_7112-1.jpg","width":800,"height":800,"caption":"RS054: 700ml 750ml Glass Spirit Bottles Wholesale With Caps"},{"@type":"BreadcrumbList","@id":"https:\/\/ruishengglassco.com\/product\/rs054-700ml-750ml-glass-spirit-bottles-wholesale-with-caps#breadcrumb","itemListElement":[{"@type":"ListItem","position":1,"name":"Home","item":"https:\/\/glassbottlewholesale.com\/"},{"@type":"ListItem","position":2,"name":"Products","item":"https:\/\/glassbottlewholesale.com\/shop\/"},{"@type":"ListItem","position":3,"name":"RS054: 700ml 750ml Glass Spirit Bottles Wholesale With Caps"}]},{"@type":"WebSite","@id":"https:\/\/glassbottlewholesale.com\/#website","url":"https:\/\/glassbottlewholesale.com\/","name":"Glass Bottle Wholesale","description":"","publisher":{"@id":"https:\/\/glassbottlewholesale.com\/#organization"},"potentialAction":[{"@type":"SearchAction","target":{"@type":"EntryPoint","urlTemplate":"https:\/\/glassbottlewholesale.com\/?s={search_term_string}"},"query-input":{"@type":"PropertyValueSpecification","valueRequired":true,"valueName":"search_term_string"}}],"inLanguage":"es"},{"@type":"Organization","@id":"https:\/\/glassbottlewholesale.com\/#organization","name":"Glass Bottle Wholesale","url":"https:\/\/glassbottlewholesale.com\/","logo":{"@type":"ImageObject","inLanguage":"es","@id":"https:\/\/glassbottlewholesale.com\/#\/schema\/logo\/image\/","url":"https:\/\/glassbottlewholesale.com\/wp-content\/uploads\/2023\/12\/ruisheng-logo.webp","contentUrl":"https:\/\/glassbottlewholesale.com\/wp-content\/uploads\/2023\/12\/ruisheng-logo.webp","width":400,"height":233,"caption":"Glass Bottle Wholesale"},"image":{"@id":"https:\/\/glassbottlewholesale.com\/#\/schema\/logo\/image\/"}}]}},"_links":{"self":[{"href":"https:\/\/glassbottlewholesale.com\/es\/wp-json\/wp\/v2\/product\/395","targetHints":{"allow":["GET"]}}],"collection":[{"href":"https:\/\/glassbottlewholesale.com\/es\/wp-json\/wp\/v2\/product"}],"about":[{"href":"https:\/\/glassbottlewholesale.com\/es\/wp-json\/wp\/v2\/types\/product"}],"replies":[{"embeddable":true,"href":"https:\/\/glassbottlewholesale.com\/es\/wp-json\/wp\/v2\/comments?post=395"}],"wp:featuredmedia":[{"embeddable":true,"href":"https:\/\/glassbottlewholesale.com\/es\/wp-json\/wp\/v2\/media\/4350"}],"wp:attachment":[{"href":"https:\/\/glassbottlewholesale.com\/es\/wp-json\/wp\/v2\/media?parent=395"}],"wp:term":[{"taxonomy":"product_brand","embeddable":true,"href":"https:\/\/glassbottlewholesale.com\/es\/wp-json\/wp\/v2\/product_brand?post=395"},{"taxonomy":"product_cat","embeddable":true,"href":"https:\/\/glassbottlewholesale.com\/es\/wp-json\/wp\/v2\/product_cat?post=395"},{"taxonomy":"product_tag","embeddable":true,"href":"https:\/\/glassbottlewholesale.com\/es\/wp-json\/wp\/v2\/product_tag?post=395"}],"curies":[{"name":"wp","href":"https:\/\/api.w.org\/{rel}","templated":true}]}}