{"id":412,"date":"2019-12-12T13:26:52","date_gmt":"2019-12-12T13:26:52","guid":{"rendered":"https:\/\/queenchingglass.com\/?post_type=product&#038;p=412"},"modified":"2025-07-10T03:38:11","modified_gmt":"2025-07-10T03:38:11","slug":"700ml-brandy-bottles-wholesale","status":"publish","type":"product","link":"https:\/\/glassbottlewholesale.com\/es\/700ml-brandy-bottles-wholesale\/","title":{"rendered":"RS053: Botellas de Brandy de 700ml al por mayor"},"content":{"rendered":"<div class=\"wpb-content-wrapper\"><div class=\"vc_row wpb_row vc_row-fluid\"><div class=\"wpb_column vc_column_container vc_col-sm-12\"><div class=\"vc_column-inner\"><div class=\"wpb_wrapper\">\n\t<div class=\"wpb_text_column wpb_content_element\" >\n\t\t<div class=\"wpb_wrapper\">\n\t\t\t<p>How about the 700ml brandy bottle price? this best brandy bottle is made in a brandy bottle plant-Shandong Yuncheng Ruisheng Glass Co., Ltd. Our company is one of the biggest liquor bottles manufacturer in China. We provide\u00a0<a href=\"https:\/\/ruishengglassco.com\/glass-liquor-spirit-bottles\">liquor glass bottles in bulk<\/a>, so you can get brandy bottles wholesale price.<\/p>\n<p>This best brandy bottle is made by high flint glass material which makes the glass bottle more clear, more durable and more smooth.<\/p>\n<p>Nuestra empresa cuenta con m\u00e1s de 500 empleados y un grupo de ingenieros cualificados. Con una rica experiencia, tenemos una buena reputaci\u00f3n en todo el mundo.<\/p>\n<p>Our main products are top grade alcohol glass bottles such as vodka bottles, brandy bottles, <a href=\"https:\/\/ruishengglassco.com\/whiskey-bottle\">botellas de whisky<\/a>, liquor bottles, jam bottle and so on. We also can offer amber glass bottles, green bottles, and water bottles. Our main market is the USA, UK, Canada, Australia, etc. And all products enjoy a high reputation for innovation and functionality.<\/p>\n<h4>The information of the 700ml brandy bottle price as below:<\/h4>\n<ul>\n<li>Material principal: vidrio alto pedernal<\/li>\n<li>Cap: Screw cap<\/li>\n<li>Reference: RS053<\/li>\n<li>Cantidad m\u00ednima de pedido: 10000 unidades<\/li>\n<li>Brandy Bottle Size: Mini brandy bottle, 100ml, 350ml, 500ml ,700ml, 750ml, 1000ml, and custom brandy bottle size<\/li>\n<li>Piezas\/caja: 24 piezas<\/li>\n<li>Origen del lugar: Shandong, China<\/li>\n<li>Caracter\u00edstica: Respetuoso del medio ambiente<\/li>\n<\/ul>\n<p>If you want to know 70oml brandy bottle price, or want to buy brandy bottles wholesale, please contact us. We will reply to you within 24hours.<\/p>\n\n\t\t<\/div>\n\t<\/div>\n<\/div><\/div><\/div><\/div>\n<\/div>","protected":false},"excerpt":{"rendered":"<table class=\"tg\">\n<tbody>\n<tr>\n<td class=\"tg-b7b8\">Referencia:<\/td>\n<td class=\"tg-b7b8\">RS053<\/td>\n<\/tr>\n<tr>\n<td class=\"tg-yw4l\">Material principal:<\/td>\n<td class=\"tg-yw4l\">Vidrio alto de pedernal (este material tambi\u00e9n se llama vidrio blanco cristalino)<\/td>\n<\/tr>\n<tr>\n<td class=\"tg-b7b8\">Gorra:<\/td>\n<td class=\"tg-b7b8\">Tapa de garant\u00eda<\/td>\n<\/tr>\n<tr>\n<td class=\"tg-yw4l\">Capacidad:<\/td>\n<td class=\"tg-yw4l\">700ml<\/td>\n<\/tr>\n<tr>\n<td class=\"tg-b7b8\">Caracter\u00edstica:<\/td>\n<td class=\"tg-b7b8\">Respetuoso del medio ambiente<\/td>\n<\/tr>\n<tr>\n<td class=\"tg-yw4l\">Cantidad m\u00ednima de pedido:<\/td>\n<td class=\"tg-yw4l\">10000 piezas<\/td>\n<\/tr>\n<tr>\n<td class=\"tg-b7b8\">Forma de embalaje:<\/td>\n<td class=\"tg-b7b8\">Cart\u00f3n est\u00e1ndar de exportaci\u00f3n\/pal\u00e9\/cart\u00f3n y pal\u00e9 est\u00e1ndar de exportaci\u00f3n<\/td>\n<\/tr>\n<tr>\n<td class=\"tg-yw4l\">OEM\/ODM:<\/td>\n<td class=\"tg-yw4l\">Bienvenido<\/td>\n<\/tr>\n<tr>\n<td class=\"tg-b7b8\">Origen del lugar:<\/td>\n<td class=\"tg-b7b8\">Shandong, China<\/td>\n<\/tr>\n<tr>\n<td class=\"tg-yw4l\">Piezas\/caja:<\/td>\n<td class=\"tg-yw4l\">24 piezas o seg\u00fan las demandas del cliente<\/td>\n<\/tr>\n<\/tbody>\n<\/table>","protected":false},"featured_media":4379,"comment_status":"open","ping_status":"closed","template":"","meta":[],"product_brand":[],"product_cat":[51,60],"product_tag":[],"class_list":{"0":"post-412","1":"product","2":"type-product","3":"status-publish","4":"has-post-thumbnail","6":"product_cat-700ml-glass-bottle","7":"product_cat-brandy-bottle","8":"entry","9":"has-media","11":"first","12":"instock","13":"shipping-taxable","14":"product-type-simple"},"yoast_head":"<!-- This site is optimized with the Yoast SEO plugin v27.3 - https:\/\/yoast.com\/product\/yoast-seo-wordpress\/ -->\n<title>Wholesale Brandy Bottle Price | Luxury Liquor Bottles Manufacturer-RS<\/title>\n<meta name=\"description\" content=\"Do you want to get wholesale brandy bottle price? Click her and contact us to get factory outlet price from China luxury liquor bottles manufacturer\" \/>\n<meta name=\"robots\" content=\"index, follow, max-snippet:-1, max-image-preview:large, max-video-preview:-1\" \/>\n<link rel=\"canonical\" href=\"https:\/\/ruishengglassco.com\/product\/rs053-700ml-brandy-bottles-wholesale\" \/>\n<meta property=\"og:locale\" content=\"es_ES\" \/>\n<meta property=\"og:type\" content=\"article\" \/>\n<meta property=\"og:title\" content=\"Wholesale Brandy Bottle Price | Luxury Liquor Bottles Manufacturer-RS\" \/>\n<meta property=\"og:description\" content=\"Do you want to get wholesale brandy bottle price? Click her and contact us to get factory outlet price from China luxury liquor bottles manufacturer\" \/>\n<meta property=\"og:url\" content=\"https:\/\/ruishengglassco.com\/product\/rs053-700ml-brandy-bottles-wholesale\" \/>\n<meta property=\"og:site_name\" content=\"Glass Bottle Wholesale\" \/>\n<meta property=\"article:modified_time\" content=\"2025-07-10T03:38:11+00:00\" \/>\n<meta property=\"og:image\" content=\"https:\/\/glassbottlewholesale.com\/wp-content\/uploads\/2023\/12\/700ml-Brandy-Bottles-Wholesale-1.png\" \/>\n\t<meta property=\"og:image:width\" content=\"608\" \/>\n\t<meta property=\"og:image:height\" content=\"608\" \/>\n\t<meta property=\"og:image:type\" content=\"image\/png\" \/>\n<meta name=\"twitter:card\" content=\"summary_large_image\" \/>\n<meta name=\"twitter:label1\" content=\"Tiempo de lectura\" \/>\n\t<meta name=\"twitter:data1\" content=\"2 minutos\" \/>\n<script type=\"application\/ld+json\" class=\"yoast-schema-graph\">{\"@context\":\"https:\\\/\\\/schema.org\",\"@graph\":[{\"@type\":\"WebPage\",\"@id\":\"https:\\\/\\\/glassbottlewholesale.com\\\/700ml-brandy-bottles-wholesale\\\/\",\"url\":\"https:\\\/\\\/ruishengglassco.com\\\/product\\\/rs053-700ml-brandy-bottles-wholesale\",\"name\":\"Wholesale Brandy Bottle Price | Luxury Liquor Bottles Manufacturer-RS\",\"isPartOf\":{\"@id\":\"https:\\\/\\\/glassbottlewholesale.com\\\/#website\"},\"primaryImageOfPage\":{\"@id\":\"https:\\\/\\\/ruishengglassco.com\\\/product\\\/rs053-700ml-brandy-bottles-wholesale#primaryimage\"},\"image\":{\"@id\":\"https:\\\/\\\/ruishengglassco.com\\\/product\\\/rs053-700ml-brandy-bottles-wholesale#primaryimage\"},\"thumbnailUrl\":\"https:\\\/\\\/glassbottlewholesale.com\\\/wp-content\\\/uploads\\\/2023\\\/12\\\/700ml-Brandy-Bottles-Wholesale-1.png\",\"datePublished\":\"2019-12-12T13:26:52+00:00\",\"dateModified\":\"2025-07-10T03:38:11+00:00\",\"description\":\"Do you want to get wholesale brandy bottle price? Click her and contact us to get factory outlet price from China luxury liquor bottles manufacturer\",\"breadcrumb\":{\"@id\":\"https:\\\/\\\/ruishengglassco.com\\\/product\\\/rs053-700ml-brandy-bottles-wholesale#breadcrumb\"},\"inLanguage\":\"es\",\"potentialAction\":[{\"@type\":\"ReadAction\",\"target\":[\"https:\\\/\\\/ruishengglassco.com\\\/product\\\/rs053-700ml-brandy-bottles-wholesale\"]}]},{\"@type\":\"ImageObject\",\"inLanguage\":\"es\",\"@id\":\"https:\\\/\\\/ruishengglassco.com\\\/product\\\/rs053-700ml-brandy-bottles-wholesale#primaryimage\",\"url\":\"https:\\\/\\\/glassbottlewholesale.com\\\/wp-content\\\/uploads\\\/2023\\\/12\\\/700ml-Brandy-Bottles-Wholesale-1.png\",\"contentUrl\":\"https:\\\/\\\/glassbottlewholesale.com\\\/wp-content\\\/uploads\\\/2023\\\/12\\\/700ml-Brandy-Bottles-Wholesale-1.png\",\"width\":608,\"height\":608,\"caption\":\"700ml Brandy Bottles Wholesale (1)\"},{\"@type\":\"BreadcrumbList\",\"@id\":\"https:\\\/\\\/ruishengglassco.com\\\/product\\\/rs053-700ml-brandy-bottles-wholesale#breadcrumb\",\"itemListElement\":[{\"@type\":\"ListItem\",\"position\":1,\"name\":\"Home\",\"item\":\"https:\\\/\\\/glassbottlewholesale.com\\\/\"},{\"@type\":\"ListItem\",\"position\":2,\"name\":\"Products\",\"item\":\"https:\\\/\\\/glassbottlewholesale.com\\\/shop\\\/\"},{\"@type\":\"ListItem\",\"position\":3,\"name\":\"RS053: 700ml Brandy Bottles Wholesale\"}]},{\"@type\":\"WebSite\",\"@id\":\"https:\\\/\\\/glassbottlewholesale.com\\\/#website\",\"url\":\"https:\\\/\\\/glassbottlewholesale.com\\\/\",\"name\":\"Glass Bottle Wholesale\",\"description\":\"\",\"publisher\":{\"@id\":\"https:\\\/\\\/glassbottlewholesale.com\\\/#organization\"},\"potentialAction\":[{\"@type\":\"SearchAction\",\"target\":{\"@type\":\"EntryPoint\",\"urlTemplate\":\"https:\\\/\\\/glassbottlewholesale.com\\\/?s={search_term_string}\"},\"query-input\":{\"@type\":\"PropertyValueSpecification\",\"valueRequired\":true,\"valueName\":\"search_term_string\"}}],\"inLanguage\":\"es\"},{\"@type\":\"Organization\",\"@id\":\"https:\\\/\\\/glassbottlewholesale.com\\\/#organization\",\"name\":\"Glass Bottle Wholesale\",\"url\":\"https:\\\/\\\/glassbottlewholesale.com\\\/\",\"logo\":{\"@type\":\"ImageObject\",\"inLanguage\":\"es\",\"@id\":\"https:\\\/\\\/glassbottlewholesale.com\\\/#\\\/schema\\\/logo\\\/image\\\/\",\"url\":\"https:\\\/\\\/glassbottlewholesale.com\\\/wp-content\\\/uploads\\\/2023\\\/12\\\/ruisheng-logo.webp\",\"contentUrl\":\"https:\\\/\\\/glassbottlewholesale.com\\\/wp-content\\\/uploads\\\/2023\\\/12\\\/ruisheng-logo.webp\",\"width\":400,\"height\":233,\"caption\":\"Glass Bottle Wholesale\"},\"image\":{\"@id\":\"https:\\\/\\\/glassbottlewholesale.com\\\/#\\\/schema\\\/logo\\\/image\\\/\"}}]}<\/script>\n<!-- \/ Yoast SEO plugin. -->","yoast_head_json":{"title":"Wholesale Brandy Bottle Price | Luxury Liquor Bottles Manufacturer-RS","description":"Do you want to get wholesale brandy bottle price? Click her and contact us to get factory outlet price from China luxury liquor bottles manufacturer","robots":{"index":"index","follow":"follow","max-snippet":"max-snippet:-1","max-image-preview":"max-image-preview:large","max-video-preview":"max-video-preview:-1"},"canonical":"https:\/\/ruishengglassco.com\/product\/rs053-700ml-brandy-bottles-wholesale","og_locale":"es_ES","og_type":"article","og_title":"Wholesale Brandy Bottle Price | Luxury Liquor Bottles Manufacturer-RS","og_description":"Do you want to get wholesale brandy bottle price? Click her and contact us to get factory outlet price from China luxury liquor bottles manufacturer","og_url":"https:\/\/ruishengglassco.com\/product\/rs053-700ml-brandy-bottles-wholesale","og_site_name":"Glass Bottle Wholesale","article_modified_time":"2025-07-10T03:38:11+00:00","og_image":[{"width":608,"height":608,"url":"https:\/\/glassbottlewholesale.com\/wp-content\/uploads\/2023\/12\/700ml-Brandy-Bottles-Wholesale-1.png","type":"image\/png"}],"twitter_card":"summary_large_image","twitter_misc":{"Tiempo de lectura":"2 minutos"},"schema":{"@context":"https:\/\/schema.org","@graph":[{"@type":"WebPage","@id":"https:\/\/glassbottlewholesale.com\/700ml-brandy-bottles-wholesale\/","url":"https:\/\/ruishengglassco.com\/product\/rs053-700ml-brandy-bottles-wholesale","name":"Wholesale Brandy Bottle Price | Luxury Liquor Bottles Manufacturer-RS","isPartOf":{"@id":"https:\/\/glassbottlewholesale.com\/#website"},"primaryImageOfPage":{"@id":"https:\/\/ruishengglassco.com\/product\/rs053-700ml-brandy-bottles-wholesale#primaryimage"},"image":{"@id":"https:\/\/ruishengglassco.com\/product\/rs053-700ml-brandy-bottles-wholesale#primaryimage"},"thumbnailUrl":"https:\/\/glassbottlewholesale.com\/wp-content\/uploads\/2023\/12\/700ml-Brandy-Bottles-Wholesale-1.png","datePublished":"2019-12-12T13:26:52+00:00","dateModified":"2025-07-10T03:38:11+00:00","description":"Do you want to get wholesale brandy bottle price? Click her and contact us to get factory outlet price from China luxury liquor bottles manufacturer","breadcrumb":{"@id":"https:\/\/ruishengglassco.com\/product\/rs053-700ml-brandy-bottles-wholesale#breadcrumb"},"inLanguage":"es","potentialAction":[{"@type":"ReadAction","target":["https:\/\/ruishengglassco.com\/product\/rs053-700ml-brandy-bottles-wholesale"]}]},{"@type":"ImageObject","inLanguage":"es","@id":"https:\/\/ruishengglassco.com\/product\/rs053-700ml-brandy-bottles-wholesale#primaryimage","url":"https:\/\/glassbottlewholesale.com\/wp-content\/uploads\/2023\/12\/700ml-Brandy-Bottles-Wholesale-1.png","contentUrl":"https:\/\/glassbottlewholesale.com\/wp-content\/uploads\/2023\/12\/700ml-Brandy-Bottles-Wholesale-1.png","width":608,"height":608,"caption":"700ml Brandy Bottles Wholesale (1)"},{"@type":"BreadcrumbList","@id":"https:\/\/ruishengglassco.com\/product\/rs053-700ml-brandy-bottles-wholesale#breadcrumb","itemListElement":[{"@type":"ListItem","position":1,"name":"Home","item":"https:\/\/glassbottlewholesale.com\/"},{"@type":"ListItem","position":2,"name":"Products","item":"https:\/\/glassbottlewholesale.com\/shop\/"},{"@type":"ListItem","position":3,"name":"RS053: 700ml Brandy Bottles Wholesale"}]},{"@type":"WebSite","@id":"https:\/\/glassbottlewholesale.com\/#website","url":"https:\/\/glassbottlewholesale.com\/","name":"Glass Bottle Wholesale","description":"","publisher":{"@id":"https:\/\/glassbottlewholesale.com\/#organization"},"potentialAction":[{"@type":"SearchAction","target":{"@type":"EntryPoint","urlTemplate":"https:\/\/glassbottlewholesale.com\/?s={search_term_string}"},"query-input":{"@type":"PropertyValueSpecification","valueRequired":true,"valueName":"search_term_string"}}],"inLanguage":"es"},{"@type":"Organization","@id":"https:\/\/glassbottlewholesale.com\/#organization","name":"Glass Bottle Wholesale","url":"https:\/\/glassbottlewholesale.com\/","logo":{"@type":"ImageObject","inLanguage":"es","@id":"https:\/\/glassbottlewholesale.com\/#\/schema\/logo\/image\/","url":"https:\/\/glassbottlewholesale.com\/wp-content\/uploads\/2023\/12\/ruisheng-logo.webp","contentUrl":"https:\/\/glassbottlewholesale.com\/wp-content\/uploads\/2023\/12\/ruisheng-logo.webp","width":400,"height":233,"caption":"Glass Bottle Wholesale"},"image":{"@id":"https:\/\/glassbottlewholesale.com\/#\/schema\/logo\/image\/"}}]}},"_links":{"self":[{"href":"https:\/\/glassbottlewholesale.com\/es\/wp-json\/wp\/v2\/product\/412","targetHints":{"allow":["GET"]}}],"collection":[{"href":"https:\/\/glassbottlewholesale.com\/es\/wp-json\/wp\/v2\/product"}],"about":[{"href":"https:\/\/glassbottlewholesale.com\/es\/wp-json\/wp\/v2\/types\/product"}],"replies":[{"embeddable":true,"href":"https:\/\/glassbottlewholesale.com\/es\/wp-json\/wp\/v2\/comments?post=412"}],"wp:featuredmedia":[{"embeddable":true,"href":"https:\/\/glassbottlewholesale.com\/es\/wp-json\/wp\/v2\/media\/4379"}],"wp:attachment":[{"href":"https:\/\/glassbottlewholesale.com\/es\/wp-json\/wp\/v2\/media?parent=412"}],"wp:term":[{"taxonomy":"product_brand","embeddable":true,"href":"https:\/\/glassbottlewholesale.com\/es\/wp-json\/wp\/v2\/product_brand?post=412"},{"taxonomy":"product_cat","embeddable":true,"href":"https:\/\/glassbottlewholesale.com\/es\/wp-json\/wp\/v2\/product_cat?post=412"},{"taxonomy":"product_tag","embeddable":true,"href":"https:\/\/glassbottlewholesale.com\/es\/wp-json\/wp\/v2\/product_tag?post=412"}],"curies":[{"name":"wp","href":"https:\/\/api.w.org\/{rel}","templated":true}]}}