{"id":421,"date":"2019-10-12T13:32:20","date_gmt":"2019-10-12T13:32:20","guid":{"rendered":"https:\/\/queenchingglass.com\/?post_type=product&#038;p=421"},"modified":"2025-07-10T00:38:55","modified_gmt":"2025-07-10T00:38:55","slug":"500ml-brandy-glass-bottles-with-corks","status":"publish","type":"product","link":"https:\/\/glassbottlewholesale.com\/es\/500ml-brandy-glass-bottles-with-corks\/","title":{"rendered":"RS138: Botellas de vidrio para Brandy de 500 ml con tap\u00f3n de corcho"},"content":{"rendered":"<div class=\"wpb-content-wrapper\"><div class=\"vc_row wpb_row vc_row-fluid\"><div class=\"wpb_column vc_column_container vc_col-sm-12\"><div class=\"vc_column-inner\"><div class=\"wpb_wrapper\">\n\t<div class=\"wpb_text_column wpb_content_element\" >\n\t\t<div class=\"wpb_wrapper\">\n\t\t\t<p>The 500ml crystal brandy glass bottles with corks are made in Shandong Yuncheng Ruisheng Glass Co., Ltd-a professional glass brandy bottle manufacturer with over 10 years of manufacturing experience. We have a large glass bottle production factory covering 500 hectares.<\/p>\n<p>Nuestra empresa ha invertido 2 l\u00edneas de producci\u00f3n de la m\u00e1quina totalmente autom\u00e1tica 8S m\u00e1s avanzada, 3 l\u00edneas de producci\u00f3n de m\u00e1quinas manuales CNC, 4 l\u00edneas de producci\u00f3n de m\u00e1quinas semiautom\u00e1ticas CNC. Nuestra f\u00e1brica tambi\u00e9n tiene 2 juegos de m\u00e1quinas IS. La m\u00e1quina 8S y las m\u00e1quinas CNC se utilizan para producir botellas de vidrio de primer grado - botellas de vidrio de pedernal de cena. La producci\u00f3n diaria es de 120.000 piezas. Las m\u00e1quinas IS se utilizan para producir botellas de vidrio de grado medio, y su producci\u00f3n diaria es de 200.000 piezas.<\/p>\n<p>With advanced glass bottle manufacturing technology, our crystal glass bottle features high clear appearance, best quality, and elegant style, which catch the eyes of our customers from the USA, UK, Franch, Germany, Argentina, Russia\uff0cetc.<\/p>\n<h4>Details About 500ml Crystal Brandy Bottle Wholesale<\/h4>\n<ul>\n<li>Marca: RS<\/li>\n<li>Reference: RS138<\/li>\n<li>Material principal: vidrio alto pedernal<\/li>\n<li>Tapa: tap\u00f3n de rosca<\/li>\n<li><strong>Cantidad m\u00ednima de pedido: 10000 unidades<\/strong><\/li>\n<li>Capacidad:500 ml<\/li>\n<li>Pcs\/Ctn:24pcs<\/li>\n<li>Origen del lugar: Shandong, China<\/li>\n<li>Caracter\u00edstica: Respetuoso del medio ambiente<\/li>\n<\/ul>\n<p>If you are interested in our crystal brandy bottle wholesale, please <a href=\"https:\/\/ruishengglassco.com\/contact\">Cont\u00e1ctenos<\/a>. Le responderemos en un plazo de 24 horas.<\/p>\n\n\t\t<\/div>\n\t<\/div>\n<\/div><\/div><\/div><\/div>\n<\/div>","protected":false},"excerpt":{"rendered":"<p>Buy 500ml crystal brandy bottle wholesale from professional glass brandy bottle manufacturer. Clear 500ml brandy bottles with high flint material to make the glass bottle pure and elegant. Round brandy bottles body adopt engraving electroplating process to make glass bottle decorative. Our crystal brandy bottle is mainly used in the packaing of brandy, XO, Brandy, Vodka, Whiskey, and etc.<\/p>","protected":false},"featured_media":422,"comment_status":"open","ping_status":"closed","template":"","meta":[],"product_brand":[],"product_cat":[50,60],"product_tag":[],"class_list":{"0":"post-421","1":"product","2":"type-product","3":"status-publish","4":"has-post-thumbnail","6":"product_cat-500ml-glass-bottle","7":"product_cat-brandy-bottle","8":"entry","9":"has-media","11":"first","12":"instock","13":"shipping-taxable","14":"product-type-simple"},"yoast_head":"<!-- This site is optimized with the Yoast SEO plugin v27.3 - https:\/\/yoast.com\/product\/yoast-seo-wordpress\/ -->\n<title>500ml Crystal Brandy Bottle Wholesale | Glass Brandy Bottle Manufacturer<\/title>\n<meta name=\"description\" content=\"Buy 500ml Crystal Brandy Bottle Wholesale From Professional Glass Brandy Bottle Manufacturer. Factory Outlet High Quality Brandy Bottle With Cheap Price.\" \/>\n<meta name=\"robots\" content=\"index, follow, max-snippet:-1, max-image-preview:large, max-video-preview:-1\" \/>\n<link rel=\"canonical\" href=\"https:\/\/ruishengglassco.com\/product\/rs138-500ml-brandy-glass-bottles-with-corks\" \/>\n<meta property=\"og:locale\" content=\"es_ES\" \/>\n<meta property=\"og:type\" content=\"article\" \/>\n<meta property=\"og:title\" content=\"500ml Crystal Brandy Bottle Wholesale | Glass Brandy Bottle Manufacturer\" \/>\n<meta property=\"og:description\" content=\"Buy 500ml Crystal Brandy Bottle Wholesale From Professional Glass Brandy Bottle Manufacturer. Factory Outlet High Quality Brandy Bottle With Cheap Price.\" \/>\n<meta property=\"og:url\" content=\"https:\/\/ruishengglassco.com\/product\/rs138-500ml-brandy-glass-bottles-with-corks\" \/>\n<meta property=\"og:site_name\" content=\"Glass Bottle Wholesale\" \/>\n<meta property=\"article:modified_time\" content=\"2025-07-10T00:38:55+00:00\" \/>\n<meta property=\"og:image\" content=\"https:\/\/glassbottlewholesale.com\/wp-content\/uploads\/2019\/10\/\u767d\u5170\u57303l.jpg\" \/>\n\t<meta property=\"og:image:width\" content=\"400\" \/>\n\t<meta property=\"og:image:height\" content=\"400\" \/>\n\t<meta property=\"og:image:type\" content=\"image\/jpeg\" \/>\n<meta name=\"twitter:card\" content=\"summary_large_image\" \/>\n<meta name=\"twitter:label1\" content=\"Tiempo de lectura\" \/>\n\t<meta name=\"twitter:data1\" content=\"1 minuto\" \/>\n<script type=\"application\/ld+json\" class=\"yoast-schema-graph\">{\"@context\":\"https:\\\/\\\/schema.org\",\"@graph\":[{\"@type\":\"WebPage\",\"@id\":\"https:\\\/\\\/glassbottlewholesale.com\\\/500ml-brandy-glass-bottles-with-corks\\\/\",\"url\":\"https:\\\/\\\/ruishengglassco.com\\\/product\\\/rs138-500ml-brandy-glass-bottles-with-corks\",\"name\":\"500ml Crystal Brandy Bottle Wholesale | Glass Brandy Bottle Manufacturer\",\"isPartOf\":{\"@id\":\"https:\\\/\\\/glassbottlewholesale.com\\\/#website\"},\"primaryImageOfPage\":{\"@id\":\"https:\\\/\\\/ruishengglassco.com\\\/product\\\/rs138-500ml-brandy-glass-bottles-with-corks#primaryimage\"},\"image\":{\"@id\":\"https:\\\/\\\/ruishengglassco.com\\\/product\\\/rs138-500ml-brandy-glass-bottles-with-corks#primaryimage\"},\"thumbnailUrl\":\"https:\\\/\\\/glassbottlewholesale.com\\\/wp-content\\\/uploads\\\/2019\\\/10\\\/\u767d\u5170\u57303l.jpg\",\"datePublished\":\"2019-10-12T13:32:20+00:00\",\"dateModified\":\"2025-07-10T00:38:55+00:00\",\"description\":\"Buy 500ml Crystal Brandy Bottle Wholesale From Professional Glass Brandy Bottle Manufacturer. Factory Outlet High Quality Brandy Bottle With Cheap Price.\",\"breadcrumb\":{\"@id\":\"https:\\\/\\\/ruishengglassco.com\\\/product\\\/rs138-500ml-brandy-glass-bottles-with-corks#breadcrumb\"},\"inLanguage\":\"es\",\"potentialAction\":[{\"@type\":\"ReadAction\",\"target\":[\"https:\\\/\\\/ruishengglassco.com\\\/product\\\/rs138-500ml-brandy-glass-bottles-with-corks\"]}]},{\"@type\":\"ImageObject\",\"inLanguage\":\"es\",\"@id\":\"https:\\\/\\\/ruishengglassco.com\\\/product\\\/rs138-500ml-brandy-glass-bottles-with-corks#primaryimage\",\"url\":\"https:\\\/\\\/glassbottlewholesale.com\\\/wp-content\\\/uploads\\\/2019\\\/10\\\/\u767d\u5170\u57303l.jpg\",\"contentUrl\":\"https:\\\/\\\/glassbottlewholesale.com\\\/wp-content\\\/uploads\\\/2019\\\/10\\\/\u767d\u5170\u57303l.jpg\",\"width\":400,\"height\":400,\"caption\":\"500ml Crystal Brandy Bottle Wholesale\"},{\"@type\":\"BreadcrumbList\",\"@id\":\"https:\\\/\\\/ruishengglassco.com\\\/product\\\/rs138-500ml-brandy-glass-bottles-with-corks#breadcrumb\",\"itemListElement\":[{\"@type\":\"ListItem\",\"position\":1,\"name\":\"Home\",\"item\":\"https:\\\/\\\/glassbottlewholesale.com\\\/\"},{\"@type\":\"ListItem\",\"position\":2,\"name\":\"Products\",\"item\":\"https:\\\/\\\/glassbottlewholesale.com\\\/shop\\\/\"},{\"@type\":\"ListItem\",\"position\":3,\"name\":\"RS138: 500ml Brandy Glass Bottles With Corks\"}]},{\"@type\":\"WebSite\",\"@id\":\"https:\\\/\\\/glassbottlewholesale.com\\\/#website\",\"url\":\"https:\\\/\\\/glassbottlewholesale.com\\\/\",\"name\":\"Glass Bottle Wholesale\",\"description\":\"\",\"publisher\":{\"@id\":\"https:\\\/\\\/glassbottlewholesale.com\\\/#organization\"},\"potentialAction\":[{\"@type\":\"SearchAction\",\"target\":{\"@type\":\"EntryPoint\",\"urlTemplate\":\"https:\\\/\\\/glassbottlewholesale.com\\\/?s={search_term_string}\"},\"query-input\":{\"@type\":\"PropertyValueSpecification\",\"valueRequired\":true,\"valueName\":\"search_term_string\"}}],\"inLanguage\":\"es\"},{\"@type\":\"Organization\",\"@id\":\"https:\\\/\\\/glassbottlewholesale.com\\\/#organization\",\"name\":\"Glass Bottle Wholesale\",\"url\":\"https:\\\/\\\/glassbottlewholesale.com\\\/\",\"logo\":{\"@type\":\"ImageObject\",\"inLanguage\":\"es\",\"@id\":\"https:\\\/\\\/glassbottlewholesale.com\\\/#\\\/schema\\\/logo\\\/image\\\/\",\"url\":\"https:\\\/\\\/glassbottlewholesale.com\\\/wp-content\\\/uploads\\\/2023\\\/12\\\/ruisheng-logo.webp\",\"contentUrl\":\"https:\\\/\\\/glassbottlewholesale.com\\\/wp-content\\\/uploads\\\/2023\\\/12\\\/ruisheng-logo.webp\",\"width\":400,\"height\":233,\"caption\":\"Glass Bottle Wholesale\"},\"image\":{\"@id\":\"https:\\\/\\\/glassbottlewholesale.com\\\/#\\\/schema\\\/logo\\\/image\\\/\"}}]}<\/script>\n<!-- \/ Yoast SEO plugin. -->","yoast_head_json":{"title":"500ml Crystal Brandy Bottle Wholesale | Glass Brandy Bottle Manufacturer","description":"Buy 500ml Crystal Brandy Bottle Wholesale From Professional Glass Brandy Bottle Manufacturer. Factory Outlet High Quality Brandy Bottle With Cheap Price.","robots":{"index":"index","follow":"follow","max-snippet":"max-snippet:-1","max-image-preview":"max-image-preview:large","max-video-preview":"max-video-preview:-1"},"canonical":"https:\/\/ruishengglassco.com\/product\/rs138-500ml-brandy-glass-bottles-with-corks","og_locale":"es_ES","og_type":"article","og_title":"500ml Crystal Brandy Bottle Wholesale | Glass Brandy Bottle Manufacturer","og_description":"Buy 500ml Crystal Brandy Bottle Wholesale From Professional Glass Brandy Bottle Manufacturer. Factory Outlet High Quality Brandy Bottle With Cheap Price.","og_url":"https:\/\/ruishengglassco.com\/product\/rs138-500ml-brandy-glass-bottles-with-corks","og_site_name":"Glass Bottle Wholesale","article_modified_time":"2025-07-10T00:38:55+00:00","og_image":[{"width":400,"height":400,"url":"https:\/\/glassbottlewholesale.com\/wp-content\/uploads\/2019\/10\/\u767d\u5170\u57303l.jpg","type":"image\/jpeg"}],"twitter_card":"summary_large_image","twitter_misc":{"Tiempo de lectura":"1 minuto"},"schema":{"@context":"https:\/\/schema.org","@graph":[{"@type":"WebPage","@id":"https:\/\/glassbottlewholesale.com\/500ml-brandy-glass-bottles-with-corks\/","url":"https:\/\/ruishengglassco.com\/product\/rs138-500ml-brandy-glass-bottles-with-corks","name":"500ml Crystal Brandy Bottle Wholesale | Glass Brandy Bottle Manufacturer","isPartOf":{"@id":"https:\/\/glassbottlewholesale.com\/#website"},"primaryImageOfPage":{"@id":"https:\/\/ruishengglassco.com\/product\/rs138-500ml-brandy-glass-bottles-with-corks#primaryimage"},"image":{"@id":"https:\/\/ruishengglassco.com\/product\/rs138-500ml-brandy-glass-bottles-with-corks#primaryimage"},"thumbnailUrl":"https:\/\/glassbottlewholesale.com\/wp-content\/uploads\/2019\/10\/\u767d\u5170\u57303l.jpg","datePublished":"2019-10-12T13:32:20+00:00","dateModified":"2025-07-10T00:38:55+00:00","description":"Buy 500ml Crystal Brandy Bottle Wholesale From Professional Glass Brandy Bottle Manufacturer. Factory Outlet High Quality Brandy Bottle With Cheap Price.","breadcrumb":{"@id":"https:\/\/ruishengglassco.com\/product\/rs138-500ml-brandy-glass-bottles-with-corks#breadcrumb"},"inLanguage":"es","potentialAction":[{"@type":"ReadAction","target":["https:\/\/ruishengglassco.com\/product\/rs138-500ml-brandy-glass-bottles-with-corks"]}]},{"@type":"ImageObject","inLanguage":"es","@id":"https:\/\/ruishengglassco.com\/product\/rs138-500ml-brandy-glass-bottles-with-corks#primaryimage","url":"https:\/\/glassbottlewholesale.com\/wp-content\/uploads\/2019\/10\/\u767d\u5170\u57303l.jpg","contentUrl":"https:\/\/glassbottlewholesale.com\/wp-content\/uploads\/2019\/10\/\u767d\u5170\u57303l.jpg","width":400,"height":400,"caption":"500ml Crystal Brandy Bottle Wholesale"},{"@type":"BreadcrumbList","@id":"https:\/\/ruishengglassco.com\/product\/rs138-500ml-brandy-glass-bottles-with-corks#breadcrumb","itemListElement":[{"@type":"ListItem","position":1,"name":"Home","item":"https:\/\/glassbottlewholesale.com\/"},{"@type":"ListItem","position":2,"name":"Products","item":"https:\/\/glassbottlewholesale.com\/shop\/"},{"@type":"ListItem","position":3,"name":"RS138: 500ml Brandy Glass Bottles With Corks"}]},{"@type":"WebSite","@id":"https:\/\/glassbottlewholesale.com\/#website","url":"https:\/\/glassbottlewholesale.com\/","name":"Glass Bottle Wholesale","description":"","publisher":{"@id":"https:\/\/glassbottlewholesale.com\/#organization"},"potentialAction":[{"@type":"SearchAction","target":{"@type":"EntryPoint","urlTemplate":"https:\/\/glassbottlewholesale.com\/?s={search_term_string}"},"query-input":{"@type":"PropertyValueSpecification","valueRequired":true,"valueName":"search_term_string"}}],"inLanguage":"es"},{"@type":"Organization","@id":"https:\/\/glassbottlewholesale.com\/#organization","name":"Glass Bottle Wholesale","url":"https:\/\/glassbottlewholesale.com\/","logo":{"@type":"ImageObject","inLanguage":"es","@id":"https:\/\/glassbottlewholesale.com\/#\/schema\/logo\/image\/","url":"https:\/\/glassbottlewholesale.com\/wp-content\/uploads\/2023\/12\/ruisheng-logo.webp","contentUrl":"https:\/\/glassbottlewholesale.com\/wp-content\/uploads\/2023\/12\/ruisheng-logo.webp","width":400,"height":233,"caption":"Glass Bottle Wholesale"},"image":{"@id":"https:\/\/glassbottlewholesale.com\/#\/schema\/logo\/image\/"}}]}},"_links":{"self":[{"href":"https:\/\/glassbottlewholesale.com\/es\/wp-json\/wp\/v2\/product\/421","targetHints":{"allow":["GET"]}}],"collection":[{"href":"https:\/\/glassbottlewholesale.com\/es\/wp-json\/wp\/v2\/product"}],"about":[{"href":"https:\/\/glassbottlewholesale.com\/es\/wp-json\/wp\/v2\/types\/product"}],"replies":[{"embeddable":true,"href":"https:\/\/glassbottlewholesale.com\/es\/wp-json\/wp\/v2\/comments?post=421"}],"wp:featuredmedia":[{"embeddable":true,"href":"https:\/\/glassbottlewholesale.com\/es\/wp-json\/wp\/v2\/media\/422"}],"wp:attachment":[{"href":"https:\/\/glassbottlewholesale.com\/es\/wp-json\/wp\/v2\/media?parent=421"}],"wp:term":[{"taxonomy":"product_brand","embeddable":true,"href":"https:\/\/glassbottlewholesale.com\/es\/wp-json\/wp\/v2\/product_brand?post=421"},{"taxonomy":"product_cat","embeddable":true,"href":"https:\/\/glassbottlewholesale.com\/es\/wp-json\/wp\/v2\/product_cat?post=421"},{"taxonomy":"product_tag","embeddable":true,"href":"https:\/\/glassbottlewholesale.com\/es\/wp-json\/wp\/v2\/product_tag?post=421"}],"curies":[{"name":"wp","href":"https:\/\/api.w.org\/{rel}","templated":true}]}}