{"id":430,"date":"2019-10-12T13:41:36","date_gmt":"2019-10-12T13:41:36","guid":{"rendered":"https:\/\/queenchingglass.com\/?post_type=product&#038;p=430"},"modified":"2025-07-10T00:42:12","modified_gmt":"2025-07-10T00:42:12","slug":"1500-ml-botellas-de-vino-de-vidrio-unico-al-por-mayor","status":"publish","type":"product","link":"https:\/\/glassbottlewholesale.com\/es\/1500-ml-botellas-de-vino-de-vidrio-unico-al-por-mayor\/","title":{"rendered":"RS135: Botellas de vino de vidrio \u00fanicas de 1500 ml al por mayor"},"content":{"rendered":"<div class=\"wpb-content-wrapper\"><div class=\"vc_row wpb_row vc_row-fluid\"><div class=\"wpb_column vc_column_container vc_col-sm-12\"><div class=\"vc_column-inner\"><div class=\"wpb_wrapper\">\n\t<div class=\"wpb_text_column wpb_content_element\" >\n\t\t<div class=\"wpb_wrapper\">\n\t\t\t<p>\u00bfDesea comprar Botella de 1,5 litros al por mayor de los fabricantes de botellas de licor de China? Utilizamos material de vidrio de alto pedernal para estas botellas de vidrio. Estas botellas de vidrio se pueden utilizar para botellas de vino, botellas de vodka, botellas de brandy, y algunas otras botellas de licor.<\/p>\n<p>Este 1500 ml botella de vino de vidrio \u00fanico al por mayor es la forma oblonga. Seg\u00fan la demanda del cliente, tambi\u00e9n podemos hacer el logotipo personalizado en estas botellas. El tipo de cierre de esta botella es de corcho de madera. Este corcho se necesita un tama\u00f1o m\u00e1s grande que otro corcho com\u00fan.<\/p>\n<p>Podemos hacer un procesamiento profundo en estas botellas de vino de vidrio de 1500 ml al por mayor. Tales como la impresi\u00f3n del logotipo, calcoman\u00eda, escarcha, pintura, etc, todos podemos hacer esto en las botellas de vidrio. Tambi\u00e9n podemos ofrecer diferentes tama\u00f1os y diferentes formas de corcho para las botellas de vidrio.<\/p>\n<p>Nuestra f\u00e1brica cuenta con m\u00e1s de 500 empleados, incluidos los 30 de control de calidad y un grupo de ingenieros cualificados. Con la rica experiencia, nuestras botellas de vidrio son las ventas a muchos pa\u00edses y la zona, y tenemos una buena reputaci\u00f3n de los clientes en todo el mundo.<\/p>\n<p>Como somos fabricantes de botellas de vidrio, podemos ofrecer diferentes botellas de vidrio con alta calidad y precios bajos. Si desea hacer sus propias botellas, estaremos encantados de dise\u00f1ar o producir de acuerdo a su idea y dibujo.<\/p>\n<p>Nuestro objetivo es fabricar botellas de vidrio de alta calidad y ofrecer el mejor servicio. No importa lo que quieras, intentaremos nuestro mejor para usted y darle el mejor servicio.<\/p>\n<h4>Informaci\u00f3n sobre Comprar botella de 1,5 litros a granel<\/h4>\n<ul>\n<li>Art\u00edculo: 15ooml Botella de Vino de Vidrio \u00danica al por mayor<\/li>\n<li>Material principal: vidrio alto pedernal<\/li>\n<li>Tap\u00f3n: corcho de madera de gran tama\u00f1o<\/li>\n<li>Referencia: RS135<\/li>\n<li>Cantidad m\u00ednima de pedido: 10000 unidades<\/li>\n<li>Capacidad:1500ml<\/li>\n<li>Pcs\/Ctn:15pcs<\/li>\n<li>Origen del lugar: Shandong, China<\/li>\n<li>Caracter\u00edstica: Respetuoso del medio ambiente<\/li>\n<\/ul>\n<p>Si desea comprar una botella de 1,5 litros al por mayor u obtener un pedido OEM, por favor <a href=\"https:\/\/ruishengglassco.com\/contact\">Cont\u00e1ctenos.<\/a><\/p>\n\n\t\t<\/div>\n\t<\/div>\n<\/div><\/div><\/div><\/div>\n<\/div>","protected":false},"excerpt":{"rendered":"<p>Ruisheng, un profesional de la fabricaci\u00f3n de botellas de vidrio, ha estado involucrado en la fabricaci\u00f3n de botellas de licor de vidrio durante m\u00e1s de 10 a\u00f1os. Y proporcionar 1500ml botellas de vino de vidrio al por mayor a precio de salida de f\u00e1brica.<\/p>\n<p>Nuestros principales productos son botellas de vidrio de primera calidad, como la botella de vodka, la botella de brandy, la botella de whisky, la botella de licor, la botella de mermelada, etc. Tambi\u00e9n podemos ofrecer botella de vidrio \u00e1mbar, botella verde y botella de agua. Nuestro principal mercado es Europa, EE.UU., Australia, Am\u00e9rica, etc. Y todos los productos gozan de una gran reputaci\u00f3n por su innovaci\u00f3n y funcionalidad.<\/p>\n<div><strong><em><span class=\"mceItemHidden\">Detalles del pedido Acerca de 1500ml botellas de vino de vidrio al por mayor<\/span><\/em><\/strong><\/div>\n<div><\/div>\n<div><strong><em>\u2013<span class=\"mceItemHidden\"><span class=\"hiddenSpellError\">Cantidad m\u00ednima de pedido<\/span>: 10000 unidades (alrededor de 100000 unidades)<\/span><\/em><\/strong><\/div>\n<div><span class=\"mceItemHidden\"><span class=\"hiddenSpellError\">-OEM<\/span>\/Servicio ODM ofrecido.<\/span><\/div>\n<div><span class=\"mceItemHidden\"><span class=\"hiddenSpellError\">-Gratis<\/span>\u00a0Muestra disponible<\/span><\/div>","protected":false},"featured_media":431,"comment_status":"open","ping_status":"closed","template":"","meta":[],"product_brand":[],"product_cat":[54,60],"product_tag":[],"class_list":{"0":"post-430","1":"product","2":"type-product","3":"status-publish","4":"has-post-thumbnail","6":"product_cat-1500ml-glass-bottle","7":"product_cat-brandy-bottle","8":"entry","9":"has-media","11":"first","12":"instock","13":"shipping-taxable","14":"product-type-simple"},"yoast_head":"<!-- This site is optimized with the Yoast SEO plugin v27.3 - https:\/\/yoast.com\/product\/yoast-seo-wordpress\/ -->\n<title>Buy 1.5 Liter Bottle In Bulk | 1500ml Glass Wine Bottle Wholesale<\/title>\n<meta name=\"description\" content=\"Buy 1.5 Liter Bottle In Bulk From China Liquor Bottle Manufacturers. 1500ml Glass Wine Biottle Wholesale In Factory Outlet Price.\" \/>\n<meta name=\"robots\" content=\"index, follow, max-snippet:-1, max-image-preview:large, max-video-preview:-1\" \/>\n<link rel=\"canonical\" href=\"https:\/\/ruishengglassco.com\/product\/rs135-1500ml-unique-glass-wine-bottles\" \/>\n<meta property=\"og:locale\" content=\"es_ES\" \/>\n<meta property=\"og:type\" content=\"article\" \/>\n<meta property=\"og:title\" content=\"Buy 1.5 Liter Bottle In Bulk | 1500ml Glass Wine Bottle Wholesale\" \/>\n<meta property=\"og:description\" content=\"Buy 1.5 Liter Bottle In Bulk From China Liquor Bottle Manufacturers. 1500ml Glass Wine Biottle Wholesale In Factory Outlet Price.\" \/>\n<meta property=\"og:url\" content=\"https:\/\/ruishengglassco.com\/product\/rs135-1500ml-unique-glass-wine-bottles\" \/>\n<meta property=\"og:site_name\" content=\"Glass Bottle Wholesale\" \/>\n<meta property=\"article:modified_time\" content=\"2025-07-10T00:42:12+00:00\" \/>\n<meta property=\"og:image\" content=\"https:\/\/glassbottlewholesale.com\/wp-content\/uploads\/2019\/10\/\u767d\u5170\u57307.jpg\" \/>\n\t<meta property=\"og:image:width\" content=\"400\" \/>\n\t<meta property=\"og:image:height\" content=\"400\" \/>\n\t<meta property=\"og:image:type\" content=\"image\/jpeg\" \/>\n<meta name=\"twitter:card\" content=\"summary_large_image\" \/>\n<meta name=\"twitter:label1\" content=\"Tiempo de lectura\" \/>\n\t<meta name=\"twitter:data1\" content=\"2 minutos\" \/>\n<script type=\"application\/ld+json\" class=\"yoast-schema-graph\">{\"@context\":\"https:\\\/\\\/schema.org\",\"@graph\":[{\"@type\":\"WebPage\",\"@id\":\"https:\\\/\\\/glassbottlewholesale.com\\\/1500-ml-unique-glass-wine-bottles-wholesale\\\/\",\"url\":\"https:\\\/\\\/ruishengglassco.com\\\/product\\\/rs135-1500ml-unique-glass-wine-bottles\",\"name\":\"Buy 1.5 Liter Bottle In Bulk | 1500ml Glass Wine Bottle Wholesale\",\"isPartOf\":{\"@id\":\"https:\\\/\\\/glassbottlewholesale.com\\\/#website\"},\"primaryImageOfPage\":{\"@id\":\"https:\\\/\\\/ruishengglassco.com\\\/product\\\/rs135-1500ml-unique-glass-wine-bottles#primaryimage\"},\"image\":{\"@id\":\"https:\\\/\\\/ruishengglassco.com\\\/product\\\/rs135-1500ml-unique-glass-wine-bottles#primaryimage\"},\"thumbnailUrl\":\"https:\\\/\\\/glassbottlewholesale.com\\\/wp-content\\\/uploads\\\/2019\\\/10\\\/\u767d\u5170\u57307.jpg\",\"datePublished\":\"2019-10-12T13:41:36+00:00\",\"dateModified\":\"2025-07-10T00:42:12+00:00\",\"description\":\"Buy 1.5 Liter Bottle In Bulk From China Liquor Bottle Manufacturers. 1500ml Glass Wine Biottle Wholesale In Factory Outlet Price.\",\"breadcrumb\":{\"@id\":\"https:\\\/\\\/ruishengglassco.com\\\/product\\\/rs135-1500ml-unique-glass-wine-bottles#breadcrumb\"},\"inLanguage\":\"es\",\"potentialAction\":[{\"@type\":\"ReadAction\",\"target\":[\"https:\\\/\\\/ruishengglassco.com\\\/product\\\/rs135-1500ml-unique-glass-wine-bottles\"]}]},{\"@type\":\"ImageObject\",\"inLanguage\":\"es\",\"@id\":\"https:\\\/\\\/ruishengglassco.com\\\/product\\\/rs135-1500ml-unique-glass-wine-bottles#primaryimage\",\"url\":\"https:\\\/\\\/glassbottlewholesale.com\\\/wp-content\\\/uploads\\\/2019\\\/10\\\/\u767d\u5170\u57307.jpg\",\"contentUrl\":\"https:\\\/\\\/glassbottlewholesale.com\\\/wp-content\\\/uploads\\\/2019\\\/10\\\/\u767d\u5170\u57307.jpg\",\"width\":400,\"height\":400,\"caption\":\"1500 ml Unique Glass Wine Bottles Wholesale\"},{\"@type\":\"BreadcrumbList\",\"@id\":\"https:\\\/\\\/ruishengglassco.com\\\/product\\\/rs135-1500ml-unique-glass-wine-bottles#breadcrumb\",\"itemListElement\":[{\"@type\":\"ListItem\",\"position\":1,\"name\":\"Home\",\"item\":\"https:\\\/\\\/glassbottlewholesale.com\\\/\"},{\"@type\":\"ListItem\",\"position\":2,\"name\":\"Products\",\"item\":\"https:\\\/\\\/glassbottlewholesale.com\\\/shop\\\/\"},{\"@type\":\"ListItem\",\"position\":3,\"name\":\"RS135: 1500 ml Unique Glass Wine Bottles Wholesale\"}]},{\"@type\":\"WebSite\",\"@id\":\"https:\\\/\\\/glassbottlewholesale.com\\\/#website\",\"url\":\"https:\\\/\\\/glassbottlewholesale.com\\\/\",\"name\":\"Glass Bottle Wholesale\",\"description\":\"\",\"publisher\":{\"@id\":\"https:\\\/\\\/glassbottlewholesale.com\\\/#organization\"},\"potentialAction\":[{\"@type\":\"SearchAction\",\"target\":{\"@type\":\"EntryPoint\",\"urlTemplate\":\"https:\\\/\\\/glassbottlewholesale.com\\\/?s={search_term_string}\"},\"query-input\":{\"@type\":\"PropertyValueSpecification\",\"valueRequired\":true,\"valueName\":\"search_term_string\"}}],\"inLanguage\":\"es\"},{\"@type\":\"Organization\",\"@id\":\"https:\\\/\\\/glassbottlewholesale.com\\\/#organization\",\"name\":\"Glass Bottle Wholesale\",\"url\":\"https:\\\/\\\/glassbottlewholesale.com\\\/\",\"logo\":{\"@type\":\"ImageObject\",\"inLanguage\":\"es\",\"@id\":\"https:\\\/\\\/glassbottlewholesale.com\\\/#\\\/schema\\\/logo\\\/image\\\/\",\"url\":\"https:\\\/\\\/glassbottlewholesale.com\\\/wp-content\\\/uploads\\\/2023\\\/12\\\/ruisheng-logo.webp\",\"contentUrl\":\"https:\\\/\\\/glassbottlewholesale.com\\\/wp-content\\\/uploads\\\/2023\\\/12\\\/ruisheng-logo.webp\",\"width\":400,\"height\":233,\"caption\":\"Glass Bottle Wholesale\"},\"image\":{\"@id\":\"https:\\\/\\\/glassbottlewholesale.com\\\/#\\\/schema\\\/logo\\\/image\\\/\"}}]}<\/script>\n<!-- \/ Yoast SEO plugin. -->","yoast_head_json":{"title":"Comprar Botella de 1.5 Litros al Por Mayor | 1500ml Botella de Vino de Vidrio al Por Mayor","description":"Comprar botella de 1,5 litros a granel de China botella de licor Fabricantes. 1500ml Vidrio Vino Biottle Venta Al Por Mayor En F\u00e1brica Precio De Salida.","robots":{"index":"index","follow":"follow","max-snippet":"max-snippet:-1","max-image-preview":"max-image-preview:large","max-video-preview":"max-video-preview:-1"},"canonical":"https:\/\/ruishengglassco.com\/product\/rs135-1500ml-unique-glass-wine-bottles","og_locale":"es_ES","og_type":"article","og_title":"Buy 1.5 Liter Bottle In Bulk | 1500ml Glass Wine Bottle Wholesale","og_description":"Buy 1.5 Liter Bottle In Bulk From China Liquor Bottle Manufacturers. 1500ml Glass Wine Biottle Wholesale In Factory Outlet Price.","og_url":"https:\/\/ruishengglassco.com\/product\/rs135-1500ml-unique-glass-wine-bottles","og_site_name":"Glass Bottle Wholesale","article_modified_time":"2025-07-10T00:42:12+00:00","og_image":[{"width":400,"height":400,"url":"https:\/\/glassbottlewholesale.com\/wp-content\/uploads\/2019\/10\/\u767d\u5170\u57307.jpg","type":"image\/jpeg"}],"twitter_card":"summary_large_image","twitter_misc":{"Tiempo de lectura":"2 minutos"},"schema":{"@context":"https:\/\/schema.org","@graph":[{"@type":"WebPage","@id":"https:\/\/glassbottlewholesale.com\/1500-ml-unique-glass-wine-bottles-wholesale\/","url":"https:\/\/ruishengglassco.com\/product\/rs135-1500ml-unique-glass-wine-bottles","name":"Comprar Botella de 1.5 Litros al Por Mayor | 1500ml Botella de Vino de Vidrio al Por Mayor","isPartOf":{"@id":"https:\/\/glassbottlewholesale.com\/#website"},"primaryImageOfPage":{"@id":"https:\/\/ruishengglassco.com\/product\/rs135-1500ml-unique-glass-wine-bottles#primaryimage"},"image":{"@id":"https:\/\/ruishengglassco.com\/product\/rs135-1500ml-unique-glass-wine-bottles#primaryimage"},"thumbnailUrl":"https:\/\/glassbottlewholesale.com\/wp-content\/uploads\/2019\/10\/\u767d\u5170\u57307.jpg","datePublished":"2019-10-12T13:41:36+00:00","dateModified":"2025-07-10T00:42:12+00:00","description":"Comprar botella de 1,5 litros a granel de China botella de licor Fabricantes. 1500ml Vidrio Vino Biottle Venta Al Por Mayor En F\u00e1brica Precio De Salida.","breadcrumb":{"@id":"https:\/\/ruishengglassco.com\/product\/rs135-1500ml-unique-glass-wine-bottles#breadcrumb"},"inLanguage":"es","potentialAction":[{"@type":"ReadAction","target":["https:\/\/ruishengglassco.com\/product\/rs135-1500ml-unique-glass-wine-bottles"]}]},{"@type":"ImageObject","inLanguage":"es","@id":"https:\/\/ruishengglassco.com\/product\/rs135-1500ml-unique-glass-wine-bottles#primaryimage","url":"https:\/\/glassbottlewholesale.com\/wp-content\/uploads\/2019\/10\/\u767d\u5170\u57307.jpg","contentUrl":"https:\/\/glassbottlewholesale.com\/wp-content\/uploads\/2019\/10\/\u767d\u5170\u57307.jpg","width":400,"height":400,"caption":"1500 ml Unique Glass Wine Bottles Wholesale"},{"@type":"BreadcrumbList","@id":"https:\/\/ruishengglassco.com\/product\/rs135-1500ml-unique-glass-wine-bottles#breadcrumb","itemListElement":[{"@type":"ListItem","position":1,"name":"Home","item":"https:\/\/glassbottlewholesale.com\/"},{"@type":"ListItem","position":2,"name":"Products","item":"https:\/\/glassbottlewholesale.com\/shop\/"},{"@type":"ListItem","position":3,"name":"RS135: 1500 ml Unique Glass Wine Bottles Wholesale"}]},{"@type":"WebSite","@id":"https:\/\/glassbottlewholesale.com\/#website","url":"https:\/\/glassbottlewholesale.com\/","name":"Glass Bottle Wholesale","description":"","publisher":{"@id":"https:\/\/glassbottlewholesale.com\/#organization"},"potentialAction":[{"@type":"SearchAction","target":{"@type":"EntryPoint","urlTemplate":"https:\/\/glassbottlewholesale.com\/?s={search_term_string}"},"query-input":{"@type":"PropertyValueSpecification","valueRequired":true,"valueName":"search_term_string"}}],"inLanguage":"es"},{"@type":"Organization","@id":"https:\/\/glassbottlewholesale.com\/#organization","name":"Glass Bottle Wholesale","url":"https:\/\/glassbottlewholesale.com\/","logo":{"@type":"ImageObject","inLanguage":"es","@id":"https:\/\/glassbottlewholesale.com\/#\/schema\/logo\/image\/","url":"https:\/\/glassbottlewholesale.com\/wp-content\/uploads\/2023\/12\/ruisheng-logo.webp","contentUrl":"https:\/\/glassbottlewholesale.com\/wp-content\/uploads\/2023\/12\/ruisheng-logo.webp","width":400,"height":233,"caption":"Glass Bottle Wholesale"},"image":{"@id":"https:\/\/glassbottlewholesale.com\/#\/schema\/logo\/image\/"}}]}},"_links":{"self":[{"href":"https:\/\/glassbottlewholesale.com\/es\/wp-json\/wp\/v2\/product\/430","targetHints":{"allow":["GET"]}}],"collection":[{"href":"https:\/\/glassbottlewholesale.com\/es\/wp-json\/wp\/v2\/product"}],"about":[{"href":"https:\/\/glassbottlewholesale.com\/es\/wp-json\/wp\/v2\/types\/product"}],"replies":[{"embeddable":true,"href":"https:\/\/glassbottlewholesale.com\/es\/wp-json\/wp\/v2\/comments?post=430"}],"wp:featuredmedia":[{"embeddable":true,"href":"https:\/\/glassbottlewholesale.com\/es\/wp-json\/wp\/v2\/media\/431"}],"wp:attachment":[{"href":"https:\/\/glassbottlewholesale.com\/es\/wp-json\/wp\/v2\/media?parent=430"}],"wp:term":[{"taxonomy":"product_brand","embeddable":true,"href":"https:\/\/glassbottlewholesale.com\/es\/wp-json\/wp\/v2\/product_brand?post=430"},{"taxonomy":"product_cat","embeddable":true,"href":"https:\/\/glassbottlewholesale.com\/es\/wp-json\/wp\/v2\/product_cat?post=430"},{"taxonomy":"product_tag","embeddable":true,"href":"https:\/\/glassbottlewholesale.com\/es\/wp-json\/wp\/v2\/product_tag?post=430"}],"curies":[{"name":"wp","href":"https:\/\/api.w.org\/{rel}","templated":true}]}}