{"id":440,"date":"2019-10-12T13:54:37","date_gmt":"2019-10-12T13:54:37","guid":{"rendered":"https:\/\/queenchingglass.com\/?post_type=product&#038;p=440"},"modified":"2025-07-10T00:45:11","modified_gmt":"2025-07-10T00:45:11","slug":"botellas-de-vidrio-xo-de-700-ml-en-fabricantes-de-botellas-de-vidrio","status":"publish","type":"product","link":"https:\/\/glassbottlewholesale.com\/es\/botellas-de-vidrio-xo-de-700-ml-en-fabricantes-de-botellas-de-vidrio\/","title":{"rendered":"RS130: Botellas de vidrio XO de 700 ml en fabricantes de botellas de vidrio"},"content":{"rendered":"<div class=\"wpb-content-wrapper\"><div class=\"vc_row wpb_row vc_row-fluid\"><div class=\"wpb_column vc_column_container vc_col-sm-12\"><div class=\"vc_column-inner\"><div class=\"wpb_wrapper\">\n\t<div class=\"wpb_text_column wpb_content_element\" >\n\t\t<div class=\"wpb_wrapper\">\n\t\t\t<div class=\"\" data-block=\"true\" data-editor=\"fi8h\" data-offset-key=\"3a0tk-0-0\">\n<div class=\"public-DraftStyleDefault-block public-DraftStyleDefault-ltr\" data-offset-key=\"3a0tk-0-0\"><span class=\"hardreadability\"><span data-offset-key=\"3a0tk-0-0\">Cuando vamos a conseguir el precio de la botella XO de 700ml, especialmente botellas de Brandy al por mayor para la venta, debemos elegir el fabricante de botellas xo apropiado.<\/span><\/span><span data-offset-key=\"3a0tk-1-0\">. <\/span><span class=\"veryhardreadability\"><span data-offset-key=\"3a0tk-2-0\">El proveedor superior de botellas de Brandy puede proporcionar productos adecuados y garantizar la calidad de las botellas de Brandy<\/span><\/span><span data-offset-key=\"3a0tk-3-0\">. Todos sabemos lo importante que es la botella adecuada y la calidad de la botella para nuestro Brandy.<\/span><\/div>\n<\/div>\n<h4 class=\"public-DraftStyleDefault-block public-DraftStyleDefault-ltr\" data-offset-key=\"45kie-0-0\"><span data-offset-key=\"45kie-0-0\">Acerca de Ruisheng<\/span><\/h4>\n<div class=\"\" data-block=\"true\" data-editor=\"fi8h\" data-offset-key=\"b9mnb-0-0\">\n<div class=\"public-DraftStyleDefault-block public-DraftStyleDefault-ltr\" data-offset-key=\"b9mnb-0-0\"><span data-offset-key=\"b9mnb-0-0\">\u00a0<\/span><\/div>\n<\/div>\n<div class=\"\" data-block=\"true\" data-editor=\"fi8h\" data-offset-key=\"7fkcp-0-0\">\n<div class=\"public-DraftStyleDefault-block public-DraftStyleDefault-ltr\" data-offset-key=\"7fkcp-0-0\"><span class=\"hardreadability\"><span data-offset-key=\"7fkcp-0-0\">Ruisheng, famoso fabricante chino de botellas de aguardiente, utiliza el material de vidrio de alto pedernal para fabricar botellas de brandy<\/span><\/span><span data-offset-key=\"7fkcp-1-0\">. Este es el material de grado superior para las botellas de vidrio. El alto pedernal hizo 700ml XO botella es m\u00e1s clara, m\u00e1s durable y m\u00e1s suave.<\/span><\/div>\n<\/div>\n<div class=\"\" data-block=\"true\" data-editor=\"fi8h\" data-offset-key=\"b1ld8-0-0\">\n<div class=\"public-DraftStyleDefault-block public-DraftStyleDefault-ltr\" data-offset-key=\"b1ld8-0-0\"><span data-offset-key=\"b1ld8-0-0\">\u00a0<\/span><\/div>\n<\/div>\n<div class=\"\" data-block=\"true\" data-editor=\"fi8h\" data-offset-key=\"7j509-0-0\">\n<div class=\"public-DraftStyleDefault-block public-DraftStyleDefault-ltr\" data-offset-key=\"7j509-0-0\"><span class=\"hardreadability\"><span data-offset-key=\"7j509-0-0\">Como uno de los mayores fabricantes de botellas xo de 700ML, Ruisheng cuenta con m\u00e1s de 500 empleados y un grupo de ingenieros cualificados.<\/span><\/span><span data-offset-key=\"7j509-1-0\">. Gracias a nuestra amplia experiencia, gozamos de una buena reputaci\u00f3n en todo el mundo.<\/span><\/div>\n<\/div>\n<div class=\"\" data-block=\"true\" data-editor=\"fi8h\" data-offset-key=\"4o25d-0-0\">\n<div class=\"public-DraftStyleDefault-block public-DraftStyleDefault-ltr\" data-offset-key=\"4o25d-0-0\"><span data-offset-key=\"4o25d-0-0\">\u00a0<\/span><\/div>\n<\/div>\n<h4 class=\"public-DraftStyleDefault-block public-DraftStyleDefault-ltr\" data-offset-key=\"62v7i-0-0\"><span data-offset-key=\"62v7i-0-0\">Sobre el precio de la botella 700ML XO<\/span><\/h4>\n<div class=\"\" data-block=\"true\" data-editor=\"fi8h\" data-offset-key=\"b94dj-0-0\">\n<div class=\"public-DraftStyleDefault-block public-DraftStyleDefault-ltr\" data-offset-key=\"b94dj-0-0\"><span data-offset-key=\"b94dj-0-0\">\u00a0<\/span><\/div>\n<\/div>\n<div class=\"\" data-block=\"true\" data-editor=\"fi8h\" data-offset-key=\"6jfhr-0-0\">\n<div class=\"public-DraftStyleDefault-block public-DraftStyleDefault-ltr\" data-offset-key=\"6jfhr-0-0\"><span class=\"veryhardreadability\"><span data-offset-key=\"6jfhr-0-0\">Nuestros principales productos son botellas de vidrio de licor de grado superior, como la botella de brandy, botella de vidrio de vodka, botella de whisky, botella de licor, botella de ron y as\u00ed sucesivamente.<\/span><\/span><span data-offset-key=\"6jfhr-1-0\">. <\/span><span class=\"hardreadability\"><span data-offset-key=\"6jfhr-2-0\">Tambi\u00e9n podemos ofrecer botellas de vidrio de otros colores, como botellas de vidrio verde, botellas de vidrio verde oscuro y otras botellas de vidrio pintado.<\/span><\/span><span data-offset-key=\"6jfhr-3-0\">. <\/span><span class=\"veryhardreadability\"><span data-offset-key=\"6jfhr-4-0\">Nuestro principal mercado de la botella XO de 700 ml es Europa, EE.UU., Australia, Am\u00e9rica, etc. Y todos los productos gozan de una gran reputaci\u00f3n por su innovaci\u00f3n y funcionalidad<\/span><\/span><span data-offset-key=\"6jfhr-5-0\">. Si desea obtener el 700ml xo precio de la botella, por favor <a href=\"https:\/\/ruishengglassco.com\/contact\">dejar un mensaje<\/a> para nosotros.<\/span><\/div>\n<\/div>\n<div class=\"\" data-block=\"true\" data-editor=\"fi8h\" data-offset-key=\"d41bq-0-0\">\n<div class=\"public-DraftStyleDefault-block public-DraftStyleDefault-ltr\" data-offset-key=\"d41bq-0-0\"><span data-offset-key=\"d41bq-0-0\">\u00a0<\/span><\/div>\n<\/div>\n<h4 class=\"public-DraftStyleDefault-block public-DraftStyleDefault-ltr\" data-offset-key=\"d5v0s-0-0\"><span data-offset-key=\"d5v0s-0-0\">Los detalles de esta botella de brandy en venta<\/span><\/h4>\n<div class=\"\" data-block=\"true\" data-editor=\"fi8h\" data-offset-key=\"5ffko-0-0\">\n<div class=\"public-DraftStyleDefault-block public-DraftStyleDefault-ltr\" data-offset-key=\"5ffko-0-0\"><span data-offset-key=\"5ffko-0-0\">\u00a0<\/span><\/div>\n<\/div>\n<ul class=\"public-DraftStyleDefault-ul\" data-offset-key=\"43ngp-0-0\">\n<li class=\"public-DraftStyleDefault-unorderedListItem public-DraftStyleDefault-reset public-DraftStyleDefault-depth0 public-DraftStyleDefault-listLTR\" data-block=\"true\" data-editor=\"fi8h\" data-offset-key=\"43ngp-0-0\">\n<div class=\"public-DraftStyleDefault-block public-DraftStyleDefault-ltr\" data-offset-key=\"43ngp-0-0\"><span data-offset-key=\"43ngp-0-0\">Material principal: vidrio alto pedernal<\/span><\/div>\n<\/li>\n<\/ul>\n<div class=\"\" data-block=\"true\" data-editor=\"fi8h\" data-offset-key=\"cgnt9-0-0\">\n<div class=\"public-DraftStyleDefault-block public-DraftStyleDefault-ltr\" data-offset-key=\"cgnt9-0-0\"><span data-offset-key=\"cgnt9-0-0\">\u00a0<\/span><\/div>\n<\/div>\n<ul class=\"public-DraftStyleDefault-ul\" data-offset-key=\"fjugc-0-0\">\n<li class=\"public-DraftStyleDefault-unorderedListItem public-DraftStyleDefault-reset public-DraftStyleDefault-depth0 public-DraftStyleDefault-listLTR\" data-block=\"true\" data-editor=\"fi8h\" data-offset-key=\"fjugc-0-0\">\n<div class=\"public-DraftStyleDefault-block public-DraftStyleDefault-ltr\" data-offset-key=\"fjugc-0-0\"><span data-offset-key=\"fjugc-0-0\">Referencia: RS130<\/span><\/div>\n<\/li>\n<\/ul>\n<div class=\"\" data-block=\"true\" data-editor=\"fi8h\" data-offset-key=\"epk0b-0-0\">\n<div class=\"public-DraftStyleDefault-block public-DraftStyleDefault-ltr\" data-offset-key=\"epk0b-0-0\"><span data-offset-key=\"epk0b-0-0\">\u00a0<\/span><\/div>\n<\/div>\n<ul class=\"public-DraftStyleDefault-ul\" data-offset-key=\"cf45v-0-0\">\n<li class=\"public-DraftStyleDefault-unorderedListItem public-DraftStyleDefault-reset public-DraftStyleDefault-depth0 public-DraftStyleDefault-listLTR\" data-block=\"true\" data-editor=\"fi8h\" data-offset-key=\"cf45v-0-0\">\n<div class=\"public-DraftStyleDefault-block public-DraftStyleDefault-ltr\" data-offset-key=\"cf45v-0-0\"><span data-offset-key=\"cf45v-0-0\">Cantidad m\u00ednima de pedido: 10000 unidades<\/span><\/div>\n<\/li>\n<\/ul>\n<div class=\"\" data-block=\"true\" data-editor=\"fi8h\" data-offset-key=\"ft4ih-0-0\">\n<div class=\"public-DraftStyleDefault-block public-DraftStyleDefault-ltr\" data-offset-key=\"ft4ih-0-0\"><span data-offset-key=\"ft4ih-0-0\">\u00a0<\/span><\/div>\n<\/div>\n<ul class=\"public-DraftStyleDefault-ul\" data-offset-key=\"40v8m-0-0\">\n<li class=\"public-DraftStyleDefault-unorderedListItem public-DraftStyleDefault-reset public-DraftStyleDefault-depth0 public-DraftStyleDefault-listLTR\" data-block=\"true\" data-editor=\"fi8h\" data-offset-key=\"40v8m-0-0\">\n<div class=\"public-DraftStyleDefault-block public-DraftStyleDefault-ltr\" data-offset-key=\"40v8m-0-0\"><span data-offset-key=\"40v8m-0-0\">Capacidad: 700ml<\/span><\/div>\n<\/li>\n<\/ul>\n<div class=\"\" data-block=\"true\" data-editor=\"fi8h\" data-offset-key=\"28d71-0-0\">\n<div class=\"public-DraftStyleDefault-block public-DraftStyleDefault-ltr\" data-offset-key=\"28d71-0-0\"><span data-offset-key=\"28d71-0-0\">\u00a0<\/span><\/div>\n<\/div>\n<ul class=\"public-DraftStyleDefault-ul\" data-offset-key=\"74udu-0-0\">\n<li class=\"public-DraftStyleDefault-unorderedListItem public-DraftStyleDefault-reset public-DraftStyleDefault-depth0 public-DraftStyleDefault-listLTR\" data-block=\"true\" data-editor=\"fi8h\" data-offset-key=\"74udu-0-0\">\n<div class=\"public-DraftStyleDefault-block public-DraftStyleDefault-ltr\" data-offset-key=\"74udu-0-0\"><span data-offset-key=\"74udu-0-0\">Piezas\/caja: 24 piezas<\/span><\/div>\n<\/li>\n<\/ul>\n<div class=\"\" data-block=\"true\" data-editor=\"fi8h\" data-offset-key=\"brga9-0-0\">\n<div class=\"public-DraftStyleDefault-block public-DraftStyleDefault-ltr\" data-offset-key=\"brga9-0-0\"><span data-offset-key=\"brga9-0-0\">\u00a0<\/span><\/div>\n<\/div>\n<ul class=\"public-DraftStyleDefault-ul\" data-offset-key=\"4fp1t-0-0\">\n<li class=\"public-DraftStyleDefault-unorderedListItem public-DraftStyleDefault-reset public-DraftStyleDefault-depth0 public-DraftStyleDefault-listLTR\" data-block=\"true\" data-editor=\"fi8h\" data-offset-key=\"4fp1t-0-0\">\n<div class=\"public-DraftStyleDefault-block public-DraftStyleDefault-ltr\" data-offset-key=\"4fp1t-0-0\"><span data-offset-key=\"4fp1t-0-0\">Origen del lugar: Shandong, China<\/span><\/div>\n<\/li>\n<\/ul>\n<div class=\"\" data-block=\"true\" data-editor=\"fi8h\" data-offset-key=\"29k1f-0-0\">\n<div class=\"public-DraftStyleDefault-block public-DraftStyleDefault-ltr\" data-offset-key=\"29k1f-0-0\"><span data-offset-key=\"29k1f-0-0\">\u00a0<\/span><\/div>\n<\/div>\n<ul class=\"public-DraftStyleDefault-ul\" data-offset-key=\"7jph2-0-0\">\n<li class=\"public-DraftStyleDefault-unorderedListItem public-DraftStyleDefault-reset public-DraftStyleDefault-depth0 public-DraftStyleDefault-listLTR\" data-block=\"true\" data-editor=\"fi8h\" data-offset-key=\"7jph2-0-0\">\n<div class=\"public-DraftStyleDefault-block public-DraftStyleDefault-ltr\" data-offset-key=\"7jph2-0-0\"><span data-offset-key=\"7jph2-0-0\">Caracter\u00edstica: <\/span><span class=\"adverb\"><span data-offset-key=\"7jph2-1-0\">Respetuoso del medio ambiente<\/span><\/span><\/div>\n<\/li>\n<\/ul>\n<div class=\"\" data-block=\"true\" data-editor=\"fi8h\" data-offset-key=\"eaha3-0-0\">\n<div class=\"public-DraftStyleDefault-block public-DraftStyleDefault-ltr\" data-offset-key=\"eaha3-0-0\"><span data-offset-key=\"eaha3-0-0\">\u00a0<\/span><\/div>\n<\/div>\n<div class=\"\" data-block=\"true\" data-editor=\"fi8h\" data-offset-key=\"3dpnd-0-0\">\n<div class=\"public-DraftStyleDefault-block public-DraftStyleDefault-ltr\" data-offset-key=\"3dpnd-0-0\"><span class=\"hardreadability\"><span data-offset-key=\"3dpnd-0-0\">Como gran fabricante de botellas, tambi\u00e9n ofrecemos servicio personalizado de botellas de Brandy y servicio OEM.<\/span><\/span><span data-offset-key=\"3dpnd-1-0\">. <\/span><span class=\"hardreadability\"><span data-offset-key=\"3dpnd-2-0\">Nuestros clientes pueden pedir botellas de Brandy Louis 13, botellas de Brandy Remy Martin, etc.<\/span><\/span><span data-offset-key=\"3dpnd-3-0\">.<\/span><\/div>\n<\/div>\n<div class=\"\" data-block=\"true\" data-editor=\"fi8h\" data-offset-key=\"fsto6-0-0\">\n<div class=\"public-DraftStyleDefault-block public-DraftStyleDefault-ltr\" data-offset-key=\"fsto6-0-0\"><span data-offset-key=\"fsto6-0-0\">\u00a0<\/span><\/div>\n<\/div>\n<div class=\"\" data-block=\"true\" data-editor=\"fi8h\" data-offset-key=\"f6k7i-0-0\">\n<div class=\"public-DraftStyleDefault-block public-DraftStyleDefault-ltr\" data-offset-key=\"f6k7i-0-0\"><span class=\"veryhardreadability\"><span data-offset-key=\"f6k7i-0-0\">Si usted <\/span><\/span><span class=\"passivevoice\"><span data-offset-key=\"f6k7i-1-0\">est\u00e1n interesados<\/span><\/span><span class=\"veryhardreadability\"><span data-offset-key=\"f6k7i-2-0\"> en nuestro precio de la botella XO o al por mayor botella de Brandy de Ruishneg-700ml XO fabricante de botellas, por favor p\u00f3ngase en contacto con nosotros<\/span><\/span><span data-offset-key=\"f6k7i-3-0\">. Le responderemos lo antes posible y haremos todo lo posible por usted.<\/span><\/div>\n<\/div>\n\n\t\t<\/div>\n\t<\/div>\n<\/div><\/div><\/div><\/div>\n<\/div>","protected":false},"excerpt":{"rendered":"<table class=\"tg\">\n<tbody>\n<tr>\n<th class=\"tg-24i8\" colspan=\"2\">Botellas de vidrio XO de 700 ml en Fabricantes de botellas de vidrio<\/th>\n<\/tr>\n<tr>\n<td class=\"tg-b7b8\">Referencia:<\/td>\n<td class=\"tg-b7b8\">RS130<\/td>\n<\/tr>\n<tr>\n<td class=\"tg-yw4l\">Material principal:<\/td>\n<td class=\"tg-yw4l\">Vidrio alto de pedernal<\/td>\n<\/tr>\n<tr>\n<td class=\"tg-b7b8\">Gorra:<\/td>\n<td class=\"tg-b7b8\">corcho<\/td>\n<\/tr>\n<tr>\n<td class=\"tg-yw4l\">Capacidad:<\/td>\n<td class=\"tg-yw4l\">250ml 500ml 750ml 1000ml<\/td>\n<\/tr>\n<tr>\n<td class=\"tg-b7b8\">Caracter\u00edstica:<\/td>\n<td class=\"tg-b7b8\">Respetuoso del medio ambiente<\/td>\n<\/tr>\n<tr>\n<td class=\"tg-yw4l\">Cantidad m\u00ednima de pedido:<\/td>\n<td class=\"tg-yw4l\">10000 piezas<\/td>\n<\/tr>\n<tr>\n<td class=\"tg-b7b8\">Forma de env\u00edo:<\/td>\n<td class=\"tg-b7b8\">Ship,Express<\/td>\n<\/tr>\n<tr>\n<td class=\"tg-yw4l\">OEM\/ODM:<\/td>\n<td class=\"tg-yw4l\">Bienvenido<\/td>\n<\/tr>\n<tr>\n<td class=\"tg-b7b8\">Origen del lugar:<\/td>\n<td class=\"tg-b7b8\">Shandong, China<\/td>\n<\/tr>\n<tr>\n<td class=\"tg-yw4l\">Piezas\/caja:<\/td>\n<td class=\"tg-yw4l\">24 piezas<\/td>\n<\/tr>\n<\/tbody>\n<\/table>","protected":false},"featured_media":4349,"comment_status":"open","ping_status":"closed","template":"","meta":[],"product_brand":[],"product_cat":[51,61],"product_tag":[],"class_list":{"0":"post-440","1":"product","2":"type-product","3":"status-publish","4":"has-post-thumbnail","6":"product_cat-700ml-glass-bottle","7":"product_cat-xo-brandy-bottle","8":"entry","9":"has-media","11":"first","12":"instock","13":"shipping-taxable","14":"product-type-simple"},"yoast_head":"<!-- This site is optimized with the Yoast SEO plugin v27.3 - https:\/\/yoast.com\/product\/yoast-seo-wordpress\/ -->\n<title>700ml XO Bottle Price | Wholesale Brandy Bottle For Sale<\/title>\n<meta name=\"description\" content=\"Do you want to get 700ml XO Bottle Price From China Liquor Bottle Manufacturer? Ruisheng, wholesale Brandy bottle for sale with factory outlet price.\" \/>\n<meta name=\"robots\" content=\"index, follow, max-snippet:-1, max-image-preview:large, max-video-preview:-1\" \/>\n<link rel=\"canonical\" href=\"https:\/\/ruishengglassco.com\/product\/rs130-700ml-xo-glass-bottles-in-glass-bottle-manufactures\" \/>\n<meta property=\"og:locale\" content=\"es_ES\" \/>\n<meta property=\"og:type\" content=\"article\" \/>\n<meta property=\"og:title\" content=\"700ml XO Bottle Price | Wholesale Brandy Bottle For Sale\" \/>\n<meta property=\"og:description\" content=\"Do you want to get 700ml XO Bottle Price From China Liquor Bottle Manufacturer? Ruisheng, wholesale Brandy bottle for sale with factory outlet price.\" \/>\n<meta property=\"og:url\" content=\"https:\/\/ruishengglassco.com\/product\/rs130-700ml-xo-glass-bottles-in-glass-bottle-manufactures\" \/>\n<meta property=\"og:site_name\" content=\"Glass Bottle Wholesale\" \/>\n<meta property=\"article:modified_time\" content=\"2025-07-10T00:45:11+00:00\" \/>\n<meta property=\"og:image\" content=\"https:\/\/glassbottlewholesale.com\/wp-content\/uploads\/2023\/12\/long-glass-bottleIMG_7116-1.jpg\" \/>\n\t<meta property=\"og:image:width\" content=\"800\" \/>\n\t<meta property=\"og:image:height\" content=\"800\" \/>\n\t<meta property=\"og:image:type\" content=\"image\/jpeg\" \/>\n<meta name=\"twitter:card\" content=\"summary_large_image\" \/>\n<meta name=\"twitter:label1\" content=\"Tiempo de lectura\" \/>\n\t<meta name=\"twitter:data1\" content=\"2 minutos\" \/>\n<script type=\"application\/ld+json\" class=\"yoast-schema-graph\">{\"@context\":\"https:\\\/\\\/schema.org\",\"@graph\":[{\"@type\":\"WebPage\",\"@id\":\"https:\\\/\\\/glassbottlewholesale.com\\\/700ml-xo-glass-bottles-in-glass-bottle-manufactures\\\/\",\"url\":\"https:\\\/\\\/ruishengglassco.com\\\/product\\\/rs130-700ml-xo-glass-bottles-in-glass-bottle-manufactures\",\"name\":\"700ml XO Bottle Price | Wholesale Brandy Bottle For Sale\",\"isPartOf\":{\"@id\":\"https:\\\/\\\/glassbottlewholesale.com\\\/#website\"},\"primaryImageOfPage\":{\"@id\":\"https:\\\/\\\/ruishengglassco.com\\\/product\\\/rs130-700ml-xo-glass-bottles-in-glass-bottle-manufactures#primaryimage\"},\"image\":{\"@id\":\"https:\\\/\\\/ruishengglassco.com\\\/product\\\/rs130-700ml-xo-glass-bottles-in-glass-bottle-manufactures#primaryimage\"},\"thumbnailUrl\":\"https:\\\/\\\/glassbottlewholesale.com\\\/wp-content\\\/uploads\\\/2023\\\/12\\\/long-glass-bottleIMG_7116-1.jpg\",\"datePublished\":\"2019-10-12T13:54:37+00:00\",\"dateModified\":\"2025-07-10T00:45:11+00:00\",\"description\":\"Do you want to get 700ml XO Bottle Price From China Liquor Bottle Manufacturer? Ruisheng, wholesale Brandy bottle for sale with factory outlet price.\",\"breadcrumb\":{\"@id\":\"https:\\\/\\\/ruishengglassco.com\\\/product\\\/rs130-700ml-xo-glass-bottles-in-glass-bottle-manufactures#breadcrumb\"},\"inLanguage\":\"es\",\"potentialAction\":[{\"@type\":\"ReadAction\",\"target\":[\"https:\\\/\\\/ruishengglassco.com\\\/product\\\/rs130-700ml-xo-glass-bottles-in-glass-bottle-manufactures\"]}]},{\"@type\":\"ImageObject\",\"inLanguage\":\"es\",\"@id\":\"https:\\\/\\\/ruishengglassco.com\\\/product\\\/rs130-700ml-xo-glass-bottles-in-glass-bottle-manufactures#primaryimage\",\"url\":\"https:\\\/\\\/glassbottlewholesale.com\\\/wp-content\\\/uploads\\\/2023\\\/12\\\/long-glass-bottleIMG_7116-1.jpg\",\"contentUrl\":\"https:\\\/\\\/glassbottlewholesale.com\\\/wp-content\\\/uploads\\\/2023\\\/12\\\/long-glass-bottleIMG_7116-1.jpg\",\"width\":800,\"height\":800,\"caption\":\"RS130: 700ml XO Glass Bottles in Glass Bottle Manufactures\"},{\"@type\":\"BreadcrumbList\",\"@id\":\"https:\\\/\\\/ruishengglassco.com\\\/product\\\/rs130-700ml-xo-glass-bottles-in-glass-bottle-manufactures#breadcrumb\",\"itemListElement\":[{\"@type\":\"ListItem\",\"position\":1,\"name\":\"Home\",\"item\":\"https:\\\/\\\/glassbottlewholesale.com\\\/\"},{\"@type\":\"ListItem\",\"position\":2,\"name\":\"Products\",\"item\":\"https:\\\/\\\/glassbottlewholesale.com\\\/shop\\\/\"},{\"@type\":\"ListItem\",\"position\":3,\"name\":\"RS130: 700ml XO Glass Bottles in Glass Bottle Manufactures\"}]},{\"@type\":\"WebSite\",\"@id\":\"https:\\\/\\\/glassbottlewholesale.com\\\/#website\",\"url\":\"https:\\\/\\\/glassbottlewholesale.com\\\/\",\"name\":\"Glass Bottle Wholesale\",\"description\":\"\",\"publisher\":{\"@id\":\"https:\\\/\\\/glassbottlewholesale.com\\\/#organization\"},\"potentialAction\":[{\"@type\":\"SearchAction\",\"target\":{\"@type\":\"EntryPoint\",\"urlTemplate\":\"https:\\\/\\\/glassbottlewholesale.com\\\/?s={search_term_string}\"},\"query-input\":{\"@type\":\"PropertyValueSpecification\",\"valueRequired\":true,\"valueName\":\"search_term_string\"}}],\"inLanguage\":\"es\"},{\"@type\":\"Organization\",\"@id\":\"https:\\\/\\\/glassbottlewholesale.com\\\/#organization\",\"name\":\"Glass Bottle Wholesale\",\"url\":\"https:\\\/\\\/glassbottlewholesale.com\\\/\",\"logo\":{\"@type\":\"ImageObject\",\"inLanguage\":\"es\",\"@id\":\"https:\\\/\\\/glassbottlewholesale.com\\\/#\\\/schema\\\/logo\\\/image\\\/\",\"url\":\"https:\\\/\\\/glassbottlewholesale.com\\\/wp-content\\\/uploads\\\/2023\\\/12\\\/ruisheng-logo.webp\",\"contentUrl\":\"https:\\\/\\\/glassbottlewholesale.com\\\/wp-content\\\/uploads\\\/2023\\\/12\\\/ruisheng-logo.webp\",\"width\":400,\"height\":233,\"caption\":\"Glass Bottle Wholesale\"},\"image\":{\"@id\":\"https:\\\/\\\/glassbottlewholesale.com\\\/#\\\/schema\\\/logo\\\/image\\\/\"}}]}<\/script>\n<!-- \/ Yoast SEO plugin. -->","yoast_head_json":{"title":"700ml XO Botella Precio | Venta al por mayor Botella de Brandy","description":"\u00bfQuieres conseguir 700ml XO Precio de la botella de licor de China fabricante de botellas? Ruisheng, botella de brandy al por mayor para la venta con precio de salida de f\u00e1brica.","robots":{"index":"index","follow":"follow","max-snippet":"max-snippet:-1","max-image-preview":"max-image-preview:large","max-video-preview":"max-video-preview:-1"},"canonical":"https:\/\/ruishengglassco.com\/product\/rs130-700ml-xo-glass-bottles-in-glass-bottle-manufactures","og_locale":"es_ES","og_type":"article","og_title":"700ml XO Bottle Price | Wholesale Brandy Bottle For Sale","og_description":"Do you want to get 700ml XO Bottle Price From China Liquor Bottle Manufacturer? Ruisheng, wholesale Brandy bottle for sale with factory outlet price.","og_url":"https:\/\/ruishengglassco.com\/product\/rs130-700ml-xo-glass-bottles-in-glass-bottle-manufactures","og_site_name":"Glass Bottle Wholesale","article_modified_time":"2025-07-10T00:45:11+00:00","og_image":[{"width":800,"height":800,"url":"https:\/\/glassbottlewholesale.com\/wp-content\/uploads\/2023\/12\/long-glass-bottleIMG_7116-1.jpg","type":"image\/jpeg"}],"twitter_card":"summary_large_image","twitter_misc":{"Tiempo de lectura":"2 minutos"},"schema":{"@context":"https:\/\/schema.org","@graph":[{"@type":"WebPage","@id":"https:\/\/glassbottlewholesale.com\/700ml-xo-glass-bottles-in-glass-bottle-manufactures\/","url":"https:\/\/ruishengglassco.com\/product\/rs130-700ml-xo-glass-bottles-in-glass-bottle-manufactures","name":"700ml XO Botella Precio | Venta al por mayor Botella de Brandy","isPartOf":{"@id":"https:\/\/glassbottlewholesale.com\/#website"},"primaryImageOfPage":{"@id":"https:\/\/ruishengglassco.com\/product\/rs130-700ml-xo-glass-bottles-in-glass-bottle-manufactures#primaryimage"},"image":{"@id":"https:\/\/ruishengglassco.com\/product\/rs130-700ml-xo-glass-bottles-in-glass-bottle-manufactures#primaryimage"},"thumbnailUrl":"https:\/\/glassbottlewholesale.com\/wp-content\/uploads\/2023\/12\/long-glass-bottleIMG_7116-1.jpg","datePublished":"2019-10-12T13:54:37+00:00","dateModified":"2025-07-10T00:45:11+00:00","description":"\u00bfQuieres conseguir 700ml XO Precio de la botella de licor de China fabricante de botellas? Ruisheng, botella de brandy al por mayor para la venta con precio de salida de f\u00e1brica.","breadcrumb":{"@id":"https:\/\/ruishengglassco.com\/product\/rs130-700ml-xo-glass-bottles-in-glass-bottle-manufactures#breadcrumb"},"inLanguage":"es","potentialAction":[{"@type":"ReadAction","target":["https:\/\/ruishengglassco.com\/product\/rs130-700ml-xo-glass-bottles-in-glass-bottle-manufactures"]}]},{"@type":"ImageObject","inLanguage":"es","@id":"https:\/\/ruishengglassco.com\/product\/rs130-700ml-xo-glass-bottles-in-glass-bottle-manufactures#primaryimage","url":"https:\/\/glassbottlewholesale.com\/wp-content\/uploads\/2023\/12\/long-glass-bottleIMG_7116-1.jpg","contentUrl":"https:\/\/glassbottlewholesale.com\/wp-content\/uploads\/2023\/12\/long-glass-bottleIMG_7116-1.jpg","width":800,"height":800,"caption":"RS130: 700ml XO Glass Bottles in Glass Bottle Manufactures"},{"@type":"BreadcrumbList","@id":"https:\/\/ruishengglassco.com\/product\/rs130-700ml-xo-glass-bottles-in-glass-bottle-manufactures#breadcrumb","itemListElement":[{"@type":"ListItem","position":1,"name":"Home","item":"https:\/\/glassbottlewholesale.com\/"},{"@type":"ListItem","position":2,"name":"Products","item":"https:\/\/glassbottlewholesale.com\/shop\/"},{"@type":"ListItem","position":3,"name":"RS130: 700ml XO Glass Bottles in Glass Bottle Manufactures"}]},{"@type":"WebSite","@id":"https:\/\/glassbottlewholesale.com\/#website","url":"https:\/\/glassbottlewholesale.com\/","name":"Glass Bottle Wholesale","description":"","publisher":{"@id":"https:\/\/glassbottlewholesale.com\/#organization"},"potentialAction":[{"@type":"SearchAction","target":{"@type":"EntryPoint","urlTemplate":"https:\/\/glassbottlewholesale.com\/?s={search_term_string}"},"query-input":{"@type":"PropertyValueSpecification","valueRequired":true,"valueName":"search_term_string"}}],"inLanguage":"es"},{"@type":"Organization","@id":"https:\/\/glassbottlewholesale.com\/#organization","name":"Glass Bottle Wholesale","url":"https:\/\/glassbottlewholesale.com\/","logo":{"@type":"ImageObject","inLanguage":"es","@id":"https:\/\/glassbottlewholesale.com\/#\/schema\/logo\/image\/","url":"https:\/\/glassbottlewholesale.com\/wp-content\/uploads\/2023\/12\/ruisheng-logo.webp","contentUrl":"https:\/\/glassbottlewholesale.com\/wp-content\/uploads\/2023\/12\/ruisheng-logo.webp","width":400,"height":233,"caption":"Glass Bottle Wholesale"},"image":{"@id":"https:\/\/glassbottlewholesale.com\/#\/schema\/logo\/image\/"}}]}},"_links":{"self":[{"href":"https:\/\/glassbottlewholesale.com\/es\/wp-json\/wp\/v2\/product\/440","targetHints":{"allow":["GET"]}}],"collection":[{"href":"https:\/\/glassbottlewholesale.com\/es\/wp-json\/wp\/v2\/product"}],"about":[{"href":"https:\/\/glassbottlewholesale.com\/es\/wp-json\/wp\/v2\/types\/product"}],"replies":[{"embeddable":true,"href":"https:\/\/glassbottlewholesale.com\/es\/wp-json\/wp\/v2\/comments?post=440"}],"wp:featuredmedia":[{"embeddable":true,"href":"https:\/\/glassbottlewholesale.com\/es\/wp-json\/wp\/v2\/media\/4349"}],"wp:attachment":[{"href":"https:\/\/glassbottlewholesale.com\/es\/wp-json\/wp\/v2\/media?parent=440"}],"wp:term":[{"taxonomy":"product_brand","embeddable":true,"href":"https:\/\/glassbottlewholesale.com\/es\/wp-json\/wp\/v2\/product_brand?post=440"},{"taxonomy":"product_cat","embeddable":true,"href":"https:\/\/glassbottlewholesale.com\/es\/wp-json\/wp\/v2\/product_cat?post=440"},{"taxonomy":"product_tag","embeddable":true,"href":"https:\/\/glassbottlewholesale.com\/es\/wp-json\/wp\/v2\/product_tag?post=440"}],"curies":[{"name":"wp","href":"https:\/\/api.w.org\/{rel}","templated":true}]}}