{"id":445,"date":"2019-10-12T13:58:20","date_gmt":"2019-10-12T13:58:20","guid":{"rendered":"https:\/\/queenchingglass.com\/?post_type=product&#038;p=445"},"modified":"2025-07-10T03:04:29","modified_gmt":"2025-07-10T03:04:29","slug":"transparent-750ml-xo-bottle","status":"publish","type":"product","link":"https:\/\/glassbottlewholesale.com\/es\/transparent-750ml-xo-bottle\/","title":{"rendered":"RS128: Botella XO transparente de 750 ml"},"content":{"rendered":"<div class=\"wpb-content-wrapper\"><div class=\"vc_row wpb_row vc_row-fluid\"><div class=\"wpb_column vc_column_container vc_col-sm-12\"><div class=\"vc_column-inner\"><div class=\"wpb_wrapper\">\n\t<div class=\"wpb_text_column wpb_content_element\" >\n\t\t<div class=\"wpb_wrapper\">\n\t\t\t<p>Esta Transparente 750ml XO botella con tapones de corcho es una de nuestras ventas calientes 750ml botellas de vidrio al por mayor en el mundo. Es una forma com\u00fan en las botellas de vidrio de 750ml XO.<\/p>\n<p>Nuestra botella transparente de 750 ml XO est\u00e1 fabricada con materias primas de primera calidad. Las botellas de vidrio de licor muy claro, suave y no tan fr\u00e1gil como otras botellas de vidrio. Sin esmerilado, es muy clara.<\/p>\n<p>Esta botella XO transparente de 750 ml no es una botella de cristal ligera, conocer\u00e1 su textura cuando la tenga en la mano.<\/p>\n<h4>Los detalles de la botella transparente de 750 ml XO<\/h4>\n<p>La informaci\u00f3n de la botella de vidrio como bramido:<\/p>\n<ul>\n<li>Material principal: Vidrio s\u00faper s\u00edlex<\/li>\n<li>Tapa: Corcho<\/li>\n<li>Referencia: RS128<\/li>\n<li>MOQ: 10000<\/li>\n<li>Capacidad:750 ml<\/li>\n<li>Piezas\/caja: 24 piezas<\/li>\n<li>Origen del lugar: Shandong, China<\/li>\n<li>Caracter\u00edstica: Respetuoso del medio ambiente<\/li>\n<\/ul>\n<h4>Los tapones para esta botella de 750ML XO<\/h4>\n<p>Sobre el corcho para estas botellas de 750ml XO, hay diferentes corchos en nuestra f\u00e1brica. Diferentes materiales de corcho como el corcho de alto pol\u00edmero, corcho complejo, y el corcho de madera. Diferentes colores de corcho como corcho dorado, corcho plateado, corcho negro y otros colores de corcho.<\/p>\n<p>Esta botella de vidrio se puede utilizar para muchos pa\u00edses, como Am\u00e9rica, Europa, Australia, Rusia y as\u00ed sucesivamente. Y tenemos la cooperaci\u00f3n con muchos clientes en todo el mundo y obtener una buena reputaci\u00f3n de ellos.<\/p>\n<p>Nuestra empresa ha invertido 2 l\u00edneas de producci\u00f3n de la m\u00e1quina totalmente autom\u00e1tica 8S m\u00e1s avanzada, 3 l\u00edneas de producci\u00f3n de m\u00e1quinas manuales CNC, 4 l\u00edneas de producci\u00f3n de m\u00e1quinas semiautom\u00e1ticas CNC. Nuestra f\u00e1brica tambi\u00e9n tiene 2 juegos de m\u00e1quinas IS. La m\u00e1quina 8S y las m\u00e1quinas CNC se utilizan para producir botellas de vidrio de primer grado - botellas de vidrio de pedernal de cena. La producci\u00f3n diaria es de 120.000 piezas. Las m\u00e1quinas IS se utilizan para producir botellas de vidrio de grado medio, y su producci\u00f3n diaria es de 200.000 piezas.<\/p>\n<p>Como profesional <a href=\"https:\/\/ruishengglassco.com\/glass-liquor-spirit-bottles\">fabricantes de botellas de vidrio l\u00edquido<\/a>, tambi\u00e9n podemos producir botellas de vidrio personalizadas seg\u00fan las demandas del cliente. Si lo desea, puede decirnos lo que quiere, nos encargar\u00edamos de que nuestro dise\u00f1ador lo dise\u00f1e para usted.<\/p>\n<p>Si desea pedir nuestra botella transparente XO de 750 ml o desea informarse sobre la botella de vidrio personalizada, p\u00f3ngase en contacto con nosotros y le fabricaremos la botella que necesite.<\/p>\n<p>Adem\u00e1s de botellas XO de 750 ml, tambi\u00e9n disponemos de botellas de vidrio de 100 ml al por mayor, botellas de vidrio de 250 ml con tap\u00f3n,\u00a0<a href=\"https:\/\/ruishengglassco.com\/glass-liquor-spirit-bottles\">botellas de vidrio transparente 375<\/a><a href=\"https:\/\/glassbottlewholesale.com\/es\/detalles-del-producto\/375ml-glass-liquor-bottles-manufacturers\/\">\u00a0ml<\/a>Peque\u00f1as botellas de cristal de 50cl,<a href=\"https:\/\/ruishengglassco.com\/1000ml-liquor-glass-bottle-manufacturer\">\u00a0Botellas de alcohol de 1000 ml<\/a>etc. Si desea m\u00e1s informaci\u00f3n sobre nuestras botellas de vidrio al por mayor, p\u00f3ngase en contacto con nosotros. Le responderemos lo antes posible. Nuestro objetivo es hacer una botella de vidrio de alta calidad y ofrecer el mejor servicio para el cliente de todo el mundo.<\/p>\n\n\t\t<\/div>\n\t<\/div>\n<\/div><\/div><\/div><\/div>\n<\/div>","protected":false},"excerpt":{"rendered":"<p>Our this Tansparent 750ml XO bottle is made in the top grade raw material. The liquor glass bottles will very clear, smooth and not so fragile as other glass bottles. Without frosted,\u00a0 it&#8217;s very clear. This Tansparent 750ml XO bottle is not lightweight glass bottle, you will know its texture when you get it in hand.<\/p>","protected":false},"featured_media":4492,"comment_status":"open","ping_status":"closed","template":"","meta":[],"product_brand":[],"product_cat":[52,61],"product_tag":[],"class_list":{"0":"post-445","1":"product","2":"type-product","3":"status-publish","4":"has-post-thumbnail","6":"product_cat-750ml-glass-bottle","7":"product_cat-xo-brandy-bottle","8":"entry","9":"has-media","11":"first","12":"instock","13":"shipping-taxable","14":"product-type-simple"},"yoast_head":"<!-- This site is optimized with the Yoast SEO plugin v27.3 - https:\/\/yoast.com\/product\/yoast-seo-wordpress\/ -->\n<title>Wholesale Transparent 750ml XO Bottle Price | Cognac Bottle Supplier<\/title>\n<meta name=\"description\" content=\"Ruisheng, a professional cognac bottle manufacturer, wholesale empty glass bottle for XO, Cognac. Get wholesale transparent 750ml xo bottle price here.\" \/>\n<meta name=\"robots\" content=\"index, follow, max-snippet:-1, max-image-preview:large, max-video-preview:-1\" \/>\n<link rel=\"canonical\" href=\"https:\/\/ruishengglassco.com\/product\/rs128-transparent-750ml-xo-bottle\" \/>\n<meta property=\"og:locale\" content=\"es_ES\" \/>\n<meta property=\"og:type\" content=\"article\" \/>\n<meta property=\"og:title\" content=\"Wholesale Transparent 750ml XO Bottle Price | Cognac Bottle Supplier\" \/>\n<meta property=\"og:description\" content=\"Ruisheng, a professional cognac bottle manufacturer, wholesale empty glass bottle for XO, Cognac. Get wholesale transparent 750ml xo bottle price here.\" \/>\n<meta property=\"og:url\" content=\"https:\/\/ruishengglassco.com\/product\/rs128-transparent-750ml-xo-bottle\" \/>\n<meta property=\"og:site_name\" content=\"Glass Bottle Wholesale\" \/>\n<meta property=\"article:modified_time\" content=\"2025-07-10T03:04:29+00:00\" \/>\n<meta property=\"og:image\" content=\"https:\/\/glassbottlewholesale.com\/wp-content\/uploads\/2024\/01\/rs128-1.jpg\" \/>\n\t<meta property=\"og:image:width\" content=\"800\" \/>\n\t<meta property=\"og:image:height\" content=\"800\" \/>\n\t<meta property=\"og:image:type\" content=\"image\/jpeg\" \/>\n<meta name=\"twitter:card\" content=\"summary_large_image\" \/>\n<meta name=\"twitter:label1\" content=\"Tiempo de lectura\" \/>\n\t<meta name=\"twitter:data1\" content=\"3 minutos\" \/>\n<script type=\"application\/ld+json\" class=\"yoast-schema-graph\">{\"@context\":\"https:\\\/\\\/schema.org\",\"@graph\":[{\"@type\":\"WebPage\",\"@id\":\"https:\\\/\\\/glassbottlewholesale.com\\\/transparent-750ml-xo-bottle\\\/\",\"url\":\"https:\\\/\\\/ruishengglassco.com\\\/product\\\/rs128-transparent-750ml-xo-bottle\",\"name\":\"Wholesale Transparent 750ml XO Bottle Price | Cognac Bottle Supplier\",\"isPartOf\":{\"@id\":\"https:\\\/\\\/glassbottlewholesale.com\\\/#website\"},\"primaryImageOfPage\":{\"@id\":\"https:\\\/\\\/ruishengglassco.com\\\/product\\\/rs128-transparent-750ml-xo-bottle#primaryimage\"},\"image\":{\"@id\":\"https:\\\/\\\/ruishengglassco.com\\\/product\\\/rs128-transparent-750ml-xo-bottle#primaryimage\"},\"thumbnailUrl\":\"https:\\\/\\\/glassbottlewholesale.com\\\/wp-content\\\/uploads\\\/2024\\\/01\\\/rs128-1.jpg\",\"datePublished\":\"2019-10-12T13:58:20+00:00\",\"dateModified\":\"2025-07-10T03:04:29+00:00\",\"description\":\"Ruisheng, a professional cognac bottle manufacturer, wholesale empty glass bottle for XO, Cognac. Get wholesale transparent 750ml xo bottle price here.\",\"breadcrumb\":{\"@id\":\"https:\\\/\\\/ruishengglassco.com\\\/product\\\/rs128-transparent-750ml-xo-bottle#breadcrumb\"},\"inLanguage\":\"es\",\"potentialAction\":[{\"@type\":\"ReadAction\",\"target\":[\"https:\\\/\\\/ruishengglassco.com\\\/product\\\/rs128-transparent-750ml-xo-bottle\"]}]},{\"@type\":\"ImageObject\",\"inLanguage\":\"es\",\"@id\":\"https:\\\/\\\/ruishengglassco.com\\\/product\\\/rs128-transparent-750ml-xo-bottle#primaryimage\",\"url\":\"https:\\\/\\\/glassbottlewholesale.com\\\/wp-content\\\/uploads\\\/2024\\\/01\\\/rs128-1.jpg\",\"contentUrl\":\"https:\\\/\\\/glassbottlewholesale.com\\\/wp-content\\\/uploads\\\/2024\\\/01\\\/rs128-1.jpg\",\"width\":800,\"height\":800,\"caption\":\"RS128: Transparent 750ml XO Bottle\"},{\"@type\":\"BreadcrumbList\",\"@id\":\"https:\\\/\\\/ruishengglassco.com\\\/product\\\/rs128-transparent-750ml-xo-bottle#breadcrumb\",\"itemListElement\":[{\"@type\":\"ListItem\",\"position\":1,\"name\":\"Home\",\"item\":\"https:\\\/\\\/glassbottlewholesale.com\\\/\"},{\"@type\":\"ListItem\",\"position\":2,\"name\":\"Products\",\"item\":\"https:\\\/\\\/glassbottlewholesale.com\\\/shop\\\/\"},{\"@type\":\"ListItem\",\"position\":3,\"name\":\"RS128: Transparent 750ml XO Bottle\"}]},{\"@type\":\"WebSite\",\"@id\":\"https:\\\/\\\/glassbottlewholesale.com\\\/#website\",\"url\":\"https:\\\/\\\/glassbottlewholesale.com\\\/\",\"name\":\"Glass Bottle Wholesale\",\"description\":\"\",\"publisher\":{\"@id\":\"https:\\\/\\\/glassbottlewholesale.com\\\/#organization\"},\"potentialAction\":[{\"@type\":\"SearchAction\",\"target\":{\"@type\":\"EntryPoint\",\"urlTemplate\":\"https:\\\/\\\/glassbottlewholesale.com\\\/?s={search_term_string}\"},\"query-input\":{\"@type\":\"PropertyValueSpecification\",\"valueRequired\":true,\"valueName\":\"search_term_string\"}}],\"inLanguage\":\"es\"},{\"@type\":\"Organization\",\"@id\":\"https:\\\/\\\/glassbottlewholesale.com\\\/#organization\",\"name\":\"Glass Bottle Wholesale\",\"url\":\"https:\\\/\\\/glassbottlewholesale.com\\\/\",\"logo\":{\"@type\":\"ImageObject\",\"inLanguage\":\"es\",\"@id\":\"https:\\\/\\\/glassbottlewholesale.com\\\/#\\\/schema\\\/logo\\\/image\\\/\",\"url\":\"https:\\\/\\\/glassbottlewholesale.com\\\/wp-content\\\/uploads\\\/2023\\\/12\\\/ruisheng-logo.webp\",\"contentUrl\":\"https:\\\/\\\/glassbottlewholesale.com\\\/wp-content\\\/uploads\\\/2023\\\/12\\\/ruisheng-logo.webp\",\"width\":400,\"height\":233,\"caption\":\"Glass Bottle Wholesale\"},\"image\":{\"@id\":\"https:\\\/\\\/glassbottlewholesale.com\\\/#\\\/schema\\\/logo\\\/image\\\/\"}}]}<\/script>\n<!-- \/ Yoast SEO plugin. -->","yoast_head_json":{"title":"Wholesale Transparent 750ml XO Bottle Price | Cognac Bottle Supplier","description":"Ruisheng, a professional cognac bottle manufacturer, wholesale empty glass bottle for XO, Cognac. Get wholesale transparent 750ml xo bottle price here.","robots":{"index":"index","follow":"follow","max-snippet":"max-snippet:-1","max-image-preview":"max-image-preview:large","max-video-preview":"max-video-preview:-1"},"canonical":"https:\/\/ruishengglassco.com\/product\/rs128-transparent-750ml-xo-bottle","og_locale":"es_ES","og_type":"article","og_title":"Wholesale Transparent 750ml XO Bottle Price | Cognac Bottle Supplier","og_description":"Ruisheng, a professional cognac bottle manufacturer, wholesale empty glass bottle for XO, Cognac. Get wholesale transparent 750ml xo bottle price here.","og_url":"https:\/\/ruishengglassco.com\/product\/rs128-transparent-750ml-xo-bottle","og_site_name":"Glass Bottle Wholesale","article_modified_time":"2025-07-10T03:04:29+00:00","og_image":[{"width":800,"height":800,"url":"https:\/\/glassbottlewholesale.com\/wp-content\/uploads\/2024\/01\/rs128-1.jpg","type":"image\/jpeg"}],"twitter_card":"summary_large_image","twitter_misc":{"Tiempo de lectura":"3 minutos"},"schema":{"@context":"https:\/\/schema.org","@graph":[{"@type":"WebPage","@id":"https:\/\/glassbottlewholesale.com\/transparent-750ml-xo-bottle\/","url":"https:\/\/ruishengglassco.com\/product\/rs128-transparent-750ml-xo-bottle","name":"Wholesale Transparent 750ml XO Bottle Price | Cognac Bottle Supplier","isPartOf":{"@id":"https:\/\/glassbottlewholesale.com\/#website"},"primaryImageOfPage":{"@id":"https:\/\/ruishengglassco.com\/product\/rs128-transparent-750ml-xo-bottle#primaryimage"},"image":{"@id":"https:\/\/ruishengglassco.com\/product\/rs128-transparent-750ml-xo-bottle#primaryimage"},"thumbnailUrl":"https:\/\/glassbottlewholesale.com\/wp-content\/uploads\/2024\/01\/rs128-1.jpg","datePublished":"2019-10-12T13:58:20+00:00","dateModified":"2025-07-10T03:04:29+00:00","description":"Ruisheng, a professional cognac bottle manufacturer, wholesale empty glass bottle for XO, Cognac. Get wholesale transparent 750ml xo bottle price here.","breadcrumb":{"@id":"https:\/\/ruishengglassco.com\/product\/rs128-transparent-750ml-xo-bottle#breadcrumb"},"inLanguage":"es","potentialAction":[{"@type":"ReadAction","target":["https:\/\/ruishengglassco.com\/product\/rs128-transparent-750ml-xo-bottle"]}]},{"@type":"ImageObject","inLanguage":"es","@id":"https:\/\/ruishengglassco.com\/product\/rs128-transparent-750ml-xo-bottle#primaryimage","url":"https:\/\/glassbottlewholesale.com\/wp-content\/uploads\/2024\/01\/rs128-1.jpg","contentUrl":"https:\/\/glassbottlewholesale.com\/wp-content\/uploads\/2024\/01\/rs128-1.jpg","width":800,"height":800,"caption":"RS128: Transparent 750ml XO Bottle"},{"@type":"BreadcrumbList","@id":"https:\/\/ruishengglassco.com\/product\/rs128-transparent-750ml-xo-bottle#breadcrumb","itemListElement":[{"@type":"ListItem","position":1,"name":"Home","item":"https:\/\/glassbottlewholesale.com\/"},{"@type":"ListItem","position":2,"name":"Products","item":"https:\/\/glassbottlewholesale.com\/shop\/"},{"@type":"ListItem","position":3,"name":"RS128: Transparent 750ml XO Bottle"}]},{"@type":"WebSite","@id":"https:\/\/glassbottlewholesale.com\/#website","url":"https:\/\/glassbottlewholesale.com\/","name":"Glass Bottle Wholesale","description":"","publisher":{"@id":"https:\/\/glassbottlewholesale.com\/#organization"},"potentialAction":[{"@type":"SearchAction","target":{"@type":"EntryPoint","urlTemplate":"https:\/\/glassbottlewholesale.com\/?s={search_term_string}"},"query-input":{"@type":"PropertyValueSpecification","valueRequired":true,"valueName":"search_term_string"}}],"inLanguage":"es"},{"@type":"Organization","@id":"https:\/\/glassbottlewholesale.com\/#organization","name":"Glass Bottle Wholesale","url":"https:\/\/glassbottlewholesale.com\/","logo":{"@type":"ImageObject","inLanguage":"es","@id":"https:\/\/glassbottlewholesale.com\/#\/schema\/logo\/image\/","url":"https:\/\/glassbottlewholesale.com\/wp-content\/uploads\/2023\/12\/ruisheng-logo.webp","contentUrl":"https:\/\/glassbottlewholesale.com\/wp-content\/uploads\/2023\/12\/ruisheng-logo.webp","width":400,"height":233,"caption":"Glass Bottle Wholesale"},"image":{"@id":"https:\/\/glassbottlewholesale.com\/#\/schema\/logo\/image\/"}}]}},"_links":{"self":[{"href":"https:\/\/glassbottlewholesale.com\/es\/wp-json\/wp\/v2\/product\/445","targetHints":{"allow":["GET"]}}],"collection":[{"href":"https:\/\/glassbottlewholesale.com\/es\/wp-json\/wp\/v2\/product"}],"about":[{"href":"https:\/\/glassbottlewholesale.com\/es\/wp-json\/wp\/v2\/types\/product"}],"replies":[{"embeddable":true,"href":"https:\/\/glassbottlewholesale.com\/es\/wp-json\/wp\/v2\/comments?post=445"}],"wp:featuredmedia":[{"embeddable":true,"href":"https:\/\/glassbottlewholesale.com\/es\/wp-json\/wp\/v2\/media\/4492"}],"wp:attachment":[{"href":"https:\/\/glassbottlewholesale.com\/es\/wp-json\/wp\/v2\/media?parent=445"}],"wp:term":[{"taxonomy":"product_brand","embeddable":true,"href":"https:\/\/glassbottlewholesale.com\/es\/wp-json\/wp\/v2\/product_brand?post=445"},{"taxonomy":"product_cat","embeddable":true,"href":"https:\/\/glassbottlewholesale.com\/es\/wp-json\/wp\/v2\/product_cat?post=445"},{"taxonomy":"product_tag","embeddable":true,"href":"https:\/\/glassbottlewholesale.com\/es\/wp-json\/wp\/v2\/product_tag?post=445"}],"curies":[{"name":"wp","href":"https:\/\/api.w.org\/{rel}","templated":true}]}}