{"id":474,"date":"2019-10-14T14:21:16","date_gmt":"2019-10-14T14:21:16","guid":{"rendered":"https:\/\/queenchingglass.com\/?post_type=product&#038;p=474"},"modified":"2025-07-10T00:55:25","modified_gmt":"2025-07-10T00:55:25","slug":"botellas-de-licor-especiales-personalizadas-a-precios-al-por-mayor","status":"publish","type":"product","link":"https:\/\/glassbottlewholesale.com\/es\/botellas-de-licor-especiales-personalizadas-a-precios-al-por-mayor\/","title":{"rendered":"RS112: Precios al por mayor de botellas de vidrio personalizadas de 750 ml"},"content":{"rendered":"<div class=\"wpb-content-wrapper\"><div class=\"vc_row wpb_row vc_row-fluid\"><div class=\"wpb_column vc_column_container vc_col-sm-12\"><div class=\"vc_column-inner\"><div class=\"wpb_wrapper\">\n\t<div class=\"wpb_text_column wpb_content_element\" >\n\t\t<div class=\"wpb_wrapper\">\n\t\t\t<p>Esta botella de vidrio \u00fanica de 750 ml al por mayor es una de nuestras <a href=\"https:\/\/glassbottlewholesale.com\/es\/detalles-del-producto\/proveedores-de-botellas-de-licor-de-vidrio-de-700-ml-y-1000-ml\/\">botella de vidrio de licor<\/a> l\u00ednea. tiene un cuello grueso y el cuerpo de la botella tambi\u00e9n es irregular y la botella es m\u00e1s gruesa, por lo que no se rompe f\u00e1cilmente. Como el mayor proveedor de botellas de vidrio, Ruisheng puede proporcionarle una gran cantidad de botellas de vidrio antiguas con tapa de 750 ml a la vez.<\/p>\n<p>Nuestra empresa cuenta con m\u00e1s de 500 empleados y un grupo de ingenieros cualificados. Los trabajadores de nuestra empresa deben tener una amplia experiencia, por lo que podemos garantizar que podemos producir las botellas de vidrio para licor perfectas. Con una rica experiencia, tenemos una buena reputaci\u00f3n en todo el mundo.<\/p>\n<p>Nuestros productos principales son botellas de vidrio de primera calidad, como botellas de vodka, botellas de brandy, botellas de whisky, botellas de licor, botellas de mermelada, etc. Tambi\u00e9n podemos ofrecer botellas de vidrio \u00e1mbar, <a href=\"https:\/\/ruishengglassco.com\/375ml-liquor-glass-bottle-manufacturer\">botellas verdes<\/a>y botellas de agua. Nuestro principal mercado es Europa, EE. UU., Australia, Am\u00e9rica, etc. Y todos los productos gozan de una gran reputaci\u00f3n por su innovaci\u00f3n y funcionalidad.<\/p>\n<p>Podemos imprimir su logotipo en ella y tambi\u00e9n podemos realizar procesamientos profundos en esta botella, como impresi\u00f3n, pintura y otros.<\/p>\n<h4>Detalles sobre la botella de vidrio \u00fanica de 750 ml<\/h4>\n<ul>\n<li>Material principal: vidrio alto pedernal<\/li>\n<li>Tapa: Corcho<\/li>\n<li>Referencia: RS112<\/li>\n<li>Cantidad m\u00ednima de pedido: 10000 unidades<\/li>\n<li>Capacidad: 750ml<\/li>\n<li>Piezas\/caja: 24 piezas<\/li>\n<li>Origen del lugar: Shandong, China<\/li>\n<li>Caracter\u00edstica: Respetuoso del medio ambiente<\/li>\n<\/ul>\n<p>Poco a poco vamos abriendo nuevos mercados. Somos\u00a0<span class=\"tran\" data-group=\"5_1\">muy<\/span>\u00a0<span class=\"tran\" data-group=\"6_2\">seguro<\/span>\u00a0<span class=\"tran\" data-group=\"3_3\">acerca de<\/span>\u00a0el\u00a0<span class=\"tran\" data-group=\"4_4\">calidad<\/span>\u00a0de\u00a0<span class=\"tran\" data-group=\"1_5\">Nuestras botellas de vidrio de 750 ml a la venta.<\/span><span class=\"tran\" data-group=\"2_6\">\u00a0Porque la calidad lo es todo para nosotros.<\/span><\/p>\n<p>Nuestra empresa cuenta con un equipo de operaci\u00f3n maduro. Nuestro proyecto en nuestra empresa es botellas de vidrio especiales, botellas de vidrio de 750 ml con tapones de rosca, por lo que estamos muy familiarizados con el proceso de operaci\u00f3n.<\/p>\n<p>Si desea hacerlo, no dude en contactarnos. Si desea venir a visitar nuestra f\u00e1brica, seremos bienvenidos.<\/p>\n<p>Contaremos con personal especializado para familiarizarle con la f\u00e1brica, le daremos una descripci\u00f3n detallada del proceso de producci\u00f3n de la singular botella de vidrio.<\/p>\n<p>Si desea obtener un precio de botella de licor especial personalizado, cont\u00e1ctenos. Le responderemos dentro de las 24 horas.<\/p>\n\n\t\t<\/div>\n\t<\/div>\n<\/div><\/div><\/div><\/div>\n<\/div>","protected":false},"excerpt":{"rendered":"<p>Botellas de licor especiales personalizadas de la f\u00e1brica de botellas de vidrio de China. La botella de vidrio redonda con un cuello largo y grueso y un dise\u00f1o de fondo s\u00f3lido a juego hacen que esta botella de vidrio \u00fanica de 750 ml sea especial, \u00fanica, estable y no sea f\u00e1cil de romper.<\/p>\n<p>cont\u00e1ctanos y obt\u00e9n precios de botellas de licor:<\/p>\n<ul>\n<li>Referencia: RS112<\/li>\n<li><strong>Se ofrece servicio personalizado de botellas de licor. Cantidad m\u00ednima de pedido: 10000 unidades (10000 unidades)<\/strong><\/li>\n<li>Tapa: Corcho o personalizada<\/li>\n<li>Material: Vidrio alto de pedernal<\/li>\n<li>Altura de la botella: 230 mm<\/li>\n<li>Di\u00e1metro de la botella: 45 mm<\/li>\n<\/ul>","protected":false},"featured_media":4779,"comment_status":"open","ping_status":"closed","template":"","meta":[],"product_brand":[],"product_cat":[51,52,55,63],"product_tag":[],"class_list":{"0":"post-474","1":"product","2":"type-product","3":"status-publish","4":"has-post-thumbnail","6":"product_cat-700ml-glass-bottle","7":"product_cat-750ml-glass-bottle","8":"product_cat-custom-glass-bottle","9":"product_cat-liquor-bottle","10":"entry","11":"has-media","13":"first","14":"instock","15":"shipping-taxable","16":"product-type-simple"},"yoast_head":"<!-- This site is optimized with the Yoast SEO plugin v27.3 - https:\/\/yoast.com\/product\/yoast-seo-wordpress\/ -->\n<title>750ml Unique Glass Bottle Wholesale |Custom Special Liquor Bottles Price<\/title>\n<meta name=\"description\" content=\"Do you want to get custom special liquor bottles price? Click here to contact us and get 750ml unique glass bottle wholesale price.\" \/>\n<meta name=\"robots\" content=\"index, follow, max-snippet:-1, max-image-preview:large, max-video-preview:-1\" \/>\n<link rel=\"canonical\" href=\"https:\/\/ruishengglassco.com\/product\/rs112-custom-750ml-glass-bottles-bulk-prices\" \/>\n<meta property=\"og:locale\" content=\"es_ES\" \/>\n<meta property=\"og:type\" content=\"article\" \/>\n<meta property=\"og:title\" content=\"750ml Unique Glass Bottle Wholesale |Custom Special Liquor Bottles Price\" \/>\n<meta property=\"og:description\" content=\"Do you want to get custom special liquor bottles price? Click here to contact us and get 750ml unique glass bottle wholesale price.\" \/>\n<meta property=\"og:url\" content=\"https:\/\/ruishengglassco.com\/product\/rs112-custom-750ml-glass-bottles-bulk-prices\" \/>\n<meta property=\"og:site_name\" content=\"Glass Bottle Wholesale\" \/>\n<meta property=\"article:modified_time\" content=\"2025-07-10T00:55:25+00:00\" \/>\n<meta property=\"og:image\" content=\"https:\/\/glassbottlewholesale.com\/wp-content\/uploads\/2024\/04\/glass-bottle-manufacturing-30-1.png\" \/>\n\t<meta property=\"og:image:width\" content=\"800\" \/>\n\t<meta property=\"og:image:height\" content=\"800\" \/>\n\t<meta property=\"og:image:type\" content=\"image\/png\" \/>\n<meta name=\"twitter:card\" content=\"summary_large_image\" \/>\n<meta name=\"twitter:label1\" content=\"Tiempo de lectura\" \/>\n\t<meta name=\"twitter:data1\" content=\"2 minutos\" \/>\n<script type=\"application\/ld+json\" class=\"yoast-schema-graph\">{\"@context\":\"https:\\\/\\\/schema.org\",\"@graph\":[{\"@type\":\"WebPage\",\"@id\":\"https:\\\/\\\/glassbottlewholesale.com\\\/custom-special-liquor-bottles-in-bulk-prices\\\/\",\"url\":\"https:\\\/\\\/ruishengglassco.com\\\/product\\\/rs112-custom-750ml-glass-bottles-bulk-prices\",\"name\":\"750ml Unique Glass Bottle Wholesale |Custom Special Liquor Bottles Price\",\"isPartOf\":{\"@id\":\"https:\\\/\\\/glassbottlewholesale.com\\\/#website\"},\"primaryImageOfPage\":{\"@id\":\"https:\\\/\\\/ruishengglassco.com\\\/product\\\/rs112-custom-750ml-glass-bottles-bulk-prices#primaryimage\"},\"image\":{\"@id\":\"https:\\\/\\\/ruishengglassco.com\\\/product\\\/rs112-custom-750ml-glass-bottles-bulk-prices#primaryimage\"},\"thumbnailUrl\":\"https:\\\/\\\/glassbottlewholesale.com\\\/wp-content\\\/uploads\\\/2024\\\/04\\\/glass-bottle-manufacturing-30-1.png\",\"datePublished\":\"2019-10-14T14:21:16+00:00\",\"dateModified\":\"2025-07-10T00:55:25+00:00\",\"description\":\"Do you want to get custom special liquor bottles price? Click here to contact us and get 750ml unique glass bottle wholesale price.\",\"breadcrumb\":{\"@id\":\"https:\\\/\\\/ruishengglassco.com\\\/product\\\/rs112-custom-750ml-glass-bottles-bulk-prices#breadcrumb\"},\"inLanguage\":\"es\",\"potentialAction\":[{\"@type\":\"ReadAction\",\"target\":[\"https:\\\/\\\/ruishengglassco.com\\\/product\\\/rs112-custom-750ml-glass-bottles-bulk-prices\"]}]},{\"@type\":\"ImageObject\",\"inLanguage\":\"es\",\"@id\":\"https:\\\/\\\/ruishengglassco.com\\\/product\\\/rs112-custom-750ml-glass-bottles-bulk-prices#primaryimage\",\"url\":\"https:\\\/\\\/glassbottlewholesale.com\\\/wp-content\\\/uploads\\\/2024\\\/04\\\/glass-bottle-manufacturing-30-1.png\",\"contentUrl\":\"https:\\\/\\\/glassbottlewholesale.com\\\/wp-content\\\/uploads\\\/2024\\\/04\\\/glass-bottle-manufacturing-30-1.png\",\"width\":800,\"height\":800,\"caption\":\"RS112: Custom 750ml Glass Bottles Bulk Prices\"},{\"@type\":\"BreadcrumbList\",\"@id\":\"https:\\\/\\\/ruishengglassco.com\\\/product\\\/rs112-custom-750ml-glass-bottles-bulk-prices#breadcrumb\",\"itemListElement\":[{\"@type\":\"ListItem\",\"position\":1,\"name\":\"Home\",\"item\":\"https:\\\/\\\/glassbottlewholesale.com\\\/\"},{\"@type\":\"ListItem\",\"position\":2,\"name\":\"Products\",\"item\":\"https:\\\/\\\/glassbottlewholesale.com\\\/shop\\\/\"},{\"@type\":\"ListItem\",\"position\":3,\"name\":\"RS112: Custom 750ml Glass Bottles Bulk Prices\"}]},{\"@type\":\"WebSite\",\"@id\":\"https:\\\/\\\/glassbottlewholesale.com\\\/#website\",\"url\":\"https:\\\/\\\/glassbottlewholesale.com\\\/\",\"name\":\"Glass Bottle Wholesale\",\"description\":\"\",\"publisher\":{\"@id\":\"https:\\\/\\\/glassbottlewholesale.com\\\/#organization\"},\"potentialAction\":[{\"@type\":\"SearchAction\",\"target\":{\"@type\":\"EntryPoint\",\"urlTemplate\":\"https:\\\/\\\/glassbottlewholesale.com\\\/?s={search_term_string}\"},\"query-input\":{\"@type\":\"PropertyValueSpecification\",\"valueRequired\":true,\"valueName\":\"search_term_string\"}}],\"inLanguage\":\"es\"},{\"@type\":\"Organization\",\"@id\":\"https:\\\/\\\/glassbottlewholesale.com\\\/#organization\",\"name\":\"Glass Bottle Wholesale\",\"url\":\"https:\\\/\\\/glassbottlewholesale.com\\\/\",\"logo\":{\"@type\":\"ImageObject\",\"inLanguage\":\"es\",\"@id\":\"https:\\\/\\\/glassbottlewholesale.com\\\/#\\\/schema\\\/logo\\\/image\\\/\",\"url\":\"https:\\\/\\\/glassbottlewholesale.com\\\/wp-content\\\/uploads\\\/2023\\\/12\\\/ruisheng-logo.webp\",\"contentUrl\":\"https:\\\/\\\/glassbottlewholesale.com\\\/wp-content\\\/uploads\\\/2023\\\/12\\\/ruisheng-logo.webp\",\"width\":400,\"height\":233,\"caption\":\"Glass Bottle Wholesale\"},\"image\":{\"@id\":\"https:\\\/\\\/glassbottlewholesale.com\\\/#\\\/schema\\\/logo\\\/image\\\/\"}}]}<\/script>\n<!-- \/ Yoast SEO plugin. -->","yoast_head_json":{"title":"Venta al por mayor de botellas de vidrio \u00fanicas de 750 ml | Precio de botellas de licor especiales personalizadas","description":"\u00bfQuiere obtener un precio de botella de licor especial personalizado? Haga clic aqu\u00ed para contactarnos y obtener un precio mayorista de botella de vidrio \u00fanica de 750 ml.","robots":{"index":"index","follow":"follow","max-snippet":"max-snippet:-1","max-image-preview":"max-image-preview:large","max-video-preview":"max-video-preview:-1"},"canonical":"https:\/\/ruishengglassco.com\/product\/rs112-custom-750ml-glass-bottles-bulk-prices","og_locale":"es_ES","og_type":"article","og_title":"750ml Unique Glass Bottle Wholesale |Custom Special Liquor Bottles Price","og_description":"Do you want to get custom special liquor bottles price? Click here to contact us and get 750ml unique glass bottle wholesale price.","og_url":"https:\/\/ruishengglassco.com\/product\/rs112-custom-750ml-glass-bottles-bulk-prices","og_site_name":"Glass Bottle Wholesale","article_modified_time":"2025-07-10T00:55:25+00:00","og_image":[{"width":800,"height":800,"url":"https:\/\/glassbottlewholesale.com\/wp-content\/uploads\/2024\/04\/glass-bottle-manufacturing-30-1.png","type":"image\/png"}],"twitter_card":"summary_large_image","twitter_misc":{"Tiempo de lectura":"2 minutos"},"schema":{"@context":"https:\/\/schema.org","@graph":[{"@type":"WebPage","@id":"https:\/\/glassbottlewholesale.com\/custom-special-liquor-bottles-in-bulk-prices\/","url":"https:\/\/ruishengglassco.com\/product\/rs112-custom-750ml-glass-bottles-bulk-prices","name":"Venta al por mayor de botellas de vidrio \u00fanicas de 750 ml | Precio de botellas de licor especiales personalizadas","isPartOf":{"@id":"https:\/\/glassbottlewholesale.com\/#website"},"primaryImageOfPage":{"@id":"https:\/\/ruishengglassco.com\/product\/rs112-custom-750ml-glass-bottles-bulk-prices#primaryimage"},"image":{"@id":"https:\/\/ruishengglassco.com\/product\/rs112-custom-750ml-glass-bottles-bulk-prices#primaryimage"},"thumbnailUrl":"https:\/\/glassbottlewholesale.com\/wp-content\/uploads\/2024\/04\/glass-bottle-manufacturing-30-1.png","datePublished":"2019-10-14T14:21:16+00:00","dateModified":"2025-07-10T00:55:25+00:00","description":"\u00bfQuiere obtener un precio de botella de licor especial personalizado? Haga clic aqu\u00ed para contactarnos y obtener un precio mayorista de botella de vidrio \u00fanica de 750 ml.","breadcrumb":{"@id":"https:\/\/ruishengglassco.com\/product\/rs112-custom-750ml-glass-bottles-bulk-prices#breadcrumb"},"inLanguage":"es","potentialAction":[{"@type":"ReadAction","target":["https:\/\/ruishengglassco.com\/product\/rs112-custom-750ml-glass-bottles-bulk-prices"]}]},{"@type":"ImageObject","inLanguage":"es","@id":"https:\/\/ruishengglassco.com\/product\/rs112-custom-750ml-glass-bottles-bulk-prices#primaryimage","url":"https:\/\/glassbottlewholesale.com\/wp-content\/uploads\/2024\/04\/glass-bottle-manufacturing-30-1.png","contentUrl":"https:\/\/glassbottlewholesale.com\/wp-content\/uploads\/2024\/04\/glass-bottle-manufacturing-30-1.png","width":800,"height":800,"caption":"RS112: Custom 750ml Glass Bottles Bulk Prices"},{"@type":"BreadcrumbList","@id":"https:\/\/ruishengglassco.com\/product\/rs112-custom-750ml-glass-bottles-bulk-prices#breadcrumb","itemListElement":[{"@type":"ListItem","position":1,"name":"Home","item":"https:\/\/glassbottlewholesale.com\/"},{"@type":"ListItem","position":2,"name":"Products","item":"https:\/\/glassbottlewholesale.com\/shop\/"},{"@type":"ListItem","position":3,"name":"RS112: Custom 750ml Glass Bottles Bulk Prices"}]},{"@type":"WebSite","@id":"https:\/\/glassbottlewholesale.com\/#website","url":"https:\/\/glassbottlewholesale.com\/","name":"Glass Bottle Wholesale","description":"","publisher":{"@id":"https:\/\/glassbottlewholesale.com\/#organization"},"potentialAction":[{"@type":"SearchAction","target":{"@type":"EntryPoint","urlTemplate":"https:\/\/glassbottlewholesale.com\/?s={search_term_string}"},"query-input":{"@type":"PropertyValueSpecification","valueRequired":true,"valueName":"search_term_string"}}],"inLanguage":"es"},{"@type":"Organization","@id":"https:\/\/glassbottlewholesale.com\/#organization","name":"Glass Bottle Wholesale","url":"https:\/\/glassbottlewholesale.com\/","logo":{"@type":"ImageObject","inLanguage":"es","@id":"https:\/\/glassbottlewholesale.com\/#\/schema\/logo\/image\/","url":"https:\/\/glassbottlewholesale.com\/wp-content\/uploads\/2023\/12\/ruisheng-logo.webp","contentUrl":"https:\/\/glassbottlewholesale.com\/wp-content\/uploads\/2023\/12\/ruisheng-logo.webp","width":400,"height":233,"caption":"Glass Bottle Wholesale"},"image":{"@id":"https:\/\/glassbottlewholesale.com\/#\/schema\/logo\/image\/"}}]}},"_links":{"self":[{"href":"https:\/\/glassbottlewholesale.com\/es\/wp-json\/wp\/v2\/product\/474","targetHints":{"allow":["GET"]}}],"collection":[{"href":"https:\/\/glassbottlewholesale.com\/es\/wp-json\/wp\/v2\/product"}],"about":[{"href":"https:\/\/glassbottlewholesale.com\/es\/wp-json\/wp\/v2\/types\/product"}],"replies":[{"embeddable":true,"href":"https:\/\/glassbottlewholesale.com\/es\/wp-json\/wp\/v2\/comments?post=474"}],"wp:featuredmedia":[{"embeddable":true,"href":"https:\/\/glassbottlewholesale.com\/es\/wp-json\/wp\/v2\/media\/4779"}],"wp:attachment":[{"href":"https:\/\/glassbottlewholesale.com\/es\/wp-json\/wp\/v2\/media?parent=474"}],"wp:term":[{"taxonomy":"product_brand","embeddable":true,"href":"https:\/\/glassbottlewholesale.com\/es\/wp-json\/wp\/v2\/product_brand?post=474"},{"taxonomy":"product_cat","embeddable":true,"href":"https:\/\/glassbottlewholesale.com\/es\/wp-json\/wp\/v2\/product_cat?post=474"},{"taxonomy":"product_tag","embeddable":true,"href":"https:\/\/glassbottlewholesale.com\/es\/wp-json\/wp\/v2\/product_tag?post=474"}],"curies":[{"name":"wp","href":"https:\/\/api.w.org\/{rel}","templated":true}]}}