{"id":511,"date":"2019-10-15T12:49:01","date_gmt":"2019-10-15T12:49:01","guid":{"rendered":"https:\/\/queenchingglass.com\/?post_type=product&#038;p=511"},"modified":"2025-07-10T03:22:46","modified_gmt":"2025-07-10T03:22:46","slug":"botellas-de-vidrio-redondas-boston-50cl-al-por-mayor","status":"publish","type":"product","link":"https:\/\/glassbottlewholesale.com\/es\/botellas-de-vidrio-redondas-boston-50cl-al-por-mayor\/","title":{"rendered":"RS098: Botellas de vidrio redondas Boston de 50 cl al por mayor"},"content":{"rendered":"<div class=\"wpb-content-wrapper\"><div class=\"vc_row wpb_row vc_row-fluid\"><div class=\"wpb_column vc_column_container vc_col-sm-12\"><div class=\"vc_column-inner\"><div class=\"wpb_wrapper\">\n\t<div class=\"wpb_text_column wpb_content_element\" >\n\t\t<div class=\"wpb_wrapper\">\n\t\t\t<p>El 50cl Boston Botellas de vidrio redondo al por mayor hecha por el material de la botella de vidrio de grado superior de China. Estas botellas de licor baratos al por mayor se utiliza para mantener el vodka, whisky, licor, bebidas y otros l\u00edquidos.<\/p>\n<p>Nuestra f\u00e1brica -\u00a0<a href=\"https:\/\/ruishengglassco.com\/about\">Shandong Yuncheng Ruisheng Glass Co., Ltd.<\/a> est\u00e1 situada en el condado de Yuncheng, famoso por la fabricaci\u00f3n de envases para licores. Nuestra f\u00e1brica puede ofrecer la orden de una botella de vidrio transparente para el procesamiento profundo en las botellas.<\/p>\n<p>En nuestra f\u00e1brica hay 12 l\u00edneas de producci\u00f3n de botellas de vidrio, tanto m\u00e1quinas totalmente autom\u00e1ticas como semiautom\u00e1ticas. Nuestra producci\u00f3n diaria es de unas 120.000 unidades. No importa cu\u00e1ntas <a href=\"https:\/\/ruishengglassco.com\/glass-liquor-spirit-bottles\">botellas de vidrio para licores<\/a> que pida, todos podemos terminarlo a tiempo. Nuestra f\u00e1brica cuenta con m\u00e1s de 500 empleados y un grupo de expertos QC y dise\u00f1adores. Podemos dise\u00f1ar y hacer las botellas de vidrio de encargo despu\u00e9s de conseguir su foto o idea.<\/p>\n<h4>Los detalles de las botellas de vidrio redondas Boston de 50 cl.<\/h4>\n<p>Este 50cl Boston botellas redondas de vidrio al por mayor es hecha por el material de vidrio de pedernal de alta. Este material es el grado superior para las botellas de vidrio de uso diario. El peso de esta botella de vidrio es de 580 \u00b1 10g, y su capacidad es de 520 \u00b1 10 ml. El tama\u00f1o de la botella de vidrio es 84.2x 192.2 mm. Su di\u00e1metro es de 84,2 mm, y la altura es de 192,2 mm. Y el grosor del fondo es de 19 \u00b1 2 mm.<\/p>\n<h4>El plazo de entrega de estas botellas de licor baratas al por mayor<\/h4>\n<p>Botellas de vidrio en stock<\/p>\n<p>Podemos enviarlos inmediatamente. Y el tiempo de llegada depende del tiempo de tr\u00e1nsito hasta el destino final.<\/p>\n<p>El molde existente botellas de vidrio<\/p>\n<p>Estas botellas de vidrio se enviar\u00e1n en un plazo de 20-30 d\u00edas. Y el tiempo de llegada depende del tiempo de tr\u00e1nsito hasta el destino final.<\/p>\n<p>Las botellas de vidrio personalizadas<\/p>\n<p>El tiempo de moldeo es de unos 15-20 d\u00edas, y el plazo de entrega para la producci\u00f3n en masa es de unos 20-30 d\u00edas, se basa en nuestro calendario de fabricaci\u00f3n. El tiempo de llegada depende del tiempo de tr\u00e1nsito hasta el destino final.<\/p>\n<p>Si quiere comprar Botellas de Vidrio Redondas Boston de 50cl, o<a href=\"https:\/\/ruishengglassco.com\/\">\u00a0botellas de vidrio al por mayor<\/a>, p\u00f3ngase en contacto con nosotros a trav\u00e9s del contacto de nuestro sitio web, nos pondremos en contacto con usted lo antes posible.<\/p>\n\n\t\t<\/div>\n\t<\/div>\n<\/div><\/div><\/div><\/div>\n<\/div>","protected":false},"excerpt":{"rendered":"<p>Si est\u00e1 interesado en nuestras botellas de vidrio Boston de 500 ml, p\u00f3ngase en contacto con nosotros. Le contestaremos en el plazo de 24hours.<\/p>","protected":false},"featured_media":2140,"comment_status":"open","ping_status":"closed","template":"","meta":[],"product_brand":[],"product_cat":[50,64],"product_tag":[],"class_list":{"0":"post-511","1":"product","2":"type-product","3":"status-publish","4":"has-post-thumbnail","6":"product_cat-500ml-glass-bottle","7":"product_cat-gin-bottle","8":"entry","9":"has-media","11":"first","12":"instock","13":"shipping-taxable","14":"product-type-simple"},"yoast_head":"<!-- This site is optimized with the Yoast SEO plugin v27.3 - https:\/\/yoast.com\/product\/yoast-seo-wordpress\/ -->\n<title>Cheap Liquor Bottles Wholesale | 50cl Boston Round Glass Bottles Bulk<\/title>\n<meta name=\"description\" content=\"Want To Buy Cheap Liquor Bottles Wholesale? Click here to know 50cl Boston Round Glass Bottles Bulk From China Liquor Bottle Manufacturing Factory.\" \/>\n<meta name=\"robots\" content=\"index, follow, max-snippet:-1, max-image-preview:large, max-video-preview:-1\" \/>\n<link rel=\"canonical\" href=\"https:\/\/ruishengglassco.com\/product\/rs09850cl-boston-round-glass-bottles-wholesale\" \/>\n<meta property=\"og:locale\" content=\"es_ES\" \/>\n<meta property=\"og:type\" content=\"article\" \/>\n<meta property=\"og:title\" content=\"Cheap Liquor Bottles Wholesale | 50cl Boston Round Glass Bottles Bulk\" \/>\n<meta property=\"og:description\" content=\"Want To Buy Cheap Liquor Bottles Wholesale? Click here to know 50cl Boston Round Glass Bottles Bulk From China Liquor Bottle Manufacturing Factory.\" \/>\n<meta property=\"og:url\" content=\"https:\/\/ruishengglassco.com\/product\/rs09850cl-boston-round-glass-bottles-wholesale\" \/>\n<meta property=\"og:site_name\" content=\"Glass Bottle Wholesale\" \/>\n<meta property=\"article:modified_time\" content=\"2025-07-10T03:22:46+00:00\" \/>\n<meta property=\"og:image\" content=\"https:\/\/glassbottlewholesale.com\/wp-content\/uploads\/2019\/10\/E6_9D_9C_E6_9D_BE_E5_AD_902_6f895d2c4b90e8542569142af75a7d62.jpg\" \/>\n\t<meta property=\"og:image:width\" content=\"400\" \/>\n\t<meta property=\"og:image:height\" content=\"400\" \/>\n\t<meta property=\"og:image:type\" content=\"image\/jpeg\" \/>\n<meta name=\"twitter:card\" content=\"summary_large_image\" \/>\n<meta name=\"twitter:label1\" content=\"Tiempo de lectura\" \/>\n\t<meta name=\"twitter:data1\" content=\"2 minutos\" \/>\n<script type=\"application\/ld+json\" class=\"yoast-schema-graph\">{\"@context\":\"https:\\\/\\\/schema.org\",\"@graph\":[{\"@type\":\"WebPage\",\"@id\":\"https:\\\/\\\/glassbottlewholesale.com\\\/50cl-boston-round-glass-bottles-wholesale\\\/\",\"url\":\"https:\\\/\\\/ruishengglassco.com\\\/product\\\/rs09850cl-boston-round-glass-bottles-wholesale\",\"name\":\"Cheap Liquor Bottles Wholesale | 50cl Boston Round Glass Bottles Bulk\",\"isPartOf\":{\"@id\":\"https:\\\/\\\/glassbottlewholesale.com\\\/#website\"},\"primaryImageOfPage\":{\"@id\":\"https:\\\/\\\/ruishengglassco.com\\\/product\\\/rs09850cl-boston-round-glass-bottles-wholesale#primaryimage\"},\"image\":{\"@id\":\"https:\\\/\\\/ruishengglassco.com\\\/product\\\/rs09850cl-boston-round-glass-bottles-wholesale#primaryimage\"},\"thumbnailUrl\":\"https:\\\/\\\/glassbottlewholesale.com\\\/wp-content\\\/uploads\\\/2019\\\/10\\\/E6_9D_9C_E6_9D_BE_E5_AD_902_6f895d2c4b90e8542569142af75a7d62.jpg\",\"datePublished\":\"2019-10-15T12:49:01+00:00\",\"dateModified\":\"2025-07-10T03:22:46+00:00\",\"description\":\"Want To Buy Cheap Liquor Bottles Wholesale? Click here to know 50cl Boston Round Glass Bottles Bulk From China Liquor Bottle Manufacturing Factory.\",\"breadcrumb\":{\"@id\":\"https:\\\/\\\/ruishengglassco.com\\\/product\\\/rs09850cl-boston-round-glass-bottles-wholesale#breadcrumb\"},\"inLanguage\":\"es\",\"potentialAction\":[{\"@type\":\"ReadAction\",\"target\":[\"https:\\\/\\\/ruishengglassco.com\\\/product\\\/rs09850cl-boston-round-glass-bottles-wholesale\"]}]},{\"@type\":\"ImageObject\",\"inLanguage\":\"es\",\"@id\":\"https:\\\/\\\/ruishengglassco.com\\\/product\\\/rs09850cl-boston-round-glass-bottles-wholesale#primaryimage\",\"url\":\"https:\\\/\\\/glassbottlewholesale.com\\\/wp-content\\\/uploads\\\/2019\\\/10\\\/E6_9D_9C_E6_9D_BE_E5_AD_902_6f895d2c4b90e8542569142af75a7d62.jpg\",\"contentUrl\":\"https:\\\/\\\/glassbottlewholesale.com\\\/wp-content\\\/uploads\\\/2019\\\/10\\\/E6_9D_9C_E6_9D_BE_E5_AD_902_6f895d2c4b90e8542569142af75a7d62.jpg\",\"width\":400,\"height\":400,\"caption\":\"50cl Boston Round Glass Bottles Wholesale\"},{\"@type\":\"BreadcrumbList\",\"@id\":\"https:\\\/\\\/ruishengglassco.com\\\/product\\\/rs09850cl-boston-round-glass-bottles-wholesale#breadcrumb\",\"itemListElement\":[{\"@type\":\"ListItem\",\"position\":1,\"name\":\"Home\",\"item\":\"https:\\\/\\\/glassbottlewholesale.com\\\/\"},{\"@type\":\"ListItem\",\"position\":2,\"name\":\"Products\",\"item\":\"https:\\\/\\\/glassbottlewholesale.com\\\/shop\\\/\"},{\"@type\":\"ListItem\",\"position\":3,\"name\":\"RS098:50cl Boston Round Glass Bottles Wholesale\"}]},{\"@type\":\"WebSite\",\"@id\":\"https:\\\/\\\/glassbottlewholesale.com\\\/#website\",\"url\":\"https:\\\/\\\/glassbottlewholesale.com\\\/\",\"name\":\"Glass Bottle Wholesale\",\"description\":\"\",\"publisher\":{\"@id\":\"https:\\\/\\\/glassbottlewholesale.com\\\/#organization\"},\"potentialAction\":[{\"@type\":\"SearchAction\",\"target\":{\"@type\":\"EntryPoint\",\"urlTemplate\":\"https:\\\/\\\/glassbottlewholesale.com\\\/?s={search_term_string}\"},\"query-input\":{\"@type\":\"PropertyValueSpecification\",\"valueRequired\":true,\"valueName\":\"search_term_string\"}}],\"inLanguage\":\"es\"},{\"@type\":\"Organization\",\"@id\":\"https:\\\/\\\/glassbottlewholesale.com\\\/#organization\",\"name\":\"Glass Bottle Wholesale\",\"url\":\"https:\\\/\\\/glassbottlewholesale.com\\\/\",\"logo\":{\"@type\":\"ImageObject\",\"inLanguage\":\"es\",\"@id\":\"https:\\\/\\\/glassbottlewholesale.com\\\/#\\\/schema\\\/logo\\\/image\\\/\",\"url\":\"https:\\\/\\\/glassbottlewholesale.com\\\/wp-content\\\/uploads\\\/2023\\\/12\\\/ruisheng-logo.webp\",\"contentUrl\":\"https:\\\/\\\/glassbottlewholesale.com\\\/wp-content\\\/uploads\\\/2023\\\/12\\\/ruisheng-logo.webp\",\"width\":400,\"height\":233,\"caption\":\"Glass Bottle Wholesale\"},\"image\":{\"@id\":\"https:\\\/\\\/glassbottlewholesale.com\\\/#\\\/schema\\\/logo\\\/image\\\/\"}}]}<\/script>\n<!-- \/ Yoast SEO plugin. -->","yoast_head_json":{"title":"Botellas de Licor Baratas al por mayor | 50cl Boston Botellas de Vidrio Redondas al por mayor","description":"\u00bfQuieres comprar botellas de licor baratos al por mayor? Haga clic aqu\u00ed para conocer 50cl Boston Botellas de vidrio redondo a granel de China Botella de licor de fabricaci\u00f3n de la f\u00e1brica.","robots":{"index":"index","follow":"follow","max-snippet":"max-snippet:-1","max-image-preview":"max-image-preview:large","max-video-preview":"max-video-preview:-1"},"canonical":"https:\/\/ruishengglassco.com\/product\/rs09850cl-boston-round-glass-bottles-wholesale","og_locale":"es_ES","og_type":"article","og_title":"Cheap Liquor Bottles Wholesale | 50cl Boston Round Glass Bottles Bulk","og_description":"Want To Buy Cheap Liquor Bottles Wholesale? Click here to know 50cl Boston Round Glass Bottles Bulk From China Liquor Bottle Manufacturing Factory.","og_url":"https:\/\/ruishengglassco.com\/product\/rs09850cl-boston-round-glass-bottles-wholesale","og_site_name":"Glass Bottle Wholesale","article_modified_time":"2025-07-10T03:22:46+00:00","og_image":[{"width":400,"height":400,"url":"https:\/\/glassbottlewholesale.com\/wp-content\/uploads\/2019\/10\/E6_9D_9C_E6_9D_BE_E5_AD_902_6f895d2c4b90e8542569142af75a7d62.jpg","type":"image\/jpeg"}],"twitter_card":"summary_large_image","twitter_misc":{"Tiempo de lectura":"2 minutos"},"schema":{"@context":"https:\/\/schema.org","@graph":[{"@type":"WebPage","@id":"https:\/\/glassbottlewholesale.com\/50cl-boston-round-glass-bottles-wholesale\/","url":"https:\/\/ruishengglassco.com\/product\/rs09850cl-boston-round-glass-bottles-wholesale","name":"Botellas de Licor Baratas al por mayor | 50cl Boston Botellas de Vidrio Redondas al por mayor","isPartOf":{"@id":"https:\/\/glassbottlewholesale.com\/#website"},"primaryImageOfPage":{"@id":"https:\/\/ruishengglassco.com\/product\/rs09850cl-boston-round-glass-bottles-wholesale#primaryimage"},"image":{"@id":"https:\/\/ruishengglassco.com\/product\/rs09850cl-boston-round-glass-bottles-wholesale#primaryimage"},"thumbnailUrl":"https:\/\/glassbottlewholesale.com\/wp-content\/uploads\/2019\/10\/E6_9D_9C_E6_9D_BE_E5_AD_902_6f895d2c4b90e8542569142af75a7d62.jpg","datePublished":"2019-10-15T12:49:01+00:00","dateModified":"2025-07-10T03:22:46+00:00","description":"\u00bfQuieres comprar botellas de licor baratos al por mayor? Haga clic aqu\u00ed para conocer 50cl Boston Botellas de vidrio redondo a granel de China Botella de licor de fabricaci\u00f3n de la f\u00e1brica.","breadcrumb":{"@id":"https:\/\/ruishengglassco.com\/product\/rs09850cl-boston-round-glass-bottles-wholesale#breadcrumb"},"inLanguage":"es","potentialAction":[{"@type":"ReadAction","target":["https:\/\/ruishengglassco.com\/product\/rs09850cl-boston-round-glass-bottles-wholesale"]}]},{"@type":"ImageObject","inLanguage":"es","@id":"https:\/\/ruishengglassco.com\/product\/rs09850cl-boston-round-glass-bottles-wholesale#primaryimage","url":"https:\/\/glassbottlewholesale.com\/wp-content\/uploads\/2019\/10\/E6_9D_9C_E6_9D_BE_E5_AD_902_6f895d2c4b90e8542569142af75a7d62.jpg","contentUrl":"https:\/\/glassbottlewholesale.com\/wp-content\/uploads\/2019\/10\/E6_9D_9C_E6_9D_BE_E5_AD_902_6f895d2c4b90e8542569142af75a7d62.jpg","width":400,"height":400,"caption":"50cl Boston Round Glass Bottles Wholesale"},{"@type":"BreadcrumbList","@id":"https:\/\/ruishengglassco.com\/product\/rs09850cl-boston-round-glass-bottles-wholesale#breadcrumb","itemListElement":[{"@type":"ListItem","position":1,"name":"Home","item":"https:\/\/glassbottlewholesale.com\/"},{"@type":"ListItem","position":2,"name":"Products","item":"https:\/\/glassbottlewholesale.com\/shop\/"},{"@type":"ListItem","position":3,"name":"RS098:50cl Boston Round Glass Bottles Wholesale"}]},{"@type":"WebSite","@id":"https:\/\/glassbottlewholesale.com\/#website","url":"https:\/\/glassbottlewholesale.com\/","name":"Glass Bottle Wholesale","description":"","publisher":{"@id":"https:\/\/glassbottlewholesale.com\/#organization"},"potentialAction":[{"@type":"SearchAction","target":{"@type":"EntryPoint","urlTemplate":"https:\/\/glassbottlewholesale.com\/?s={search_term_string}"},"query-input":{"@type":"PropertyValueSpecification","valueRequired":true,"valueName":"search_term_string"}}],"inLanguage":"es"},{"@type":"Organization","@id":"https:\/\/glassbottlewholesale.com\/#organization","name":"Glass Bottle Wholesale","url":"https:\/\/glassbottlewholesale.com\/","logo":{"@type":"ImageObject","inLanguage":"es","@id":"https:\/\/glassbottlewholesale.com\/#\/schema\/logo\/image\/","url":"https:\/\/glassbottlewholesale.com\/wp-content\/uploads\/2023\/12\/ruisheng-logo.webp","contentUrl":"https:\/\/glassbottlewholesale.com\/wp-content\/uploads\/2023\/12\/ruisheng-logo.webp","width":400,"height":233,"caption":"Glass Bottle Wholesale"},"image":{"@id":"https:\/\/glassbottlewholesale.com\/#\/schema\/logo\/image\/"}}]}},"_links":{"self":[{"href":"https:\/\/glassbottlewholesale.com\/es\/wp-json\/wp\/v2\/product\/511","targetHints":{"allow":["GET"]}}],"collection":[{"href":"https:\/\/glassbottlewholesale.com\/es\/wp-json\/wp\/v2\/product"}],"about":[{"href":"https:\/\/glassbottlewholesale.com\/es\/wp-json\/wp\/v2\/types\/product"}],"replies":[{"embeddable":true,"href":"https:\/\/glassbottlewholesale.com\/es\/wp-json\/wp\/v2\/comments?post=511"}],"wp:featuredmedia":[{"embeddable":true,"href":"https:\/\/glassbottlewholesale.com\/es\/wp-json\/wp\/v2\/media\/2140"}],"wp:attachment":[{"href":"https:\/\/glassbottlewholesale.com\/es\/wp-json\/wp\/v2\/media?parent=511"}],"wp:term":[{"taxonomy":"product_brand","embeddable":true,"href":"https:\/\/glassbottlewholesale.com\/es\/wp-json\/wp\/v2\/product_brand?post=511"},{"taxonomy":"product_cat","embeddable":true,"href":"https:\/\/glassbottlewholesale.com\/es\/wp-json\/wp\/v2\/product_cat?post=511"},{"taxonomy":"product_tag","embeddable":true,"href":"https:\/\/glassbottlewholesale.com\/es\/wp-json\/wp\/v2\/product_tag?post=511"}],"curies":[{"name":"wp","href":"https:\/\/api.w.org\/{rel}","templated":true}]}}