{"id":517,"date":"2019-12-15T12:53:13","date_gmt":"2019-12-15T12:53:13","guid":{"rendered":"https:\/\/queenchingglass.com\/?post_type=product&#038;p=517"},"modified":"2025-07-10T02:30:09","modified_gmt":"2025-07-10T02:30:09","slug":"botellas-de-alcohol-de-700-ml-al-por-mayor","status":"publish","type":"product","link":"https:\/\/glassbottlewholesale.com\/es\/botellas-de-alcohol-de-700-ml-al-por-mayor\/","title":{"rendered":"RS049: botellas de alcohol de 700 ml al por mayor"},"content":{"rendered":"<div class=\"wpb-content-wrapper\"><div class=\"vc_row wpb_row vc_row-fluid\"><div class=\"wpb_column vc_column_container vc_col-sm-12\"><div class=\"vc_column-inner\"><div class=\"wpb_wrapper\">\n\t<div class=\"wpb_text_column wpb_content_element\" >\n\t\t<div class=\"wpb_wrapper\">\n\t\t\t<p>Ruisheng, uno de los mayores fabricantes de botellas de bebidas espirituosas vac\u00edas de China, ofrece botellas de bebidas espirituosas de vidrio de 700 ml al por mayor a empresas de bebidas espirituosas, fabricantes, mayoristas, bodegas, supermercados, tiendas, etc.<\/p>\n<p>Estas botellas de licor de vidrio de 700 ml con corchos adoptan material de vidrio de alta calidad, lo que hace que nuestra botella de vidrio sea m\u00e1s transparente, clara y no sea f\u00e1cil de romper. Por lo que es ampliamente utilizado en envases de licores, whisky, brandy, XO, ron, ginebra y otras bebidas alcoh\u00f3licas.<\/p>\n<h3>Detalles sobre botellas de alcohol de 700 ml al por mayor<\/h3>\n<ul>\n<li><strong>Marca:<\/strong>\u00a0RS<\/li>\n<li><strong>Capacidad:<\/strong>\u00a0700ml (personalizado)<\/li>\n<li><strong>Forma:\u00a0<\/strong>Botella de vidrio redonda, cuadrada, ovalada, curva, con forma de calavera y botella de licor de forma \u00fanica (servicio de botella de vidrio con forma personalizada disponible)<\/li>\n<li><strong>Color:<\/strong>\u00a0Transparente, Blanco, Negro, Gris, Verde, Azul, \u00c1mbar, etc.<\/li>\n<li><strong>Gorra:\u00a0<\/strong>Tap\u00f3n de rosca\/corcho\/tap\u00f3n de Guala\/tapones de botella de vidrio personalizados<\/li>\n<li><strong>Cantidad m\u00ednima de pedido:<\/strong>\u00a01\u00d740HQ(26.000-30.000 unidades de botellas de 700 ml)<\/li>\n<li><strong>Se puede ofrecer una muestra gratuita<\/strong><\/li>\n<\/ul>\n<p>Ruisheng tiene m\u00e1s de 20 l\u00edneas de fabricaci\u00f3n de botellas de vidrio con una producci\u00f3n diaria de 120.000 unidades. Vendemos botellas de vidrio de mini botellas de vidrio, como <a href=\"https:\/\/ruishengglassco.com\/50ml-liquor-glass-bottle-manufacturer\">botella de vidrio de 50ml<\/a>, hasta botellas de vidrio grandes, como botellas de licor de vidrio de 1 litro, <a href=\"https:\/\/ruishengglassco.com\/1500ml-liquor-glass-bottle-manufacturer\">botellas de vidrio de 1,5 litros<\/a>, Botellas de vidrio de 1,75 litros, O botella de vidrio de 2 L. Tambi\u00e9n aceptamos un servicio de botella de vidrio personalizado, w<span class=\"s1\">Ya sea que desee un estilo tradicional o algo un poco m\u00e1s moderno, Ruisheng ofrece todas las selecciones de botellas de alcohol que busca.<\/span><\/p>\n<p>Las botellas de bebidas espirituosas vac\u00edas de la serie RS para la venta se han exportado a EE. UU., Reino Unido, Australia, Canad\u00e1, Francia, Espa\u00f1a y muchos otros pa\u00edses. Si est\u00e1 satisfecho con esta botella de vidrio transparente, comun\u00edquese conmigo a tiempo. Si no te gusta, puedes mirar nuestras otras botellas. O te paso el cat\u00e1logo, puedes elegir lo que m\u00e1s te guste. Si est\u00e1 interesado en nuestras botellas herm\u00e9ticas de alcohol, p\u00f3ngase en contacto con nosotros. Le responderemos dentro de las 24 horas.<\/p>\n\n\t\t<\/div>\n\t<\/div>\n<\/div><\/div><\/div><\/div>\n<\/div>","protected":false},"excerpt":{"rendered":"<table class=\"tg\">\n<tbody>\n<tr>\n<th class=\"tg-24i8\" colspan=\"2\">Botellas de alcohol de vidrio de 700 ml<\/th>\n<\/tr>\n<tr>\n<td class=\"tg-b7b8\">Material principal:<\/td>\n<td class=\"tg-b7b8\">Vidrio alto de pedernal<\/td>\n<\/tr>\n<tr>\n<td class=\"tg-yw4l\">Gorra:<\/td>\n<td class=\"tg-yw4l\">Tap\u00f3n de rosca\/corcho\/tap\u00f3n de guala<\/td>\n<\/tr>\n<tr>\n<td class=\"tg-b7b8\">Capacidad:<\/td>\n<td class=\"tg-b7b8\">700ml<\/td>\n<\/tr>\n<tr>\n<td class=\"tg-yw4l\">Caracter\u00edstica:<\/td>\n<td class=\"tg-yw4l\">Respetuoso del medio ambiente<\/td>\n<\/tr>\n<tr>\n<td class=\"tg-b7b8\">Cantidad m\u00ednima de pedido:<\/td>\n<td class=\"tg-b7b8\">10000 piezas<\/td>\n<\/tr>\n<tr>\n<td class=\"tg-yw4l\">Origen del lugar:<\/td>\n<td class=\"tg-yw4l\">Shandong, China<\/td>\n<\/tr>\n<tr>\n<td class=\"tg-b7b8\">Piezas\/caja:<\/td>\n<td class=\"tg-b7b8\">24 piezas<\/td>\n<\/tr>\n<tr>\n<td class=\"tg-yw4l\">Referencia:<\/td>\n<td class=\"tg-yw4l\">RS-2016056<\/td>\n<\/tr>\n<\/tbody>\n<\/table>","protected":false},"featured_media":4378,"comment_status":"open","ping_status":"closed","template":"","meta":[],"product_brand":[],"product_cat":[51,63],"product_tag":[],"class_list":{"0":"post-517","1":"product","2":"type-product","3":"status-publish","4":"has-post-thumbnail","6":"product_cat-700ml-glass-bottle","7":"product_cat-liquor-bottle","8":"entry","9":"has-media","11":"first","12":"instock","13":"shipping-taxable","14":"product-type-simple"},"yoast_head":"<!-- This site is optimized with the Yoast SEO plugin v27.3 - https:\/\/yoast.com\/product\/yoast-seo-wordpress\/ -->\n<title>700ml Spirit Bottles Wholesale | Round Liquor Bottles Manufacturer<\/title>\n<meta name=\"description\" content=\"Ruisheng, One of the largest Empty Spirit Bottle Manufacturers in China, offer 700ml spirit bottles wholesale to Spirit companies,\" \/>\n<meta name=\"robots\" content=\"index, follow, max-snippet:-1, max-image-preview:large, max-video-preview:-1\" \/>\n<link rel=\"canonical\" href=\"https:\/\/ruishengglassco.com\/product\/rs049700ml-spirit-bottles-wholesale\" \/>\n<meta property=\"og:locale\" content=\"es_ES\" \/>\n<meta property=\"og:type\" content=\"article\" \/>\n<meta property=\"og:title\" content=\"700ml Spirit Bottles Wholesale | Round Liquor Bottles Manufacturer\" \/>\n<meta property=\"og:description\" content=\"Ruisheng, One of the largest Empty Spirit Bottle Manufacturers in China, offer 700ml spirit bottles wholesale to Spirit companies,\" \/>\n<meta property=\"og:url\" content=\"https:\/\/ruishengglassco.com\/product\/rs049700ml-spirit-bottles-wholesale\" \/>\n<meta property=\"og:site_name\" content=\"Glass Bottle Wholesale\" \/>\n<meta property=\"article:modified_time\" content=\"2025-07-10T02:30:09+00:00\" \/>\n<meta property=\"og:image\" content=\"https:\/\/glassbottlewholesale.com\/wp-content\/uploads\/2023\/12\/700ml-Spirit-Bottles-Wholesale-1.jpg\" \/>\n\t<meta property=\"og:image:width\" content=\"800\" \/>\n\t<meta property=\"og:image:height\" content=\"800\" \/>\n\t<meta property=\"og:image:type\" content=\"image\/jpeg\" \/>\n<meta name=\"twitter:card\" content=\"summary_large_image\" \/>\n<meta name=\"twitter:label1\" content=\"Tiempo de lectura\" \/>\n\t<meta name=\"twitter:data1\" content=\"2 minutos\" \/>\n<script type=\"application\/ld+json\" class=\"yoast-schema-graph\">{\"@context\":\"https:\\\/\\\/schema.org\",\"@graph\":[{\"@type\":\"WebPage\",\"@id\":\"https:\\\/\\\/glassbottlewholesale.com\\\/700ml-spirit-bottles-wholesale\\\/\",\"url\":\"https:\\\/\\\/ruishengglassco.com\\\/product\\\/rs049700ml-spirit-bottles-wholesale\",\"name\":\"700ml Spirit Bottles Wholesale | Round Liquor Bottles Manufacturer\",\"isPartOf\":{\"@id\":\"https:\\\/\\\/glassbottlewholesale.com\\\/#website\"},\"primaryImageOfPage\":{\"@id\":\"https:\\\/\\\/ruishengglassco.com\\\/product\\\/rs049700ml-spirit-bottles-wholesale#primaryimage\"},\"image\":{\"@id\":\"https:\\\/\\\/ruishengglassco.com\\\/product\\\/rs049700ml-spirit-bottles-wholesale#primaryimage\"},\"thumbnailUrl\":\"https:\\\/\\\/glassbottlewholesale.com\\\/wp-content\\\/uploads\\\/2023\\\/12\\\/700ml-Spirit-Bottles-Wholesale-1.jpg\",\"datePublished\":\"2019-12-15T12:53:13+00:00\",\"dateModified\":\"2025-07-10T02:30:09+00:00\",\"description\":\"Ruisheng, One of the largest Empty Spirit Bottle Manufacturers in China, offer 700ml spirit bottles wholesale to Spirit companies,\",\"breadcrumb\":{\"@id\":\"https:\\\/\\\/ruishengglassco.com\\\/product\\\/rs049700ml-spirit-bottles-wholesale#breadcrumb\"},\"inLanguage\":\"es\",\"potentialAction\":[{\"@type\":\"ReadAction\",\"target\":[\"https:\\\/\\\/ruishengglassco.com\\\/product\\\/rs049700ml-spirit-bottles-wholesale\"]}]},{\"@type\":\"ImageObject\",\"inLanguage\":\"es\",\"@id\":\"https:\\\/\\\/ruishengglassco.com\\\/product\\\/rs049700ml-spirit-bottles-wholesale#primaryimage\",\"url\":\"https:\\\/\\\/glassbottlewholesale.com\\\/wp-content\\\/uploads\\\/2023\\\/12\\\/700ml-Spirit-Bottles-Wholesale-1.jpg\",\"contentUrl\":\"https:\\\/\\\/glassbottlewholesale.com\\\/wp-content\\\/uploads\\\/2023\\\/12\\\/700ml-Spirit-Bottles-Wholesale-1.jpg\",\"width\":800,\"height\":800,\"caption\":\"700ml Spirit Bottles Wholesale\"},{\"@type\":\"BreadcrumbList\",\"@id\":\"https:\\\/\\\/ruishengglassco.com\\\/product\\\/rs049700ml-spirit-bottles-wholesale#breadcrumb\",\"itemListElement\":[{\"@type\":\"ListItem\",\"position\":1,\"name\":\"Home\",\"item\":\"https:\\\/\\\/glassbottlewholesale.com\\\/\"},{\"@type\":\"ListItem\",\"position\":2,\"name\":\"Products\",\"item\":\"https:\\\/\\\/glassbottlewholesale.com\\\/shop\\\/\"},{\"@type\":\"ListItem\",\"position\":3,\"name\":\"RS049:700ml Spirit Bottles Wholesale\"}]},{\"@type\":\"WebSite\",\"@id\":\"https:\\\/\\\/glassbottlewholesale.com\\\/#website\",\"url\":\"https:\\\/\\\/glassbottlewholesale.com\\\/\",\"name\":\"Glass Bottle Wholesale\",\"description\":\"\",\"publisher\":{\"@id\":\"https:\\\/\\\/glassbottlewholesale.com\\\/#organization\"},\"potentialAction\":[{\"@type\":\"SearchAction\",\"target\":{\"@type\":\"EntryPoint\",\"urlTemplate\":\"https:\\\/\\\/glassbottlewholesale.com\\\/?s={search_term_string}\"},\"query-input\":{\"@type\":\"PropertyValueSpecification\",\"valueRequired\":true,\"valueName\":\"search_term_string\"}}],\"inLanguage\":\"es\"},{\"@type\":\"Organization\",\"@id\":\"https:\\\/\\\/glassbottlewholesale.com\\\/#organization\",\"name\":\"Glass Bottle Wholesale\",\"url\":\"https:\\\/\\\/glassbottlewholesale.com\\\/\",\"logo\":{\"@type\":\"ImageObject\",\"inLanguage\":\"es\",\"@id\":\"https:\\\/\\\/glassbottlewholesale.com\\\/#\\\/schema\\\/logo\\\/image\\\/\",\"url\":\"https:\\\/\\\/glassbottlewholesale.com\\\/wp-content\\\/uploads\\\/2023\\\/12\\\/ruisheng-logo.webp\",\"contentUrl\":\"https:\\\/\\\/glassbottlewholesale.com\\\/wp-content\\\/uploads\\\/2023\\\/12\\\/ruisheng-logo.webp\",\"width\":400,\"height\":233,\"caption\":\"Glass Bottle Wholesale\"},\"image\":{\"@id\":\"https:\\\/\\\/glassbottlewholesale.com\\\/#\\\/schema\\\/logo\\\/image\\\/\"}}]}<\/script>\n<!-- \/ Yoast SEO plugin. -->","yoast_head_json":{"title":"Botellas de alcohol de 700 ml al por mayor | Fabricante de botellas de licor redondas","description":"Ruisheng, uno de los mayores fabricantes de botellas de bebidas espirituosas vac\u00edas de China, ofrece botellas de bebidas espirituosas de 700 ml al por mayor a empresas de bebidas espirituosas.","robots":{"index":"index","follow":"follow","max-snippet":"max-snippet:-1","max-image-preview":"max-image-preview:large","max-video-preview":"max-video-preview:-1"},"canonical":"https:\/\/ruishengglassco.com\/product\/rs049700ml-spirit-bottles-wholesale","og_locale":"es_ES","og_type":"article","og_title":"700ml Spirit Bottles Wholesale | Round Liquor Bottles Manufacturer","og_description":"Ruisheng, One of the largest Empty Spirit Bottle Manufacturers in China, offer 700ml spirit bottles wholesale to Spirit companies,","og_url":"https:\/\/ruishengglassco.com\/product\/rs049700ml-spirit-bottles-wholesale","og_site_name":"Glass Bottle Wholesale","article_modified_time":"2025-07-10T02:30:09+00:00","og_image":[{"width":800,"height":800,"url":"https:\/\/glassbottlewholesale.com\/wp-content\/uploads\/2023\/12\/700ml-Spirit-Bottles-Wholesale-1.jpg","type":"image\/jpeg"}],"twitter_card":"summary_large_image","twitter_misc":{"Tiempo de lectura":"2 minutos"},"schema":{"@context":"https:\/\/schema.org","@graph":[{"@type":"WebPage","@id":"https:\/\/glassbottlewholesale.com\/700ml-spirit-bottles-wholesale\/","url":"https:\/\/ruishengglassco.com\/product\/rs049700ml-spirit-bottles-wholesale","name":"Botellas de alcohol de 700 ml al por mayor | Fabricante de botellas de licor redondas","isPartOf":{"@id":"https:\/\/glassbottlewholesale.com\/#website"},"primaryImageOfPage":{"@id":"https:\/\/ruishengglassco.com\/product\/rs049700ml-spirit-bottles-wholesale#primaryimage"},"image":{"@id":"https:\/\/ruishengglassco.com\/product\/rs049700ml-spirit-bottles-wholesale#primaryimage"},"thumbnailUrl":"https:\/\/glassbottlewholesale.com\/wp-content\/uploads\/2023\/12\/700ml-Spirit-Bottles-Wholesale-1.jpg","datePublished":"2019-12-15T12:53:13+00:00","dateModified":"2025-07-10T02:30:09+00:00","description":"Ruisheng, uno de los mayores fabricantes de botellas de bebidas espirituosas vac\u00edas de China, ofrece botellas de bebidas espirituosas de 700 ml al por mayor a empresas de bebidas espirituosas.","breadcrumb":{"@id":"https:\/\/ruishengglassco.com\/product\/rs049700ml-spirit-bottles-wholesale#breadcrumb"},"inLanguage":"es","potentialAction":[{"@type":"ReadAction","target":["https:\/\/ruishengglassco.com\/product\/rs049700ml-spirit-bottles-wholesale"]}]},{"@type":"ImageObject","inLanguage":"es","@id":"https:\/\/ruishengglassco.com\/product\/rs049700ml-spirit-bottles-wholesale#primaryimage","url":"https:\/\/glassbottlewholesale.com\/wp-content\/uploads\/2023\/12\/700ml-Spirit-Bottles-Wholesale-1.jpg","contentUrl":"https:\/\/glassbottlewholesale.com\/wp-content\/uploads\/2023\/12\/700ml-Spirit-Bottles-Wholesale-1.jpg","width":800,"height":800,"caption":"700ml Spirit Bottles Wholesale"},{"@type":"BreadcrumbList","@id":"https:\/\/ruishengglassco.com\/product\/rs049700ml-spirit-bottles-wholesale#breadcrumb","itemListElement":[{"@type":"ListItem","position":1,"name":"Home","item":"https:\/\/glassbottlewholesale.com\/"},{"@type":"ListItem","position":2,"name":"Products","item":"https:\/\/glassbottlewholesale.com\/shop\/"},{"@type":"ListItem","position":3,"name":"RS049:700ml Spirit Bottles Wholesale"}]},{"@type":"WebSite","@id":"https:\/\/glassbottlewholesale.com\/#website","url":"https:\/\/glassbottlewholesale.com\/","name":"Glass Bottle Wholesale","description":"","publisher":{"@id":"https:\/\/glassbottlewholesale.com\/#organization"},"potentialAction":[{"@type":"SearchAction","target":{"@type":"EntryPoint","urlTemplate":"https:\/\/glassbottlewholesale.com\/?s={search_term_string}"},"query-input":{"@type":"PropertyValueSpecification","valueRequired":true,"valueName":"search_term_string"}}],"inLanguage":"es"},{"@type":"Organization","@id":"https:\/\/glassbottlewholesale.com\/#organization","name":"Glass Bottle Wholesale","url":"https:\/\/glassbottlewholesale.com\/","logo":{"@type":"ImageObject","inLanguage":"es","@id":"https:\/\/glassbottlewholesale.com\/#\/schema\/logo\/image\/","url":"https:\/\/glassbottlewholesale.com\/wp-content\/uploads\/2023\/12\/ruisheng-logo.webp","contentUrl":"https:\/\/glassbottlewholesale.com\/wp-content\/uploads\/2023\/12\/ruisheng-logo.webp","width":400,"height":233,"caption":"Glass Bottle Wholesale"},"image":{"@id":"https:\/\/glassbottlewholesale.com\/#\/schema\/logo\/image\/"}}]}},"_links":{"self":[{"href":"https:\/\/glassbottlewholesale.com\/es\/wp-json\/wp\/v2\/product\/517","targetHints":{"allow":["GET"]}}],"collection":[{"href":"https:\/\/glassbottlewholesale.com\/es\/wp-json\/wp\/v2\/product"}],"about":[{"href":"https:\/\/glassbottlewholesale.com\/es\/wp-json\/wp\/v2\/types\/product"}],"replies":[{"embeddable":true,"href":"https:\/\/glassbottlewholesale.com\/es\/wp-json\/wp\/v2\/comments?post=517"}],"wp:featuredmedia":[{"embeddable":true,"href":"https:\/\/glassbottlewholesale.com\/es\/wp-json\/wp\/v2\/media\/4378"}],"wp:attachment":[{"href":"https:\/\/glassbottlewholesale.com\/es\/wp-json\/wp\/v2\/media?parent=517"}],"wp:term":[{"taxonomy":"product_brand","embeddable":true,"href":"https:\/\/glassbottlewholesale.com\/es\/wp-json\/wp\/v2\/product_brand?post=517"},{"taxonomy":"product_cat","embeddable":true,"href":"https:\/\/glassbottlewholesale.com\/es\/wp-json\/wp\/v2\/product_cat?post=517"},{"taxonomy":"product_tag","embeddable":true,"href":"https:\/\/glassbottlewholesale.com\/es\/wp-json\/wp\/v2\/product_tag?post=517"}],"curies":[{"name":"wp","href":"https:\/\/api.w.org\/{rel}","templated":true}]}}