{"id":519,"date":"2019-10-15T12:54:26","date_gmt":"2019-10-15T12:54:26","guid":{"rendered":"https:\/\/queenchingglass.com\/?post_type=product&#038;p=519"},"modified":"2024-04-19T08:04:33","modified_gmt":"2024-04-19T08:04:33","slug":"700ml-clear-gin-bottle-with-cork","status":"publish","type":"product","link":"https:\/\/glassbottlewholesale.com\/es\/700ml-clear-gin-bottle-with-cork\/","title":{"rendered":"RS095: Mayorista Botellas de Ginebra Transparentes de 700ml con Corchos"},"content":{"rendered":"<p>Botella de ginebra transparente 700ml al por mayor es uno de nuestros mejores proyectos, hemos exportado a muchas \u00e1reas y recibido elogios un\u00e1nimes. Como fabricante profesional de botellas de licor, podemos garantizar que podemos hacer botellas de vidrio l\u00edquido de alta calidad.<\/p>\n<p>Acerca de la botella de ginebra transparente de 700 ml, la forma de esta botella es redonda, y se puede utilizar en vodka, brandy, xo, whisky y as\u00ed sucesivamente.<\/p>\n<h4>Botella de ginebra transparente de 700 ml al por mayor<\/h4>\n<p>La informaci\u00f3n sobre la botella de vidrio es la siguiente:<\/p>\n<ul>\n<li>Material principal: vidrio s\u00faper flint<\/li>\n<li>Tap\u00f3n: corcho<\/li>\n<li>Referencia: RS095<\/li>\n<li>Cantidad m\u00ednima de pedido: 10000 unidades<\/li>\n<li>Capacidad: 700ml<\/li>\n<li>Piezas\/caja: 24 piezas<\/li>\n<li>Origen del lugar: Shandong, China<\/li>\n<li>Caracter\u00edstica: Respetuoso del medio ambiente<\/li>\n<\/ul>\n<p>Nuestra empresa cuenta con m\u00e1s de 500 trabajadores, y tienen mucha experiencia de trabajo para la fabricaci\u00f3n de botellas de vidrio. Tambi\u00e9n tenemos inspectores de calidad muy profesionales, podemos asegurar que cada botella de vidrio pasa por una estricta inspecci\u00f3n de calidad. Adem\u00e1s, nuestro embalaje est\u00e1 en estricta conformidad con la norma nacional.<\/p>\n<p>La botella de ginebra transparente de 700 ml con tap\u00f3n de corcho es el principal producto de nuestra empresa, por lo que estamos muy seguros de que podemos hacerle bueno.<\/p>\n<p>Sobre todo, podemos hacer un procesamiento profundo con la botella de vidrio, como impresi\u00f3n, estampado en caliente, glaseado y as\u00ed sucesivamente. Cualquier color que desee, podemos hacerlo.<\/p>\n<p>Si desea visitar nuestra f\u00e1brica, siempre ser\u00e1 bienvenido. Organizaremos personal especial para recibirle en el aeropuerto, tambi\u00e9n disponemos de personal especializado para mostrarle la f\u00e1brica.<\/p>\n<p>Tambi\u00e9n producimos otros tipos de botellas de vidrio personalizadas, tenemos botellas de todos los sizes.we puede producir muchos tipos de formas de la botella de vidrio de agua. Si desea personalizar la botella, tambi\u00e9n podemos hacerlo, s\u00f3lo nos da dibujo, podemos producir el mismo.<\/p>\n<p>Esperamos que pueda gustarle esta botella de vidrio de brandy y hacer un pedido. Y la bienvenida a visitar nuestra f\u00e1brica.<\/p>\n<p>Si desea comprar una botella de ginebra transparente de 700 ml al por mayor o comprar botellines de ginebra con corcho a granel para su venta, p\u00f3ngase en contacto con nosotros. Le responderemos en 24 horas.<\/p>","protected":false},"excerpt":{"rendered":"<p>About the700ml clear gin bottle, this bottle&#8217;s shape is round, and it can be used in vodka, brandy, xo,whiskey and so on.<\/p>","protected":false},"featured_media":4790,"comment_status":"open","ping_status":"closed","template":"","meta":[],"product_brand":[],"product_cat":[51,64],"product_tag":[],"class_list":{"0":"post-519","1":"product","2":"type-product","3":"status-publish","4":"has-post-thumbnail","6":"product_cat-700ml-glass-bottle","7":"product_cat-gin-bottle","8":"entry","9":"has-media","11":"first","12":"instock","13":"shipping-taxable","14":"product-type-simple"},"yoast_head":"<!-- This site is optimized with the Yoast SEO plugin v27.3 - https:\/\/yoast.com\/product\/yoast-seo-wordpress\/ -->\n<title>700ml Clear Gin Bottle Wholesale | Bulk Gin Bottle With Cork For Sale<\/title>\n<meta name=\"description\" content=\"Buy 700ml Clear Gin Bottle Wholesale From China Ruisheng Glass Bottle Manufacturer. Factory Ouelt&amp;Cheap Price. Buy Bulk Gin Bottle With Cork For Sale Now\" \/>\n<meta name=\"robots\" content=\"index, follow, max-snippet:-1, max-image-preview:large, max-video-preview:-1\" \/>\n<link rel=\"canonical\" href=\"https:\/\/ruishengglassco.com\/product\/rs095-wholesale-700ml-clear-gin-bottles-with-corks\" \/>\n<meta property=\"og:locale\" content=\"es_ES\" \/>\n<meta property=\"og:type\" content=\"article\" \/>\n<meta property=\"og:title\" content=\"700ml Clear Gin Bottle Wholesale | Bulk Gin Bottle With Cork For Sale\" \/>\n<meta property=\"og:description\" content=\"Buy 700ml Clear Gin Bottle Wholesale From China Ruisheng Glass Bottle Manufacturer. Factory Ouelt&amp;Cheap Price. Buy Bulk Gin Bottle With Cork For Sale Now\" \/>\n<meta property=\"og:url\" content=\"https:\/\/ruishengglassco.com\/product\/rs095-wholesale-700ml-clear-gin-bottles-with-corks\" \/>\n<meta property=\"og:site_name\" content=\"Glass Bottle Wholesale\" \/>\n<meta property=\"article:modified_time\" content=\"2024-04-19T08:04:33+00:00\" \/>\n<meta property=\"og:image\" content=\"https:\/\/glassbottlewholesale.com\/wp-content\/uploads\/2024\/04\/glass-bottle-manufacturing-42.png\" \/>\n\t<meta property=\"og:image:width\" content=\"800\" \/>\n\t<meta property=\"og:image:height\" content=\"800\" \/>\n\t<meta property=\"og:image:type\" content=\"image\/png\" \/>\n<meta name=\"twitter:card\" content=\"summary_large_image\" \/>\n<meta name=\"twitter:label1\" content=\"Tiempo de lectura\" \/>\n\t<meta name=\"twitter:data1\" content=\"2 minutos\" \/>\n<script type=\"application\/ld+json\" class=\"yoast-schema-graph\">{\"@context\":\"https:\\\/\\\/schema.org\",\"@graph\":[{\"@type\":\"WebPage\",\"@id\":\"https:\\\/\\\/glassbottlewholesale.com\\\/700ml-clear-gin-bottle-with-cork\\\/\",\"url\":\"https:\\\/\\\/ruishengglassco.com\\\/product\\\/rs095-wholesale-700ml-clear-gin-bottles-with-corks\",\"name\":\"700ml Clear Gin Bottle Wholesale | Bulk Gin Bottle With Cork For Sale\",\"isPartOf\":{\"@id\":\"https:\\\/\\\/glassbottlewholesale.com\\\/#website\"},\"primaryImageOfPage\":{\"@id\":\"https:\\\/\\\/ruishengglassco.com\\\/product\\\/rs095-wholesale-700ml-clear-gin-bottles-with-corks#primaryimage\"},\"image\":{\"@id\":\"https:\\\/\\\/ruishengglassco.com\\\/product\\\/rs095-wholesale-700ml-clear-gin-bottles-with-corks#primaryimage\"},\"thumbnailUrl\":\"https:\\\/\\\/glassbottlewholesale.com\\\/wp-content\\\/uploads\\\/2024\\\/04\\\/glass-bottle-manufacturing-42.png\",\"datePublished\":\"2019-10-15T12:54:26+00:00\",\"dateModified\":\"2024-04-19T08:04:33+00:00\",\"description\":\"Buy 700ml Clear Gin Bottle Wholesale From China Ruisheng Glass Bottle Manufacturer. Factory Ouelt&Cheap Price. Buy Bulk Gin Bottle With Cork For Sale Now\",\"breadcrumb\":{\"@id\":\"https:\\\/\\\/ruishengglassco.com\\\/product\\\/rs095-wholesale-700ml-clear-gin-bottles-with-corks#breadcrumb\"},\"inLanguage\":\"es\",\"potentialAction\":[{\"@type\":\"ReadAction\",\"target\":[\"https:\\\/\\\/ruishengglassco.com\\\/product\\\/rs095-wholesale-700ml-clear-gin-bottles-with-corks\"]}]},{\"@type\":\"ImageObject\",\"inLanguage\":\"es\",\"@id\":\"https:\\\/\\\/ruishengglassco.com\\\/product\\\/rs095-wholesale-700ml-clear-gin-bottles-with-corks#primaryimage\",\"url\":\"https:\\\/\\\/glassbottlewholesale.com\\\/wp-content\\\/uploads\\\/2024\\\/04\\\/glass-bottle-manufacturing-42.png\",\"contentUrl\":\"https:\\\/\\\/glassbottlewholesale.com\\\/wp-content\\\/uploads\\\/2024\\\/04\\\/glass-bottle-manufacturing-42.png\",\"width\":800,\"height\":800,\"caption\":\"RS095: Wholesale 700ml Clear Gin Bottles With Corks\"},{\"@type\":\"BreadcrumbList\",\"@id\":\"https:\\\/\\\/ruishengglassco.com\\\/product\\\/rs095-wholesale-700ml-clear-gin-bottles-with-corks#breadcrumb\",\"itemListElement\":[{\"@type\":\"ListItem\",\"position\":1,\"name\":\"Home\",\"item\":\"https:\\\/\\\/glassbottlewholesale.com\\\/\"},{\"@type\":\"ListItem\",\"position\":2,\"name\":\"Products\",\"item\":\"https:\\\/\\\/glassbottlewholesale.com\\\/shop\\\/\"},{\"@type\":\"ListItem\",\"position\":3,\"name\":\"RS095: Wholesale 700ml Clear Gin Bottles With Corks\"}]},{\"@type\":\"WebSite\",\"@id\":\"https:\\\/\\\/glassbottlewholesale.com\\\/#website\",\"url\":\"https:\\\/\\\/glassbottlewholesale.com\\\/\",\"name\":\"Glass Bottle Wholesale\",\"description\":\"\",\"publisher\":{\"@id\":\"https:\\\/\\\/glassbottlewholesale.com\\\/#organization\"},\"potentialAction\":[{\"@type\":\"SearchAction\",\"target\":{\"@type\":\"EntryPoint\",\"urlTemplate\":\"https:\\\/\\\/glassbottlewholesale.com\\\/?s={search_term_string}\"},\"query-input\":{\"@type\":\"PropertyValueSpecification\",\"valueRequired\":true,\"valueName\":\"search_term_string\"}}],\"inLanguage\":\"es\"},{\"@type\":\"Organization\",\"@id\":\"https:\\\/\\\/glassbottlewholesale.com\\\/#organization\",\"name\":\"Glass Bottle Wholesale\",\"url\":\"https:\\\/\\\/glassbottlewholesale.com\\\/\",\"logo\":{\"@type\":\"ImageObject\",\"inLanguage\":\"es\",\"@id\":\"https:\\\/\\\/glassbottlewholesale.com\\\/#\\\/schema\\\/logo\\\/image\\\/\",\"url\":\"https:\\\/\\\/glassbottlewholesale.com\\\/wp-content\\\/uploads\\\/2023\\\/12\\\/ruisheng-logo.webp\",\"contentUrl\":\"https:\\\/\\\/glassbottlewholesale.com\\\/wp-content\\\/uploads\\\/2023\\\/12\\\/ruisheng-logo.webp\",\"width\":400,\"height\":233,\"caption\":\"Glass Bottle Wholesale\"},\"image\":{\"@id\":\"https:\\\/\\\/glassbottlewholesale.com\\\/#\\\/schema\\\/logo\\\/image\\\/\"}}]}<\/script>\n<!-- \/ Yoast SEO plugin. -->","yoast_head_json":{"title":"700ml Clear Gin Bottle Wholesale | Bulk Gin Bottle With Cork For Sale","description":"Buy 700ml Clear Gin Bottle Wholesale From China Ruisheng Glass Bottle Manufacturer. Factory Ouelt&Cheap Price. Buy Bulk Gin Bottle With Cork For Sale Now","robots":{"index":"index","follow":"follow","max-snippet":"max-snippet:-1","max-image-preview":"max-image-preview:large","max-video-preview":"max-video-preview:-1"},"canonical":"https:\/\/ruishengglassco.com\/product\/rs095-wholesale-700ml-clear-gin-bottles-with-corks","og_locale":"es_ES","og_type":"article","og_title":"700ml Clear Gin Bottle Wholesale | Bulk Gin Bottle With Cork For Sale","og_description":"Buy 700ml Clear Gin Bottle Wholesale From China Ruisheng Glass Bottle Manufacturer. Factory Ouelt&Cheap Price. Buy Bulk Gin Bottle With Cork For Sale Now","og_url":"https:\/\/ruishengglassco.com\/product\/rs095-wholesale-700ml-clear-gin-bottles-with-corks","og_site_name":"Glass Bottle Wholesale","article_modified_time":"2024-04-19T08:04:33+00:00","og_image":[{"width":800,"height":800,"url":"https:\/\/glassbottlewholesale.com\/wp-content\/uploads\/2024\/04\/glass-bottle-manufacturing-42.png","type":"image\/png"}],"twitter_card":"summary_large_image","twitter_misc":{"Tiempo de lectura":"2 minutos"},"schema":{"@context":"https:\/\/schema.org","@graph":[{"@type":"WebPage","@id":"https:\/\/glassbottlewholesale.com\/700ml-clear-gin-bottle-with-cork\/","url":"https:\/\/ruishengglassco.com\/product\/rs095-wholesale-700ml-clear-gin-bottles-with-corks","name":"700ml Clear Gin Bottle Wholesale | Bulk Gin Bottle With Cork For Sale","isPartOf":{"@id":"https:\/\/glassbottlewholesale.com\/#website"},"primaryImageOfPage":{"@id":"https:\/\/ruishengglassco.com\/product\/rs095-wholesale-700ml-clear-gin-bottles-with-corks#primaryimage"},"image":{"@id":"https:\/\/ruishengglassco.com\/product\/rs095-wholesale-700ml-clear-gin-bottles-with-corks#primaryimage"},"thumbnailUrl":"https:\/\/glassbottlewholesale.com\/wp-content\/uploads\/2024\/04\/glass-bottle-manufacturing-42.png","datePublished":"2019-10-15T12:54:26+00:00","dateModified":"2024-04-19T08:04:33+00:00","description":"Buy 700ml Clear Gin Bottle Wholesale From China Ruisheng Glass Bottle Manufacturer. Factory Ouelt&Cheap Price. Buy Bulk Gin Bottle With Cork For Sale Now","breadcrumb":{"@id":"https:\/\/ruishengglassco.com\/product\/rs095-wholesale-700ml-clear-gin-bottles-with-corks#breadcrumb"},"inLanguage":"es","potentialAction":[{"@type":"ReadAction","target":["https:\/\/ruishengglassco.com\/product\/rs095-wholesale-700ml-clear-gin-bottles-with-corks"]}]},{"@type":"ImageObject","inLanguage":"es","@id":"https:\/\/ruishengglassco.com\/product\/rs095-wholesale-700ml-clear-gin-bottles-with-corks#primaryimage","url":"https:\/\/glassbottlewholesale.com\/wp-content\/uploads\/2024\/04\/glass-bottle-manufacturing-42.png","contentUrl":"https:\/\/glassbottlewholesale.com\/wp-content\/uploads\/2024\/04\/glass-bottle-manufacturing-42.png","width":800,"height":800,"caption":"RS095: Wholesale 700ml Clear Gin Bottles With Corks"},{"@type":"BreadcrumbList","@id":"https:\/\/ruishengglassco.com\/product\/rs095-wholesale-700ml-clear-gin-bottles-with-corks#breadcrumb","itemListElement":[{"@type":"ListItem","position":1,"name":"Home","item":"https:\/\/glassbottlewholesale.com\/"},{"@type":"ListItem","position":2,"name":"Products","item":"https:\/\/glassbottlewholesale.com\/shop\/"},{"@type":"ListItem","position":3,"name":"RS095: Wholesale 700ml Clear Gin Bottles With Corks"}]},{"@type":"WebSite","@id":"https:\/\/glassbottlewholesale.com\/#website","url":"https:\/\/glassbottlewholesale.com\/","name":"Glass Bottle Wholesale","description":"","publisher":{"@id":"https:\/\/glassbottlewholesale.com\/#organization"},"potentialAction":[{"@type":"SearchAction","target":{"@type":"EntryPoint","urlTemplate":"https:\/\/glassbottlewholesale.com\/?s={search_term_string}"},"query-input":{"@type":"PropertyValueSpecification","valueRequired":true,"valueName":"search_term_string"}}],"inLanguage":"es"},{"@type":"Organization","@id":"https:\/\/glassbottlewholesale.com\/#organization","name":"Glass Bottle Wholesale","url":"https:\/\/glassbottlewholesale.com\/","logo":{"@type":"ImageObject","inLanguage":"es","@id":"https:\/\/glassbottlewholesale.com\/#\/schema\/logo\/image\/","url":"https:\/\/glassbottlewholesale.com\/wp-content\/uploads\/2023\/12\/ruisheng-logo.webp","contentUrl":"https:\/\/glassbottlewholesale.com\/wp-content\/uploads\/2023\/12\/ruisheng-logo.webp","width":400,"height":233,"caption":"Glass Bottle Wholesale"},"image":{"@id":"https:\/\/glassbottlewholesale.com\/#\/schema\/logo\/image\/"}}]}},"_links":{"self":[{"href":"https:\/\/glassbottlewholesale.com\/es\/wp-json\/wp\/v2\/product\/519","targetHints":{"allow":["GET"]}}],"collection":[{"href":"https:\/\/glassbottlewholesale.com\/es\/wp-json\/wp\/v2\/product"}],"about":[{"href":"https:\/\/glassbottlewholesale.com\/es\/wp-json\/wp\/v2\/types\/product"}],"replies":[{"embeddable":true,"href":"https:\/\/glassbottlewholesale.com\/es\/wp-json\/wp\/v2\/comments?post=519"}],"wp:featuredmedia":[{"embeddable":true,"href":"https:\/\/glassbottlewholesale.com\/es\/wp-json\/wp\/v2\/media\/4790"}],"wp:attachment":[{"href":"https:\/\/glassbottlewholesale.com\/es\/wp-json\/wp\/v2\/media?parent=519"}],"wp:term":[{"taxonomy":"product_brand","embeddable":true,"href":"https:\/\/glassbottlewholesale.com\/es\/wp-json\/wp\/v2\/product_brand?post=519"},{"taxonomy":"product_cat","embeddable":true,"href":"https:\/\/glassbottlewholesale.com\/es\/wp-json\/wp\/v2\/product_cat?post=519"},{"taxonomy":"product_tag","embeddable":true,"href":"https:\/\/glassbottlewholesale.com\/es\/wp-json\/wp\/v2\/product_tag?post=519"}],"curies":[{"name":"wp","href":"https:\/\/api.w.org\/{rel}","templated":true}]}}