{"id":523,"date":"2019-10-15T13:01:17","date_gmt":"2019-10-15T13:01:17","guid":{"rendered":"https:\/\/queenchingglass.com\/?post_type=product&#038;p=523"},"modified":"2025-07-10T01:29:28","modified_gmt":"2025-07-10T01:29:28","slug":"750ml-tequila-skull-bottles-wholesale","status":"publish","type":"product","link":"https:\/\/glassbottlewholesale.com\/es\/750ml-tequila-skull-bottles-wholesale\/","title":{"rendered":"RS094: Botellas de Calavera de Tequila de 750 ml al por mayor"},"content":{"rendered":"<div class=\"wpb-content-wrapper\"><div class=\"vc_row wpb_row vc_row-fluid\"><div class=\"wpb_column vc_column_container vc_col-sm-12\"><div class=\"vc_column-inner\"><div class=\"wpb_wrapper\">\n\t<div class=\"wpb_text_column wpb_content_element\" >\n\t\t<div class=\"wpb_wrapper\">\n\t\t\t<p>750ml tequila skull bottles wholesale or tequila skull decanter is made in Ruisheng Glass Bottle, one of the biggest\u00a0<a href=\"https:\/\/ruishengglassco.com\/\">China glass bottle manufacturers and suppliers<\/a>.<\/p>\n<p>These tequila bottles adopt high flint glass bottle material which makes glass bottle more transparent, clear and smooth. Our company owns different capacity skull liquor bottle tequila, such as 750ml, 700ml, 100ml and etc. Different color can be chosen available: white, black, blue, green, purple, transparent and etc. A custom<a href=\"https:\/\/ruishengglassco.com\/\">\u00a0botella de vidrio<\/a>\u00a0service will be offered.<\/p>\n<p>With rich experience, we have got a good reputation all over the world.\u00a0 Our Kah tequila bottles have been exported to the USA,\u00a0 UK, Australia, France, South Africa, and many other countries, gaining a good reputation from our customers.<\/p>\n<p><b>About Tequila Skull Bottles Wholesale<\/b><\/p>\n<ul>\n<li>Name: 750ml Tequila Skull Bottle<\/li>\n<li>Origen del lugar: Shandong, China<\/li>\n<li>Material principal: Vidrio de alto s\u00edlex<\/li>\n<li>Cap: Cork, Screw cap<\/li>\n<li><strong>Cantidad m\u00ednima de pedido: 10000 unidades<\/strong><\/li>\n<li>Capacidad: 750ml<\/li>\n<li>Piezas\/caja: 24 piezas<\/li>\n<li>Caracter\u00edstica: Respetuoso del medio ambiente<\/li>\n<\/ul>\n<p>Besides this 750ml crystal skull tequila bottle, we also provide different capacity empty glass bottles for liquor, vermouth, vodka, whiskey, brandy, rum, gin, and other spirits.<\/p>\n<p>Si est\u00e1 satisfecho con esta botella de vidrio transparente, p\u00f3ngase en contacto conmigo a tiempo. Si no te gusta, puedes mirar nuestras otras botellas. O le dar\u00e9 el cat\u00e1logo, usted puede elegir lo que te gusta. Si est\u00e1 interesado en nuestras botellas herm\u00e9ticas de alcohol, p\u00f3ngase en contacto con nosotros. Le responderemos en un plazo de 24 horas.<\/p>\n\n\t\t<\/div>\n\t<\/div>\n<\/div><\/div><\/div><\/div>\n<\/div>","protected":false},"excerpt":{"rendered":"<table>\n<colgroup>\n<col \/>\n<col \/><\/colgroup>\n<tbody>\n<tr>\n<th colspan=\"2\">750ml Tequila Skull Bottles Wholesale<\/th>\n<\/tr>\n<tr>\n<td>Material principal:<\/td>\n<td>Vidrio alto de pedernal<\/td>\n<\/tr>\n<tr>\n<td>Gorra:<\/td>\n<td>Tap\u00f3n de rosca<\/td>\n<\/tr>\n<tr>\n<td>Capacidad:<\/td>\n<td>750 ml<\/td>\n<\/tr>\n<tr>\n<td>Caracter\u00edstica:<\/td>\n<td>Respetuoso del medio ambiente<\/td>\n<\/tr>\n<tr>\n<td>Cantidad m\u00ednima de pedido:<\/td>\n<td>10000 piezas<\/td>\n<\/tr>\n<tr>\n<td>Forma de env\u00edo:<\/td>\n<td>Ship,Express<\/td>\n<\/tr>\n<tr>\n<td>OEM\/ODM:<\/td>\n<td>Bienvenido<\/td>\n<\/tr>\n<tr>\n<td>Origen del lugar:<\/td>\n<td>Shandong, China<\/td>\n<\/tr>\n<tr>\n<td>Piezas\/caja:<\/td>\n<td>24 piezas<\/td>\n<\/tr>\n<\/tbody>\n<\/table>","protected":false},"featured_media":4458,"comment_status":"open","ping_status":"closed","template":"","meta":[],"product_brand":[],"product_cat":[52,66],"product_tag":[],"class_list":{"0":"post-523","1":"product","2":"type-product","3":"status-publish","4":"has-post-thumbnail","6":"product_cat-750ml-glass-bottle","7":"product_cat-tequila-bottle","8":"entry","9":"has-media","11":"first","12":"instock","13":"shipping-taxable","14":"product-type-simple"},"yoast_head":"<!-- This site is optimized with the Yoast SEO plugin v27.3 - https:\/\/yoast.com\/product\/yoast-seo-wordpress\/ -->\n<title>750ml Tequila Skull Bottles Wholesale | Custom Made Glass Bottle<\/title>\n<meta name=\"description\" content=\"Ruisheng, one of the largest glass bottle manufacturers and suppliers in China, sales different capacity tequila skull bottles wholesale in factory price.\" \/>\n<meta name=\"robots\" content=\"index, follow, max-snippet:-1, max-image-preview:large, max-video-preview:-1\" \/>\n<link rel=\"canonical\" href=\"https:\/\/ruishengglassco.com\/product\/rs094-750ml-tequila-skull-bottles-wholesale\" \/>\n<meta property=\"og:locale\" content=\"es_ES\" \/>\n<meta property=\"og:type\" content=\"article\" \/>\n<meta property=\"og:title\" content=\"750ml Tequila Skull Bottles Wholesale | Custom Made Glass Bottle\" \/>\n<meta property=\"og:description\" content=\"Ruisheng, one of the largest glass bottle manufacturers and suppliers in China, sales different capacity tequila skull bottles wholesale in factory price.\" \/>\n<meta property=\"og:url\" content=\"https:\/\/ruishengglassco.com\/product\/rs094-750ml-tequila-skull-bottles-wholesale\" \/>\n<meta property=\"og:site_name\" content=\"Glass Bottle Wholesale\" \/>\n<meta property=\"article:modified_time\" content=\"2025-07-10T01:29:28+00:00\" \/>\n<meta property=\"og:image\" content=\"https:\/\/glassbottlewholesale.com\/wp-content\/uploads\/2023\/12\/Tequila-Skull-Bottle.png\" \/>\n\t<meta property=\"og:image:width\" content=\"500\" \/>\n\t<meta property=\"og:image:height\" content=\"500\" \/>\n\t<meta property=\"og:image:type\" content=\"image\/png\" \/>\n<meta name=\"twitter:card\" content=\"summary_large_image\" \/>\n<meta name=\"twitter:label1\" content=\"Tiempo de lectura\" \/>\n\t<meta name=\"twitter:data1\" content=\"2 minutos\" \/>\n<script type=\"application\/ld+json\" class=\"yoast-schema-graph\">{\"@context\":\"https:\\\/\\\/schema.org\",\"@graph\":[{\"@type\":\"WebPage\",\"@id\":\"https:\\\/\\\/glassbottlewholesale.com\\\/750ml-tequila-skull-bottles-wholesale\\\/\",\"url\":\"https:\\\/\\\/ruishengglassco.com\\\/product\\\/rs094-750ml-tequila-skull-bottles-wholesale\",\"name\":\"750ml Tequila Skull Bottles Wholesale | Custom Made Glass Bottle\",\"isPartOf\":{\"@id\":\"https:\\\/\\\/glassbottlewholesale.com\\\/#website\"},\"primaryImageOfPage\":{\"@id\":\"https:\\\/\\\/ruishengglassco.com\\\/product\\\/rs094-750ml-tequila-skull-bottles-wholesale#primaryimage\"},\"image\":{\"@id\":\"https:\\\/\\\/ruishengglassco.com\\\/product\\\/rs094-750ml-tequila-skull-bottles-wholesale#primaryimage\"},\"thumbnailUrl\":\"https:\\\/\\\/glassbottlewholesale.com\\\/wp-content\\\/uploads\\\/2023\\\/12\\\/Tequila-Skull-Bottle.png\",\"datePublished\":\"2019-10-15T13:01:17+00:00\",\"dateModified\":\"2025-07-10T01:29:28+00:00\",\"description\":\"Ruisheng, one of the largest glass bottle manufacturers and suppliers in China, sales different capacity tequila skull bottles wholesale in factory price.\",\"breadcrumb\":{\"@id\":\"https:\\\/\\\/ruishengglassco.com\\\/product\\\/rs094-750ml-tequila-skull-bottles-wholesale#breadcrumb\"},\"inLanguage\":\"es\",\"potentialAction\":[{\"@type\":\"ReadAction\",\"target\":[\"https:\\\/\\\/ruishengglassco.com\\\/product\\\/rs094-750ml-tequila-skull-bottles-wholesale\"]}]},{\"@type\":\"ImageObject\",\"inLanguage\":\"es\",\"@id\":\"https:\\\/\\\/ruishengglassco.com\\\/product\\\/rs094-750ml-tequila-skull-bottles-wholesale#primaryimage\",\"url\":\"https:\\\/\\\/glassbottlewholesale.com\\\/wp-content\\\/uploads\\\/2023\\\/12\\\/Tequila-Skull-Bottle.png\",\"contentUrl\":\"https:\\\/\\\/glassbottlewholesale.com\\\/wp-content\\\/uploads\\\/2023\\\/12\\\/Tequila-Skull-Bottle.png\",\"width\":500,\"height\":500,\"caption\":\"Tequila Skull Bottles wholesale\"},{\"@type\":\"BreadcrumbList\",\"@id\":\"https:\\\/\\\/ruishengglassco.com\\\/product\\\/rs094-750ml-tequila-skull-bottles-wholesale#breadcrumb\",\"itemListElement\":[{\"@type\":\"ListItem\",\"position\":1,\"name\":\"Home\",\"item\":\"https:\\\/\\\/glassbottlewholesale.com\\\/\"},{\"@type\":\"ListItem\",\"position\":2,\"name\":\"Products\",\"item\":\"https:\\\/\\\/glassbottlewholesale.com\\\/shop\\\/\"},{\"@type\":\"ListItem\",\"position\":3,\"name\":\"RS094: 750ml Tequila Skull Bottles Wholesale\"}]},{\"@type\":\"WebSite\",\"@id\":\"https:\\\/\\\/glassbottlewholesale.com\\\/#website\",\"url\":\"https:\\\/\\\/glassbottlewholesale.com\\\/\",\"name\":\"Glass Bottle Wholesale\",\"description\":\"\",\"publisher\":{\"@id\":\"https:\\\/\\\/glassbottlewholesale.com\\\/#organization\"},\"potentialAction\":[{\"@type\":\"SearchAction\",\"target\":{\"@type\":\"EntryPoint\",\"urlTemplate\":\"https:\\\/\\\/glassbottlewholesale.com\\\/?s={search_term_string}\"},\"query-input\":{\"@type\":\"PropertyValueSpecification\",\"valueRequired\":true,\"valueName\":\"search_term_string\"}}],\"inLanguage\":\"es\"},{\"@type\":\"Organization\",\"@id\":\"https:\\\/\\\/glassbottlewholesale.com\\\/#organization\",\"name\":\"Glass Bottle Wholesale\",\"url\":\"https:\\\/\\\/glassbottlewholesale.com\\\/\",\"logo\":{\"@type\":\"ImageObject\",\"inLanguage\":\"es\",\"@id\":\"https:\\\/\\\/glassbottlewholesale.com\\\/#\\\/schema\\\/logo\\\/image\\\/\",\"url\":\"https:\\\/\\\/glassbottlewholesale.com\\\/wp-content\\\/uploads\\\/2023\\\/12\\\/ruisheng-logo.webp\",\"contentUrl\":\"https:\\\/\\\/glassbottlewholesale.com\\\/wp-content\\\/uploads\\\/2023\\\/12\\\/ruisheng-logo.webp\",\"width\":400,\"height\":233,\"caption\":\"Glass Bottle Wholesale\"},\"image\":{\"@id\":\"https:\\\/\\\/glassbottlewholesale.com\\\/#\\\/schema\\\/logo\\\/image\\\/\"}}]}<\/script>\n<!-- \/ Yoast SEO plugin. -->","yoast_head_json":{"title":"750ml Tequila Skull Bottles Wholesale | Custom Made Glass Bottle","description":"Ruisheng, one of the largest glass bottle manufacturers and suppliers in China, sales different capacity tequila skull bottles wholesale in factory price.","robots":{"index":"index","follow":"follow","max-snippet":"max-snippet:-1","max-image-preview":"max-image-preview:large","max-video-preview":"max-video-preview:-1"},"canonical":"https:\/\/ruishengglassco.com\/product\/rs094-750ml-tequila-skull-bottles-wholesale","og_locale":"es_ES","og_type":"article","og_title":"750ml Tequila Skull Bottles Wholesale | Custom Made Glass Bottle","og_description":"Ruisheng, one of the largest glass bottle manufacturers and suppliers in China, sales different capacity tequila skull bottles wholesale in factory price.","og_url":"https:\/\/ruishengglassco.com\/product\/rs094-750ml-tequila-skull-bottles-wholesale","og_site_name":"Glass Bottle Wholesale","article_modified_time":"2025-07-10T01:29:28+00:00","og_image":[{"width":500,"height":500,"url":"https:\/\/glassbottlewholesale.com\/wp-content\/uploads\/2023\/12\/Tequila-Skull-Bottle.png","type":"image\/png"}],"twitter_card":"summary_large_image","twitter_misc":{"Tiempo de lectura":"2 minutos"},"schema":{"@context":"https:\/\/schema.org","@graph":[{"@type":"WebPage","@id":"https:\/\/glassbottlewholesale.com\/750ml-tequila-skull-bottles-wholesale\/","url":"https:\/\/ruishengglassco.com\/product\/rs094-750ml-tequila-skull-bottles-wholesale","name":"750ml Tequila Skull Bottles Wholesale | Custom Made Glass Bottle","isPartOf":{"@id":"https:\/\/glassbottlewholesale.com\/#website"},"primaryImageOfPage":{"@id":"https:\/\/ruishengglassco.com\/product\/rs094-750ml-tequila-skull-bottles-wholesale#primaryimage"},"image":{"@id":"https:\/\/ruishengglassco.com\/product\/rs094-750ml-tequila-skull-bottles-wholesale#primaryimage"},"thumbnailUrl":"https:\/\/glassbottlewholesale.com\/wp-content\/uploads\/2023\/12\/Tequila-Skull-Bottle.png","datePublished":"2019-10-15T13:01:17+00:00","dateModified":"2025-07-10T01:29:28+00:00","description":"Ruisheng, one of the largest glass bottle manufacturers and suppliers in China, sales different capacity tequila skull bottles wholesale in factory price.","breadcrumb":{"@id":"https:\/\/ruishengglassco.com\/product\/rs094-750ml-tequila-skull-bottles-wholesale#breadcrumb"},"inLanguage":"es","potentialAction":[{"@type":"ReadAction","target":["https:\/\/ruishengglassco.com\/product\/rs094-750ml-tequila-skull-bottles-wholesale"]}]},{"@type":"ImageObject","inLanguage":"es","@id":"https:\/\/ruishengglassco.com\/product\/rs094-750ml-tequila-skull-bottles-wholesale#primaryimage","url":"https:\/\/glassbottlewholesale.com\/wp-content\/uploads\/2023\/12\/Tequila-Skull-Bottle.png","contentUrl":"https:\/\/glassbottlewholesale.com\/wp-content\/uploads\/2023\/12\/Tequila-Skull-Bottle.png","width":500,"height":500,"caption":"Tequila Skull Bottles wholesale"},{"@type":"BreadcrumbList","@id":"https:\/\/ruishengglassco.com\/product\/rs094-750ml-tequila-skull-bottles-wholesale#breadcrumb","itemListElement":[{"@type":"ListItem","position":1,"name":"Home","item":"https:\/\/glassbottlewholesale.com\/"},{"@type":"ListItem","position":2,"name":"Products","item":"https:\/\/glassbottlewholesale.com\/shop\/"},{"@type":"ListItem","position":3,"name":"RS094: 750ml Tequila Skull Bottles Wholesale"}]},{"@type":"WebSite","@id":"https:\/\/glassbottlewholesale.com\/#website","url":"https:\/\/glassbottlewholesale.com\/","name":"Glass Bottle Wholesale","description":"","publisher":{"@id":"https:\/\/glassbottlewholesale.com\/#organization"},"potentialAction":[{"@type":"SearchAction","target":{"@type":"EntryPoint","urlTemplate":"https:\/\/glassbottlewholesale.com\/?s={search_term_string}"},"query-input":{"@type":"PropertyValueSpecification","valueRequired":true,"valueName":"search_term_string"}}],"inLanguage":"es"},{"@type":"Organization","@id":"https:\/\/glassbottlewholesale.com\/#organization","name":"Glass Bottle Wholesale","url":"https:\/\/glassbottlewholesale.com\/","logo":{"@type":"ImageObject","inLanguage":"es","@id":"https:\/\/glassbottlewholesale.com\/#\/schema\/logo\/image\/","url":"https:\/\/glassbottlewholesale.com\/wp-content\/uploads\/2023\/12\/ruisheng-logo.webp","contentUrl":"https:\/\/glassbottlewholesale.com\/wp-content\/uploads\/2023\/12\/ruisheng-logo.webp","width":400,"height":233,"caption":"Glass Bottle Wholesale"},"image":{"@id":"https:\/\/glassbottlewholesale.com\/#\/schema\/logo\/image\/"}}]}},"_links":{"self":[{"href":"https:\/\/glassbottlewholesale.com\/es\/wp-json\/wp\/v2\/product\/523","targetHints":{"allow":["GET"]}}],"collection":[{"href":"https:\/\/glassbottlewholesale.com\/es\/wp-json\/wp\/v2\/product"}],"about":[{"href":"https:\/\/glassbottlewholesale.com\/es\/wp-json\/wp\/v2\/types\/product"}],"replies":[{"embeddable":true,"href":"https:\/\/glassbottlewholesale.com\/es\/wp-json\/wp\/v2\/comments?post=523"}],"wp:featuredmedia":[{"embeddable":true,"href":"https:\/\/glassbottlewholesale.com\/es\/wp-json\/wp\/v2\/media\/4458"}],"wp:attachment":[{"href":"https:\/\/glassbottlewholesale.com\/es\/wp-json\/wp\/v2\/media?parent=523"}],"wp:term":[{"taxonomy":"product_brand","embeddable":true,"href":"https:\/\/glassbottlewholesale.com\/es\/wp-json\/wp\/v2\/product_brand?post=523"},{"taxonomy":"product_cat","embeddable":true,"href":"https:\/\/glassbottlewholesale.com\/es\/wp-json\/wp\/v2\/product_cat?post=523"},{"taxonomy":"product_tag","embeddable":true,"href":"https:\/\/glassbottlewholesale.com\/es\/wp-json\/wp\/v2\/product_tag?post=523"}],"curies":[{"name":"wp","href":"https:\/\/api.w.org\/{rel}","templated":true}]}}