{"id":525,"date":"2019-10-15T13:03:43","date_gmt":"2019-10-15T13:03:43","guid":{"rendered":"https:\/\/queenchingglass.com\/?post_type=product&#038;p=525"},"modified":"2025-07-10T03:20:10","modified_gmt":"2025-07-10T03:20:10","slug":"1000ml-boston-round-vodka-glass-bottles-wholesale","status":"publish","type":"product","link":"https:\/\/glassbottlewholesale.com\/es\/1000ml-boston-round-vodka-glass-bottles-wholesale\/","title":{"rendered":"RS093: 1000ml Boston Botellas de Vidrio Redondas Vodka al por mayor"},"content":{"rendered":"<div class=\"wpb-content-wrapper\"><div class=\"vc_row wpb_row vc_row-fluid\"><div class=\"wpb_column vc_column_container vc_col-sm-12\"><div class=\"vc_column-inner\"><div class=\"wpb_wrapper\">\n\t<div class=\"wpb_text_column wpb_content_element\" >\n\t\t<div class=\"wpb_wrapper\">\n\t\t\t<h2>Informaci\u00f3n detallada sobre Boston botellas de vidrio redondas al por mayor<\/h2>\n<p>Estas botellas de vidrio redondas Boston de 1000 ml al por mayor son un conjunto de botellas de vidrio de 1000 ml, 750 ml, 700 ml y 500 ml. Tambi\u00e9n tenemos botellas de vodka de forma similar para 375ml. Este <a href=\"https:\/\/ruishengglassco.com\/vodka-bottle\">botella de vodka<\/a> es uno de nuestros productos de venta caliente. Nuestras botellas transparentes de vidrio redondo Boston se venden a muchos pa\u00edses y regiones, como los EE.UU., Reino Unido, Australia, Nueva Zelanda, Canad\u00e1, y muchos otros pa\u00edses europeos y americanos, y gozan de una gran reputaci\u00f3n por su innovaci\u00f3n y funcionalidad.<\/p>\n<p>Como uno de los mayores fabricantes de botellas de vodka en China, Ruisheng se ha centrado en la fabricaci\u00f3n de botellas de licor durante unos 10 a\u00f1os. Nuestras botellas de Boston al por mayor se hace por las m\u00e1quinas manuales CNC. Utilizamos este producto de la m\u00e1quina de botellas de vidrio de grado superior- botellas de vidrio blanco cristal. Esto hace que las botellas de vidrio con una calidad perfecta, alta transparencia y superficie lisa.<\/p>\n<p>Estas botellas de vidrio redondas Boston de 1000ml al por mayor para la venta est\u00e1n acabadas en corcho. Si lo necesita, tambi\u00e9n podemos cambiar su boca a un tap\u00f3n de rosca. Hay corcho de alto pol\u00edmero, corcho de madera natural, corcho complejo, corcho de vidrio, y diferentes tama\u00f1os de tap\u00f3n de rosca en nuestra f\u00e1brica. Podemos ofrecer el tap\u00f3n a juego para las botellas de vidrio si lo necesita.<\/p>\n<p><img decoding=\"async\" class=\"aligncenter wp-image-2429 size-full\" src=\"https:\/\/glassbottlewholesale.com\/wp-content\/uploads\/2020\/12\/WX20201229-154422-1.png\" alt=\"tapas de botellas de vidrio al por mayor\" width=\"752\" height=\"452\" srcset=\"https:\/\/glassbottlewholesale.com\/wp-content\/uploads\/2020\/12\/WX20201229-154422-1.png 752w, https:\/\/glassbottlewholesale.com\/wp-content\/uploads\/2020\/12\/WX20201229-154422-1-300x180.png 300w, https:\/\/glassbottlewholesale.com\/wp-content\/uploads\/2020\/12\/WX20201229-154422-1-600x361.png 600w\" sizes=\"(max-width: 752px) 100vw, 752px\" \/><\/p>\n<p>Hay m\u00e1s de 500 empleados en nuestra f\u00e1brica, e incluyendo unos 30 QC y un grupo de ingenieros cualificados. Podemos aceptar pedidos OEM y ODM. Usted s\u00f3lo puede ofrecer una foto o nos dicen las demandas sobre el dise\u00f1o de la botella de vodka que desea, podemos proporcionar servicio personalizado botella de vodka para usted. No podemos enviar las botellas de vidrio de nuestra f\u00e1brica hasta que pasen la prueba de control de calidad.<\/p>\n<h4>Los detalles de este 1 litro Boston botellas redondas de vidrio al por mayor<\/h4>\n<p>La informaci\u00f3n sobre la botella de vidrio es la siguiente:<\/p>\n<ul>\n<li>Art\u00edculo: Botellas redondas Bostom de 1000ml al por mayor<\/li>\n<li>Material principal: vidrio de alto pedernal ( cristal blanco )<\/li>\n<li>Tap\u00f3n: Corcho ( corcho de alto pol\u00edmero, corcho complejo, corcho de madera natural )<\/li>\n<li>Referencia: RS093<\/li>\n<li>Cantidad m\u00ednima de pedido: 10000 unidades<\/li>\n<li>Capacidad: 500ml \/ 700ml\/ 750ml \/1000ml<\/li>\n<li>Forma de embalaje: Cart\u00f3n \/ Paleta \/ Paleta y cart\u00f3n<\/li>\n<li>uds\/tn: 24 uds \/ 20 uds \/ 15 uds<\/li>\n<li>Origen del lugar: Shandong, China<\/li>\n<li>Caracter\u00edstica: Respetuoso del medio ambiente<\/li>\n<\/ul>\n<p>Si desea obtener m\u00e1s informaci\u00f3n acerca de este 1000ml Boston botellas redondas de vidrio al por mayor o desea hacer <a href=\"https:\/\/ruishengglassco.com\/custom-glass-bottle\">botellas de vidrio personalizadas<\/a>P\u00f3ngase en contacto con nosotros. Haremos todo lo posible por usted.<\/p>\n\n\t\t<\/div>\n\t<\/div>\n<\/div><\/div><\/div><\/div>\n<\/div>","protected":false},"excerpt":{"rendered":"<p>Marca Ruisheng resistente, transparente <strong>Botellas de vidrio redondas Boston al por mayor<\/strong>, which is made of high flint crystal white glass, perfect to fill with Vodka and other alcoholic drinks. Factory outlet glass bottle wholesale with quality assurance&amp;Bulk Price<\/p>\n<h4>Informaci\u00f3n de pedido sobre Botellas de vidrio redondas Boston al por mayor<\/h4>\n<ul>\n<li>Referencia: RS093<\/li>\n<li><strong>Se ofrece servicio OEM\/ODM. MOQ:10000pcs(10000 PCS)<\/strong><\/li>\n<li>Capacity: 500ml\/700ml\/750ml\/1000ml\/custom<\/li>\n<li>Tapa: Corcho o a medida<\/li>\n<li>Material: Cristal blanco<\/li>\n<\/ul>\n<p>Si usted quiere conseguir Botella De Vidrio Redonda De Boston Para Vodka, sienta por favor libre a <a href=\"https:\/\/glassbottlewholesale.com\/es\/contact\/\">Cont\u00e1ctenos.<\/a><\/p>","protected":false},"featured_media":4485,"comment_status":"open","ping_status":"closed","template":"","meta":[],"product_brand":[],"product_cat":[53,67],"product_tag":[],"class_list":{"0":"post-525","1":"product","2":"type-product","3":"status-publish","4":"has-post-thumbnail","6":"product_cat-1000ml-glass-bottle","7":"product_cat-vodka-bottle","8":"entry","9":"has-media","11":"first","12":"instock","13":"shipping-taxable","14":"product-type-simple"},"yoast_head":"<!-- This site is optimized with the Yoast SEO plugin v27.3 - https:\/\/yoast.com\/product\/yoast-seo-wordpress\/ -->\n<title>Boston Round Glass Bottles Wholesale | Vodka Bottle Manufacturers<\/title>\n<meta name=\"description\" content=\"This boston round glass bottles wholesale are a set of glass bottles for 1000ml, 750ml, 700ml and 500ml. Factory Outlet From Vodka Bottle Manufacturers.\" \/>\n<meta name=\"robots\" content=\"index, follow, max-snippet:-1, max-image-preview:large, max-video-preview:-1\" \/>\n<link rel=\"canonical\" href=\"https:\/\/ruishengglassco.com\/product\/rs093-1000ml-boston-round-glass-bottles-wholesale-vodka\" \/>\n<meta property=\"og:locale\" content=\"es_ES\" \/>\n<meta property=\"og:type\" content=\"article\" \/>\n<meta property=\"og:title\" content=\"Boston Round Glass Bottles Wholesale | Vodka Bottle Manufacturers\" \/>\n<meta property=\"og:description\" content=\"This boston round glass bottles wholesale are a set of glass bottles for 1000ml, 750ml, 700ml and 500ml. Factory Outlet From Vodka Bottle Manufacturers.\" \/>\n<meta property=\"og:url\" content=\"https:\/\/ruishengglassco.com\/product\/rs093-1000ml-boston-round-glass-bottles-wholesale-vodka\" \/>\n<meta property=\"og:site_name\" content=\"Glass Bottle Wholesale\" \/>\n<meta property=\"article:modified_time\" content=\"2025-07-10T03:20:10+00:00\" \/>\n<meta property=\"og:image\" content=\"https:\/\/glassbottlewholesale.com\/wp-content\/uploads\/2024\/01\/1000ml850g-glass-bottle9.jpg\" \/>\n\t<meta property=\"og:image:width\" content=\"800\" \/>\n\t<meta property=\"og:image:height\" content=\"800\" \/>\n\t<meta property=\"og:image:type\" content=\"image\/jpeg\" \/>\n<meta name=\"twitter:card\" content=\"summary_large_image\" \/>\n<meta name=\"twitter:label1\" content=\"Tiempo de lectura\" \/>\n\t<meta name=\"twitter:data1\" content=\"2 minutos\" \/>\n<script type=\"application\/ld+json\" class=\"yoast-schema-graph\">{\"@context\":\"https:\\\/\\\/schema.org\",\"@graph\":[{\"@type\":\"WebPage\",\"@id\":\"https:\\\/\\\/glassbottlewholesale.com\\\/1000ml-boston-round-vodka-glass-bottles-wholesale\\\/\",\"url\":\"https:\\\/\\\/ruishengglassco.com\\\/product\\\/rs093-1000ml-boston-round-glass-bottles-wholesale-vodka\",\"name\":\"Boston Round Glass Bottles Wholesale | Vodka Bottle Manufacturers\",\"isPartOf\":{\"@id\":\"https:\\\/\\\/glassbottlewholesale.com\\\/#website\"},\"primaryImageOfPage\":{\"@id\":\"https:\\\/\\\/ruishengglassco.com\\\/product\\\/rs093-1000ml-boston-round-glass-bottles-wholesale-vodka#primaryimage\"},\"image\":{\"@id\":\"https:\\\/\\\/ruishengglassco.com\\\/product\\\/rs093-1000ml-boston-round-glass-bottles-wholesale-vodka#primaryimage\"},\"thumbnailUrl\":\"https:\\\/\\\/glassbottlewholesale.com\\\/wp-content\\\/uploads\\\/2024\\\/01\\\/1000ml850g-glass-bottle9.jpg\",\"datePublished\":\"2019-10-15T13:03:43+00:00\",\"dateModified\":\"2025-07-10T03:20:10+00:00\",\"description\":\"This boston round glass bottles wholesale are a set of glass bottles for 1000ml, 750ml, 700ml and 500ml. Factory Outlet From Vodka Bottle Manufacturers.\",\"breadcrumb\":{\"@id\":\"https:\\\/\\\/ruishengglassco.com\\\/product\\\/rs093-1000ml-boston-round-glass-bottles-wholesale-vodka#breadcrumb\"},\"inLanguage\":\"es\",\"potentialAction\":[{\"@type\":\"ReadAction\",\"target\":[\"https:\\\/\\\/ruishengglassco.com\\\/product\\\/rs093-1000ml-boston-round-glass-bottles-wholesale-vodka\"]}]},{\"@type\":\"ImageObject\",\"inLanguage\":\"es\",\"@id\":\"https:\\\/\\\/ruishengglassco.com\\\/product\\\/rs093-1000ml-boston-round-glass-bottles-wholesale-vodka#primaryimage\",\"url\":\"https:\\\/\\\/glassbottlewholesale.com\\\/wp-content\\\/uploads\\\/2024\\\/01\\\/1000ml850g-glass-bottle9.jpg\",\"contentUrl\":\"https:\\\/\\\/glassbottlewholesale.com\\\/wp-content\\\/uploads\\\/2024\\\/01\\\/1000ml850g-glass-bottle9.jpg\",\"width\":800,\"height\":800,\"caption\":\"1000ml Boston Round Glass Bottles Wholesale Vodka\"},{\"@type\":\"BreadcrumbList\",\"@id\":\"https:\\\/\\\/ruishengglassco.com\\\/product\\\/rs093-1000ml-boston-round-glass-bottles-wholesale-vodka#breadcrumb\",\"itemListElement\":[{\"@type\":\"ListItem\",\"position\":1,\"name\":\"Home\",\"item\":\"https:\\\/\\\/glassbottlewholesale.com\\\/\"},{\"@type\":\"ListItem\",\"position\":2,\"name\":\"Products\",\"item\":\"https:\\\/\\\/glassbottlewholesale.com\\\/shop\\\/\"},{\"@type\":\"ListItem\",\"position\":3,\"name\":\"RS093: 1000ml Boston Round Glass Bottles Wholesale Vodka\"}]},{\"@type\":\"WebSite\",\"@id\":\"https:\\\/\\\/glassbottlewholesale.com\\\/#website\",\"url\":\"https:\\\/\\\/glassbottlewholesale.com\\\/\",\"name\":\"Glass Bottle Wholesale\",\"description\":\"\",\"publisher\":{\"@id\":\"https:\\\/\\\/glassbottlewholesale.com\\\/#organization\"},\"potentialAction\":[{\"@type\":\"SearchAction\",\"target\":{\"@type\":\"EntryPoint\",\"urlTemplate\":\"https:\\\/\\\/glassbottlewholesale.com\\\/?s={search_term_string}\"},\"query-input\":{\"@type\":\"PropertyValueSpecification\",\"valueRequired\":true,\"valueName\":\"search_term_string\"}}],\"inLanguage\":\"es\"},{\"@type\":\"Organization\",\"@id\":\"https:\\\/\\\/glassbottlewholesale.com\\\/#organization\",\"name\":\"Glass Bottle Wholesale\",\"url\":\"https:\\\/\\\/glassbottlewholesale.com\\\/\",\"logo\":{\"@type\":\"ImageObject\",\"inLanguage\":\"es\",\"@id\":\"https:\\\/\\\/glassbottlewholesale.com\\\/#\\\/schema\\\/logo\\\/image\\\/\",\"url\":\"https:\\\/\\\/glassbottlewholesale.com\\\/wp-content\\\/uploads\\\/2023\\\/12\\\/ruisheng-logo.webp\",\"contentUrl\":\"https:\\\/\\\/glassbottlewholesale.com\\\/wp-content\\\/uploads\\\/2023\\\/12\\\/ruisheng-logo.webp\",\"width\":400,\"height\":233,\"caption\":\"Glass Bottle Wholesale\"},\"image\":{\"@id\":\"https:\\\/\\\/glassbottlewholesale.com\\\/#\\\/schema\\\/logo\\\/image\\\/\"}}]}<\/script>\n<!-- \/ Yoast SEO plugin. -->","yoast_head_json":{"title":"Boston Round Glass Bottles Wholesale | Vodka Bottle Manufacturers","description":"This boston round glass bottles wholesale are a set of glass bottles for 1000ml, 750ml, 700ml and 500ml. Factory Outlet From Vodka Bottle Manufacturers.","robots":{"index":"index","follow":"follow","max-snippet":"max-snippet:-1","max-image-preview":"max-image-preview:large","max-video-preview":"max-video-preview:-1"},"canonical":"https:\/\/ruishengglassco.com\/product\/rs093-1000ml-boston-round-glass-bottles-wholesale-vodka","og_locale":"es_ES","og_type":"article","og_title":"Boston Round Glass Bottles Wholesale | Vodka Bottle Manufacturers","og_description":"This boston round glass bottles wholesale are a set of glass bottles for 1000ml, 750ml, 700ml and 500ml. Factory Outlet From Vodka Bottle Manufacturers.","og_url":"https:\/\/ruishengglassco.com\/product\/rs093-1000ml-boston-round-glass-bottles-wholesale-vodka","og_site_name":"Glass Bottle Wholesale","article_modified_time":"2025-07-10T03:20:10+00:00","og_image":[{"width":800,"height":800,"url":"https:\/\/glassbottlewholesale.com\/wp-content\/uploads\/2024\/01\/1000ml850g-glass-bottle9.jpg","type":"image\/jpeg"}],"twitter_card":"summary_large_image","twitter_misc":{"Tiempo de lectura":"2 minutos"},"schema":{"@context":"https:\/\/schema.org","@graph":[{"@type":"WebPage","@id":"https:\/\/glassbottlewholesale.com\/1000ml-boston-round-vodka-glass-bottles-wholesale\/","url":"https:\/\/ruishengglassco.com\/product\/rs093-1000ml-boston-round-glass-bottles-wholesale-vodka","name":"Boston Round Glass Bottles Wholesale | Vodka Bottle Manufacturers","isPartOf":{"@id":"https:\/\/glassbottlewholesale.com\/#website"},"primaryImageOfPage":{"@id":"https:\/\/ruishengglassco.com\/product\/rs093-1000ml-boston-round-glass-bottles-wholesale-vodka#primaryimage"},"image":{"@id":"https:\/\/ruishengglassco.com\/product\/rs093-1000ml-boston-round-glass-bottles-wholesale-vodka#primaryimage"},"thumbnailUrl":"https:\/\/glassbottlewholesale.com\/wp-content\/uploads\/2024\/01\/1000ml850g-glass-bottle9.jpg","datePublished":"2019-10-15T13:03:43+00:00","dateModified":"2025-07-10T03:20:10+00:00","description":"This boston round glass bottles wholesale are a set of glass bottles for 1000ml, 750ml, 700ml and 500ml. Factory Outlet From Vodka Bottle Manufacturers.","breadcrumb":{"@id":"https:\/\/ruishengglassco.com\/product\/rs093-1000ml-boston-round-glass-bottles-wholesale-vodka#breadcrumb"},"inLanguage":"es","potentialAction":[{"@type":"ReadAction","target":["https:\/\/ruishengglassco.com\/product\/rs093-1000ml-boston-round-glass-bottles-wholesale-vodka"]}]},{"@type":"ImageObject","inLanguage":"es","@id":"https:\/\/ruishengglassco.com\/product\/rs093-1000ml-boston-round-glass-bottles-wholesale-vodka#primaryimage","url":"https:\/\/glassbottlewholesale.com\/wp-content\/uploads\/2024\/01\/1000ml850g-glass-bottle9.jpg","contentUrl":"https:\/\/glassbottlewholesale.com\/wp-content\/uploads\/2024\/01\/1000ml850g-glass-bottle9.jpg","width":800,"height":800,"caption":"1000ml Boston Round Glass Bottles Wholesale Vodka"},{"@type":"BreadcrumbList","@id":"https:\/\/ruishengglassco.com\/product\/rs093-1000ml-boston-round-glass-bottles-wholesale-vodka#breadcrumb","itemListElement":[{"@type":"ListItem","position":1,"name":"Home","item":"https:\/\/glassbottlewholesale.com\/"},{"@type":"ListItem","position":2,"name":"Products","item":"https:\/\/glassbottlewholesale.com\/shop\/"},{"@type":"ListItem","position":3,"name":"RS093: 1000ml Boston Round Glass Bottles Wholesale Vodka"}]},{"@type":"WebSite","@id":"https:\/\/glassbottlewholesale.com\/#website","url":"https:\/\/glassbottlewholesale.com\/","name":"Glass Bottle Wholesale","description":"","publisher":{"@id":"https:\/\/glassbottlewholesale.com\/#organization"},"potentialAction":[{"@type":"SearchAction","target":{"@type":"EntryPoint","urlTemplate":"https:\/\/glassbottlewholesale.com\/?s={search_term_string}"},"query-input":{"@type":"PropertyValueSpecification","valueRequired":true,"valueName":"search_term_string"}}],"inLanguage":"es"},{"@type":"Organization","@id":"https:\/\/glassbottlewholesale.com\/#organization","name":"Glass Bottle Wholesale","url":"https:\/\/glassbottlewholesale.com\/","logo":{"@type":"ImageObject","inLanguage":"es","@id":"https:\/\/glassbottlewholesale.com\/#\/schema\/logo\/image\/","url":"https:\/\/glassbottlewholesale.com\/wp-content\/uploads\/2023\/12\/ruisheng-logo.webp","contentUrl":"https:\/\/glassbottlewholesale.com\/wp-content\/uploads\/2023\/12\/ruisheng-logo.webp","width":400,"height":233,"caption":"Glass Bottle Wholesale"},"image":{"@id":"https:\/\/glassbottlewholesale.com\/#\/schema\/logo\/image\/"}}]}},"_links":{"self":[{"href":"https:\/\/glassbottlewholesale.com\/es\/wp-json\/wp\/v2\/product\/525","targetHints":{"allow":["GET"]}}],"collection":[{"href":"https:\/\/glassbottlewholesale.com\/es\/wp-json\/wp\/v2\/product"}],"about":[{"href":"https:\/\/glassbottlewholesale.com\/es\/wp-json\/wp\/v2\/types\/product"}],"replies":[{"embeddable":true,"href":"https:\/\/glassbottlewholesale.com\/es\/wp-json\/wp\/v2\/comments?post=525"}],"wp:featuredmedia":[{"embeddable":true,"href":"https:\/\/glassbottlewholesale.com\/es\/wp-json\/wp\/v2\/media\/4485"}],"wp:attachment":[{"href":"https:\/\/glassbottlewholesale.com\/es\/wp-json\/wp\/v2\/media?parent=525"}],"wp:term":[{"taxonomy":"product_brand","embeddable":true,"href":"https:\/\/glassbottlewholesale.com\/es\/wp-json\/wp\/v2\/product_brand?post=525"},{"taxonomy":"product_cat","embeddable":true,"href":"https:\/\/glassbottlewholesale.com\/es\/wp-json\/wp\/v2\/product_cat?post=525"},{"taxonomy":"product_tag","embeddable":true,"href":"https:\/\/glassbottlewholesale.com\/es\/wp-json\/wp\/v2\/product_tag?post=525"}],"curies":[{"name":"wp","href":"https:\/\/api.w.org\/{rel}","templated":true}]}}