{"id":533,"date":"2019-10-15T13:08:52","date_gmt":"2019-10-15T13:08:52","guid":{"rendered":"https:\/\/queenchingglass.com\/?post_type=product&#038;p=533"},"modified":"2023-12-06T01:20:42","modified_gmt":"2023-12-06T01:20:42","slug":"botella-grande-de-vodka-de-1500-ml","status":"publish","type":"product","link":"https:\/\/glassbottlewholesale.com\/es\/botella-grande-de-vodka-de-1500-ml\/","title":{"rendered":"RS089: Botella Grande de Vodka 1500ml"},"content":{"rendered":"<p>Ruisheng, un fabricante profesional de botellas de vidrio, brinda servicio de dise\u00f1o y fabricaci\u00f3n de botellas de vidrio grandes desde 2009. Nuestro producto principal son las botellas vac\u00edas de bebidas espirituosas para alcohol, whisky, vodka, brandy, ron, ginebra, etc. Tambi\u00e9n aceptamos servicio OEM\/ODM.<\/p>\n<p>Este\u00a0<strong>Botella grande de vodka de 1500 ml al por mayor,<\/strong>\u00a0Adopte material de vidrio s\u00faper pedernal, lo que hace que la botella de vidrio sea m\u00e1s transparente, suave y clara. Ofrecemos estas botellas de vidrio grandes con tapa a bodegas, centros comerciales, supermercados, mayoristas de botellas, etc. Aqu\u00ed hay algunos detalles sobre estas botellas de vidrio extra grandes.<\/p>\n<h4>Aproximadamente 1500 ml de botella grande de vodka al por mayor<\/h4>\n<ul>\n<li><strong>Nombre del producto:<\/strong>\u00a0Botella grande de vodka de 1500 ml.<\/li>\n<li><strong>Marca:<\/strong>\u00a0Ruisheng<\/li>\n<li><strong>Capacidad:<\/strong>\u00a01.5L (tambi\u00e9n tiene 100ml, 25oml, 350ml, 700ml, 1000ml, etc.)<\/li>\n<li><strong>Material:<\/strong>\u00a0Materiales de vidrio s\u00faper pedernal<\/li>\n<li><strong>Tipo de sellado:<\/strong>\u00a0Corcho, gorra guala, gorra tripulante<\/li>\n<li><strong>Superficie:<\/strong>\u00a0Frostdecal, pintura, hot stamping, gofrado, estampaci\u00f3n, dorado, serigraf\u00eda<\/li>\n<li><strong>Muestra:<\/strong>\u00a0Gratis usando nuestro molde existente<\/li>\n<li><strong>Tiempo de espera:<\/strong>\u00a020-30 d\u00edas para productos en masa<\/li>\n<li><strong>Puerto:<\/strong>\u00a0Qingdao, China<\/li>\n<li><strong>Pago:<\/strong>\u00a0T\/T, Paypal, garant\u00eda comercial<\/li>\n<\/ul>\n<p>Si necesita botellas de vidrio grandes con corcho, \u00a1no dude en contactarnos! Nuestras ventas le responder\u00e1n lo antes posible.<\/p>","protected":false},"excerpt":{"rendered":"<table class=\"tg\">\n<colgroup>\n<col \/>\n<col \/><\/colgroup>\n<tbody>\n<tr>\n<th class=\"tg-wrg0\" colspan=\"2\">Botella grande de vodka de 1500 ml al por mayor<\/th>\n<\/tr>\n<tr>\n<td class=\"tg-b7b8\">Material principal:<\/td>\n<td class=\"tg-b7b8\">Vidrio s\u00faper pedernal<\/td>\n<\/tr>\n<tr>\n<td class=\"tg-yw4l\">Gorra:<\/td>\n<td class=\"tg-yw4l\">corcho<\/td>\n<\/tr>\n<tr>\n<td class=\"tg-b7b8\">Capacidad:<\/td>\n<td class=\"tg-b7b8\">1500ml<\/td>\n<\/tr>\n<tr>\n<td class=\"tg-yw4l\">Caracter\u00edstica:<\/td>\n<td class=\"tg-yw4l\">Respetuoso del medio ambiente<\/td>\n<\/tr>\n<tr>\n<td class=\"tg-b7b8\">Cantidad m\u00ednima de pedido:<\/td>\n<td class=\"tg-b7b8\">10000 piezas<\/td>\n<\/tr>\n<tr>\n<td class=\"tg-yw4l\">Origen del lugar:<\/td>\n<td class=\"tg-yw4l\">Shandong, China<\/td>\n<\/tr>\n<tr>\n<td class=\"tg-b7b8\">Piezas\/caja:<\/td>\n<td class=\"tg-b7b8\">24 piezas<\/td>\n<\/tr>\n<tr>\n<td class=\"tg-yw4l\">Referencia:<\/td>\n<td class=\"tg-yw4l\">RS089<\/td>\n<\/tr>\n<\/tbody>\n<\/table>","protected":false},"featured_media":535,"comment_status":"open","ping_status":"closed","template":"","meta":[],"product_brand":[],"product_cat":[54,67],"product_tag":[],"class_list":{"0":"post-533","1":"product","2":"type-product","3":"status-publish","4":"has-post-thumbnail","6":"product_cat-1500ml-glass-bottle","7":"product_cat-vodka-bottle","8":"entry","9":"has-media","11":"first","12":"instock","13":"shipping-taxable","14":"product-type-simple"},"yoast_head":"<!-- This site is optimized with the Yoast SEO plugin v27.3 - https:\/\/yoast.com\/product\/yoast-seo-wordpress\/ -->\n<title>1500ml Big Bottle of Vodka Wholesale | Large Glass Bottle Manufacturer<\/title>\n<meta name=\"description\" content=\"1500ml Big Bottle of Vodka Wholesale Alway in Loweast Price! High Quality Large Glass Bottle from China Glass Botttle Manufacturers Here!\" \/>\n<meta name=\"robots\" content=\"index, follow, max-snippet:-1, max-image-preview:large, max-video-preview:-1\" \/>\n<link rel=\"canonical\" href=\"https:\/\/ruishengglassco.com\/product\/rs089-1500ml-big-bottle-of-vodka\" \/>\n<meta property=\"og:locale\" content=\"es_ES\" \/>\n<meta property=\"og:type\" content=\"article\" \/>\n<meta property=\"og:title\" content=\"1500ml Big Bottle of Vodka Wholesale | Large Glass Bottle Manufacturer\" \/>\n<meta property=\"og:description\" content=\"1500ml Big Bottle of Vodka Wholesale Alway in Loweast Price! High Quality Large Glass Bottle from China Glass Botttle Manufacturers Here!\" \/>\n<meta property=\"og:url\" content=\"https:\/\/ruishengglassco.com\/product\/rs089-1500ml-big-bottle-of-vodka\" \/>\n<meta property=\"og:site_name\" content=\"Glass Bottle Wholesale\" \/>\n<meta property=\"article:modified_time\" content=\"2023-12-06T01:20:42+00:00\" \/>\n<meta property=\"og:image\" content=\"https:\/\/glassbottlewholesale.com\/wp-content\/uploads\/2019\/10\/\u4f0f\u7279\u52a05.jpg\" \/>\n\t<meta property=\"og:image:width\" content=\"640\" \/>\n\t<meta property=\"og:image:height\" content=\"640\" \/>\n\t<meta property=\"og:image:type\" content=\"image\/jpeg\" \/>\n<meta name=\"twitter:card\" content=\"summary_large_image\" \/>\n<meta name=\"twitter:label1\" content=\"Tiempo de lectura\" \/>\n\t<meta name=\"twitter:data1\" content=\"1 minuto\" \/>\n<script type=\"application\/ld+json\" class=\"yoast-schema-graph\">{\"@context\":\"https:\\\/\\\/schema.org\",\"@graph\":[{\"@type\":\"WebPage\",\"@id\":\"https:\\\/\\\/glassbottlewholesale.com\\\/1500ml-big-bottle-of-vodka\\\/\",\"url\":\"https:\\\/\\\/ruishengglassco.com\\\/product\\\/rs089-1500ml-big-bottle-of-vodka\",\"name\":\"1500ml Big Bottle of Vodka Wholesale | Large Glass Bottle Manufacturer\",\"isPartOf\":{\"@id\":\"https:\\\/\\\/glassbottlewholesale.com\\\/#website\"},\"primaryImageOfPage\":{\"@id\":\"https:\\\/\\\/ruishengglassco.com\\\/product\\\/rs089-1500ml-big-bottle-of-vodka#primaryimage\"},\"image\":{\"@id\":\"https:\\\/\\\/ruishengglassco.com\\\/product\\\/rs089-1500ml-big-bottle-of-vodka#primaryimage\"},\"thumbnailUrl\":\"https:\\\/\\\/glassbottlewholesale.com\\\/wp-content\\\/uploads\\\/2019\\\/10\\\/\u4f0f\u7279\u52a05.jpg\",\"datePublished\":\"2019-10-15T13:08:52+00:00\",\"dateModified\":\"2023-12-06T01:20:42+00:00\",\"description\":\"1500ml Big Bottle of Vodka Wholesale Alway in Loweast Price! High Quality Large Glass Bottle from China Glass Botttle Manufacturers Here!\",\"breadcrumb\":{\"@id\":\"https:\\\/\\\/ruishengglassco.com\\\/product\\\/rs089-1500ml-big-bottle-of-vodka#breadcrumb\"},\"inLanguage\":\"es\",\"potentialAction\":[{\"@type\":\"ReadAction\",\"target\":[\"https:\\\/\\\/ruishengglassco.com\\\/product\\\/rs089-1500ml-big-bottle-of-vodka\"]}]},{\"@type\":\"ImageObject\",\"inLanguage\":\"es\",\"@id\":\"https:\\\/\\\/ruishengglassco.com\\\/product\\\/rs089-1500ml-big-bottle-of-vodka#primaryimage\",\"url\":\"https:\\\/\\\/glassbottlewholesale.com\\\/wp-content\\\/uploads\\\/2019\\\/10\\\/\u4f0f\u7279\u52a05.jpg\",\"contentUrl\":\"https:\\\/\\\/glassbottlewholesale.com\\\/wp-content\\\/uploads\\\/2019\\\/10\\\/\u4f0f\u7279\u52a05.jpg\",\"width\":640,\"height\":640,\"caption\":\"1500ml Big Bottle of Vodka Wholesale\"},{\"@type\":\"BreadcrumbList\",\"@id\":\"https:\\\/\\\/ruishengglassco.com\\\/product\\\/rs089-1500ml-big-bottle-of-vodka#breadcrumb\",\"itemListElement\":[{\"@type\":\"ListItem\",\"position\":1,\"name\":\"Home\",\"item\":\"https:\\\/\\\/glassbottlewholesale.com\\\/\"},{\"@type\":\"ListItem\",\"position\":2,\"name\":\"Products\",\"item\":\"https:\\\/\\\/glassbottlewholesale.com\\\/shop\\\/\"},{\"@type\":\"ListItem\",\"position\":3,\"name\":\"RS089: 1500ml Big Bottle of Vodka\"}]},{\"@type\":\"WebSite\",\"@id\":\"https:\\\/\\\/glassbottlewholesale.com\\\/#website\",\"url\":\"https:\\\/\\\/glassbottlewholesale.com\\\/\",\"name\":\"Glass Bottle Wholesale\",\"description\":\"\",\"publisher\":{\"@id\":\"https:\\\/\\\/glassbottlewholesale.com\\\/#organization\"},\"potentialAction\":[{\"@type\":\"SearchAction\",\"target\":{\"@type\":\"EntryPoint\",\"urlTemplate\":\"https:\\\/\\\/glassbottlewholesale.com\\\/?s={search_term_string}\"},\"query-input\":{\"@type\":\"PropertyValueSpecification\",\"valueRequired\":true,\"valueName\":\"search_term_string\"}}],\"inLanguage\":\"es\"},{\"@type\":\"Organization\",\"@id\":\"https:\\\/\\\/glassbottlewholesale.com\\\/#organization\",\"name\":\"Glass Bottle Wholesale\",\"url\":\"https:\\\/\\\/glassbottlewholesale.com\\\/\",\"logo\":{\"@type\":\"ImageObject\",\"inLanguage\":\"es\",\"@id\":\"https:\\\/\\\/glassbottlewholesale.com\\\/#\\\/schema\\\/logo\\\/image\\\/\",\"url\":\"https:\\\/\\\/glassbottlewholesale.com\\\/wp-content\\\/uploads\\\/2023\\\/12\\\/ruisheng-logo.webp\",\"contentUrl\":\"https:\\\/\\\/glassbottlewholesale.com\\\/wp-content\\\/uploads\\\/2023\\\/12\\\/ruisheng-logo.webp\",\"width\":400,\"height\":233,\"caption\":\"Glass Bottle Wholesale\"},\"image\":{\"@id\":\"https:\\\/\\\/glassbottlewholesale.com\\\/#\\\/schema\\\/logo\\\/image\\\/\"}}]}<\/script>\n<!-- \/ Yoast SEO plugin. -->","yoast_head_json":{"title":"Botella Grande de Vodka de 1500ml al por mayor | Fabricante de botellas de vidrio grandes","description":"Botella grande de vodka de 1500 ml al por mayor \u00a1Siempre al precio m\u00e1s bajo! \u00a1Botella de vidrio grande de alta calidad de los fabricantes de botellas de vidrio de China aqu\u00ed!","robots":{"index":"index","follow":"follow","max-snippet":"max-snippet:-1","max-image-preview":"max-image-preview:large","max-video-preview":"max-video-preview:-1"},"canonical":"https:\/\/ruishengglassco.com\/product\/rs089-1500ml-big-bottle-of-vodka","og_locale":"es_ES","og_type":"article","og_title":"1500ml Big Bottle of Vodka Wholesale | Large Glass Bottle Manufacturer","og_description":"1500ml Big Bottle of Vodka Wholesale Alway in Loweast Price! High Quality Large Glass Bottle from China Glass Botttle Manufacturers Here!","og_url":"https:\/\/ruishengglassco.com\/product\/rs089-1500ml-big-bottle-of-vodka","og_site_name":"Glass Bottle Wholesale","article_modified_time":"2023-12-06T01:20:42+00:00","og_image":[{"width":640,"height":640,"url":"https:\/\/glassbottlewholesale.com\/wp-content\/uploads\/2019\/10\/\u4f0f\u7279\u52a05.jpg","type":"image\/jpeg"}],"twitter_card":"summary_large_image","twitter_misc":{"Tiempo de lectura":"1 minuto"},"schema":{"@context":"https:\/\/schema.org","@graph":[{"@type":"WebPage","@id":"https:\/\/glassbottlewholesale.com\/1500ml-big-bottle-of-vodka\/","url":"https:\/\/ruishengglassco.com\/product\/rs089-1500ml-big-bottle-of-vodka","name":"Botella Grande de Vodka de 1500ml al por mayor | Fabricante de botellas de vidrio grandes","isPartOf":{"@id":"https:\/\/glassbottlewholesale.com\/#website"},"primaryImageOfPage":{"@id":"https:\/\/ruishengglassco.com\/product\/rs089-1500ml-big-bottle-of-vodka#primaryimage"},"image":{"@id":"https:\/\/ruishengglassco.com\/product\/rs089-1500ml-big-bottle-of-vodka#primaryimage"},"thumbnailUrl":"https:\/\/glassbottlewholesale.com\/wp-content\/uploads\/2019\/10\/\u4f0f\u7279\u52a05.jpg","datePublished":"2019-10-15T13:08:52+00:00","dateModified":"2023-12-06T01:20:42+00:00","description":"Botella grande de vodka de 1500 ml al por mayor \u00a1Siempre al precio m\u00e1s bajo! \u00a1Botella de vidrio grande de alta calidad de los fabricantes de botellas de vidrio de China aqu\u00ed!","breadcrumb":{"@id":"https:\/\/ruishengglassco.com\/product\/rs089-1500ml-big-bottle-of-vodka#breadcrumb"},"inLanguage":"es","potentialAction":[{"@type":"ReadAction","target":["https:\/\/ruishengglassco.com\/product\/rs089-1500ml-big-bottle-of-vodka"]}]},{"@type":"ImageObject","inLanguage":"es","@id":"https:\/\/ruishengglassco.com\/product\/rs089-1500ml-big-bottle-of-vodka#primaryimage","url":"https:\/\/glassbottlewholesale.com\/wp-content\/uploads\/2019\/10\/\u4f0f\u7279\u52a05.jpg","contentUrl":"https:\/\/glassbottlewholesale.com\/wp-content\/uploads\/2019\/10\/\u4f0f\u7279\u52a05.jpg","width":640,"height":640,"caption":"1500ml Big Bottle of Vodka Wholesale"},{"@type":"BreadcrumbList","@id":"https:\/\/ruishengglassco.com\/product\/rs089-1500ml-big-bottle-of-vodka#breadcrumb","itemListElement":[{"@type":"ListItem","position":1,"name":"Home","item":"https:\/\/glassbottlewholesale.com\/"},{"@type":"ListItem","position":2,"name":"Products","item":"https:\/\/glassbottlewholesale.com\/shop\/"},{"@type":"ListItem","position":3,"name":"RS089: 1500ml Big Bottle of Vodka"}]},{"@type":"WebSite","@id":"https:\/\/glassbottlewholesale.com\/#website","url":"https:\/\/glassbottlewholesale.com\/","name":"Glass Bottle Wholesale","description":"","publisher":{"@id":"https:\/\/glassbottlewholesale.com\/#organization"},"potentialAction":[{"@type":"SearchAction","target":{"@type":"EntryPoint","urlTemplate":"https:\/\/glassbottlewholesale.com\/?s={search_term_string}"},"query-input":{"@type":"PropertyValueSpecification","valueRequired":true,"valueName":"search_term_string"}}],"inLanguage":"es"},{"@type":"Organization","@id":"https:\/\/glassbottlewholesale.com\/#organization","name":"Glass Bottle Wholesale","url":"https:\/\/glassbottlewholesale.com\/","logo":{"@type":"ImageObject","inLanguage":"es","@id":"https:\/\/glassbottlewholesale.com\/#\/schema\/logo\/image\/","url":"https:\/\/glassbottlewholesale.com\/wp-content\/uploads\/2023\/12\/ruisheng-logo.webp","contentUrl":"https:\/\/glassbottlewholesale.com\/wp-content\/uploads\/2023\/12\/ruisheng-logo.webp","width":400,"height":233,"caption":"Glass Bottle Wholesale"},"image":{"@id":"https:\/\/glassbottlewholesale.com\/#\/schema\/logo\/image\/"}}]}},"_links":{"self":[{"href":"https:\/\/glassbottlewholesale.com\/es\/wp-json\/wp\/v2\/product\/533","targetHints":{"allow":["GET"]}}],"collection":[{"href":"https:\/\/glassbottlewholesale.com\/es\/wp-json\/wp\/v2\/product"}],"about":[{"href":"https:\/\/glassbottlewholesale.com\/es\/wp-json\/wp\/v2\/types\/product"}],"replies":[{"embeddable":true,"href":"https:\/\/glassbottlewholesale.com\/es\/wp-json\/wp\/v2\/comments?post=533"}],"wp:featuredmedia":[{"embeddable":true,"href":"https:\/\/glassbottlewholesale.com\/es\/wp-json\/wp\/v2\/media\/535"}],"wp:attachment":[{"href":"https:\/\/glassbottlewholesale.com\/es\/wp-json\/wp\/v2\/media?parent=533"}],"wp:term":[{"taxonomy":"product_brand","embeddable":true,"href":"https:\/\/glassbottlewholesale.com\/es\/wp-json\/wp\/v2\/product_brand?post=533"},{"taxonomy":"product_cat","embeddable":true,"href":"https:\/\/glassbottlewholesale.com\/es\/wp-json\/wp\/v2\/product_cat?post=533"},{"taxonomy":"product_tag","embeddable":true,"href":"https:\/\/glassbottlewholesale.com\/es\/wp-json\/wp\/v2\/product_tag?post=533"}],"curies":[{"name":"wp","href":"https:\/\/api.w.org\/{rel}","templated":true}]}}