{"id":540,"date":"2019-10-15T13:15:38","date_gmt":"2019-10-15T13:15:38","guid":{"rendered":"https:\/\/queenchingglass.com\/?post_type=product&#038;p=540"},"modified":"2025-07-10T01:25:09","modified_gmt":"2025-07-10T01:25:09","slug":"venta-al-por-mayor-botella-de-whisky-redonda-de-cuello-largo-de-70-cl-con-corcho","status":"publish","type":"product","link":"https:\/\/glassbottlewholesale.com\/es\/venta-al-por-mayor-botella-de-whisky-redonda-de-cuello-largo-de-70-cl-con-corcho\/","title":{"rendered":"RS086: Botella de whisky redonda con cuello largo de 70 cl al por mayor con corcho"},"content":{"rendered":"<div class=\"wpb-content-wrapper\"><div class=\"vc_row wpb_row vc_row-fluid\"><div class=\"wpb_column vc_column_container vc_col-sm-12\"><div class=\"vc_column-inner\"><div class=\"wpb_wrapper\">\n\t<div class=\"wpb_text_column wpb_content_element\" >\n\t\t<div class=\"wpb_wrapper\">\n\t\t\t<p><strong>RS botellas de whisky a granel 70cl,\u00a0<\/strong>Adoptando materia prima de vidrio con alto contenido de pedernal que hace que la botella de whisky de vidrio al por mayor sea m\u00e1s clara, m\u00e1s duradera y m\u00e1s suave que otras botellas de vidrio, utilizadas principalmente en envases de licor, whisky, vodka, bebidas, agua y otros l\u00edquidos.<\/p>\n<p>Se trata de una botella de whisky redonda de 70 cl con cuello largo. Tambi\u00e9n aceptamos servicio de botella de vaso de whisky personalizado. En este servicio personalizado de botellas de vidrio, puede personalizar diferentes formas de botellas de vidrio, como forma redonda, forma cuadrada, forma aerodin\u00e1mica, forma de calavera, etc. Hay diferentes capacidades de botellas de vidrio disponibles: 50 ml, 100 ml, 250 ml, 350 ml, 500 ml, 700 ml, 750 ml. , 1000ml, 1,5 L y otros. Y tambi\u00e9n aceptamos etiquetas privadas personalizadas y servicio de logotipo. \u00a1Lo que necesitas es lo que podemos ofrecerte!<\/p>\n<h4>Obtenga informaci\u00f3n sobre el precio de las botellas de whisky a granel<\/h4>\n<ul>\n<li>Nombre: Botellas de whisky de vidrio al por mayor<\/li>\n<li>Pais de origen: China<\/li>\n<li>Material principal: vidrio alto pedernal<\/li>\n<li>Tapa: Corcho (Podemos cambiar su tapa por una tapa de rosca si es necesario)<\/li>\n<li>Referencia: RS086<\/li>\n<li>Cantidad m\u00ednima de pedido: 1x 40\u2033 GP<\/li>\n<li>Capacidad: 700ml<\/li>\n<li>Forma de embalaje: cart\u00f3n est\u00e1ndar de exportaci\u00f3n\/pal\u00e9\/cart\u00f3n y pal\u00e9 est\u00e1ndar de exportaci\u00f3n<\/li>\n<li>Origen del lugar: Shandong, China<\/li>\n<li>Caracter\u00edstica: Respetuoso del medio ambiente<\/li>\n<\/ul>\n<p>Hay alrededor de m\u00e1s de 500 empleados en nuestra f\u00e1brica y alrededor de 30 controles de calidad para verificar la calidad al por mayor de las botellas de vidrio para beber. Todas las botellas de whisky vac\u00edas se exportar\u00e1n despu\u00e9s de pasar el control de calidad.<\/p>\n<p>Y tambi\u00e9n cuenta con un grupo de ingenieros capacitados que har\u00e1n el trabajo de dibujo de botellas, dise\u00f1o de etiquetas y resolver\u00e1n las preguntas entre ventas y clientes. Con una rica experiencia, tenemos una buena reputaci\u00f3n en todo el mundo.<\/p>\n<p>Nuestros productos principales son botellas de vidrio de primera calidad, como botellas de vodka, botellas de brandy, botellas de whisky, botellas de licor, botellas de ron, etc. Tambi\u00e9n podemos ofrecer botellas de vidrio \u00e1mbar, botellas verdes y botellas transparentes.<\/p>\n<p>Si est\u00e1 interesado en nuestras botellas de whisky redondas de cuello largo y tapa de 70 cl, por favor<a href=\"https:\/\/ruishengglassco.com\/contact\"> Cont\u00e1ctenos.<\/a> Si deseas realizar botellas de vidrio personalizadas, cont\u00e1ctanos tambi\u00e9n. Estamos muy contentos de recibir su consulta sobre las mejores botellas de vidrio para whisky.<\/p>\n\n\t\t<\/div>\n\t<\/div>\n<\/div><\/div><\/div><\/div>\n<\/div>","protected":false},"excerpt":{"rendered":"<p>Ruisheng, un fabricante profesional de botellas de whisky, ha estado involucrado en la fabricaci\u00f3n de botellas de vidrio para whisky durante m\u00e1s de 10 a\u00f1os. Producimos una variedad de botellas de vidrio de alta calidad para licores, whisky, brandy, vodka, etc. Creamos una f\u00e1brica independiente dedicada a la producci\u00f3n de botellas de whisky. Nuestras botellas de whisky se exportan principalmente a EE. UU., Reino Unido, Rusia, Australia, etc. Si est\u00e1 interesado en el precio de las botellas de whisky a granel, no dude en ponerse en contacto conmigo.<\/p>","protected":false},"featured_media":541,"comment_status":"open","ping_status":"closed","template":"","meta":[],"product_brand":[],"product_cat":[55,63,68],"product_tag":[],"class_list":{"0":"post-540","1":"product","2":"type-product","3":"status-publish","4":"has-post-thumbnail","6":"product_cat-custom-glass-bottle","7":"product_cat-liquor-bottle","8":"product_cat-whiskey-bottle","9":"entry","10":"has-media","12":"first","13":"instock","14":"shipping-taxable","15":"product-type-simple"},"yoast_head":"<!-- This site is optimized with the Yoast SEO plugin v27.3 - https:\/\/yoast.com\/product\/yoast-seo-wordpress\/ -->\n<title>Bulk Whiskey Bottles Price | Custom Long Neck Glass Bottles-RS<\/title>\n<meta name=\"description\" content=\"Ruisheng, top liquor bottle manufacturer, custom long neck glass bottles for Whsikey, Brandy, Vodka, and other liquor. Get Bulk Whiskey Bottles Price Here.\" \/>\n<meta name=\"robots\" content=\"index, follow, max-snippet:-1, max-image-preview:large, max-video-preview:-1\" \/>\n<link rel=\"canonical\" href=\"https:\/\/ruishengglassco.com\/product\/rs086-wholesale-70cl-long-neck-round-whiskey-bottle-corked\" \/>\n<meta property=\"og:locale\" content=\"es_ES\" \/>\n<meta property=\"og:type\" content=\"article\" \/>\n<meta property=\"og:title\" content=\"Bulk Whiskey Bottles Price | Custom Long Neck Glass Bottles-RS\" \/>\n<meta property=\"og:description\" content=\"Ruisheng, top liquor bottle manufacturer, custom long neck glass bottles for Whsikey, Brandy, Vodka, and other liquor. Get Bulk Whiskey Bottles Price Here.\" \/>\n<meta property=\"og:url\" content=\"https:\/\/ruishengglassco.com\/product\/rs086-wholesale-70cl-long-neck-round-whiskey-bottle-corked\" \/>\n<meta property=\"og:site_name\" content=\"Glass Bottle Wholesale\" \/>\n<meta property=\"article:modified_time\" content=\"2025-07-10T01:25:09+00:00\" \/>\n<meta property=\"og:image\" content=\"https:\/\/glassbottlewholesale.com\/wp-content\/uploads\/2019\/10\/\u5a01\u58eb\u5fcc3.jpg\" \/>\n\t<meta property=\"og:image:width\" content=\"400\" \/>\n\t<meta property=\"og:image:height\" content=\"400\" \/>\n\t<meta property=\"og:image:type\" content=\"image\/jpeg\" \/>\n<meta name=\"twitter:card\" content=\"summary_large_image\" \/>\n<meta name=\"twitter:label1\" content=\"Tiempo de lectura\" \/>\n\t<meta name=\"twitter:data1\" content=\"2 minutos\" \/>\n<script type=\"application\/ld+json\" class=\"yoast-schema-graph\">{\"@context\":\"https:\\\/\\\/schema.org\",\"@graph\":[{\"@type\":\"WebPage\",\"@id\":\"https:\\\/\\\/glassbottlewholesale.com\\\/wholesale-70cl-long-neck-round-whiskey-bottle-corked\\\/\",\"url\":\"https:\\\/\\\/ruishengglassco.com\\\/product\\\/rs086-wholesale-70cl-long-neck-round-whiskey-bottle-corked\",\"name\":\"Bulk Whiskey Bottles Price | Custom Long Neck Glass Bottles-RS\",\"isPartOf\":{\"@id\":\"https:\\\/\\\/glassbottlewholesale.com\\\/#website\"},\"primaryImageOfPage\":{\"@id\":\"https:\\\/\\\/ruishengglassco.com\\\/product\\\/rs086-wholesale-70cl-long-neck-round-whiskey-bottle-corked#primaryimage\"},\"image\":{\"@id\":\"https:\\\/\\\/ruishengglassco.com\\\/product\\\/rs086-wholesale-70cl-long-neck-round-whiskey-bottle-corked#primaryimage\"},\"thumbnailUrl\":\"https:\\\/\\\/glassbottlewholesale.com\\\/wp-content\\\/uploads\\\/2019\\\/10\\\/\u5a01\u58eb\u5fcc3.jpg\",\"datePublished\":\"2019-10-15T13:15:38+00:00\",\"dateModified\":\"2025-07-10T01:25:09+00:00\",\"description\":\"Ruisheng, top liquor bottle manufacturer, custom long neck glass bottles for Whsikey, Brandy, Vodka, and other liquor. Get Bulk Whiskey Bottles Price Here.\",\"breadcrumb\":{\"@id\":\"https:\\\/\\\/ruishengglassco.com\\\/product\\\/rs086-wholesale-70cl-long-neck-round-whiskey-bottle-corked#breadcrumb\"},\"inLanguage\":\"es\",\"potentialAction\":[{\"@type\":\"ReadAction\",\"target\":[\"https:\\\/\\\/ruishengglassco.com\\\/product\\\/rs086-wholesale-70cl-long-neck-round-whiskey-bottle-corked\"]}]},{\"@type\":\"ImageObject\",\"inLanguage\":\"es\",\"@id\":\"https:\\\/\\\/ruishengglassco.com\\\/product\\\/rs086-wholesale-70cl-long-neck-round-whiskey-bottle-corked#primaryimage\",\"url\":\"https:\\\/\\\/glassbottlewholesale.com\\\/wp-content\\\/uploads\\\/2019\\\/10\\\/\u5a01\u58eb\u5fcc3.jpg\",\"contentUrl\":\"https:\\\/\\\/glassbottlewholesale.com\\\/wp-content\\\/uploads\\\/2019\\\/10\\\/\u5a01\u58eb\u5fcc3.jpg\",\"width\":400,\"height\":400,\"caption\":\"Wholesale 70cl Long Neck Round Whiskey Bottle Corked\"},{\"@type\":\"BreadcrumbList\",\"@id\":\"https:\\\/\\\/ruishengglassco.com\\\/product\\\/rs086-wholesale-70cl-long-neck-round-whiskey-bottle-corked#breadcrumb\",\"itemListElement\":[{\"@type\":\"ListItem\",\"position\":1,\"name\":\"Home\",\"item\":\"https:\\\/\\\/glassbottlewholesale.com\\\/\"},{\"@type\":\"ListItem\",\"position\":2,\"name\":\"Products\",\"item\":\"https:\\\/\\\/glassbottlewholesale.com\\\/shop\\\/\"},{\"@type\":\"ListItem\",\"position\":3,\"name\":\"RS086: Wholesale 70cl Long Neck Round Whiskey Bottle Corked\"}]},{\"@type\":\"WebSite\",\"@id\":\"https:\\\/\\\/glassbottlewholesale.com\\\/#website\",\"url\":\"https:\\\/\\\/glassbottlewholesale.com\\\/\",\"name\":\"Glass Bottle Wholesale\",\"description\":\"\",\"publisher\":{\"@id\":\"https:\\\/\\\/glassbottlewholesale.com\\\/#organization\"},\"potentialAction\":[{\"@type\":\"SearchAction\",\"target\":{\"@type\":\"EntryPoint\",\"urlTemplate\":\"https:\\\/\\\/glassbottlewholesale.com\\\/?s={search_term_string}\"},\"query-input\":{\"@type\":\"PropertyValueSpecification\",\"valueRequired\":true,\"valueName\":\"search_term_string\"}}],\"inLanguage\":\"es\"},{\"@type\":\"Organization\",\"@id\":\"https:\\\/\\\/glassbottlewholesale.com\\\/#organization\",\"name\":\"Glass Bottle Wholesale\",\"url\":\"https:\\\/\\\/glassbottlewholesale.com\\\/\",\"logo\":{\"@type\":\"ImageObject\",\"inLanguage\":\"es\",\"@id\":\"https:\\\/\\\/glassbottlewholesale.com\\\/#\\\/schema\\\/logo\\\/image\\\/\",\"url\":\"https:\\\/\\\/glassbottlewholesale.com\\\/wp-content\\\/uploads\\\/2023\\\/12\\\/ruisheng-logo.webp\",\"contentUrl\":\"https:\\\/\\\/glassbottlewholesale.com\\\/wp-content\\\/uploads\\\/2023\\\/12\\\/ruisheng-logo.webp\",\"width\":400,\"height\":233,\"caption\":\"Glass Bottle Wholesale\"},\"image\":{\"@id\":\"https:\\\/\\\/glassbottlewholesale.com\\\/#\\\/schema\\\/logo\\\/image\\\/\"}}]}<\/script>\n<!-- \/ Yoast SEO plugin. -->","yoast_head_json":{"title":"Precio de botellas de whisky a granel | Botellas de vidrio de cuello largo personalizadas-RS","description":"Ruisheng, el principal fabricante de botellas de licor, botellas de vidrio de cuello largo personalizadas para whisky, brandy, vodka y otros licores. Obtenga el precio de las botellas de whisky a granel aqu\u00ed.","robots":{"index":"index","follow":"follow","max-snippet":"max-snippet:-1","max-image-preview":"max-image-preview:large","max-video-preview":"max-video-preview:-1"},"canonical":"https:\/\/ruishengglassco.com\/product\/rs086-wholesale-70cl-long-neck-round-whiskey-bottle-corked","og_locale":"es_ES","og_type":"article","og_title":"Bulk Whiskey Bottles Price | Custom Long Neck Glass Bottles-RS","og_description":"Ruisheng, top liquor bottle manufacturer, custom long neck glass bottles for Whsikey, Brandy, Vodka, and other liquor. Get Bulk Whiskey Bottles Price Here.","og_url":"https:\/\/ruishengglassco.com\/product\/rs086-wholesale-70cl-long-neck-round-whiskey-bottle-corked","og_site_name":"Glass Bottle Wholesale","article_modified_time":"2025-07-10T01:25:09+00:00","og_image":[{"width":400,"height":400,"url":"https:\/\/glassbottlewholesale.com\/wp-content\/uploads\/2019\/10\/\u5a01\u58eb\u5fcc3.jpg","type":"image\/jpeg"}],"twitter_card":"summary_large_image","twitter_misc":{"Tiempo de lectura":"2 minutos"},"schema":{"@context":"https:\/\/schema.org","@graph":[{"@type":"WebPage","@id":"https:\/\/glassbottlewholesale.com\/wholesale-70cl-long-neck-round-whiskey-bottle-corked\/","url":"https:\/\/ruishengglassco.com\/product\/rs086-wholesale-70cl-long-neck-round-whiskey-bottle-corked","name":"Precio de botellas de whisky a granel | Botellas de vidrio de cuello largo personalizadas-RS","isPartOf":{"@id":"https:\/\/glassbottlewholesale.com\/#website"},"primaryImageOfPage":{"@id":"https:\/\/ruishengglassco.com\/product\/rs086-wholesale-70cl-long-neck-round-whiskey-bottle-corked#primaryimage"},"image":{"@id":"https:\/\/ruishengglassco.com\/product\/rs086-wholesale-70cl-long-neck-round-whiskey-bottle-corked#primaryimage"},"thumbnailUrl":"https:\/\/glassbottlewholesale.com\/wp-content\/uploads\/2019\/10\/\u5a01\u58eb\u5fcc3.jpg","datePublished":"2019-10-15T13:15:38+00:00","dateModified":"2025-07-10T01:25:09+00:00","description":"Ruisheng, el principal fabricante de botellas de licor, botellas de vidrio de cuello largo personalizadas para whisky, brandy, vodka y otros licores. Obtenga el precio de las botellas de whisky a granel aqu\u00ed.","breadcrumb":{"@id":"https:\/\/ruishengglassco.com\/product\/rs086-wholesale-70cl-long-neck-round-whiskey-bottle-corked#breadcrumb"},"inLanguage":"es","potentialAction":[{"@type":"ReadAction","target":["https:\/\/ruishengglassco.com\/product\/rs086-wholesale-70cl-long-neck-round-whiskey-bottle-corked"]}]},{"@type":"ImageObject","inLanguage":"es","@id":"https:\/\/ruishengglassco.com\/product\/rs086-wholesale-70cl-long-neck-round-whiskey-bottle-corked#primaryimage","url":"https:\/\/glassbottlewholesale.com\/wp-content\/uploads\/2019\/10\/\u5a01\u58eb\u5fcc3.jpg","contentUrl":"https:\/\/glassbottlewholesale.com\/wp-content\/uploads\/2019\/10\/\u5a01\u58eb\u5fcc3.jpg","width":400,"height":400,"caption":"Wholesale 70cl Long Neck Round Whiskey Bottle Corked"},{"@type":"BreadcrumbList","@id":"https:\/\/ruishengglassco.com\/product\/rs086-wholesale-70cl-long-neck-round-whiskey-bottle-corked#breadcrumb","itemListElement":[{"@type":"ListItem","position":1,"name":"Home","item":"https:\/\/glassbottlewholesale.com\/"},{"@type":"ListItem","position":2,"name":"Products","item":"https:\/\/glassbottlewholesale.com\/shop\/"},{"@type":"ListItem","position":3,"name":"RS086: Wholesale 70cl Long Neck Round Whiskey Bottle Corked"}]},{"@type":"WebSite","@id":"https:\/\/glassbottlewholesale.com\/#website","url":"https:\/\/glassbottlewholesale.com\/","name":"Glass Bottle Wholesale","description":"","publisher":{"@id":"https:\/\/glassbottlewholesale.com\/#organization"},"potentialAction":[{"@type":"SearchAction","target":{"@type":"EntryPoint","urlTemplate":"https:\/\/glassbottlewholesale.com\/?s={search_term_string}"},"query-input":{"@type":"PropertyValueSpecification","valueRequired":true,"valueName":"search_term_string"}}],"inLanguage":"es"},{"@type":"Organization","@id":"https:\/\/glassbottlewholesale.com\/#organization","name":"Glass Bottle Wholesale","url":"https:\/\/glassbottlewholesale.com\/","logo":{"@type":"ImageObject","inLanguage":"es","@id":"https:\/\/glassbottlewholesale.com\/#\/schema\/logo\/image\/","url":"https:\/\/glassbottlewholesale.com\/wp-content\/uploads\/2023\/12\/ruisheng-logo.webp","contentUrl":"https:\/\/glassbottlewholesale.com\/wp-content\/uploads\/2023\/12\/ruisheng-logo.webp","width":400,"height":233,"caption":"Glass Bottle Wholesale"},"image":{"@id":"https:\/\/glassbottlewholesale.com\/#\/schema\/logo\/image\/"}}]}},"_links":{"self":[{"href":"https:\/\/glassbottlewholesale.com\/es\/wp-json\/wp\/v2\/product\/540","targetHints":{"allow":["GET"]}}],"collection":[{"href":"https:\/\/glassbottlewholesale.com\/es\/wp-json\/wp\/v2\/product"}],"about":[{"href":"https:\/\/glassbottlewholesale.com\/es\/wp-json\/wp\/v2\/types\/product"}],"replies":[{"embeddable":true,"href":"https:\/\/glassbottlewholesale.com\/es\/wp-json\/wp\/v2\/comments?post=540"}],"wp:featuredmedia":[{"embeddable":true,"href":"https:\/\/glassbottlewholesale.com\/es\/wp-json\/wp\/v2\/media\/541"}],"wp:attachment":[{"href":"https:\/\/glassbottlewholesale.com\/es\/wp-json\/wp\/v2\/media?parent=540"}],"wp:term":[{"taxonomy":"product_brand","embeddable":true,"href":"https:\/\/glassbottlewholesale.com\/es\/wp-json\/wp\/v2\/product_brand?post=540"},{"taxonomy":"product_cat","embeddable":true,"href":"https:\/\/glassbottlewholesale.com\/es\/wp-json\/wp\/v2\/product_cat?post=540"},{"taxonomy":"product_tag","embeddable":true,"href":"https:\/\/glassbottlewholesale.com\/es\/wp-json\/wp\/v2\/product_tag?post=540"}],"curies":[{"name":"wp","href":"https:\/\/api.w.org\/{rel}","templated":true}]}}