{"id":661,"date":"2019-10-18T05:56:07","date_gmt":"2019-10-18T05:56:07","guid":{"rendered":"https:\/\/queenchingglass.com\/?post_type=product&#038;p=661"},"modified":"2024-07-26T23:03:09","modified_gmt":"2024-07-26T23:03:09","slug":"50ml-miniature-alcohol-bottles-bulk","status":"publish","type":"product","link":"https:\/\/glassbottlewholesale.com\/es\/50ml-miniature-alcohol-bottles-bulk\/","title":{"rendered":"RS084: Botellas de alcohol en miniatura de 50 ml, compra al por mayor"},"content":{"rendered":"<p>Ruisheng 50ml Miniature Alcohol Bottles Bulk is the most important product series sales in European countries. which features a clear round shape, and suitable for liquor, whiskey, brandy , vodka, gin, tequila, and other alcohol drink&#8217;s packaging. We mainly wholesale these empty glass bottles for liquor brands, companies, glass bottle suppliers, wholesalers, supermarkets, and etc.<\/p>\n<p>These 50ml mini liquor bottles also accept custom glass bottle service. In this customized glass bottle service,\u00a0 you can custom different glass bottle shapes, such as round shape, square shape, streamlines shape, skull shape and etc. Different glass bottle capacity is available 50ml, 100ml, 250ml, 350ml, 500ml, 700ml, 750ml, 1000ml, 1.5 L and others. And we also accept custom private label and Logo Service. What you need is what we can offer!<\/p>\n<h4>About 50ml Miniature Alcohol Bottles Bulk<\/h4>\n<ul>\n<li>Marca: RS<\/li>\n<li>Shape: Round or customized<\/li>\n<li>Material: High flint glasses<\/li>\n<li>Sealing Type:\u00a0Guala Caps\/ Screw Caps \/ Corks<\/li>\n<li>Features:\u00a0\u00a0Eco-friendly, 100% safe for health, with SGS, TUV, ISO certificates<\/li>\n<\/ul>\n<p>With high quality and good reputation, our empty mini liquor bottles have been exported to the USA, Canada, UK, France, Australia, Argentina, South Africa and etc. Our customers gave our mini liquor bottles a high evaluation and signed a long-term purchase contract.<\/p>\n<p>If you are satisfied with this 50ml liquor bottles, please contact me in time. If you don\u2019t like it, you can look at our other bottles. Or I\u2019ll give you the catalog, you can choose what you like. If you are interested in our hermetic bottles of alcohol, please contact us. We will reply to you within 24 hours.<\/p>","protected":false},"excerpt":{"rendered":"<style type=\"text\/css\">\n.tg  {border-collapse:collapse;border-spacing:0;border-color:#ccc;}<br \/>.tg td{font-family:Arial, sans-serif;font-size:14px;padding:10px 5px;border-style:solid;border-width:1px;overflow:hidden;word-break:normal;border-color:#ccc;color:#333;background-color:#fff;}<br \/>.tg th{font-family:Arial, sans-serif;font-size:14px;font-weight:normal;padding:10px 5px;border-style:solid;border-width:1px;overflow:hidden;word-break:normal;border-color:#ccc;color:#333;background-color:#f0f0f0;}<br \/>.tg .tg-24i8{font-size:24px;vertical-align:top}<br \/>.tg .tg-b7b8{background-color:#f9f9f9;vertical-align:top}<br \/>.tg .tg-yw4l{vertical-align:top}<br \/><\/style>\n<table class=\"tg\">\n<tbody>\n<tr>\n<th class=\"tg-24i8\" colspan=\"2\">50ml Miniature Alcohol Bottles Bulk<\/th>\n<\/tr>\n<tr>\n<td class=\"tg-b7b8\">Material principal:<\/td>\n<td class=\"tg-b7b8\">Vidrio alto de pedernal<\/td>\n<\/tr>\n<tr>\n<td class=\"tg-yw4l\">Gorra:<\/td>\n<td class=\"tg-yw4l\">Guala Caps\/ Screw Caps \/ Corks<\/td>\n<\/tr>\n<tr>\n<td class=\"tg-b7b8\">Forma de embalaje<\/td>\n<td class=\"tg-b7b8\">Cart\u00f3n, Pal\u00e9, Cart\u00f3n y Pal\u00e9<\/td>\n<\/tr>\n<tr>\n<td class=\"tg-yw4l\">Caracter\u00edstica:<\/td>\n<td class=\"tg-yw4l\">Respetuoso del medio ambiente<\/td>\n<\/tr>\n<tr>\n<td class=\"tg-b7b8\">Cantidad m\u00ednima de pedido:<\/td>\n<td class=\"tg-b7b8\">10000 piezas<\/td>\n<\/tr>\n<tr>\n<td class=\"tg-yw4l\">Origen del lugar:<\/td>\n<td class=\"tg-yw4l\">Shandong, China<\/td>\n<\/tr>\n<tr>\n<td class=\"tg-b7b8\">Piezas\/caja:<\/td>\n<td class=\"tg-b7b8\">24 piezas<\/td>\n<\/tr>\n<tr>\n<td class=\"tg-yw4l\">Referencia:<\/td>\n<td class=\"tg-yw4l\">RS084<\/td>\n<\/tr>\n<tr>\n<td class=\"tg-b7b8\">Forma de env\u00edo:<\/td>\n<td class=\"tg-b7b8\">Ship,Express<\/td>\n<\/tr>\n<tr>\n<td class=\"tg-yw4l\">OEM\/ODM:<\/td>\n<td class=\"tg-yw4l\">Bienvenido<\/td>\n<\/tr>\n<\/tbody>\n<\/table>","protected":false},"featured_media":2720,"comment_status":"open","ping_status":"closed","template":"","meta":[],"product_brand":[],"product_cat":[58,63],"product_tag":[],"class_list":{"0":"post-661","1":"product","2":"type-product","3":"status-publish","4":"has-post-thumbnail","6":"product_cat-50ml-glass-bottle","7":"product_cat-liquor-bottle","8":"entry","9":"has-media","11":"first","12":"instock","13":"shipping-taxable","14":"product-type-simple"},"yoast_head":"<!-- This site is optimized with the Yoast SEO plugin v27.3 - https:\/\/yoast.com\/product\/yoast-seo-wordpress\/ -->\n<title>50ml Miniature Alcohol Bottles Bulk | Empty Spirit Bottles Manufacturer<\/title>\n<meta name=\"description\" content=\"Ruisheng, a professional empty spirit bottles manufacturer, wholesale 50ml miniature alcohol bottles bulk in factory outlet price.\" \/>\n<meta name=\"robots\" content=\"index, follow, max-snippet:-1, max-image-preview:large, max-video-preview:-1\" \/>\n<link rel=\"canonical\" href=\"https:\/\/ruishengglassco.com\/product\/rs084-50ml-miniature-alcohol-bottles-bulk-buy\" \/>\n<meta property=\"og:locale\" content=\"es_ES\" \/>\n<meta property=\"og:type\" content=\"article\" \/>\n<meta property=\"og:title\" content=\"50ml Miniature Alcohol Bottles Bulk | Empty Spirit Bottles Manufacturer\" \/>\n<meta property=\"og:description\" content=\"Ruisheng, a professional empty spirit bottles manufacturer, wholesale 50ml miniature alcohol bottles bulk in factory outlet price.\" \/>\n<meta property=\"og:url\" content=\"https:\/\/ruishengglassco.com\/product\/rs084-50ml-miniature-alcohol-bottles-bulk-buy\" \/>\n<meta property=\"og:site_name\" content=\"Glass Bottle Wholesale\" \/>\n<meta property=\"article:modified_time\" content=\"2024-07-26T23:03:09+00:00\" \/>\n<meta property=\"og:image\" content=\"https:\/\/glassbottlewholesale.com\/wp-content\/uploads\/2019\/10\/R12-glassbottle.jpg\" \/>\n\t<meta property=\"og:image:width\" content=\"800\" \/>\n\t<meta property=\"og:image:height\" content=\"800\" \/>\n\t<meta property=\"og:image:type\" content=\"image\/jpeg\" \/>\n<meta name=\"twitter:card\" content=\"summary_large_image\" \/>\n<meta name=\"twitter:label1\" content=\"Tiempo de lectura\" \/>\n\t<meta name=\"twitter:data1\" content=\"2 minutos\" \/>\n<script type=\"application\/ld+json\" class=\"yoast-schema-graph\">{\"@context\":\"https:\\\/\\\/schema.org\",\"@graph\":[{\"@type\":\"WebPage\",\"@id\":\"https:\\\/\\\/glassbottlewholesale.com\\\/50ml-miniature-alcohol-bottles-bulk\\\/\",\"url\":\"https:\\\/\\\/ruishengglassco.com\\\/product\\\/rs084-50ml-miniature-alcohol-bottles-bulk-buy\",\"name\":\"50ml Miniature Alcohol Bottles Bulk | Empty Spirit Bottles Manufacturer\",\"isPartOf\":{\"@id\":\"https:\\\/\\\/glassbottlewholesale.com\\\/#website\"},\"primaryImageOfPage\":{\"@id\":\"https:\\\/\\\/ruishengglassco.com\\\/product\\\/rs084-50ml-miniature-alcohol-bottles-bulk-buy#primaryimage\"},\"image\":{\"@id\":\"https:\\\/\\\/ruishengglassco.com\\\/product\\\/rs084-50ml-miniature-alcohol-bottles-bulk-buy#primaryimage\"},\"thumbnailUrl\":\"https:\\\/\\\/glassbottlewholesale.com\\\/wp-content\\\/uploads\\\/2019\\\/10\\\/R12-glassbottle.jpg\",\"datePublished\":\"2019-10-18T05:56:07+00:00\",\"dateModified\":\"2024-07-26T23:03:09+00:00\",\"description\":\"Ruisheng, a professional empty spirit bottles manufacturer, wholesale 50ml miniature alcohol bottles bulk in factory outlet price.\",\"breadcrumb\":{\"@id\":\"https:\\\/\\\/ruishengglassco.com\\\/product\\\/rs084-50ml-miniature-alcohol-bottles-bulk-buy#breadcrumb\"},\"inLanguage\":\"es\",\"potentialAction\":[{\"@type\":\"ReadAction\",\"target\":[\"https:\\\/\\\/ruishengglassco.com\\\/product\\\/rs084-50ml-miniature-alcohol-bottles-bulk-buy\"]}]},{\"@type\":\"ImageObject\",\"inLanguage\":\"es\",\"@id\":\"https:\\\/\\\/ruishengglassco.com\\\/product\\\/rs084-50ml-miniature-alcohol-bottles-bulk-buy#primaryimage\",\"url\":\"https:\\\/\\\/glassbottlewholesale.com\\\/wp-content\\\/uploads\\\/2019\\\/10\\\/R12-glassbottle.jpg\",\"contentUrl\":\"https:\\\/\\\/glassbottlewholesale.com\\\/wp-content\\\/uploads\\\/2019\\\/10\\\/R12-glassbottle.jpg\",\"width\":800,\"height\":800,\"caption\":\"50ml Miniature Alcohol Bottles Bulk Buy\"},{\"@type\":\"BreadcrumbList\",\"@id\":\"https:\\\/\\\/ruishengglassco.com\\\/product\\\/rs084-50ml-miniature-alcohol-bottles-bulk-buy#breadcrumb\",\"itemListElement\":[{\"@type\":\"ListItem\",\"position\":1,\"name\":\"Home\",\"item\":\"https:\\\/\\\/glassbottlewholesale.com\\\/\"},{\"@type\":\"ListItem\",\"position\":2,\"name\":\"Products\",\"item\":\"https:\\\/\\\/glassbottlewholesale.com\\\/shop\\\/\"},{\"@type\":\"ListItem\",\"position\":3,\"name\":\"RS084: 50ml Miniature Alcohol Bottles Bulk Buy\"}]},{\"@type\":\"WebSite\",\"@id\":\"https:\\\/\\\/glassbottlewholesale.com\\\/#website\",\"url\":\"https:\\\/\\\/glassbottlewholesale.com\\\/\",\"name\":\"Glass Bottle Wholesale\",\"description\":\"\",\"publisher\":{\"@id\":\"https:\\\/\\\/glassbottlewholesale.com\\\/#organization\"},\"potentialAction\":[{\"@type\":\"SearchAction\",\"target\":{\"@type\":\"EntryPoint\",\"urlTemplate\":\"https:\\\/\\\/glassbottlewholesale.com\\\/?s={search_term_string}\"},\"query-input\":{\"@type\":\"PropertyValueSpecification\",\"valueRequired\":true,\"valueName\":\"search_term_string\"}}],\"inLanguage\":\"es\"},{\"@type\":\"Organization\",\"@id\":\"https:\\\/\\\/glassbottlewholesale.com\\\/#organization\",\"name\":\"Glass Bottle Wholesale\",\"url\":\"https:\\\/\\\/glassbottlewholesale.com\\\/\",\"logo\":{\"@type\":\"ImageObject\",\"inLanguage\":\"es\",\"@id\":\"https:\\\/\\\/glassbottlewholesale.com\\\/#\\\/schema\\\/logo\\\/image\\\/\",\"url\":\"https:\\\/\\\/glassbottlewholesale.com\\\/wp-content\\\/uploads\\\/2023\\\/12\\\/ruisheng-logo.webp\",\"contentUrl\":\"https:\\\/\\\/glassbottlewholesale.com\\\/wp-content\\\/uploads\\\/2023\\\/12\\\/ruisheng-logo.webp\",\"width\":400,\"height\":233,\"caption\":\"Glass Bottle Wholesale\"},\"image\":{\"@id\":\"https:\\\/\\\/glassbottlewholesale.com\\\/#\\\/schema\\\/logo\\\/image\\\/\"}}]}<\/script>\n<!-- \/ Yoast SEO plugin. -->","yoast_head_json":{"title":"50ml Miniature Alcohol Bottles Bulk | Empty Spirit Bottles Manufacturer","description":"Ruisheng, a professional empty spirit bottles manufacturer, wholesale 50ml miniature alcohol bottles bulk in factory outlet price.","robots":{"index":"index","follow":"follow","max-snippet":"max-snippet:-1","max-image-preview":"max-image-preview:large","max-video-preview":"max-video-preview:-1"},"canonical":"https:\/\/ruishengglassco.com\/product\/rs084-50ml-miniature-alcohol-bottles-bulk-buy","og_locale":"es_ES","og_type":"article","og_title":"50ml Miniature Alcohol Bottles Bulk | Empty Spirit Bottles Manufacturer","og_description":"Ruisheng, a professional empty spirit bottles manufacturer, wholesale 50ml miniature alcohol bottles bulk in factory outlet price.","og_url":"https:\/\/ruishengglassco.com\/product\/rs084-50ml-miniature-alcohol-bottles-bulk-buy","og_site_name":"Glass Bottle Wholesale","article_modified_time":"2024-07-26T23:03:09+00:00","og_image":[{"width":800,"height":800,"url":"https:\/\/glassbottlewholesale.com\/wp-content\/uploads\/2019\/10\/R12-glassbottle.jpg","type":"image\/jpeg"}],"twitter_card":"summary_large_image","twitter_misc":{"Tiempo de lectura":"2 minutos"},"schema":{"@context":"https:\/\/schema.org","@graph":[{"@type":"WebPage","@id":"https:\/\/glassbottlewholesale.com\/50ml-miniature-alcohol-bottles-bulk\/","url":"https:\/\/ruishengglassco.com\/product\/rs084-50ml-miniature-alcohol-bottles-bulk-buy","name":"50ml Miniature Alcohol Bottles Bulk | Empty Spirit Bottles Manufacturer","isPartOf":{"@id":"https:\/\/glassbottlewholesale.com\/#website"},"primaryImageOfPage":{"@id":"https:\/\/ruishengglassco.com\/product\/rs084-50ml-miniature-alcohol-bottles-bulk-buy#primaryimage"},"image":{"@id":"https:\/\/ruishengglassco.com\/product\/rs084-50ml-miniature-alcohol-bottles-bulk-buy#primaryimage"},"thumbnailUrl":"https:\/\/glassbottlewholesale.com\/wp-content\/uploads\/2019\/10\/R12-glassbottle.jpg","datePublished":"2019-10-18T05:56:07+00:00","dateModified":"2024-07-26T23:03:09+00:00","description":"Ruisheng, a professional empty spirit bottles manufacturer, wholesale 50ml miniature alcohol bottles bulk in factory outlet price.","breadcrumb":{"@id":"https:\/\/ruishengglassco.com\/product\/rs084-50ml-miniature-alcohol-bottles-bulk-buy#breadcrumb"},"inLanguage":"es","potentialAction":[{"@type":"ReadAction","target":["https:\/\/ruishengglassco.com\/product\/rs084-50ml-miniature-alcohol-bottles-bulk-buy"]}]},{"@type":"ImageObject","inLanguage":"es","@id":"https:\/\/ruishengglassco.com\/product\/rs084-50ml-miniature-alcohol-bottles-bulk-buy#primaryimage","url":"https:\/\/glassbottlewholesale.com\/wp-content\/uploads\/2019\/10\/R12-glassbottle.jpg","contentUrl":"https:\/\/glassbottlewholesale.com\/wp-content\/uploads\/2019\/10\/R12-glassbottle.jpg","width":800,"height":800,"caption":"50ml Miniature Alcohol Bottles Bulk Buy"},{"@type":"BreadcrumbList","@id":"https:\/\/ruishengglassco.com\/product\/rs084-50ml-miniature-alcohol-bottles-bulk-buy#breadcrumb","itemListElement":[{"@type":"ListItem","position":1,"name":"Home","item":"https:\/\/glassbottlewholesale.com\/"},{"@type":"ListItem","position":2,"name":"Products","item":"https:\/\/glassbottlewholesale.com\/shop\/"},{"@type":"ListItem","position":3,"name":"RS084: 50ml Miniature Alcohol Bottles Bulk Buy"}]},{"@type":"WebSite","@id":"https:\/\/glassbottlewholesale.com\/#website","url":"https:\/\/glassbottlewholesale.com\/","name":"Glass Bottle Wholesale","description":"","publisher":{"@id":"https:\/\/glassbottlewholesale.com\/#organization"},"potentialAction":[{"@type":"SearchAction","target":{"@type":"EntryPoint","urlTemplate":"https:\/\/glassbottlewholesale.com\/?s={search_term_string}"},"query-input":{"@type":"PropertyValueSpecification","valueRequired":true,"valueName":"search_term_string"}}],"inLanguage":"es"},{"@type":"Organization","@id":"https:\/\/glassbottlewholesale.com\/#organization","name":"Glass Bottle Wholesale","url":"https:\/\/glassbottlewholesale.com\/","logo":{"@type":"ImageObject","inLanguage":"es","@id":"https:\/\/glassbottlewholesale.com\/#\/schema\/logo\/image\/","url":"https:\/\/glassbottlewholesale.com\/wp-content\/uploads\/2023\/12\/ruisheng-logo.webp","contentUrl":"https:\/\/glassbottlewholesale.com\/wp-content\/uploads\/2023\/12\/ruisheng-logo.webp","width":400,"height":233,"caption":"Glass Bottle Wholesale"},"image":{"@id":"https:\/\/glassbottlewholesale.com\/#\/schema\/logo\/image\/"}}]}},"_links":{"self":[{"href":"https:\/\/glassbottlewholesale.com\/es\/wp-json\/wp\/v2\/product\/661","targetHints":{"allow":["GET"]}}],"collection":[{"href":"https:\/\/glassbottlewholesale.com\/es\/wp-json\/wp\/v2\/product"}],"about":[{"href":"https:\/\/glassbottlewholesale.com\/es\/wp-json\/wp\/v2\/types\/product"}],"replies":[{"embeddable":true,"href":"https:\/\/glassbottlewholesale.com\/es\/wp-json\/wp\/v2\/comments?post=661"}],"wp:featuredmedia":[{"embeddable":true,"href":"https:\/\/glassbottlewholesale.com\/es\/wp-json\/wp\/v2\/media\/2720"}],"wp:attachment":[{"href":"https:\/\/glassbottlewholesale.com\/es\/wp-json\/wp\/v2\/media?parent=661"}],"wp:term":[{"taxonomy":"product_brand","embeddable":true,"href":"https:\/\/glassbottlewholesale.com\/es\/wp-json\/wp\/v2\/product_brand?post=661"},{"taxonomy":"product_cat","embeddable":true,"href":"https:\/\/glassbottlewholesale.com\/es\/wp-json\/wp\/v2\/product_cat?post=661"},{"taxonomy":"product_tag","embeddable":true,"href":"https:\/\/glassbottlewholesale.com\/es\/wp-json\/wp\/v2\/product_tag?post=661"}],"curies":[{"name":"wp","href":"https:\/\/api.w.org\/{rel}","templated":true}]}}