{"id":690,"date":"2019-10-18T06:47:30","date_gmt":"2019-10-18T06:47:30","guid":{"rendered":"https:\/\/queenchingglass.com\/?post_type=product&#038;p=690"},"modified":"2025-07-10T01:56:10","modified_gmt":"2025-07-10T01:56:10","slug":"botella-de-vidrio-de-500-ml-con-tapon-al-por-mayor","status":"publish","type":"product","link":"https:\/\/glassbottlewholesale.com\/es\/botella-de-vidrio-de-500-ml-con-tapon-al-por-mayor\/","title":{"rendered":"RS079: botella de vidrio de 500 ml con tap\u00f3n"},"content":{"rendered":"<div class=\"wpb-content-wrapper\"><div class=\"vc_row wpb_row vc_row-fluid\"><div class=\"wpb_column vc_column_container vc_col-sm-12\"><div class=\"vc_column-inner\"><div class=\"wpb_wrapper\">\n\t<div class=\"wpb_text_column wpb_content_element\" >\n\t\t<div class=\"wpb_wrapper\">\n\t\t\t<p>La botella de vidrio de 500 ml con tap\u00f3n al por mayor se fabrica en Shandong Yuncheng Ruisheng Glass Co., Ltd. Es uno de nuestros productos de mayor venta. El material de esta botella de vidrio es un material s\u00faper pedernal.<\/p>\n<p>La botella de vidrio Ruisheng a la venta est\u00e1 hecha de material de vidrio con alto contenido de pedernal, lo que hace que la botella de vidrio sea m\u00e1s clara, m\u00e1s duradera y m\u00e1s suave. Si te gusta el dise\u00f1o de esta botella, pero no est\u00e1s satisfecho con su capacidad, podemos cambiar la capacidad.<\/p>\n<p>Nuestros productos principales son botellas de vidrio de primera calidad con tapones, como botellas de vodka, botellas de brandy, botellas de whisky, botellas de licor, botellas de mermelada, etc. Tambi\u00e9n podemos ofrecer botellas de vidrio \u00e1mbar, botellas verdes y botellas de agua. Los pedidos OEM y ODM son bienvenidos, nos complace dise\u00f1ar o producir sus propias botellas personalizadas, exactamente igual a su idea y dibujo. Lo que queremos hacer es brindar un servicio integral a cada amigo.<\/p>\n<p>La producci\u00f3n de botellas de vidrio de 500 ml al por mayor ha sido estrictamente seleccionada a partir de materiales, traemos materiales del pa\u00eds de origen, adem\u00e1s, utilizamos m\u00e1quinas avanzadas para procesar y fabricar botellas de vidrio.<\/p>\n<h4>La informaci\u00f3n de la botella de vidrio de 500 ml con tap\u00f3n al por mayor:<\/h4>\n<ul>\n<li>Material principal: vidrio alto pedernal<\/li>\n<li>Tapa: tap\u00f3n de rosca<\/li>\n<li>Referencia: RS079<\/li>\n<li>Cantidad m\u00ednima de pedido: 10000 unidades<\/li>\n<li>Capacidad: 500ml<\/li>\n<li>Piezas\/caja: 24 piezas<\/li>\n<li>Origen del lugar: Shandong, China<\/li>\n<li>Caracter\u00edstica: Respetuoso del medio ambiente<\/li>\n<\/ul>\n<p>Si est\u00e1 satisfecho con esta botella de vino de forma \u00fanica, comun\u00edquese conmigo a tiempo. Si no te gusta, puedes mirar nuestras otras botellas. O te paso el cat\u00e1logo, puedes elegir lo que m\u00e1s te guste. Si desea obtener la botella de vidrio de 500 ml con tap\u00f3n a precio mayorista, por favor<a href=\"https:\/\/ruishengglassco.com\/contact\"> Cont\u00e1ctenos<\/a>. Le responderemos dentro de las 24 horas.<\/p>\n\n\t\t<\/div>\n\t<\/div>\n<\/div><\/div><\/div><\/div>\n<\/div>","protected":false},"excerpt":{"rendered":"<p>Las botellas de vino de vidrio transparente a la venta est\u00e1n hechas de material de vidrio con alto contenido de pedernal que hace que la botella de vidrio sea m\u00e1s clara, m\u00e1s duradera y m\u00e1s suave.<\/p>","protected":false},"featured_media":4381,"comment_status":"open","ping_status":"closed","template":"","meta":[],"product_brand":[],"product_cat":[50,51],"product_tag":[],"class_list":{"0":"post-690","1":"product","2":"type-product","3":"status-publish","4":"has-post-thumbnail","6":"product_cat-500ml-glass-bottle","7":"product_cat-700ml-glass-bottle","8":"entry","9":"has-media","11":"first","12":"instock","13":"shipping-taxable","14":"product-type-simple"},"yoast_head":"<!-- This site is optimized with the Yoast SEO plugin v27.3 - https:\/\/yoast.com\/product\/yoast-seo-wordpress\/ -->\n<title>500ml Glass Bottle With Stopper Wholesale | Unique Shape Wine Bottle<\/title>\n<meta name=\"description\" content=\"The 500ml glass bottle with stopper wholesale is made in Shandong Yuncheng Ruisheng Glass Co., Ltd. Factory Outlet&amp;Global Shipping Service.\" \/>\n<meta name=\"robots\" content=\"index, follow, max-snippet:-1, max-image-preview:large, max-video-preview:-1\" \/>\n<link rel=\"canonical\" href=\"https:\/\/ruishengglassco.com\/product\/rs079-500ml-glass-bottle-with-stopper-wholesale\" \/>\n<meta property=\"og:locale\" content=\"es_ES\" \/>\n<meta property=\"og:type\" content=\"article\" \/>\n<meta property=\"og:title\" content=\"500ml Glass Bottle With Stopper Wholesale | Unique Shape Wine Bottle\" \/>\n<meta property=\"og:description\" content=\"The 500ml glass bottle with stopper wholesale is made in Shandong Yuncheng Ruisheng Glass Co., Ltd. Factory Outlet&amp;Global Shipping Service.\" \/>\n<meta property=\"og:url\" content=\"https:\/\/ruishengglassco.com\/product\/rs079-500ml-glass-bottle-with-stopper-wholesale\" \/>\n<meta property=\"og:site_name\" content=\"Glass Bottle Wholesale\" \/>\n<meta property=\"article:modified_time\" content=\"2025-07-10T01:56:10+00:00\" \/>\n<meta property=\"og:image\" content=\"https:\/\/glassbottlewholesale.com\/wp-content\/uploads\/2023\/12\/500ml-glass-bottle-wholesale-1.jpg\" \/>\n\t<meta property=\"og:image:width\" content=\"800\" \/>\n\t<meta property=\"og:image:height\" content=\"800\" \/>\n\t<meta property=\"og:image:type\" content=\"image\/jpeg\" \/>\n<meta name=\"twitter:card\" content=\"summary_large_image\" \/>\n<meta name=\"twitter:label1\" content=\"Tiempo de lectura\" \/>\n\t<meta name=\"twitter:data1\" content=\"2 minutos\" \/>\n<script type=\"application\/ld+json\" class=\"yoast-schema-graph\">{\"@context\":\"https:\\\/\\\/schema.org\",\"@graph\":[{\"@type\":\"WebPage\",\"@id\":\"https:\\\/\\\/glassbottlewholesale.com\\\/500ml-glass-bottle-with-stopper-wholesale\\\/\",\"url\":\"https:\\\/\\\/ruishengglassco.com\\\/product\\\/rs079-500ml-glass-bottle-with-stopper-wholesale\",\"name\":\"500ml Glass Bottle With Stopper Wholesale | Unique Shape Wine Bottle\",\"isPartOf\":{\"@id\":\"https:\\\/\\\/glassbottlewholesale.com\\\/#website\"},\"primaryImageOfPage\":{\"@id\":\"https:\\\/\\\/ruishengglassco.com\\\/product\\\/rs079-500ml-glass-bottle-with-stopper-wholesale#primaryimage\"},\"image\":{\"@id\":\"https:\\\/\\\/ruishengglassco.com\\\/product\\\/rs079-500ml-glass-bottle-with-stopper-wholesale#primaryimage\"},\"thumbnailUrl\":\"https:\\\/\\\/glassbottlewholesale.com\\\/wp-content\\\/uploads\\\/2023\\\/12\\\/500ml-glass-bottle-wholesale-1.jpg\",\"datePublished\":\"2019-10-18T06:47:30+00:00\",\"dateModified\":\"2025-07-10T01:56:10+00:00\",\"description\":\"The 500ml glass bottle with stopper wholesale is made in Shandong Yuncheng Ruisheng Glass Co., Ltd. Factory Outlet&Global Shipping Service.\",\"breadcrumb\":{\"@id\":\"https:\\\/\\\/ruishengglassco.com\\\/product\\\/rs079-500ml-glass-bottle-with-stopper-wholesale#breadcrumb\"},\"inLanguage\":\"es\",\"potentialAction\":[{\"@type\":\"ReadAction\",\"target\":[\"https:\\\/\\\/ruishengglassco.com\\\/product\\\/rs079-500ml-glass-bottle-with-stopper-wholesale\"]}]},{\"@type\":\"ImageObject\",\"inLanguage\":\"es\",\"@id\":\"https:\\\/\\\/ruishengglassco.com\\\/product\\\/rs079-500ml-glass-bottle-with-stopper-wholesale#primaryimage\",\"url\":\"https:\\\/\\\/glassbottlewholesale.com\\\/wp-content\\\/uploads\\\/2023\\\/12\\\/500ml-glass-bottle-wholesale-1.jpg\",\"contentUrl\":\"https:\\\/\\\/glassbottlewholesale.com\\\/wp-content\\\/uploads\\\/2023\\\/12\\\/500ml-glass-bottle-wholesale-1.jpg\",\"width\":800,\"height\":800,\"caption\":\"500ml glass bottle wholesale\"},{\"@type\":\"BreadcrumbList\",\"@id\":\"https:\\\/\\\/ruishengglassco.com\\\/product\\\/rs079-500ml-glass-bottle-with-stopper-wholesale#breadcrumb\",\"itemListElement\":[{\"@type\":\"ListItem\",\"position\":1,\"name\":\"Home\",\"item\":\"https:\\\/\\\/glassbottlewholesale.com\\\/\"},{\"@type\":\"ListItem\",\"position\":2,\"name\":\"Products\",\"item\":\"https:\\\/\\\/glassbottlewholesale.com\\\/shop\\\/\"},{\"@type\":\"ListItem\",\"position\":3,\"name\":\"RS079: 500ml Glass Bottle With Stopper Wholesale\"}]},{\"@type\":\"WebSite\",\"@id\":\"https:\\\/\\\/glassbottlewholesale.com\\\/#website\",\"url\":\"https:\\\/\\\/glassbottlewholesale.com\\\/\",\"name\":\"Glass Bottle Wholesale\",\"description\":\"\",\"publisher\":{\"@id\":\"https:\\\/\\\/glassbottlewholesale.com\\\/#organization\"},\"potentialAction\":[{\"@type\":\"SearchAction\",\"target\":{\"@type\":\"EntryPoint\",\"urlTemplate\":\"https:\\\/\\\/glassbottlewholesale.com\\\/?s={search_term_string}\"},\"query-input\":{\"@type\":\"PropertyValueSpecification\",\"valueRequired\":true,\"valueName\":\"search_term_string\"}}],\"inLanguage\":\"es\"},{\"@type\":\"Organization\",\"@id\":\"https:\\\/\\\/glassbottlewholesale.com\\\/#organization\",\"name\":\"Glass Bottle Wholesale\",\"url\":\"https:\\\/\\\/glassbottlewholesale.com\\\/\",\"logo\":{\"@type\":\"ImageObject\",\"inLanguage\":\"es\",\"@id\":\"https:\\\/\\\/glassbottlewholesale.com\\\/#\\\/schema\\\/logo\\\/image\\\/\",\"url\":\"https:\\\/\\\/glassbottlewholesale.com\\\/wp-content\\\/uploads\\\/2023\\\/12\\\/ruisheng-logo.webp\",\"contentUrl\":\"https:\\\/\\\/glassbottlewholesale.com\\\/wp-content\\\/uploads\\\/2023\\\/12\\\/ruisheng-logo.webp\",\"width\":400,\"height\":233,\"caption\":\"Glass Bottle Wholesale\"},\"image\":{\"@id\":\"https:\\\/\\\/glassbottlewholesale.com\\\/#\\\/schema\\\/logo\\\/image\\\/\"}}]}<\/script>\n<!-- \/ Yoast SEO plugin. -->","yoast_head_json":{"title":"Botella de vidrio de 500 ml con tap\u00f3n al por mayor | Botella de vino de forma \u00fanica","description":"La botella de vidrio de 500 ml con tap\u00f3n al por mayor se fabrica en Shandong Yuncheng Ruisheng Glass Co., Ltd. Factory Outlet y servicio de env\u00edo global.","robots":{"index":"index","follow":"follow","max-snippet":"max-snippet:-1","max-image-preview":"max-image-preview:large","max-video-preview":"max-video-preview:-1"},"canonical":"https:\/\/ruishengglassco.com\/product\/rs079-500ml-glass-bottle-with-stopper-wholesale","og_locale":"es_ES","og_type":"article","og_title":"500ml Glass Bottle With Stopper Wholesale | Unique Shape Wine Bottle","og_description":"The 500ml glass bottle with stopper wholesale is made in Shandong Yuncheng Ruisheng Glass Co., Ltd. Factory Outlet&Global Shipping Service.","og_url":"https:\/\/ruishengglassco.com\/product\/rs079-500ml-glass-bottle-with-stopper-wholesale","og_site_name":"Glass Bottle Wholesale","article_modified_time":"2025-07-10T01:56:10+00:00","og_image":[{"width":800,"height":800,"url":"https:\/\/glassbottlewholesale.com\/wp-content\/uploads\/2023\/12\/500ml-glass-bottle-wholesale-1.jpg","type":"image\/jpeg"}],"twitter_card":"summary_large_image","twitter_misc":{"Tiempo de lectura":"2 minutos"},"schema":{"@context":"https:\/\/schema.org","@graph":[{"@type":"WebPage","@id":"https:\/\/glassbottlewholesale.com\/500ml-glass-bottle-with-stopper-wholesale\/","url":"https:\/\/ruishengglassco.com\/product\/rs079-500ml-glass-bottle-with-stopper-wholesale","name":"Botella de vidrio de 500 ml con tap\u00f3n al por mayor | Botella de vino de forma \u00fanica","isPartOf":{"@id":"https:\/\/glassbottlewholesale.com\/#website"},"primaryImageOfPage":{"@id":"https:\/\/ruishengglassco.com\/product\/rs079-500ml-glass-bottle-with-stopper-wholesale#primaryimage"},"image":{"@id":"https:\/\/ruishengglassco.com\/product\/rs079-500ml-glass-bottle-with-stopper-wholesale#primaryimage"},"thumbnailUrl":"https:\/\/glassbottlewholesale.com\/wp-content\/uploads\/2023\/12\/500ml-glass-bottle-wholesale-1.jpg","datePublished":"2019-10-18T06:47:30+00:00","dateModified":"2025-07-10T01:56:10+00:00","description":"La botella de vidrio de 500 ml con tap\u00f3n al por mayor se fabrica en Shandong Yuncheng Ruisheng Glass Co., Ltd. Factory Outlet y servicio de env\u00edo global.","breadcrumb":{"@id":"https:\/\/ruishengglassco.com\/product\/rs079-500ml-glass-bottle-with-stopper-wholesale#breadcrumb"},"inLanguage":"es","potentialAction":[{"@type":"ReadAction","target":["https:\/\/ruishengglassco.com\/product\/rs079-500ml-glass-bottle-with-stopper-wholesale"]}]},{"@type":"ImageObject","inLanguage":"es","@id":"https:\/\/ruishengglassco.com\/product\/rs079-500ml-glass-bottle-with-stopper-wholesale#primaryimage","url":"https:\/\/glassbottlewholesale.com\/wp-content\/uploads\/2023\/12\/500ml-glass-bottle-wholesale-1.jpg","contentUrl":"https:\/\/glassbottlewholesale.com\/wp-content\/uploads\/2023\/12\/500ml-glass-bottle-wholesale-1.jpg","width":800,"height":800,"caption":"500ml glass bottle wholesale"},{"@type":"BreadcrumbList","@id":"https:\/\/ruishengglassco.com\/product\/rs079-500ml-glass-bottle-with-stopper-wholesale#breadcrumb","itemListElement":[{"@type":"ListItem","position":1,"name":"Home","item":"https:\/\/glassbottlewholesale.com\/"},{"@type":"ListItem","position":2,"name":"Products","item":"https:\/\/glassbottlewholesale.com\/shop\/"},{"@type":"ListItem","position":3,"name":"RS079: 500ml Glass Bottle With Stopper Wholesale"}]},{"@type":"WebSite","@id":"https:\/\/glassbottlewholesale.com\/#website","url":"https:\/\/glassbottlewholesale.com\/","name":"Glass Bottle Wholesale","description":"","publisher":{"@id":"https:\/\/glassbottlewholesale.com\/#organization"},"potentialAction":[{"@type":"SearchAction","target":{"@type":"EntryPoint","urlTemplate":"https:\/\/glassbottlewholesale.com\/?s={search_term_string}"},"query-input":{"@type":"PropertyValueSpecification","valueRequired":true,"valueName":"search_term_string"}}],"inLanguage":"es"},{"@type":"Organization","@id":"https:\/\/glassbottlewholesale.com\/#organization","name":"Glass Bottle Wholesale","url":"https:\/\/glassbottlewholesale.com\/","logo":{"@type":"ImageObject","inLanguage":"es","@id":"https:\/\/glassbottlewholesale.com\/#\/schema\/logo\/image\/","url":"https:\/\/glassbottlewholesale.com\/wp-content\/uploads\/2023\/12\/ruisheng-logo.webp","contentUrl":"https:\/\/glassbottlewholesale.com\/wp-content\/uploads\/2023\/12\/ruisheng-logo.webp","width":400,"height":233,"caption":"Glass Bottle Wholesale"},"image":{"@id":"https:\/\/glassbottlewholesale.com\/#\/schema\/logo\/image\/"}}]}},"_links":{"self":[{"href":"https:\/\/glassbottlewholesale.com\/es\/wp-json\/wp\/v2\/product\/690","targetHints":{"allow":["GET"]}}],"collection":[{"href":"https:\/\/glassbottlewholesale.com\/es\/wp-json\/wp\/v2\/product"}],"about":[{"href":"https:\/\/glassbottlewholesale.com\/es\/wp-json\/wp\/v2\/types\/product"}],"replies":[{"embeddable":true,"href":"https:\/\/glassbottlewholesale.com\/es\/wp-json\/wp\/v2\/comments?post=690"}],"wp:featuredmedia":[{"embeddable":true,"href":"https:\/\/glassbottlewholesale.com\/es\/wp-json\/wp\/v2\/media\/4381"}],"wp:attachment":[{"href":"https:\/\/glassbottlewholesale.com\/es\/wp-json\/wp\/v2\/media?parent=690"}],"wp:term":[{"taxonomy":"product_brand","embeddable":true,"href":"https:\/\/glassbottlewholesale.com\/es\/wp-json\/wp\/v2\/product_brand?post=690"},{"taxonomy":"product_cat","embeddable":true,"href":"https:\/\/glassbottlewholesale.com\/es\/wp-json\/wp\/v2\/product_cat?post=690"},{"taxonomy":"product_tag","embeddable":true,"href":"https:\/\/glassbottlewholesale.com\/es\/wp-json\/wp\/v2\/product_tag?post=690"}],"curies":[{"name":"wp","href":"https:\/\/api.w.org\/{rel}","templated":true}]}}