{"id":708,"date":"2019-10-18T07:18:11","date_gmt":"2019-10-18T07:18:11","guid":{"rendered":"https:\/\/queenchingglass.com\/?post_type=product&#038;p=708"},"modified":"2025-07-10T03:30:43","modified_gmt":"2025-07-10T03:30:43","slug":"botellas-de-vidrio-con-tapon-de-corcho-de-500-ml-al-por-mayor","status":"publish","type":"product","link":"https:\/\/glassbottlewholesale.com\/es\/botellas-de-vidrio-con-tapon-de-corcho-de-500-ml-al-por-mayor\/","title":{"rendered":"RS075: Botellas de vidrio con tapa de corcho de 500 ml al por mayor"},"content":{"rendered":"<div class=\"wpb-content-wrapper\"><div class=\"vc_row wpb_row vc_row-fluid\"><div class=\"wpb_column vc_column_container vc_col-sm-12\"><div class=\"vc_column-inner\"><div class=\"wpb_wrapper\">\n\t<div class=\"wpb_text_column wpb_content_element\" >\n\t\t<div class=\"wpb_wrapper\">\n\t\t\t<h2>Informaci\u00f3n detallada sobre 500ml Cork Top botellas de vidrio al por mayor<\/h2>\n<p>Los 500 ml <strong>botellas de vidrio con tap\u00f3n de corcho al por mayor<\/strong> es uno de los productos m\u00e1s vendidos en nuestra f\u00e1brica. Esta botella de vidrio para licor tiene forma de torre, es estrecha en la parte superior y ancha en la parte inferior. El cierre de estas botellas de vidrio al por mayor es de corcho, color negro, color dorado, color plata y otros colores est\u00e1n disponibles. Est\u00e1 dise\u00f1ado principalmente para el envasado de Gin.<\/p>\n<p>La empresa Ruisheng Glass fabrica estas botellas vac\u00edas de ginebra de 500 ml. Nuestra empresa est\u00e1 situada en una ciudad famosa por sus productos de envasado de bebidas. En esta ciudad, puede encontrar todo tipo de envases de vidrio, cierres, cajas de embalaje y todo tipo de etiquetas. La empresa Ruisheng se dedica a ofrecer un servicio integral a los clientes, podemos ofrecer un profundo procesamiento y decoraci\u00f3n en las botellas de vidrio con tap\u00f3n.<\/p>\n<p>En nuestra f\u00e1brica hay 12 l\u00edneas de producci\u00f3n para la fabricaci\u00f3n de botellas de vidrio con tap\u00f3n de corcho, incluidas m\u00e1quinas totalmente autom\u00e1ticas y semiautom\u00e1ticas. Podemos producir 12 tipos<a href=\"https:\/\/ruishengglassco.com\/glass-liquor-spirit-bottles\"> botellas de vidrio para bebidas espirituosas<\/a> unas 10.000 piezas al d\u00eda y un total de unas 120.000 piezas al d\u00eda. No importa cu\u00e1ntas botellas de vidrio vac\u00edas que desea, podemos producir para usted a tiempo.<\/p>\n<h5>Los detalles de las botellas de vidrio con tap\u00f3n de corcho de 500 ml<\/h5>\n<p>El peso de estas botellas de cristal de 500 ml con tap\u00f3n es de 550 g. Su fondo es fino y se puede ver muy bien el licor del interior. El di\u00e1metro inferior de esta botella de vidrio con tap\u00f3n es de 88 mm. Y su altura es de 280mm. Esta botella de vidrio con tap\u00f3n de corcho. Y su di\u00e1metro interior superior es de 17,5 mm, y el di\u00e1metro exterior superior es de 28,5 mm. Esta boca de botellas de vidrio al por mayor es adecuada para el corcho T est\u00e1ndar. En cuanto al color del tap\u00f3n, podemos ofrecerle diferentes colores, como negro, dorado, plateado y otros colores personalizados. Y sobre el material del corcho T, podemos ofrecer corcho de alto pol\u00edmero, corcho complejo, corcho de madera y corcho de vidrio.<\/p>\n<p>Si desea obtener m\u00e1s informaci\u00f3n sobre este botellas de corcho de vidrio o nuestra f\u00e1brica, p\u00f3ngase en contacto con nosotros.<\/p>\n\n\t\t<\/div>\n\t<\/div>\n<\/div><\/div><\/div><\/div>\n<\/div>","protected":false},"excerpt":{"rendered":"<p>Ruisheng, un fabricante profesional de botellas de vidrio para licores, ofrece servicio de venta al por mayor de botellas de vidrio con tap\u00f3n de corcho para las marcas y empresas de licores. Esta serie <strong>Botellas de vidrio con tap\u00f3n de corcho de 500 ml al por mayor<\/strong> es uno de los productos m\u00e1s vendidos en nuestra f\u00e1brica. Esta botella de vidrio para licor tiene forma de torre, es estrecha en la parte superior y ancha en la parte inferior. El cierre de esta botella de vidrio al por mayor es de corcho, color negro, color dorado, color plata, y otros colores est\u00e1n disponibles.<\/p>\n<div><strong><span class=\"mceItemHidden\"><span class=\"hiddenSpellError\">\u2013<\/span><span class=\"hiddenSpellError\">Cantidad m\u00ednima de pedido<\/span>: 10000 PCS (alrededor de 10000 <span class=\"hiddenSpellError\">piezas<\/span>)<\/span><\/strong><\/div>\n<div><span class=\"mceItemHidden\"><span class=\"hiddenSpellError\">-Gratis<\/span>\u00a0Muestra ofrecida.<\/span><\/div>\n<div><span class=\"mceItemHidden\"><span class=\"hiddenSpellError\">-Global<\/span>\u00a0Entrega en 30 d\u00edas.<\/span><\/div>\n<div><span class=\"mceItemHidden\"><span class=\"hiddenSpellError\">-OEM<\/span>Oferta de servicios \/ODM<\/span><\/div>\n<p>Si desea que el precio de botellas de vidrio al por mayor con tapones de corcho, por favor<a href=\"https:\/\/glassbottlewholesale.com\/es\/contact\/\"> contacto<\/a> nuestro equipo de ventas.<\/p>","protected":false},"featured_media":709,"comment_status":"open","ping_status":"closed","template":"","meta":[],"product_brand":[],"product_cat":[50,64],"product_tag":[],"class_list":{"0":"post-708","1":"product","2":"type-product","3":"status-publish","4":"has-post-thumbnail","6":"product_cat-500ml-glass-bottle","7":"product_cat-gin-bottle","8":"entry","9":"has-media","11":"first","12":"instock","13":"shipping-taxable","14":"product-type-simple"},"yoast_head":"<!-- This site is optimized with the Yoast SEO plugin v27.3 - https:\/\/yoast.com\/product\/yoast-seo-wordpress\/ -->\n<title>500ml Cork Top Glass Bottles Wholesale | Empty Gin Bottle Suppliers<\/title>\n<meta name=\"description\" content=\"Buy 500ml Cork Top Glass Bottles Wholesale From China Empty Gin Bottle Suppliers. Factory Outlet Price&amp;Free Sample Offered. Get Quote Here.\" \/>\n<meta name=\"robots\" content=\"index, follow, max-snippet:-1, max-image-preview:large, max-video-preview:-1\" \/>\n<link rel=\"canonical\" href=\"https:\/\/ruishengglassco.com\/product\/rs075-500ml-cork-top-glass-bottles-wholesale\" \/>\n<meta property=\"og:locale\" content=\"es_ES\" \/>\n<meta property=\"og:type\" content=\"article\" \/>\n<meta property=\"og:title\" content=\"500ml Cork Top Glass Bottles Wholesale | Empty Gin Bottle Suppliers\" \/>\n<meta property=\"og:description\" content=\"Buy 500ml Cork Top Glass Bottles Wholesale From China Empty Gin Bottle Suppliers. Factory Outlet Price&amp;Free Sample Offered. Get Quote Here.\" \/>\n<meta property=\"og:url\" content=\"https:\/\/ruishengglassco.com\/product\/rs075-500ml-cork-top-glass-bottles-wholesale\" \/>\n<meta property=\"og:site_name\" content=\"Glass Bottle Wholesale\" \/>\n<meta property=\"article:modified_time\" content=\"2025-07-10T03:30:43+00:00\" \/>\n<meta property=\"og:image\" content=\"https:\/\/glassbottlewholesale.com\/wp-content\/uploads\/2019\/10\/500ml-550g-\u897f\u7f8e\u9152\u4e1a-1-640x640\u8f85\u5bfc\u73ed.jpg\" \/>\n\t<meta property=\"og:image:width\" content=\"460\" \/>\n\t<meta property=\"og:image:height\" content=\"460\" \/>\n\t<meta property=\"og:image:type\" content=\"image\/jpeg\" \/>\n<meta name=\"twitter:card\" content=\"summary_large_image\" \/>\n<meta name=\"twitter:label1\" content=\"Tiempo de lectura\" \/>\n\t<meta name=\"twitter:data1\" content=\"2 minutos\" \/>\n<script type=\"application\/ld+json\" class=\"yoast-schema-graph\">{\"@context\":\"https:\\\/\\\/schema.org\",\"@graph\":[{\"@type\":\"WebPage\",\"@id\":\"https:\\\/\\\/glassbottlewholesale.com\\\/500ml-cork-top-glass-bottles-wholesale\\\/\",\"url\":\"https:\\\/\\\/ruishengglassco.com\\\/product\\\/rs075-500ml-cork-top-glass-bottles-wholesale\",\"name\":\"500ml Cork Top Glass Bottles Wholesale | Empty Gin Bottle Suppliers\",\"isPartOf\":{\"@id\":\"https:\\\/\\\/glassbottlewholesale.com\\\/#website\"},\"primaryImageOfPage\":{\"@id\":\"https:\\\/\\\/ruishengglassco.com\\\/product\\\/rs075-500ml-cork-top-glass-bottles-wholesale#primaryimage\"},\"image\":{\"@id\":\"https:\\\/\\\/ruishengglassco.com\\\/product\\\/rs075-500ml-cork-top-glass-bottles-wholesale#primaryimage\"},\"thumbnailUrl\":\"https:\\\/\\\/glassbottlewholesale.com\\\/wp-content\\\/uploads\\\/2019\\\/10\\\/500ml-550g-\u897f\u7f8e\u9152\u4e1a-1-640x640\u8f85\u5bfc\u73ed.jpg\",\"datePublished\":\"2019-10-18T07:18:11+00:00\",\"dateModified\":\"2025-07-10T03:30:43+00:00\",\"description\":\"Buy 500ml Cork Top Glass Bottles Wholesale From China Empty Gin Bottle Suppliers. Factory Outlet Price&Free Sample Offered. Get Quote Here.\",\"breadcrumb\":{\"@id\":\"https:\\\/\\\/ruishengglassco.com\\\/product\\\/rs075-500ml-cork-top-glass-bottles-wholesale#breadcrumb\"},\"inLanguage\":\"es\",\"potentialAction\":[{\"@type\":\"ReadAction\",\"target\":[\"https:\\\/\\\/ruishengglassco.com\\\/product\\\/rs075-500ml-cork-top-glass-bottles-wholesale\"]}]},{\"@type\":\"ImageObject\",\"inLanguage\":\"es\",\"@id\":\"https:\\\/\\\/ruishengglassco.com\\\/product\\\/rs075-500ml-cork-top-glass-bottles-wholesale#primaryimage\",\"url\":\"https:\\\/\\\/glassbottlewholesale.com\\\/wp-content\\\/uploads\\\/2019\\\/10\\\/500ml-550g-\u897f\u7f8e\u9152\u4e1a-1-640x640\u8f85\u5bfc\u73ed.jpg\",\"contentUrl\":\"https:\\\/\\\/glassbottlewholesale.com\\\/wp-content\\\/uploads\\\/2019\\\/10\\\/500ml-550g-\u897f\u7f8e\u9152\u4e1a-1-640x640\u8f85\u5bfc\u73ed.jpg\",\"width\":460,\"height\":460,\"caption\":\"Cork Top Glass Bottles Wholesale\"},{\"@type\":\"BreadcrumbList\",\"@id\":\"https:\\\/\\\/ruishengglassco.com\\\/product\\\/rs075-500ml-cork-top-glass-bottles-wholesale#breadcrumb\",\"itemListElement\":[{\"@type\":\"ListItem\",\"position\":1,\"name\":\"Home\",\"item\":\"https:\\\/\\\/glassbottlewholesale.com\\\/\"},{\"@type\":\"ListItem\",\"position\":2,\"name\":\"Products\",\"item\":\"https:\\\/\\\/glassbottlewholesale.com\\\/shop\\\/\"},{\"@type\":\"ListItem\",\"position\":3,\"name\":\"RS075: 500ml Cork Top Glass Bottles Wholesale\"}]},{\"@type\":\"WebSite\",\"@id\":\"https:\\\/\\\/glassbottlewholesale.com\\\/#website\",\"url\":\"https:\\\/\\\/glassbottlewholesale.com\\\/\",\"name\":\"Glass Bottle Wholesale\",\"description\":\"\",\"publisher\":{\"@id\":\"https:\\\/\\\/glassbottlewholesale.com\\\/#organization\"},\"potentialAction\":[{\"@type\":\"SearchAction\",\"target\":{\"@type\":\"EntryPoint\",\"urlTemplate\":\"https:\\\/\\\/glassbottlewholesale.com\\\/?s={search_term_string}\"},\"query-input\":{\"@type\":\"PropertyValueSpecification\",\"valueRequired\":true,\"valueName\":\"search_term_string\"}}],\"inLanguage\":\"es\"},{\"@type\":\"Organization\",\"@id\":\"https:\\\/\\\/glassbottlewholesale.com\\\/#organization\",\"name\":\"Glass Bottle Wholesale\",\"url\":\"https:\\\/\\\/glassbottlewholesale.com\\\/\",\"logo\":{\"@type\":\"ImageObject\",\"inLanguage\":\"es\",\"@id\":\"https:\\\/\\\/glassbottlewholesale.com\\\/#\\\/schema\\\/logo\\\/image\\\/\",\"url\":\"https:\\\/\\\/glassbottlewholesale.com\\\/wp-content\\\/uploads\\\/2023\\\/12\\\/ruisheng-logo.webp\",\"contentUrl\":\"https:\\\/\\\/glassbottlewholesale.com\\\/wp-content\\\/uploads\\\/2023\\\/12\\\/ruisheng-logo.webp\",\"width\":400,\"height\":233,\"caption\":\"Glass Bottle Wholesale\"},\"image\":{\"@id\":\"https:\\\/\\\/glassbottlewholesale.com\\\/#\\\/schema\\\/logo\\\/image\\\/\"}}]}<\/script>\n<!-- \/ Yoast SEO plugin. -->","yoast_head_json":{"title":"500ml Cork Top Glass Bottles Wholesale | Empty Gin Bottle Suppliers","description":"Buy 500ml Cork Top Glass Bottles Wholesale From China Empty Gin Bottle Suppliers. Factory Outlet Price&Free Sample Offered. Get Quote Here.","robots":{"index":"index","follow":"follow","max-snippet":"max-snippet:-1","max-image-preview":"max-image-preview:large","max-video-preview":"max-video-preview:-1"},"canonical":"https:\/\/ruishengglassco.com\/product\/rs075-500ml-cork-top-glass-bottles-wholesale","og_locale":"es_ES","og_type":"article","og_title":"500ml Cork Top Glass Bottles Wholesale | Empty Gin Bottle Suppliers","og_description":"Buy 500ml Cork Top Glass Bottles Wholesale From China Empty Gin Bottle Suppliers. Factory Outlet Price&Free Sample Offered. Get Quote Here.","og_url":"https:\/\/ruishengglassco.com\/product\/rs075-500ml-cork-top-glass-bottles-wholesale","og_site_name":"Glass Bottle Wholesale","article_modified_time":"2025-07-10T03:30:43+00:00","og_image":[{"width":460,"height":460,"url":"https:\/\/glassbottlewholesale.com\/wp-content\/uploads\/2019\/10\/500ml-550g-\u897f\u7f8e\u9152\u4e1a-1-640x640\u8f85\u5bfc\u73ed.jpg","type":"image\/jpeg"}],"twitter_card":"summary_large_image","twitter_misc":{"Tiempo de lectura":"2 minutos"},"schema":{"@context":"https:\/\/schema.org","@graph":[{"@type":"WebPage","@id":"https:\/\/glassbottlewholesale.com\/500ml-cork-top-glass-bottles-wholesale\/","url":"https:\/\/ruishengglassco.com\/product\/rs075-500ml-cork-top-glass-bottles-wholesale","name":"500ml Cork Top Glass Bottles Wholesale | Empty Gin Bottle Suppliers","isPartOf":{"@id":"https:\/\/glassbottlewholesale.com\/#website"},"primaryImageOfPage":{"@id":"https:\/\/ruishengglassco.com\/product\/rs075-500ml-cork-top-glass-bottles-wholesale#primaryimage"},"image":{"@id":"https:\/\/ruishengglassco.com\/product\/rs075-500ml-cork-top-glass-bottles-wholesale#primaryimage"},"thumbnailUrl":"https:\/\/glassbottlewholesale.com\/wp-content\/uploads\/2019\/10\/500ml-550g-\u897f\u7f8e\u9152\u4e1a-1-640x640\u8f85\u5bfc\u73ed.jpg","datePublished":"2019-10-18T07:18:11+00:00","dateModified":"2025-07-10T03:30:43+00:00","description":"Buy 500ml Cork Top Glass Bottles Wholesale From China Empty Gin Bottle Suppliers. Factory Outlet Price&Free Sample Offered. Get Quote Here.","breadcrumb":{"@id":"https:\/\/ruishengglassco.com\/product\/rs075-500ml-cork-top-glass-bottles-wholesale#breadcrumb"},"inLanguage":"es","potentialAction":[{"@type":"ReadAction","target":["https:\/\/ruishengglassco.com\/product\/rs075-500ml-cork-top-glass-bottles-wholesale"]}]},{"@type":"ImageObject","inLanguage":"es","@id":"https:\/\/ruishengglassco.com\/product\/rs075-500ml-cork-top-glass-bottles-wholesale#primaryimage","url":"https:\/\/glassbottlewholesale.com\/wp-content\/uploads\/2019\/10\/500ml-550g-\u897f\u7f8e\u9152\u4e1a-1-640x640\u8f85\u5bfc\u73ed.jpg","contentUrl":"https:\/\/glassbottlewholesale.com\/wp-content\/uploads\/2019\/10\/500ml-550g-\u897f\u7f8e\u9152\u4e1a-1-640x640\u8f85\u5bfc\u73ed.jpg","width":460,"height":460,"caption":"Cork Top Glass Bottles Wholesale"},{"@type":"BreadcrumbList","@id":"https:\/\/ruishengglassco.com\/product\/rs075-500ml-cork-top-glass-bottles-wholesale#breadcrumb","itemListElement":[{"@type":"ListItem","position":1,"name":"Home","item":"https:\/\/glassbottlewholesale.com\/"},{"@type":"ListItem","position":2,"name":"Products","item":"https:\/\/glassbottlewholesale.com\/shop\/"},{"@type":"ListItem","position":3,"name":"RS075: 500ml Cork Top Glass Bottles Wholesale"}]},{"@type":"WebSite","@id":"https:\/\/glassbottlewholesale.com\/#website","url":"https:\/\/glassbottlewholesale.com\/","name":"Glass Bottle Wholesale","description":"","publisher":{"@id":"https:\/\/glassbottlewholesale.com\/#organization"},"potentialAction":[{"@type":"SearchAction","target":{"@type":"EntryPoint","urlTemplate":"https:\/\/glassbottlewholesale.com\/?s={search_term_string}"},"query-input":{"@type":"PropertyValueSpecification","valueRequired":true,"valueName":"search_term_string"}}],"inLanguage":"es"},{"@type":"Organization","@id":"https:\/\/glassbottlewholesale.com\/#organization","name":"Glass Bottle Wholesale","url":"https:\/\/glassbottlewholesale.com\/","logo":{"@type":"ImageObject","inLanguage":"es","@id":"https:\/\/glassbottlewholesale.com\/#\/schema\/logo\/image\/","url":"https:\/\/glassbottlewholesale.com\/wp-content\/uploads\/2023\/12\/ruisheng-logo.webp","contentUrl":"https:\/\/glassbottlewholesale.com\/wp-content\/uploads\/2023\/12\/ruisheng-logo.webp","width":400,"height":233,"caption":"Glass Bottle Wholesale"},"image":{"@id":"https:\/\/glassbottlewholesale.com\/#\/schema\/logo\/image\/"}}]}},"_links":{"self":[{"href":"https:\/\/glassbottlewholesale.com\/es\/wp-json\/wp\/v2\/product\/708","targetHints":{"allow":["GET"]}}],"collection":[{"href":"https:\/\/glassbottlewholesale.com\/es\/wp-json\/wp\/v2\/product"}],"about":[{"href":"https:\/\/glassbottlewholesale.com\/es\/wp-json\/wp\/v2\/types\/product"}],"replies":[{"embeddable":true,"href":"https:\/\/glassbottlewholesale.com\/es\/wp-json\/wp\/v2\/comments?post=708"}],"wp:featuredmedia":[{"embeddable":true,"href":"https:\/\/glassbottlewholesale.com\/es\/wp-json\/wp\/v2\/media\/709"}],"wp:attachment":[{"href":"https:\/\/glassbottlewholesale.com\/es\/wp-json\/wp\/v2\/media?parent=708"}],"wp:term":[{"taxonomy":"product_brand","embeddable":true,"href":"https:\/\/glassbottlewholesale.com\/es\/wp-json\/wp\/v2\/product_brand?post=708"},{"taxonomy":"product_cat","embeddable":true,"href":"https:\/\/glassbottlewholesale.com\/es\/wp-json\/wp\/v2\/product_cat?post=708"},{"taxonomy":"product_tag","embeddable":true,"href":"https:\/\/glassbottlewholesale.com\/es\/wp-json\/wp\/v2\/product_tag?post=708"}],"curies":[{"name":"wp","href":"https:\/\/api.w.org\/{rel}","templated":true}]}}