{"id":718,"date":"2019-10-18T07:39:27","date_gmt":"2019-10-18T07:39:27","guid":{"rendered":"https:\/\/queenchingglass.com\/?post_type=product&#038;p=718"},"modified":"2025-07-10T01:45:15","modified_gmt":"2025-07-10T01:45:15","slug":"fabricante-de-botellas-de-vidrio-para-bebidas-espirituosas-de-500-ml","status":"publish","type":"product","link":"https:\/\/glassbottlewholesale.com\/es\/fabricante-de-botellas-de-vidrio-para-bebidas-espirituosas-de-500-ml\/","title":{"rendered":"RS073: Fabricante de botellas de alcohol de vidrio de 500 ml"},"content":{"rendered":"<div class=\"wpb-content-wrapper\"><div class=\"vc_row wpb_row vc_row-fluid\"><div class=\"wpb_column vc_column_container vc_col-sm-12\"><div class=\"vc_column-inner\"><div class=\"wpb_wrapper\">\n\t<div class=\"wpb_text_column wpb_content_element\" >\n\t\t<div class=\"wpb_wrapper\">\n\t\t\t<p>Ruisheng Glass Ltd. es el fabricante de botellas de vidrio para licores de 500ml en China. Nuestra f\u00e1brica se dedica principalmente a la producci\u00f3n de botellas de vidrio para licores de grado superior y grado medio, tales como botellas de vidrio blanco cristal y botellas de vidrio blanco alto.<\/p>\n<p>En <a href=\"https:\/\/ruishengglassco.com\/500ml-liquor-glass-bottle-manufacturer\">Botellas de vidrio de 500 ml<\/a> es una de las botellas de vidrio de mayor volumen en nuestra f\u00e1brica. Podemos ofrecer diferentes formas de botellas de vidrio vac\u00edas, tales como botellas de vidrio cil\u00edndricas, botellas de vidrio cuadradas, botellas de vidrio de placa, y botellas de vidrio de forma personalizada. Y podemos hacer botellas de vidrio para licor de diferentes vol\u00famenes como 100ml, 125ml, 250ml, 375ml, 500ml. 700ml, 750ml, 1000ml, 1750ml, 3000ml y otras botellas de vidrio de volumen personalizado.<\/p>\n<h4>Los detalles de esta botella de vidrio para bebidas espirituosas de 500 ml<\/h4>\n<p>Nuestra botella de vidrio de 500 ml tiene forma de prisma hexagonal. Y su peso es de 580g. Esta botella de vidrio es guala clousure tapa. El tipo de sellado es muy seguro y anti-falsificaci\u00f3n. Usted s\u00f3lo puede utilizar esta tapa para sellar las botellas de vidrio una vez. Usted puede poner la tapa en las botellas de vidrio cuando se deja un poco de l\u00edquido en las botellas de vidrio. Pero usted puede llenar de l\u00edquido a las botellas de vidrio para la segunda vez. As\u00ed que esto puede ser seguro para su l\u00edquido y otras empresas no pueden utilizar su botella para mantener el l\u00edquido.<\/p>\n<h4>Sobre la forma de empaquetar<\/h4>\n<p>Tenemos tres formas de envasado de las botellas de vidrio de alcohol, y tambi\u00e9n podemos envasar las botellas de vidrio de acuerdo a la demanda del cliente.<\/p>\n<p>La primera forma de embalaje de las botellas de vidrio es el cart\u00f3n. La caja es de cart\u00f3n est\u00e1ndar de exportaci\u00f3n. Si usted quiere hacer su caja de embalaje personalizado, tambi\u00e9n podemos hacerlo por usted.<\/p>\n<p>La segunda forma de envasado de botellas de vidrio para bebidas espirituosas es el envasado en pal\u00e9s. El palet est\u00e1 libre de fumigaci\u00f3n. El tama\u00f1o del pal\u00e9 es de 100 x 120 cm.<\/p>\n<p>La tercera forma de embalaje es el cart\u00f3n y el pal\u00e9. El cart\u00f3n es cart\u00f3n est\u00e1ndar de la exportaci\u00f3n o caja de encargo del color, y la plataforma es fumigaci\u00f3n libre.<\/p>\n<p>Si desea comprar botellas de vidrio para bebidas espirituosas de 500 ml, p\u00f3ngase en contacto con nosotros.<\/p>\n\n\t\t<\/div>\n\t<\/div>\n<\/div><\/div><\/div><\/div>\n<\/div>","protected":false},"excerpt":{"rendered":"<p>.tg {border-collapse:collapse;border-spacing:0;border-color:#ccc;}<br \/>.tg td{font-family:Arial, sans-serif;font-size:14px;padding:10px 5px;border-style:solid;border-width:1px;overflow:hidden;word-break:normal;border-color:#ccc;color:#333;background-color:#fff;}<br \/>.tg th{font-family:Arial, sans-serif;font-size:14px;font-weight:normal;padding:10px 5px;border-style:solid;border-width:1px;overflow:hidden;word-break:normal;border-color:#ccc;color:#333;background-color:#f0f0f0;}<br \/>.tg .tg-yw4l{vertical-align:top}<br \/>.tg .tg-b7b8{color de fondo:#f9f9f9;alineaci\u00f3n vertical:arriba}<\/p>\n<table class=\"tg\">\n<tbody>\n<tr>\n<th class=\"tg-yw4l\" colspan=\"2\">Botellas de vidrio para aguardiente de 500 ml Fabricantes<\/th>\n<\/tr>\n<tr>\n<td class=\"tg-b7b8\">Referencia:<\/td>\n<td class=\"tg-b7b8\">RS073<\/td>\n<\/tr>\n<tr>\n<td class=\"tg-yw4l\">Material principal:<\/td>\n<td class=\"tg-yw4l\">Vidrio alto de pedernal (este material tambi\u00e9n se llama vidrio blanco cristalino)<\/td>\n<\/tr>\n<tr>\n<td class=\"tg-b7b8\">Gorra:<\/td>\n<td class=\"tg-b7b8\">guala cap<\/td>\n<\/tr>\n<tr>\n<td class=\"tg-yw4l\">Capacidad:<\/td>\n<td class=\"tg-yw4l\">700ml<\/td>\n<\/tr>\n<tr>\n<td class=\"tg-b7b8\">Caracter\u00edstica:<\/td>\n<td class=\"tg-b7b8\">Respetuoso del medio ambiente<\/td>\n<\/tr>\n<tr>\n<td class=\"tg-yw4l\">Cantidad m\u00ednima de pedido:<\/td>\n<td class=\"tg-yw4l\">10000 piezas<\/td>\n<\/tr>\n<tr>\n<td class=\"tg-b7b8\">Forma de embalaje:<\/td>\n<td class=\"tg-b7b8\">Cart\u00f3n est\u00e1ndar de exportaci\u00f3n\/pal\u00e9\/cart\u00f3n y pal\u00e9 est\u00e1ndar de exportaci\u00f3n<\/td>\n<\/tr>\n<tr>\n<td class=\"tg-yw4l\">OEM\/ODM:<\/td>\n<td class=\"tg-yw4l\">Bienvenido<\/td>\n<\/tr>\n<tr>\n<td class=\"tg-b7b8\">Origen del lugar:<\/td>\n<td class=\"tg-b7b8\">Shandong, China<\/td>\n<\/tr>\n<tr>\n<td class=\"tg-yw4l\">Piezas\/caja:<\/td>\n<td class=\"tg-yw4l\">24 piezas o seg\u00fan las demandas del cliente<\/td>\n<\/tr>\n<\/tbody>\n<\/table>","protected":false},"featured_media":4788,"comment_status":"open","ping_status":"closed","template":"","meta":[],"product_brand":[],"product_cat":[50],"product_tag":[],"class_list":{"0":"post-718","1":"product","2":"type-product","3":"status-publish","4":"has-post-thumbnail","6":"product_cat-500ml-glass-bottle","7":"entry","8":"has-media","10":"first","11":"instock","12":"shipping-taxable","13":"product-type-simple"},"yoast_head":"<!-- This site is optimized with the Yoast SEO plugin v27.3 - https:\/\/yoast.com\/product\/yoast-seo-wordpress\/ -->\n<title>500ml Glass Spirit Bottles Manufacturer |Wholesale Glass Bottle For Liquor<\/title>\n<meta name=\"description\" content=\"Ruisheng(RS), one of the best China glass spirit bottles manufacturer, wholesale 500ml glass bottle for liquor with high quality&amp;cheap price.\" \/>\n<meta name=\"robots\" content=\"index, follow, max-snippet:-1, max-image-preview:large, max-video-preview:-1\" \/>\n<link rel=\"canonical\" href=\"https:\/\/ruishengglassco.com\/product\/rs073-500ml-glass-spirit-bottles-manufacturer\" \/>\n<meta property=\"og:locale\" content=\"es_ES\" \/>\n<meta property=\"og:type\" content=\"article\" \/>\n<meta property=\"og:title\" content=\"500ml Glass Spirit Bottles Manufacturer |Wholesale Glass Bottle For Liquor\" \/>\n<meta property=\"og:description\" content=\"Ruisheng(RS), one of the best China glass spirit bottles manufacturer, wholesale 500ml glass bottle for liquor with high quality&amp;cheap price.\" \/>\n<meta property=\"og:url\" content=\"https:\/\/ruishengglassco.com\/product\/rs073-500ml-glass-spirit-bottles-manufacturer\" \/>\n<meta property=\"og:site_name\" content=\"Glass Bottle Wholesale\" \/>\n<meta property=\"article:modified_time\" content=\"2025-07-10T01:45:15+00:00\" \/>\n<meta property=\"og:image\" content=\"https:\/\/glassbottlewholesale.com\/wp-content\/uploads\/2024\/04\/glass-bottle-manufacturing-40-1.png\" \/>\n\t<meta property=\"og:image:width\" content=\"800\" \/>\n\t<meta property=\"og:image:height\" content=\"800\" \/>\n\t<meta property=\"og:image:type\" content=\"image\/png\" \/>\n<meta name=\"twitter:card\" content=\"summary_large_image\" \/>\n<meta name=\"twitter:label1\" content=\"Tiempo de lectura\" \/>\n\t<meta name=\"twitter:data1\" content=\"2 minutos\" \/>\n<script type=\"application\/ld+json\" class=\"yoast-schema-graph\">{\"@context\":\"https:\\\/\\\/schema.org\",\"@graph\":[{\"@type\":\"WebPage\",\"@id\":\"https:\\\/\\\/glassbottlewholesale.com\\\/500ml-glass-spirit-bottles-manufacturer\\\/\",\"url\":\"https:\\\/\\\/ruishengglassco.com\\\/product\\\/rs073-500ml-glass-spirit-bottles-manufacturer\",\"name\":\"500ml Glass Spirit Bottles Manufacturer |Wholesale Glass Bottle For Liquor\",\"isPartOf\":{\"@id\":\"https:\\\/\\\/glassbottlewholesale.com\\\/#website\"},\"primaryImageOfPage\":{\"@id\":\"https:\\\/\\\/ruishengglassco.com\\\/product\\\/rs073-500ml-glass-spirit-bottles-manufacturer#primaryimage\"},\"image\":{\"@id\":\"https:\\\/\\\/ruishengglassco.com\\\/product\\\/rs073-500ml-glass-spirit-bottles-manufacturer#primaryimage\"},\"thumbnailUrl\":\"https:\\\/\\\/glassbottlewholesale.com\\\/wp-content\\\/uploads\\\/2024\\\/04\\\/glass-bottle-manufacturing-40-1.png\",\"datePublished\":\"2019-10-18T07:39:27+00:00\",\"dateModified\":\"2025-07-10T01:45:15+00:00\",\"description\":\"Ruisheng(RS), one of the best China glass spirit bottles manufacturer, wholesale 500ml glass bottle for liquor with high quality&cheap price.\",\"breadcrumb\":{\"@id\":\"https:\\\/\\\/ruishengglassco.com\\\/product\\\/rs073-500ml-glass-spirit-bottles-manufacturer#breadcrumb\"},\"inLanguage\":\"es\",\"potentialAction\":[{\"@type\":\"ReadAction\",\"target\":[\"https:\\\/\\\/ruishengglassco.com\\\/product\\\/rs073-500ml-glass-spirit-bottles-manufacturer\"]}]},{\"@type\":\"ImageObject\",\"inLanguage\":\"es\",\"@id\":\"https:\\\/\\\/ruishengglassco.com\\\/product\\\/rs073-500ml-glass-spirit-bottles-manufacturer#primaryimage\",\"url\":\"https:\\\/\\\/glassbottlewholesale.com\\\/wp-content\\\/uploads\\\/2024\\\/04\\\/glass-bottle-manufacturing-40-1.png\",\"contentUrl\":\"https:\\\/\\\/glassbottlewholesale.com\\\/wp-content\\\/uploads\\\/2024\\\/04\\\/glass-bottle-manufacturing-40-1.png\",\"width\":800,\"height\":800,\"caption\":\"RS073: 500ml Glass Spirit Bottles Manufacturer\"},{\"@type\":\"BreadcrumbList\",\"@id\":\"https:\\\/\\\/ruishengglassco.com\\\/product\\\/rs073-500ml-glass-spirit-bottles-manufacturer#breadcrumb\",\"itemListElement\":[{\"@type\":\"ListItem\",\"position\":1,\"name\":\"Home\",\"item\":\"https:\\\/\\\/glassbottlewholesale.com\\\/\"},{\"@type\":\"ListItem\",\"position\":2,\"name\":\"Products\",\"item\":\"https:\\\/\\\/glassbottlewholesale.com\\\/shop\\\/\"},{\"@type\":\"ListItem\",\"position\":3,\"name\":\"RS073: 500ml Glass Spirit Bottles Manufacturer\"}]},{\"@type\":\"WebSite\",\"@id\":\"https:\\\/\\\/glassbottlewholesale.com\\\/#website\",\"url\":\"https:\\\/\\\/glassbottlewholesale.com\\\/\",\"name\":\"Glass Bottle Wholesale\",\"description\":\"\",\"publisher\":{\"@id\":\"https:\\\/\\\/glassbottlewholesale.com\\\/#organization\"},\"potentialAction\":[{\"@type\":\"SearchAction\",\"target\":{\"@type\":\"EntryPoint\",\"urlTemplate\":\"https:\\\/\\\/glassbottlewholesale.com\\\/?s={search_term_string}\"},\"query-input\":{\"@type\":\"PropertyValueSpecification\",\"valueRequired\":true,\"valueName\":\"search_term_string\"}}],\"inLanguage\":\"es\"},{\"@type\":\"Organization\",\"@id\":\"https:\\\/\\\/glassbottlewholesale.com\\\/#organization\",\"name\":\"Glass Bottle Wholesale\",\"url\":\"https:\\\/\\\/glassbottlewholesale.com\\\/\",\"logo\":{\"@type\":\"ImageObject\",\"inLanguage\":\"es\",\"@id\":\"https:\\\/\\\/glassbottlewholesale.com\\\/#\\\/schema\\\/logo\\\/image\\\/\",\"url\":\"https:\\\/\\\/glassbottlewholesale.com\\\/wp-content\\\/uploads\\\/2023\\\/12\\\/ruisheng-logo.webp\",\"contentUrl\":\"https:\\\/\\\/glassbottlewholesale.com\\\/wp-content\\\/uploads\\\/2023\\\/12\\\/ruisheng-logo.webp\",\"width\":400,\"height\":233,\"caption\":\"Glass Bottle Wholesale\"},\"image\":{\"@id\":\"https:\\\/\\\/glassbottlewholesale.com\\\/#\\\/schema\\\/logo\\\/image\\\/\"}}]}<\/script>\n<!-- \/ Yoast SEO plugin. -->","yoast_head_json":{"title":"Botellas de vidrio para licor de 500ml Fabricante |Venta al por mayor de botellas de vidrio para licor","description":"Ruisheng(RS), uno de los mejores fabricantes de botellas de vidrio para licores de China, vende al por mayor botellas de vidrio de 500ml para licores con alta calidad y bajo precio.","robots":{"index":"index","follow":"follow","max-snippet":"max-snippet:-1","max-image-preview":"max-image-preview:large","max-video-preview":"max-video-preview:-1"},"canonical":"https:\/\/ruishengglassco.com\/product\/rs073-500ml-glass-spirit-bottles-manufacturer","og_locale":"es_ES","og_type":"article","og_title":"500ml Glass Spirit Bottles Manufacturer |Wholesale Glass Bottle For Liquor","og_description":"Ruisheng(RS), one of the best China glass spirit bottles manufacturer, wholesale 500ml glass bottle for liquor with high quality&cheap price.","og_url":"https:\/\/ruishengglassco.com\/product\/rs073-500ml-glass-spirit-bottles-manufacturer","og_site_name":"Glass Bottle Wholesale","article_modified_time":"2025-07-10T01:45:15+00:00","og_image":[{"width":800,"height":800,"url":"https:\/\/glassbottlewholesale.com\/wp-content\/uploads\/2024\/04\/glass-bottle-manufacturing-40-1.png","type":"image\/png"}],"twitter_card":"summary_large_image","twitter_misc":{"Tiempo de lectura":"2 minutos"},"schema":{"@context":"https:\/\/schema.org","@graph":[{"@type":"WebPage","@id":"https:\/\/glassbottlewholesale.com\/500ml-glass-spirit-bottles-manufacturer\/","url":"https:\/\/ruishengglassco.com\/product\/rs073-500ml-glass-spirit-bottles-manufacturer","name":"Botellas de vidrio para licor de 500ml Fabricante |Venta al por mayor de botellas de vidrio para licor","isPartOf":{"@id":"https:\/\/glassbottlewholesale.com\/#website"},"primaryImageOfPage":{"@id":"https:\/\/ruishengglassco.com\/product\/rs073-500ml-glass-spirit-bottles-manufacturer#primaryimage"},"image":{"@id":"https:\/\/ruishengglassco.com\/product\/rs073-500ml-glass-spirit-bottles-manufacturer#primaryimage"},"thumbnailUrl":"https:\/\/glassbottlewholesale.com\/wp-content\/uploads\/2024\/04\/glass-bottle-manufacturing-40-1.png","datePublished":"2019-10-18T07:39:27+00:00","dateModified":"2025-07-10T01:45:15+00:00","description":"Ruisheng(RS), uno de los mejores fabricantes de botellas de vidrio para licores de China, vende al por mayor botellas de vidrio de 500ml para licores con alta calidad y bajo precio.","breadcrumb":{"@id":"https:\/\/ruishengglassco.com\/product\/rs073-500ml-glass-spirit-bottles-manufacturer#breadcrumb"},"inLanguage":"es","potentialAction":[{"@type":"ReadAction","target":["https:\/\/ruishengglassco.com\/product\/rs073-500ml-glass-spirit-bottles-manufacturer"]}]},{"@type":"ImageObject","inLanguage":"es","@id":"https:\/\/ruishengglassco.com\/product\/rs073-500ml-glass-spirit-bottles-manufacturer#primaryimage","url":"https:\/\/glassbottlewholesale.com\/wp-content\/uploads\/2024\/04\/glass-bottle-manufacturing-40-1.png","contentUrl":"https:\/\/glassbottlewholesale.com\/wp-content\/uploads\/2024\/04\/glass-bottle-manufacturing-40-1.png","width":800,"height":800,"caption":"RS073: 500ml Glass Spirit Bottles Manufacturer"},{"@type":"BreadcrumbList","@id":"https:\/\/ruishengglassco.com\/product\/rs073-500ml-glass-spirit-bottles-manufacturer#breadcrumb","itemListElement":[{"@type":"ListItem","position":1,"name":"Home","item":"https:\/\/glassbottlewholesale.com\/"},{"@type":"ListItem","position":2,"name":"Products","item":"https:\/\/glassbottlewholesale.com\/shop\/"},{"@type":"ListItem","position":3,"name":"RS073: 500ml Glass Spirit Bottles Manufacturer"}]},{"@type":"WebSite","@id":"https:\/\/glassbottlewholesale.com\/#website","url":"https:\/\/glassbottlewholesale.com\/","name":"Glass Bottle Wholesale","description":"","publisher":{"@id":"https:\/\/glassbottlewholesale.com\/#organization"},"potentialAction":[{"@type":"SearchAction","target":{"@type":"EntryPoint","urlTemplate":"https:\/\/glassbottlewholesale.com\/?s={search_term_string}"},"query-input":{"@type":"PropertyValueSpecification","valueRequired":true,"valueName":"search_term_string"}}],"inLanguage":"es"},{"@type":"Organization","@id":"https:\/\/glassbottlewholesale.com\/#organization","name":"Glass Bottle Wholesale","url":"https:\/\/glassbottlewholesale.com\/","logo":{"@type":"ImageObject","inLanguage":"es","@id":"https:\/\/glassbottlewholesale.com\/#\/schema\/logo\/image\/","url":"https:\/\/glassbottlewholesale.com\/wp-content\/uploads\/2023\/12\/ruisheng-logo.webp","contentUrl":"https:\/\/glassbottlewholesale.com\/wp-content\/uploads\/2023\/12\/ruisheng-logo.webp","width":400,"height":233,"caption":"Glass Bottle Wholesale"},"image":{"@id":"https:\/\/glassbottlewholesale.com\/#\/schema\/logo\/image\/"}}]}},"_links":{"self":[{"href":"https:\/\/glassbottlewholesale.com\/es\/wp-json\/wp\/v2\/product\/718","targetHints":{"allow":["GET"]}}],"collection":[{"href":"https:\/\/glassbottlewholesale.com\/es\/wp-json\/wp\/v2\/product"}],"about":[{"href":"https:\/\/glassbottlewholesale.com\/es\/wp-json\/wp\/v2\/types\/product"}],"replies":[{"embeddable":true,"href":"https:\/\/glassbottlewholesale.com\/es\/wp-json\/wp\/v2\/comments?post=718"}],"wp:featuredmedia":[{"embeddable":true,"href":"https:\/\/glassbottlewholesale.com\/es\/wp-json\/wp\/v2\/media\/4788"}],"wp:attachment":[{"href":"https:\/\/glassbottlewholesale.com\/es\/wp-json\/wp\/v2\/media?parent=718"}],"wp:term":[{"taxonomy":"product_brand","embeddable":true,"href":"https:\/\/glassbottlewholesale.com\/es\/wp-json\/wp\/v2\/product_brand?post=718"},{"taxonomy":"product_cat","embeddable":true,"href":"https:\/\/glassbottlewholesale.com\/es\/wp-json\/wp\/v2\/product_cat?post=718"},{"taxonomy":"product_tag","embeddable":true,"href":"https:\/\/glassbottlewholesale.com\/es\/wp-json\/wp\/v2\/product_tag?post=718"}],"curies":[{"name":"wp","href":"https:\/\/api.w.org\/{rel}","templated":true}]}}