{"id":726,"date":"2019-10-18T07:49:54","date_gmt":"2019-10-18T07:49:54","guid":{"rendered":"https:\/\/queenchingglass.com\/?post_type=product&#038;p=726"},"modified":"2025-07-10T01:44:37","modified_gmt":"2025-07-10T01:44:37","slug":"botellas-de-vidrio-esmerilado-de-750-ml-al-por-mayor","status":"publish","type":"product","link":"https:\/\/glassbottlewholesale.com\/es\/botellas-de-vidrio-esmerilado-de-750-ml-al-por-mayor\/","title":{"rendered":"RS070: botellas de vidrio esmerilado de 750 ml al por mayor"},"content":{"rendered":"<div class=\"wpb-content-wrapper\"><div class=\"vc_row wpb_row vc_row-fluid\"><div class=\"wpb_column vc_column_container vc_col-sm-12\"><div class=\"vc_column-inner\"><div class=\"wpb_wrapper\">\n\t<div class=\"wpb_text_column wpb_content_element\" >\n\t\t<div class=\"wpb_wrapper\">\n\t\t\t<p>Esta serie 750ml botellas de vidrio esmerilado al por mayor con tapones de corcho es uno de nuestros productos de venta caliente en el mundo. Es una forma com\u00fan en las botellas de vidrio de 750 ml de vodka. Pero tenemos un tama\u00f1o m\u00e1s peque\u00f1o para esta botella de vidrio forma, su capacidad es de 500 ml.<\/p>\n<p>Nuestra botella de vidrio esmerilado se hace en la materia prima de grado superior. Las botellas de vidrio de licor ser\u00e1n muy claras, suaves y no tan fr\u00e1giles como otras botellas de vidrio. Sin esmerilado, ver\u00e1 que es muy claro.<\/p>\n<p>Este <a href=\"https:\/\/ruishengglassco.com\/750ml-liquor-glass-bottle-manufacturer\">Botella de vidrio de 750 ml al por mayor<\/a> no es una botella de cristal ligera, conocer\u00e1 su textura cuando la tenga en la mano.<\/p>\n<h4>Los detalles de 750ml botellas de vidrio esmerilado al por mayor con corchos<\/h4>\n<p>La informaci\u00f3n de la botella de vidrio como bramido:<\/p>\n<ul>\n<li>Material principal: Vidrio de alto s\u00edlex<\/li>\n<li>Tapa: Corcho<\/li>\n<li>Referencia: RS070<\/li>\n<li>Cantidad m\u00ednima de pedido: 10000 unidades<\/li>\n<li>Capacidad: 500 ml 750 ml<\/li>\n<li>Piezas\/caja: 24 piezas<\/li>\n<li>Origen del lugar: Shandong, China<\/li>\n<li>Caracter\u00edstica: Respetuoso del medio ambiente<\/li>\n<\/ul>\n<h4>Los tapones para estas botellas de vidrio esmerilado de 750ML al por mayor<\/h4>\n<p>Sobre el corcho para estas botellas de vidrio de 750ml, hay diferentes corchos en nuestra f\u00e1brica. Diferentes materiales de corcho como el corcho de alto pol\u00edmero, corcho complejo, y el corcho de madera. Diferentes colores de corcho como corcho dorado, corcho plateado, corcho negro y otros colores de corcho.<\/p>\n<p>Esta botella de vidrio se puede utilizar para muchos pa\u00edses, como Am\u00e9rica, Europa, Australia, Rusia y as\u00ed sucesivamente. Y tenemos la cooperaci\u00f3n con muchos clientes en todo el mundo y obtener una buena reputaci\u00f3n de ellos.<\/p>\n<p>Nuestra empresa ha invertido 2 l\u00edneas de producci\u00f3n de la m\u00e1quina totalmente autom\u00e1tica 8S m\u00e1s avanzada, 3 l\u00edneas de producci\u00f3n de m\u00e1quinas manuales CNC, 4 l\u00edneas de producci\u00f3n de m\u00e1quinas semiautom\u00e1ticas CNC. Nuestra f\u00e1brica tambi\u00e9n tiene 2 juegos de m\u00e1quinas IS. La m\u00e1quina 8S y las m\u00e1quinas CNC se utilizan para producir botellas de vidrio de primer grado - botellas de vidrio de pedernal de cena. La producci\u00f3n diaria es de 120.000 piezas. Las m\u00e1quinas IS se utilizan para producir botellas de vidrio de grado medio, y su producci\u00f3n diaria es de 200.000 piezas.<\/p>\n<p>Como fabricante y proveedor profesional de botellas de vidrio para alcohol, tambi\u00e9n podemos producir botellas de vidrio personalizadas seg\u00fan las demandas del cliente. Si lo desea, puede decirnos lo que quiere, nos encargar\u00edamos de que nuestro dise\u00f1ador lo dise\u00f1e para usted.<\/p>\n<p>Si quiere pedir nuestras botellas de vidrio esmerilado de 750 ml al por mayor o quiere informarse sobre la botella de vidrio personalizada, p\u00f3ngase en contacto con nosotros y le fabricaremos la botella que necesite.<\/p>\n<p>Adem\u00e1s de botellas de vidrio esmerilado de 750 ml, tambi\u00e9n tenemos botellas de vidrio de 100 ml al por mayor, botellas de vidrio de 250 ml con tap\u00f3n, <a href=\"https:\/\/ruishengglassco.com\/375ml-liquor-glass-bottle-manufacturer\">botellas de vidrio transparente 375<\/a><a href=\"https:\/\/glassbottlewholesale.com\/es\/detalles-del-producto\/375ml-glass-liquor-bottles-manufacturers\/\"> ml<\/a>Peque\u00f1as botellas de cristal de 50cl,<a href=\"https:\/\/ruishengglassco.com\/1000ml-liquor-glass-bottle-manufacturer\"> Botellas de alcohol de 1000 ml<\/a>etc. Si desea m\u00e1s informaci\u00f3n sobre nuestras botellas de vidrio al por mayor, p\u00f3ngase en contacto con nosotros. Le responderemos lo antes posible. Nuestro objetivo es hacer una botella de vidrio de alta calidad y ofrecer el mejor servicio para el cliente de todo el mundo.<\/p>\n\n\t\t<\/div>\n\t<\/div>\n<\/div><\/div><\/div><\/div>\n<\/div>","protected":false},"excerpt":{"rendered":"<p>.tg {border-collapse:collapse;border-spacing:0;border-color:#ccc;}<br \/>.tg td{font-family:Arial, sans-serif;font-size:14px;padding:10px 5px;border-style:solid;border-width:1px;overflow:hidden;word-break:normal;border-color:#ccc;color:#333;background-color:#fff;}<br \/>.tg th{font-family:Arial, sans-serif;font-size:14px;font-weight:normal;padding:10px 5px;border-style:solid;border-width:1px;overflow:hidden;word-break:normal;border-color:#ccc;color:#333;background-color:#f0f0f0;}<br \/>.tg .tg-wrg0{font-size:22px;text-align:center;vertical-align:top}<br \/>.tg .tg-b7b8{color de fondo:#f9f9f9;alineaci\u00f3n vertical:arriba}<br \/>.tg .tg-yw4l{vertical-align:top}<\/p>\n<table class=\"tg\" style=\"undefined;width: 365px\">\n<colgroup>\n<col style=\"width: 156px\" \/>\n<col style=\"width: 209px\" \/> <\/colgroup>\n<tbody>\n<tr>\n<th class=\"tg-wrg0\" colspan=\"2\">Botellas de Vidrio Esmerilado al por mayor con tapones de corcho 750ml<\/th>\n<\/tr>\n<tr>\n<td class=\"tg-b7b8\">Material principal:<\/td>\n<td class=\"tg-b7b8\">Vidrio alto de pedernal<\/td>\n<\/tr>\n<tr>\n<td class=\"tg-yw4l\">Gorra:<\/td>\n<td class=\"tg-yw4l\">corcho<\/td>\n<\/tr>\n<tr>\n<td class=\"tg-b7b8\">Capacidad:<\/td>\n<td class=\"tg-b7b8\">500 ml 750 ml<\/td>\n<\/tr>\n<tr>\n<td class=\"tg-yw4l\">Caracter\u00edstica:<\/td>\n<td class=\"tg-yw4l\">Respetuoso del medio ambiente<\/td>\n<\/tr>\n<tr>\n<td class=\"tg-b7b8\">Cantidad m\u00ednima de pedido:<\/td>\n<td class=\"tg-b7b8\">10000 piezas<\/td>\n<\/tr>\n<tr>\n<td class=\"tg-yw4l\">Origen del lugar:<\/td>\n<td class=\"tg-yw4l\">Shandong, China<\/td>\n<\/tr>\n<tr>\n<td class=\"tg-b7b8\">Piezas\/caja:<\/td>\n<td class=\"tg-b7b8\">24 piezas<\/td>\n<\/tr>\n<tr>\n<td class=\"tg-yw4l\">Referencia:<\/td>\n<td class=\"tg-yw4l\">RS070<\/td>\n<\/tr>\n<\/tbody>\n<\/table>","protected":false},"featured_media":2653,"comment_status":"open","ping_status":"closed","template":"","meta":[],"product_brand":[],"product_cat":[52,63,67],"product_tag":[],"class_list":{"0":"post-726","1":"product","2":"type-product","3":"status-publish","4":"has-post-thumbnail","6":"product_cat-750ml-glass-bottle","7":"product_cat-liquor-bottle","8":"product_cat-vodka-bottle","9":"entry","10":"has-media","12":"first","13":"instock","14":"shipping-taxable","15":"product-type-simple"},"yoast_head":"<!-- This site is optimized with the Yoast SEO plugin v27.3 - https:\/\/yoast.com\/product\/yoast-seo-wordpress\/ -->\n<title>750ml Frosted Glass Bottles Wholesale | Glass Alcohol Bottles Supplier<\/title>\n<meta name=\"description\" content=\"Do you want to buy 750ml frosted glass bottles wholesale from China glass alcohol bottles suppliers? Factory Outlet&amp;Cheap Price Here.\" \/>\n<meta name=\"robots\" content=\"index, follow, max-snippet:-1, max-image-preview:large, max-video-preview:-1\" \/>\n<link rel=\"canonical\" href=\"https:\/\/ruishengglassco.com\/product\/rs070-750ml-frosted-glass-bottles-factory\" \/>\n<meta property=\"og:locale\" content=\"es_ES\" \/>\n<meta property=\"og:type\" content=\"article\" \/>\n<meta property=\"og:title\" content=\"750ml Frosted Glass Bottles Wholesale | Glass Alcohol Bottles Supplier\" \/>\n<meta property=\"og:description\" content=\"Do you want to buy 750ml frosted glass bottles wholesale from China glass alcohol bottles suppliers? Factory Outlet&amp;Cheap Price Here.\" \/>\n<meta property=\"og:url\" content=\"https:\/\/ruishengglassco.com\/product\/rs070-750ml-frosted-glass-bottles-factory\" \/>\n<meta property=\"og:site_name\" content=\"Glass Bottle Wholesale\" \/>\n<meta property=\"article:modified_time\" content=\"2025-07-10T01:44:37+00:00\" \/>\n<meta property=\"og:image\" content=\"https:\/\/glassbottlewholesale.com\/wp-content\/uploads\/2019\/10\/DSC_1618.jpg\" \/>\n\t<meta property=\"og:image:width\" content=\"800\" \/>\n\t<meta property=\"og:image:height\" content=\"800\" \/>\n\t<meta property=\"og:image:type\" content=\"image\/jpeg\" \/>\n<meta name=\"twitter:card\" content=\"summary_large_image\" \/>\n<meta name=\"twitter:label1\" content=\"Tiempo de lectura\" \/>\n\t<meta name=\"twitter:data1\" content=\"2 minutos\" \/>\n<script type=\"application\/ld+json\" class=\"yoast-schema-graph\">{\"@context\":\"https:\\\/\\\/schema.org\",\"@graph\":[{\"@type\":\"WebPage\",\"@id\":\"https:\\\/\\\/glassbottlewholesale.com\\\/750ml-frosted-glass-bottles-wholesale\\\/\",\"url\":\"https:\\\/\\\/ruishengglassco.com\\\/product\\\/rs070-750ml-frosted-glass-bottles-factory\",\"name\":\"750ml Frosted Glass Bottles Wholesale | Glass Alcohol Bottles Supplier\",\"isPartOf\":{\"@id\":\"https:\\\/\\\/glassbottlewholesale.com\\\/#website\"},\"primaryImageOfPage\":{\"@id\":\"https:\\\/\\\/ruishengglassco.com\\\/product\\\/rs070-750ml-frosted-glass-bottles-factory#primaryimage\"},\"image\":{\"@id\":\"https:\\\/\\\/ruishengglassco.com\\\/product\\\/rs070-750ml-frosted-glass-bottles-factory#primaryimage\"},\"thumbnailUrl\":\"https:\\\/\\\/glassbottlewholesale.com\\\/wp-content\\\/uploads\\\/2019\\\/10\\\/DSC_1618.jpg\",\"datePublished\":\"2019-10-18T07:49:54+00:00\",\"dateModified\":\"2025-07-10T01:44:37+00:00\",\"description\":\"Do you want to buy 750ml frosted glass bottles wholesale from China glass alcohol bottles suppliers? Factory Outlet&Cheap Price Here.\",\"breadcrumb\":{\"@id\":\"https:\\\/\\\/ruishengglassco.com\\\/product\\\/rs070-750ml-frosted-glass-bottles-factory#breadcrumb\"},\"inLanguage\":\"es\",\"potentialAction\":[{\"@type\":\"ReadAction\",\"target\":[\"https:\\\/\\\/ruishengglassco.com\\\/product\\\/rs070-750ml-frosted-glass-bottles-factory\"]}]},{\"@type\":\"ImageObject\",\"inLanguage\":\"es\",\"@id\":\"https:\\\/\\\/ruishengglassco.com\\\/product\\\/rs070-750ml-frosted-glass-bottles-factory#primaryimage\",\"url\":\"https:\\\/\\\/glassbottlewholesale.com\\\/wp-content\\\/uploads\\\/2019\\\/10\\\/DSC_1618.jpg\",\"contentUrl\":\"https:\\\/\\\/glassbottlewholesale.com\\\/wp-content\\\/uploads\\\/2019\\\/10\\\/DSC_1618.jpg\",\"width\":800,\"height\":800,\"caption\":\"750ml Frosted Glass Bottles Wholesale\"},{\"@type\":\"BreadcrumbList\",\"@id\":\"https:\\\/\\\/ruishengglassco.com\\\/product\\\/rs070-750ml-frosted-glass-bottles-factory#breadcrumb\",\"itemListElement\":[{\"@type\":\"ListItem\",\"position\":1,\"name\":\"Home\",\"item\":\"https:\\\/\\\/glassbottlewholesale.com\\\/\"},{\"@type\":\"ListItem\",\"position\":2,\"name\":\"Products\",\"item\":\"https:\\\/\\\/glassbottlewholesale.com\\\/shop\\\/\"},{\"@type\":\"ListItem\",\"position\":3,\"name\":\"RS070: 750ml Frosted Glass Bottles Wholesale\"}]},{\"@type\":\"WebSite\",\"@id\":\"https:\\\/\\\/glassbottlewholesale.com\\\/#website\",\"url\":\"https:\\\/\\\/glassbottlewholesale.com\\\/\",\"name\":\"Glass Bottle Wholesale\",\"description\":\"\",\"publisher\":{\"@id\":\"https:\\\/\\\/glassbottlewholesale.com\\\/#organization\"},\"potentialAction\":[{\"@type\":\"SearchAction\",\"target\":{\"@type\":\"EntryPoint\",\"urlTemplate\":\"https:\\\/\\\/glassbottlewholesale.com\\\/?s={search_term_string}\"},\"query-input\":{\"@type\":\"PropertyValueSpecification\",\"valueRequired\":true,\"valueName\":\"search_term_string\"}}],\"inLanguage\":\"es\"},{\"@type\":\"Organization\",\"@id\":\"https:\\\/\\\/glassbottlewholesale.com\\\/#organization\",\"name\":\"Glass Bottle Wholesale\",\"url\":\"https:\\\/\\\/glassbottlewholesale.com\\\/\",\"logo\":{\"@type\":\"ImageObject\",\"inLanguage\":\"es\",\"@id\":\"https:\\\/\\\/glassbottlewholesale.com\\\/#\\\/schema\\\/logo\\\/image\\\/\",\"url\":\"https:\\\/\\\/glassbottlewholesale.com\\\/wp-content\\\/uploads\\\/2023\\\/12\\\/ruisheng-logo.webp\",\"contentUrl\":\"https:\\\/\\\/glassbottlewholesale.com\\\/wp-content\\\/uploads\\\/2023\\\/12\\\/ruisheng-logo.webp\",\"width\":400,\"height\":233,\"caption\":\"Glass Bottle Wholesale\"},\"image\":{\"@id\":\"https:\\\/\\\/glassbottlewholesale.com\\\/#\\\/schema\\\/logo\\\/image\\\/\"}}]}<\/script>\n<!-- \/ Yoast SEO plugin. -->","yoast_head_json":{"title":"Botellas de vidrio esmerilado de 750ml al por mayor | Proveedor de botellas de vidrio para alcohol","description":"\u00bfQuieres comprar 750ml esmerilado botellas de vidrio al por mayor de China botellas de alcohol de vidrio proveedores? Salida de f\u00e1brica y precio barato aqu\u00ed.","robots":{"index":"index","follow":"follow","max-snippet":"max-snippet:-1","max-image-preview":"max-image-preview:large","max-video-preview":"max-video-preview:-1"},"canonical":"https:\/\/ruishengglassco.com\/product\/rs070-750ml-frosted-glass-bottles-factory","og_locale":"es_ES","og_type":"article","og_title":"750ml Frosted Glass Bottles Wholesale | Glass Alcohol Bottles Supplier","og_description":"Do you want to buy 750ml frosted glass bottles wholesale from China glass alcohol bottles suppliers? Factory Outlet&Cheap Price Here.","og_url":"https:\/\/ruishengglassco.com\/product\/rs070-750ml-frosted-glass-bottles-factory","og_site_name":"Glass Bottle Wholesale","article_modified_time":"2025-07-10T01:44:37+00:00","og_image":[{"width":800,"height":800,"url":"https:\/\/glassbottlewholesale.com\/wp-content\/uploads\/2019\/10\/DSC_1618.jpg","type":"image\/jpeg"}],"twitter_card":"summary_large_image","twitter_misc":{"Tiempo de lectura":"2 minutos"},"schema":{"@context":"https:\/\/schema.org","@graph":[{"@type":"WebPage","@id":"https:\/\/glassbottlewholesale.com\/750ml-frosted-glass-bottles-wholesale\/","url":"https:\/\/ruishengglassco.com\/product\/rs070-750ml-frosted-glass-bottles-factory","name":"Botellas de vidrio esmerilado de 750ml al por mayor | Proveedor de botellas de vidrio para alcohol","isPartOf":{"@id":"https:\/\/glassbottlewholesale.com\/#website"},"primaryImageOfPage":{"@id":"https:\/\/ruishengglassco.com\/product\/rs070-750ml-frosted-glass-bottles-factory#primaryimage"},"image":{"@id":"https:\/\/ruishengglassco.com\/product\/rs070-750ml-frosted-glass-bottles-factory#primaryimage"},"thumbnailUrl":"https:\/\/glassbottlewholesale.com\/wp-content\/uploads\/2019\/10\/DSC_1618.jpg","datePublished":"2019-10-18T07:49:54+00:00","dateModified":"2025-07-10T01:44:37+00:00","description":"\u00bfQuieres comprar 750ml esmerilado botellas de vidrio al por mayor de China botellas de alcohol de vidrio proveedores? Salida de f\u00e1brica y precio barato aqu\u00ed.","breadcrumb":{"@id":"https:\/\/ruishengglassco.com\/product\/rs070-750ml-frosted-glass-bottles-factory#breadcrumb"},"inLanguage":"es","potentialAction":[{"@type":"ReadAction","target":["https:\/\/ruishengglassco.com\/product\/rs070-750ml-frosted-glass-bottles-factory"]}]},{"@type":"ImageObject","inLanguage":"es","@id":"https:\/\/ruishengglassco.com\/product\/rs070-750ml-frosted-glass-bottles-factory#primaryimage","url":"https:\/\/glassbottlewholesale.com\/wp-content\/uploads\/2019\/10\/DSC_1618.jpg","contentUrl":"https:\/\/glassbottlewholesale.com\/wp-content\/uploads\/2019\/10\/DSC_1618.jpg","width":800,"height":800,"caption":"750ml Frosted Glass Bottles Wholesale"},{"@type":"BreadcrumbList","@id":"https:\/\/ruishengglassco.com\/product\/rs070-750ml-frosted-glass-bottles-factory#breadcrumb","itemListElement":[{"@type":"ListItem","position":1,"name":"Home","item":"https:\/\/glassbottlewholesale.com\/"},{"@type":"ListItem","position":2,"name":"Products","item":"https:\/\/glassbottlewholesale.com\/shop\/"},{"@type":"ListItem","position":3,"name":"RS070: 750ml Frosted Glass Bottles Wholesale"}]},{"@type":"WebSite","@id":"https:\/\/glassbottlewholesale.com\/#website","url":"https:\/\/glassbottlewholesale.com\/","name":"Glass Bottle Wholesale","description":"","publisher":{"@id":"https:\/\/glassbottlewholesale.com\/#organization"},"potentialAction":[{"@type":"SearchAction","target":{"@type":"EntryPoint","urlTemplate":"https:\/\/glassbottlewholesale.com\/?s={search_term_string}"},"query-input":{"@type":"PropertyValueSpecification","valueRequired":true,"valueName":"search_term_string"}}],"inLanguage":"es"},{"@type":"Organization","@id":"https:\/\/glassbottlewholesale.com\/#organization","name":"Glass Bottle Wholesale","url":"https:\/\/glassbottlewholesale.com\/","logo":{"@type":"ImageObject","inLanguage":"es","@id":"https:\/\/glassbottlewholesale.com\/#\/schema\/logo\/image\/","url":"https:\/\/glassbottlewholesale.com\/wp-content\/uploads\/2023\/12\/ruisheng-logo.webp","contentUrl":"https:\/\/glassbottlewholesale.com\/wp-content\/uploads\/2023\/12\/ruisheng-logo.webp","width":400,"height":233,"caption":"Glass Bottle Wholesale"},"image":{"@id":"https:\/\/glassbottlewholesale.com\/#\/schema\/logo\/image\/"}}]}},"_links":{"self":[{"href":"https:\/\/glassbottlewholesale.com\/es\/wp-json\/wp\/v2\/product\/726","targetHints":{"allow":["GET"]}}],"collection":[{"href":"https:\/\/glassbottlewholesale.com\/es\/wp-json\/wp\/v2\/product"}],"about":[{"href":"https:\/\/glassbottlewholesale.com\/es\/wp-json\/wp\/v2\/types\/product"}],"replies":[{"embeddable":true,"href":"https:\/\/glassbottlewholesale.com\/es\/wp-json\/wp\/v2\/comments?post=726"}],"wp:featuredmedia":[{"embeddable":true,"href":"https:\/\/glassbottlewholesale.com\/es\/wp-json\/wp\/v2\/media\/2653"}],"wp:attachment":[{"href":"https:\/\/glassbottlewholesale.com\/es\/wp-json\/wp\/v2\/media?parent=726"}],"wp:term":[{"taxonomy":"product_brand","embeddable":true,"href":"https:\/\/glassbottlewholesale.com\/es\/wp-json\/wp\/v2\/product_brand?post=726"},{"taxonomy":"product_cat","embeddable":true,"href":"https:\/\/glassbottlewholesale.com\/es\/wp-json\/wp\/v2\/product_cat?post=726"},{"taxonomy":"product_tag","embeddable":true,"href":"https:\/\/glassbottlewholesale.com\/es\/wp-json\/wp\/v2\/product_tag?post=726"}],"curies":[{"name":"wp","href":"https:\/\/api.w.org\/{rel}","templated":true}]}}