{"id":733,"date":"2019-10-18T07:56:34","date_gmt":"2019-10-18T07:56:34","guid":{"rendered":"https:\/\/queenchingglass.com\/?post_type=product&#038;p=733"},"modified":"2023-12-06T01:20:42","modified_gmt":"2023-12-06T01:20:42","slug":"venta-al-por-mayor-de-mini-botellas-de-licor-de-50-ml","status":"publish","type":"product","link":"https:\/\/glassbottlewholesale.com\/es\/venta-al-por-mayor-de-mini-botellas-de-licor-de-50-ml\/","title":{"rendered":"RS068: Mini botellas de ron al por mayor a granel para la venta"},"content":{"rendered":"<p>Adem\u00e1s de la serie principal de productos de 500ml,700ml,750ml botellas de licor hechas por nuestra f\u00e1brica, tambi\u00e9n ofrecemos <strong>venta al por mayor de mini botellas de licor<\/strong>. Llevamos m\u00e1s de una d\u00e9cada fabricando botellas, y nuestra f\u00e1brica es muy famosa en China.<\/p>\n<p>Sobre estas mini botellas de licor de 50ml al por mayor, tenemos muchas formas, como plana, forma de coraz\u00f3n, forma de torre, y otras.<br \/>\nTambi\u00e9n aceptamos la botella de encargo, si usted puede darme los dibujos de la botella, podemos hacer el mismo.<\/p>\n<p>Nuestra f\u00e1brica cuenta con trabajadores cualificados, que tienen mucha experiencia. Tenemos requisitos de muy alta calidad para las botellas de vidrio, as\u00ed que por favor conf\u00ede en nuestra calidad. Nuestras botellas han sido calibradas seg\u00fan la norma, por lo que la calidad est\u00e1 garantizada.<\/p>\n<p>Tenemos dos materiales en esta botella: vidrio de alto pedernal y vidrio de s\u00faper pedernal. el \u00faltimo es mejor. Vamos a seleccionar las materias primas estrictamente. Y tenemos un excelente servicio post-venta, estaremos respondiendo a sus preguntas en l\u00ednea.<\/p>\n<h3>Detalles del pedido sobre Mini botellas de licor al por mayor a granel<\/h3>\n<ul>\n<li>Art\u00edculo: RS-068 Mini botellas de licor de 50 ml<\/li>\n<li>Marca: Ruisheng Glass<\/li>\n<li><span style=\"color: #ff6600;\">Cantidad m\u00ednima de pedido: <strong><span class=\"mceItemHidden\">10000 piezas\u00a0<\/span><\/strong><\/span><\/li>\n<li>Material principal: vidrio alto pedernal<\/li>\n<li>Tapa: tap\u00f3n de rosca<\/li>\n<li>Capacidad: 50 ml<\/li>\n<li>Piezas\/caja: 24 piezas<\/li>\n<li>Origen del lugar: Shandong, China<\/li>\n<li>Caracter\u00edstica: Respetuoso del medio ambiente<\/li>\n<\/ul>\n<p>Nuestra empresa siempre persigue la calidad en primer lugar, tenemos estrictos requisitos para la calidad de las botellas. Nuestra empresa abarca mucho terreno, hay m\u00e1s de quinientos trabajadores, todos tienen mucha experiencia.<\/p>\n<p>Si est\u00e1 interesado en los precios de nuestras mini botellas de alcohol, puede visitar nuestro sitio web. Hay muchos productos en nuestro sitio web. Puede elegir el que m\u00e1s le guste. Tambi\u00e9n podemos hacer un procesamiento profundo en la botella, como calcoman\u00eda, impresi\u00f3n, pintura y otros.<\/p>\n<p>Bienvenido a visitar nuestra f\u00e1brica de fabricaci\u00f3n de botellas de licor, le mostraremos la f\u00e1brica. Podemos mostrarle alrededor de nuestro taller de producci\u00f3n. usted puede elegir algunas muestras y tomarlas.<\/p>\n<p>eSi tiene alguna otra pregunta, no dude en ponerse en contacto con nosotros.<\/p>","protected":false},"excerpt":{"rendered":"<p>Mini botella de cristal al por mayor de dise\u00f1o \u00fanico para licor. 50ml al por mayor mini botellas de licor con color claro transparente, que muestra los envases de licor muy bien. Material de vidrio sin plomo, la salud y la protecci\u00f3n del medio ambiente, no tendr\u00e1 un mal efecto sobre la calidad y el almacenamiento de licor. Si usted est\u00e1 interesado en nuestras peque\u00f1as botellas de licor, por favor <a href=\"https:\/\/glassbottlewholesale.com\/es\/contact\/\">dejar un mensaje<\/a> para nosotros.<\/p>","protected":false},"featured_media":2240,"comment_status":"open","ping_status":"closed","template":"","meta":[],"product_brand":[],"product_cat":[58,65],"product_tag":[],"class_list":{"0":"post-733","1":"product","2":"type-product","3":"status-publish","4":"has-post-thumbnail","6":"product_cat-50ml-glass-bottle","7":"product_cat-rum-bottle","8":"entry","9":"has-media","11":"first","12":"instock","13":"shipping-taxable","14":"product-type-simple"},"yoast_head":"<!-- This site is optimized with the Yoast SEO plugin v27.3 - https:\/\/yoast.com\/product\/yoast-seo-wordpress\/ -->\n<title>Wholesale Mini Liquor Bottles For Sale | Tiny Spirit Bottle Manufacturers<\/title>\n<meta name=\"description\" content=\"Do you want to buy wholesale mini liquor bottles for sale outlet from China spirit bottle manufacturers? Free Sample&amp;Quality Assurance.\" \/>\n<meta name=\"robots\" content=\"index, follow, max-snippet:-1, max-image-preview:large, max-video-preview:-1\" \/>\n<link rel=\"canonical\" href=\"https:\/\/ruishengglassco.com\/product\/rs068-wholesale-mini-rum-bottles-bulk-for-sale\" \/>\n<meta property=\"og:locale\" content=\"es_ES\" \/>\n<meta property=\"og:type\" content=\"article\" \/>\n<meta property=\"og:title\" content=\"Wholesale Mini Liquor Bottles For Sale | Tiny Spirit Bottle Manufacturers\" \/>\n<meta property=\"og:description\" content=\"Do you want to buy wholesale mini liquor bottles for sale outlet from China spirit bottle manufacturers? Free Sample&amp;Quality Assurance.\" \/>\n<meta property=\"og:url\" content=\"https:\/\/ruishengglassco.com\/product\/rs068-wholesale-mini-rum-bottles-bulk-for-sale\" \/>\n<meta property=\"og:site_name\" content=\"Glass Bottle Wholesale\" \/>\n<meta property=\"article:modified_time\" content=\"2023-12-06T01:20:42+00:00\" \/>\n<meta property=\"og:image\" content=\"https:\/\/glassbottlewholesale.com\/wp-content\/uploads\/2019\/10\/wholesale-mini-liquor-bottle-wholesale-1.jpg\" \/>\n\t<meta property=\"og:image:width\" content=\"311\" \/>\n\t<meta property=\"og:image:height\" content=\"350\" \/>\n\t<meta property=\"og:image:type\" content=\"image\/jpeg\" \/>\n<meta name=\"twitter:card\" content=\"summary_large_image\" \/>\n<meta name=\"twitter:label1\" content=\"Tiempo de lectura\" \/>\n\t<meta name=\"twitter:data1\" content=\"2 minutos\" \/>\n<script type=\"application\/ld+json\" class=\"yoast-schema-graph\">{\"@context\":\"https:\\\/\\\/schema.org\",\"@graph\":[{\"@type\":\"WebPage\",\"@id\":\"https:\\\/\\\/glassbottlewholesale.com\\\/wholesale-50ml-mini-liquor-bottles-for-sale\\\/\",\"url\":\"https:\\\/\\\/ruishengglassco.com\\\/product\\\/rs068-wholesale-mini-rum-bottles-bulk-for-sale\",\"name\":\"Wholesale Mini Liquor Bottles For Sale | Tiny Spirit Bottle Manufacturers\",\"isPartOf\":{\"@id\":\"https:\\\/\\\/glassbottlewholesale.com\\\/#website\"},\"primaryImageOfPage\":{\"@id\":\"https:\\\/\\\/ruishengglassco.com\\\/product\\\/rs068-wholesale-mini-rum-bottles-bulk-for-sale#primaryimage\"},\"image\":{\"@id\":\"https:\\\/\\\/ruishengglassco.com\\\/product\\\/rs068-wholesale-mini-rum-bottles-bulk-for-sale#primaryimage\"},\"thumbnailUrl\":\"https:\\\/\\\/glassbottlewholesale.com\\\/wp-content\\\/uploads\\\/2019\\\/10\\\/wholesale-mini-liquor-bottle-wholesale-1.jpg\",\"datePublished\":\"2019-10-18T07:56:34+00:00\",\"dateModified\":\"2023-12-06T01:20:42+00:00\",\"description\":\"Do you want to buy wholesale mini liquor bottles for sale outlet from China spirit bottle manufacturers? Free Sample&Quality Assurance.\",\"breadcrumb\":{\"@id\":\"https:\\\/\\\/ruishengglassco.com\\\/product\\\/rs068-wholesale-mini-rum-bottles-bulk-for-sale#breadcrumb\"},\"inLanguage\":\"es\",\"potentialAction\":[{\"@type\":\"ReadAction\",\"target\":[\"https:\\\/\\\/ruishengglassco.com\\\/product\\\/rs068-wholesale-mini-rum-bottles-bulk-for-sale\"]}]},{\"@type\":\"ImageObject\",\"inLanguage\":\"es\",\"@id\":\"https:\\\/\\\/ruishengglassco.com\\\/product\\\/rs068-wholesale-mini-rum-bottles-bulk-for-sale#primaryimage\",\"url\":\"https:\\\/\\\/glassbottlewholesale.com\\\/wp-content\\\/uploads\\\/2019\\\/10\\\/wholesale-mini-liquor-bottle-wholesale-1.jpg\",\"contentUrl\":\"https:\\\/\\\/glassbottlewholesale.com\\\/wp-content\\\/uploads\\\/2019\\\/10\\\/wholesale-mini-liquor-bottle-wholesale-1.jpg\",\"width\":311,\"height\":350,\"caption\":\"wholesale mini liquor bottle wholesale (1)\"},{\"@type\":\"BreadcrumbList\",\"@id\":\"https:\\\/\\\/ruishengglassco.com\\\/product\\\/rs068-wholesale-mini-rum-bottles-bulk-for-sale#breadcrumb\",\"itemListElement\":[{\"@type\":\"ListItem\",\"position\":1,\"name\":\"Home\",\"item\":\"https:\\\/\\\/glassbottlewholesale.com\\\/\"},{\"@type\":\"ListItem\",\"position\":2,\"name\":\"Products\",\"item\":\"https:\\\/\\\/glassbottlewholesale.com\\\/shop\\\/\"},{\"@type\":\"ListItem\",\"position\":3,\"name\":\"RS068: Wholesale Mini Rum Bottles Bulk For Sale\"}]},{\"@type\":\"WebSite\",\"@id\":\"https:\\\/\\\/glassbottlewholesale.com\\\/#website\",\"url\":\"https:\\\/\\\/glassbottlewholesale.com\\\/\",\"name\":\"Glass Bottle Wholesale\",\"description\":\"\",\"publisher\":{\"@id\":\"https:\\\/\\\/glassbottlewholesale.com\\\/#organization\"},\"potentialAction\":[{\"@type\":\"SearchAction\",\"target\":{\"@type\":\"EntryPoint\",\"urlTemplate\":\"https:\\\/\\\/glassbottlewholesale.com\\\/?s={search_term_string}\"},\"query-input\":{\"@type\":\"PropertyValueSpecification\",\"valueRequired\":true,\"valueName\":\"search_term_string\"}}],\"inLanguage\":\"es\"},{\"@type\":\"Organization\",\"@id\":\"https:\\\/\\\/glassbottlewholesale.com\\\/#organization\",\"name\":\"Glass Bottle Wholesale\",\"url\":\"https:\\\/\\\/glassbottlewholesale.com\\\/\",\"logo\":{\"@type\":\"ImageObject\",\"inLanguage\":\"es\",\"@id\":\"https:\\\/\\\/glassbottlewholesale.com\\\/#\\\/schema\\\/logo\\\/image\\\/\",\"url\":\"https:\\\/\\\/glassbottlewholesale.com\\\/wp-content\\\/uploads\\\/2023\\\/12\\\/ruisheng-logo.webp\",\"contentUrl\":\"https:\\\/\\\/glassbottlewholesale.com\\\/wp-content\\\/uploads\\\/2023\\\/12\\\/ruisheng-logo.webp\",\"width\":400,\"height\":233,\"caption\":\"Glass Bottle Wholesale\"},\"image\":{\"@id\":\"https:\\\/\\\/glassbottlewholesale.com\\\/#\\\/schema\\\/logo\\\/image\\\/\"}}]}<\/script>\n<!-- \/ Yoast SEO plugin. -->","yoast_head_json":{"title":"Venta al por mayor Mini botellas de licor | Tiny Spirit Bottle Fabricantes","description":"\u00bfQuieres comprar al por mayor mini botellas de licor para la salida de la venta de los fabricantes de botellas de alcohol de China? Muestra gratis y garant\u00eda de calidad.","robots":{"index":"index","follow":"follow","max-snippet":"max-snippet:-1","max-image-preview":"max-image-preview:large","max-video-preview":"max-video-preview:-1"},"canonical":"https:\/\/ruishengglassco.com\/product\/rs068-wholesale-mini-rum-bottles-bulk-for-sale","og_locale":"es_ES","og_type":"article","og_title":"Wholesale Mini Liquor Bottles For Sale | Tiny Spirit Bottle Manufacturers","og_description":"Do you want to buy wholesale mini liquor bottles for sale outlet from China spirit bottle manufacturers? Free Sample&Quality Assurance.","og_url":"https:\/\/ruishengglassco.com\/product\/rs068-wholesale-mini-rum-bottles-bulk-for-sale","og_site_name":"Glass Bottle Wholesale","article_modified_time":"2023-12-06T01:20:42+00:00","og_image":[{"width":311,"height":350,"url":"https:\/\/glassbottlewholesale.com\/wp-content\/uploads\/2019\/10\/wholesale-mini-liquor-bottle-wholesale-1.jpg","type":"image\/jpeg"}],"twitter_card":"summary_large_image","twitter_misc":{"Tiempo de lectura":"2 minutos"},"schema":{"@context":"https:\/\/schema.org","@graph":[{"@type":"WebPage","@id":"https:\/\/glassbottlewholesale.com\/wholesale-50ml-mini-liquor-bottles-for-sale\/","url":"https:\/\/ruishengglassco.com\/product\/rs068-wholesale-mini-rum-bottles-bulk-for-sale","name":"Venta al por mayor Mini botellas de licor | Tiny Spirit Bottle Fabricantes","isPartOf":{"@id":"https:\/\/glassbottlewholesale.com\/#website"},"primaryImageOfPage":{"@id":"https:\/\/ruishengglassco.com\/product\/rs068-wholesale-mini-rum-bottles-bulk-for-sale#primaryimage"},"image":{"@id":"https:\/\/ruishengglassco.com\/product\/rs068-wholesale-mini-rum-bottles-bulk-for-sale#primaryimage"},"thumbnailUrl":"https:\/\/glassbottlewholesale.com\/wp-content\/uploads\/2019\/10\/wholesale-mini-liquor-bottle-wholesale-1.jpg","datePublished":"2019-10-18T07:56:34+00:00","dateModified":"2023-12-06T01:20:42+00:00","description":"\u00bfQuieres comprar al por mayor mini botellas de licor para la salida de la venta de los fabricantes de botellas de alcohol de China? Muestra gratis y garant\u00eda de calidad.","breadcrumb":{"@id":"https:\/\/ruishengglassco.com\/product\/rs068-wholesale-mini-rum-bottles-bulk-for-sale#breadcrumb"},"inLanguage":"es","potentialAction":[{"@type":"ReadAction","target":["https:\/\/ruishengglassco.com\/product\/rs068-wholesale-mini-rum-bottles-bulk-for-sale"]}]},{"@type":"ImageObject","inLanguage":"es","@id":"https:\/\/ruishengglassco.com\/product\/rs068-wholesale-mini-rum-bottles-bulk-for-sale#primaryimage","url":"https:\/\/glassbottlewholesale.com\/wp-content\/uploads\/2019\/10\/wholesale-mini-liquor-bottle-wholesale-1.jpg","contentUrl":"https:\/\/glassbottlewholesale.com\/wp-content\/uploads\/2019\/10\/wholesale-mini-liquor-bottle-wholesale-1.jpg","width":311,"height":350,"caption":"wholesale mini liquor bottle wholesale (1)"},{"@type":"BreadcrumbList","@id":"https:\/\/ruishengglassco.com\/product\/rs068-wholesale-mini-rum-bottles-bulk-for-sale#breadcrumb","itemListElement":[{"@type":"ListItem","position":1,"name":"Home","item":"https:\/\/glassbottlewholesale.com\/"},{"@type":"ListItem","position":2,"name":"Products","item":"https:\/\/glassbottlewholesale.com\/shop\/"},{"@type":"ListItem","position":3,"name":"RS068: Wholesale Mini Rum Bottles Bulk For Sale"}]},{"@type":"WebSite","@id":"https:\/\/glassbottlewholesale.com\/#website","url":"https:\/\/glassbottlewholesale.com\/","name":"Glass Bottle Wholesale","description":"","publisher":{"@id":"https:\/\/glassbottlewholesale.com\/#organization"},"potentialAction":[{"@type":"SearchAction","target":{"@type":"EntryPoint","urlTemplate":"https:\/\/glassbottlewholesale.com\/?s={search_term_string}"},"query-input":{"@type":"PropertyValueSpecification","valueRequired":true,"valueName":"search_term_string"}}],"inLanguage":"es"},{"@type":"Organization","@id":"https:\/\/glassbottlewholesale.com\/#organization","name":"Glass Bottle Wholesale","url":"https:\/\/glassbottlewholesale.com\/","logo":{"@type":"ImageObject","inLanguage":"es","@id":"https:\/\/glassbottlewholesale.com\/#\/schema\/logo\/image\/","url":"https:\/\/glassbottlewholesale.com\/wp-content\/uploads\/2023\/12\/ruisheng-logo.webp","contentUrl":"https:\/\/glassbottlewholesale.com\/wp-content\/uploads\/2023\/12\/ruisheng-logo.webp","width":400,"height":233,"caption":"Glass Bottle Wholesale"},"image":{"@id":"https:\/\/glassbottlewholesale.com\/#\/schema\/logo\/image\/"}}]}},"_links":{"self":[{"href":"https:\/\/glassbottlewholesale.com\/es\/wp-json\/wp\/v2\/product\/733","targetHints":{"allow":["GET"]}}],"collection":[{"href":"https:\/\/glassbottlewholesale.com\/es\/wp-json\/wp\/v2\/product"}],"about":[{"href":"https:\/\/glassbottlewholesale.com\/es\/wp-json\/wp\/v2\/types\/product"}],"replies":[{"embeddable":true,"href":"https:\/\/glassbottlewholesale.com\/es\/wp-json\/wp\/v2\/comments?post=733"}],"wp:featuredmedia":[{"embeddable":true,"href":"https:\/\/glassbottlewholesale.com\/es\/wp-json\/wp\/v2\/media\/2240"}],"wp:attachment":[{"href":"https:\/\/glassbottlewholesale.com\/es\/wp-json\/wp\/v2\/media?parent=733"}],"wp:term":[{"taxonomy":"product_brand","embeddable":true,"href":"https:\/\/glassbottlewholesale.com\/es\/wp-json\/wp\/v2\/product_brand?post=733"},{"taxonomy":"product_cat","embeddable":true,"href":"https:\/\/glassbottlewholesale.com\/es\/wp-json\/wp\/v2\/product_cat?post=733"},{"taxonomy":"product_tag","embeddable":true,"href":"https:\/\/glassbottlewholesale.com\/es\/wp-json\/wp\/v2\/product_tag?post=733"}],"curies":[{"name":"wp","href":"https:\/\/api.w.org\/{rel}","templated":true}]}}