{"id":737,"date":"2019-12-18T08:09:39","date_gmt":"2019-12-18T08:09:39","guid":{"rendered":"https:\/\/queenchingglass.com\/?post_type=product&#038;p=737"},"modified":"2025-07-10T03:35:59","modified_gmt":"2025-07-10T03:35:59","slug":"500ml-700ml-750ml-fancy-glass-bottle-wholesale","status":"publish","type":"product","link":"https:\/\/glassbottlewholesale.com\/es\/500ml-700ml-750ml-fancy-glass-bottle-wholesale\/","title":{"rendered":"RS046: botellas de vidrio elegantes de 500 ml, 700 ml y 750 ml al por mayor"},"content":{"rendered":"<div class=\"wpb-content-wrapper\"><div class=\"vc_row wpb_row vc_row-fluid\"><div class=\"wpb_column vc_column_container vc_col-sm-12\"><div class=\"vc_column-inner\"><div class=\"wpb_wrapper\">\n\t<div class=\"wpb_text_column wpb_content_element\" >\n\t\t<div class=\"wpb_wrapper\">\n\t\t\t<p>En <strong>Botella de vidrio de fantas\u00eda al por mayor <\/strong>es un proyecto importante en Ruisheng. Ruisheng, el principal fabricante de botellas de vidrio con corcho, ofrece una amplia serie de botellas de vidrio al por mayor, tales como botella de vidrio redonda Boston, botella de vidrio cuadrada, y botella de vidrio con forma personalizada, y botellas de vidrio con corcho especiales para bebidas espirituosas, whisky, brandy, ron, vodka, etc.<\/p>\n<div>Hacer una artesan\u00eda o env\u00edo de mercanc\u00edas se inclin\u00f3 sobre los clientes mediante la selecci\u00f3n de un<a href=\"https:\/\/ruishengglassco.com\/375ml-liquor-glass-bottle-manufacturer\"> botella de vidrio m\u00e1s peque\u00f1a<\/a> o botella de vidrio al por mayor m\u00e1s grande. Tama\u00f1os disponibles desde 50 ml hasta 1500 ml. Se aceptan pedidos personalizados. La mayor\u00eda de las botellas de vidrio para la venta est\u00e1n hechas de material de vidrio de alta fluidez que hace que el cuerpo de la botella de licor sea m\u00e1s fuerte y hermoso. Garantizamos que todas las botellas de vidrio transparente con tapa son no t\u00f3xicas, 100% recuperables, reutilizables y seguras para la tierra.<\/div>\n<p>Este dise\u00f1o de lujo 500ml botellas de vidrio de diamante tambi\u00e9n puede personalizar las botellas de acuerdo a los dibujos que usted proporcion\u00f3, podemos hacer cualquier botella que desee.<\/p>\n<h4>La informaci\u00f3n del dise\u00f1o de lujo 500ml botellas de vidrio de diamantes como abajo:<\/h4>\n<ul>\n<li>Material principal: vidrio s\u00faper flint<\/li>\n<li>Tap\u00f3n: corcho<\/li>\n<li>Referencia: RS046<\/li>\n<li>Cantidad m\u00ednima de pedido: 10000 unidades<\/li>\n<li>Capacidad: 500ml<\/li>\n<li>Piezas\/caja: 24 piezas<\/li>\n<li>Origen del lugar: Shandong, China<\/li>\n<li>Caracter\u00edstica: Respetuoso del medio ambiente<\/li>\n<\/ul>\n<p>La botella de vidrio Ruisheng tiene una larga historia de producci\u00f3n de 500ml <a href=\"https:\/\/ruishengglassco.com\/glass-liquor-spirit-bottles\">fabricaci\u00f3n de botellas de vidrio l\u00edquido<\/a>, todas las personas involucradas son muy experimentados, estamos muy seguros de que podemos hacer que el producto que usted est\u00e1 satisfecho. Ruisheng botella de vidrio transparente ha sido bien recibida en Europa, EE.UU., Australia, Am\u00e9rica, etc. Y todos los productos gozan de una gran reputaci\u00f3n por su innovaci\u00f3n y funcionalidad.<\/p>\n<p>Ruisheng botella de vidrio se ha ampliado un nuevo sitio, e introducir m\u00e1quinas avanzadas, nuestra velocidad de producci\u00f3n es mucho mayor que antes. As\u00ed que vamos a hacer buenas botellas en la fecha fijada, y entregar la mercanc\u00eda a usted.<\/p>\n<p>Si est\u00e1 satisfecho con esta botella de vidrio transparente, p\u00f3ngase en contacto conmigo a tiempo. Si no te gusta, puedes mirar nuestras otras botellas. O le dar\u00e9 el cat\u00e1logo, usted puede elegir lo que te gusta. Si est\u00e1 interesado en nuestras botellas herm\u00e9ticas de alcohol, p\u00f3ngase en contacto con nosotros. Le responderemos en un plazo de 24 horas.<\/p>\n\n\t\t<\/div>\n\t<\/div>\n<\/div><\/div><\/div><\/div>\n<\/div>","protected":false},"excerpt":{"rendered":"<p><a href=\"https:\/\/glassbottlewholesale.com\/es\/\">Ruisheng<\/a>, a professional glass bottle manufacturer with over 10 years of manufacturing experience, provide fancy glass bottle wholesale for the liquor brand, company, glass bottle suppliers, wholesalers, etc. Factory outlet glass bottle with a cheap bulk price. This Fancy design 500ml diamond glass bottles can also customize the bottles according to the drawings you provided, we can make any bottle you want.<\/p>\n<p>Please feel free to contact us to get a diamond liquor bottle price.<\/p>","protected":false},"featured_media":4365,"comment_status":"open","ping_status":"closed","template":"","meta":[],"product_brand":[],"product_cat":[50,51,52,63,65,66],"product_tag":[],"class_list":{"0":"post-737","1":"product","2":"type-product","3":"status-publish","4":"has-post-thumbnail","6":"product_cat-500ml-glass-bottle","7":"product_cat-700ml-glass-bottle","8":"product_cat-750ml-glass-bottle","9":"product_cat-liquor-bottle","10":"product_cat-rum-bottle","11":"product_cat-tequila-bottle","12":"entry","13":"has-media","15":"first","16":"instock","17":"shipping-taxable","18":"product-type-simple"},"yoast_head":"<!-- This site is optimized with the Yoast SEO plugin v27.3 - https:\/\/yoast.com\/product\/yoast-seo-wordpress\/ -->\n<title>750ml Fancy Glass Bottle Wholesale | Diamond Liquor Bottle Suppliers<\/title>\n<meta name=\"description\" content=\"Ruisheng, one of the largest China glass liquor bottle supplirs&amp;factory, sales 750ml fancy glass bottle wholesale in bulk price.\" \/>\n<meta name=\"robots\" content=\"index, follow, max-snippet:-1, max-image-preview:large, max-video-preview:-1\" \/>\n<link rel=\"canonical\" href=\"https:\/\/ruishengglassco.com\/product\/rs046-500ml-700ml-750ml-fancy-glass-bottles-manufacturers\" \/>\n<meta property=\"og:locale\" content=\"es_ES\" \/>\n<meta property=\"og:type\" content=\"article\" \/>\n<meta property=\"og:title\" content=\"750ml Fancy Glass Bottle Wholesale | Diamond Liquor Bottle Suppliers\" \/>\n<meta property=\"og:description\" content=\"Ruisheng, one of the largest China glass liquor bottle supplirs&amp;factory, sales 750ml fancy glass bottle wholesale in bulk price.\" \/>\n<meta property=\"og:url\" content=\"https:\/\/ruishengglassco.com\/product\/rs046-500ml-700ml-750ml-fancy-glass-bottles-manufacturers\" \/>\n<meta property=\"og:site_name\" content=\"Glass Bottle Wholesale\" \/>\n<meta property=\"article:modified_time\" content=\"2025-07-10T03:35:59+00:00\" \/>\n<meta property=\"og:image\" content=\"https:\/\/glassbottlewholesale.com\/wp-content\/uploads\/2023\/12\/700ml-6.png\" \/>\n\t<meta property=\"og:image:width\" content=\"602\" \/>\n\t<meta property=\"og:image:height\" content=\"608\" \/>\n\t<meta property=\"og:image:type\" content=\"image\/png\" \/>\n<meta name=\"twitter:card\" content=\"summary_large_image\" \/>\n<meta name=\"twitter:label1\" content=\"Tiempo de lectura\" \/>\n\t<meta name=\"twitter:data1\" content=\"2 minutos\" \/>\n<script type=\"application\/ld+json\" class=\"yoast-schema-graph\">{\"@context\":\"https:\\\/\\\/schema.org\",\"@graph\":[{\"@type\":\"WebPage\",\"@id\":\"https:\\\/\\\/glassbottlewholesale.com\\\/500ml-700ml-750ml-fancy-glass-bottle-wholesale\\\/\",\"url\":\"https:\\\/\\\/ruishengglassco.com\\\/product\\\/rs046-500ml-700ml-750ml-fancy-glass-bottles-manufacturers\",\"name\":\"750ml Fancy Glass Bottle Wholesale | Diamond Liquor Bottle Suppliers\",\"isPartOf\":{\"@id\":\"https:\\\/\\\/glassbottlewholesale.com\\\/#website\"},\"primaryImageOfPage\":{\"@id\":\"https:\\\/\\\/ruishengglassco.com\\\/product\\\/rs046-500ml-700ml-750ml-fancy-glass-bottles-manufacturers#primaryimage\"},\"image\":{\"@id\":\"https:\\\/\\\/ruishengglassco.com\\\/product\\\/rs046-500ml-700ml-750ml-fancy-glass-bottles-manufacturers#primaryimage\"},\"thumbnailUrl\":\"https:\\\/\\\/glassbottlewholesale.com\\\/wp-content\\\/uploads\\\/2023\\\/12\\\/700ml-6.png\",\"datePublished\":\"2019-12-18T08:09:39+00:00\",\"dateModified\":\"2025-07-10T03:35:59+00:00\",\"description\":\"Ruisheng, one of the largest China glass liquor bottle supplirs&factory, sales 750ml fancy glass bottle wholesale in bulk price.\",\"breadcrumb\":{\"@id\":\"https:\\\/\\\/ruishengglassco.com\\\/product\\\/rs046-500ml-700ml-750ml-fancy-glass-bottles-manufacturers#breadcrumb\"},\"inLanguage\":\"es\",\"potentialAction\":[{\"@type\":\"ReadAction\",\"target\":[\"https:\\\/\\\/ruishengglassco.com\\\/product\\\/rs046-500ml-700ml-750ml-fancy-glass-bottles-manufacturers\"]}]},{\"@type\":\"ImageObject\",\"inLanguage\":\"es\",\"@id\":\"https:\\\/\\\/ruishengglassco.com\\\/product\\\/rs046-500ml-700ml-750ml-fancy-glass-bottles-manufacturers#primaryimage\",\"url\":\"https:\\\/\\\/glassbottlewholesale.com\\\/wp-content\\\/uploads\\\/2023\\\/12\\\/700ml-6.png\",\"contentUrl\":\"https:\\\/\\\/glassbottlewholesale.com\\\/wp-content\\\/uploads\\\/2023\\\/12\\\/700ml-6.png\",\"width\":602,\"height\":608,\"caption\":\"700ml glass bottle wholesale\"},{\"@type\":\"BreadcrumbList\",\"@id\":\"https:\\\/\\\/ruishengglassco.com\\\/product\\\/rs046-500ml-700ml-750ml-fancy-glass-bottles-manufacturers#breadcrumb\",\"itemListElement\":[{\"@type\":\"ListItem\",\"position\":1,\"name\":\"Home\",\"item\":\"https:\\\/\\\/glassbottlewholesale.com\\\/\"},{\"@type\":\"ListItem\",\"position\":2,\"name\":\"Products\",\"item\":\"https:\\\/\\\/glassbottlewholesale.com\\\/shop\\\/\"},{\"@type\":\"ListItem\",\"position\":3,\"name\":\"RS046: 500ml 700ml 750ml Fancy Glass Bottles Wholesale\"}]},{\"@type\":\"WebSite\",\"@id\":\"https:\\\/\\\/glassbottlewholesale.com\\\/#website\",\"url\":\"https:\\\/\\\/glassbottlewholesale.com\\\/\",\"name\":\"Glass Bottle Wholesale\",\"description\":\"\",\"publisher\":{\"@id\":\"https:\\\/\\\/glassbottlewholesale.com\\\/#organization\"},\"potentialAction\":[{\"@type\":\"SearchAction\",\"target\":{\"@type\":\"EntryPoint\",\"urlTemplate\":\"https:\\\/\\\/glassbottlewholesale.com\\\/?s={search_term_string}\"},\"query-input\":{\"@type\":\"PropertyValueSpecification\",\"valueRequired\":true,\"valueName\":\"search_term_string\"}}],\"inLanguage\":\"es\"},{\"@type\":\"Organization\",\"@id\":\"https:\\\/\\\/glassbottlewholesale.com\\\/#organization\",\"name\":\"Glass Bottle Wholesale\",\"url\":\"https:\\\/\\\/glassbottlewholesale.com\\\/\",\"logo\":{\"@type\":\"ImageObject\",\"inLanguage\":\"es\",\"@id\":\"https:\\\/\\\/glassbottlewholesale.com\\\/#\\\/schema\\\/logo\\\/image\\\/\",\"url\":\"https:\\\/\\\/glassbottlewholesale.com\\\/wp-content\\\/uploads\\\/2023\\\/12\\\/ruisheng-logo.webp\",\"contentUrl\":\"https:\\\/\\\/glassbottlewholesale.com\\\/wp-content\\\/uploads\\\/2023\\\/12\\\/ruisheng-logo.webp\",\"width\":400,\"height\":233,\"caption\":\"Glass Bottle Wholesale\"},\"image\":{\"@id\":\"https:\\\/\\\/glassbottlewholesale.com\\\/#\\\/schema\\\/logo\\\/image\\\/\"}}]}<\/script>\n<!-- \/ Yoast SEO plugin. -->","yoast_head_json":{"title":"750ml Fancy Glass Bottle Wholesale | Diamond Liquor Bottle Suppliers","description":"Ruisheng, one of the largest China glass liquor bottle supplirs&factory, sales 750ml fancy glass bottle wholesale in bulk price.","robots":{"index":"index","follow":"follow","max-snippet":"max-snippet:-1","max-image-preview":"max-image-preview:large","max-video-preview":"max-video-preview:-1"},"canonical":"https:\/\/ruishengglassco.com\/product\/rs046-500ml-700ml-750ml-fancy-glass-bottles-manufacturers","og_locale":"es_ES","og_type":"article","og_title":"750ml Fancy Glass Bottle Wholesale | Diamond Liquor Bottle Suppliers","og_description":"Ruisheng, one of the largest China glass liquor bottle supplirs&factory, sales 750ml fancy glass bottle wholesale in bulk price.","og_url":"https:\/\/ruishengglassco.com\/product\/rs046-500ml-700ml-750ml-fancy-glass-bottles-manufacturers","og_site_name":"Glass Bottle Wholesale","article_modified_time":"2025-07-10T03:35:59+00:00","og_image":[{"width":602,"height":608,"url":"https:\/\/glassbottlewholesale.com\/wp-content\/uploads\/2023\/12\/700ml-6.png","type":"image\/png"}],"twitter_card":"summary_large_image","twitter_misc":{"Tiempo de lectura":"2 minutos"},"schema":{"@context":"https:\/\/schema.org","@graph":[{"@type":"WebPage","@id":"https:\/\/glassbottlewholesale.com\/500ml-700ml-750ml-fancy-glass-bottle-wholesale\/","url":"https:\/\/ruishengglassco.com\/product\/rs046-500ml-700ml-750ml-fancy-glass-bottles-manufacturers","name":"750ml Fancy Glass Bottle Wholesale | Diamond Liquor Bottle Suppliers","isPartOf":{"@id":"https:\/\/glassbottlewholesale.com\/#website"},"primaryImageOfPage":{"@id":"https:\/\/ruishengglassco.com\/product\/rs046-500ml-700ml-750ml-fancy-glass-bottles-manufacturers#primaryimage"},"image":{"@id":"https:\/\/ruishengglassco.com\/product\/rs046-500ml-700ml-750ml-fancy-glass-bottles-manufacturers#primaryimage"},"thumbnailUrl":"https:\/\/glassbottlewholesale.com\/wp-content\/uploads\/2023\/12\/700ml-6.png","datePublished":"2019-12-18T08:09:39+00:00","dateModified":"2025-07-10T03:35:59+00:00","description":"Ruisheng, one of the largest China glass liquor bottle supplirs&factory, sales 750ml fancy glass bottle wholesale in bulk price.","breadcrumb":{"@id":"https:\/\/ruishengglassco.com\/product\/rs046-500ml-700ml-750ml-fancy-glass-bottles-manufacturers#breadcrumb"},"inLanguage":"es","potentialAction":[{"@type":"ReadAction","target":["https:\/\/ruishengglassco.com\/product\/rs046-500ml-700ml-750ml-fancy-glass-bottles-manufacturers"]}]},{"@type":"ImageObject","inLanguage":"es","@id":"https:\/\/ruishengglassco.com\/product\/rs046-500ml-700ml-750ml-fancy-glass-bottles-manufacturers#primaryimage","url":"https:\/\/glassbottlewholesale.com\/wp-content\/uploads\/2023\/12\/700ml-6.png","contentUrl":"https:\/\/glassbottlewholesale.com\/wp-content\/uploads\/2023\/12\/700ml-6.png","width":602,"height":608,"caption":"700ml glass bottle wholesale"},{"@type":"BreadcrumbList","@id":"https:\/\/ruishengglassco.com\/product\/rs046-500ml-700ml-750ml-fancy-glass-bottles-manufacturers#breadcrumb","itemListElement":[{"@type":"ListItem","position":1,"name":"Home","item":"https:\/\/glassbottlewholesale.com\/"},{"@type":"ListItem","position":2,"name":"Products","item":"https:\/\/glassbottlewholesale.com\/shop\/"},{"@type":"ListItem","position":3,"name":"RS046: 500ml 700ml 750ml Fancy Glass Bottles Wholesale"}]},{"@type":"WebSite","@id":"https:\/\/glassbottlewholesale.com\/#website","url":"https:\/\/glassbottlewholesale.com\/","name":"Glass Bottle Wholesale","description":"","publisher":{"@id":"https:\/\/glassbottlewholesale.com\/#organization"},"potentialAction":[{"@type":"SearchAction","target":{"@type":"EntryPoint","urlTemplate":"https:\/\/glassbottlewholesale.com\/?s={search_term_string}"},"query-input":{"@type":"PropertyValueSpecification","valueRequired":true,"valueName":"search_term_string"}}],"inLanguage":"es"},{"@type":"Organization","@id":"https:\/\/glassbottlewholesale.com\/#organization","name":"Glass Bottle Wholesale","url":"https:\/\/glassbottlewholesale.com\/","logo":{"@type":"ImageObject","inLanguage":"es","@id":"https:\/\/glassbottlewholesale.com\/#\/schema\/logo\/image\/","url":"https:\/\/glassbottlewholesale.com\/wp-content\/uploads\/2023\/12\/ruisheng-logo.webp","contentUrl":"https:\/\/glassbottlewholesale.com\/wp-content\/uploads\/2023\/12\/ruisheng-logo.webp","width":400,"height":233,"caption":"Glass Bottle Wholesale"},"image":{"@id":"https:\/\/glassbottlewholesale.com\/#\/schema\/logo\/image\/"}}]}},"_links":{"self":[{"href":"https:\/\/glassbottlewholesale.com\/es\/wp-json\/wp\/v2\/product\/737","targetHints":{"allow":["GET"]}}],"collection":[{"href":"https:\/\/glassbottlewholesale.com\/es\/wp-json\/wp\/v2\/product"}],"about":[{"href":"https:\/\/glassbottlewholesale.com\/es\/wp-json\/wp\/v2\/types\/product"}],"replies":[{"embeddable":true,"href":"https:\/\/glassbottlewholesale.com\/es\/wp-json\/wp\/v2\/comments?post=737"}],"wp:featuredmedia":[{"embeddable":true,"href":"https:\/\/glassbottlewholesale.com\/es\/wp-json\/wp\/v2\/media\/4365"}],"wp:attachment":[{"href":"https:\/\/glassbottlewholesale.com\/es\/wp-json\/wp\/v2\/media?parent=737"}],"wp:term":[{"taxonomy":"product_brand","embeddable":true,"href":"https:\/\/glassbottlewholesale.com\/es\/wp-json\/wp\/v2\/product_brand?post=737"},{"taxonomy":"product_cat","embeddable":true,"href":"https:\/\/glassbottlewholesale.com\/es\/wp-json\/wp\/v2\/product_cat?post=737"},{"taxonomy":"product_tag","embeddable":true,"href":"https:\/\/glassbottlewholesale.com\/es\/wp-json\/wp\/v2\/product_tag?post=737"}],"curies":[{"name":"wp","href":"https:\/\/api.w.org\/{rel}","templated":true}]}}