{"id":752,"date":"2019-10-18T08:27:45","date_gmt":"2019-10-18T08:27:45","guid":{"rendered":"https:\/\/queenchingglass.com\/?post_type=product&#038;p=752"},"modified":"2025-07-10T03:26:55","modified_gmt":"2025-07-10T03:26:55","slug":"botellas-de-vidrio-para-licores-de-700-ml-inusuales-precio-a-granel","status":"publish","type":"product","link":"https:\/\/glassbottlewholesale.com\/es\/botellas-de-vidrio-para-licores-de-700-ml-inusuales-precio-a-granel\/","title":{"rendered":"RS064: Precio al por mayor de botellas de alcohol de vidrio inusuales de 700 ml"},"content":{"rendered":"<div class=\"wpb-content-wrapper\"><div class=\"vc_row wpb_row vc_row-fluid\"><div class=\"wpb_column vc_column_container vc_col-sm-12\"><div class=\"vc_column-inner\"><div class=\"wpb_wrapper\">\n\t<div class=\"wpb_text_column wpb_content_element\" >\n\t\t<div class=\"wpb_wrapper\">\n\t\t\t<p>Esta inusual botella de vidrio para bebidas espirituosas de 700 ml es una botella de vidrio espec\u00edfica. Su forma no es la habitual de las botellas de vodka, brandy u otras bebidas. Estas botellas de vidrio parecen <span id=\"result_box\" class=\"short_text\" lang=\"en\"><span class=\"\">un pu\u00f1o que estira un dedo. Y hay una habitaci\u00f3n en forma de coraz\u00f3n en las botellas de vidrio. <\/span><\/span><\/p>\n<p>Estos <a href=\"https:\/\/ruishengglassco.com\/700ml-liquor-glass-bottle-manufacturer\">Botellas de vidrio para bebidas espirituosas de 700 ml<\/a> es botellas de vidrio de pedernal. Podemos pintar cualquier color en esta botella de vidrio si lo necesita, como el verde, negro, dorado y as\u00ed sucesivamente. Hay una zona redonda en las botellas de licor de vidrio, podemos poner su logotipo en all\u00ed, no importa el logotipo de papel, sino tambi\u00e9n el logotipo de pl\u00e1stico, logotipo de metal, y otros.<\/p>\n<p>Nuestra <a href=\"\/\/ruishengglassco.com\/\">botellas de vidrio para licores<\/a> se hacen de la m\u00e1quina avanzada- 8S completo - m\u00e1quinas autom\u00e1ticas. Hay 4 l\u00edneas de producci\u00f3n en por las m\u00e1quinas y tenemos 2 PC 8S completo - m\u00e1quinas autom\u00e1ticas y 1 PC 6S m\u00e1quinas semi-autom\u00e1ticas. As\u00ed que hay 12 l\u00edneas de producci\u00f3n en nuestra f\u00e1brica, y nuestra producci\u00f3n es de 120.000 botellas de piezas por d\u00eda. No importa si su pedido es peque\u00f1o o grande, tambi\u00e9n podemos terminarlos y envi\u00e1rselos a tiempo.<\/p>\n<p>El acabado del tap\u00f3n de nuestras botellas de vidrio es de guala. Acerca de la tapa guala, podemos ofrecer guala tapa de pl\u00e1stico y guala tapa de \u00f3xido de aluminio.<\/p>\n<h4>La forma de envasado de este 700ml botellas de vidrio inusual Esp\u00edritu<\/h4>\n<p>Como esta botella de vidrio \u00fanico de 700 ml es muy inusual, y su cuello es un logotipo muy. Es mejor utilizar cart\u00f3n para embalarlas. El cartion puede ser de cinco capas de cart\u00f3n corrugado, u otro tablero duro. Como nuestro embalaje generalmente, hay cerca de 24 pcs botella por cart\u00f3n, o 20pcs por cartones. Y si utilizamos el embalaje de encargo, podemos hacerlos para 6 PC por cart\u00f3n. Ponemos el cart\u00f3n en la caja para dividir las botellas de vidrio y reducir la tasa de rotura cuando en el transporte.<\/p>\n<p>Si desea conocer el precio de las botellas de vidrio para bebidas espirituosas a granel, p\u00f3ngase en contacto con nosotros a trav\u00e9s del formulario de contacto de nuestro sitio web. Le responderemos lo antes posible.<\/p>\n<p>&nbsp;<\/p>\n\n\t\t<\/div>\n\t<\/div>\n<\/div><\/div><\/div><\/div>\n<\/div>","protected":false},"excerpt":{"rendered":"<p>.tg {border-collapse:collapse;border-spacing:0;border-color:#ccc;}<br \/>.tg td{font-family:Arial, sans-serif;font-size:14px;padding:10px 5px;border-style:solid;border-width:1px;overflow:hidden;word-break:normal;border-color:#ccc;color:#333;background-color:#fff;}<br \/>.tg th{font-family:Arial, sans-serif;font-size:14px;font-weight:normal;padding:10px 5px;border-style:solid;border-width:1px;overflow:hidden;word-break:normal;border-color:#ccc;color:#333;background-color:#f0f0f0;}<br \/>.tg .tg-24i8{font-size:24px;vertical-align:top}<br \/>.tg .tg-b7b8{color de fondo:#f9f9f9;alineaci\u00f3n vertical:arriba}<br \/>.tg .tg-yw4l{vertical-align:top}<\/p>\n<table class=\"tg\">\n<tbody>\n<tr>\n<th class=\"tg-24i8\" colspan=\"2\">Botellas de vidrio para licores de 700 ml Precio a granel<\/th>\n<\/tr>\n<tr>\n<td class=\"tg-b7b8\">Referencia:<\/td>\n<td class=\"tg-b7b8\">RS064<\/td>\n<\/tr>\n<tr>\n<td class=\"tg-yw4l\">Material principal:<\/td>\n<td class=\"tg-yw4l\">Vidrio High Flint<\/td>\n<\/tr>\n<tr>\n<td class=\"tg-b7b8\">Gorra:<\/td>\n<td class=\"tg-b7b8\">corcho<\/td>\n<\/tr>\n<tr>\n<td class=\"tg-yw4l\">Capacidad:<\/td>\n<td class=\"tg-yw4l\">700ml<\/td>\n<\/tr>\n<tr>\n<td class=\"tg-b7b8\">Caracter\u00edstica:<\/td>\n<td class=\"tg-b7b8\">Respetuoso del medio ambiente<\/td>\n<\/tr>\n<tr>\n<td class=\"tg-yw4l\">Cantidad m\u00ednima de pedido:<\/td>\n<td class=\"tg-yw4l\">10000 piezas<\/td>\n<\/tr>\n<tr>\n<td class=\"tg-b7b8\">Forma de embalaje:<\/td>\n<td class=\"tg-b7b8\">Cart\u00f3n est\u00e1ndar de exportaci\u00f3n\/pal\u00e9\/cart\u00f3n y pal\u00e9 est\u00e1ndar de exportaci\u00f3n<\/td>\n<\/tr>\n<tr>\n<td class=\"tg-yw4l\">OEM\/ODM:<\/td>\n<td class=\"tg-yw4l\">Bienvenido<\/td>\n<\/tr>\n<tr>\n<td class=\"tg-b7b8\">Origen del lugar:<\/td>\n<td class=\"tg-b7b8\">Shandong, China<\/td>\n<\/tr>\n<tr>\n<td class=\"tg-yw4l\">Piezas\/caja:<\/td>\n<td class=\"tg-yw4l\">24 piezas \/ 20 piezas<\/td>\n<\/tr>\n<\/tbody>\n<\/table>","protected":false},"featured_media":4345,"comment_status":"open","ping_status":"closed","template":"","meta":[],"product_brand":[],"product_cat":[51,63],"product_tag":[],"class_list":{"0":"post-752","1":"product","2":"type-product","3":"status-publish","4":"has-post-thumbnail","6":"product_cat-700ml-glass-bottle","7":"product_cat-liquor-bottle","8":"entry","9":"has-media","11":"first","12":"instock","13":"shipping-taxable","14":"product-type-simple"},"yoast_head":"<!-- This site is optimized with the Yoast SEO plugin v27.3 - https:\/\/yoast.com\/product\/yoast-seo-wordpress\/ -->\n<title>700ml Unusual Spirit Bottles Bulk | Custom Unique Glass Bottle Company<\/title>\n<meta name=\"description\" content=\"Ruisheng(RS), a professional glass bottle production company, provide 700ml unusual spirit bottles bulk&amp;custom unique glass bottle service.\" \/>\n<meta name=\"robots\" content=\"index, follow, max-snippet:-1, max-image-preview:large, max-video-preview:-1\" \/>\n<link rel=\"canonical\" href=\"https:\/\/ruishengglassco.com\/product\/rs064-700ml-unusual-glass-spirit-bottles-bulk-price\" \/>\n<meta property=\"og:locale\" content=\"es_ES\" \/>\n<meta property=\"og:type\" content=\"article\" \/>\n<meta property=\"og:title\" content=\"700ml Unusual Spirit Bottles Bulk | Custom Unique Glass Bottle Company\" \/>\n<meta property=\"og:description\" content=\"Ruisheng(RS), a professional glass bottle production company, provide 700ml unusual spirit bottles bulk&amp;custom unique glass bottle service.\" \/>\n<meta property=\"og:url\" content=\"https:\/\/ruishengglassco.com\/product\/rs064-700ml-unusual-glass-spirit-bottles-bulk-price\" \/>\n<meta property=\"og:site_name\" content=\"Glass Bottle Wholesale\" \/>\n<meta property=\"article:modified_time\" content=\"2025-07-10T03:26:55+00:00\" \/>\n<meta property=\"og:image\" content=\"https:\/\/glassbottlewholesale.com\/wp-content\/uploads\/2023\/12\/700ml-liquor-bottle-1.jpg\" \/>\n\t<meta property=\"og:image:width\" content=\"800\" \/>\n\t<meta property=\"og:image:height\" content=\"800\" \/>\n\t<meta property=\"og:image:type\" content=\"image\/jpeg\" \/>\n<meta name=\"twitter:card\" content=\"summary_large_image\" \/>\n<meta name=\"twitter:label1\" content=\"Tiempo de lectura\" \/>\n\t<meta name=\"twitter:data1\" content=\"2 minutos\" \/>\n<script type=\"application\/ld+json\" class=\"yoast-schema-graph\">{\"@context\":\"https:\\\/\\\/schema.org\",\"@graph\":[{\"@type\":\"WebPage\",\"@id\":\"https:\\\/\\\/glassbottlewholesale.com\\\/700ml-unusual-glass-spirit-bottles-bulk-price\\\/\",\"url\":\"https:\\\/\\\/ruishengglassco.com\\\/product\\\/rs064-700ml-unusual-glass-spirit-bottles-bulk-price\",\"name\":\"700ml Unusual Spirit Bottles Bulk | Custom Unique Glass Bottle Company\",\"isPartOf\":{\"@id\":\"https:\\\/\\\/glassbottlewholesale.com\\\/#website\"},\"primaryImageOfPage\":{\"@id\":\"https:\\\/\\\/ruishengglassco.com\\\/product\\\/rs064-700ml-unusual-glass-spirit-bottles-bulk-price#primaryimage\"},\"image\":{\"@id\":\"https:\\\/\\\/ruishengglassco.com\\\/product\\\/rs064-700ml-unusual-glass-spirit-bottles-bulk-price#primaryimage\"},\"thumbnailUrl\":\"https:\\\/\\\/glassbottlewholesale.com\\\/wp-content\\\/uploads\\\/2023\\\/12\\\/700ml-liquor-bottle-1.jpg\",\"datePublished\":\"2019-10-18T08:27:45+00:00\",\"dateModified\":\"2025-07-10T03:26:55+00:00\",\"description\":\"Ruisheng(RS), a professional glass bottle production company, provide 700ml unusual spirit bottles bulk&custom unique glass bottle service.\",\"breadcrumb\":{\"@id\":\"https:\\\/\\\/ruishengglassco.com\\\/product\\\/rs064-700ml-unusual-glass-spirit-bottles-bulk-price#breadcrumb\"},\"inLanguage\":\"es\",\"potentialAction\":[{\"@type\":\"ReadAction\",\"target\":[\"https:\\\/\\\/ruishengglassco.com\\\/product\\\/rs064-700ml-unusual-glass-spirit-bottles-bulk-price\"]}]},{\"@type\":\"ImageObject\",\"inLanguage\":\"es\",\"@id\":\"https:\\\/\\\/ruishengglassco.com\\\/product\\\/rs064-700ml-unusual-glass-spirit-bottles-bulk-price#primaryimage\",\"url\":\"https:\\\/\\\/glassbottlewholesale.com\\\/wp-content\\\/uploads\\\/2023\\\/12\\\/700ml-liquor-bottle-1.jpg\",\"contentUrl\":\"https:\\\/\\\/glassbottlewholesale.com\\\/wp-content\\\/uploads\\\/2023\\\/12\\\/700ml-liquor-bottle-1.jpg\",\"width\":800,\"height\":800,\"caption\":\"700ml Unusual Glass Spirit Bottles Bulk Price\"},{\"@type\":\"BreadcrumbList\",\"@id\":\"https:\\\/\\\/ruishengglassco.com\\\/product\\\/rs064-700ml-unusual-glass-spirit-bottles-bulk-price#breadcrumb\",\"itemListElement\":[{\"@type\":\"ListItem\",\"position\":1,\"name\":\"Home\",\"item\":\"https:\\\/\\\/glassbottlewholesale.com\\\/\"},{\"@type\":\"ListItem\",\"position\":2,\"name\":\"Products\",\"item\":\"https:\\\/\\\/glassbottlewholesale.com\\\/shop\\\/\"},{\"@type\":\"ListItem\",\"position\":3,\"name\":\"RS064: 700ml Unusual Glass Spirit Bottles Bulk Price\"}]},{\"@type\":\"WebSite\",\"@id\":\"https:\\\/\\\/glassbottlewholesale.com\\\/#website\",\"url\":\"https:\\\/\\\/glassbottlewholesale.com\\\/\",\"name\":\"Glass Bottle Wholesale\",\"description\":\"\",\"publisher\":{\"@id\":\"https:\\\/\\\/glassbottlewholesale.com\\\/#organization\"},\"potentialAction\":[{\"@type\":\"SearchAction\",\"target\":{\"@type\":\"EntryPoint\",\"urlTemplate\":\"https:\\\/\\\/glassbottlewholesale.com\\\/?s={search_term_string}\"},\"query-input\":{\"@type\":\"PropertyValueSpecification\",\"valueRequired\":true,\"valueName\":\"search_term_string\"}}],\"inLanguage\":\"es\"},{\"@type\":\"Organization\",\"@id\":\"https:\\\/\\\/glassbottlewholesale.com\\\/#organization\",\"name\":\"Glass Bottle Wholesale\",\"url\":\"https:\\\/\\\/glassbottlewholesale.com\\\/\",\"logo\":{\"@type\":\"ImageObject\",\"inLanguage\":\"es\",\"@id\":\"https:\\\/\\\/glassbottlewholesale.com\\\/#\\\/schema\\\/logo\\\/image\\\/\",\"url\":\"https:\\\/\\\/glassbottlewholesale.com\\\/wp-content\\\/uploads\\\/2023\\\/12\\\/ruisheng-logo.webp\",\"contentUrl\":\"https:\\\/\\\/glassbottlewholesale.com\\\/wp-content\\\/uploads\\\/2023\\\/12\\\/ruisheng-logo.webp\",\"width\":400,\"height\":233,\"caption\":\"Glass Bottle Wholesale\"},\"image\":{\"@id\":\"https:\\\/\\\/glassbottlewholesale.com\\\/#\\\/schema\\\/logo\\\/image\\\/\"}}]}<\/script>\n<!-- \/ Yoast SEO plugin. -->","yoast_head_json":{"title":"Botellas de licor inusuales de 700ml a granel | Custom Unique Glass Bottle Company","description":"Ruisheng (RS), una empresa profesional de producci\u00f3n de botellas de vidrio, proporcionar 700ml botellas de alcohol inusual bulk&amp;custom servicio \u00fanico de botellas de vidrio.","robots":{"index":"index","follow":"follow","max-snippet":"max-snippet:-1","max-image-preview":"max-image-preview:large","max-video-preview":"max-video-preview:-1"},"canonical":"https:\/\/ruishengglassco.com\/product\/rs064-700ml-unusual-glass-spirit-bottles-bulk-price","og_locale":"es_ES","og_type":"article","og_title":"700ml Unusual Spirit Bottles Bulk | Custom Unique Glass Bottle Company","og_description":"Ruisheng(RS), a professional glass bottle production company, provide 700ml unusual spirit bottles bulk&custom unique glass bottle service.","og_url":"https:\/\/ruishengglassco.com\/product\/rs064-700ml-unusual-glass-spirit-bottles-bulk-price","og_site_name":"Glass Bottle Wholesale","article_modified_time":"2025-07-10T03:26:55+00:00","og_image":[{"width":800,"height":800,"url":"https:\/\/glassbottlewholesale.com\/wp-content\/uploads\/2023\/12\/700ml-liquor-bottle-1.jpg","type":"image\/jpeg"}],"twitter_card":"summary_large_image","twitter_misc":{"Tiempo de lectura":"2 minutos"},"schema":{"@context":"https:\/\/schema.org","@graph":[{"@type":"WebPage","@id":"https:\/\/glassbottlewholesale.com\/700ml-unusual-glass-spirit-bottles-bulk-price\/","url":"https:\/\/ruishengglassco.com\/product\/rs064-700ml-unusual-glass-spirit-bottles-bulk-price","name":"Botellas de licor inusuales de 700ml a granel | Custom Unique Glass Bottle Company","isPartOf":{"@id":"https:\/\/glassbottlewholesale.com\/#website"},"primaryImageOfPage":{"@id":"https:\/\/ruishengglassco.com\/product\/rs064-700ml-unusual-glass-spirit-bottles-bulk-price#primaryimage"},"image":{"@id":"https:\/\/ruishengglassco.com\/product\/rs064-700ml-unusual-glass-spirit-bottles-bulk-price#primaryimage"},"thumbnailUrl":"https:\/\/glassbottlewholesale.com\/wp-content\/uploads\/2023\/12\/700ml-liquor-bottle-1.jpg","datePublished":"2019-10-18T08:27:45+00:00","dateModified":"2025-07-10T03:26:55+00:00","description":"Ruisheng (RS), una empresa profesional de producci\u00f3n de botellas de vidrio, proporcionar 700ml botellas de alcohol inusual bulk&amp;custom servicio \u00fanico de botellas de vidrio.","breadcrumb":{"@id":"https:\/\/ruishengglassco.com\/product\/rs064-700ml-unusual-glass-spirit-bottles-bulk-price#breadcrumb"},"inLanguage":"es","potentialAction":[{"@type":"ReadAction","target":["https:\/\/ruishengglassco.com\/product\/rs064-700ml-unusual-glass-spirit-bottles-bulk-price"]}]},{"@type":"ImageObject","inLanguage":"es","@id":"https:\/\/ruishengglassco.com\/product\/rs064-700ml-unusual-glass-spirit-bottles-bulk-price#primaryimage","url":"https:\/\/glassbottlewholesale.com\/wp-content\/uploads\/2023\/12\/700ml-liquor-bottle-1.jpg","contentUrl":"https:\/\/glassbottlewholesale.com\/wp-content\/uploads\/2023\/12\/700ml-liquor-bottle-1.jpg","width":800,"height":800,"caption":"700ml Unusual Glass Spirit Bottles Bulk Price"},{"@type":"BreadcrumbList","@id":"https:\/\/ruishengglassco.com\/product\/rs064-700ml-unusual-glass-spirit-bottles-bulk-price#breadcrumb","itemListElement":[{"@type":"ListItem","position":1,"name":"Home","item":"https:\/\/glassbottlewholesale.com\/"},{"@type":"ListItem","position":2,"name":"Products","item":"https:\/\/glassbottlewholesale.com\/shop\/"},{"@type":"ListItem","position":3,"name":"RS064: 700ml Unusual Glass Spirit Bottles Bulk Price"}]},{"@type":"WebSite","@id":"https:\/\/glassbottlewholesale.com\/#website","url":"https:\/\/glassbottlewholesale.com\/","name":"Glass Bottle Wholesale","description":"","publisher":{"@id":"https:\/\/glassbottlewholesale.com\/#organization"},"potentialAction":[{"@type":"SearchAction","target":{"@type":"EntryPoint","urlTemplate":"https:\/\/glassbottlewholesale.com\/?s={search_term_string}"},"query-input":{"@type":"PropertyValueSpecification","valueRequired":true,"valueName":"search_term_string"}}],"inLanguage":"es"},{"@type":"Organization","@id":"https:\/\/glassbottlewholesale.com\/#organization","name":"Glass Bottle Wholesale","url":"https:\/\/glassbottlewholesale.com\/","logo":{"@type":"ImageObject","inLanguage":"es","@id":"https:\/\/glassbottlewholesale.com\/#\/schema\/logo\/image\/","url":"https:\/\/glassbottlewholesale.com\/wp-content\/uploads\/2023\/12\/ruisheng-logo.webp","contentUrl":"https:\/\/glassbottlewholesale.com\/wp-content\/uploads\/2023\/12\/ruisheng-logo.webp","width":400,"height":233,"caption":"Glass Bottle Wholesale"},"image":{"@id":"https:\/\/glassbottlewholesale.com\/#\/schema\/logo\/image\/"}}]}},"_links":{"self":[{"href":"https:\/\/glassbottlewholesale.com\/es\/wp-json\/wp\/v2\/product\/752","targetHints":{"allow":["GET"]}}],"collection":[{"href":"https:\/\/glassbottlewholesale.com\/es\/wp-json\/wp\/v2\/product"}],"about":[{"href":"https:\/\/glassbottlewholesale.com\/es\/wp-json\/wp\/v2\/types\/product"}],"replies":[{"embeddable":true,"href":"https:\/\/glassbottlewholesale.com\/es\/wp-json\/wp\/v2\/comments?post=752"}],"wp:featuredmedia":[{"embeddable":true,"href":"https:\/\/glassbottlewholesale.com\/es\/wp-json\/wp\/v2\/media\/4345"}],"wp:attachment":[{"href":"https:\/\/glassbottlewholesale.com\/es\/wp-json\/wp\/v2\/media?parent=752"}],"wp:term":[{"taxonomy":"product_brand","embeddable":true,"href":"https:\/\/glassbottlewholesale.com\/es\/wp-json\/wp\/v2\/product_brand?post=752"},{"taxonomy":"product_cat","embeddable":true,"href":"https:\/\/glassbottlewholesale.com\/es\/wp-json\/wp\/v2\/product_cat?post=752"},{"taxonomy":"product_tag","embeddable":true,"href":"https:\/\/glassbottlewholesale.com\/es\/wp-json\/wp\/v2\/product_tag?post=752"}],"curies":[{"name":"wp","href":"https:\/\/api.w.org\/{rel}","templated":true}]}}