{"id":758,"date":"2019-10-18T08:36:43","date_gmt":"2019-10-18T08:36:43","guid":{"rendered":"https:\/\/queenchingglass.com\/?post_type=product&#038;p=758"},"modified":"2025-07-10T01:39:02","modified_gmt":"2025-07-10T01:39:02","slug":"custom-wholesale-small-glass-bottles-250ml","status":"publish","type":"product","link":"https:\/\/glassbottlewholesale.com\/es\/custom-wholesale-small-glass-bottles-250ml\/","title":{"rendered":"RS0611: Botellas de vidrio peque\u00f1as al por mayor personalizadas de 250 ml"},"content":{"rendered":"<div class=\"wpb-content-wrapper\"><div class=\"vc_row wpb_row vc_row-fluid\"><div class=\"wpb_column vc_column_container vc_col-sm-12\"><div class=\"vc_column-inner\"><div class=\"wpb_wrapper\">\n\t<div class=\"wpb_text_column wpb_content_element\" >\n\t\t<div class=\"wpb_wrapper\">\n\t\t\t<h4>Frascos de vidrio personalizados con tapa<\/h4>\n<p>Adem\u00e1s de producir botellas de vidrio para l\u00edquidos medianos y grandes, nuestra empresa tambi\u00e9n botellas de vidrio personalizadas con tapas de 250ml. Ruisheng peque\u00f1as botellas de vidrio, la adopci\u00f3n de material de vidrio de alto pedernal, hace que esta botellas de vidrio para la venta m\u00e1s clara y transparente\u3002<\/p>\n<p>Estos <a href=\"https:\/\/ruishengglassco.com\/\">frascos de vidrio con tapa<\/a> se puede utilizar para perfumes, obsequios o condimentos, tambi\u00e9n se puede utilizar para sostener las muestras presentadas. Tiene mucha capacidad,50ml.100ml.150ml o 200ml. Tambi\u00e9n puede pedir su capacidad lo que quieras.<\/p>\n<p>Nuestra empresa tiene una gran cantidad de estas botellas de vidrio impresas personalizadas, tiene muchos tipos de formas, como la forma de la torre, la forma del coraz\u00f3n, la forma del cr\u00e1neo, y botellas redondas de vidrio negro de Boston. Tambi\u00e9n aceptamos ODM \/ OEM orden, s\u00f3lo usted nos da una imagen o dibujo, podemos hacer la misma botella.<\/p>\n<h4>La informaci\u00f3n de botellas de vidrio personalizados con tapas 250ml :<\/h4>\n<ul>\n<li>Material principal: vidrio alto pedernal<\/li>\n<li>Tapa: tap\u00f3n de rosca<\/li>\n<li>Referencia: RS061<\/li>\n<li>Cantidad m\u00ednima de pedido: 10000 unidades<\/li>\n<li>Capacidad: 100 ml<\/li>\n<li>Piezas\/caja: 24 piezas<\/li>\n<li>Origen del lugar: Shandong, China<\/li>\n<li>Caracter\u00edstica: Respetuoso del medio ambiente<\/li>\n<\/ul>\n<p>Estas botellas de vidrio personalizadas para licores se fabrican muy r\u00e1pidamente, y tenemos algunas botellas en stock. Si la quiere con urgencia, podemos organizarle la entrega lo antes posible.<\/p>\n<p>Como uno de los mayores fabricantes de botellas de alcohol de China, Ruisheng tambi\u00e9n puede hacer cabezales de pulverizaci\u00f3n para usted con esta botella.<\/p>\n<p>Nuestros principales productos son botellas de vidrio transparente de primera calidad, como la botella de vodka, botella de brandy, botella de whisky, botella de licor, botella de mermelada y as\u00ed sucesivamente. Tambi\u00e9n podemos ofrecer botellas de vidrio \u00e1mbar, botellas verdes y botellas de agua. Nuestro principal mercado es Europa, Rusia, Australia, Am\u00e9rica, etc. Y todos los productos gozan de una gran reputaci\u00f3n por su innovaci\u00f3n y funcionalidad.<\/p>\n<p>Espero que le gusten estas peque\u00f1as botellas de vidrio personalizadas al por mayor, tambi\u00e9n podemos enviarle el cat\u00e1logo, puede elegir el que m\u00e1s le guste. Tambi\u00e9n le invitamos a visitar nuestra f\u00e1brica y hacer un pedido. Esperamos cooperar con usted durante mucho tiempo. <span class=\"tran\" data-group=\"0_0\">Espero que<\/span> <span class=\"tran\" data-group=\"1_1\">nosotros<\/span> <span class=\"tran\" data-group=\"2_2\">puede<\/span> <span class=\"tran highlight\" data-group=\"3_3\">colabore<\/span> <span class=\"tran\" data-group=\"4_4\">felizmente<\/span>.<\/p>\n<p>Si est\u00e1 interesado en botellas de vidrio a granel a precio de f\u00e1brica, p\u00f3ngase en contacto con nosotros. Le responderemos en un plazo de 24 horas.<\/p>\n\n\t\t<\/div>\n\t<\/div>\n<\/div><\/div><\/div><\/div>\n<\/div>","protected":false},"excerpt":{"rendered":"<p>.tg {border-collapse:collapse;border-spacing:0;border-color:#ccc;}<br \/>.tg td{font-family:Arial, sans-serif;font-size:14px;padding:10px 5px;border-style:solid;border-width:1px;overflow:hidden;word-break:normal;border-color:#ccc;color:#333;background-color:#fff;}<br \/>.tg th{font-family:Arial, sans-serif;font-size:14px;font-weight:normal;padding:10px 5px;border-style:solid;border-width:1px;overflow:hidden;word-break:normal;border-color:#ccc;color:#333;background-color:#f0f0f0;}<br \/>.tg .tg-24i8{font-size:24px;vertical-align:top}<br \/>.tg .tg-b7b8{color de fondo:#f9f9f9;alineaci\u00f3n vertical:arriba}<br \/>.tg .tg-yw4l{vertical-align:top}<\/p>\n<table class=\"tg\">\n<tbody>\n<tr>\n<th class=\"tg-24i8\" colspan=\"2\">Frascos de vidrio peque\u00f1os con tapa personalizados<\/th>\n<\/tr>\n<tr>\n<td class=\"tg-b7b8\">Referencia:<\/td>\n<td class=\"tg-b7b8\">RS061<\/td>\n<\/tr>\n<tr>\n<td class=\"tg-yw4l\">Material principal:<\/td>\n<td class=\"tg-yw4l\">Vidrio alto de pedernal (este material tambi\u00e9n se llama vidrio blanco cristalino)<\/td>\n<\/tr>\n<tr>\n<td class=\"tg-b7b8\">Gorra:<\/td>\n<td class=\"tg-b7b8\">Tapa de garant\u00eda<\/td>\n<\/tr>\n<tr>\n<td class=\"tg-yw4l\">Capacidad:<\/td>\n<td class=\"tg-yw4l\">Costumbre<\/td>\n<\/tr>\n<tr>\n<td class=\"tg-b7b8\">Caracter\u00edstica:<\/td>\n<td class=\"tg-b7b8\">Respetuoso del medio ambiente<\/td>\n<\/tr>\n<tr>\n<td class=\"tg-yw4l\">Cantidad m\u00ednima de pedido:<\/td>\n<td class=\"tg-yw4l\">10000 piezas<\/td>\n<\/tr>\n<tr>\n<td class=\"tg-b7b8\">Forma de embalaje:<\/td>\n<td class=\"tg-b7b8\">Cart\u00f3n est\u00e1ndar de exportaci\u00f3n\/pal\u00e9\/cart\u00f3n y pal\u00e9 est\u00e1ndar de exportaci\u00f3n<\/td>\n<\/tr>\n<tr>\n<td class=\"tg-yw4l\">OEM\/ODM:<\/td>\n<td class=\"tg-yw4l\">Bienvenido<\/td>\n<\/tr>\n<tr>\n<td class=\"tg-b7b8\">Origen del lugar:<\/td>\n<td class=\"tg-b7b8\">Shandong, China<\/td>\n<\/tr>\n<tr>\n<td class=\"tg-yw4l\">Piezas\/caja:<\/td>\n<td class=\"tg-yw4l\">24 piezas o seg\u00fan las demandas del cliente<\/td>\n<\/tr>\n<\/tbody>\n<\/table>","protected":false},"featured_media":2793,"comment_status":"open","ping_status":"closed","template":"","meta":[],"product_brand":[],"product_cat":[48,55,67],"product_tag":[],"class_list":{"0":"post-758","1":"product","2":"type-product","3":"status-publish","4":"has-post-thumbnail","6":"product_cat-250ml-glass-bottle","7":"product_cat-custom-glass-bottle","8":"product_cat-vodka-bottle","9":"entry","10":"has-media","12":"first","13":"instock","14":"shipping-taxable","15":"product-type-simple"},"yoast_head":"<!-- This site is optimized with the Yoast SEO plugin v27.3 - https:\/\/yoast.com\/product\/yoast-seo-wordpress\/ -->\n<title>250ml Custom Glass Bottles With Lids | China Spirit Bottles Manufacturers<\/title>\n<meta name=\"description\" content=\"Ruisheng, a professional China Spirit Bottle Manufacturer, Wholesale 250ml 250ml Custom Glass Bottles with Lids In Factory Outlet Price.\" \/>\n<meta name=\"robots\" content=\"index, follow, max-snippet:-1, max-image-preview:large, max-video-preview:-1\" \/>\n<link rel=\"canonical\" href=\"https:\/\/ruishengglassco.com\/product\/rs0611-custom-manufacturers-small-glass-bottles-250ml\" \/>\n<meta property=\"og:locale\" content=\"es_ES\" \/>\n<meta property=\"og:type\" content=\"article\" \/>\n<meta property=\"og:title\" content=\"250ml Custom Glass Bottles With Lids | China Spirit Bottles Manufacturers\" \/>\n<meta property=\"og:description\" content=\"Ruisheng, a professional China Spirit Bottle Manufacturer, Wholesale 250ml 250ml Custom Glass Bottles with Lids In Factory Outlet Price.\" \/>\n<meta property=\"og:url\" content=\"https:\/\/ruishengglassco.com\/product\/rs0611-custom-manufacturers-small-glass-bottles-250ml\" \/>\n<meta property=\"og:site_name\" content=\"Glass Bottle Wholesale\" \/>\n<meta property=\"article:modified_time\" content=\"2025-07-10T01:39:02+00:00\" \/>\n<meta property=\"og:image\" content=\"https:\/\/glassbottlewholesale.com\/wp-content\/uploads\/2021\/05\/R85-glassbottle.jpg\" \/>\n\t<meta property=\"og:image:width\" content=\"800\" \/>\n\t<meta property=\"og:image:height\" content=\"800\" \/>\n\t<meta property=\"og:image:type\" content=\"image\/jpeg\" \/>\n<meta name=\"twitter:card\" content=\"summary_large_image\" \/>\n<meta name=\"twitter:label1\" content=\"Tiempo de lectura\" \/>\n\t<meta name=\"twitter:data1\" content=\"2 minutos\" \/>\n<script type=\"application\/ld+json\" class=\"yoast-schema-graph\">{\"@context\":\"https:\\\/\\\/schema.org\",\"@graph\":[{\"@type\":\"WebPage\",\"@id\":\"https:\\\/\\\/glassbottlewholesale.com\\\/custom-wholesale-small-glass-bottles-250ml\\\/\",\"url\":\"https:\\\/\\\/ruishengglassco.com\\\/product\\\/rs0611-custom-manufacturers-small-glass-bottles-250ml\",\"name\":\"250ml Custom Glass Bottles With Lids | China Spirit Bottles Manufacturers\",\"isPartOf\":{\"@id\":\"https:\\\/\\\/glassbottlewholesale.com\\\/#website\"},\"primaryImageOfPage\":{\"@id\":\"https:\\\/\\\/ruishengglassco.com\\\/product\\\/rs0611-custom-manufacturers-small-glass-bottles-250ml#primaryimage\"},\"image\":{\"@id\":\"https:\\\/\\\/ruishengglassco.com\\\/product\\\/rs0611-custom-manufacturers-small-glass-bottles-250ml#primaryimage\"},\"thumbnailUrl\":\"https:\\\/\\\/glassbottlewholesale.com\\\/wp-content\\\/uploads\\\/2021\\\/05\\\/R85-glassbottle.jpg\",\"datePublished\":\"2019-10-18T08:36:43+00:00\",\"dateModified\":\"2025-07-10T01:39:02+00:00\",\"description\":\"Ruisheng, a professional China Spirit Bottle Manufacturer, Wholesale 250ml 250ml Custom Glass Bottles with Lids In Factory Outlet Price.\",\"breadcrumb\":{\"@id\":\"https:\\\/\\\/ruishengglassco.com\\\/product\\\/rs0611-custom-manufacturers-small-glass-bottles-250ml#breadcrumb\"},\"inLanguage\":\"es\",\"potentialAction\":[{\"@type\":\"ReadAction\",\"target\":[\"https:\\\/\\\/ruishengglassco.com\\\/product\\\/rs0611-custom-manufacturers-small-glass-bottles-250ml\"]}]},{\"@type\":\"ImageObject\",\"inLanguage\":\"es\",\"@id\":\"https:\\\/\\\/ruishengglassco.com\\\/product\\\/rs0611-custom-manufacturers-small-glass-bottles-250ml#primaryimage\",\"url\":\"https:\\\/\\\/glassbottlewholesale.com\\\/wp-content\\\/uploads\\\/2021\\\/05\\\/R85-glassbottle.jpg\",\"contentUrl\":\"https:\\\/\\\/glassbottlewholesale.com\\\/wp-content\\\/uploads\\\/2021\\\/05\\\/R85-glassbottle.jpg\",\"width\":800,\"height\":800,\"caption\":\"Custom Wholesale Small Glass Bottles 250ml\"},{\"@type\":\"BreadcrumbList\",\"@id\":\"https:\\\/\\\/ruishengglassco.com\\\/product\\\/rs0611-custom-manufacturers-small-glass-bottles-250ml#breadcrumb\",\"itemListElement\":[{\"@type\":\"ListItem\",\"position\":1,\"name\":\"Home\",\"item\":\"https:\\\/\\\/glassbottlewholesale.com\\\/\"},{\"@type\":\"ListItem\",\"position\":2,\"name\":\"Products\",\"item\":\"https:\\\/\\\/glassbottlewholesale.com\\\/shop\\\/\"},{\"@type\":\"ListItem\",\"position\":3,\"name\":\"RS0611: Custom Wholesale Small Glass Bottles 250ml\"}]},{\"@type\":\"WebSite\",\"@id\":\"https:\\\/\\\/glassbottlewholesale.com\\\/#website\",\"url\":\"https:\\\/\\\/glassbottlewholesale.com\\\/\",\"name\":\"Glass Bottle Wholesale\",\"description\":\"\",\"publisher\":{\"@id\":\"https:\\\/\\\/glassbottlewholesale.com\\\/#organization\"},\"potentialAction\":[{\"@type\":\"SearchAction\",\"target\":{\"@type\":\"EntryPoint\",\"urlTemplate\":\"https:\\\/\\\/glassbottlewholesale.com\\\/?s={search_term_string}\"},\"query-input\":{\"@type\":\"PropertyValueSpecification\",\"valueRequired\":true,\"valueName\":\"search_term_string\"}}],\"inLanguage\":\"es\"},{\"@type\":\"Organization\",\"@id\":\"https:\\\/\\\/glassbottlewholesale.com\\\/#organization\",\"name\":\"Glass Bottle Wholesale\",\"url\":\"https:\\\/\\\/glassbottlewholesale.com\\\/\",\"logo\":{\"@type\":\"ImageObject\",\"inLanguage\":\"es\",\"@id\":\"https:\\\/\\\/glassbottlewholesale.com\\\/#\\\/schema\\\/logo\\\/image\\\/\",\"url\":\"https:\\\/\\\/glassbottlewholesale.com\\\/wp-content\\\/uploads\\\/2023\\\/12\\\/ruisheng-logo.webp\",\"contentUrl\":\"https:\\\/\\\/glassbottlewholesale.com\\\/wp-content\\\/uploads\\\/2023\\\/12\\\/ruisheng-logo.webp\",\"width\":400,\"height\":233,\"caption\":\"Glass Bottle Wholesale\"},\"image\":{\"@id\":\"https:\\\/\\\/glassbottlewholesale.com\\\/#\\\/schema\\\/logo\\\/image\\\/\"}}]}<\/script>\n<!-- \/ Yoast SEO plugin. -->","yoast_head_json":{"title":"250ml Custom Glass Bottles With Lids | China Spirit Bottles Manufacturers","description":"Ruisheng, a professional China Spirit Bottle Manufacturer, Wholesale 250ml 250ml Custom Glass Bottles with Lids In Factory Outlet Price.","robots":{"index":"index","follow":"follow","max-snippet":"max-snippet:-1","max-image-preview":"max-image-preview:large","max-video-preview":"max-video-preview:-1"},"canonical":"https:\/\/ruishengglassco.com\/product\/rs0611-custom-manufacturers-small-glass-bottles-250ml","og_locale":"es_ES","og_type":"article","og_title":"250ml Custom Glass Bottles With Lids | China Spirit Bottles Manufacturers","og_description":"Ruisheng, a professional China Spirit Bottle Manufacturer, Wholesale 250ml 250ml Custom Glass Bottles with Lids In Factory Outlet Price.","og_url":"https:\/\/ruishengglassco.com\/product\/rs0611-custom-manufacturers-small-glass-bottles-250ml","og_site_name":"Glass Bottle Wholesale","article_modified_time":"2025-07-10T01:39:02+00:00","og_image":[{"width":800,"height":800,"url":"https:\/\/glassbottlewholesale.com\/wp-content\/uploads\/2021\/05\/R85-glassbottle.jpg","type":"image\/jpeg"}],"twitter_card":"summary_large_image","twitter_misc":{"Tiempo de lectura":"2 minutos"},"schema":{"@context":"https:\/\/schema.org","@graph":[{"@type":"WebPage","@id":"https:\/\/glassbottlewholesale.com\/custom-wholesale-small-glass-bottles-250ml\/","url":"https:\/\/ruishengglassco.com\/product\/rs0611-custom-manufacturers-small-glass-bottles-250ml","name":"250ml Custom Glass Bottles With Lids | China Spirit Bottles Manufacturers","isPartOf":{"@id":"https:\/\/glassbottlewholesale.com\/#website"},"primaryImageOfPage":{"@id":"https:\/\/ruishengglassco.com\/product\/rs0611-custom-manufacturers-small-glass-bottles-250ml#primaryimage"},"image":{"@id":"https:\/\/ruishengglassco.com\/product\/rs0611-custom-manufacturers-small-glass-bottles-250ml#primaryimage"},"thumbnailUrl":"https:\/\/glassbottlewholesale.com\/wp-content\/uploads\/2021\/05\/R85-glassbottle.jpg","datePublished":"2019-10-18T08:36:43+00:00","dateModified":"2025-07-10T01:39:02+00:00","description":"Ruisheng, a professional China Spirit Bottle Manufacturer, Wholesale 250ml 250ml Custom Glass Bottles with Lids In Factory Outlet Price.","breadcrumb":{"@id":"https:\/\/ruishengglassco.com\/product\/rs0611-custom-manufacturers-small-glass-bottles-250ml#breadcrumb"},"inLanguage":"es","potentialAction":[{"@type":"ReadAction","target":["https:\/\/ruishengglassco.com\/product\/rs0611-custom-manufacturers-small-glass-bottles-250ml"]}]},{"@type":"ImageObject","inLanguage":"es","@id":"https:\/\/ruishengglassco.com\/product\/rs0611-custom-manufacturers-small-glass-bottles-250ml#primaryimage","url":"https:\/\/glassbottlewholesale.com\/wp-content\/uploads\/2021\/05\/R85-glassbottle.jpg","contentUrl":"https:\/\/glassbottlewholesale.com\/wp-content\/uploads\/2021\/05\/R85-glassbottle.jpg","width":800,"height":800,"caption":"Custom Wholesale Small Glass Bottles 250ml"},{"@type":"BreadcrumbList","@id":"https:\/\/ruishengglassco.com\/product\/rs0611-custom-manufacturers-small-glass-bottles-250ml#breadcrumb","itemListElement":[{"@type":"ListItem","position":1,"name":"Home","item":"https:\/\/glassbottlewholesale.com\/"},{"@type":"ListItem","position":2,"name":"Products","item":"https:\/\/glassbottlewholesale.com\/shop\/"},{"@type":"ListItem","position":3,"name":"RS0611: Custom Wholesale Small Glass Bottles 250ml"}]},{"@type":"WebSite","@id":"https:\/\/glassbottlewholesale.com\/#website","url":"https:\/\/glassbottlewholesale.com\/","name":"Glass Bottle Wholesale","description":"","publisher":{"@id":"https:\/\/glassbottlewholesale.com\/#organization"},"potentialAction":[{"@type":"SearchAction","target":{"@type":"EntryPoint","urlTemplate":"https:\/\/glassbottlewholesale.com\/?s={search_term_string}"},"query-input":{"@type":"PropertyValueSpecification","valueRequired":true,"valueName":"search_term_string"}}],"inLanguage":"es"},{"@type":"Organization","@id":"https:\/\/glassbottlewholesale.com\/#organization","name":"Glass Bottle Wholesale","url":"https:\/\/glassbottlewholesale.com\/","logo":{"@type":"ImageObject","inLanguage":"es","@id":"https:\/\/glassbottlewholesale.com\/#\/schema\/logo\/image\/","url":"https:\/\/glassbottlewholesale.com\/wp-content\/uploads\/2023\/12\/ruisheng-logo.webp","contentUrl":"https:\/\/glassbottlewholesale.com\/wp-content\/uploads\/2023\/12\/ruisheng-logo.webp","width":400,"height":233,"caption":"Glass Bottle Wholesale"},"image":{"@id":"https:\/\/glassbottlewholesale.com\/#\/schema\/logo\/image\/"}}]}},"_links":{"self":[{"href":"https:\/\/glassbottlewholesale.com\/es\/wp-json\/wp\/v2\/product\/758","targetHints":{"allow":["GET"]}}],"collection":[{"href":"https:\/\/glassbottlewholesale.com\/es\/wp-json\/wp\/v2\/product"}],"about":[{"href":"https:\/\/glassbottlewholesale.com\/es\/wp-json\/wp\/v2\/types\/product"}],"replies":[{"embeddable":true,"href":"https:\/\/glassbottlewholesale.com\/es\/wp-json\/wp\/v2\/comments?post=758"}],"wp:featuredmedia":[{"embeddable":true,"href":"https:\/\/glassbottlewholesale.com\/es\/wp-json\/wp\/v2\/media\/2793"}],"wp:attachment":[{"href":"https:\/\/glassbottlewholesale.com\/es\/wp-json\/wp\/v2\/media?parent=758"}],"wp:term":[{"taxonomy":"product_brand","embeddable":true,"href":"https:\/\/glassbottlewholesale.com\/es\/wp-json\/wp\/v2\/product_brand?post=758"},{"taxonomy":"product_cat","embeddable":true,"href":"https:\/\/glassbottlewholesale.com\/es\/wp-json\/wp\/v2\/product_cat?post=758"},{"taxonomy":"product_tag","embeddable":true,"href":"https:\/\/glassbottlewholesale.com\/es\/wp-json\/wp\/v2\/product_tag?post=758"}],"curies":[{"name":"wp","href":"https:\/\/api.w.org\/{rel}","templated":true}]}}