{"id":767,"date":"2019-10-18T08:55:51","date_gmt":"2019-10-18T08:55:51","guid":{"rendered":"https:\/\/queenchingglass.com\/?post_type=product&#038;p=767"},"modified":"2023-12-19T06:30:34","modified_gmt":"2023-12-19T06:30:34","slug":"custom-printed-glass-bottles-wholesale-700ml","status":"publish","type":"product","link":"https:\/\/glassbottlewholesale.com\/es\/custom-printed-glass-bottles-wholesale-700ml\/","title":{"rendered":"RS060: Botellas de Alcohol Personalizadas al Por Mayor 700ml"},"content":{"rendered":"<p>Estas botellas de vidrio impresas personalizadas al por mayor para bebidas espirituosas se fabrican en uno de los mayores fabricantes de botellas transparentes para bebidas espirituosas: Shandong Yuncheng Ruisheng Glass Co., Ltd.<\/p>\n<p>Utilizamos materia prima de vidrio de alto pedernal para hacer estas botellas de vidrio de 700 ml. Nuestras botellas al por mayor son m\u00e1s claras, m\u00e1s duraderas y m\u00e1s suaves que las botellas de vidrio de otras f\u00e1bricas. Estas botellas de vidrio al por mayor se aplican principalmente para el envasado y conservaci\u00f3n de bebidas espirituosas, whisky, brandy, ron, bebidas y bebidas. Tiene buena estanqueidad, transmisi\u00f3n de luz y est\u00e9tica. No s\u00f3lo puede conservar la calidad original del l\u00edquido, sino tambi\u00e9n mejorar el valor de las bebidas espirituosas, el whisky, el brandy, el ron y las bebidas. Mantenga su l\u00edquido real a pesar de meses de bautismo.<\/p>\n<p>Tenemos un estricto control de calidad para estas botellas de licor de vidrio. Nuestra empresa cuenta con m\u00e1s de 500 empleados, y cerca de 30 QC y un grupo de ingenieros cualificados. Con una rica experiencia, tenemos una buena reputaci\u00f3n en todo el mundo.<\/p>\n<h4>Los detalles de la botella de vidrio impresa personalizada al por mayor<\/h4>\n<p>La informaci\u00f3n de la botella de vidrio de 700 ml como fuelle:<\/p>\n<ul>\n<li>Material principal: vidrio alto pedernal<\/li>\n<li>Tapa: Corcho<\/li>\n<li>Referencia: RS060<\/li>\n<li>Cantidad m\u00ednima de pedido: 10000 unidades<\/li>\n<li>Capacidad: 700ml<\/li>\n<li>Piezas\/caja: 24 piezas<\/li>\n<li>Origen del lugar: Shandong, China<\/li>\n<li>Caracter\u00edstica: Respetuoso del medio ambiente<\/li>\n<\/ul>\n<p>Como hay dos l\u00edneas de tren de nuestra ciudad a Qingdao, podemos enviar las botellas de vidrio transparente al puerto de Qingdao en cualquier momento. Como esta condici\u00f3n de tr\u00e1fico conveniente, podemos enviar las botellas de vidrio de alcohol a cualquier parte del mundo en el tiempo y asegurarse de que el cliente lo recibe pronto.<\/p>\n<p>Nuestros principales productos son botellas y tarros al por mayor de primera calidad, como una botella de vodka de vidrio, botella de brandy transparente, botella de whisky de lujo, botella de vidrio de licor, botella de ron y as\u00ed sucesivamente. Tambi\u00e9n podemos ofrecer otras botellas de vidrio de colores personalizados, como la botella verde, botella verde oscuro y as\u00ed sucesivamente. Nuestro principal mercado en Europa, EE.UU., Australia, Am\u00e9rica, etc. Y todos los productos gozan de una gran reputaci\u00f3n por su innovaci\u00f3n y funcionalidad.<\/p>\n<p>Si desea realizar una consulta sobre nuestro servicio de venta al por mayor de botellas de vidrio impresas personalizadas, p\u00f3ngase en contacto con nosotros. Le responderemos dentro de 24 horas, e intentaremos nuestro mejor para usted.<\/p>\n<p>Conf\u00ede en nosotros y obtendr\u00e1 las mejores botellas de vidrio de 700 ml o botellas de vidrio con formas personalizadas.<\/p>","protected":false},"excerpt":{"rendered":"<style type=\"text\/css\">\n.tg  {border-collapse:collapse;border-spacing:0;border-color:#ccc;}<br \/>.tg td{font-family:Arial, sans-serif;font-size:14px;padding:10px 5px;border-style:solid;border-width:1px;overflow:hidden;word-break:normal;border-color:#ccc;color:#333;background-color:#fff;}<br \/>.tg th{font-family:Arial, sans-serif;font-size:14px;font-weight:normal;padding:10px 5px;border-style:solid;border-width:1px;overflow:hidden;word-break:normal;border-color:#ccc;color:#333;background-color:#f0f0f0;}<br \/>.tg .tg-24i8{font-size:24px;vertical-align:top}<br \/>.tg .tg-b7b8{background-color:#f9f9f9;vertical-align:top}<br \/>.tg .tg-yw4l{vertical-align:top}<br \/><\/style>\n<table class=\"tg\">\n<tbody>\n<tr>\n<th class=\"tg-24i8\" colspan=\"2\">Botellas de vidrio con impresi\u00f3n personalizada de 700 ml al por mayor<\/th>\n<\/tr>\n<tr>\n<td class=\"tg-b7b8\">Referencia:<\/td>\n<td class=\"tg-b7b8\">RS060<\/td>\n<\/tr>\n<tr>\n<td class=\"tg-yw4l\">Material principal:<\/td>\n<td class=\"tg-yw4l\">Vidrio alto de pedernal<\/td>\n<\/tr>\n<tr>\n<td class=\"tg-b7b8\">Gorra:<\/td>\n<td class=\"tg-b7b8\">Tapa roscada<\/td>\n<\/tr>\n<tr>\n<td class=\"tg-yw4l\">Capacidad:<\/td>\n<td class=\"tg-yw4l\">700ml<\/td>\n<\/tr>\n<tr>\n<td class=\"tg-b7b8\">Caracter\u00edstica:<\/td>\n<td class=\"tg-b7b8\">Respetuoso del medio ambiente<\/td>\n<\/tr>\n<tr>\n<td class=\"tg-yw4l\"><strong>Cantidad m\u00ednima de pedido:<\/strong><\/td>\n<td class=\"tg-yw4l\"><strong>10000 piezas<\/strong><\/td>\n<\/tr>\n<tr>\n<td class=\"tg-b7b8\">Forma de env\u00edo:<\/td>\n<td class=\"tg-b7b8\">Buque, Expreso<\/td>\n<\/tr>\n<tr>\n<td class=\"tg-yw4l\">Color<\/td>\n<td class=\"tg-yw4l\">Claro\/ Transparente<\/td>\n<\/tr>\n<tr>\n<td class=\"tg-b7b8\">Altura:<\/td>\n<td class=\"tg-b7b8\">230MM\u00b12MM<\/td>\n<\/tr>\n<tr>\n<td class=\"tg-yw4l\">Di\u00e1metro<\/td>\n<td class=\"tg-yw4l\">92MM\u00b12MM<\/td>\n<\/tr>\n<\/tbody>\n<\/table>","protected":false},"featured_media":4383,"comment_status":"closed","ping_status":"closed","template":"","meta":[],"product_brand":[],"product_cat":[51,55],"product_tag":[],"class_list":{"0":"post-767","1":"product","2":"type-product","3":"status-publish","4":"has-post-thumbnail","6":"product_cat-700ml-glass-bottle","7":"product_cat-custom-glass-bottle","8":"entry","9":"has-media","11":"first","12":"instock","13":"shipping-taxable","14":"product-type-simple"},"yoast_head":"<!-- This site is optimized with the Yoast SEO plugin v27.3 - https:\/\/yoast.com\/product\/yoast-seo-wordpress\/ -->\n<title>Custom Printed Glass Bottles Wholesale | Clear Spirit Bottle Manufacturer<\/title>\n<meta name=\"description\" content=\"Ruisheng(RS), a top clear spirit bottle manufacturer, provide custom printed glass bottles wholesale service for liquor brands, companiesetc.\" \/>\n<meta name=\"robots\" content=\"index, follow, max-snippet:-1, max-image-preview:large, max-video-preview:-1\" \/>\n<link rel=\"canonical\" href=\"https:\/\/ruishengglassco.com\/product\/rs060-personalized-alcohol-bottles-wholesale-700ml\" \/>\n<meta property=\"og:locale\" content=\"es_ES\" \/>\n<meta property=\"og:type\" content=\"article\" \/>\n<meta property=\"og:title\" content=\"Custom Printed Glass Bottles Wholesale | Clear Spirit Bottle Manufacturer\" \/>\n<meta property=\"og:description\" content=\"Ruisheng(RS), a top clear spirit bottle manufacturer, provide custom printed glass bottles wholesale service for liquor brands, companiesetc.\" \/>\n<meta property=\"og:url\" content=\"https:\/\/ruishengglassco.com\/product\/rs060-personalized-alcohol-bottles-wholesale-700ml\" \/>\n<meta property=\"og:site_name\" content=\"Glass Bottle Wholesale\" \/>\n<meta property=\"article:modified_time\" content=\"2023-12-19T06:30:34+00:00\" \/>\n<meta property=\"og:image\" content=\"https:\/\/glassbottlewholesale.com\/wp-content\/uploads\/2023\/12\/Personalized-Alcohol-Bottles-Wholesale-700ml-1.jpg\" \/>\n\t<meta property=\"og:image:width\" content=\"800\" \/>\n\t<meta property=\"og:image:height\" content=\"800\" \/>\n\t<meta property=\"og:image:type\" content=\"image\/jpeg\" \/>\n<meta name=\"twitter:card\" content=\"summary_large_image\" \/>\n<meta name=\"twitter:label1\" content=\"Tiempo de lectura\" \/>\n\t<meta name=\"twitter:data1\" content=\"2 minutos\" \/>\n<script type=\"application\/ld+json\" class=\"yoast-schema-graph\">{\"@context\":\"https:\\\/\\\/schema.org\",\"@graph\":[{\"@type\":\"WebPage\",\"@id\":\"https:\\\/\\\/glassbottlewholesale.com\\\/custom-printed-glass-bottles-wholesale-700ml\\\/\",\"url\":\"https:\\\/\\\/ruishengglassco.com\\\/product\\\/rs060-personalized-alcohol-bottles-wholesale-700ml\",\"name\":\"Custom Printed Glass Bottles Wholesale | Clear Spirit Bottle Manufacturer\",\"isPartOf\":{\"@id\":\"https:\\\/\\\/glassbottlewholesale.com\\\/#website\"},\"primaryImageOfPage\":{\"@id\":\"https:\\\/\\\/ruishengglassco.com\\\/product\\\/rs060-personalized-alcohol-bottles-wholesale-700ml#primaryimage\"},\"image\":{\"@id\":\"https:\\\/\\\/ruishengglassco.com\\\/product\\\/rs060-personalized-alcohol-bottles-wholesale-700ml#primaryimage\"},\"thumbnailUrl\":\"https:\\\/\\\/glassbottlewholesale.com\\\/wp-content\\\/uploads\\\/2023\\\/12\\\/Personalized-Alcohol-Bottles-Wholesale-700ml-1.jpg\",\"datePublished\":\"2019-10-18T08:55:51+00:00\",\"dateModified\":\"2023-12-19T06:30:34+00:00\",\"description\":\"Ruisheng(RS), a top clear spirit bottle manufacturer, provide custom printed glass bottles wholesale service for liquor brands, companiesetc.\",\"breadcrumb\":{\"@id\":\"https:\\\/\\\/ruishengglassco.com\\\/product\\\/rs060-personalized-alcohol-bottles-wholesale-700ml#breadcrumb\"},\"inLanguage\":\"es\",\"potentialAction\":[{\"@type\":\"ReadAction\",\"target\":[\"https:\\\/\\\/ruishengglassco.com\\\/product\\\/rs060-personalized-alcohol-bottles-wholesale-700ml\"]}]},{\"@type\":\"ImageObject\",\"inLanguage\":\"es\",\"@id\":\"https:\\\/\\\/ruishengglassco.com\\\/product\\\/rs060-personalized-alcohol-bottles-wholesale-700ml#primaryimage\",\"url\":\"https:\\\/\\\/glassbottlewholesale.com\\\/wp-content\\\/uploads\\\/2023\\\/12\\\/Personalized-Alcohol-Bottles-Wholesale-700ml-1.jpg\",\"contentUrl\":\"https:\\\/\\\/glassbottlewholesale.com\\\/wp-content\\\/uploads\\\/2023\\\/12\\\/Personalized-Alcohol-Bottles-Wholesale-700ml-1.jpg\",\"width\":800,\"height\":800,\"caption\":\"Personalized Alcohol Bottles Wholesale\"},{\"@type\":\"BreadcrumbList\",\"@id\":\"https:\\\/\\\/ruishengglassco.com\\\/product\\\/rs060-personalized-alcohol-bottles-wholesale-700ml#breadcrumb\",\"itemListElement\":[{\"@type\":\"ListItem\",\"position\":1,\"name\":\"Home\",\"item\":\"https:\\\/\\\/glassbottlewholesale.com\\\/\"},{\"@type\":\"ListItem\",\"position\":2,\"name\":\"Products\",\"item\":\"https:\\\/\\\/glassbottlewholesale.com\\\/shop\\\/\"},{\"@type\":\"ListItem\",\"position\":3,\"name\":\"RS060: Personalized Alcohol Bottles Wholesale 700ml\"}]},{\"@type\":\"WebSite\",\"@id\":\"https:\\\/\\\/glassbottlewholesale.com\\\/#website\",\"url\":\"https:\\\/\\\/glassbottlewholesale.com\\\/\",\"name\":\"Glass Bottle Wholesale\",\"description\":\"\",\"publisher\":{\"@id\":\"https:\\\/\\\/glassbottlewholesale.com\\\/#organization\"},\"potentialAction\":[{\"@type\":\"SearchAction\",\"target\":{\"@type\":\"EntryPoint\",\"urlTemplate\":\"https:\\\/\\\/glassbottlewholesale.com\\\/?s={search_term_string}\"},\"query-input\":{\"@type\":\"PropertyValueSpecification\",\"valueRequired\":true,\"valueName\":\"search_term_string\"}}],\"inLanguage\":\"es\"},{\"@type\":\"Organization\",\"@id\":\"https:\\\/\\\/glassbottlewholesale.com\\\/#organization\",\"name\":\"Glass Bottle Wholesale\",\"url\":\"https:\\\/\\\/glassbottlewholesale.com\\\/\",\"logo\":{\"@type\":\"ImageObject\",\"inLanguage\":\"es\",\"@id\":\"https:\\\/\\\/glassbottlewholesale.com\\\/#\\\/schema\\\/logo\\\/image\\\/\",\"url\":\"https:\\\/\\\/glassbottlewholesale.com\\\/wp-content\\\/uploads\\\/2023\\\/12\\\/ruisheng-logo.webp\",\"contentUrl\":\"https:\\\/\\\/glassbottlewholesale.com\\\/wp-content\\\/uploads\\\/2023\\\/12\\\/ruisheng-logo.webp\",\"width\":400,\"height\":233,\"caption\":\"Glass Bottle Wholesale\"},\"image\":{\"@id\":\"https:\\\/\\\/glassbottlewholesale.com\\\/#\\\/schema\\\/logo\\\/image\\\/\"}}]}<\/script>\n<!-- \/ Yoast SEO plugin. -->","yoast_head_json":{"title":"Custom Printed Glass Bottles Wholesale | Clear Spirit Bottle Manufacturer","description":"Ruisheng(RS), a top clear spirit bottle manufacturer, provide custom printed glass bottles wholesale service for liquor brands, companiesetc.","robots":{"index":"index","follow":"follow","max-snippet":"max-snippet:-1","max-image-preview":"max-image-preview:large","max-video-preview":"max-video-preview:-1"},"canonical":"https:\/\/ruishengglassco.com\/product\/rs060-personalized-alcohol-bottles-wholesale-700ml","og_locale":"es_ES","og_type":"article","og_title":"Custom Printed Glass Bottles Wholesale | Clear Spirit Bottle Manufacturer","og_description":"Ruisheng(RS), a top clear spirit bottle manufacturer, provide custom printed glass bottles wholesale service for liquor brands, companiesetc.","og_url":"https:\/\/ruishengglassco.com\/product\/rs060-personalized-alcohol-bottles-wholesale-700ml","og_site_name":"Glass Bottle Wholesale","article_modified_time":"2023-12-19T06:30:34+00:00","og_image":[{"width":800,"height":800,"url":"https:\/\/glassbottlewholesale.com\/wp-content\/uploads\/2023\/12\/Personalized-Alcohol-Bottles-Wholesale-700ml-1.jpg","type":"image\/jpeg"}],"twitter_card":"summary_large_image","twitter_misc":{"Tiempo de lectura":"2 minutos"},"schema":{"@context":"https:\/\/schema.org","@graph":[{"@type":"WebPage","@id":"https:\/\/glassbottlewholesale.com\/custom-printed-glass-bottles-wholesale-700ml\/","url":"https:\/\/ruishengglassco.com\/product\/rs060-personalized-alcohol-bottles-wholesale-700ml","name":"Custom Printed Glass Bottles Wholesale | Clear Spirit Bottle Manufacturer","isPartOf":{"@id":"https:\/\/glassbottlewholesale.com\/#website"},"primaryImageOfPage":{"@id":"https:\/\/ruishengglassco.com\/product\/rs060-personalized-alcohol-bottles-wholesale-700ml#primaryimage"},"image":{"@id":"https:\/\/ruishengglassco.com\/product\/rs060-personalized-alcohol-bottles-wholesale-700ml#primaryimage"},"thumbnailUrl":"https:\/\/glassbottlewholesale.com\/wp-content\/uploads\/2023\/12\/Personalized-Alcohol-Bottles-Wholesale-700ml-1.jpg","datePublished":"2019-10-18T08:55:51+00:00","dateModified":"2023-12-19T06:30:34+00:00","description":"Ruisheng(RS), a top clear spirit bottle manufacturer, provide custom printed glass bottles wholesale service for liquor brands, companiesetc.","breadcrumb":{"@id":"https:\/\/ruishengglassco.com\/product\/rs060-personalized-alcohol-bottles-wholesale-700ml#breadcrumb"},"inLanguage":"es","potentialAction":[{"@type":"ReadAction","target":["https:\/\/ruishengglassco.com\/product\/rs060-personalized-alcohol-bottles-wholesale-700ml"]}]},{"@type":"ImageObject","inLanguage":"es","@id":"https:\/\/ruishengglassco.com\/product\/rs060-personalized-alcohol-bottles-wholesale-700ml#primaryimage","url":"https:\/\/glassbottlewholesale.com\/wp-content\/uploads\/2023\/12\/Personalized-Alcohol-Bottles-Wholesale-700ml-1.jpg","contentUrl":"https:\/\/glassbottlewholesale.com\/wp-content\/uploads\/2023\/12\/Personalized-Alcohol-Bottles-Wholesale-700ml-1.jpg","width":800,"height":800,"caption":"Personalized Alcohol Bottles Wholesale"},{"@type":"BreadcrumbList","@id":"https:\/\/ruishengglassco.com\/product\/rs060-personalized-alcohol-bottles-wholesale-700ml#breadcrumb","itemListElement":[{"@type":"ListItem","position":1,"name":"Home","item":"https:\/\/glassbottlewholesale.com\/"},{"@type":"ListItem","position":2,"name":"Products","item":"https:\/\/glassbottlewholesale.com\/shop\/"},{"@type":"ListItem","position":3,"name":"RS060: Personalized Alcohol Bottles Wholesale 700ml"}]},{"@type":"WebSite","@id":"https:\/\/glassbottlewholesale.com\/#website","url":"https:\/\/glassbottlewholesale.com\/","name":"Glass Bottle Wholesale","description":"","publisher":{"@id":"https:\/\/glassbottlewholesale.com\/#organization"},"potentialAction":[{"@type":"SearchAction","target":{"@type":"EntryPoint","urlTemplate":"https:\/\/glassbottlewholesale.com\/?s={search_term_string}"},"query-input":{"@type":"PropertyValueSpecification","valueRequired":true,"valueName":"search_term_string"}}],"inLanguage":"es"},{"@type":"Organization","@id":"https:\/\/glassbottlewholesale.com\/#organization","name":"Glass Bottle Wholesale","url":"https:\/\/glassbottlewholesale.com\/","logo":{"@type":"ImageObject","inLanguage":"es","@id":"https:\/\/glassbottlewholesale.com\/#\/schema\/logo\/image\/","url":"https:\/\/glassbottlewholesale.com\/wp-content\/uploads\/2023\/12\/ruisheng-logo.webp","contentUrl":"https:\/\/glassbottlewholesale.com\/wp-content\/uploads\/2023\/12\/ruisheng-logo.webp","width":400,"height":233,"caption":"Glass Bottle Wholesale"},"image":{"@id":"https:\/\/glassbottlewholesale.com\/#\/schema\/logo\/image\/"}}]}},"_links":{"self":[{"href":"https:\/\/glassbottlewholesale.com\/es\/wp-json\/wp\/v2\/product\/767","targetHints":{"allow":["GET"]}}],"collection":[{"href":"https:\/\/glassbottlewholesale.com\/es\/wp-json\/wp\/v2\/product"}],"about":[{"href":"https:\/\/glassbottlewholesale.com\/es\/wp-json\/wp\/v2\/types\/product"}],"replies":[{"embeddable":true,"href":"https:\/\/glassbottlewholesale.com\/es\/wp-json\/wp\/v2\/comments?post=767"}],"wp:featuredmedia":[{"embeddable":true,"href":"https:\/\/glassbottlewholesale.com\/es\/wp-json\/wp\/v2\/media\/4383"}],"wp:attachment":[{"href":"https:\/\/glassbottlewholesale.com\/es\/wp-json\/wp\/v2\/media?parent=767"}],"wp:term":[{"taxonomy":"product_brand","embeddable":true,"href":"https:\/\/glassbottlewholesale.com\/es\/wp-json\/wp\/v2\/product_brand?post=767"},{"taxonomy":"product_cat","embeddable":true,"href":"https:\/\/glassbottlewholesale.com\/es\/wp-json\/wp\/v2\/product_cat?post=767"},{"taxonomy":"product_tag","embeddable":true,"href":"https:\/\/glassbottlewholesale.com\/es\/wp-json\/wp\/v2\/product_tag?post=767"}],"curies":[{"name":"wp","href":"https:\/\/api.w.org\/{rel}","templated":true}]}}