{"id":788,"date":"2019-10-18T09:23:42","date_gmt":"2019-10-18T09:23:42","guid":{"rendered":"https:\/\/queenchingglass.com\/?post_type=product&#038;p=788"},"modified":"2025-02-28T23:46:21","modified_gmt":"2025-02-28T23:46:21","slug":"frascos-de-vidrio-de-700ml-750ml-al-por-mayor","status":"publish","type":"product","link":"https:\/\/glassbottlewholesale.com\/es\/frascos-de-vidrio-de-700ml-750ml-al-por-mayor\/","title":{"rendered":"RS057: Botellas de vidrio altas con matraz de 700 ml y 750 ml al por mayor"},"content":{"rendered":"<p>Este<strong> Botellas de vidrio cuadradas de 700 ml al por mayor <\/strong>es uno de nuestros productos de venta caliente de f\u00e1brica. El material de esta botella de vidrio es cristal blanco material extremadamente blanco.<\/p>\n<p>Nuestra empresa es buena en estas botellas de vidrio de alta calidad, por lo que garantizamos que podemos producir la calidad de la botella de vidrio.<\/p>\n<p>Si desea cualquier otra capacidad, podemos cambiarla a su gusto.<\/p>\n<p>Nuestros principales productos son botellas de vidrio de primera calidad con tap\u00f3n de corcho, tales como botellas de vodka, botellas de brandy, botellas de whisky, botellas de licor, botellas de mermelada y as\u00ed sucesivamente. Tambi\u00e9n podemos ofrecer botellas de vidrio \u00e1mbar, botellas verdes y botellas de agua. Nuestro principal mercado es Europa, EE.UU., Australia, Am\u00e9rica, etc. Y todos los productos gozan de una gran reputaci\u00f3n por su innovaci\u00f3n y funcionalidad.<\/p>\n<p>La producci\u00f3n de la botella cuadrada de vidrio de pedernal para aceite de oliva de 700ml ha sido estrictamente seleccionada de materiales, traemos materiales del pa\u00eds de origen, adem\u00e1s, utilizamos m\u00e1quinas avanzadas para procesar y hacer la botella de vidrio.<\/p>\n<h4>La informaci\u00f3n de <strong>Botellas de vidrio cuadradas de 700 ml al por mayor<\/strong>:<\/h4>\n<ul>\n<li>Material principal: material blanco cristalino material extremadamente blanco<\/li>\n<li>Tapa: Corcho<\/li>\n<li>Referencia: RS057<\/li>\n<li>Cantidad m\u00ednima de pedido: 10000 unidades<\/li>\n<li>Capacidad: 700ml<\/li>\n<li>Piezas\/caja: 24 piezas<\/li>\n<li>Origen del lugar: Shandong, China<\/li>\n<li>Caracter\u00edstica: Respetuoso del medio ambiente<\/li>\n<\/ul>\n<p>Si est\u00e1 satisfecho con este frasco de vidrio botellas al por mayor, por favor p\u00f3ngase en contacto conmigo en el tiempo. Si no te gusta, puedes mirar nuestras otras botellas. O le dar\u00e9 el cat\u00e1logo, usted puede elegir lo que te gusta. Si est\u00e1 interesado en nuestras botellas herm\u00e9ticas de alcohol, p\u00f3ngase en contacto con nosotros. Le responderemos en un plazo de 24 horas.<\/p>","protected":false},"excerpt":{"rendered":"<p>Este<strong> Botellas de vidrio cuadradas de 700 ml al por mayor <\/strong>es uno de nuestros productos de venta caliente de f\u00e1brica. El material de esta botella de vidrio es cristal blanco material extremadamente blanco.<\/p>","protected":false},"featured_media":4488,"comment_status":"open","ping_status":"closed","template":"","meta":[],"product_brand":[],"product_cat":[51,52,63],"product_tag":[],"class_list":{"0":"post-788","1":"product","2":"type-product","3":"status-publish","4":"has-post-thumbnail","6":"product_cat-700ml-glass-bottle","7":"product_cat-750ml-glass-bottle","8":"product_cat-liquor-bottle","9":"entry","10":"has-media","12":"first","13":"instock","14":"shipping-taxable","15":"product-type-simple"},"yoast_head":"<!-- This site is optimized with the Yoast SEO plugin v27.3 - https:\/\/yoast.com\/product\/yoast-seo-wordpress\/ -->\n<title>Glass Flask Bottles Wholesale | Square Liquor Bottle Manufacturer<\/title>\n<meta name=\"description\" content=\"Buy Glass Flask Bottles Wholesale From China Liquor Bottle Manufacturer. Clear Square Liquor Bottle Will Catch Your Eyes In An Instant.\" \/>\n<meta name=\"robots\" content=\"index, follow, max-snippet:-1, max-image-preview:large, max-video-preview:-1\" \/>\n<link rel=\"canonical\" href=\"https:\/\/ruishengglassco.com\/product\/rs057-700ml-750ml-flask-tall-glass-bottles-wholesale\" \/>\n<meta property=\"og:locale\" content=\"es_ES\" \/>\n<meta property=\"og:type\" content=\"article\" \/>\n<meta property=\"og:title\" content=\"Glass Flask Bottles Wholesale | Square Liquor Bottle Manufacturer\" \/>\n<meta property=\"og:description\" content=\"Buy Glass Flask Bottles Wholesale From China Liquor Bottle Manufacturer. Clear Square Liquor Bottle Will Catch Your Eyes In An Instant.\" \/>\n<meta property=\"og:url\" content=\"https:\/\/ruishengglassco.com\/product\/rs057-700ml-750ml-flask-tall-glass-bottles-wholesale\" \/>\n<meta property=\"og:site_name\" content=\"Glass Bottle Wholesale\" \/>\n<meta property=\"article:modified_time\" content=\"2025-02-28T23:46:21+00:00\" \/>\n<meta property=\"og:image\" content=\"https:\/\/glassbottlewholesale.com\/wp-content\/uploads\/2024\/01\/rs057-1.jpg\" \/>\n\t<meta property=\"og:image:width\" content=\"800\" \/>\n\t<meta property=\"og:image:height\" content=\"800\" \/>\n\t<meta property=\"og:image:type\" content=\"image\/jpeg\" \/>\n<meta name=\"twitter:card\" content=\"summary_large_image\" \/>\n<meta name=\"twitter:label1\" content=\"Tiempo de lectura\" \/>\n\t<meta name=\"twitter:data1\" content=\"2 minutos\" \/>\n<script type=\"application\/ld+json\" class=\"yoast-schema-graph\">{\"@context\":\"https:\\\/\\\/schema.org\",\"@graph\":[{\"@type\":\"WebPage\",\"@id\":\"https:\\\/\\\/glassbottlewholesale.com\\\/700ml-750ml-glass-flask-bottles-wholesale\\\/\",\"url\":\"https:\\\/\\\/ruishengglassco.com\\\/product\\\/rs057-700ml-750ml-flask-tall-glass-bottles-wholesale\",\"name\":\"Glass Flask Bottles Wholesale | Square Liquor Bottle Manufacturer\",\"isPartOf\":{\"@id\":\"https:\\\/\\\/glassbottlewholesale.com\\\/#website\"},\"primaryImageOfPage\":{\"@id\":\"https:\\\/\\\/ruishengglassco.com\\\/product\\\/rs057-700ml-750ml-flask-tall-glass-bottles-wholesale#primaryimage\"},\"image\":{\"@id\":\"https:\\\/\\\/ruishengglassco.com\\\/product\\\/rs057-700ml-750ml-flask-tall-glass-bottles-wholesale#primaryimage\"},\"thumbnailUrl\":\"https:\\\/\\\/glassbottlewholesale.com\\\/wp-content\\\/uploads\\\/2024\\\/01\\\/rs057-1.jpg\",\"datePublished\":\"2019-10-18T09:23:42+00:00\",\"dateModified\":\"2025-02-28T23:46:21+00:00\",\"description\":\"Buy Glass Flask Bottles Wholesale From China Liquor Bottle Manufacturer. Clear Square Liquor Bottle Will Catch Your Eyes In An Instant.\",\"breadcrumb\":{\"@id\":\"https:\\\/\\\/ruishengglassco.com\\\/product\\\/rs057-700ml-750ml-flask-tall-glass-bottles-wholesale#breadcrumb\"},\"inLanguage\":\"es\",\"potentialAction\":[{\"@type\":\"ReadAction\",\"target\":[\"https:\\\/\\\/ruishengglassco.com\\\/product\\\/rs057-700ml-750ml-flask-tall-glass-bottles-wholesale\"]}]},{\"@type\":\"ImageObject\",\"inLanguage\":\"es\",\"@id\":\"https:\\\/\\\/ruishengglassco.com\\\/product\\\/rs057-700ml-750ml-flask-tall-glass-bottles-wholesale#primaryimage\",\"url\":\"https:\\\/\\\/glassbottlewholesale.com\\\/wp-content\\\/uploads\\\/2024\\\/01\\\/rs057-1.jpg\",\"contentUrl\":\"https:\\\/\\\/glassbottlewholesale.com\\\/wp-content\\\/uploads\\\/2024\\\/01\\\/rs057-1.jpg\",\"width\":800,\"height\":800,\"caption\":\"Glass Flask Bottles Wholesale\"},{\"@type\":\"BreadcrumbList\",\"@id\":\"https:\\\/\\\/ruishengglassco.com\\\/product\\\/rs057-700ml-750ml-flask-tall-glass-bottles-wholesale#breadcrumb\",\"itemListElement\":[{\"@type\":\"ListItem\",\"position\":1,\"name\":\"Home\",\"item\":\"https:\\\/\\\/glassbottlewholesale.com\\\/\"},{\"@type\":\"ListItem\",\"position\":2,\"name\":\"Products\",\"item\":\"https:\\\/\\\/glassbottlewholesale.com\\\/shop\\\/\"},{\"@type\":\"ListItem\",\"position\":3,\"name\":\"RS057: 700ml 750ml Flask Tall Glass Bottles Wholesale\"}]},{\"@type\":\"WebSite\",\"@id\":\"https:\\\/\\\/glassbottlewholesale.com\\\/#website\",\"url\":\"https:\\\/\\\/glassbottlewholesale.com\\\/\",\"name\":\"Glass Bottle Wholesale\",\"description\":\"\",\"publisher\":{\"@id\":\"https:\\\/\\\/glassbottlewholesale.com\\\/#organization\"},\"potentialAction\":[{\"@type\":\"SearchAction\",\"target\":{\"@type\":\"EntryPoint\",\"urlTemplate\":\"https:\\\/\\\/glassbottlewholesale.com\\\/?s={search_term_string}\"},\"query-input\":{\"@type\":\"PropertyValueSpecification\",\"valueRequired\":true,\"valueName\":\"search_term_string\"}}],\"inLanguage\":\"es\"},{\"@type\":\"Organization\",\"@id\":\"https:\\\/\\\/glassbottlewholesale.com\\\/#organization\",\"name\":\"Glass Bottle Wholesale\",\"url\":\"https:\\\/\\\/glassbottlewholesale.com\\\/\",\"logo\":{\"@type\":\"ImageObject\",\"inLanguage\":\"es\",\"@id\":\"https:\\\/\\\/glassbottlewholesale.com\\\/#\\\/schema\\\/logo\\\/image\\\/\",\"url\":\"https:\\\/\\\/glassbottlewholesale.com\\\/wp-content\\\/uploads\\\/2023\\\/12\\\/ruisheng-logo.webp\",\"contentUrl\":\"https:\\\/\\\/glassbottlewholesale.com\\\/wp-content\\\/uploads\\\/2023\\\/12\\\/ruisheng-logo.webp\",\"width\":400,\"height\":233,\"caption\":\"Glass Bottle Wholesale\"},\"image\":{\"@id\":\"https:\\\/\\\/glassbottlewholesale.com\\\/#\\\/schema\\\/logo\\\/image\\\/\"}}]}<\/script>\n<!-- \/ Yoast SEO plugin. -->","yoast_head_json":{"title":"Botellas de vidrio al por mayor | Botella de licor cuadrada Fabricante","description":"Comprar botellas de vidrio al por mayor de China fabricante de botellas de licor. Botella de licor claro cuadrado atrapar\u00e1 sus ojos en un instante.","robots":{"index":"index","follow":"follow","max-snippet":"max-snippet:-1","max-image-preview":"max-image-preview:large","max-video-preview":"max-video-preview:-1"},"canonical":"https:\/\/ruishengglassco.com\/product\/rs057-700ml-750ml-flask-tall-glass-bottles-wholesale","og_locale":"es_ES","og_type":"article","og_title":"Glass Flask Bottles Wholesale | Square Liquor Bottle Manufacturer","og_description":"Buy Glass Flask Bottles Wholesale From China Liquor Bottle Manufacturer. Clear Square Liquor Bottle Will Catch Your Eyes In An Instant.","og_url":"https:\/\/ruishengglassco.com\/product\/rs057-700ml-750ml-flask-tall-glass-bottles-wholesale","og_site_name":"Glass Bottle Wholesale","article_modified_time":"2025-02-28T23:46:21+00:00","og_image":[{"width":800,"height":800,"url":"https:\/\/glassbottlewholesale.com\/wp-content\/uploads\/2024\/01\/rs057-1.jpg","type":"image\/jpeg"}],"twitter_card":"summary_large_image","twitter_misc":{"Tiempo de lectura":"2 minutos"},"schema":{"@context":"https:\/\/schema.org","@graph":[{"@type":"WebPage","@id":"https:\/\/glassbottlewholesale.com\/700ml-750ml-glass-flask-bottles-wholesale\/","url":"https:\/\/ruishengglassco.com\/product\/rs057-700ml-750ml-flask-tall-glass-bottles-wholesale","name":"Botellas de vidrio al por mayor | Botella de licor cuadrada Fabricante","isPartOf":{"@id":"https:\/\/glassbottlewholesale.com\/#website"},"primaryImageOfPage":{"@id":"https:\/\/ruishengglassco.com\/product\/rs057-700ml-750ml-flask-tall-glass-bottles-wholesale#primaryimage"},"image":{"@id":"https:\/\/ruishengglassco.com\/product\/rs057-700ml-750ml-flask-tall-glass-bottles-wholesale#primaryimage"},"thumbnailUrl":"https:\/\/glassbottlewholesale.com\/wp-content\/uploads\/2024\/01\/rs057-1.jpg","datePublished":"2019-10-18T09:23:42+00:00","dateModified":"2025-02-28T23:46:21+00:00","description":"Comprar botellas de vidrio al por mayor de China fabricante de botellas de licor. Botella de licor claro cuadrado atrapar\u00e1 sus ojos en un instante.","breadcrumb":{"@id":"https:\/\/ruishengglassco.com\/product\/rs057-700ml-750ml-flask-tall-glass-bottles-wholesale#breadcrumb"},"inLanguage":"es","potentialAction":[{"@type":"ReadAction","target":["https:\/\/ruishengglassco.com\/product\/rs057-700ml-750ml-flask-tall-glass-bottles-wholesale"]}]},{"@type":"ImageObject","inLanguage":"es","@id":"https:\/\/ruishengglassco.com\/product\/rs057-700ml-750ml-flask-tall-glass-bottles-wholesale#primaryimage","url":"https:\/\/glassbottlewholesale.com\/wp-content\/uploads\/2024\/01\/rs057-1.jpg","contentUrl":"https:\/\/glassbottlewholesale.com\/wp-content\/uploads\/2024\/01\/rs057-1.jpg","width":800,"height":800,"caption":"Glass Flask Bottles Wholesale"},{"@type":"BreadcrumbList","@id":"https:\/\/ruishengglassco.com\/product\/rs057-700ml-750ml-flask-tall-glass-bottles-wholesale#breadcrumb","itemListElement":[{"@type":"ListItem","position":1,"name":"Home","item":"https:\/\/glassbottlewholesale.com\/"},{"@type":"ListItem","position":2,"name":"Products","item":"https:\/\/glassbottlewholesale.com\/shop\/"},{"@type":"ListItem","position":3,"name":"RS057: 700ml 750ml Flask Tall Glass Bottles Wholesale"}]},{"@type":"WebSite","@id":"https:\/\/glassbottlewholesale.com\/#website","url":"https:\/\/glassbottlewholesale.com\/","name":"Glass Bottle Wholesale","description":"","publisher":{"@id":"https:\/\/glassbottlewholesale.com\/#organization"},"potentialAction":[{"@type":"SearchAction","target":{"@type":"EntryPoint","urlTemplate":"https:\/\/glassbottlewholesale.com\/?s={search_term_string}"},"query-input":{"@type":"PropertyValueSpecification","valueRequired":true,"valueName":"search_term_string"}}],"inLanguage":"es"},{"@type":"Organization","@id":"https:\/\/glassbottlewholesale.com\/#organization","name":"Glass Bottle Wholesale","url":"https:\/\/glassbottlewholesale.com\/","logo":{"@type":"ImageObject","inLanguage":"es","@id":"https:\/\/glassbottlewholesale.com\/#\/schema\/logo\/image\/","url":"https:\/\/glassbottlewholesale.com\/wp-content\/uploads\/2023\/12\/ruisheng-logo.webp","contentUrl":"https:\/\/glassbottlewholesale.com\/wp-content\/uploads\/2023\/12\/ruisheng-logo.webp","width":400,"height":233,"caption":"Glass Bottle Wholesale"},"image":{"@id":"https:\/\/glassbottlewholesale.com\/#\/schema\/logo\/image\/"}}]}},"_links":{"self":[{"href":"https:\/\/glassbottlewholesale.com\/es\/wp-json\/wp\/v2\/product\/788","targetHints":{"allow":["GET"]}}],"collection":[{"href":"https:\/\/glassbottlewholesale.com\/es\/wp-json\/wp\/v2\/product"}],"about":[{"href":"https:\/\/glassbottlewholesale.com\/es\/wp-json\/wp\/v2\/types\/product"}],"replies":[{"embeddable":true,"href":"https:\/\/glassbottlewholesale.com\/es\/wp-json\/wp\/v2\/comments?post=788"}],"wp:featuredmedia":[{"embeddable":true,"href":"https:\/\/glassbottlewholesale.com\/es\/wp-json\/wp\/v2\/media\/4488"}],"wp:attachment":[{"href":"https:\/\/glassbottlewholesale.com\/es\/wp-json\/wp\/v2\/media?parent=788"}],"wp:term":[{"taxonomy":"product_brand","embeddable":true,"href":"https:\/\/glassbottlewholesale.com\/es\/wp-json\/wp\/v2\/product_brand?post=788"},{"taxonomy":"product_cat","embeddable":true,"href":"https:\/\/glassbottlewholesale.com\/es\/wp-json\/wp\/v2\/product_cat?post=788"},{"taxonomy":"product_tag","embeddable":true,"href":"https:\/\/glassbottlewholesale.com\/es\/wp-json\/wp\/v2\/product_tag?post=788"}],"curies":[{"name":"wp","href":"https:\/\/api.w.org\/{rel}","templated":true}]}}