{"id":791,"date":"2019-10-18T09:27:45","date_gmt":"2019-10-18T09:27:45","guid":{"rendered":"https:\/\/queenchingglass.com\/?post_type=product&#038;p=791"},"modified":"2025-07-10T01:36:28","modified_gmt":"2025-07-10T01:36:28","slug":"750ml-custom-glass-bottle-wholesale-company","status":"publish","type":"product","link":"https:\/\/glassbottlewholesale.com\/es\/750ml-custom-glass-bottle-wholesale-company\/","title":{"rendered":"RS056: Empresa mayorista de botellas de vidrio personalizadas de 750 ml"},"content":{"rendered":"<div class=\"wpb-content-wrapper\"><div class=\"vc_row wpb_row vc_row-fluid\"><div class=\"wpb_column vc_column_container vc_col-sm-12\"><div class=\"vc_column-inner\"><div class=\"wpb_wrapper\">\n\t<div class=\"wpb_text_column wpb_content_element\" >\n\t\t<div class=\"wpb_wrapper\">\n\t\t\t<p>Este 750ml botellas de vidrio personalizadas al por mayor es nuestra \u00faltima botella especial. Y podemos imprimir su logotipo en \u00e9l, o mezclar el color lo que quieras. Este <a href=\"https:\/\/glassbottlewholesale.com\/es\/detalles-del-producto\/proveedores-de-botellas-de-licor-de-vidrio-de-700-ml-y-1000-ml\/\">Botella de cristal para licor de 750 ml<\/a>La superficie tiene un dibujo tallado. Por eso es muy popular entre los consumidores.<\/p>\n<p>Nuestra f\u00e1brica tiene un equipo de operaci\u00f3n muy completo, cooperan entre s\u00ed, por lo que podemos hacer botellas de vidrio para bebidas muy r\u00e1pidamente. Adem\u00e1s, tenemos servicio post-venta de primera clase, podemos responder a las preguntas que usted quiere saber.<\/p>\n<p>Este 750ml botellas de vidrio personalizadas para la venta es un tap\u00f3n, puede utilizar tapones de madera y tapones de otros materiales. Si desea otro cuello de botella, tambi\u00e9n podemos cambiarlo.<\/p>\n<h4>Botellas de vidrio personalizadas de 750 ml al por mayor<\/h4>\n<p>La informaci\u00f3n sobre la botella de vidrio es la siguiente:<\/p>\n<ul>\n<li>Material principal: vidrio alto pedernal<\/li>\n<li>Tapa: tap\u00f3n de rosca<\/li>\n<li>Referencia: RS056<\/li>\n<li>Cantidad m\u00ednima de pedido: 10000 unidades<\/li>\n<li>Capacidad: 750ml<\/li>\n<li>Piezas\/caja: 24 piezas<\/li>\n<li>Origen del lugar: Shandong, China<\/li>\n<li>Caracter\u00edstica: Respetuoso del medio ambiente<\/li>\n<\/ul>\n<p>Podemos hacer otra capacidad para esta botella de vidrio de licor personalizado, como 500ml,550ml,700ml, y 1000ml, podemos hacerlo. Podemos cambiar la botella de acuerdo a sus necesidades.<\/p>\n<p>Nuestra empresa puede realizar un procesamiento profundo en esta botella, como calcoman\u00eda, impresi\u00f3n y glaseado. Nuestro\u00a0<a href=\"https:\/\/ruishengglassco.com\/700ml-liquor-glass-bottle-manufacturer\">Venta de botellas de vidrio para licores de 750 ml<\/a>\u00a0se embalan de forma est\u00e1ndar. Y las botellas no se rompen f\u00e1cilmente en tr\u00e1nsito, debido a nuestras botellas medir antes del env\u00edo. Nuestra empresa siempre insiste en la calidad en primer lugar. Tenemos una buena reputaci\u00f3n en la industria de la botella, muchos clientes vienen a nosotros para las botellas.<\/p>\n<p>Tambi\u00e9n podemos aceptar las botellas personalizadas, si usted puede darnos dibujo sobre la botella de vidrio, podemos hacer lo mismo.<\/p>\n<p>Pueden confiar en nosotros y nos dan mucha seguridad. Si quieren venir a hacer botellas, siempre seremos bienvenidos.<\/p>\n<p><span class=\"tran\" data-group=\"0_0\">Nosotros<\/span>\u00a0<span class=\"tran\" data-group=\"1_1\">cordialmente<\/span>\u00a0<span class=\"tran\" data-group=\"2_2\">bienvenido<\/span>\u00a0<span class=\"tran\" data-group=\"6_3\">clientes<\/span>\u00a0<span class=\"tran\" data-group=\"3_4\">de<\/span>\u00a0<span class=\"tran\" data-group=\"5_5\">por todas partes<\/span>\u00a0<span class=\"tran\" data-group=\"4_6\">el mundo<\/span>\u00a0a\u00a0<span class=\"tran\" data-group=\"7_7\">venga<\/span>\u00a0a\u00a0<span class=\"tran\" data-group=\"8_8\">nuestro<\/span>\u00a0<span class=\"tran\" data-group=\"9_9\">f\u00e1brica<\/span>\u00a0para\u00a0<span class=\"tran\" data-group=\"10_10\">visite<\/span>\u00a0y\u00a0<span class=\"tran\" data-group=\"11_11\">cooperaci\u00f3n<\/span>.<\/p>\n<p><span class=\"tran\" data-group=\"0_0\">Si<\/span>\u00a0<span class=\"tran\" data-group=\"1_1\">usted<\/span>\u00a0<span class=\"tran\" data-group=\"2_2\">est\u00e1n interesados<\/span>\u00a0en cualquier\u00a0<span class=\"tran\" data-group=\"5_4\">de<\/span>\u00a0<span class=\"tran\" data-group=\"4_5\">nuestro<\/span>\u00a0<span class=\"tran\" data-group=\"6_6\">productos<\/span>,\u00a0<span class=\"tran\" data-group=\"7_7\">por favor<\/span>\u00a0<span class=\"tran\" data-group=\"8_8\">siente<\/span>\u00a0libre de\u00a0<span class=\"tran\" data-group=\"9_9\">contacto<\/span>\u00a0<span class=\"tran\" data-group=\"10_10\">us<\/span>\u00a0<span class=\"tran\" data-group=\"11_11\">para<\/span>\u00a0<span class=\"tran\" data-group=\"12_12\">m\u00e1s<\/span> detalles. Responderemos a los detalles que desee conocer. Espero que le guste esta botella de cristal y haga un pedido.<\/p>\n<p>&nbsp;<\/p>\n\n\t\t<\/div>\n\t<\/div>\n<\/div><\/div><\/div><\/div>\n<\/div>","protected":false},"excerpt":{"rendered":"<p>Rs-019 Series 750ml glass bottle with surface bump design to decorate&amp;increaseing friction between the hand and the bottle is specially designed for whiskey, Vodka, Brandy and other alcohol drinks packaging. Crystal look stunningly cut clear glass with a light-reflecting pattern.<\/p>\n<p>Custom Glass Bottle For Spirit Packaging:<\/p>\n<ul>\n<li>Art\u00edculo: RS056<\/li>\n<li>Servicio OEM\/ODM para botella de licor de vidrio de 750ml al por mayor<\/li>\n<li>Tap\u00f3n: A rosca o a medida<\/li>\n<li>Peso: 680 g<\/li>\n<li>Altura de la botella: 225 mm<\/li>\n<li>Anchura de la botella: 100 mm<\/li>\n<\/ul>","protected":false},"featured_media":4767,"comment_status":"open","ping_status":"closed","template":"","meta":[],"product_brand":[],"product_cat":[52,55,63],"product_tag":[],"class_list":{"0":"post-791","1":"product","2":"type-product","3":"status-publish","4":"has-post-thumbnail","6":"product_cat-750ml-glass-bottle","7":"product_cat-custom-glass-bottle","8":"product_cat-liquor-bottle","9":"entry","10":"has-media","12":"first","13":"instock","14":"shipping-taxable","15":"product-type-simple"},"yoast_head":"<!-- This site is optimized with the Yoast SEO plugin v27.3 - https:\/\/yoast.com\/product\/yoast-seo-wordpress\/ -->\n<title>Custom Glass Bottles Wholesale | Bulk Alcohol Bottles Factory Outlet<\/title>\n<meta name=\"description\" content=\"Want to buy bulk alcohol bottles factory outlet? Top China Liquor Bottle Manufacturers, Provide Custom Glass Bottles Wholesale Service Here.\" \/>\n<meta name=\"robots\" content=\"index, follow, max-snippet:-1, max-image-preview:large, max-video-preview:-1\" \/>\n<link rel=\"canonical\" href=\"https:\/\/ruishengglassco.com\/product\/rs056-750ml-custom-glass-bottle-manufacturers\" \/>\n<meta property=\"og:locale\" content=\"es_ES\" \/>\n<meta property=\"og:type\" content=\"article\" \/>\n<meta property=\"og:title\" content=\"Custom Glass Bottles Wholesale | Bulk Alcohol Bottles Factory Outlet\" \/>\n<meta property=\"og:description\" content=\"Want to buy bulk alcohol bottles factory outlet? Top China Liquor Bottle Manufacturers, Provide Custom Glass Bottles Wholesale Service Here.\" \/>\n<meta property=\"og:url\" content=\"https:\/\/ruishengglassco.com\/product\/rs056-750ml-custom-glass-bottle-manufacturers\" \/>\n<meta property=\"og:site_name\" content=\"Glass Bottle Wholesale\" \/>\n<meta property=\"article:modified_time\" content=\"2025-07-10T01:36:28+00:00\" \/>\n<meta property=\"og:image\" content=\"https:\/\/glassbottlewholesale.com\/wp-content\/uploads\/2024\/04\/glass-bottle-manufacturing19-1.png\" \/>\n\t<meta property=\"og:image:width\" content=\"800\" \/>\n\t<meta property=\"og:image:height\" content=\"800\" \/>\n\t<meta property=\"og:image:type\" content=\"image\/png\" \/>\n<meta name=\"twitter:card\" content=\"summary_large_image\" \/>\n<meta name=\"twitter:label1\" content=\"Tiempo de lectura\" \/>\n\t<meta name=\"twitter:data1\" content=\"2 minutos\" \/>\n<script type=\"application\/ld+json\" class=\"yoast-schema-graph\">{\"@context\":\"https:\\\/\\\/schema.org\",\"@graph\":[{\"@type\":\"WebPage\",\"@id\":\"https:\\\/\\\/glassbottlewholesale.com\\\/750ml-custom-glass-bottle-wholesale-company\\\/\",\"url\":\"https:\\\/\\\/ruishengglassco.com\\\/product\\\/rs056-750ml-custom-glass-bottle-manufacturers\",\"name\":\"Custom Glass Bottles Wholesale | Bulk Alcohol Bottles Factory Outlet\",\"isPartOf\":{\"@id\":\"https:\\\/\\\/glassbottlewholesale.com\\\/#website\"},\"primaryImageOfPage\":{\"@id\":\"https:\\\/\\\/ruishengglassco.com\\\/product\\\/rs056-750ml-custom-glass-bottle-manufacturers#primaryimage\"},\"image\":{\"@id\":\"https:\\\/\\\/ruishengglassco.com\\\/product\\\/rs056-750ml-custom-glass-bottle-manufacturers#primaryimage\"},\"thumbnailUrl\":\"https:\\\/\\\/glassbottlewholesale.com\\\/wp-content\\\/uploads\\\/2024\\\/04\\\/glass-bottle-manufacturing19-1.png\",\"datePublished\":\"2019-10-18T09:27:45+00:00\",\"dateModified\":\"2025-07-10T01:36:28+00:00\",\"description\":\"Want to buy bulk alcohol bottles factory outlet? Top China Liquor Bottle Manufacturers, Provide Custom Glass Bottles Wholesale Service Here.\",\"breadcrumb\":{\"@id\":\"https:\\\/\\\/ruishengglassco.com\\\/product\\\/rs056-750ml-custom-glass-bottle-manufacturers#breadcrumb\"},\"inLanguage\":\"es\",\"potentialAction\":[{\"@type\":\"ReadAction\",\"target\":[\"https:\\\/\\\/ruishengglassco.com\\\/product\\\/rs056-750ml-custom-glass-bottle-manufacturers\"]}]},{\"@type\":\"ImageObject\",\"inLanguage\":\"es\",\"@id\":\"https:\\\/\\\/ruishengglassco.com\\\/product\\\/rs056-750ml-custom-glass-bottle-manufacturers#primaryimage\",\"url\":\"https:\\\/\\\/glassbottlewholesale.com\\\/wp-content\\\/uploads\\\/2024\\\/04\\\/glass-bottle-manufacturing19-1.png\",\"contentUrl\":\"https:\\\/\\\/glassbottlewholesale.com\\\/wp-content\\\/uploads\\\/2024\\\/04\\\/glass-bottle-manufacturing19-1.png\",\"width\":800,\"height\":800,\"caption\":\"RS045: Wholesale 750ml Glass Bottle With Cork For Spirit\"},{\"@type\":\"BreadcrumbList\",\"@id\":\"https:\\\/\\\/ruishengglassco.com\\\/product\\\/rs056-750ml-custom-glass-bottle-manufacturers#breadcrumb\",\"itemListElement\":[{\"@type\":\"ListItem\",\"position\":1,\"name\":\"Home\",\"item\":\"https:\\\/\\\/glassbottlewholesale.com\\\/\"},{\"@type\":\"ListItem\",\"position\":2,\"name\":\"Products\",\"item\":\"https:\\\/\\\/glassbottlewholesale.com\\\/shop\\\/\"},{\"@type\":\"ListItem\",\"position\":3,\"name\":\"RS056: 750ml Custom Glass Bottle Wholesale Company\"}]},{\"@type\":\"WebSite\",\"@id\":\"https:\\\/\\\/glassbottlewholesale.com\\\/#website\",\"url\":\"https:\\\/\\\/glassbottlewholesale.com\\\/\",\"name\":\"Glass Bottle Wholesale\",\"description\":\"\",\"publisher\":{\"@id\":\"https:\\\/\\\/glassbottlewholesale.com\\\/#organization\"},\"potentialAction\":[{\"@type\":\"SearchAction\",\"target\":{\"@type\":\"EntryPoint\",\"urlTemplate\":\"https:\\\/\\\/glassbottlewholesale.com\\\/?s={search_term_string}\"},\"query-input\":{\"@type\":\"PropertyValueSpecification\",\"valueRequired\":true,\"valueName\":\"search_term_string\"}}],\"inLanguage\":\"es\"},{\"@type\":\"Organization\",\"@id\":\"https:\\\/\\\/glassbottlewholesale.com\\\/#organization\",\"name\":\"Glass Bottle Wholesale\",\"url\":\"https:\\\/\\\/glassbottlewholesale.com\\\/\",\"logo\":{\"@type\":\"ImageObject\",\"inLanguage\":\"es\",\"@id\":\"https:\\\/\\\/glassbottlewholesale.com\\\/#\\\/schema\\\/logo\\\/image\\\/\",\"url\":\"https:\\\/\\\/glassbottlewholesale.com\\\/wp-content\\\/uploads\\\/2023\\\/12\\\/ruisheng-logo.webp\",\"contentUrl\":\"https:\\\/\\\/glassbottlewholesale.com\\\/wp-content\\\/uploads\\\/2023\\\/12\\\/ruisheng-logo.webp\",\"width\":400,\"height\":233,\"caption\":\"Glass Bottle Wholesale\"},\"image\":{\"@id\":\"https:\\\/\\\/glassbottlewholesale.com\\\/#\\\/schema\\\/logo\\\/image\\\/\"}}]}<\/script>\n<!-- \/ Yoast SEO plugin. -->","yoast_head_json":{"title":"Custom Glass Bottles Wholesale | Bulk Alcohol Bottles Factory Outlet","description":"Want to buy bulk alcohol bottles factory outlet? Top China Liquor Bottle Manufacturers, Provide Custom Glass Bottles Wholesale Service Here.","robots":{"index":"index","follow":"follow","max-snippet":"max-snippet:-1","max-image-preview":"max-image-preview:large","max-video-preview":"max-video-preview:-1"},"canonical":"https:\/\/ruishengglassco.com\/product\/rs056-750ml-custom-glass-bottle-manufacturers","og_locale":"es_ES","og_type":"article","og_title":"Custom Glass Bottles Wholesale | Bulk Alcohol Bottles Factory Outlet","og_description":"Want to buy bulk alcohol bottles factory outlet? Top China Liquor Bottle Manufacturers, Provide Custom Glass Bottles Wholesale Service Here.","og_url":"https:\/\/ruishengglassco.com\/product\/rs056-750ml-custom-glass-bottle-manufacturers","og_site_name":"Glass Bottle Wholesale","article_modified_time":"2025-07-10T01:36:28+00:00","og_image":[{"width":800,"height":800,"url":"https:\/\/glassbottlewholesale.com\/wp-content\/uploads\/2024\/04\/glass-bottle-manufacturing19-1.png","type":"image\/png"}],"twitter_card":"summary_large_image","twitter_misc":{"Tiempo de lectura":"2 minutos"},"schema":{"@context":"https:\/\/schema.org","@graph":[{"@type":"WebPage","@id":"https:\/\/glassbottlewholesale.com\/750ml-custom-glass-bottle-wholesale-company\/","url":"https:\/\/ruishengglassco.com\/product\/rs056-750ml-custom-glass-bottle-manufacturers","name":"Custom Glass Bottles Wholesale | Bulk Alcohol Bottles Factory Outlet","isPartOf":{"@id":"https:\/\/glassbottlewholesale.com\/#website"},"primaryImageOfPage":{"@id":"https:\/\/ruishengglassco.com\/product\/rs056-750ml-custom-glass-bottle-manufacturers#primaryimage"},"image":{"@id":"https:\/\/ruishengglassco.com\/product\/rs056-750ml-custom-glass-bottle-manufacturers#primaryimage"},"thumbnailUrl":"https:\/\/glassbottlewholesale.com\/wp-content\/uploads\/2024\/04\/glass-bottle-manufacturing19-1.png","datePublished":"2019-10-18T09:27:45+00:00","dateModified":"2025-07-10T01:36:28+00:00","description":"Want to buy bulk alcohol bottles factory outlet? Top China Liquor Bottle Manufacturers, Provide Custom Glass Bottles Wholesale Service Here.","breadcrumb":{"@id":"https:\/\/ruishengglassco.com\/product\/rs056-750ml-custom-glass-bottle-manufacturers#breadcrumb"},"inLanguage":"es","potentialAction":[{"@type":"ReadAction","target":["https:\/\/ruishengglassco.com\/product\/rs056-750ml-custom-glass-bottle-manufacturers"]}]},{"@type":"ImageObject","inLanguage":"es","@id":"https:\/\/ruishengglassco.com\/product\/rs056-750ml-custom-glass-bottle-manufacturers#primaryimage","url":"https:\/\/glassbottlewholesale.com\/wp-content\/uploads\/2024\/04\/glass-bottle-manufacturing19-1.png","contentUrl":"https:\/\/glassbottlewholesale.com\/wp-content\/uploads\/2024\/04\/glass-bottle-manufacturing19-1.png","width":800,"height":800,"caption":"RS045: Wholesale 750ml Glass Bottle With Cork For Spirit"},{"@type":"BreadcrumbList","@id":"https:\/\/ruishengglassco.com\/product\/rs056-750ml-custom-glass-bottle-manufacturers#breadcrumb","itemListElement":[{"@type":"ListItem","position":1,"name":"Home","item":"https:\/\/glassbottlewholesale.com\/"},{"@type":"ListItem","position":2,"name":"Products","item":"https:\/\/glassbottlewholesale.com\/shop\/"},{"@type":"ListItem","position":3,"name":"RS056: 750ml Custom Glass Bottle Wholesale Company"}]},{"@type":"WebSite","@id":"https:\/\/glassbottlewholesale.com\/#website","url":"https:\/\/glassbottlewholesale.com\/","name":"Glass Bottle Wholesale","description":"","publisher":{"@id":"https:\/\/glassbottlewholesale.com\/#organization"},"potentialAction":[{"@type":"SearchAction","target":{"@type":"EntryPoint","urlTemplate":"https:\/\/glassbottlewholesale.com\/?s={search_term_string}"},"query-input":{"@type":"PropertyValueSpecification","valueRequired":true,"valueName":"search_term_string"}}],"inLanguage":"es"},{"@type":"Organization","@id":"https:\/\/glassbottlewholesale.com\/#organization","name":"Glass Bottle Wholesale","url":"https:\/\/glassbottlewholesale.com\/","logo":{"@type":"ImageObject","inLanguage":"es","@id":"https:\/\/glassbottlewholesale.com\/#\/schema\/logo\/image\/","url":"https:\/\/glassbottlewholesale.com\/wp-content\/uploads\/2023\/12\/ruisheng-logo.webp","contentUrl":"https:\/\/glassbottlewholesale.com\/wp-content\/uploads\/2023\/12\/ruisheng-logo.webp","width":400,"height":233,"caption":"Glass Bottle Wholesale"},"image":{"@id":"https:\/\/glassbottlewholesale.com\/#\/schema\/logo\/image\/"}}]}},"_links":{"self":[{"href":"https:\/\/glassbottlewholesale.com\/es\/wp-json\/wp\/v2\/product\/791","targetHints":{"allow":["GET"]}}],"collection":[{"href":"https:\/\/glassbottlewholesale.com\/es\/wp-json\/wp\/v2\/product"}],"about":[{"href":"https:\/\/glassbottlewholesale.com\/es\/wp-json\/wp\/v2\/types\/product"}],"replies":[{"embeddable":true,"href":"https:\/\/glassbottlewholesale.com\/es\/wp-json\/wp\/v2\/comments?post=791"}],"wp:featuredmedia":[{"embeddable":true,"href":"https:\/\/glassbottlewholesale.com\/es\/wp-json\/wp\/v2\/media\/4767"}],"wp:attachment":[{"href":"https:\/\/glassbottlewholesale.com\/es\/wp-json\/wp\/v2\/media?parent=791"}],"wp:term":[{"taxonomy":"product_brand","embeddable":true,"href":"https:\/\/glassbottlewholesale.com\/es\/wp-json\/wp\/v2\/product_brand?post=791"},{"taxonomy":"product_cat","embeddable":true,"href":"https:\/\/glassbottlewholesale.com\/es\/wp-json\/wp\/v2\/product_cat?post=791"},{"taxonomy":"product_tag","embeddable":true,"href":"https:\/\/glassbottlewholesale.com\/es\/wp-json\/wp\/v2\/product_tag?post=791"}],"curies":[{"name":"wp","href":"https:\/\/api.w.org\/{rel}","templated":true}]}}