{"id":911,"date":"2019-10-22T07:23:48","date_gmt":"2019-10-22T07:23:48","guid":{"rendered":"https:\/\/queenchingglass.com\/?page_id=911"},"modified":"2019-10-24T03:40:12","modified_gmt":"2019-10-24T03:40:12","slug":"absinthe","status":"publish","type":"page","link":"https:\/\/glassbottlewholesale.com\/fr\/absinthe\/","title":{"rendered":"Bouteilles d&#039;absinthe"},"content":{"rendered":"<div class=\"wpb-content-wrapper\"><div class=\"vc_row wpb_row vc_row-fluid\"><div class=\"wpb_column vc_column_container vc_col-sm-12\"><div class=\"vc_column-inner\"><div class=\"wpb_wrapper\">\n\t<div class=\"wpb_text_column wpb_content_element\" >\n\t\t<div class=\"wpb_wrapper\">\n\t\t\t<div class=\"tax-description clearfix\">\n<h2 style=\"text-align: center;\">Demandez le prix de gros d\u2019une bouteille d\u2019absinthe \u00e0 partir d\u2019une bouteille en verre RS<\/h2>\n<p>Vous cherchez o\u00f9 acheter des bouteilles d\u2019absinthe ? Demandez maintenant le prix de gros des bouteilles d&#039;absinthe aupr\u00e8s du fabricant chinois de bouteilles d&#039;alcool en verre. <a href=\"https:\/\/glassbottlewholesale.com\/fr\/about-us\/\">RS<\/a>, un fabricant et fournisseur professionnel de bouteilles en verre, propose des bouteilles d&#039;absinthe depuis plus de 10 ans pour les meilleures marques, entreprises, fournisseurs ou magasins de bouteilles d&#039;absinthe.<\/p>\n<h4>D\u00e9tails sur la bouteille d&#039;alcool d&#039;absinthe<\/h4>\n<ul>\n<li>Nom : Bouteille d&#039;absinthe ou bouteille de vermouth<\/li>\n<li><strong>Quantit\u00e9 minimale de commande\u00a0: 10000\u00a0pi\u00e8ces<\/strong><\/li>\n<li>Mat\u00e9riau : verres \u00e0 haute teneur en silex.<\/li>\n<li>Taille : de la petite bouteille d&#039;absinthe de 50 ml, 100 ml, 250 ml, 350 ml, 500 ml, 700 ml, 750 ml, 1000 ml, \u00e0 la grande bouteille de 1500 ml, etc.<\/li>\n<li>Forme : bouteille d&#039;absinthe ronde, bouteille d&#039;absinthe carr\u00e9e, bouteille de cr\u00e2ne d&#039;absinthe, forme de bouteille d&#039;absinthe antique, etc.<\/li>\n<li>Couleur : clair, bleu, vert, noir, etc.<\/li>\n<\/ul>\n<p>Notre bouteille d&#039;absinthe vide est sp\u00e9cialement con\u00e7ue pour pr\u00e9senter une liqueur d&#039;absinthe de couleur douce, douce et attrayante. Si vous \u00eates int\u00e9ress\u00e9 par le co\u00fbt de l&#039;absinthe par bouteille, veuillez <a href=\"https:\/\/glassbottlewholesale.com\/fr\/contact-us\/\">laisser un message<\/a> pour que nous puissions vendre une bouteille d&#039;absinthe.<\/p>\n<\/div>\n\n\t\t<\/div>\n\t<\/div>\n<div class=\"vc_separator wpb_content_element vc_separator_align_center vc_sep_width_100 vc_sep_border_width_2 vc_sep_pos_align_center vc_separator_no_text vc_sep_color_grey vc_custom_1571730550624 wpb_content_element  vc_custom_1571730550624 wpb_content_element\" ><span class=\"vc_sep_holder vc_sep_holder_l\"><span class=\"vc_sep_line\"><\/span><\/span><span class=\"vc_sep_holder vc_sep_holder_r\"><span class=\"vc_sep_line\"><\/span><\/span>\n<\/div><div class=\"vc_separator wpb_content_element vc_separator_align_center vc_sep_width_100 vc_sep_border_width_2 vc_sep_pos_align_center vc_separator_no_text vc_sep_color_grey vc_custom_1571730561783 wpb_content_element  vc_custom_1571730561783 wpb_content_element\" ><span class=\"vc_sep_holder vc_sep_holder_l\"><span class=\"vc_sep_line\"><\/span><\/span><span class=\"vc_sep_holder vc_sep_holder_r\"><span class=\"vc_sep_line\"><\/span><\/span>\n<\/div><\/div><\/div><\/div><\/div><div class=\"vc_row wpb_row vc_row-fluid\"><div class=\"wpb_column vc_column_container vc_col-sm-12\"><div class=\"vc_column-inner\"><div class=\"wpb_wrapper\"><div class=\"woocommerce columns-4\">\n\t<ul class=\"products wpex-grid wpex-grid-cols-4 wpex-tp-grid-cols-2 wpex-pp-grid-cols-1 wpex-gap-20 wpex-clear\">\n\n<li class=\"entry has-media product type-product post-513 status-publish first instock product_cat-1000ml-glass-bottle product_cat-absinthe-bottle product_cat-gin-bottle has-post-thumbnail shipping-taxable product-type-simple\">\n\t<div class=\"product-inner wpex-flex wpex-flex-col wpex-flex-grow wpex-relative\"><div class=\"wpex-loop-product-images wpex-overflow-hidden wpex-relative\"><a href=\"https:\/\/glassbottlewholesale.com\/fr\/1000ml-clear-glass-bottles-with-stoppers-wholesale\/\" class=\"woocommerce-LoopProduct-link woocommerce-loop-product__link\">\n\t<img width=\"800\" height=\"800\" src=\"https:\/\/glassbottlewholesale.com\/wp-content\/uploads\/2024\/01\/1000ml-KS-round-glass-bottle.jpg\" class=\"woo-entry-image-main wp-post-image\" alt=\"RS097\u00a0:\u00a0bouteilles en verre transparent de 1000\u00a0ml en gros avec bouchons\" loading=\"lazy\" decoding=\"async\" srcset=\"https:\/\/glassbottlewholesale.com\/wp-content\/uploads\/2024\/01\/1000ml-KS-round-glass-bottle.jpg 800w, https:\/\/glassbottlewholesale.com\/wp-content\/uploads\/2024\/01\/1000ml-KS-round-glass-bottle-300x300.jpg 300w, https:\/\/glassbottlewholesale.com\/wp-content\/uploads\/2024\/01\/1000ml-KS-round-glass-bottle-150x150.jpg 150w, https:\/\/glassbottlewholesale.com\/wp-content\/uploads\/2024\/01\/1000ml-KS-round-glass-bottle-768x768.jpg 768w, https:\/\/glassbottlewholesale.com\/wp-content\/uploads\/2024\/01\/1000ml-KS-round-glass-bottle-600x600.jpg 600w, https:\/\/glassbottlewholesale.com\/wp-content\/uploads\/2024\/01\/1000ml-KS-round-glass-bottle-100x100.jpg 100w, https:\/\/glassbottlewholesale.com\/wp-content\/uploads\/2024\/01\/1000ml-KS-round-glass-bottle-125x125.jpg 125w, https:\/\/glassbottlewholesale.com\/wp-content\/uploads\/2024\/01\/1000ml-KS-round-glass-bottle-125x125@2x.jpg 250w\" sizes=\"auto, (max-width: 800px) 100vw, 800px\" \/>\n<\/a>\t\t<div class=\"wpex-loop-product-add-to-cart wpex-absolute wpex-bottom-0 wpex-left-0 wpex-right-0 wpex-text-center wpex-transition-all wpex-duration-250 wpex-z-2 wpex-translate-y-100\"><a href=\"https:\/\/glassbottlewholesale.com\/fr\/1000ml-clear-glass-bottles-with-stoppers-wholesale\/\" aria-describedby=\"woocommerce_loop_add_to_cart_link_describedby_513\" data-quantity=\"1\" class=\"button product_type_simple\" data-product_id=\"513\" data-product_sku=\"\" aria-label=\"En savoir plus sur \u201cRS097:1000ml Clear Glass Bottles Wholesale With Stoppers\u201d\" rel=\"nofollow\" data-success_message=\"\" data-no-translation-aria-label=\"\">Lire la suite<span class=\"wpex-woocommerce-add-to-cart-button-loader wpex-inline-block wpex-w-0 wpex-invisible wpex-opacity-0\"><span class=\"ticon-spin ticon ticon-spinner\" aria-hidden=\"true\"><\/span><\/span><\/a>\t<span id=\"woocommerce_loop_add_to_cart_link_describedby_513\" class=\"screen-reader-text\">\n\t\t\t<\/span>\n<\/div>\n\t<\/div><div class=\"product-details wpex-pt-15\"><a href=\"https:\/\/glassbottlewholesale.com\/fr\/1000ml-clear-glass-bottles-with-stoppers-wholesale\/\"><h2 class=\"woocommerce-loop-product__title\">RS097\u00a0:\u00a0bouteilles en verre transparent de 1000\u00a0ml en gros avec bouchons<\/h2><\/a>\n<\/div><\/div><\/li>\n<li class=\"entry has-media product type-product post-405 status-publish instock product_cat-50ml-glass-bottle product_cat-absinthe-bottle has-post-thumbnail shipping-taxable product-type-simple\">\n\t<div class=\"product-inner wpex-flex wpex-flex-col wpex-flex-grow wpex-relative\"><div class=\"wpex-loop-product-images wpex-overflow-hidden wpex-relative\"><a href=\"https:\/\/glassbottlewholesale.com\/fr\/mini-bouteille-dabsinthe-50ml-personnalisee-en-gros\/\" class=\"woocommerce-LoopProduct-link woocommerce-loop-product__link\">\n\t<img width=\"800\" height=\"800\" src=\"https:\/\/glassbottlewholesale.com\/wp-content\/uploads\/2019\/10\/R25-glassbottle.jpg\" class=\"woo-entry-image-main wp-post-image\" alt=\"RS140\u00a0: Mini bouteille d&#039;absinthe personnalis\u00e9e de 50\u00a0ml en gros\" loading=\"lazy\" decoding=\"async\" srcset=\"https:\/\/glassbottlewholesale.com\/wp-content\/uploads\/2019\/10\/R25-glassbottle.jpg 800w, https:\/\/glassbottlewholesale.com\/wp-content\/uploads\/2019\/10\/R25-glassbottle-300x300.jpg 300w, https:\/\/glassbottlewholesale.com\/wp-content\/uploads\/2019\/10\/R25-glassbottle-150x150.jpg 150w, https:\/\/glassbottlewholesale.com\/wp-content\/uploads\/2019\/10\/R25-glassbottle-768x768.jpg 768w, https:\/\/glassbottlewholesale.com\/wp-content\/uploads\/2019\/10\/R25-glassbottle-600x600.jpg 600w, https:\/\/glassbottlewholesale.com\/wp-content\/uploads\/2019\/10\/R25-glassbottle-100x100.jpg 100w, https:\/\/glassbottlewholesale.com\/wp-content\/uploads\/2019\/10\/R25-glassbottle-125x125.jpg 125w, https:\/\/glassbottlewholesale.com\/wp-content\/uploads\/2019\/10\/R25-glassbottle-125x125@2x.jpg 250w\" sizes=\"auto, (max-width: 800px) 100vw, 800px\" \/>\n<\/a>\t\t<div class=\"wpex-loop-product-add-to-cart wpex-absolute wpex-bottom-0 wpex-left-0 wpex-right-0 wpex-text-center wpex-transition-all wpex-duration-250 wpex-z-2 wpex-translate-y-100\"><a href=\"https:\/\/glassbottlewholesale.com\/fr\/mini-bouteille-dabsinthe-50ml-personnalisee-en-gros\/\" aria-describedby=\"woocommerce_loop_add_to_cart_link_describedby_405\" data-quantity=\"1\" class=\"button product_type_simple\" data-product_id=\"405\" data-product_sku=\"\" aria-label=\"En savoir plus sur \u201cRS140: Custom 50ml Absinthe Mini Bottle Wholesale\u201d\" rel=\"nofollow\" data-success_message=\"\" data-no-translation-aria-label=\"\">Lire la suite<span class=\"wpex-woocommerce-add-to-cart-button-loader wpex-inline-block wpex-w-0 wpex-invisible wpex-opacity-0\"><span class=\"ticon-spin ticon ticon-spinner\" aria-hidden=\"true\"><\/span><\/span><\/a>\t<span id=\"woocommerce_loop_add_to_cart_link_describedby_405\" class=\"screen-reader-text\">\n\t\t\t<\/span>\n<\/div>\n\t<\/div><div class=\"product-details wpex-pt-15\"><a href=\"https:\/\/glassbottlewholesale.com\/fr\/mini-bouteille-dabsinthe-50ml-personnalisee-en-gros\/\"><h2 class=\"woocommerce-loop-product__title\">RS140\u00a0: Mini bouteille d&#039;absinthe personnalis\u00e9e de 50\u00a0ml en gros<\/h2><\/a>\n<\/div><\/div><\/li>\n<li class=\"entry has-media product type-product post-393 status-publish instock product_cat-500ml-glass-bottle product_cat-absinthe-bottle product_cat-vodka-bottle has-post-thumbnail shipping-taxable product-type-simple\">\n\t<div class=\"product-inner wpex-flex wpex-flex-col wpex-flex-grow wpex-relative\"><div class=\"wpex-loop-product-images wpex-overflow-hidden wpex-relative\"><a href=\"https:\/\/glassbottlewholesale.com\/fr\/buy-500ml-glass-bottles-in-bulk\/\" class=\"woocommerce-LoopProduct-link woocommerce-loop-product__link\">\n\t<img width=\"350\" height=\"350\" src=\"https:\/\/glassbottlewholesale.com\/wp-content\/uploads\/2019\/10\/tupian9.jpg\" class=\"woo-entry-image-main wp-post-image\" alt=\"RS142\u00a0: Achetez des bouteilles en verre de 500 ml en vrac aupr\u00e8s d&#039;un fabricant chinois\" loading=\"lazy\" decoding=\"async\" srcset=\"https:\/\/glassbottlewholesale.com\/wp-content\/uploads\/2019\/10\/tupian9.jpg 350w, https:\/\/glassbottlewholesale.com\/wp-content\/uploads\/2019\/10\/tupian9-150x150.jpg 150w, https:\/\/glassbottlewholesale.com\/wp-content\/uploads\/2019\/10\/tupian9-300x300.jpg 300w, https:\/\/glassbottlewholesale.com\/wp-content\/uploads\/2019\/10\/tupian9-100x100.jpg 100w, https:\/\/glassbottlewholesale.com\/wp-content\/uploads\/2019\/10\/tupian9-125x125.jpg 125w, https:\/\/glassbottlewholesale.com\/wp-content\/uploads\/2019\/10\/tupian9-125x125@2x.jpg 250w\" sizes=\"auto, (max-width: 350px) 100vw, 350px\" \/>\n<\/a>\t\t<div class=\"wpex-loop-product-add-to-cart wpex-absolute wpex-bottom-0 wpex-left-0 wpex-right-0 wpex-text-center wpex-transition-all wpex-duration-250 wpex-z-2 wpex-translate-y-100\"><a href=\"https:\/\/glassbottlewholesale.com\/fr\/buy-500ml-glass-bottles-in-bulk\/\" aria-describedby=\"woocommerce_loop_add_to_cart_link_describedby_393\" data-quantity=\"1\" class=\"button product_type_simple\" data-product_id=\"393\" data-product_sku=\"\" aria-label=\"En savoir plus sur \u201cRS142: Buy 500ml Glass Bottles In Bulk From China Manufacturer\u201d\" rel=\"nofollow\" data-success_message=\"\" data-no-translation-aria-label=\"\">Lire la suite<span class=\"wpex-woocommerce-add-to-cart-button-loader wpex-inline-block wpex-w-0 wpex-invisible wpex-opacity-0\"><span class=\"ticon-spin ticon ticon-spinner\" aria-hidden=\"true\"><\/span><\/span><\/a>\t<span id=\"woocommerce_loop_add_to_cart_link_describedby_393\" class=\"screen-reader-text\">\n\t\t\t<\/span>\n<\/div>\n\t<\/div><div class=\"product-details wpex-pt-15\"><a href=\"https:\/\/glassbottlewholesale.com\/fr\/buy-500ml-glass-bottles-in-bulk\/\"><h2 class=\"woocommerce-loop-product__title\">RS142\u00a0: Achetez des bouteilles en verre de 500 ml en vrac aupr\u00e8s d&#039;un fabricant chinois<\/h2><\/a>\n<\/div><\/div><\/li>\n<li class=\"entry has-media product type-product post-398 status-publish last instock product_cat-750ml-glass-bottle product_cat-absinthe-bottle has-post-thumbnail shipping-taxable product-type-simple\">\n\t<div class=\"product-inner wpex-flex wpex-flex-col wpex-flex-grow wpex-relative\"><div class=\"wpex-loop-product-images wpex-overflow-hidden wpex-relative\"><a href=\"https:\/\/glassbottlewholesale.com\/fr\/bouteille-de-liqueur-en-verre-de-750-ml-vente-en-gros\/\" class=\"woocommerce-LoopProduct-link woocommerce-loop-product__link\">\n\t<img width=\"800\" height=\"800\" src=\"https:\/\/glassbottlewholesale.com\/wp-content\/uploads\/2024\/04\/glass-bottle-manufacturing15-1.png\" class=\"woo-entry-image-main wp-post-image\" alt=\"RS141 : Bouteille de liqueur en verre 750ml de Chine Wholesale\" loading=\"lazy\" decoding=\"async\" srcset=\"https:\/\/glassbottlewholesale.com\/wp-content\/uploads\/2024\/04\/glass-bottle-manufacturing15-1.png 800w, https:\/\/glassbottlewholesale.com\/wp-content\/uploads\/2024\/04\/glass-bottle-manufacturing15-1-300x300.png 300w, https:\/\/glassbottlewholesale.com\/wp-content\/uploads\/2024\/04\/glass-bottle-manufacturing15-1-150x150.png 150w, https:\/\/glassbottlewholesale.com\/wp-content\/uploads\/2024\/04\/glass-bottle-manufacturing15-1-768x768.png 768w, https:\/\/glassbottlewholesale.com\/wp-content\/uploads\/2024\/04\/glass-bottle-manufacturing15-1-600x600.png 600w, https:\/\/glassbottlewholesale.com\/wp-content\/uploads\/2024\/04\/glass-bottle-manufacturing15-1-100x100.png 100w, https:\/\/glassbottlewholesale.com\/wp-content\/uploads\/2024\/04\/glass-bottle-manufacturing15-1-125x125.png 125w, https:\/\/glassbottlewholesale.com\/wp-content\/uploads\/2024\/04\/glass-bottle-manufacturing15-1-125x125@2x.png 250w\" sizes=\"auto, (max-width: 800px) 100vw, 800px\" \/>\n<\/a>\t\t<div class=\"wpex-loop-product-add-to-cart wpex-absolute wpex-bottom-0 wpex-left-0 wpex-right-0 wpex-text-center wpex-transition-all wpex-duration-250 wpex-z-2 wpex-translate-y-100\"><a href=\"https:\/\/glassbottlewholesale.com\/fr\/bouteille-de-liqueur-en-verre-de-750-ml-vente-en-gros\/\" aria-describedby=\"woocommerce_loop_add_to_cart_link_describedby_398\" data-quantity=\"1\" class=\"button product_type_simple\" data-product_id=\"398\" data-product_sku=\"\" aria-label=\"En savoir plus sur \u201cRS141: China 750ml Glass Liquor Bottle Wholesale\u201d\" rel=\"nofollow\" data-success_message=\"\" data-no-translation-aria-label=\"\">Lire la suite<span class=\"wpex-woocommerce-add-to-cart-button-loader wpex-inline-block wpex-w-0 wpex-invisible wpex-opacity-0\"><span class=\"ticon-spin ticon ticon-spinner\" aria-hidden=\"true\"><\/span><\/span><\/a>\t<span id=\"woocommerce_loop_add_to_cart_link_describedby_398\" class=\"screen-reader-text\">\n\t\t\t<\/span>\n<\/div>\n\t<\/div><div class=\"product-details wpex-pt-15\"><a href=\"https:\/\/glassbottlewholesale.com\/fr\/bouteille-de-liqueur-en-verre-de-750-ml-vente-en-gros\/\"><h2 class=\"woocommerce-loop-product__title\">RS141 : Bouteille de liqueur en verre 750ml de Chine Wholesale<\/h2><\/a>\n<\/div><\/div><\/li>\n<li class=\"entry has-media product type-product post-395 status-publish first instock product_cat-700ml-glass-bottle product_cat-750ml-glass-bottle product_cat-absinthe-bottle product_cat-liquor-bottle has-post-thumbnail shipping-taxable product-type-simple\">\n\t<div class=\"product-inner wpex-flex wpex-flex-col wpex-flex-grow wpex-relative\"><div class=\"wpex-loop-product-images wpex-overflow-hidden wpex-relative\"><a href=\"https:\/\/glassbottlewholesale.com\/fr\/700ml-750ml-glass-spirit-bottles-wholesale-with-caps\/\" class=\"woocommerce-LoopProduct-link woocommerce-loop-product__link\">\n\t<img width=\"800\" height=\"800\" src=\"https:\/\/glassbottlewholesale.com\/wp-content\/uploads\/2023\/12\/long-glass-bottleIMG_7112-1.jpg\" class=\"woo-entry-image-main wp-post-image\" alt=\"RS054\u00a0:\u00a0700 ml 750 ml bouteilles d&#039;alcool en verre en gros avec bouchons\" loading=\"lazy\" decoding=\"async\" srcset=\"https:\/\/glassbottlewholesale.com\/wp-content\/uploads\/2023\/12\/long-glass-bottleIMG_7112-1.jpg 800w, https:\/\/glassbottlewholesale.com\/wp-content\/uploads\/2023\/12\/long-glass-bottleIMG_7112-1-300x300.jpg 300w, https:\/\/glassbottlewholesale.com\/wp-content\/uploads\/2023\/12\/long-glass-bottleIMG_7112-1-150x150.jpg 150w, https:\/\/glassbottlewholesale.com\/wp-content\/uploads\/2023\/12\/long-glass-bottleIMG_7112-1-768x768.jpg 768w, https:\/\/glassbottlewholesale.com\/wp-content\/uploads\/2023\/12\/long-glass-bottleIMG_7112-1-600x600.jpg 600w, https:\/\/glassbottlewholesale.com\/wp-content\/uploads\/2023\/12\/long-glass-bottleIMG_7112-1-100x100.jpg 100w, https:\/\/glassbottlewholesale.com\/wp-content\/uploads\/2023\/12\/long-glass-bottleIMG_7112-1-125x125.jpg 125w, https:\/\/glassbottlewholesale.com\/wp-content\/uploads\/2023\/12\/long-glass-bottleIMG_7112-1-125x125@2x.jpg 250w\" sizes=\"auto, (max-width: 800px) 100vw, 800px\" \/>\n<\/a>\t\t<div class=\"wpex-loop-product-add-to-cart wpex-absolute wpex-bottom-0 wpex-left-0 wpex-right-0 wpex-text-center wpex-transition-all wpex-duration-250 wpex-z-2 wpex-translate-y-100\"><a href=\"https:\/\/glassbottlewholesale.com\/fr\/700ml-750ml-glass-spirit-bottles-wholesale-with-caps\/\" aria-describedby=\"woocommerce_loop_add_to_cart_link_describedby_395\" data-quantity=\"1\" class=\"button product_type_simple\" data-product_id=\"395\" data-product_sku=\"\" aria-label=\"En savoir plus sur \u201cRS054: 700ml 750ml Glass Spirit Bottles Wholesale With Caps\u201d\" rel=\"nofollow\" data-success_message=\"\" data-no-translation-aria-label=\"\">Lire la suite<span class=\"wpex-woocommerce-add-to-cart-button-loader wpex-inline-block wpex-w-0 wpex-invisible wpex-opacity-0\"><span class=\"ticon-spin ticon ticon-spinner\" aria-hidden=\"true\"><\/span><\/span><\/a>\t<span id=\"woocommerce_loop_add_to_cart_link_describedby_395\" class=\"screen-reader-text\">\n\t\t\t<\/span>\n<\/div>\n\t<\/div><div class=\"product-details wpex-pt-15\"><a href=\"https:\/\/glassbottlewholesale.com\/fr\/700ml-750ml-glass-spirit-bottles-wholesale-with-caps\/\"><h2 class=\"woocommerce-loop-product__title\">RS054\u00a0:\u00a0700 ml 750 ml bouteilles d&#039;alcool en verre en gros avec bouchons<\/h2><\/a>\n<\/div><\/div><\/li>\n<\/ul>\n<\/div><\/div><\/div><\/div><\/div>\n<\/div>","protected":false},"excerpt":{"rendered":"Ask Wholesale Absinthe Bottle Price From RS Glass Bottle Are you searching for where to buy absinthe bottles? Now ask wholesale absinthe bottle price from China glass liquor bottles manufacturer. RS, a professional glass bottle manufacturer&amp;supplier, has been offered absinthe bottle for over 10 years for top absinthe brand, company, supplier, or bottle store. Details&hellip;","protected":false},"author":3,"featured_media":0,"parent":0,"menu_order":0,"comment_status":"closed","ping_status":"closed","template":"templates\/no-sidebar.php","meta":{"footnotes":""},"class_list":["post-911","page","type-page","status-publish","hentry","entry","no-media"],"yoast_head":"<!-- This site is optimized with the Yoast SEO plugin v27.3 - https:\/\/yoast.com\/product\/yoast-seo-wordpress\/ -->\n<title>Absinthe Bottles - Glass Bottle Wholesale<\/title>\n<meta name=\"robots\" content=\"index, follow, max-snippet:-1, max-image-preview:large, max-video-preview:-1\" \/>\n<link rel=\"canonical\" href=\"https:\/\/glassbottlewholesale.com\/fr\/absinthe\/\" \/>\n<meta property=\"og:locale\" content=\"fr_FR\" \/>\n<meta property=\"og:type\" content=\"article\" \/>\n<meta property=\"og:title\" content=\"Absinthe Bottles - Glass Bottle Wholesale\" \/>\n<meta property=\"og:url\" content=\"https:\/\/glassbottlewholesale.com\/fr\/absinthe\/\" \/>\n<meta property=\"og:site_name\" content=\"Glass Bottle Wholesale\" \/>\n<meta property=\"article:modified_time\" content=\"2019-10-24T03:40:12+00:00\" \/>\n<meta name=\"twitter:card\" content=\"summary_large_image\" \/>\n<meta name=\"twitter:label1\" content=\"Dur\u00e9e de lecture estim\u00e9e\" \/>\n\t<meta name=\"twitter:data1\" content=\"1 minute\" \/>\n<script type=\"application\/ld+json\" class=\"yoast-schema-graph\">{\"@context\":\"https:\\\/\\\/schema.org\",\"@graph\":[{\"@type\":\"WebPage\",\"@id\":\"https:\\\/\\\/glassbottlewholesale.com\\\/absinthe\\\/\",\"url\":\"https:\\\/\\\/glassbottlewholesale.com\\\/absinthe\\\/\",\"name\":\"Absinthe Bottles - Glass Bottle Wholesale\",\"isPartOf\":{\"@id\":\"https:\\\/\\\/glassbottlewholesale.com\\\/#website\"},\"datePublished\":\"2019-10-22T07:23:48+00:00\",\"dateModified\":\"2019-10-24T03:40:12+00:00\",\"breadcrumb\":{\"@id\":\"https:\\\/\\\/glassbottlewholesale.com\\\/absinthe\\\/#breadcrumb\"},\"inLanguage\":\"fr-FR\",\"potentialAction\":[{\"@type\":\"ReadAction\",\"target\":[\"https:\\\/\\\/glassbottlewholesale.com\\\/absinthe\\\/\"]}]},{\"@type\":\"BreadcrumbList\",\"@id\":\"https:\\\/\\\/glassbottlewholesale.com\\\/absinthe\\\/#breadcrumb\",\"itemListElement\":[{\"@type\":\"ListItem\",\"position\":1,\"name\":\"Home\",\"item\":\"https:\\\/\\\/glassbottlewholesale.com\\\/\"},{\"@type\":\"ListItem\",\"position\":2,\"name\":\"Absinthe Bottles\"}]},{\"@type\":\"WebSite\",\"@id\":\"https:\\\/\\\/glassbottlewholesale.com\\\/#website\",\"url\":\"https:\\\/\\\/glassbottlewholesale.com\\\/\",\"name\":\"Glass Bottle Wholesale\",\"description\":\"\",\"publisher\":{\"@id\":\"https:\\\/\\\/glassbottlewholesale.com\\\/#organization\"},\"potentialAction\":[{\"@type\":\"SearchAction\",\"target\":{\"@type\":\"EntryPoint\",\"urlTemplate\":\"https:\\\/\\\/glassbottlewholesale.com\\\/?s={search_term_string}\"},\"query-input\":{\"@type\":\"PropertyValueSpecification\",\"valueRequired\":true,\"valueName\":\"search_term_string\"}}],\"inLanguage\":\"fr-FR\"},{\"@type\":\"Organization\",\"@id\":\"https:\\\/\\\/glassbottlewholesale.com\\\/#organization\",\"name\":\"Glass Bottle Wholesale\",\"url\":\"https:\\\/\\\/glassbottlewholesale.com\\\/\",\"logo\":{\"@type\":\"ImageObject\",\"inLanguage\":\"fr-FR\",\"@id\":\"https:\\\/\\\/glassbottlewholesale.com\\\/#\\\/schema\\\/logo\\\/image\\\/\",\"url\":\"https:\\\/\\\/glassbottlewholesale.com\\\/wp-content\\\/uploads\\\/2023\\\/12\\\/ruisheng-logo.webp\",\"contentUrl\":\"https:\\\/\\\/glassbottlewholesale.com\\\/wp-content\\\/uploads\\\/2023\\\/12\\\/ruisheng-logo.webp\",\"width\":400,\"height\":233,\"caption\":\"Glass Bottle Wholesale\"},\"image\":{\"@id\":\"https:\\\/\\\/glassbottlewholesale.com\\\/#\\\/schema\\\/logo\\\/image\\\/\"}}]}<\/script>\n<!-- \/ Yoast SEO plugin. -->","yoast_head_json":{"title":"Absinthe Bottles - Glass Bottle Wholesale","robots":{"index":"index","follow":"follow","max-snippet":"max-snippet:-1","max-image-preview":"max-image-preview:large","max-video-preview":"max-video-preview:-1"},"canonical":"https:\/\/glassbottlewholesale.com\/fr\/absinthe\/","og_locale":"fr_FR","og_type":"article","og_title":"Absinthe Bottles - Glass Bottle Wholesale","og_url":"https:\/\/glassbottlewholesale.com\/fr\/absinthe\/","og_site_name":"Glass Bottle Wholesale","article_modified_time":"2019-10-24T03:40:12+00:00","twitter_card":"summary_large_image","twitter_misc":{"Dur\u00e9e de lecture estim\u00e9e":"1 minute"},"schema":{"@context":"https:\/\/schema.org","@graph":[{"@type":"WebPage","@id":"https:\/\/glassbottlewholesale.com\/absinthe\/","url":"https:\/\/glassbottlewholesale.com\/absinthe\/","name":"Absinthe Bottles - Glass Bottle Wholesale","isPartOf":{"@id":"https:\/\/glassbottlewholesale.com\/#website"},"datePublished":"2019-10-22T07:23:48+00:00","dateModified":"2019-10-24T03:40:12+00:00","breadcrumb":{"@id":"https:\/\/glassbottlewholesale.com\/absinthe\/#breadcrumb"},"inLanguage":"fr-FR","potentialAction":[{"@type":"ReadAction","target":["https:\/\/glassbottlewholesale.com\/absinthe\/"]}]},{"@type":"BreadcrumbList","@id":"https:\/\/glassbottlewholesale.com\/absinthe\/#breadcrumb","itemListElement":[{"@type":"ListItem","position":1,"name":"Home","item":"https:\/\/glassbottlewholesale.com\/"},{"@type":"ListItem","position":2,"name":"Absinthe Bottles"}]},{"@type":"WebSite","@id":"https:\/\/glassbottlewholesale.com\/#website","url":"https:\/\/glassbottlewholesale.com\/","name":"Glass Bottle Wholesale","description":"","publisher":{"@id":"https:\/\/glassbottlewholesale.com\/#organization"},"potentialAction":[{"@type":"SearchAction","target":{"@type":"EntryPoint","urlTemplate":"https:\/\/glassbottlewholesale.com\/?s={search_term_string}"},"query-input":{"@type":"PropertyValueSpecification","valueRequired":true,"valueName":"search_term_string"}}],"inLanguage":"fr-FR"},{"@type":"Organization","@id":"https:\/\/glassbottlewholesale.com\/#organization","name":"Glass Bottle Wholesale","url":"https:\/\/glassbottlewholesale.com\/","logo":{"@type":"ImageObject","inLanguage":"fr-FR","@id":"https:\/\/glassbottlewholesale.com\/#\/schema\/logo\/image\/","url":"https:\/\/glassbottlewholesale.com\/wp-content\/uploads\/2023\/12\/ruisheng-logo.webp","contentUrl":"https:\/\/glassbottlewholesale.com\/wp-content\/uploads\/2023\/12\/ruisheng-logo.webp","width":400,"height":233,"caption":"Glass Bottle Wholesale"},"image":{"@id":"https:\/\/glassbottlewholesale.com\/#\/schema\/logo\/image\/"}}]}},"_links":{"self":[{"href":"https:\/\/glassbottlewholesale.com\/fr\/wp-json\/wp\/v2\/pages\/911","targetHints":{"allow":["GET"]}}],"collection":[{"href":"https:\/\/glassbottlewholesale.com\/fr\/wp-json\/wp\/v2\/pages"}],"about":[{"href":"https:\/\/glassbottlewholesale.com\/fr\/wp-json\/wp\/v2\/types\/page"}],"author":[{"embeddable":true,"href":"https:\/\/glassbottlewholesale.com\/fr\/wp-json\/wp\/v2\/users\/3"}],"replies":[{"embeddable":true,"href":"https:\/\/glassbottlewholesale.com\/fr\/wp-json\/wp\/v2\/comments?post=911"}],"version-history":[{"count":6,"href":"https:\/\/glassbottlewholesale.com\/fr\/wp-json\/wp\/v2\/pages\/911\/revisions"}],"predecessor-version":[{"id":956,"href":"https:\/\/glassbottlewholesale.com\/fr\/wp-json\/wp\/v2\/pages\/911\/revisions\/956"}],"wp:attachment":[{"href":"https:\/\/glassbottlewholesale.com\/fr\/wp-json\/wp\/v2\/media?parent=911"}],"curies":[{"name":"wp","href":"https:\/\/api.w.org\/{rel}","templated":true}]}}