{"id":1450,"date":"2019-12-25T06:13:22","date_gmt":"2019-12-25T06:13:22","guid":{"rendered":"https:\/\/queenchingglass.com\/?post_type=product&#038;p=1450"},"modified":"2025-07-10T02:25:52","modified_gmt":"2025-07-10T02:25:52","slug":"fabricant-de-bouteilles-de-liqueur-en-verre-750ml-en-gros-chine","status":"publish","type":"product","link":"https:\/\/glassbottlewholesale.com\/fr\/fabricant-de-bouteilles-de-liqueur-en-verre-750ml-en-gros-chine\/","title":{"rendered":"RS043 \uff1a Fabricant de bouteilles d&#039;alcool en verre en gros de 750 ml Chine"},"content":{"rendered":"<div class=\"wpb-content-wrapper\"><div class=\"vc_row wpb_row vc_row-fluid\"><div class=\"wpb_column vc_column_container vc_col-sm-12\"><div class=\"vc_column-inner\"><div class=\"wpb_wrapper\">\n\t<div class=\"wpb_text_column wpb_content_element\" >\n\t\t<div class=\"wpb_wrapper\">\n\t\t\t<p>Ruisheng, fabricant et fournisseur professionnel de bouteilles en verre en Chine, fournit des bouteilles en verre de qualit\u00e9 sup\u00e9rieure. <em>Bouteilles de liqueur en verre de 750ml en gros<\/em> en prix d'usine pour les marques d'alcool, les entreprises, les fournisseurs de bouteilles en verre, les grossistes, les supermarch\u00e9s, etc.<\/p>\n<p>Notre entreprise est sp\u00e9cialis\u00e9e dans la fabrication de bouteilles en verre de haute qualit\u00e9. Nous garantissons donc que nous pouvons produire la qualit\u00e9 de la bouteille en verre.<\/p>\n<p>Si vous aimez le design de cette bouteille de liqueur de 750 ml, mais que vous n'\u00eates pas satisfait de sa capacit\u00e9, nous pouvons la modifier.<\/p>\n<p>Nos principaux produits sont des bouteilles vides en verre de 750 ml de premi\u00e8re qualit\u00e9 avec bouchons, telles que des bouteilles de vodka, de brandy, de whisky, de liqueur, de confiture, etc. Nous proposons \u00e9galement des bouteilles en verre ambr\u00e9, des bouteilles vertes et des bouteilles d'eau. Notre march\u00e9 principal est l'Europe, les \u00c9tats-Unis, l'Australie, l'Am\u00e9rique, etc. Tous nos produits jouissent d'une excellente r\u00e9putation en mati\u00e8re d'innovation et de fonctionnalit\u00e9.<\/p>\n<p>La production de bouteilles en verre de 750 ml en gros a \u00e9t\u00e9 rigoureusement s\u00e9lectionn\u00e9e \u00e0 partir de mat\u00e9riaux, nous faisons venir des mat\u00e9riaux du pays d'origine, et nous utilisons des machines de pointe pour traiter et fabriquer une bouteille en verre.<\/p>\n<h4>Les informations concernant les bouteilles de liqueur en verre de 750ml en gros se trouvent ci-dessous :<\/h4>\n<ul>\n<li>Mat\u00e9riau principal: mat\u00e9riau blanc cristallin mat\u00e9riau extr\u00eamement blanc<\/li>\n<li>Bouchon : Li\u00e8ge<\/li>\n<li>R\u00e9f\u00e9rence : RS043<\/li>\n<li>MOQ : 10000 PCS( 26000pcs-30000pcs)<\/li>\n<li>Capacit\u00e9 : 700ml 750ml<\/li>\n<li>Pi\u00e8ces\/carton\u00a0: 24 pi\u00e8ces<\/li>\n<li>Origine du lieu : Shandong, Chine<\/li>\n<li>Caract\u00e9ristique\u00a0:\u00a0\u00e9cologique<\/li>\n<\/ul>\n<p>Nous avons cette bouteille en stock, vous pouvez la recevoir tr\u00e8s rapidement si vous la commandez. Nous pouvons \u00e9galement apposer votre logo sur cette bouteille. Nous pouvons effectuer des traitements sur cette bouteille, tels que l'impression, le gla\u00e7age, la peinture, et autres, <span class=\"tran\" data-group=\"0_0\">nous accueillons<\/span> <span class=\"tran\" data-group=\"2_1\">amis<\/span> de l'ensemble de l'Union europ\u00e9enne <span class=\"tran\" data-group=\"1_2\">monde<\/span> <span class=\"tran\" data-group=\"3_3\">\u00e0<\/span> <span class=\"tran\" data-group=\"5_4\">visite<\/span> nous ! Nous organiserons une r\u00e9ception pour vous.<\/p>\n<p>Cette bouteille unique en verre avec couvercle peut \u00eatre chang\u00e9e, on peut la changer en quelque chose d'autre.<\/p>\n<p>Nous pouvons le faire si vous voulez y graver des motifs, nous pouvons graver le motif que vous voulez.<\/p>\n<p>Si vous \u00eates satisfaits de cette bouteille de liqueur en verre de 750ml, veuillez me contacter \u00e0 temps. Si vous ne l'aimez pas, vous pouvez regarder nos autres bouteilles. Ou je vous donnerai le catalogue, vous pouvez choisir ce que vous voulez. Si vous \u00eates int\u00e9ress\u00e9 par le prix de nos bouteilles de liqueur, n'h\u00e9sitez pas \u00e0 me contacter.<a href=\"https:\/\/ruishengglassco.com\/contact\"> Contactez-nous<\/a>. Nous vous r\u00e9pondrons dans les 24 heures.<\/p>\n\n\t\t<\/div>\n\t<\/div>\n<\/div><\/div><\/div><\/div>\n<\/div>","protected":false},"excerpt":{"rendered":"<p>Cette bouteille de liqueur en verre de 750 ml est l'un de nos produits les plus vendus. Elle adopte un mat\u00e9riau de verre extr\u00eamement blanc, ce qui vous donnera un effet visuel clair et pur pour montrer l'excellente qualit\u00e9 de votre liqueur. Le design long et rond du corps de la bouteille convient \u00e0 toutes sortes de liqueurs, comme le whisky, la vodka, le brandy, etc.<\/p>\n<ul>\n<li>MOQ : 10000 PCS( 26000pcs-30000pcs)<\/li>\n<li>Capacit\u00e9 : 700 ml\/750 ml\/1000 ml<\/li>\n<li>Couleur: Transparent<\/li>\n<li>Bouchon : Capuchons m\u00e9talliques<\/li>\n<li>Hauteur : 230 mm<\/li>\n<li>Poids : 650g<\/li>\n<li>Diam\u00e8tre: 60mm<\/li>\n<\/ul>\n<p>Si vous souhaitez commander en gros ces bouteilles de liqueur en verre de 750 ml, veuillez nous laisser un message.<\/p>","protected":false},"featured_media":4493,"comment_status":"open","ping_status":"closed","template":"","meta":[],"product_brand":[],"product_cat":[51,52,63,67],"product_tag":[],"class_list":{"0":"post-1450","1":"product","2":"type-product","3":"status-publish","4":"has-post-thumbnail","6":"product_cat-700ml-glass-bottle","7":"product_cat-750ml-glass-bottle","8":"product_cat-liquor-bottle","9":"product_cat-vodka-bottle","10":"entry","11":"has-media","13":"first","14":"instock","15":"shipping-taxable","16":"product-type-simple"},"yoast_head":"<!-- This site is optimized with the Yoast SEO plugin v27.3 - https:\/\/yoast.com\/product\/yoast-seo-wordpress\/ -->\n<title>750ml Glass Liquor Bottles Wholesale | Glass Bottle With Corks Suppliers<\/title>\n<meta name=\"description\" content=\"Buy 750ml Glass Liquor Bottles Wholesale All in Lowest Price From China Glass Bottle Manufacturers&amp;Suppliers. Free Sample&amp;5 Years Warranty.\" \/>\n<meta name=\"robots\" content=\"index, follow, max-snippet:-1, max-image-preview:large, max-video-preview:-1\" \/>\n<link rel=\"canonical\" href=\"https:\/\/ruishengglassco.com\/product\/rs043wholesale-750ml-glass-liquor-bottles-manufacturer-china\" \/>\n<meta property=\"og:locale\" content=\"fr_FR\" \/>\n<meta property=\"og:type\" content=\"article\" \/>\n<meta property=\"og:title\" content=\"750ml Glass Liquor Bottles Wholesale | Glass Bottle With Corks Suppliers\" \/>\n<meta property=\"og:description\" content=\"Buy 750ml Glass Liquor Bottles Wholesale All in Lowest Price From China Glass Bottle Manufacturers&amp;Suppliers. Free Sample&amp;5 Years Warranty.\" \/>\n<meta property=\"og:url\" content=\"https:\/\/ruishengglassco.com\/product\/rs043wholesale-750ml-glass-liquor-bottles-manufacturer-china\" \/>\n<meta property=\"og:site_name\" content=\"Glass Bottle Wholesale\" \/>\n<meta property=\"article:modified_time\" content=\"2025-07-10T02:25:52+00:00\" \/>\n<meta property=\"og:image\" content=\"https:\/\/glassbottlewholesale.com\/wp-content\/uploads\/2024\/01\/rs043-1.jpg\" \/>\n\t<meta property=\"og:image:width\" content=\"800\" \/>\n\t<meta property=\"og:image:height\" content=\"800\" \/>\n\t<meta property=\"og:image:type\" content=\"image\/jpeg\" \/>\n<meta name=\"twitter:card\" content=\"summary_large_image\" \/>\n<meta name=\"twitter:label1\" content=\"Dur\u00e9e de lecture estim\u00e9e\" \/>\n\t<meta name=\"twitter:data1\" content=\"2 minutes\" \/>\n<script type=\"application\/ld+json\" class=\"yoast-schema-graph\">{\"@context\":\"https:\\\/\\\/schema.org\",\"@graph\":[{\"@type\":\"WebPage\",\"@id\":\"https:\\\/\\\/glassbottlewholesale.com\\\/wholesale-750ml-glass-liquor-bottles-manufacturer-china\\\/\",\"url\":\"https:\\\/\\\/ruishengglassco.com\\\/product\\\/rs043wholesale-750ml-glass-liquor-bottles-manufacturer-china\",\"name\":\"750ml Glass Liquor Bottles Wholesale | Glass Bottle With Corks Suppliers\",\"isPartOf\":{\"@id\":\"https:\\\/\\\/glassbottlewholesale.com\\\/#website\"},\"primaryImageOfPage\":{\"@id\":\"https:\\\/\\\/ruishengglassco.com\\\/product\\\/rs043wholesale-750ml-glass-liquor-bottles-manufacturer-china#primaryimage\"},\"image\":{\"@id\":\"https:\\\/\\\/ruishengglassco.com\\\/product\\\/rs043wholesale-750ml-glass-liquor-bottles-manufacturer-china#primaryimage\"},\"thumbnailUrl\":\"https:\\\/\\\/glassbottlewholesale.com\\\/wp-content\\\/uploads\\\/2024\\\/01\\\/rs043-1.jpg\",\"datePublished\":\"2019-12-25T06:13:22+00:00\",\"dateModified\":\"2025-07-10T02:25:52+00:00\",\"description\":\"Buy 750ml Glass Liquor Bottles Wholesale All in Lowest Price From China Glass Bottle Manufacturers&Suppliers. Free Sample&5 Years Warranty.\",\"breadcrumb\":{\"@id\":\"https:\\\/\\\/ruishengglassco.com\\\/product\\\/rs043wholesale-750ml-glass-liquor-bottles-manufacturer-china#breadcrumb\"},\"inLanguage\":\"fr-FR\",\"potentialAction\":[{\"@type\":\"ReadAction\",\"target\":[\"https:\\\/\\\/ruishengglassco.com\\\/product\\\/rs043wholesale-750ml-glass-liquor-bottles-manufacturer-china\"]}]},{\"@type\":\"ImageObject\",\"inLanguage\":\"fr-FR\",\"@id\":\"https:\\\/\\\/ruishengglassco.com\\\/product\\\/rs043wholesale-750ml-glass-liquor-bottles-manufacturer-china#primaryimage\",\"url\":\"https:\\\/\\\/glassbottlewholesale.com\\\/wp-content\\\/uploads\\\/2024\\\/01\\\/rs043-1.jpg\",\"contentUrl\":\"https:\\\/\\\/glassbottlewholesale.com\\\/wp-content\\\/uploads\\\/2024\\\/01\\\/rs043-1.jpg\",\"width\":800,\"height\":800,\"caption\":\"RS043\uff1aWholesale 750ml Glass Liquor Bottles Manufacturer China\"},{\"@type\":\"BreadcrumbList\",\"@id\":\"https:\\\/\\\/ruishengglassco.com\\\/product\\\/rs043wholesale-750ml-glass-liquor-bottles-manufacturer-china#breadcrumb\",\"itemListElement\":[{\"@type\":\"ListItem\",\"position\":1,\"name\":\"Home\",\"item\":\"https:\\\/\\\/glassbottlewholesale.com\\\/\"},{\"@type\":\"ListItem\",\"position\":2,\"name\":\"Products\",\"item\":\"https:\\\/\\\/glassbottlewholesale.com\\\/shop\\\/\"},{\"@type\":\"ListItem\",\"position\":3,\"name\":\"RS043\uff1aWholesale 750ml Glass Liquor Bottles Manufacturer China\"}]},{\"@type\":\"WebSite\",\"@id\":\"https:\\\/\\\/glassbottlewholesale.com\\\/#website\",\"url\":\"https:\\\/\\\/glassbottlewholesale.com\\\/\",\"name\":\"Glass Bottle Wholesale\",\"description\":\"\",\"publisher\":{\"@id\":\"https:\\\/\\\/glassbottlewholesale.com\\\/#organization\"},\"potentialAction\":[{\"@type\":\"SearchAction\",\"target\":{\"@type\":\"EntryPoint\",\"urlTemplate\":\"https:\\\/\\\/glassbottlewholesale.com\\\/?s={search_term_string}\"},\"query-input\":{\"@type\":\"PropertyValueSpecification\",\"valueRequired\":true,\"valueName\":\"search_term_string\"}}],\"inLanguage\":\"fr-FR\"},{\"@type\":\"Organization\",\"@id\":\"https:\\\/\\\/glassbottlewholesale.com\\\/#organization\",\"name\":\"Glass Bottle Wholesale\",\"url\":\"https:\\\/\\\/glassbottlewholesale.com\\\/\",\"logo\":{\"@type\":\"ImageObject\",\"inLanguage\":\"fr-FR\",\"@id\":\"https:\\\/\\\/glassbottlewholesale.com\\\/#\\\/schema\\\/logo\\\/image\\\/\",\"url\":\"https:\\\/\\\/glassbottlewholesale.com\\\/wp-content\\\/uploads\\\/2023\\\/12\\\/ruisheng-logo.webp\",\"contentUrl\":\"https:\\\/\\\/glassbottlewholesale.com\\\/wp-content\\\/uploads\\\/2023\\\/12\\\/ruisheng-logo.webp\",\"width\":400,\"height\":233,\"caption\":\"Glass Bottle Wholesale\"},\"image\":{\"@id\":\"https:\\\/\\\/glassbottlewholesale.com\\\/#\\\/schema\\\/logo\\\/image\\\/\"}}]}<\/script>\n<!-- \/ Yoast SEO plugin. -->","yoast_head_json":{"title":"Bouteilles de liqueur en verre de 750ml Wholesale | Bouteilles en verre avec bouchons Fournisseurs","description":"Achetez en gros des bouteilles de liqueur en verre de 750 ml au prix le plus bas aupr\u00e8s des fabricants et fournisseurs de bouteilles en verre en Chine. Echantillon gratuit&amp;5 ans de garantie.","robots":{"index":"index","follow":"follow","max-snippet":"max-snippet:-1","max-image-preview":"max-image-preview:large","max-video-preview":"max-video-preview:-1"},"canonical":"https:\/\/ruishengglassco.com\/product\/rs043wholesale-750ml-glass-liquor-bottles-manufacturer-china","og_locale":"fr_FR","og_type":"article","og_title":"750ml Glass Liquor Bottles Wholesale | Glass Bottle With Corks Suppliers","og_description":"Buy 750ml Glass Liquor Bottles Wholesale All in Lowest Price From China Glass Bottle Manufacturers&Suppliers. Free Sample&5 Years Warranty.","og_url":"https:\/\/ruishengglassco.com\/product\/rs043wholesale-750ml-glass-liquor-bottles-manufacturer-china","og_site_name":"Glass Bottle Wholesale","article_modified_time":"2025-07-10T02:25:52+00:00","og_image":[{"width":800,"height":800,"url":"https:\/\/glassbottlewholesale.com\/wp-content\/uploads\/2024\/01\/rs043-1.jpg","type":"image\/jpeg"}],"twitter_card":"summary_large_image","twitter_misc":{"Dur\u00e9e de lecture estim\u00e9e":"2 minutes"},"schema":{"@context":"https:\/\/schema.org","@graph":[{"@type":"WebPage","@id":"https:\/\/glassbottlewholesale.com\/wholesale-750ml-glass-liquor-bottles-manufacturer-china\/","url":"https:\/\/ruishengglassco.com\/product\/rs043wholesale-750ml-glass-liquor-bottles-manufacturer-china","name":"Bouteilles de liqueur en verre de 750ml Wholesale | Bouteilles en verre avec bouchons Fournisseurs","isPartOf":{"@id":"https:\/\/glassbottlewholesale.com\/#website"},"primaryImageOfPage":{"@id":"https:\/\/ruishengglassco.com\/product\/rs043wholesale-750ml-glass-liquor-bottles-manufacturer-china#primaryimage"},"image":{"@id":"https:\/\/ruishengglassco.com\/product\/rs043wholesale-750ml-glass-liquor-bottles-manufacturer-china#primaryimage"},"thumbnailUrl":"https:\/\/glassbottlewholesale.com\/wp-content\/uploads\/2024\/01\/rs043-1.jpg","datePublished":"2019-12-25T06:13:22+00:00","dateModified":"2025-07-10T02:25:52+00:00","description":"Achetez en gros des bouteilles de liqueur en verre de 750 ml au prix le plus bas aupr\u00e8s des fabricants et fournisseurs de bouteilles en verre en Chine. Echantillon gratuit&amp;5 ans de garantie.","breadcrumb":{"@id":"https:\/\/ruishengglassco.com\/product\/rs043wholesale-750ml-glass-liquor-bottles-manufacturer-china#breadcrumb"},"inLanguage":"fr-FR","potentialAction":[{"@type":"ReadAction","target":["https:\/\/ruishengglassco.com\/product\/rs043wholesale-750ml-glass-liquor-bottles-manufacturer-china"]}]},{"@type":"ImageObject","inLanguage":"fr-FR","@id":"https:\/\/ruishengglassco.com\/product\/rs043wholesale-750ml-glass-liquor-bottles-manufacturer-china#primaryimage","url":"https:\/\/glassbottlewholesale.com\/wp-content\/uploads\/2024\/01\/rs043-1.jpg","contentUrl":"https:\/\/glassbottlewholesale.com\/wp-content\/uploads\/2024\/01\/rs043-1.jpg","width":800,"height":800,"caption":"RS043\uff1aWholesale 750ml Glass Liquor Bottles Manufacturer China"},{"@type":"BreadcrumbList","@id":"https:\/\/ruishengglassco.com\/product\/rs043wholesale-750ml-glass-liquor-bottles-manufacturer-china#breadcrumb","itemListElement":[{"@type":"ListItem","position":1,"name":"Home","item":"https:\/\/glassbottlewholesale.com\/"},{"@type":"ListItem","position":2,"name":"Products","item":"https:\/\/glassbottlewholesale.com\/shop\/"},{"@type":"ListItem","position":3,"name":"RS043\uff1aWholesale 750ml Glass Liquor Bottles Manufacturer China"}]},{"@type":"WebSite","@id":"https:\/\/glassbottlewholesale.com\/#website","url":"https:\/\/glassbottlewholesale.com\/","name":"Glass Bottle Wholesale","description":"","publisher":{"@id":"https:\/\/glassbottlewholesale.com\/#organization"},"potentialAction":[{"@type":"SearchAction","target":{"@type":"EntryPoint","urlTemplate":"https:\/\/glassbottlewholesale.com\/?s={search_term_string}"},"query-input":{"@type":"PropertyValueSpecification","valueRequired":true,"valueName":"search_term_string"}}],"inLanguage":"fr-FR"},{"@type":"Organization","@id":"https:\/\/glassbottlewholesale.com\/#organization","name":"Glass Bottle Wholesale","url":"https:\/\/glassbottlewholesale.com\/","logo":{"@type":"ImageObject","inLanguage":"fr-FR","@id":"https:\/\/glassbottlewholesale.com\/#\/schema\/logo\/image\/","url":"https:\/\/glassbottlewholesale.com\/wp-content\/uploads\/2023\/12\/ruisheng-logo.webp","contentUrl":"https:\/\/glassbottlewholesale.com\/wp-content\/uploads\/2023\/12\/ruisheng-logo.webp","width":400,"height":233,"caption":"Glass Bottle Wholesale"},"image":{"@id":"https:\/\/glassbottlewholesale.com\/#\/schema\/logo\/image\/"}}]}},"_links":{"self":[{"href":"https:\/\/glassbottlewholesale.com\/fr\/wp-json\/wp\/v2\/product\/1450","targetHints":{"allow":["GET"]}}],"collection":[{"href":"https:\/\/glassbottlewholesale.com\/fr\/wp-json\/wp\/v2\/product"}],"about":[{"href":"https:\/\/glassbottlewholesale.com\/fr\/wp-json\/wp\/v2\/types\/product"}],"replies":[{"embeddable":true,"href":"https:\/\/glassbottlewholesale.com\/fr\/wp-json\/wp\/v2\/comments?post=1450"}],"wp:featuredmedia":[{"embeddable":true,"href":"https:\/\/glassbottlewholesale.com\/fr\/wp-json\/wp\/v2\/media\/4493"}],"wp:attachment":[{"href":"https:\/\/glassbottlewholesale.com\/fr\/wp-json\/wp\/v2\/media?parent=1450"}],"wp:term":[{"taxonomy":"product_brand","embeddable":true,"href":"https:\/\/glassbottlewholesale.com\/fr\/wp-json\/wp\/v2\/product_brand?post=1450"},{"taxonomy":"product_cat","embeddable":true,"href":"https:\/\/glassbottlewholesale.com\/fr\/wp-json\/wp\/v2\/product_cat?post=1450"},{"taxonomy":"product_tag","embeddable":true,"href":"https:\/\/glassbottlewholesale.com\/fr\/wp-json\/wp\/v2\/product_tag?post=1450"}],"curies":[{"name":"wp","href":"https:\/\/api.w.org\/{rel}","templated":true}]}}