{"id":2307,"date":"2020-10-26T02:07:15","date_gmt":"2020-10-26T02:07:15","guid":{"rendered":"https:\/\/glassbottlewholesale.com\/?post_type=product&#038;p=2307"},"modified":"2023-06-29T01:57:57","modified_gmt":"2023-06-29T01:57:57","slug":"mini-bouteilles-de-tequila-de-50-ml-en-vrac","status":"publish","type":"product","link":"https:\/\/glassbottlewholesale.com\/fr\/mini-bouteilles-de-tequila-de-50-ml-en-vrac\/","title":{"rendered":"RS037\u00a0:\u00a0Mini bouteilles de tequila de 50\u00a0ml en vrac"},"content":{"rendered":"","protected":false},"excerpt":{"rendered":"<h2>Informations d\u00e9taill\u00e9es sur les mini-bouteilles de tequila de 50ml en vrac<\/h2>\n<ul>\n<li>Nom de l'article : Mini bouteilles de tequila carr\u00e9es de 50ml en vrac<\/li>\n<li>Num\u00e9ro de r\u00e9f\u00e9rence : RS037<\/li>\n<li><span style=\"color: #ff0000;\"><strong><span class=\"mceItemHidden\"><span class=\"hiddenSpellError\">Quantit\u00e9 minimale de commande<\/span>: 10000 PCS<\/span><\/strong><\/span><\/li>\n<li>Mat\u00e9riau du verre : Verre Extra Flint<\/li>\n<li>Forme de la bouteille : Mini bouteilles de tequila de 50ml de forme carr\u00e9e<\/li>\n<li>Capacit\u00e9 nominale : 50ml<\/li>\n<li>Type d'\u00e9tanch\u00e9it\u00e9 Ropp \/ GPI \/ Cork \/ Guala \/ Swing Top \/ M\u00e9thode d'\u00e9tanch\u00e9it\u00e9 personnalis\u00e9e<\/li>\n<li>Application : Bouteille de Tequila, Bouteille de Vodka, Bouteille de Whisky, Bouteille de Cognac, Bouteille de Rhum, Bouteille de Xo.<\/li>\n<li>Emballage:\n<ul>\n<li>24 pi\u00e8ces\/carton, avec s\u00e9parateur de carton<\/li>\n<li>6 pcs \/ bo\u00eete color\u00e9e, avec s\u00e9parateur en carton<\/li>\n<li>Emballage en palette, avec s\u00e9parateur en carton<\/li>\n<li>Emballage carton\/bo\u00eete + palette<\/li>\n<\/ul>\n<\/li>\n<li>D\u00e9coration :\n<ul>\n<li>Autocollant<\/li>\n<li>S\u00e9rigraphie<\/li>\n<li>Gla\u00e7age<\/li>\n<li>Pulv\u00e9risation des couleurs<\/li>\n<li>Plaque \u00e9lectrolytique<\/li>\n<\/ul>\n<\/li>\n<li><span style=\"color: #ff0000;\">Quantit\u00e9 minimale de commande\u00a0: 6000\u00a0pi\u00e8ces<\/span><\/li>\n<li>D\u00e9lai de livraison : 20-30 jours<\/li>\n<\/ul>","protected":false},"featured_media":2308,"comment_status":"open","ping_status":"closed","template":"","meta":[],"product_brand":[],"product_cat":[58,66],"product_tag":[],"class_list":{"0":"post-2307","1":"product","2":"type-product","3":"status-publish","4":"has-post-thumbnail","6":"product_cat-50ml-glass-bottle","7":"product_cat-tequila-bottle","8":"entry","9":"has-media","11":"first","12":"instock","13":"shipping-taxable","14":"product-type-simple"},"yoast_head":"<!-- This site is optimized with the Yoast SEO plugin v27.3 - https:\/\/yoast.com\/product\/yoast-seo-wordpress\/ -->\n<title>Mini Tequila Bottles Bulk | 50ml Miniature Alcohol Bottles Prices<\/title>\n<meta name=\"description\" content=\"Get Mini Tequila Bottles Bulk From China Glass Liquor Bottle Manufacturer. Here to get Factory Outlet 50ml Miniature Alcohol Bottles Prices.\" \/>\n<meta name=\"robots\" content=\"index, follow, max-snippet:-1, max-image-preview:large, max-video-preview:-1\" \/>\n<link rel=\"canonical\" href=\"https:\/\/ruishengglassco.com\/product\/rs037-50ml-mini-tequila-bottles-bulk\" \/>\n<meta property=\"og:locale\" content=\"fr_FR\" \/>\n<meta property=\"og:type\" content=\"article\" \/>\n<meta property=\"og:title\" content=\"Mini Tequila Bottles Bulk | 50ml Miniature Alcohol Bottles Prices\" \/>\n<meta property=\"og:description\" content=\"Get Mini Tequila Bottles Bulk From China Glass Liquor Bottle Manufacturer. Here to get Factory Outlet 50ml Miniature Alcohol Bottles Prices.\" \/>\n<meta property=\"og:url\" content=\"https:\/\/ruishengglassco.com\/product\/rs037-50ml-mini-tequila-bottles-bulk\" \/>\n<meta property=\"og:site_name\" content=\"Glass Bottle Wholesale\" \/>\n<meta property=\"article:modified_time\" content=\"2023-06-29T01:57:57+00:00\" \/>\n<meta property=\"og:image\" content=\"https:\/\/glassbottlewholesale.com\/wp-content\/uploads\/2020\/10\/mini-tequlia-bottles-1.png\" \/>\n\t<meta property=\"og:image:width\" content=\"800\" \/>\n\t<meta property=\"og:image:height\" content=\"800\" \/>\n\t<meta property=\"og:image:type\" content=\"image\/png\" \/>\n<meta name=\"twitter:card\" content=\"summary_large_image\" \/>\n<script type=\"application\/ld+json\" class=\"yoast-schema-graph\">{\"@context\":\"https:\\\/\\\/schema.org\",\"@graph\":[{\"@type\":\"WebPage\",\"@id\":\"https:\\\/\\\/glassbottlewholesale.com\\\/50ml-mini-tequila-bottles-bulk\\\/\",\"url\":\"https:\\\/\\\/ruishengglassco.com\\\/product\\\/rs037-50ml-mini-tequila-bottles-bulk\",\"name\":\"Mini Tequila Bottles Bulk | 50ml Miniature Alcohol Bottles Prices\",\"isPartOf\":{\"@id\":\"https:\\\/\\\/glassbottlewholesale.com\\\/#website\"},\"primaryImageOfPage\":{\"@id\":\"https:\\\/\\\/ruishengglassco.com\\\/product\\\/rs037-50ml-mini-tequila-bottles-bulk#primaryimage\"},\"image\":{\"@id\":\"https:\\\/\\\/ruishengglassco.com\\\/product\\\/rs037-50ml-mini-tequila-bottles-bulk#primaryimage\"},\"thumbnailUrl\":\"https:\\\/\\\/glassbottlewholesale.com\\\/wp-content\\\/uploads\\\/2020\\\/10\\\/mini-tequlia-bottles-1.png\",\"datePublished\":\"2020-10-26T02:07:15+00:00\",\"dateModified\":\"2023-06-29T01:57:57+00:00\",\"description\":\"Get Mini Tequila Bottles Bulk From China Glass Liquor Bottle Manufacturer. Here to get Factory Outlet 50ml Miniature Alcohol Bottles Prices.\",\"breadcrumb\":{\"@id\":\"https:\\\/\\\/ruishengglassco.com\\\/product\\\/rs037-50ml-mini-tequila-bottles-bulk#breadcrumb\"},\"inLanguage\":\"fr-FR\",\"potentialAction\":[{\"@type\":\"ReadAction\",\"target\":[\"https:\\\/\\\/ruishengglassco.com\\\/product\\\/rs037-50ml-mini-tequila-bottles-bulk\"]}]},{\"@type\":\"ImageObject\",\"inLanguage\":\"fr-FR\",\"@id\":\"https:\\\/\\\/ruishengglassco.com\\\/product\\\/rs037-50ml-mini-tequila-bottles-bulk#primaryimage\",\"url\":\"https:\\\/\\\/glassbottlewholesale.com\\\/wp-content\\\/uploads\\\/2020\\\/10\\\/mini-tequlia-bottles-1.png\",\"contentUrl\":\"https:\\\/\\\/glassbottlewholesale.com\\\/wp-content\\\/uploads\\\/2020\\\/10\\\/mini-tequlia-bottles-1.png\",\"width\":800,\"height\":800,\"caption\":\"mini tequila bottles bulk\"},{\"@type\":\"BreadcrumbList\",\"@id\":\"https:\\\/\\\/ruishengglassco.com\\\/product\\\/rs037-50ml-mini-tequila-bottles-bulk#breadcrumb\",\"itemListElement\":[{\"@type\":\"ListItem\",\"position\":1,\"name\":\"Home\",\"item\":\"https:\\\/\\\/glassbottlewholesale.com\\\/\"},{\"@type\":\"ListItem\",\"position\":2,\"name\":\"Products\",\"item\":\"https:\\\/\\\/glassbottlewholesale.com\\\/shop\\\/\"},{\"@type\":\"ListItem\",\"position\":3,\"name\":\"RS037: 50ml Mini Tequila Bottles Bulk\"}]},{\"@type\":\"WebSite\",\"@id\":\"https:\\\/\\\/glassbottlewholesale.com\\\/#website\",\"url\":\"https:\\\/\\\/glassbottlewholesale.com\\\/\",\"name\":\"Glass Bottle Wholesale\",\"description\":\"\",\"publisher\":{\"@id\":\"https:\\\/\\\/glassbottlewholesale.com\\\/#organization\"},\"potentialAction\":[{\"@type\":\"SearchAction\",\"target\":{\"@type\":\"EntryPoint\",\"urlTemplate\":\"https:\\\/\\\/glassbottlewholesale.com\\\/?s={search_term_string}\"},\"query-input\":{\"@type\":\"PropertyValueSpecification\",\"valueRequired\":true,\"valueName\":\"search_term_string\"}}],\"inLanguage\":\"fr-FR\"},{\"@type\":\"Organization\",\"@id\":\"https:\\\/\\\/glassbottlewholesale.com\\\/#organization\",\"name\":\"Glass Bottle Wholesale\",\"url\":\"https:\\\/\\\/glassbottlewholesale.com\\\/\",\"logo\":{\"@type\":\"ImageObject\",\"inLanguage\":\"fr-FR\",\"@id\":\"https:\\\/\\\/glassbottlewholesale.com\\\/#\\\/schema\\\/logo\\\/image\\\/\",\"url\":\"https:\\\/\\\/glassbottlewholesale.com\\\/wp-content\\\/uploads\\\/2023\\\/12\\\/ruisheng-logo.webp\",\"contentUrl\":\"https:\\\/\\\/glassbottlewholesale.com\\\/wp-content\\\/uploads\\\/2023\\\/12\\\/ruisheng-logo.webp\",\"width\":400,\"height\":233,\"caption\":\"Glass Bottle Wholesale\"},\"image\":{\"@id\":\"https:\\\/\\\/glassbottlewholesale.com\\\/#\\\/schema\\\/logo\\\/image\\\/\"}}]}<\/script>\n<!-- \/ Yoast SEO plugin. -->","yoast_head_json":{"title":"Mini Tequila Bottles Bulk | 50ml Miniature Alcohol Bottles Prices","description":"Get Mini Tequila Bottles Bulk From China Glass Liquor Bottle Manufacturer. Here to get Factory Outlet 50ml Miniature Alcohol Bottles Prices.","robots":{"index":"index","follow":"follow","max-snippet":"max-snippet:-1","max-image-preview":"max-image-preview:large","max-video-preview":"max-video-preview:-1"},"canonical":"https:\/\/ruishengglassco.com\/product\/rs037-50ml-mini-tequila-bottles-bulk","og_locale":"fr_FR","og_type":"article","og_title":"Mini Tequila Bottles Bulk | 50ml Miniature Alcohol Bottles Prices","og_description":"Get Mini Tequila Bottles Bulk From China Glass Liquor Bottle Manufacturer. Here to get Factory Outlet 50ml Miniature Alcohol Bottles Prices.","og_url":"https:\/\/ruishengglassco.com\/product\/rs037-50ml-mini-tequila-bottles-bulk","og_site_name":"Glass Bottle Wholesale","article_modified_time":"2023-06-29T01:57:57+00:00","og_image":[{"width":800,"height":800,"url":"https:\/\/glassbottlewholesale.com\/wp-content\/uploads\/2020\/10\/mini-tequlia-bottles-1.png","type":"image\/png"}],"twitter_card":"summary_large_image","schema":{"@context":"https:\/\/schema.org","@graph":[{"@type":"WebPage","@id":"https:\/\/glassbottlewholesale.com\/50ml-mini-tequila-bottles-bulk\/","url":"https:\/\/ruishengglassco.com\/product\/rs037-50ml-mini-tequila-bottles-bulk","name":"Mini Tequila Bottles Bulk | 50ml Miniature Alcohol Bottles Prices","isPartOf":{"@id":"https:\/\/glassbottlewholesale.com\/#website"},"primaryImageOfPage":{"@id":"https:\/\/ruishengglassco.com\/product\/rs037-50ml-mini-tequila-bottles-bulk#primaryimage"},"image":{"@id":"https:\/\/ruishengglassco.com\/product\/rs037-50ml-mini-tequila-bottles-bulk#primaryimage"},"thumbnailUrl":"https:\/\/glassbottlewholesale.com\/wp-content\/uploads\/2020\/10\/mini-tequlia-bottles-1.png","datePublished":"2020-10-26T02:07:15+00:00","dateModified":"2023-06-29T01:57:57+00:00","description":"Get Mini Tequila Bottles Bulk From China Glass Liquor Bottle Manufacturer. Here to get Factory Outlet 50ml Miniature Alcohol Bottles Prices.","breadcrumb":{"@id":"https:\/\/ruishengglassco.com\/product\/rs037-50ml-mini-tequila-bottles-bulk#breadcrumb"},"inLanguage":"fr-FR","potentialAction":[{"@type":"ReadAction","target":["https:\/\/ruishengglassco.com\/product\/rs037-50ml-mini-tequila-bottles-bulk"]}]},{"@type":"ImageObject","inLanguage":"fr-FR","@id":"https:\/\/ruishengglassco.com\/product\/rs037-50ml-mini-tequila-bottles-bulk#primaryimage","url":"https:\/\/glassbottlewholesale.com\/wp-content\/uploads\/2020\/10\/mini-tequlia-bottles-1.png","contentUrl":"https:\/\/glassbottlewholesale.com\/wp-content\/uploads\/2020\/10\/mini-tequlia-bottles-1.png","width":800,"height":800,"caption":"mini tequila bottles bulk"},{"@type":"BreadcrumbList","@id":"https:\/\/ruishengglassco.com\/product\/rs037-50ml-mini-tequila-bottles-bulk#breadcrumb","itemListElement":[{"@type":"ListItem","position":1,"name":"Home","item":"https:\/\/glassbottlewholesale.com\/"},{"@type":"ListItem","position":2,"name":"Products","item":"https:\/\/glassbottlewholesale.com\/shop\/"},{"@type":"ListItem","position":3,"name":"RS037: 50ml Mini Tequila Bottles Bulk"}]},{"@type":"WebSite","@id":"https:\/\/glassbottlewholesale.com\/#website","url":"https:\/\/glassbottlewholesale.com\/","name":"Glass Bottle Wholesale","description":"","publisher":{"@id":"https:\/\/glassbottlewholesale.com\/#organization"},"potentialAction":[{"@type":"SearchAction","target":{"@type":"EntryPoint","urlTemplate":"https:\/\/glassbottlewholesale.com\/?s={search_term_string}"},"query-input":{"@type":"PropertyValueSpecification","valueRequired":true,"valueName":"search_term_string"}}],"inLanguage":"fr-FR"},{"@type":"Organization","@id":"https:\/\/glassbottlewholesale.com\/#organization","name":"Glass Bottle Wholesale","url":"https:\/\/glassbottlewholesale.com\/","logo":{"@type":"ImageObject","inLanguage":"fr-FR","@id":"https:\/\/glassbottlewholesale.com\/#\/schema\/logo\/image\/","url":"https:\/\/glassbottlewholesale.com\/wp-content\/uploads\/2023\/12\/ruisheng-logo.webp","contentUrl":"https:\/\/glassbottlewholesale.com\/wp-content\/uploads\/2023\/12\/ruisheng-logo.webp","width":400,"height":233,"caption":"Glass Bottle Wholesale"},"image":{"@id":"https:\/\/glassbottlewholesale.com\/#\/schema\/logo\/image\/"}}]}},"_links":{"self":[{"href":"https:\/\/glassbottlewholesale.com\/fr\/wp-json\/wp\/v2\/product\/2307","targetHints":{"allow":["GET"]}}],"collection":[{"href":"https:\/\/glassbottlewholesale.com\/fr\/wp-json\/wp\/v2\/product"}],"about":[{"href":"https:\/\/glassbottlewholesale.com\/fr\/wp-json\/wp\/v2\/types\/product"}],"replies":[{"embeddable":true,"href":"https:\/\/glassbottlewholesale.com\/fr\/wp-json\/wp\/v2\/comments?post=2307"}],"wp:featuredmedia":[{"embeddable":true,"href":"https:\/\/glassbottlewholesale.com\/fr\/wp-json\/wp\/v2\/media\/2308"}],"wp:attachment":[{"href":"https:\/\/glassbottlewholesale.com\/fr\/wp-json\/wp\/v2\/media?parent=2307"}],"wp:term":[{"taxonomy":"product_brand","embeddable":true,"href":"https:\/\/glassbottlewholesale.com\/fr\/wp-json\/wp\/v2\/product_brand?post=2307"},{"taxonomy":"product_cat","embeddable":true,"href":"https:\/\/glassbottlewholesale.com\/fr\/wp-json\/wp\/v2\/product_cat?post=2307"},{"taxonomy":"product_tag","embeddable":true,"href":"https:\/\/glassbottlewholesale.com\/fr\/wp-json\/wp\/v2\/product_tag?post=2307"}],"curies":[{"name":"wp","href":"https:\/\/api.w.org\/{rel}","templated":true}]}}