{"id":2414,"date":"2020-12-08T06:41:53","date_gmt":"2020-12-08T06:41:53","guid":{"rendered":"https:\/\/glassbottlewholesale.com\/?post_type=product&#038;p=2414"},"modified":"2025-07-10T02:44:50","modified_gmt":"2025-07-10T02:44:50","slug":"700ml-750ml-bouteilles-rondes-de-whisky-vides","status":"publish","type":"product","link":"https:\/\/glassbottlewholesale.com\/fr\/700ml-750ml-bouteilles-rondes-de-whisky-vides\/","title":{"rendered":"RS025 Bouteilles de whisky vides rondes de 700 ml\/750 ml"},"content":{"rendered":"<div class=\"wpb-content-wrapper\"><div class=\"vc_row wpb_row vc_row-fluid\"><div class=\"wpb_column vc_column_container vc_col-sm-12\"><div class=\"vc_column-inner\"><div class=\"wpb_wrapper\">\n\t<div class=\"wpb_text_column wpb_content_element\" >\n\t\t<div class=\"wpb_wrapper\">\n\t\t\t<h4>Informations d\u00e9taill\u00e9es sur les bouteilles de whisky rondes vides 700ml\/750ml Whiskey Bottles Wholesale<\/h4>\n<p>Cette s\u00e9rie de bouteilles rondes de whisky vides de 700ml\/750ml est fabriqu\u00e9e \u00e0 partir d'un mat\u00e9riau en verre de haute qualit\u00e9. Elle est particuli\u00e8rement adapt\u00e9e \u00e0 l'emballage du whisky, du brandy et de la vodka. Le corps transparent de la bouteille met parfaitement en \u00e9vidence la qualit\u00e9 et la couleur du spiritueux.<\/p>\n<p>En tant que fabricant principal de bouteilles de whisky, nous fournissons uniquement des bouteilles de whisky en verre en gros. Bien entendu, en tant qu'\u00e9quipe professionnelle, nous fournirons <a href=\"https:\/\/glassbottlewholesale.com\/fr\/bouteilles-en-verre-personnalisees\/\">conception de bouteilles de whisky personnalis\u00e9es<\/a> service. Service OEM\/ODM disponible.<\/p>\n<p><strong>D\u00e9tails rapides<\/strong><\/p>\n<ul>\n<li>Traitement de surface:\uff1aDecal<\/li>\n<li>Utilisation industrielle\u00a0: Boissons<\/li>\n<li>Mat\u00e9riau de la base : Verre \u00e0 super silex<\/li>\n<li>Mat\u00e9riau du corps : Verre \u00e0 super silex<\/li>\n<li>Mat\u00e9riau du collier : Verre \u00e0 super silex<\/li>\n<li>Type de scellage\u00a0: Li\u00e8ge<\/li>\n<li>Utilisation : Whiskey\/Brandy<\/li>\n<li>Lieu d&#039;origine : Shandong, Chine<\/li>\n<li>Nom de marque : Ruisheng<\/li>\n<li>Nom du produit : 50ml Whisky empty Extra Flint Vodka Premium round spirit Glass Bottle<\/li>\n<li>Capacit\u00e9 : 100-1000ml \/ sur mesure<\/li>\n<li>Certification : ISO9001<\/li>\n<li>Emballage : Carton \/ palette \/ sur mesure<\/li>\n<li>Keyword : Bouteille de Whisky, Bouteille de Whisky en verre, Bouteille de Whisky vide, Bouteille de Whisky ronde<\/li>\n<li>Service : OEM \/ODM<\/li>\n<li>\u00c9chantillon : \u00c9chantillon fourni gratuitement<\/li>\n<li>D\u00e9lai de livraison : G\u00e9n\u00e9ralement 25-30 jours ouvrables<\/li>\n<\/ul>\n<p>&nbsp;<\/p>\n\n\t\t<\/div>\n\t<\/div>\n<\/div><\/div><\/div><\/div>\n<\/div>","protected":false},"excerpt":{"rendered":"<p>Vous \u00eates \u00e0 la recherche d'une bouteille de whisky vide pour votre marque ? Ruisheng Glass Bottle, un fabricant professionnel de bouteilles de liqueur en verre, fournit des bouteilles de whisky rondes vides de 700ml\/750ml pour les marques de whisky, les entreprises, les fournisseurs de bouteilles en verre, les grossistes, les distributeurs, etc.<\/p>\n<h4>Informations relatives \u00e0 la commande de bouteilles de whisky rondes vides de 700ml\/750ml<\/h4>\n<ul>\n<li>Nom du mod\u00e8le : Bouteilles rondes vides de whisky 700ml\/750ml<\/li>\n<li>Num\u00e9ro de mod\u00e8le : RS025<\/li>\n<li>Nom de la marque: RUISHENG<\/li>\n<li><strong>Quantit\u00e9 minimale de commande\u00a0: 10000\u00a0pi\u00e8ces<\/strong><\/li>\n<li>Capacit\u00e9 : 700ML\/750ml\/personnalis\u00e9e<\/li>\n<li>Traitement des surfaces : Marquage \u00e0 chaud, givrage, d\u00e9calcomanie, gaufrage, s\u00e9rigraphie<\/li>\n<li>Mat\u00e9riau : verre super silex.<\/li>\n<li>Mat\u00e9riau du collier : bouteille en verre transparent.<\/li>\n<li>Type de fermeture : Bouchon \u00e0 vis, bouchon de li\u00e8ge, bouchon de verre, bouchon \u00e0 vis<\/li>\n<li>Utilisation : Bouteille de whisky<\/li>\n<li>Lieu d&#039;origine : Shandong, Chine<\/li>\n<li>paquet : Cartons et palettes standard d&#039;exportation<\/li>\n<li>Service\u00a0:\u00a0Service OEM\/ODM<\/li>\n<\/ul>\n<p>Si vous souhaitez obtenir le prix de gros des bouteilles de whisky,\u00a0 <a href=\"https:\/\/glassbottlewholesale.com\/fr\/contact\/\">Cliquez ici<\/a> pour nous contacter<\/p>","protected":false},"featured_media":4489,"comment_status":"open","ping_status":"closed","template":"","meta":[],"product_brand":[],"product_cat":[51,52,68],"product_tag":[],"class_list":{"0":"post-2414","1":"product","2":"type-product","3":"status-publish","4":"has-post-thumbnail","6":"product_cat-700ml-glass-bottle","7":"product_cat-750ml-glass-bottle","8":"product_cat-whiskey-bottle","9":"entry","10":"has-media","12":"first","13":"instock","14":"shipping-taxable","15":"product-type-simple"},"yoast_head":"<!-- This site is optimized with the Yoast SEO plugin v27.3 - https:\/\/yoast.com\/product\/yoast-seo-wordpress\/ -->\n<title>700ml\/750ml Round Empty Whiskey Bottle Wholesale<\/title>\n<meta name=\"description\" content=\"Do you want to buy Whsikey Bottle in Bulk for Your Brand? Ruisheng, a professional liquor bottle manufacturer, provide 700ml\/750ml Round Empty Whiskey Bottle Wholesale.\" \/>\n<meta name=\"robots\" content=\"index, follow, max-snippet:-1, max-image-preview:large, max-video-preview:-1\" \/>\n<link rel=\"canonical\" href=\"https:\/\/ruishengglassco.com\/product\/rs025-700ml-750ml-round-empty-whiskey-bottles\" \/>\n<meta property=\"og:locale\" content=\"fr_FR\" \/>\n<meta property=\"og:type\" content=\"article\" \/>\n<meta property=\"og:title\" content=\"700ml\/750ml Round Empty Whiskey Bottle Wholesale\" \/>\n<meta property=\"og:description\" content=\"Do you want to buy Whsikey Bottle in Bulk for Your Brand? Ruisheng, a professional liquor bottle manufacturer, provide 700ml\/750ml Round Empty Whiskey Bottle Wholesale.\" \/>\n<meta property=\"og:url\" content=\"https:\/\/ruishengglassco.com\/product\/rs025-700ml-750ml-round-empty-whiskey-bottles\" \/>\n<meta property=\"og:site_name\" content=\"Glass Bottle Wholesale\" \/>\n<meta property=\"article:modified_time\" content=\"2025-07-10T02:44:50+00:00\" \/>\n<meta property=\"og:image\" content=\"https:\/\/glassbottlewholesale.com\/wp-content\/uploads\/2024\/01\/rs104-1.jpg\" \/>\n\t<meta property=\"og:image:width\" content=\"800\" \/>\n\t<meta property=\"og:image:height\" content=\"800\" \/>\n\t<meta property=\"og:image:type\" content=\"image\/jpeg\" \/>\n<meta name=\"twitter:card\" content=\"summary_large_image\" \/>\n<meta name=\"twitter:label1\" content=\"Dur\u00e9e de lecture estim\u00e9e\" \/>\n\t<meta name=\"twitter:data1\" content=\"1 minute\" \/>\n<script type=\"application\/ld+json\" class=\"yoast-schema-graph\">{\"@context\":\"https:\\\/\\\/schema.org\",\"@graph\":[{\"@type\":\"WebPage\",\"@id\":\"https:\\\/\\\/glassbottlewholesale.com\\\/700ml-750ml-round-empty-whiskey-bottles\\\/\",\"url\":\"https:\\\/\\\/ruishengglassco.com\\\/product\\\/rs025-700ml-750ml-round-empty-whiskey-bottles\",\"name\":\"700ml\\\/750ml Round Empty Whiskey Bottle Wholesale\",\"isPartOf\":{\"@id\":\"https:\\\/\\\/glassbottlewholesale.com\\\/#website\"},\"primaryImageOfPage\":{\"@id\":\"https:\\\/\\\/ruishengglassco.com\\\/product\\\/rs025-700ml-750ml-round-empty-whiskey-bottles#primaryimage\"},\"image\":{\"@id\":\"https:\\\/\\\/ruishengglassco.com\\\/product\\\/rs025-700ml-750ml-round-empty-whiskey-bottles#primaryimage\"},\"thumbnailUrl\":\"https:\\\/\\\/glassbottlewholesale.com\\\/wp-content\\\/uploads\\\/2024\\\/01\\\/rs104-1.jpg\",\"datePublished\":\"2020-12-08T06:41:53+00:00\",\"dateModified\":\"2025-07-10T02:44:50+00:00\",\"description\":\"Do you want to buy Whsikey Bottle in Bulk for Your Brand? Ruisheng, a professional liquor bottle manufacturer, provide 700ml\\\/750ml Round Empty Whiskey Bottle Wholesale.\",\"breadcrumb\":{\"@id\":\"https:\\\/\\\/ruishengglassco.com\\\/product\\\/rs025-700ml-750ml-round-empty-whiskey-bottles#breadcrumb\"},\"inLanguage\":\"fr-FR\",\"potentialAction\":[{\"@type\":\"ReadAction\",\"target\":[\"https:\\\/\\\/ruishengglassco.com\\\/product\\\/rs025-700ml-750ml-round-empty-whiskey-bottles\"]}]},{\"@type\":\"ImageObject\",\"inLanguage\":\"fr-FR\",\"@id\":\"https:\\\/\\\/ruishengglassco.com\\\/product\\\/rs025-700ml-750ml-round-empty-whiskey-bottles#primaryimage\",\"url\":\"https:\\\/\\\/glassbottlewholesale.com\\\/wp-content\\\/uploads\\\/2024\\\/01\\\/rs104-1.jpg\",\"contentUrl\":\"https:\\\/\\\/glassbottlewholesale.com\\\/wp-content\\\/uploads\\\/2024\\\/01\\\/rs104-1.jpg\",\"width\":800,\"height\":800,\"caption\":\"RS104: Bulk Glass Liquor Bottles With Corks Wholesale\"},{\"@type\":\"BreadcrumbList\",\"@id\":\"https:\\\/\\\/ruishengglassco.com\\\/product\\\/rs025-700ml-750ml-round-empty-whiskey-bottles#breadcrumb\",\"itemListElement\":[{\"@type\":\"ListItem\",\"position\":1,\"name\":\"Home\",\"item\":\"https:\\\/\\\/glassbottlewholesale.com\\\/\"},{\"@type\":\"ListItem\",\"position\":2,\"name\":\"Products\",\"item\":\"https:\\\/\\\/glassbottlewholesale.com\\\/shop\\\/\"},{\"@type\":\"ListItem\",\"position\":3,\"name\":\"RS025 700ml\\\/750ml Round Empty Whiskey Bottles\"}]},{\"@type\":\"WebSite\",\"@id\":\"https:\\\/\\\/glassbottlewholesale.com\\\/#website\",\"url\":\"https:\\\/\\\/glassbottlewholesale.com\\\/\",\"name\":\"Glass Bottle Wholesale\",\"description\":\"\",\"publisher\":{\"@id\":\"https:\\\/\\\/glassbottlewholesale.com\\\/#organization\"},\"potentialAction\":[{\"@type\":\"SearchAction\",\"target\":{\"@type\":\"EntryPoint\",\"urlTemplate\":\"https:\\\/\\\/glassbottlewholesale.com\\\/?s={search_term_string}\"},\"query-input\":{\"@type\":\"PropertyValueSpecification\",\"valueRequired\":true,\"valueName\":\"search_term_string\"}}],\"inLanguage\":\"fr-FR\"},{\"@type\":\"Organization\",\"@id\":\"https:\\\/\\\/glassbottlewholesale.com\\\/#organization\",\"name\":\"Glass Bottle Wholesale\",\"url\":\"https:\\\/\\\/glassbottlewholesale.com\\\/\",\"logo\":{\"@type\":\"ImageObject\",\"inLanguage\":\"fr-FR\",\"@id\":\"https:\\\/\\\/glassbottlewholesale.com\\\/#\\\/schema\\\/logo\\\/image\\\/\",\"url\":\"https:\\\/\\\/glassbottlewholesale.com\\\/wp-content\\\/uploads\\\/2023\\\/12\\\/ruisheng-logo.webp\",\"contentUrl\":\"https:\\\/\\\/glassbottlewholesale.com\\\/wp-content\\\/uploads\\\/2023\\\/12\\\/ruisheng-logo.webp\",\"width\":400,\"height\":233,\"caption\":\"Glass Bottle Wholesale\"},\"image\":{\"@id\":\"https:\\\/\\\/glassbottlewholesale.com\\\/#\\\/schema\\\/logo\\\/image\\\/\"}}]}<\/script>\n<!-- \/ Yoast SEO plugin. -->","yoast_head_json":{"title":"700ml\/750ml Round Empty Whiskey Bottle Wholesale","description":"Do you want to buy Whsikey Bottle in Bulk for Your Brand? Ruisheng, a professional liquor bottle manufacturer, provide 700ml\/750ml Round Empty Whiskey Bottle Wholesale.","robots":{"index":"index","follow":"follow","max-snippet":"max-snippet:-1","max-image-preview":"max-image-preview:large","max-video-preview":"max-video-preview:-1"},"canonical":"https:\/\/ruishengglassco.com\/product\/rs025-700ml-750ml-round-empty-whiskey-bottles","og_locale":"fr_FR","og_type":"article","og_title":"700ml\/750ml Round Empty Whiskey Bottle Wholesale","og_description":"Do you want to buy Whsikey Bottle in Bulk for Your Brand? Ruisheng, a professional liquor bottle manufacturer, provide 700ml\/750ml Round Empty Whiskey Bottle Wholesale.","og_url":"https:\/\/ruishengglassco.com\/product\/rs025-700ml-750ml-round-empty-whiskey-bottles","og_site_name":"Glass Bottle Wholesale","article_modified_time":"2025-07-10T02:44:50+00:00","og_image":[{"width":800,"height":800,"url":"https:\/\/glassbottlewholesale.com\/wp-content\/uploads\/2024\/01\/rs104-1.jpg","type":"image\/jpeg"}],"twitter_card":"summary_large_image","twitter_misc":{"Dur\u00e9e de lecture estim\u00e9e":"1 minute"},"schema":{"@context":"https:\/\/schema.org","@graph":[{"@type":"WebPage","@id":"https:\/\/glassbottlewholesale.com\/700ml-750ml-round-empty-whiskey-bottles\/","url":"https:\/\/ruishengglassco.com\/product\/rs025-700ml-750ml-round-empty-whiskey-bottles","name":"700ml\/750ml Round Empty Whiskey Bottle Wholesale","isPartOf":{"@id":"https:\/\/glassbottlewholesale.com\/#website"},"primaryImageOfPage":{"@id":"https:\/\/ruishengglassco.com\/product\/rs025-700ml-750ml-round-empty-whiskey-bottles#primaryimage"},"image":{"@id":"https:\/\/ruishengglassco.com\/product\/rs025-700ml-750ml-round-empty-whiskey-bottles#primaryimage"},"thumbnailUrl":"https:\/\/glassbottlewholesale.com\/wp-content\/uploads\/2024\/01\/rs104-1.jpg","datePublished":"2020-12-08T06:41:53+00:00","dateModified":"2025-07-10T02:44:50+00:00","description":"Do you want to buy Whsikey Bottle in Bulk for Your Brand? Ruisheng, a professional liquor bottle manufacturer, provide 700ml\/750ml Round Empty Whiskey Bottle Wholesale.","breadcrumb":{"@id":"https:\/\/ruishengglassco.com\/product\/rs025-700ml-750ml-round-empty-whiskey-bottles#breadcrumb"},"inLanguage":"fr-FR","potentialAction":[{"@type":"ReadAction","target":["https:\/\/ruishengglassco.com\/product\/rs025-700ml-750ml-round-empty-whiskey-bottles"]}]},{"@type":"ImageObject","inLanguage":"fr-FR","@id":"https:\/\/ruishengglassco.com\/product\/rs025-700ml-750ml-round-empty-whiskey-bottles#primaryimage","url":"https:\/\/glassbottlewholesale.com\/wp-content\/uploads\/2024\/01\/rs104-1.jpg","contentUrl":"https:\/\/glassbottlewholesale.com\/wp-content\/uploads\/2024\/01\/rs104-1.jpg","width":800,"height":800,"caption":"RS104: Bulk Glass Liquor Bottles With Corks Wholesale"},{"@type":"BreadcrumbList","@id":"https:\/\/ruishengglassco.com\/product\/rs025-700ml-750ml-round-empty-whiskey-bottles#breadcrumb","itemListElement":[{"@type":"ListItem","position":1,"name":"Home","item":"https:\/\/glassbottlewholesale.com\/"},{"@type":"ListItem","position":2,"name":"Products","item":"https:\/\/glassbottlewholesale.com\/shop\/"},{"@type":"ListItem","position":3,"name":"RS025 700ml\/750ml Round Empty Whiskey Bottles"}]},{"@type":"WebSite","@id":"https:\/\/glassbottlewholesale.com\/#website","url":"https:\/\/glassbottlewholesale.com\/","name":"Glass Bottle Wholesale","description":"","publisher":{"@id":"https:\/\/glassbottlewholesale.com\/#organization"},"potentialAction":[{"@type":"SearchAction","target":{"@type":"EntryPoint","urlTemplate":"https:\/\/glassbottlewholesale.com\/?s={search_term_string}"},"query-input":{"@type":"PropertyValueSpecification","valueRequired":true,"valueName":"search_term_string"}}],"inLanguage":"fr-FR"},{"@type":"Organization","@id":"https:\/\/glassbottlewholesale.com\/#organization","name":"Glass Bottle Wholesale","url":"https:\/\/glassbottlewholesale.com\/","logo":{"@type":"ImageObject","inLanguage":"fr-FR","@id":"https:\/\/glassbottlewholesale.com\/#\/schema\/logo\/image\/","url":"https:\/\/glassbottlewholesale.com\/wp-content\/uploads\/2023\/12\/ruisheng-logo.webp","contentUrl":"https:\/\/glassbottlewholesale.com\/wp-content\/uploads\/2023\/12\/ruisheng-logo.webp","width":400,"height":233,"caption":"Glass Bottle Wholesale"},"image":{"@id":"https:\/\/glassbottlewholesale.com\/#\/schema\/logo\/image\/"}}]}},"_links":{"self":[{"href":"https:\/\/glassbottlewholesale.com\/fr\/wp-json\/wp\/v2\/product\/2414","targetHints":{"allow":["GET"]}}],"collection":[{"href":"https:\/\/glassbottlewholesale.com\/fr\/wp-json\/wp\/v2\/product"}],"about":[{"href":"https:\/\/glassbottlewholesale.com\/fr\/wp-json\/wp\/v2\/types\/product"}],"replies":[{"embeddable":true,"href":"https:\/\/glassbottlewholesale.com\/fr\/wp-json\/wp\/v2\/comments?post=2414"}],"wp:featuredmedia":[{"embeddable":true,"href":"https:\/\/glassbottlewholesale.com\/fr\/wp-json\/wp\/v2\/media\/4489"}],"wp:attachment":[{"href":"https:\/\/glassbottlewholesale.com\/fr\/wp-json\/wp\/v2\/media?parent=2414"}],"wp:term":[{"taxonomy":"product_brand","embeddable":true,"href":"https:\/\/glassbottlewholesale.com\/fr\/wp-json\/wp\/v2\/product_brand?post=2414"},{"taxonomy":"product_cat","embeddable":true,"href":"https:\/\/glassbottlewholesale.com\/fr\/wp-json\/wp\/v2\/product_cat?post=2414"},{"taxonomy":"product_tag","embeddable":true,"href":"https:\/\/glassbottlewholesale.com\/fr\/wp-json\/wp\/v2\/product_tag?post=2414"}],"curies":[{"name":"wp","href":"https:\/\/api.w.org\/{rel}","templated":true}]}}