{"id":2451,"date":"2021-01-26T03:27:47","date_gmt":"2021-01-26T03:27:47","guid":{"rendered":"https:\/\/glassbottlewholesale.com\/?post_type=product&#038;p=2451"},"modified":"2026-01-26T05:20:09","modified_gmt":"2026-01-26T05:20:09","slug":"bouteilles-de-whisky-500ml-700ml-750ml-old-design-wholesale","status":"publish","type":"product","link":"https:\/\/glassbottlewholesale.com\/fr\/bouteilles-de-whisky-500ml-700ml-750ml-old-design-wholesale\/","title":{"rendered":"RE024 500 ml\/700 ml\/750 ml bouteilles de whisky de conception ancienne en gros"},"content":{"rendered":"<div class=\"wpb-content-wrapper\"><div class=\"vc_row wpb_row vc_row-fluid\"><div class=\"wpb_column vc_column_container vc_col-sm-12\"><div class=\"vc_column-inner\"><div class=\"wpb_wrapper\">\n\t<div class=\"wpb_text_column wpb_content_element\" >\n\t\t<div class=\"wpb_wrapper\">\n\t\t\t<h3>Informations d\u00e9taill\u00e9es sur les bouteilles de whisky 500ml\/700ml\/750ml Old Whisky Bottles Wholesale<\/h3>\n<p><a href=\"https:\/\/ruishengglassco.com\/about\">Ruisheng,<\/a> fabricant et fournisseur professionnel de bouteilles de whisky, s'occupe de la vente en gros et de la fabrication de bouteilles de whisky depuis plus de 10 ans. Nous disposons de la ligne de production de bouteilles de whisky enti\u00e8rement automatis\u00e9e la plus avanc\u00e9e au monde. Les produits fabriqu\u00e9s ont une haute d\u00e9finition et ne sont pas faciles \u00e0 endommager. La production journali\u00e8re peut atteindre 200 000 pi\u00e8ces, ce qui permet de produire les bouteilles de whisky demand\u00e9es par les clients dans les plus brefs d\u00e9lais. En tant qu'usine de production de bouteilles, nous fournissons des services de personnalisation OEM\/ODM. Il vous suffit de fournir l'\u00e9chantillon de conception et le logo de la marque, nous pouvons vous aider \u00e0 produire la bouteille de whisky pour r\u00e9pondre aux exigences.<\/p>\n<h4>Pr\u00e9occupations des clients<\/h4>\n<ol>\n<li><strong>La MOQ de la bouteille de whisky<\/strong><\/li>\n<\/ol>\n<p>En tant que fabricant professionnel de bouteilles de whisky, nous fournissons uniquement un service de vente en gros de bouteilles de whisky, et non de vente au d\u00e9tail. Compte tenu de notre client\u00e8le, de l'emballage, de l'exp\u00e9dition et d'autres facteurs, notre service de vente en gros de bouteilles de whisky n'est pas un service de vente au d\u00e9tail. <strong>Le MOQ est de <span class=\"mceItemHidden\">10000 PCS\uff08Around 20000 pcs)<\/span><\/strong><\/p>\n<p><strong>2. \u00c0 propos de l'emballage<\/strong><\/p>\n<p>Comme nous le savons tous, les bouteilles de vin sont des marchandises fragiles et nous devons donc pr\u00eater attention \u00e0 l'emballage. Nous utilisons des emballages s\u00fbrs, tels qu'une bo\u00eete int\u00e9rieure, un emballage en vrac, une bo\u00eete en couleur, une bo\u00eete blanche, une bo\u00eete d'exposition ou une palette d'exportation standard, \u00e0 la demande du client.<\/p>\n<p><strong>3. D\u00e9lai de livraison<\/strong><\/p>\n<ul>\n<li>Pour les produits en stock : 7 jours apr\u00e8s r\u00e9ception du paiement.<\/li>\n<li>Pour les produits en rupture de stock : 25 ~ 40 jours apr\u00e8s r\u00e9ception du paiement.<\/li>\n<\/ul>\n<p>&nbsp;<\/p>\n\n\t\t<\/div>\n\t<\/div>\n<\/div><\/div><\/div><\/div>\n<\/div>","protected":false},"excerpt":{"rendered":"<p>Ruisheng, l'un des meilleurs fabricants de bouteilles de whisky en Chine, fournit des bouteilles de whisky anciennes en gros de Chine. Fabricant professionnel de bouteilles de whisky avec plus de 10 ans d'exp\u00e9rience de fabrication. Nous proposons des bouteilles de whisky de haute qualit\u00e9 pour les marques, les entreprises, les grossistes et les distributeurs de bouteilles en verre.<\/p>\n<ul>\n<li>Article : Bouteille de whisky Old Design Whiskey Wholesale<\/li>\n<li>No.:RS024<\/li>\n<li><strong>Quantit\u00e9 minimale de commande\u00a0: 10000\u00a0pi\u00e8ces<\/strong><\/li>\n<li>Mat\u00e9riau : Verre \u00e0 super silex<\/li>\n<li>Service OEM\/ODM offert<\/li>\n<li>Type de fermeture : Bouchon en li\u00e8ge \/ bouchon \u00e0 vis<\/li>\n<li>Sp\u00e9cification : 50ml-1500ml<\/li>\n<li>M\u00e9thode d'emballage : Emballage standard pour l'exportation ou emballage personnalis\u00e9<\/li>\n<li>D\u00e9lai de livraison : 20 \u00e0 30 jours en fonction de la taille et de la quantit\u00e9 souhait\u00e9es.<\/li>\n<\/ul>\n<p>Si vous \u00eates int\u00e9ress\u00e9 par nos vieilles bouteilles de whisky en gros, <a href=\"https:\/\/glassbottlewholesale.com\/fr\/contact\/\">Cliquez ici<\/a> pour obtenir un devis.<\/p>","protected":false},"featured_media":4781,"comment_status":"open","ping_status":"closed","template":"","meta":[],"product_brand":[],"product_cat":[50,51,52,63,68],"product_tag":[],"class_list":{"0":"post-2451","1":"product","2":"type-product","3":"status-publish","4":"has-post-thumbnail","6":"product_cat-500ml-glass-bottle","7":"product_cat-700ml-glass-bottle","8":"product_cat-750ml-glass-bottle","9":"product_cat-liquor-bottle","10":"product_cat-whiskey-bottle","11":"entry","12":"has-media","14":"first","15":"instock","16":"shipping-taxable","17":"product-type-simple"},"yoast_head":"<!-- This site is optimized with the Yoast SEO plugin v27.3 - https:\/\/yoast.com\/product\/yoast-seo-wordpress\/ -->\n<title>Old Whisky Bottles Wholesale | Best Whiskey Bottles Manufacturer<\/title>\n<meta name=\"description\" content=\"Want to buy Old Whisky Bottles Wholesale? Click here to get whisky bottle from best whiskey bottles manufacturer China.\" \/>\n<meta name=\"robots\" content=\"index, follow, max-snippet:-1, max-image-preview:large, max-video-preview:-1\" \/>\n<link rel=\"canonical\" href=\"https:\/\/ruishengglassco.com\/re024-500ml-700ml-750ml-old-design-whisky-bottles-manufacturers\" \/>\n<meta property=\"og:locale\" content=\"fr_FR\" \/>\n<meta property=\"og:type\" content=\"article\" \/>\n<meta property=\"og:title\" content=\"Old Whisky Bottles Wholesale | Best Whiskey Bottles Manufacturer\" \/>\n<meta property=\"og:description\" content=\"Want to buy Old Whisky Bottles Wholesale? Click here to get whisky bottle from best whiskey bottles manufacturer China.\" \/>\n<meta property=\"og:url\" content=\"https:\/\/ruishengglassco.com\/re024-500ml-700ml-750ml-old-design-whisky-bottles-manufacturers\" \/>\n<meta property=\"og:site_name\" content=\"Glass Bottle Wholesale\" \/>\n<meta property=\"article:modified_time\" content=\"2026-01-26T05:20:09+00:00\" \/>\n<meta property=\"og:image\" content=\"https:\/\/glassbottlewholesale.com\/wp-content\/uploads\/2024\/04\/glass-bottle-manufacturing-31-2.png\" \/>\n\t<meta property=\"og:image:width\" content=\"800\" \/>\n\t<meta property=\"og:image:height\" content=\"800\" \/>\n\t<meta property=\"og:image:type\" content=\"image\/png\" \/>\n<meta name=\"twitter:card\" content=\"summary_large_image\" \/>\n<meta name=\"twitter:label1\" content=\"Dur\u00e9e de lecture estim\u00e9e\" \/>\n\t<meta name=\"twitter:data1\" content=\"2 minutes\" \/>\n<script type=\"application\/ld+json\" class=\"yoast-schema-graph\">{\"@context\":\"https:\\\/\\\/schema.org\",\"@graph\":[{\"@type\":\"WebPage\",\"@id\":\"https:\\\/\\\/glassbottlewholesale.com\\\/500ml-700ml-750ml-old-design-whisky-bottles-wholesale\\\/\",\"url\":\"https:\\\/\\\/ruishengglassco.com\\\/re024-500ml-700ml-750ml-old-design-whisky-bottles-manufacturers\",\"name\":\"Old Whisky Bottles Wholesale | Best Whiskey Bottles Manufacturer\",\"isPartOf\":{\"@id\":\"https:\\\/\\\/glassbottlewholesale.com\\\/#website\"},\"primaryImageOfPage\":{\"@id\":\"https:\\\/\\\/ruishengglassco.com\\\/re024-500ml-700ml-750ml-old-design-whisky-bottles-manufacturers#primaryimage\"},\"image\":{\"@id\":\"https:\\\/\\\/ruishengglassco.com\\\/re024-500ml-700ml-750ml-old-design-whisky-bottles-manufacturers#primaryimage\"},\"thumbnailUrl\":\"https:\\\/\\\/glassbottlewholesale.com\\\/wp-content\\\/uploads\\\/2024\\\/04\\\/glass-bottle-manufacturing-31-2.png\",\"datePublished\":\"2021-01-26T03:27:47+00:00\",\"dateModified\":\"2026-01-26T05:20:09+00:00\",\"description\":\"Want to buy Old Whisky Bottles Wholesale? Click here to get whisky bottle from best whiskey bottles manufacturer China.\",\"breadcrumb\":{\"@id\":\"https:\\\/\\\/ruishengglassco.com\\\/re024-500ml-700ml-750ml-old-design-whisky-bottles-manufacturers#breadcrumb\"},\"inLanguage\":\"fr-FR\",\"potentialAction\":[{\"@type\":\"ReadAction\",\"target\":[\"https:\\\/\\\/ruishengglassco.com\\\/re024-500ml-700ml-750ml-old-design-whisky-bottles-manufacturers\"]}]},{\"@type\":\"ImageObject\",\"inLanguage\":\"fr-FR\",\"@id\":\"https:\\\/\\\/ruishengglassco.com\\\/re024-500ml-700ml-750ml-old-design-whisky-bottles-manufacturers#primaryimage\",\"url\":\"https:\\\/\\\/glassbottlewholesale.com\\\/wp-content\\\/uploads\\\/2024\\\/04\\\/glass-bottle-manufacturing-31-2.png\",\"contentUrl\":\"https:\\\/\\\/glassbottlewholesale.com\\\/wp-content\\\/uploads\\\/2024\\\/04\\\/glass-bottle-manufacturing-31-2.png\",\"width\":800,\"height\":800,\"caption\":\"RE024 500ml\\\/700ml\\\/750ml Old Design Whisky Bottles Wholesale\"},{\"@type\":\"BreadcrumbList\",\"@id\":\"https:\\\/\\\/ruishengglassco.com\\\/re024-500ml-700ml-750ml-old-design-whisky-bottles-manufacturers#breadcrumb\",\"itemListElement\":[{\"@type\":\"ListItem\",\"position\":1,\"name\":\"Home\",\"item\":\"https:\\\/\\\/glassbottlewholesale.com\\\/\"},{\"@type\":\"ListItem\",\"position\":2,\"name\":\"Products\",\"item\":\"https:\\\/\\\/glassbottlewholesale.com\\\/shop\\\/\"},{\"@type\":\"ListItem\",\"position\":3,\"name\":\"RE024 500ml\\\/700ml\\\/750ml Old Design Whisky Bottles Wholesale\"}]},{\"@type\":\"WebSite\",\"@id\":\"https:\\\/\\\/glassbottlewholesale.com\\\/#website\",\"url\":\"https:\\\/\\\/glassbottlewholesale.com\\\/\",\"name\":\"Glass Bottle Wholesale\",\"description\":\"\",\"publisher\":{\"@id\":\"https:\\\/\\\/glassbottlewholesale.com\\\/#organization\"},\"potentialAction\":[{\"@type\":\"SearchAction\",\"target\":{\"@type\":\"EntryPoint\",\"urlTemplate\":\"https:\\\/\\\/glassbottlewholesale.com\\\/?s={search_term_string}\"},\"query-input\":{\"@type\":\"PropertyValueSpecification\",\"valueRequired\":true,\"valueName\":\"search_term_string\"}}],\"inLanguage\":\"fr-FR\"},{\"@type\":\"Organization\",\"@id\":\"https:\\\/\\\/glassbottlewholesale.com\\\/#organization\",\"name\":\"Glass Bottle Wholesale\",\"url\":\"https:\\\/\\\/glassbottlewholesale.com\\\/\",\"logo\":{\"@type\":\"ImageObject\",\"inLanguage\":\"fr-FR\",\"@id\":\"https:\\\/\\\/glassbottlewholesale.com\\\/#\\\/schema\\\/logo\\\/image\\\/\",\"url\":\"https:\\\/\\\/glassbottlewholesale.com\\\/wp-content\\\/uploads\\\/2023\\\/12\\\/ruisheng-logo.webp\",\"contentUrl\":\"https:\\\/\\\/glassbottlewholesale.com\\\/wp-content\\\/uploads\\\/2023\\\/12\\\/ruisheng-logo.webp\",\"width\":400,\"height\":233,\"caption\":\"Glass Bottle Wholesale\"},\"image\":{\"@id\":\"https:\\\/\\\/glassbottlewholesale.com\\\/#\\\/schema\\\/logo\\\/image\\\/\"}}]}<\/script>\n<!-- \/ Yoast SEO plugin. -->","yoast_head_json":{"title":"Old Whisky Bottles Wholesale | Best Whiskey Bottles Manufacturer","description":"Vous voulez acheter Old Whisky Bottles Wholesale ? Cliquez ici pour obtenir des bouteilles de whisky du meilleur fabricant de bouteilles de whisky en Chine.","robots":{"index":"index","follow":"follow","max-snippet":"max-snippet:-1","max-image-preview":"max-image-preview:large","max-video-preview":"max-video-preview:-1"},"canonical":"https:\/\/ruishengglassco.com\/re024-500ml-700ml-750ml-old-design-whisky-bottles-manufacturers","og_locale":"fr_FR","og_type":"article","og_title":"Old Whisky Bottles Wholesale | Best Whiskey Bottles Manufacturer","og_description":"Want to buy Old Whisky Bottles Wholesale? Click here to get whisky bottle from best whiskey bottles manufacturer China.","og_url":"https:\/\/ruishengglassco.com\/re024-500ml-700ml-750ml-old-design-whisky-bottles-manufacturers","og_site_name":"Glass Bottle Wholesale","article_modified_time":"2026-01-26T05:20:09+00:00","og_image":[{"width":800,"height":800,"url":"https:\/\/glassbottlewholesale.com\/wp-content\/uploads\/2024\/04\/glass-bottle-manufacturing-31-2.png","type":"image\/png"}],"twitter_card":"summary_large_image","twitter_misc":{"Dur\u00e9e de lecture estim\u00e9e":"2 minutes"},"schema":{"@context":"https:\/\/schema.org","@graph":[{"@type":"WebPage","@id":"https:\/\/glassbottlewholesale.com\/500ml-700ml-750ml-old-design-whisky-bottles-wholesale\/","url":"https:\/\/ruishengglassco.com\/re024-500ml-700ml-750ml-old-design-whisky-bottles-manufacturers","name":"Old Whisky Bottles Wholesale | Best Whiskey Bottles Manufacturer","isPartOf":{"@id":"https:\/\/glassbottlewholesale.com\/#website"},"primaryImageOfPage":{"@id":"https:\/\/ruishengglassco.com\/re024-500ml-700ml-750ml-old-design-whisky-bottles-manufacturers#primaryimage"},"image":{"@id":"https:\/\/ruishengglassco.com\/re024-500ml-700ml-750ml-old-design-whisky-bottles-manufacturers#primaryimage"},"thumbnailUrl":"https:\/\/glassbottlewholesale.com\/wp-content\/uploads\/2024\/04\/glass-bottle-manufacturing-31-2.png","datePublished":"2021-01-26T03:27:47+00:00","dateModified":"2026-01-26T05:20:09+00:00","description":"Vous voulez acheter Old Whisky Bottles Wholesale ? Cliquez ici pour obtenir des bouteilles de whisky du meilleur fabricant de bouteilles de whisky en Chine.","breadcrumb":{"@id":"https:\/\/ruishengglassco.com\/re024-500ml-700ml-750ml-old-design-whisky-bottles-manufacturers#breadcrumb"},"inLanguage":"fr-FR","potentialAction":[{"@type":"ReadAction","target":["https:\/\/ruishengglassco.com\/re024-500ml-700ml-750ml-old-design-whisky-bottles-manufacturers"]}]},{"@type":"ImageObject","inLanguage":"fr-FR","@id":"https:\/\/ruishengglassco.com\/re024-500ml-700ml-750ml-old-design-whisky-bottles-manufacturers#primaryimage","url":"https:\/\/glassbottlewholesale.com\/wp-content\/uploads\/2024\/04\/glass-bottle-manufacturing-31-2.png","contentUrl":"https:\/\/glassbottlewholesale.com\/wp-content\/uploads\/2024\/04\/glass-bottle-manufacturing-31-2.png","width":800,"height":800,"caption":"RE024 500ml\/700ml\/750ml Old Design Whisky Bottles Wholesale"},{"@type":"BreadcrumbList","@id":"https:\/\/ruishengglassco.com\/re024-500ml-700ml-750ml-old-design-whisky-bottles-manufacturers#breadcrumb","itemListElement":[{"@type":"ListItem","position":1,"name":"Home","item":"https:\/\/glassbottlewholesale.com\/"},{"@type":"ListItem","position":2,"name":"Products","item":"https:\/\/glassbottlewholesale.com\/shop\/"},{"@type":"ListItem","position":3,"name":"RE024 500ml\/700ml\/750ml Old Design Whisky Bottles Wholesale"}]},{"@type":"WebSite","@id":"https:\/\/glassbottlewholesale.com\/#website","url":"https:\/\/glassbottlewholesale.com\/","name":"Glass Bottle Wholesale","description":"","publisher":{"@id":"https:\/\/glassbottlewholesale.com\/#organization"},"potentialAction":[{"@type":"SearchAction","target":{"@type":"EntryPoint","urlTemplate":"https:\/\/glassbottlewholesale.com\/?s={search_term_string}"},"query-input":{"@type":"PropertyValueSpecification","valueRequired":true,"valueName":"search_term_string"}}],"inLanguage":"fr-FR"},{"@type":"Organization","@id":"https:\/\/glassbottlewholesale.com\/#organization","name":"Glass Bottle Wholesale","url":"https:\/\/glassbottlewholesale.com\/","logo":{"@type":"ImageObject","inLanguage":"fr-FR","@id":"https:\/\/glassbottlewholesale.com\/#\/schema\/logo\/image\/","url":"https:\/\/glassbottlewholesale.com\/wp-content\/uploads\/2023\/12\/ruisheng-logo.webp","contentUrl":"https:\/\/glassbottlewholesale.com\/wp-content\/uploads\/2023\/12\/ruisheng-logo.webp","width":400,"height":233,"caption":"Glass Bottle Wholesale"},"image":{"@id":"https:\/\/glassbottlewholesale.com\/#\/schema\/logo\/image\/"}}]}},"_links":{"self":[{"href":"https:\/\/glassbottlewholesale.com\/fr\/wp-json\/wp\/v2\/product\/2451","targetHints":{"allow":["GET"]}}],"collection":[{"href":"https:\/\/glassbottlewholesale.com\/fr\/wp-json\/wp\/v2\/product"}],"about":[{"href":"https:\/\/glassbottlewholesale.com\/fr\/wp-json\/wp\/v2\/types\/product"}],"replies":[{"embeddable":true,"href":"https:\/\/glassbottlewholesale.com\/fr\/wp-json\/wp\/v2\/comments?post=2451"}],"wp:featuredmedia":[{"embeddable":true,"href":"https:\/\/glassbottlewholesale.com\/fr\/wp-json\/wp\/v2\/media\/4781"}],"wp:attachment":[{"href":"https:\/\/glassbottlewholesale.com\/fr\/wp-json\/wp\/v2\/media?parent=2451"}],"wp:term":[{"taxonomy":"product_brand","embeddable":true,"href":"https:\/\/glassbottlewholesale.com\/fr\/wp-json\/wp\/v2\/product_brand?post=2451"},{"taxonomy":"product_cat","embeddable":true,"href":"https:\/\/glassbottlewholesale.com\/fr\/wp-json\/wp\/v2\/product_cat?post=2451"},{"taxonomy":"product_tag","embeddable":true,"href":"https:\/\/glassbottlewholesale.com\/fr\/wp-json\/wp\/v2\/product_tag?post=2451"}],"curies":[{"name":"wp","href":"https:\/\/api.w.org\/{rel}","templated":true}]}}