{"id":2495,"date":"2021-03-10T03:54:10","date_gmt":"2021-03-10T03:54:10","guid":{"rendered":"https:\/\/glassbottlewholesale.com\/?post_type=product&#038;p=2495"},"modified":"2025-06-23T09:20:15","modified_gmt":"2025-06-23T09:20:15","slug":"prix-de-gros-de-la-bouteille-bleue-de-gin-de-750-ml-expedition-au-royaume-uni","status":"publish","type":"product","link":"https:\/\/glassbottlewholesale.com\/fr\/prix-de-gros-de-la-bouteille-bleue-de-gin-de-750-ml-expedition-au-royaume-uni\/","title":{"rendered":"RS020\u00a0: Prix de gros de la bouteille bleue de gin de 750\u00a0ml, exp\u00e9dition au Royaume-Uni"},"content":{"rendered":"<h3>Informations d\u00e9taill\u00e9es sur le prix de gros de la bouteille bleue de gin de 750 ml, exp\u00e9dition au Royaume-Uni<\/h3>\n<p>Cette bouteille d&#039;alcool en verre de s\u00e9rie est principalement con\u00e7ue pour l&#039;emballage de gin sec, mais peut \u00e9galement \u00eatre utilis\u00e9e comme bouteille de spiritueux, bouteille de whisky, bouteille de vodka, bouteille de tequila et autres emballages de boissons. Notre bouteille bleue de gin de 750 ml en gros adopte un mat\u00e9riau en verre sans plomb \u00e0 haute teneur en silex qui est respectueux de notre environnement, clair, beau et difficile \u00e0 briser.<\/p>\n<p>En tant que fabricant professionnel de bouteilles en verre, nous acceptons les services OEM\/ODM et de bouteilles en verre personnalis\u00e9es. Si vous avez des exigences concernant nos bouteilles de gin en gros, veuillez discuter avec nos ventes.<\/p>\n<p>&nbsp;<\/p>\n<ul>\n<li>Nom du produit: prix de gros de la bouteille bleue de gin de 750 ml<\/li>\n<li>Num\u00e9ro de mod\u00e8le: RS020<\/li>\n<li>Nom de la marque: RUISHENG<\/li>\n<li>Traitement des surfaces\u00a0: s\u00e9rigraphie<\/li>\n<li>Utilisation industrielle\u00a0: Boissons<\/li>\n<li>Mat\u00e9riau de base : verre silex borosilicat\u00e9.<\/li>\n<li>Mat\u00e9riau du corps : verre silex borosilicat\u00e9<\/li>\n<li>Mat\u00e9riau du collier : verre silex borosilicat\u00e9.<\/li>\n<li>Type de fermeture : li\u00e8ge, bouchon \u00e0 vis.<\/li>\n<li>Lieu d&#039;origine : Shandong, Chine<\/li>\n<li>Mat\u00e9riau de la bouteille : mat\u00e9riau blanc cristallin, mat\u00e9riau extr\u00eamement blanc.<\/li>\n<li>Utilisation: Gin, huile, whisky, tequila, vodka, brandy, eau, boisson, etc.<\/li>\n<li>Couleur de la bouteille\u00a0:\u00a0bleu ou couleur personnalis\u00e9e<\/li>\n<li>Quantit\u00e9 minimale de commande\u00a0: 10000\u00a0pi\u00e8ces<\/li>\n<li>Caract\u00e9ristique\u00a0: Recyclable qui respecte l&#039;environnement, disponible OEM\/ODM<\/li>\n<li>Mani\u00e8re d&#039;exp\u00e9dition\u00a0: Par mer, par avion, etc.<\/li>\n<li>Service\u00a0:\u00a0r\u00e9ponse dans les 12\u00a0heures<\/li>\n<li>Capacit\u00e9 d&#039;approvisionnement\u00a0: 500 000\u00a0pi\u00e8ces\/pi\u00e8ces par jour<\/li>\n<li>D\u00e9tails de l&#039;emballage: Bouteille en verre bleu de vodka en spray de conception personnalis\u00e9e 500 ml 700 ml 750 ml bouteille en verre givr\u00e9 de liqueur\/alcool\/spiritueux avec couvercle<\/li>\n<\/ul>\n<ol>\n<li>Carton standard d&#039;exportation avec s\u00e9parateur en carton<\/li>\n<li>Emballage standard de palette d&#039;exportation<\/li>\n<li>Carton Standard d&#039;exportation + emballage de palette<\/li>\n<li>Emballage de la bo\u00eete FCG (la bo\u00eete sera r\u00e9utilis\u00e9e pour emballer l&#039;alcool \u00e0 l&#039;usine du client)<\/li>\n<\/ol>","protected":false},"excerpt":{"rendered":"<p>Ruisheng, un fabricant, usine, fournisseur et exportateur professionnel de bouteilles en verre, propose une exp\u00e9dition en gros de bouteille bleue de gin de 750 ml au Royaume-Uni.<\/p>\n<p>Le gin, \u00e9galement appel\u00e9 Genever, Dry Gin, Londres, est originaire d&#039;Europe, notamment du sud de la France, des Flandres et des Pays-Bas. En tant qu&#039;origine du gin, ces r\u00e9gions sont devenues des march\u00e9s importants pour notre bouteille en verre, notamment le Royaume-Uni.<\/p>\n<h2>Voici les informations de commande sur la vente en gros de bouteille bleue de gin de 750 ml<\/h2>\n<div><strong><span class=\"mceItemHidden\"><span class=\"hiddenSpellError\">\u2013<\/span><span class=\"hiddenSpellError\">Quantit\u00e9 minimale de commande<\/span>: 10 000 pi\u00e8ces (environ 10 000 <span class=\"hiddenSpellError\">pi\u00e8ces<\/span>)<\/span><\/strong><\/div>\n<div><span class=\"mceItemHidden\"><span class=\"hiddenSpellError\">-Gratuit<\/span> \u00c9chantillon offert. OEM\/ODM disponible<\/span><\/div>\n<div><span class=\"mceItemHidden\"><span class=\"hiddenSpellError\">-Mondial<\/span>\u00a0Livraison sous 30 jours.<\/span><\/div>\n<div>Si vous souhaitez obtenir plus d&#039;informations sur la bouteille bleue de gin de 750 ml en gros, veuillez <a href=\"https:\/\/ruishengglassco.com\/contact\" target=\"_blank\" rel=\"noopener\">laisser un message<\/a> pour notre \u00e9quipe commerciale.<\/div>","protected":false},"featured_media":4496,"comment_status":"open","ping_status":"closed","template":"","meta":[],"product_brand":[],"product_cat":[52,64,62],"product_tag":[],"class_list":{"0":"post-2495","1":"product","2":"type-product","3":"status-publish","4":"has-post-thumbnail","6":"product_cat-750ml-glass-bottle","7":"product_cat-gin-bottle","8":"product_cat-liqueur-bottle","9":"entry","10":"has-media","12":"first","13":"instock","14":"shipping-taxable","15":"product-type-simple"},"yoast_head":"<!-- This site is optimized with the Yoast SEO plugin v27.3 - https:\/\/yoast.com\/product\/yoast-seo-wordpress\/ -->\n<title>Wholesale 750ml Gin Blue Bottle Price Shipping To The UK<\/title>\n<meta name=\"description\" content=\"Do you want to get Wholesale 750ml Gin Blue Bottle Price Shipping To The UK? Click here to get price from Glass Bottle Manufacturer China.\" \/>\n<meta name=\"robots\" content=\"index, follow, max-snippet:-1, max-image-preview:large, max-video-preview:-1\" \/>\n<link rel=\"canonical\" href=\"https:\/\/ruishengglassco.com\/product\/rs020-wholesale-750ml-gin-blue-bottle-price-shipping-to-the-uk\" \/>\n<meta property=\"og:locale\" content=\"fr_FR\" \/>\n<meta property=\"og:type\" content=\"article\" \/>\n<meta property=\"og:title\" content=\"Wholesale 750ml Gin Blue Bottle Price Shipping To The UK\" \/>\n<meta property=\"og:description\" content=\"Do you want to get Wholesale 750ml Gin Blue Bottle Price Shipping To The UK? Click here to get price from Glass Bottle Manufacturer China.\" \/>\n<meta property=\"og:url\" content=\"https:\/\/ruishengglassco.com\/product\/rs020-wholesale-750ml-gin-blue-bottle-price-shipping-to-the-uk\" \/>\n<meta property=\"og:site_name\" content=\"Glass Bottle Wholesale\" \/>\n<meta property=\"article:modified_time\" content=\"2025-06-23T09:20:15+00:00\" \/>\n<meta property=\"og:image\" content=\"https:\/\/glassbottlewholesale.com\/wp-content\/uploads\/2024\/01\/rs0201.jpg\" \/>\n\t<meta property=\"og:image:width\" content=\"800\" \/>\n\t<meta property=\"og:image:height\" content=\"800\" \/>\n\t<meta property=\"og:image:type\" content=\"image\/jpeg\" \/>\n<meta name=\"twitter:card\" content=\"summary_large_image\" \/>\n<meta name=\"twitter:label1\" content=\"Dur\u00e9e de lecture estim\u00e9e\" \/>\n\t<meta name=\"twitter:data1\" content=\"2 minutes\" \/>\n<script type=\"application\/ld+json\" class=\"yoast-schema-graph\">{\"@context\":\"https:\\\/\\\/schema.org\",\"@graph\":[{\"@type\":\"WebPage\",\"@id\":\"https:\\\/\\\/glassbottlewholesale.com\\\/wholesale-750ml-gin-blue-bottle-price-shipping-to-the-uk\\\/\",\"url\":\"https:\\\/\\\/ruishengglassco.com\\\/product\\\/rs020-wholesale-750ml-gin-blue-bottle-price-shipping-to-the-uk\",\"name\":\"Wholesale 750ml Gin Blue Bottle Price Shipping To The UK\",\"isPartOf\":{\"@id\":\"https:\\\/\\\/glassbottlewholesale.com\\\/#website\"},\"primaryImageOfPage\":{\"@id\":\"https:\\\/\\\/ruishengglassco.com\\\/product\\\/rs020-wholesale-750ml-gin-blue-bottle-price-shipping-to-the-uk#primaryimage\"},\"image\":{\"@id\":\"https:\\\/\\\/ruishengglassco.com\\\/product\\\/rs020-wholesale-750ml-gin-blue-bottle-price-shipping-to-the-uk#primaryimage\"},\"thumbnailUrl\":\"https:\\\/\\\/glassbottlewholesale.com\\\/wp-content\\\/uploads\\\/2024\\\/01\\\/rs0201.jpg\",\"datePublished\":\"2021-03-10T03:54:10+00:00\",\"dateModified\":\"2025-06-23T09:20:15+00:00\",\"description\":\"Do you want to get Wholesale 750ml Gin Blue Bottle Price Shipping To The UK? Click here to get price from Glass Bottle Manufacturer China.\",\"breadcrumb\":{\"@id\":\"https:\\\/\\\/ruishengglassco.com\\\/product\\\/rs020-wholesale-750ml-gin-blue-bottle-price-shipping-to-the-uk#breadcrumb\"},\"inLanguage\":\"fr-FR\",\"potentialAction\":[{\"@type\":\"ReadAction\",\"target\":[\"https:\\\/\\\/ruishengglassco.com\\\/product\\\/rs020-wholesale-750ml-gin-blue-bottle-price-shipping-to-the-uk\"]}]},{\"@type\":\"ImageObject\",\"inLanguage\":\"fr-FR\",\"@id\":\"https:\\\/\\\/ruishengglassco.com\\\/product\\\/rs020-wholesale-750ml-gin-blue-bottle-price-shipping-to-the-uk#primaryimage\",\"url\":\"https:\\\/\\\/glassbottlewholesale.com\\\/wp-content\\\/uploads\\\/2024\\\/01\\\/rs0201.jpg\",\"contentUrl\":\"https:\\\/\\\/glassbottlewholesale.com\\\/wp-content\\\/uploads\\\/2024\\\/01\\\/rs0201.jpg\",\"width\":800,\"height\":800,\"caption\":\"RS020: Wholesale 750ml Gin Blue Bottle Price Shipping To The UK\"},{\"@type\":\"BreadcrumbList\",\"@id\":\"https:\\\/\\\/ruishengglassco.com\\\/product\\\/rs020-wholesale-750ml-gin-blue-bottle-price-shipping-to-the-uk#breadcrumb\",\"itemListElement\":[{\"@type\":\"ListItem\",\"position\":1,\"name\":\"Home\",\"item\":\"https:\\\/\\\/glassbottlewholesale.com\\\/\"},{\"@type\":\"ListItem\",\"position\":2,\"name\":\"Products\",\"item\":\"https:\\\/\\\/glassbottlewholesale.com\\\/shop\\\/\"},{\"@type\":\"ListItem\",\"position\":3,\"name\":\"RS020: Wholesale 750ml Gin Blue Bottle Price Shipping To The UK\"}]},{\"@type\":\"WebSite\",\"@id\":\"https:\\\/\\\/glassbottlewholesale.com\\\/#website\",\"url\":\"https:\\\/\\\/glassbottlewholesale.com\\\/\",\"name\":\"Glass Bottle Wholesale\",\"description\":\"\",\"publisher\":{\"@id\":\"https:\\\/\\\/glassbottlewholesale.com\\\/#organization\"},\"potentialAction\":[{\"@type\":\"SearchAction\",\"target\":{\"@type\":\"EntryPoint\",\"urlTemplate\":\"https:\\\/\\\/glassbottlewholesale.com\\\/?s={search_term_string}\"},\"query-input\":{\"@type\":\"PropertyValueSpecification\",\"valueRequired\":true,\"valueName\":\"search_term_string\"}}],\"inLanguage\":\"fr-FR\"},{\"@type\":\"Organization\",\"@id\":\"https:\\\/\\\/glassbottlewholesale.com\\\/#organization\",\"name\":\"Glass Bottle Wholesale\",\"url\":\"https:\\\/\\\/glassbottlewholesale.com\\\/\",\"logo\":{\"@type\":\"ImageObject\",\"inLanguage\":\"fr-FR\",\"@id\":\"https:\\\/\\\/glassbottlewholesale.com\\\/#\\\/schema\\\/logo\\\/image\\\/\",\"url\":\"https:\\\/\\\/glassbottlewholesale.com\\\/wp-content\\\/uploads\\\/2023\\\/12\\\/ruisheng-logo.webp\",\"contentUrl\":\"https:\\\/\\\/glassbottlewholesale.com\\\/wp-content\\\/uploads\\\/2023\\\/12\\\/ruisheng-logo.webp\",\"width\":400,\"height\":233,\"caption\":\"Glass Bottle Wholesale\"},\"image\":{\"@id\":\"https:\\\/\\\/glassbottlewholesale.com\\\/#\\\/schema\\\/logo\\\/image\\\/\"}}]}<\/script>\n<!-- \/ Yoast SEO plugin. -->","yoast_head_json":{"title":"Prix de gros de la bouteille bleue de gin de 750 ml, exp\u00e9dition au Royaume-Uni","description":"Souhaitez-vous obtenir le prix de gros d&#039;une bouteille bleue de gin de 750 ml exp\u00e9di\u00e9 au Royaume-Uni\u00a0? Cliquez ici pour obtenir le prix du fabricant de bouteilles en verre Chine.","robots":{"index":"index","follow":"follow","max-snippet":"max-snippet:-1","max-image-preview":"max-image-preview:large","max-video-preview":"max-video-preview:-1"},"canonical":"https:\/\/ruishengglassco.com\/product\/rs020-wholesale-750ml-gin-blue-bottle-price-shipping-to-the-uk","og_locale":"fr_FR","og_type":"article","og_title":"Wholesale 750ml Gin Blue Bottle Price Shipping To The UK","og_description":"Do you want to get Wholesale 750ml Gin Blue Bottle Price Shipping To The UK? Click here to get price from Glass Bottle Manufacturer China.","og_url":"https:\/\/ruishengglassco.com\/product\/rs020-wholesale-750ml-gin-blue-bottle-price-shipping-to-the-uk","og_site_name":"Glass Bottle Wholesale","article_modified_time":"2025-06-23T09:20:15+00:00","og_image":[{"width":800,"height":800,"url":"https:\/\/glassbottlewholesale.com\/wp-content\/uploads\/2024\/01\/rs0201.jpg","type":"image\/jpeg"}],"twitter_card":"summary_large_image","twitter_misc":{"Dur\u00e9e de lecture estim\u00e9e":"2 minutes"},"schema":{"@context":"https:\/\/schema.org","@graph":[{"@type":"WebPage","@id":"https:\/\/glassbottlewholesale.com\/wholesale-750ml-gin-blue-bottle-price-shipping-to-the-uk\/","url":"https:\/\/ruishengglassco.com\/product\/rs020-wholesale-750ml-gin-blue-bottle-price-shipping-to-the-uk","name":"Prix de gros de la bouteille bleue de gin de 750 ml, exp\u00e9dition au Royaume-Uni","isPartOf":{"@id":"https:\/\/glassbottlewholesale.com\/#website"},"primaryImageOfPage":{"@id":"https:\/\/ruishengglassco.com\/product\/rs020-wholesale-750ml-gin-blue-bottle-price-shipping-to-the-uk#primaryimage"},"image":{"@id":"https:\/\/ruishengglassco.com\/product\/rs020-wholesale-750ml-gin-blue-bottle-price-shipping-to-the-uk#primaryimage"},"thumbnailUrl":"https:\/\/glassbottlewholesale.com\/wp-content\/uploads\/2024\/01\/rs0201.jpg","datePublished":"2021-03-10T03:54:10+00:00","dateModified":"2025-06-23T09:20:15+00:00","description":"Souhaitez-vous obtenir le prix de gros d&#039;une bouteille bleue de gin de 750 ml exp\u00e9di\u00e9 au Royaume-Uni\u00a0? Cliquez ici pour obtenir le prix du fabricant de bouteilles en verre Chine.","breadcrumb":{"@id":"https:\/\/ruishengglassco.com\/product\/rs020-wholesale-750ml-gin-blue-bottle-price-shipping-to-the-uk#breadcrumb"},"inLanguage":"fr-FR","potentialAction":[{"@type":"ReadAction","target":["https:\/\/ruishengglassco.com\/product\/rs020-wholesale-750ml-gin-blue-bottle-price-shipping-to-the-uk"]}]},{"@type":"ImageObject","inLanguage":"fr-FR","@id":"https:\/\/ruishengglassco.com\/product\/rs020-wholesale-750ml-gin-blue-bottle-price-shipping-to-the-uk#primaryimage","url":"https:\/\/glassbottlewholesale.com\/wp-content\/uploads\/2024\/01\/rs0201.jpg","contentUrl":"https:\/\/glassbottlewholesale.com\/wp-content\/uploads\/2024\/01\/rs0201.jpg","width":800,"height":800,"caption":"RS020: Wholesale 750ml Gin Blue Bottle Price Shipping To The UK"},{"@type":"BreadcrumbList","@id":"https:\/\/ruishengglassco.com\/product\/rs020-wholesale-750ml-gin-blue-bottle-price-shipping-to-the-uk#breadcrumb","itemListElement":[{"@type":"ListItem","position":1,"name":"Home","item":"https:\/\/glassbottlewholesale.com\/"},{"@type":"ListItem","position":2,"name":"Products","item":"https:\/\/glassbottlewholesale.com\/shop\/"},{"@type":"ListItem","position":3,"name":"RS020: Wholesale 750ml Gin Blue Bottle Price Shipping To The UK"}]},{"@type":"WebSite","@id":"https:\/\/glassbottlewholesale.com\/#website","url":"https:\/\/glassbottlewholesale.com\/","name":"Glass Bottle Wholesale","description":"","publisher":{"@id":"https:\/\/glassbottlewholesale.com\/#organization"},"potentialAction":[{"@type":"SearchAction","target":{"@type":"EntryPoint","urlTemplate":"https:\/\/glassbottlewholesale.com\/?s={search_term_string}"},"query-input":{"@type":"PropertyValueSpecification","valueRequired":true,"valueName":"search_term_string"}}],"inLanguage":"fr-FR"},{"@type":"Organization","@id":"https:\/\/glassbottlewholesale.com\/#organization","name":"Glass Bottle Wholesale","url":"https:\/\/glassbottlewholesale.com\/","logo":{"@type":"ImageObject","inLanguage":"fr-FR","@id":"https:\/\/glassbottlewholesale.com\/#\/schema\/logo\/image\/","url":"https:\/\/glassbottlewholesale.com\/wp-content\/uploads\/2023\/12\/ruisheng-logo.webp","contentUrl":"https:\/\/glassbottlewholesale.com\/wp-content\/uploads\/2023\/12\/ruisheng-logo.webp","width":400,"height":233,"caption":"Glass Bottle Wholesale"},"image":{"@id":"https:\/\/glassbottlewholesale.com\/#\/schema\/logo\/image\/"}}]}},"_links":{"self":[{"href":"https:\/\/glassbottlewholesale.com\/fr\/wp-json\/wp\/v2\/product\/2495","targetHints":{"allow":["GET"]}}],"collection":[{"href":"https:\/\/glassbottlewholesale.com\/fr\/wp-json\/wp\/v2\/product"}],"about":[{"href":"https:\/\/glassbottlewholesale.com\/fr\/wp-json\/wp\/v2\/types\/product"}],"replies":[{"embeddable":true,"href":"https:\/\/glassbottlewholesale.com\/fr\/wp-json\/wp\/v2\/comments?post=2495"}],"wp:featuredmedia":[{"embeddable":true,"href":"https:\/\/glassbottlewholesale.com\/fr\/wp-json\/wp\/v2\/media\/4496"}],"wp:attachment":[{"href":"https:\/\/glassbottlewholesale.com\/fr\/wp-json\/wp\/v2\/media?parent=2495"}],"wp:term":[{"taxonomy":"product_brand","embeddable":true,"href":"https:\/\/glassbottlewholesale.com\/fr\/wp-json\/wp\/v2\/product_brand?post=2495"},{"taxonomy":"product_cat","embeddable":true,"href":"https:\/\/glassbottlewholesale.com\/fr\/wp-json\/wp\/v2\/product_cat?post=2495"},{"taxonomy":"product_tag","embeddable":true,"href":"https:\/\/glassbottlewholesale.com\/fr\/wp-json\/wp\/v2\/product_tag?post=2495"}],"curies":[{"name":"wp","href":"https:\/\/api.w.org\/{rel}","templated":true}]}}