{"id":2509,"date":"2021-03-10T09:14:33","date_gmt":"2021-03-10T09:14:33","guid":{"rendered":"https:\/\/glassbottlewholesale.com\/?post_type=product&#038;p=2509"},"modified":"2025-06-23T09:18:05","modified_gmt":"2025-06-23T09:18:05","slug":"personalised-gin-bottle-500ml-700ml-750ml-cost","status":"publish","type":"product","link":"https:\/\/glassbottlewholesale.com\/fr\/personalised-gin-bottle-500ml-700ml-750ml-cost\/","title":{"rendered":"RS019 : Bouteille de gin personnalis\u00e9e 500ML\/700ML\/750ML Co\u00fbt"},"content":{"rendered":"<h2>Informations d\u00e9taill\u00e9es sur le co\u00fbt de la bouteille de gin personnalis\u00e9e 500ML\/700ML\/750ML<\/h2>\n<p>&nbsp;<\/p>\n<ul>\n<li>Article : Bouteille de Gin personnalis\u00e9e 500ML\/700ML\/750ML<\/li>\n<li>Num\u00e9ro de mod\u00e8le : RS019<\/li>\n<li>Utilisation : Gin, huile, Whiskey, tequila, vodka, brandy, eau, bouteille en verre pour boissons.<\/li>\n<li>Capacit\u00e9 : 100ml, 200ml, 250ml, 500ml, 600ml, 700ml, 750ml, 1000ml, 2L<\/li>\n<li>Mat\u00e9riau : Verre de super silex\/verre de silex extra<\/li>\n<li>Traitement des surfaces : Gaufrage, d\u00e9calcomanie, peinture, givrage, estampage \u00e0 chaud, galvanoplastie<\/li>\n<li>Logo : Logo personnalis\u00e9 disponible<\/li>\n<li>\u00c9chantillon : Fourni gratuitement si vous utilisez notre moule existant.<\/li>\n<li>Emballage : Cartons avec s\u00e9parateur en carton, palette, palette+carton, bo\u00eete de couleur avec logo personnalis\u00e9.<\/li>\n<li>Livraison : Par voie maritime, par voie a\u00e9rienne, par voie express<\/li>\n<li>Conditions de paiement : T\/T L\/C Western union<\/li>\n<li>Avantages :<\/li>\n<\/ul>\n<p>I). Avec 10 ans d'exp\u00e9rience dans la fabrication de bouteilles en verre<\/p>\n<p>II). Transparence \u00e9lev\u00e9e, faible taux de rupture. Surface lisse, pas de bulles, pas de rides.<\/p>\n<p>III). M\u00eame avec un fond \u00e9pais, la couleur est \u00e9galement tr\u00e8s pure.<\/p>\n<p>IV). Prix bas mais raisonnable.<\/p>\n<p>V). Le co\u00fbt du moule peut \u00eatre rembours\u00e9 \u00e0 partir d'une commande de 50 000 pi\u00e8ces.<\/p>\n<p>VI). \u00c9chantillons rapides pour une commande personnalis\u00e9e, l'\u00e9chantillon peut \u00eatre termin\u00e9 dans les 15 jours.<\/p>\n<p>VII). Si des bouteilles sont cass\u00e9es pendant le transport, une compensation sera accord\u00e9e pour la commande suivante.<\/p>\n<p>VIII). Nous avons pass\u00e9 les tests SGS, TUV, ISO9001, ISO14001 et autres.<\/p>\n<p>VX). Les clients peuvent b\u00e9n\u00e9ficier d'un service unique aupr\u00e8s de Ruisheng<\/p>","protected":false},"excerpt":{"rendered":"<p>This series personalised gin bottle is designed for our customers From the UK, used in dry gin packaging. Unique design and attractive appearance win the favor of customers.<\/p>\n<p>Ruisheng, as one of the leading professional liquor bottle manufacturers in China, provides OEM, ODM, and custom liquor bottle services for the liquor brand, companies, glass bottle wholesalers, and distributors.<\/p>\n<h2>Informations sur la commande Bouteille de Gin Personnalis\u00e9e<\/h2>\n<div><strong><span class=\"mceItemHidden\"><span class=\"hiddenSpellError\">\u2013<\/span><span class=\"hiddenSpellError\">Quantit\u00e9 minimale de commande<\/span>: 10 000 pi\u00e8ces (environ 10 000\u00a0<span class=\"hiddenSpellError\">pi\u00e8ces<\/span>)<\/span><\/strong><\/div>\n<div><span class=\"mceItemHidden\"><span class=\"hiddenSpellError\">-Gratuit<\/span>\u00a0\u00c9chantillon offert. OEM\/ODM disponible<\/span><\/div>\n<div><span class=\"mceItemHidden\"><span class=\"hiddenSpellError\">-Mondial<\/span>\u00a0Livraison sous 30 jours.<\/span><\/div>\n<p>Si vous souhaitez personnaliser votre bouteille de gin, n'h\u00e9sitez pas \u00e0 nous contacter. <a href=\"https:\/\/ruishengglassco.com\/contact\" target=\"_blank\" rel=\"noopener\">Contactez-nous<\/a>.<\/p>\n<p>&nbsp;<\/p>","protected":false},"featured_media":4352,"comment_status":"open","ping_status":"closed","template":"","meta":[],"product_brand":[],"product_cat":[50,51,52,64,63],"product_tag":[],"class_list":{"0":"post-2509","1":"product","2":"type-product","3":"status-publish","4":"has-post-thumbnail","6":"product_cat-500ml-glass-bottle","7":"product_cat-700ml-glass-bottle","8":"product_cat-750ml-glass-bottle","9":"product_cat-gin-bottle","10":"product_cat-liquor-bottle","11":"entry","12":"has-media","14":"first","15":"instock","16":"shipping-taxable","17":"product-type-simple"},"yoast_head":"<!-- This site is optimized with the Yoast SEO plugin v27.3 - https:\/\/yoast.com\/product\/yoast-seo-wordpress\/ -->\n<title>Personalised Gin Bottle 500ML\/700ML\/750ML Cost<\/title>\n<meta name=\"description\" content=\"Want to get personalised gin bottle? Click here to get custom gin bottle 500ML\/700ML\/750ML cost from China Glass Bottle Manufacturer.\" \/>\n<meta name=\"robots\" content=\"index, follow, max-snippet:-1, max-image-preview:large, max-video-preview:-1\" \/>\n<link rel=\"canonical\" href=\"https:\/\/ruishengglassco.com\/product\/rs019-personalised-gin-bottle-500ml-700ml-750ml-cost\" \/>\n<meta property=\"og:locale\" content=\"fr_FR\" \/>\n<meta property=\"og:type\" content=\"article\" \/>\n<meta property=\"og:title\" content=\"Personalised Gin Bottle 500ML\/700ML\/750ML Cost\" \/>\n<meta property=\"og:description\" content=\"Want to get personalised gin bottle? Click here to get custom gin bottle 500ML\/700ML\/750ML cost from China Glass Bottle Manufacturer.\" \/>\n<meta property=\"og:url\" content=\"https:\/\/ruishengglassco.com\/product\/rs019-personalised-gin-bottle-500ml-700ml-750ml-cost\" \/>\n<meta property=\"og:site_name\" content=\"Glass Bottle Wholesale\" \/>\n<meta property=\"article:modified_time\" content=\"2025-06-23T09:18:05+00:00\" \/>\n<meta property=\"og:image\" content=\"https:\/\/glassbottlewholesale.com\/wp-content\/uploads\/2023\/12\/700ml-clear-empty-glass-bottle-1.jpg\" \/>\n\t<meta property=\"og:image:width\" content=\"800\" \/>\n\t<meta property=\"og:image:height\" content=\"800\" \/>\n\t<meta property=\"og:image:type\" content=\"image\/jpeg\" \/>\n<meta name=\"twitter:card\" content=\"summary_large_image\" \/>\n<meta name=\"twitter:label1\" content=\"Dur\u00e9e de lecture estim\u00e9e\" \/>\n\t<meta name=\"twitter:data1\" content=\"2 minutes\" \/>\n<script type=\"application\/ld+json\" class=\"yoast-schema-graph\">{\"@context\":\"https:\\\/\\\/schema.org\",\"@graph\":[{\"@type\":\"WebPage\",\"@id\":\"https:\\\/\\\/glassbottlewholesale.com\\\/personalised-gin-bottle-500ml-700ml-750ml-cost\\\/\",\"url\":\"https:\\\/\\\/ruishengglassco.com\\\/product\\\/rs019-personalised-gin-bottle-500ml-700ml-750ml-cost\",\"name\":\"Personalised Gin Bottle 500ML\\\/700ML\\\/750ML Cost\",\"isPartOf\":{\"@id\":\"https:\\\/\\\/glassbottlewholesale.com\\\/#website\"},\"primaryImageOfPage\":{\"@id\":\"https:\\\/\\\/ruishengglassco.com\\\/product\\\/rs019-personalised-gin-bottle-500ml-700ml-750ml-cost#primaryimage\"},\"image\":{\"@id\":\"https:\\\/\\\/ruishengglassco.com\\\/product\\\/rs019-personalised-gin-bottle-500ml-700ml-750ml-cost#primaryimage\"},\"thumbnailUrl\":\"https:\\\/\\\/glassbottlewholesale.com\\\/wp-content\\\/uploads\\\/2023\\\/12\\\/700ml-clear-empty-glass-bottle-1.jpg\",\"datePublished\":\"2021-03-10T09:14:33+00:00\",\"dateModified\":\"2025-06-23T09:18:05+00:00\",\"description\":\"Want to get personalised gin bottle? Click here to get custom gin bottle 500ML\\\/700ML\\\/750ML cost from China Glass Bottle Manufacturer.\",\"breadcrumb\":{\"@id\":\"https:\\\/\\\/ruishengglassco.com\\\/product\\\/rs019-personalised-gin-bottle-500ml-700ml-750ml-cost#breadcrumb\"},\"inLanguage\":\"fr-FR\",\"potentialAction\":[{\"@type\":\"ReadAction\",\"target\":[\"https:\\\/\\\/ruishengglassco.com\\\/product\\\/rs019-personalised-gin-bottle-500ml-700ml-750ml-cost\"]}]},{\"@type\":\"ImageObject\",\"inLanguage\":\"fr-FR\",\"@id\":\"https:\\\/\\\/ruishengglassco.com\\\/product\\\/rs019-personalised-gin-bottle-500ml-700ml-750ml-cost#primaryimage\",\"url\":\"https:\\\/\\\/glassbottlewholesale.com\\\/wp-content\\\/uploads\\\/2023\\\/12\\\/700ml-clear-empty-glass-bottle-1.jpg\",\"contentUrl\":\"https:\\\/\\\/glassbottlewholesale.com\\\/wp-content\\\/uploads\\\/2023\\\/12\\\/700ml-clear-empty-glass-bottle-1.jpg\",\"width\":800,\"height\":800,\"caption\":\"700ml clear empty glass bottle\"},{\"@type\":\"BreadcrumbList\",\"@id\":\"https:\\\/\\\/ruishengglassco.com\\\/product\\\/rs019-personalised-gin-bottle-500ml-700ml-750ml-cost#breadcrumb\",\"itemListElement\":[{\"@type\":\"ListItem\",\"position\":1,\"name\":\"Home\",\"item\":\"https:\\\/\\\/glassbottlewholesale.com\\\/\"},{\"@type\":\"ListItem\",\"position\":2,\"name\":\"Products\",\"item\":\"https:\\\/\\\/glassbottlewholesale.com\\\/shop\\\/\"},{\"@type\":\"ListItem\",\"position\":3,\"name\":\"RS019: Personalised Gin Bottle 500ML\\\/700ML\\\/750ML Cost\"}]},{\"@type\":\"WebSite\",\"@id\":\"https:\\\/\\\/glassbottlewholesale.com\\\/#website\",\"url\":\"https:\\\/\\\/glassbottlewholesale.com\\\/\",\"name\":\"Glass Bottle Wholesale\",\"description\":\"\",\"publisher\":{\"@id\":\"https:\\\/\\\/glassbottlewholesale.com\\\/#organization\"},\"potentialAction\":[{\"@type\":\"SearchAction\",\"target\":{\"@type\":\"EntryPoint\",\"urlTemplate\":\"https:\\\/\\\/glassbottlewholesale.com\\\/?s={search_term_string}\"},\"query-input\":{\"@type\":\"PropertyValueSpecification\",\"valueRequired\":true,\"valueName\":\"search_term_string\"}}],\"inLanguage\":\"fr-FR\"},{\"@type\":\"Organization\",\"@id\":\"https:\\\/\\\/glassbottlewholesale.com\\\/#organization\",\"name\":\"Glass Bottle Wholesale\",\"url\":\"https:\\\/\\\/glassbottlewholesale.com\\\/\",\"logo\":{\"@type\":\"ImageObject\",\"inLanguage\":\"fr-FR\",\"@id\":\"https:\\\/\\\/glassbottlewholesale.com\\\/#\\\/schema\\\/logo\\\/image\\\/\",\"url\":\"https:\\\/\\\/glassbottlewholesale.com\\\/wp-content\\\/uploads\\\/2023\\\/12\\\/ruisheng-logo.webp\",\"contentUrl\":\"https:\\\/\\\/glassbottlewholesale.com\\\/wp-content\\\/uploads\\\/2023\\\/12\\\/ruisheng-logo.webp\",\"width\":400,\"height\":233,\"caption\":\"Glass Bottle Wholesale\"},\"image\":{\"@id\":\"https:\\\/\\\/glassbottlewholesale.com\\\/#\\\/schema\\\/logo\\\/image\\\/\"}}]}<\/script>\n<!-- \/ Yoast SEO plugin. -->","yoast_head_json":{"title":"Personalised Gin Bottle 500ML\/700ML\/750ML Cost","description":"Want to get personalised gin bottle? Click here to get custom gin bottle 500ML\/700ML\/750ML cost from China Glass Bottle Manufacturer.","robots":{"index":"index","follow":"follow","max-snippet":"max-snippet:-1","max-image-preview":"max-image-preview:large","max-video-preview":"max-video-preview:-1"},"canonical":"https:\/\/ruishengglassco.com\/product\/rs019-personalised-gin-bottle-500ml-700ml-750ml-cost","og_locale":"fr_FR","og_type":"article","og_title":"Personalised Gin Bottle 500ML\/700ML\/750ML Cost","og_description":"Want to get personalised gin bottle? Click here to get custom gin bottle 500ML\/700ML\/750ML cost from China Glass Bottle Manufacturer.","og_url":"https:\/\/ruishengglassco.com\/product\/rs019-personalised-gin-bottle-500ml-700ml-750ml-cost","og_site_name":"Glass Bottle Wholesale","article_modified_time":"2025-06-23T09:18:05+00:00","og_image":[{"width":800,"height":800,"url":"https:\/\/glassbottlewholesale.com\/wp-content\/uploads\/2023\/12\/700ml-clear-empty-glass-bottle-1.jpg","type":"image\/jpeg"}],"twitter_card":"summary_large_image","twitter_misc":{"Dur\u00e9e de lecture estim\u00e9e":"2 minutes"},"schema":{"@context":"https:\/\/schema.org","@graph":[{"@type":"WebPage","@id":"https:\/\/glassbottlewholesale.com\/personalised-gin-bottle-500ml-700ml-750ml-cost\/","url":"https:\/\/ruishengglassco.com\/product\/rs019-personalised-gin-bottle-500ml-700ml-750ml-cost","name":"Personalised Gin Bottle 500ML\/700ML\/750ML Cost","isPartOf":{"@id":"https:\/\/glassbottlewholesale.com\/#website"},"primaryImageOfPage":{"@id":"https:\/\/ruishengglassco.com\/product\/rs019-personalised-gin-bottle-500ml-700ml-750ml-cost#primaryimage"},"image":{"@id":"https:\/\/ruishengglassco.com\/product\/rs019-personalised-gin-bottle-500ml-700ml-750ml-cost#primaryimage"},"thumbnailUrl":"https:\/\/glassbottlewholesale.com\/wp-content\/uploads\/2023\/12\/700ml-clear-empty-glass-bottle-1.jpg","datePublished":"2021-03-10T09:14:33+00:00","dateModified":"2025-06-23T09:18:05+00:00","description":"Want to get personalised gin bottle? Click here to get custom gin bottle 500ML\/700ML\/750ML cost from China Glass Bottle Manufacturer.","breadcrumb":{"@id":"https:\/\/ruishengglassco.com\/product\/rs019-personalised-gin-bottle-500ml-700ml-750ml-cost#breadcrumb"},"inLanguage":"fr-FR","potentialAction":[{"@type":"ReadAction","target":["https:\/\/ruishengglassco.com\/product\/rs019-personalised-gin-bottle-500ml-700ml-750ml-cost"]}]},{"@type":"ImageObject","inLanguage":"fr-FR","@id":"https:\/\/ruishengglassco.com\/product\/rs019-personalised-gin-bottle-500ml-700ml-750ml-cost#primaryimage","url":"https:\/\/glassbottlewholesale.com\/wp-content\/uploads\/2023\/12\/700ml-clear-empty-glass-bottle-1.jpg","contentUrl":"https:\/\/glassbottlewholesale.com\/wp-content\/uploads\/2023\/12\/700ml-clear-empty-glass-bottle-1.jpg","width":800,"height":800,"caption":"700ml clear empty glass bottle"},{"@type":"BreadcrumbList","@id":"https:\/\/ruishengglassco.com\/product\/rs019-personalised-gin-bottle-500ml-700ml-750ml-cost#breadcrumb","itemListElement":[{"@type":"ListItem","position":1,"name":"Home","item":"https:\/\/glassbottlewholesale.com\/"},{"@type":"ListItem","position":2,"name":"Products","item":"https:\/\/glassbottlewholesale.com\/shop\/"},{"@type":"ListItem","position":3,"name":"RS019: Personalised Gin Bottle 500ML\/700ML\/750ML Cost"}]},{"@type":"WebSite","@id":"https:\/\/glassbottlewholesale.com\/#website","url":"https:\/\/glassbottlewholesale.com\/","name":"Glass Bottle Wholesale","description":"","publisher":{"@id":"https:\/\/glassbottlewholesale.com\/#organization"},"potentialAction":[{"@type":"SearchAction","target":{"@type":"EntryPoint","urlTemplate":"https:\/\/glassbottlewholesale.com\/?s={search_term_string}"},"query-input":{"@type":"PropertyValueSpecification","valueRequired":true,"valueName":"search_term_string"}}],"inLanguage":"fr-FR"},{"@type":"Organization","@id":"https:\/\/glassbottlewholesale.com\/#organization","name":"Glass Bottle Wholesale","url":"https:\/\/glassbottlewholesale.com\/","logo":{"@type":"ImageObject","inLanguage":"fr-FR","@id":"https:\/\/glassbottlewholesale.com\/#\/schema\/logo\/image\/","url":"https:\/\/glassbottlewholesale.com\/wp-content\/uploads\/2023\/12\/ruisheng-logo.webp","contentUrl":"https:\/\/glassbottlewholesale.com\/wp-content\/uploads\/2023\/12\/ruisheng-logo.webp","width":400,"height":233,"caption":"Glass Bottle Wholesale"},"image":{"@id":"https:\/\/glassbottlewholesale.com\/#\/schema\/logo\/image\/"}}]}},"_links":{"self":[{"href":"https:\/\/glassbottlewholesale.com\/fr\/wp-json\/wp\/v2\/product\/2509","targetHints":{"allow":["GET"]}}],"collection":[{"href":"https:\/\/glassbottlewholesale.com\/fr\/wp-json\/wp\/v2\/product"}],"about":[{"href":"https:\/\/glassbottlewholesale.com\/fr\/wp-json\/wp\/v2\/types\/product"}],"replies":[{"embeddable":true,"href":"https:\/\/glassbottlewholesale.com\/fr\/wp-json\/wp\/v2\/comments?post=2509"}],"wp:featuredmedia":[{"embeddable":true,"href":"https:\/\/glassbottlewholesale.com\/fr\/wp-json\/wp\/v2\/media\/4352"}],"wp:attachment":[{"href":"https:\/\/glassbottlewholesale.com\/fr\/wp-json\/wp\/v2\/media?parent=2509"}],"wp:term":[{"taxonomy":"product_brand","embeddable":true,"href":"https:\/\/glassbottlewholesale.com\/fr\/wp-json\/wp\/v2\/product_brand?post=2509"},{"taxonomy":"product_cat","embeddable":true,"href":"https:\/\/glassbottlewholesale.com\/fr\/wp-json\/wp\/v2\/product_cat?post=2509"},{"taxonomy":"product_tag","embeddable":true,"href":"https:\/\/glassbottlewholesale.com\/fr\/wp-json\/wp\/v2\/product_tag?post=2509"}],"curies":[{"name":"wp","href":"https:\/\/api.w.org\/{rel}","templated":true}]}}