{"id":2510,"date":"2021-03-10T09:18:19","date_gmt":"2021-03-10T09:18:19","guid":{"rendered":"https:\/\/glassbottlewholesale.com\/?post_type=product&#038;p=2510"},"modified":"2024-05-29T19:37:42","modified_gmt":"2024-05-29T19:37:42","slug":"custom-750ml-liquor-bottles-wholesale-for-gin-whiskey-brandy-vodka","status":"publish","type":"product","link":"https:\/\/glassbottlewholesale.com\/fr\/custom-750ml-liquor-bottles-wholesale-for-gin-whiskey-brandy-vodka\/","title":{"rendered":"RS018\u00a0: Bouteilles d&#039;alcool personnalis\u00e9es de 750\u00a0ml en gros pour le gin\/whisky\/brandy\/vodka"},"content":{"rendered":"","protected":false},"excerpt":{"rendered":"<p>Informations sur la commande Bouteille de vodka 500ml\/700ml\/750ml T\u00eate de mort Crystal Head Wholesale<\/p>\n<ul>\n<li>Nom du mod\u00e8le : Bouteille de Vodka Crystal Head Skull<\/li>\n<li>Num\u00e9ro de mod\u00e8le : Rs-42<\/li>\n<li>Nom de la marque: RUISHENG<\/li>\n<li><strong>Quantit\u00e9 minimale de commande\u00a0: 10000\u00a0pi\u00e8ces<\/strong><\/li>\n<li>Capacit\u00e9 : 500 ml\/700 ml\/750 ml\/personnalis\u00e9<\/li>\n<li>Traitement des surfaces : Marquage \u00e0 chaud, givrage, d\u00e9calcomanie, gaufrage, s\u00e9rigraphie<\/li>\n<li>Mat\u00e9riau : verre super silex.<\/li>\n<li>Mat\u00e9riau du collier : bouteille en verre transparent.<\/li>\n<li>Type de fermeture : Bouchon \u00e0 vis, bouchon de li\u00e8ge, bouchon de verre, bouchon \u00e0 vis<\/li>\n<li>Utilisation : VODKA<\/li>\n<li>Lieu d&#039;origine : Shandong, Chine<\/li>\n<li>paquet : Cartons et palettes standard d&#039;exportation<\/li>\n<li>Service\u00a0:\u00a0Service OEM\/ODM<\/li>\n<\/ul>","protected":false},"featured_media":4408,"comment_status":"open","ping_status":"closed","template":"","meta":[],"product_brand":[],"product_cat":[52,55,64,63,67,68,61],"product_tag":[],"class_list":{"0":"post-2510","1":"product","2":"type-product","3":"status-publish","4":"has-post-thumbnail","6":"product_cat-750ml-glass-bottle","7":"product_cat-custom-glass-bottle","8":"product_cat-gin-bottle","9":"product_cat-liquor-bottle","10":"product_cat-vodka-bottle","11":"product_cat-whiskey-bottle","12":"product_cat-xo-brandy-bottle","13":"entry","14":"has-media","16":"first","17":"instock","18":"shipping-taxable","19":"product-type-simple"},"yoast_head":"<!-- This site is optimized with the Yoast SEO plugin v27.3 - https:\/\/yoast.com\/product\/yoast-seo-wordpress\/ -->\n<title>RS018: Custom 750ml Liquor Bottles Wholesale For Gin\/Whiskey\/Brandy\/Vodka - Glass Bottle Wholesale<\/title>\n<meta name=\"robots\" content=\"index, follow, max-snippet:-1, max-image-preview:large, max-video-preview:-1\" \/>\n<link rel=\"canonical\" href=\"https:\/\/ruishengglassco.com\/product\/rs018-custom-750ml-liquor-bottles-wholesale-for-gin-whiskey-brandy-vodka\" \/>\n<meta property=\"og:locale\" content=\"fr_FR\" \/>\n<meta property=\"og:type\" content=\"article\" \/>\n<meta property=\"og:title\" content=\"RS018: Custom 750ml Liquor Bottles Wholesale For Gin\/Whiskey\/Brandy\/Vodka - Glass Bottle Wholesale\" \/>\n<meta property=\"og:description\" content=\"Order Information About 500ml\/700ml\/750ml Crystal Head Skull Vodka Bottle Wholesale   Model Name: Crystal Head Skull Vodka Bottle  Model Number: Rs-42  Brand Name: RUISHENG  MOQ: 10000pcs  Capacity: 500ml\/700ml\/750ml\/customized  Surface Handling: Hot Stamping, Frost, Decal, Emboss, Screen Printing  Material: Super Flint Glass  Collar Material: Clear Glass Bottle  Sealing Type: Screw Cap, Cork, Glass Cap, Twist-off Cap  Use: VODKA  Place of Origin: Shandong, China  package: Standard export cartons and pallets  Service: OEM\/ODM Service\" \/>\n<meta property=\"og:url\" content=\"https:\/\/ruishengglassco.com\/product\/rs018-custom-750ml-liquor-bottles-wholesale-for-gin-whiskey-brandy-vodka\" \/>\n<meta property=\"og:site_name\" content=\"Glass Bottle Wholesale\" \/>\n<meta property=\"article:modified_time\" content=\"2024-05-29T19:37:42+00:00\" \/>\n<meta property=\"og:image\" content=\"https:\/\/glassbottlewholesale.com\/wp-content\/uploads\/2023\/12\/liquor-bottle-wholesale750ml-2020\u4e1d\u53e3\u65b9\u74f6-1.jpg\" \/>\n\t<meta property=\"og:image:width\" content=\"800\" \/>\n\t<meta property=\"og:image:height\" content=\"800\" \/>\n\t<meta property=\"og:image:type\" content=\"image\/jpeg\" \/>\n<meta name=\"twitter:card\" content=\"summary_large_image\" \/>\n<meta name=\"twitter:label1\" content=\"Dur\u00e9e de lecture estim\u00e9e\" \/>\n\t<meta name=\"twitter:data1\" content=\"1 minute\" \/>\n<script type=\"application\/ld+json\" class=\"yoast-schema-graph\">{\"@context\":\"https:\\\/\\\/schema.org\",\"@graph\":[{\"@type\":\"WebPage\",\"@id\":\"https:\\\/\\\/glassbottlewholesale.com\\\/custom-750ml-liquor-bottles-wholesale-for-gin-whiskey-brandy-vodka\\\/\",\"url\":\"https:\\\/\\\/ruishengglassco.com\\\/product\\\/rs018-custom-750ml-liquor-bottles-wholesale-for-gin-whiskey-brandy-vodka\",\"name\":\"RS018: Custom 750ml Liquor Bottles Wholesale For Gin\\\/Whiskey\\\/Brandy\\\/Vodka - Glass Bottle Wholesale\",\"isPartOf\":{\"@id\":\"https:\\\/\\\/glassbottlewholesale.com\\\/#website\"},\"primaryImageOfPage\":{\"@id\":\"https:\\\/\\\/ruishengglassco.com\\\/product\\\/rs018-custom-750ml-liquor-bottles-wholesale-for-gin-whiskey-brandy-vodka#primaryimage\"},\"image\":{\"@id\":\"https:\\\/\\\/ruishengglassco.com\\\/product\\\/rs018-custom-750ml-liquor-bottles-wholesale-for-gin-whiskey-brandy-vodka#primaryimage\"},\"thumbnailUrl\":\"https:\\\/\\\/glassbottlewholesale.com\\\/wp-content\\\/uploads\\\/2023\\\/12\\\/liquor-bottle-wholesale750ml-2020\u4e1d\u53e3\u65b9\u74f6-1.jpg\",\"datePublished\":\"2021-03-10T09:18:19+00:00\",\"dateModified\":\"2024-05-29T19:37:42+00:00\",\"breadcrumb\":{\"@id\":\"https:\\\/\\\/ruishengglassco.com\\\/product\\\/rs018-custom-750ml-liquor-bottles-wholesale-for-gin-whiskey-brandy-vodka#breadcrumb\"},\"inLanguage\":\"fr-FR\",\"potentialAction\":[{\"@type\":\"ReadAction\",\"target\":[\"https:\\\/\\\/ruishengglassco.com\\\/product\\\/rs018-custom-750ml-liquor-bottles-wholesale-for-gin-whiskey-brandy-vodka\"]}]},{\"@type\":\"ImageObject\",\"inLanguage\":\"fr-FR\",\"@id\":\"https:\\\/\\\/ruishengglassco.com\\\/product\\\/rs018-custom-750ml-liquor-bottles-wholesale-for-gin-whiskey-brandy-vodka#primaryimage\",\"url\":\"https:\\\/\\\/glassbottlewholesale.com\\\/wp-content\\\/uploads\\\/2023\\\/12\\\/liquor-bottle-wholesale750ml-2020\u4e1d\u53e3\u65b9\u74f6-1.jpg\",\"contentUrl\":\"https:\\\/\\\/glassbottlewholesale.com\\\/wp-content\\\/uploads\\\/2023\\\/12\\\/liquor-bottle-wholesale750ml-2020\u4e1d\u53e3\u65b9\u74f6-1.jpg\",\"width\":800,\"height\":800,\"caption\":\"Custom 750ml Liquor Bottles Wholesale For Gin\\\/Whiskey\\\/Brandy\\\/Vodka\"},{\"@type\":\"BreadcrumbList\",\"@id\":\"https:\\\/\\\/ruishengglassco.com\\\/product\\\/rs018-custom-750ml-liquor-bottles-wholesale-for-gin-whiskey-brandy-vodka#breadcrumb\",\"itemListElement\":[{\"@type\":\"ListItem\",\"position\":1,\"name\":\"Home\",\"item\":\"https:\\\/\\\/glassbottlewholesale.com\\\/\"},{\"@type\":\"ListItem\",\"position\":2,\"name\":\"Products\",\"item\":\"https:\\\/\\\/glassbottlewholesale.com\\\/shop\\\/\"},{\"@type\":\"ListItem\",\"position\":3,\"name\":\"RS018: Custom 750ml Liquor Bottles Wholesale For Gin\\\/Whiskey\\\/Brandy\\\/Vodka\"}]},{\"@type\":\"WebSite\",\"@id\":\"https:\\\/\\\/glassbottlewholesale.com\\\/#website\",\"url\":\"https:\\\/\\\/glassbottlewholesale.com\\\/\",\"name\":\"Glass Bottle Wholesale\",\"description\":\"\",\"publisher\":{\"@id\":\"https:\\\/\\\/glassbottlewholesale.com\\\/#organization\"},\"potentialAction\":[{\"@type\":\"SearchAction\",\"target\":{\"@type\":\"EntryPoint\",\"urlTemplate\":\"https:\\\/\\\/glassbottlewholesale.com\\\/?s={search_term_string}\"},\"query-input\":{\"@type\":\"PropertyValueSpecification\",\"valueRequired\":true,\"valueName\":\"search_term_string\"}}],\"inLanguage\":\"fr-FR\"},{\"@type\":\"Organization\",\"@id\":\"https:\\\/\\\/glassbottlewholesale.com\\\/#organization\",\"name\":\"Glass Bottle Wholesale\",\"url\":\"https:\\\/\\\/glassbottlewholesale.com\\\/\",\"logo\":{\"@type\":\"ImageObject\",\"inLanguage\":\"fr-FR\",\"@id\":\"https:\\\/\\\/glassbottlewholesale.com\\\/#\\\/schema\\\/logo\\\/image\\\/\",\"url\":\"https:\\\/\\\/glassbottlewholesale.com\\\/wp-content\\\/uploads\\\/2023\\\/12\\\/ruisheng-logo.webp\",\"contentUrl\":\"https:\\\/\\\/glassbottlewholesale.com\\\/wp-content\\\/uploads\\\/2023\\\/12\\\/ruisheng-logo.webp\",\"width\":400,\"height\":233,\"caption\":\"Glass Bottle Wholesale\"},\"image\":{\"@id\":\"https:\\\/\\\/glassbottlewholesale.com\\\/#\\\/schema\\\/logo\\\/image\\\/\"}}]}<\/script>\n<!-- \/ Yoast SEO plugin. -->","yoast_head_json":{"title":"RS018: Custom 750ml Liquor Bottles Wholesale For Gin\/Whiskey\/Brandy\/Vodka - Glass Bottle Wholesale","robots":{"index":"index","follow":"follow","max-snippet":"max-snippet:-1","max-image-preview":"max-image-preview:large","max-video-preview":"max-video-preview:-1"},"canonical":"https:\/\/ruishengglassco.com\/product\/rs018-custom-750ml-liquor-bottles-wholesale-for-gin-whiskey-brandy-vodka","og_locale":"fr_FR","og_type":"article","og_title":"RS018: Custom 750ml Liquor Bottles Wholesale For Gin\/Whiskey\/Brandy\/Vodka - Glass Bottle Wholesale","og_description":"Order Information About 500ml\/700ml\/750ml Crystal Head Skull Vodka Bottle Wholesale   Model Name: Crystal Head Skull Vodka Bottle  Model Number: Rs-42  Brand Name: RUISHENG  MOQ: 10000pcs  Capacity: 500ml\/700ml\/750ml\/customized  Surface Handling: Hot Stamping, Frost, Decal, Emboss, Screen Printing  Material: Super Flint Glass  Collar Material: Clear Glass Bottle  Sealing Type: Screw Cap, Cork, Glass Cap, Twist-off Cap  Use: VODKA  Place of Origin: Shandong, China  package: Standard export cartons and pallets  Service: OEM\/ODM Service","og_url":"https:\/\/ruishengglassco.com\/product\/rs018-custom-750ml-liquor-bottles-wholesale-for-gin-whiskey-brandy-vodka","og_site_name":"Glass Bottle Wholesale","article_modified_time":"2024-05-29T19:37:42+00:00","og_image":[{"width":800,"height":800,"url":"https:\/\/glassbottlewholesale.com\/wp-content\/uploads\/2023\/12\/liquor-bottle-wholesale750ml-2020\u4e1d\u53e3\u65b9\u74f6-1.jpg","type":"image\/jpeg"}],"twitter_card":"summary_large_image","twitter_misc":{"Dur\u00e9e de lecture estim\u00e9e":"1 minute"},"schema":{"@context":"https:\/\/schema.org","@graph":[{"@type":"WebPage","@id":"https:\/\/glassbottlewholesale.com\/custom-750ml-liquor-bottles-wholesale-for-gin-whiskey-brandy-vodka\/","url":"https:\/\/ruishengglassco.com\/product\/rs018-custom-750ml-liquor-bottles-wholesale-for-gin-whiskey-brandy-vodka","name":"RS018: Custom 750ml Liquor Bottles Wholesale For Gin\/Whiskey\/Brandy\/Vodka - Glass Bottle Wholesale","isPartOf":{"@id":"https:\/\/glassbottlewholesale.com\/#website"},"primaryImageOfPage":{"@id":"https:\/\/ruishengglassco.com\/product\/rs018-custom-750ml-liquor-bottles-wholesale-for-gin-whiskey-brandy-vodka#primaryimage"},"image":{"@id":"https:\/\/ruishengglassco.com\/product\/rs018-custom-750ml-liquor-bottles-wholesale-for-gin-whiskey-brandy-vodka#primaryimage"},"thumbnailUrl":"https:\/\/glassbottlewholesale.com\/wp-content\/uploads\/2023\/12\/liquor-bottle-wholesale750ml-2020\u4e1d\u53e3\u65b9\u74f6-1.jpg","datePublished":"2021-03-10T09:18:19+00:00","dateModified":"2024-05-29T19:37:42+00:00","breadcrumb":{"@id":"https:\/\/ruishengglassco.com\/product\/rs018-custom-750ml-liquor-bottles-wholesale-for-gin-whiskey-brandy-vodka#breadcrumb"},"inLanguage":"fr-FR","potentialAction":[{"@type":"ReadAction","target":["https:\/\/ruishengglassco.com\/product\/rs018-custom-750ml-liquor-bottles-wholesale-for-gin-whiskey-brandy-vodka"]}]},{"@type":"ImageObject","inLanguage":"fr-FR","@id":"https:\/\/ruishengglassco.com\/product\/rs018-custom-750ml-liquor-bottles-wholesale-for-gin-whiskey-brandy-vodka#primaryimage","url":"https:\/\/glassbottlewholesale.com\/wp-content\/uploads\/2023\/12\/liquor-bottle-wholesale750ml-2020\u4e1d\u53e3\u65b9\u74f6-1.jpg","contentUrl":"https:\/\/glassbottlewholesale.com\/wp-content\/uploads\/2023\/12\/liquor-bottle-wholesale750ml-2020\u4e1d\u53e3\u65b9\u74f6-1.jpg","width":800,"height":800,"caption":"Custom 750ml Liquor Bottles Wholesale For Gin\/Whiskey\/Brandy\/Vodka"},{"@type":"BreadcrumbList","@id":"https:\/\/ruishengglassco.com\/product\/rs018-custom-750ml-liquor-bottles-wholesale-for-gin-whiskey-brandy-vodka#breadcrumb","itemListElement":[{"@type":"ListItem","position":1,"name":"Home","item":"https:\/\/glassbottlewholesale.com\/"},{"@type":"ListItem","position":2,"name":"Products","item":"https:\/\/glassbottlewholesale.com\/shop\/"},{"@type":"ListItem","position":3,"name":"RS018: Custom 750ml Liquor Bottles Wholesale For Gin\/Whiskey\/Brandy\/Vodka"}]},{"@type":"WebSite","@id":"https:\/\/glassbottlewholesale.com\/#website","url":"https:\/\/glassbottlewholesale.com\/","name":"Glass Bottle Wholesale","description":"","publisher":{"@id":"https:\/\/glassbottlewholesale.com\/#organization"},"potentialAction":[{"@type":"SearchAction","target":{"@type":"EntryPoint","urlTemplate":"https:\/\/glassbottlewholesale.com\/?s={search_term_string}"},"query-input":{"@type":"PropertyValueSpecification","valueRequired":true,"valueName":"search_term_string"}}],"inLanguage":"fr-FR"},{"@type":"Organization","@id":"https:\/\/glassbottlewholesale.com\/#organization","name":"Glass Bottle Wholesale","url":"https:\/\/glassbottlewholesale.com\/","logo":{"@type":"ImageObject","inLanguage":"fr-FR","@id":"https:\/\/glassbottlewholesale.com\/#\/schema\/logo\/image\/","url":"https:\/\/glassbottlewholesale.com\/wp-content\/uploads\/2023\/12\/ruisheng-logo.webp","contentUrl":"https:\/\/glassbottlewholesale.com\/wp-content\/uploads\/2023\/12\/ruisheng-logo.webp","width":400,"height":233,"caption":"Glass Bottle Wholesale"},"image":{"@id":"https:\/\/glassbottlewholesale.com\/#\/schema\/logo\/image\/"}}]}},"_links":{"self":[{"href":"https:\/\/glassbottlewholesale.com\/fr\/wp-json\/wp\/v2\/product\/2510","targetHints":{"allow":["GET"]}}],"collection":[{"href":"https:\/\/glassbottlewholesale.com\/fr\/wp-json\/wp\/v2\/product"}],"about":[{"href":"https:\/\/glassbottlewholesale.com\/fr\/wp-json\/wp\/v2\/types\/product"}],"replies":[{"embeddable":true,"href":"https:\/\/glassbottlewholesale.com\/fr\/wp-json\/wp\/v2\/comments?post=2510"}],"wp:featuredmedia":[{"embeddable":true,"href":"https:\/\/glassbottlewholesale.com\/fr\/wp-json\/wp\/v2\/media\/4408"}],"wp:attachment":[{"href":"https:\/\/glassbottlewholesale.com\/fr\/wp-json\/wp\/v2\/media?parent=2510"}],"wp:term":[{"taxonomy":"product_brand","embeddable":true,"href":"https:\/\/glassbottlewholesale.com\/fr\/wp-json\/wp\/v2\/product_brand?post=2510"},{"taxonomy":"product_cat","embeddable":true,"href":"https:\/\/glassbottlewholesale.com\/fr\/wp-json\/wp\/v2\/product_cat?post=2510"},{"taxonomy":"product_tag","embeddable":true,"href":"https:\/\/glassbottlewholesale.com\/fr\/wp-json\/wp\/v2\/product_tag?post=2510"}],"curies":[{"name":"wp","href":"https:\/\/api.w.org\/{rel}","templated":true}]}}