{"id":2546,"date":"2021-03-17T03:01:28","date_gmt":"2021-03-17T03:01:28","guid":{"rendered":"https:\/\/glassbottlewholesale.com\/?post_type=product&#038;p=2546"},"modified":"2025-06-23T09:15:55","modified_gmt":"2025-06-23T09:15:55","slug":"375ml-glass-bottle-wholesale-for-liquor-whiskey-brandy-vodka","status":"publish","type":"product","link":"https:\/\/glassbottlewholesale.com\/fr\/375ml-glass-bottle-wholesale-for-liquor-whiskey-brandy-vodka\/","title":{"rendered":"RS017\u00a0:\u00a0bouteille en verre de 375\u00a0ml en gros pour alcool\/whisky\/brandy\/vodka"},"content":{"rendered":"<h2>Informations d\u00e9taill\u00e9es sur les bouteilles de liqueur en verre de 375 ml (vente en gros)<\/h2>\n<p>Cette s\u00e9rie de bouteilles de liqueur en verre appartient \u00e0 la bouteille bordelaise classique, tr\u00e8s r\u00e9pandue dans le monde entier pour l'emballage des boissons alcoolis\u00e9es.<\/p>\n<p>La photo de couverture montre une bouteille de liqueur en verre de 375 ml. Nous pouvons produire des bouteilles de liqueur vides de diff\u00e9rentes capacit\u00e9s en fonction des besoins du client : 100 ml, 500 ml, 750 ml, 1000 ml, toutes ces capacit\u00e9s sont acceptables.<\/p>\n<p>En g\u00e9n\u00e9ral, nos bouteilles sont transparentes, mais si les clients souhaitent d'autres couleurs, notre processus de production peut le faire.<\/p>\n<p>Il existe trois types courants de bouchons de bouteilles en verre : Bouchon de li\u00e8ge, bouchon \u00e0 vis, bouchon Guala. Voici les bouchons de bouteille en verre que nous pouvons fournir :<\/p>\n<p><img decoding=\"async\" class=\"aligncenter wp-image-2429 size-full\" src=\"https:\/\/glassbottlewholesale.com\/wp-content\/uploads\/2020\/12\/WX20201229-154422-1.png\" alt=\"bouchons de bouteilles en verre en gros\" width=\"752\" height=\"452\" srcset=\"https:\/\/glassbottlewholesale.com\/wp-content\/uploads\/2020\/12\/WX20201229-154422-1.png 752w, https:\/\/glassbottlewholesale.com\/wp-content\/uploads\/2020\/12\/WX20201229-154422-1-300x180.png 300w, https:\/\/glassbottlewholesale.com\/wp-content\/uploads\/2020\/12\/WX20201229-154422-1-600x361.png 600w\" sizes=\"(max-width: 752px) 100vw, 752px\" \/><\/p>\n<p>En tant que fabricant professionnel de bouteilles de liqueur en verre, notre soci\u00e9t\u00e9 propose un service de bouteilles de liqueur OEM\/ODM\/personnalis\u00e9es. Si vous avez des questions sur la fabrication de bouteilles de liqueur, n'h\u00e9sitez pas \u00e0 nous contacter. <a href=\"https:\/\/ruishengglassco.com\/contact\" target=\"_blank\" rel=\"noopener\">contactez-nous ici<\/a>.<\/p>\n<ul>\n<li>Nom du produit : Bouteilles de liqueur en verre 375ml Wholesale<\/li>\n<li>Num\u00e9ro de r\u00e9f\u00e9rence : RS017<\/li>\n<li>Mat\u00e9riau du verre : Extra Flint<\/li>\n<li>Forme de la bouteille : Bouteilles de liqueur de 375ml de forme plate<\/li>\n<li>Capacit\u00e9 nominale : 375ml<\/li>\n<li>Poids de la bouteille : 550g<\/li>\n<li>Type de scellement : Ropp \/ GPI \/ Cork \/ Guala \/ Swing Top \/ M\u00e9thode de scellement personnalis\u00e9e<\/li>\n<li>Application : Bouteille de vodka, bouteille de whisky, bouteille de cognac, bouteille de rhum, bouteille de Xo.<\/li>\n<li>Emballage\n<ul>\n<li>24 pi\u00e8ces\/carton, avec s\u00e9parateur de carton<\/li>\n<li>6 pcs \/ bo\u00eete color\u00e9e, avec s\u00e9parateur en carton<\/li>\n<li>Emballage en palette, avec s\u00e9parateur en carton<\/li>\n<li>Emballage carton\/bo\u00eete + palette<\/li>\n<\/ul>\n<\/li>\n<li>MOQ : 6000 pi\u00e8ces pour une nouvelle s\u00e9rie ; 1 pi\u00e8ce pour les bouteilles en verre en stock<\/li>\n<li>D\u00e9lai de livraison : 20-30 jours<\/li>\n<\/ul>","protected":false},"excerpt":{"rendered":"<p>Ruisheng Glass Co, Ltd, a professional liquor bottling company and manufacturer, provide glass liquor bottles wholesale for widely applications, like Wine, Whiskey, Brandy, Vodka, Tequila, XO, Champagne\uff0c and other alcoholic drinks packagings.<\/p>\n<p>As an old-history liquor bottle manufacturer, our products are exported to the United States, Canada, Britain, France, the Netherlands, Belgium, Russia, Moscow, South Africa and other countries. And have won unanimous praise from local customers.<\/p>\n<p>If you want to order glass liquor bottles wholesale, here is the most concerned questions which our customer care about:<\/p>\n<div><span style=\"color: #ff6600\"><strong><span class=\"mceItemHidden\"><span class=\"hiddenSpellError\">\u2013<\/span><span class=\"hiddenSpellError\">Quantit\u00e9 minimale de commande<\/span>: 10000 PCS (Environ 10000-30000<span class=\"hiddenSpellError\">pi\u00e8ces<\/span>)<\/span><\/strong><\/span><\/div>\n<div><span class=\"mceItemHidden\"><span class=\"hiddenSpellError\">-Gratuit<\/span> \u00c9chantillon offert. Livraison sous 7 jours<\/span><\/div>\n<div><span class=\"mceItemHidden\"><span class=\"hiddenSpellError\">-Commande globale<\/span>\u00a0Livraison sous 30 jours.<\/span><\/div>\n<div>-OEM\/ODM\/Custom Liquor Bottle Service offert.<\/div>","protected":false},"featured_media":2670,"comment_status":"open","ping_status":"closed","template":"","meta":[],"product_brand":[],"product_cat":[49,63,67,68,61],"product_tag":[],"class_list":{"0":"post-2546","1":"product","2":"type-product","3":"status-publish","4":"has-post-thumbnail","6":"product_cat-375ml-glass-bottle","7":"product_cat-liquor-bottle","8":"product_cat-vodka-bottle","9":"product_cat-whiskey-bottle","10":"product_cat-xo-brandy-bottle","11":"entry","12":"has-media","14":"first","15":"instock","16":"shipping-taxable","17":"product-type-simple"},"yoast_head":"<!-- This site is optimized with the Yoast SEO plugin v27.3 - https:\/\/yoast.com\/product\/yoast-seo-wordpress\/ -->\n<title>375ml Glass Liquor Bottles Wholesale | Liquor Bottling Companies<\/title>\n<meta name=\"description\" content=\"Ruisheng Glass Co, Ltd, a professional liquor bottling companies, provide 375ml glass liquor bottles wholesale in factory outlet price.\" \/>\n<meta name=\"robots\" content=\"index, follow, max-snippet:-1, max-image-preview:large, max-video-preview:-1\" \/>\n<link rel=\"canonical\" href=\"https:\/\/ruishengglassco.com\/product\/rs017-375ml-glass-bottle-supplier-for-liquor-whiskey-brandy-vodka\" \/>\n<meta property=\"og:locale\" content=\"fr_FR\" \/>\n<meta property=\"og:type\" content=\"article\" \/>\n<meta property=\"og:title\" content=\"375ml Glass Liquor Bottles Wholesale | Liquor Bottling Companies\" \/>\n<meta property=\"og:description\" content=\"Ruisheng Glass Co, Ltd, a professional liquor bottling companies, provide 375ml glass liquor bottles wholesale in factory outlet price.\" \/>\n<meta property=\"og:url\" content=\"https:\/\/ruishengglassco.com\/product\/rs017-375ml-glass-bottle-supplier-for-liquor-whiskey-brandy-vodka\" \/>\n<meta property=\"og:site_name\" content=\"Glass Bottle Wholesale\" \/>\n<meta property=\"article:modified_time\" content=\"2025-06-23T09:15:55+00:00\" \/>\n<meta property=\"og:image\" content=\"https:\/\/glassbottlewholesale.com\/wp-content\/uploads\/2019\/10\/15.jpg\" \/>\n\t<meta property=\"og:image:width\" content=\"800\" \/>\n\t<meta property=\"og:image:height\" content=\"800\" \/>\n\t<meta property=\"og:image:type\" content=\"image\/jpeg\" \/>\n<meta name=\"twitter:card\" content=\"summary_large_image\" \/>\n<meta name=\"twitter:label1\" content=\"Dur\u00e9e de lecture estim\u00e9e\" \/>\n\t<meta name=\"twitter:data1\" content=\"2 minutes\" \/>\n<script type=\"application\/ld+json\" class=\"yoast-schema-graph\">{\"@context\":\"https:\\\/\\\/schema.org\",\"@graph\":[{\"@type\":\"WebPage\",\"@id\":\"https:\\\/\\\/glassbottlewholesale.com\\\/375ml-glass-bottle-wholesale-for-liquor-whiskey-brandy-vodka\\\/\",\"url\":\"https:\\\/\\\/ruishengglassco.com\\\/product\\\/rs017-375ml-glass-bottle-supplier-for-liquor-whiskey-brandy-vodka\",\"name\":\"375ml Glass Liquor Bottles Wholesale | Liquor Bottling Companies\",\"isPartOf\":{\"@id\":\"https:\\\/\\\/glassbottlewholesale.com\\\/#website\"},\"primaryImageOfPage\":{\"@id\":\"https:\\\/\\\/ruishengglassco.com\\\/product\\\/rs017-375ml-glass-bottle-supplier-for-liquor-whiskey-brandy-vodka#primaryimage\"},\"image\":{\"@id\":\"https:\\\/\\\/ruishengglassco.com\\\/product\\\/rs017-375ml-glass-bottle-supplier-for-liquor-whiskey-brandy-vodka#primaryimage\"},\"thumbnailUrl\":\"https:\\\/\\\/glassbottlewholesale.com\\\/wp-content\\\/uploads\\\/2019\\\/10\\\/15.jpg\",\"datePublished\":\"2021-03-17T03:01:28+00:00\",\"dateModified\":\"2025-06-23T09:15:55+00:00\",\"description\":\"Ruisheng Glass Co, Ltd, a professional liquor bottling companies, provide 375ml glass liquor bottles wholesale in factory outlet price.\",\"breadcrumb\":{\"@id\":\"https:\\\/\\\/ruishengglassco.com\\\/product\\\/rs017-375ml-glass-bottle-supplier-for-liquor-whiskey-brandy-vodka#breadcrumb\"},\"inLanguage\":\"fr-FR\",\"potentialAction\":[{\"@type\":\"ReadAction\",\"target\":[\"https:\\\/\\\/ruishengglassco.com\\\/product\\\/rs017-375ml-glass-bottle-supplier-for-liquor-whiskey-brandy-vodka\"]}]},{\"@type\":\"ImageObject\",\"inLanguage\":\"fr-FR\",\"@id\":\"https:\\\/\\\/ruishengglassco.com\\\/product\\\/rs017-375ml-glass-bottle-supplier-for-liquor-whiskey-brandy-vodka#primaryimage\",\"url\":\"https:\\\/\\\/glassbottlewholesale.com\\\/wp-content\\\/uploads\\\/2019\\\/10\\\/15.jpg\",\"contentUrl\":\"https:\\\/\\\/glassbottlewholesale.com\\\/wp-content\\\/uploads\\\/2019\\\/10\\\/15.jpg\",\"width\":800,\"height\":800,\"caption\":\"375ml Glass Bottle Wholesale For Liquor\\\/Whiskey\\\/Brandy\\\/Vodka\"},{\"@type\":\"BreadcrumbList\",\"@id\":\"https:\\\/\\\/ruishengglassco.com\\\/product\\\/rs017-375ml-glass-bottle-supplier-for-liquor-whiskey-brandy-vodka#breadcrumb\",\"itemListElement\":[{\"@type\":\"ListItem\",\"position\":1,\"name\":\"Home\",\"item\":\"https:\\\/\\\/glassbottlewholesale.com\\\/\"},{\"@type\":\"ListItem\",\"position\":2,\"name\":\"Products\",\"item\":\"https:\\\/\\\/glassbottlewholesale.com\\\/shop\\\/\"},{\"@type\":\"ListItem\",\"position\":3,\"name\":\"RS017: 375ml Glass Bottle Wholesale For Liquor\\\/Whiskey\\\/Brandy\\\/Vodka\"}]},{\"@type\":\"WebSite\",\"@id\":\"https:\\\/\\\/glassbottlewholesale.com\\\/#website\",\"url\":\"https:\\\/\\\/glassbottlewholesale.com\\\/\",\"name\":\"Glass Bottle Wholesale\",\"description\":\"\",\"publisher\":{\"@id\":\"https:\\\/\\\/glassbottlewholesale.com\\\/#organization\"},\"potentialAction\":[{\"@type\":\"SearchAction\",\"target\":{\"@type\":\"EntryPoint\",\"urlTemplate\":\"https:\\\/\\\/glassbottlewholesale.com\\\/?s={search_term_string}\"},\"query-input\":{\"@type\":\"PropertyValueSpecification\",\"valueRequired\":true,\"valueName\":\"search_term_string\"}}],\"inLanguage\":\"fr-FR\"},{\"@type\":\"Organization\",\"@id\":\"https:\\\/\\\/glassbottlewholesale.com\\\/#organization\",\"name\":\"Glass Bottle Wholesale\",\"url\":\"https:\\\/\\\/glassbottlewholesale.com\\\/\",\"logo\":{\"@type\":\"ImageObject\",\"inLanguage\":\"fr-FR\",\"@id\":\"https:\\\/\\\/glassbottlewholesale.com\\\/#\\\/schema\\\/logo\\\/image\\\/\",\"url\":\"https:\\\/\\\/glassbottlewholesale.com\\\/wp-content\\\/uploads\\\/2023\\\/12\\\/ruisheng-logo.webp\",\"contentUrl\":\"https:\\\/\\\/glassbottlewholesale.com\\\/wp-content\\\/uploads\\\/2023\\\/12\\\/ruisheng-logo.webp\",\"width\":400,\"height\":233,\"caption\":\"Glass Bottle Wholesale\"},\"image\":{\"@id\":\"https:\\\/\\\/glassbottlewholesale.com\\\/#\\\/schema\\\/logo\\\/image\\\/\"}}]}<\/script>\n<!-- \/ Yoast SEO plugin. -->","yoast_head_json":{"title":"375ml Glass Liquor Bottles Wholesale | Liquor Bottling Companies","description":"Ruisheng Glass Co, Ltd, a professional liquor bottling companies, provide 375ml glass liquor bottles wholesale in factory outlet price.","robots":{"index":"index","follow":"follow","max-snippet":"max-snippet:-1","max-image-preview":"max-image-preview:large","max-video-preview":"max-video-preview:-1"},"canonical":"https:\/\/ruishengglassco.com\/product\/rs017-375ml-glass-bottle-supplier-for-liquor-whiskey-brandy-vodka","og_locale":"fr_FR","og_type":"article","og_title":"375ml Glass Liquor Bottles Wholesale | Liquor Bottling Companies","og_description":"Ruisheng Glass Co, Ltd, a professional liquor bottling companies, provide 375ml glass liquor bottles wholesale in factory outlet price.","og_url":"https:\/\/ruishengglassco.com\/product\/rs017-375ml-glass-bottle-supplier-for-liquor-whiskey-brandy-vodka","og_site_name":"Glass Bottle Wholesale","article_modified_time":"2025-06-23T09:15:55+00:00","og_image":[{"width":800,"height":800,"url":"https:\/\/glassbottlewholesale.com\/wp-content\/uploads\/2019\/10\/15.jpg","type":"image\/jpeg"}],"twitter_card":"summary_large_image","twitter_misc":{"Dur\u00e9e de lecture estim\u00e9e":"2 minutes"},"schema":{"@context":"https:\/\/schema.org","@graph":[{"@type":"WebPage","@id":"https:\/\/glassbottlewholesale.com\/375ml-glass-bottle-wholesale-for-liquor-whiskey-brandy-vodka\/","url":"https:\/\/ruishengglassco.com\/product\/rs017-375ml-glass-bottle-supplier-for-liquor-whiskey-brandy-vodka","name":"375ml Glass Liquor Bottles Wholesale | Liquor Bottling Companies","isPartOf":{"@id":"https:\/\/glassbottlewholesale.com\/#website"},"primaryImageOfPage":{"@id":"https:\/\/ruishengglassco.com\/product\/rs017-375ml-glass-bottle-supplier-for-liquor-whiskey-brandy-vodka#primaryimage"},"image":{"@id":"https:\/\/ruishengglassco.com\/product\/rs017-375ml-glass-bottle-supplier-for-liquor-whiskey-brandy-vodka#primaryimage"},"thumbnailUrl":"https:\/\/glassbottlewholesale.com\/wp-content\/uploads\/2019\/10\/15.jpg","datePublished":"2021-03-17T03:01:28+00:00","dateModified":"2025-06-23T09:15:55+00:00","description":"Ruisheng Glass Co, Ltd, a professional liquor bottling companies, provide 375ml glass liquor bottles wholesale in factory outlet price.","breadcrumb":{"@id":"https:\/\/ruishengglassco.com\/product\/rs017-375ml-glass-bottle-supplier-for-liquor-whiskey-brandy-vodka#breadcrumb"},"inLanguage":"fr-FR","potentialAction":[{"@type":"ReadAction","target":["https:\/\/ruishengglassco.com\/product\/rs017-375ml-glass-bottle-supplier-for-liquor-whiskey-brandy-vodka"]}]},{"@type":"ImageObject","inLanguage":"fr-FR","@id":"https:\/\/ruishengglassco.com\/product\/rs017-375ml-glass-bottle-supplier-for-liquor-whiskey-brandy-vodka#primaryimage","url":"https:\/\/glassbottlewholesale.com\/wp-content\/uploads\/2019\/10\/15.jpg","contentUrl":"https:\/\/glassbottlewholesale.com\/wp-content\/uploads\/2019\/10\/15.jpg","width":800,"height":800,"caption":"375ml Glass Bottle Wholesale For Liquor\/Whiskey\/Brandy\/Vodka"},{"@type":"BreadcrumbList","@id":"https:\/\/ruishengglassco.com\/product\/rs017-375ml-glass-bottle-supplier-for-liquor-whiskey-brandy-vodka#breadcrumb","itemListElement":[{"@type":"ListItem","position":1,"name":"Home","item":"https:\/\/glassbottlewholesale.com\/"},{"@type":"ListItem","position":2,"name":"Products","item":"https:\/\/glassbottlewholesale.com\/shop\/"},{"@type":"ListItem","position":3,"name":"RS017: 375ml Glass Bottle Wholesale For Liquor\/Whiskey\/Brandy\/Vodka"}]},{"@type":"WebSite","@id":"https:\/\/glassbottlewholesale.com\/#website","url":"https:\/\/glassbottlewholesale.com\/","name":"Glass Bottle Wholesale","description":"","publisher":{"@id":"https:\/\/glassbottlewholesale.com\/#organization"},"potentialAction":[{"@type":"SearchAction","target":{"@type":"EntryPoint","urlTemplate":"https:\/\/glassbottlewholesale.com\/?s={search_term_string}"},"query-input":{"@type":"PropertyValueSpecification","valueRequired":true,"valueName":"search_term_string"}}],"inLanguage":"fr-FR"},{"@type":"Organization","@id":"https:\/\/glassbottlewholesale.com\/#organization","name":"Glass Bottle Wholesale","url":"https:\/\/glassbottlewholesale.com\/","logo":{"@type":"ImageObject","inLanguage":"fr-FR","@id":"https:\/\/glassbottlewholesale.com\/#\/schema\/logo\/image\/","url":"https:\/\/glassbottlewholesale.com\/wp-content\/uploads\/2023\/12\/ruisheng-logo.webp","contentUrl":"https:\/\/glassbottlewholesale.com\/wp-content\/uploads\/2023\/12\/ruisheng-logo.webp","width":400,"height":233,"caption":"Glass Bottle Wholesale"},"image":{"@id":"https:\/\/glassbottlewholesale.com\/#\/schema\/logo\/image\/"}}]}},"_links":{"self":[{"href":"https:\/\/glassbottlewholesale.com\/fr\/wp-json\/wp\/v2\/product\/2546","targetHints":{"allow":["GET"]}}],"collection":[{"href":"https:\/\/glassbottlewholesale.com\/fr\/wp-json\/wp\/v2\/product"}],"about":[{"href":"https:\/\/glassbottlewholesale.com\/fr\/wp-json\/wp\/v2\/types\/product"}],"replies":[{"embeddable":true,"href":"https:\/\/glassbottlewholesale.com\/fr\/wp-json\/wp\/v2\/comments?post=2546"}],"wp:featuredmedia":[{"embeddable":true,"href":"https:\/\/glassbottlewholesale.com\/fr\/wp-json\/wp\/v2\/media\/2670"}],"wp:attachment":[{"href":"https:\/\/glassbottlewholesale.com\/fr\/wp-json\/wp\/v2\/media?parent=2546"}],"wp:term":[{"taxonomy":"product_brand","embeddable":true,"href":"https:\/\/glassbottlewholesale.com\/fr\/wp-json\/wp\/v2\/product_brand?post=2546"},{"taxonomy":"product_cat","embeddable":true,"href":"https:\/\/glassbottlewholesale.com\/fr\/wp-json\/wp\/v2\/product_cat?post=2546"},{"taxonomy":"product_tag","embeddable":true,"href":"https:\/\/glassbottlewholesale.com\/fr\/wp-json\/wp\/v2\/product_tag?post=2546"}],"curies":[{"name":"wp","href":"https:\/\/api.w.org\/{rel}","templated":true}]}}