{"id":2572,"date":"2021-03-17T03:24:56","date_gmt":"2021-03-17T03:24:56","guid":{"rendered":"https:\/\/glassbottlewholesale.com\/?post_type=product&#038;p=2572"},"modified":"2025-06-23T08:59:59","modified_gmt":"2025-06-23T08:59:59","slug":"375ml-glass-beverage-bottles-wholesale","status":"publish","type":"product","link":"https:\/\/glassbottlewholesale.com\/fr\/375ml-glass-beverage-bottles-wholesale\/","title":{"rendered":"RS011\u00a0:\u00a0bouteilles de boissons en verre de 375\u00a0ml en gros"},"content":{"rendered":"<h4>Informations d\u00e9taill\u00e9es sur les bouteilles en verre de 375ml pour boissons Wholesale<\/h4>\n<p>Cette s\u00e9rie de bouteilles en verre de 375 ml est principalement destin\u00e9e \u00e0 l'emballage de liqueurs, de jus, de lait, de champagne et d'autres boissons. Les bouteilles de boissons vides en gros adoptent un mat\u00e9riau en verre \u00e0 haute teneur en silex qui n'est pas nocif pour le corps humain et peut \u00eatre recycl\u00e9 \u00e0 nouveau pour prot\u00e9ger l'environnement.<\/p>\n<ul>\n<li>Nom du mod\u00e8le : Bouteilles en verre 375ml pour boissons en gros<\/li>\n<li>Num\u00e9ro de mod\u00e8le : RS011<\/li>\n<li>Nom de la marque: RUISHENG<\/li>\n<li><strong>Quantit\u00e9 minimale de commande\u00a0: 10000\u00a0pi\u00e8ces<\/strong><\/li>\n<li>Capacit\u00e9 : 375ml\/500ml\/700ml\/750ml\/personnalis\u00e9e<\/li>\n<li>Traitement des surfaces : Marquage \u00e0 chaud, givrage, d\u00e9calcomanie, gaufrage, s\u00e9rigraphie<\/li>\n<li>Mat\u00e9riau : verre super silex.<\/li>\n<li>Mat\u00e9riau du collier : bouteille en verre transparent.<\/li>\n<li>Type de fermeture : Bouchon \u00e0 vis, bouchon de li\u00e8ge, bouchon de verre, bouchon \u00e0 vis<\/li>\n<li>Utilisation : Bouteille de rhum\/gin\/whisky<\/li>\n<li>Lieu d&#039;origine : Shandong, Chine<\/li>\n<li>paquet : Cartons et palettes standard d&#039;exportation<\/li>\n<li>Service\u00a0:\u00a0Service OEM\/ODM<\/li>\n<\/ul>\n<p>La bouteille de boisson en gros montr\u00e9e dans l'image est produite par notre propre moule de bouteille en verre. Si vous le souhaitez, vous pouvez choisir des moules gratuits dans notre soci\u00e9t\u00e9 pour la production. Bien s\u00fbr, vous pouvez nous fournir des dessins ou des images, et nous les produirons selon vos exigences.<\/p>\n<p>Nous proposons aux clients les bouchons de bouteille suivants. Vous pouvez choisir le bouchon en fonction des besoins du produit.<\/p>\n<p><img decoding=\"async\" class=\"aligncenter wp-image-2420 size-full\" src=\"https:\/\/glassbottlewholesale.com\/wp-content\/uploads\/2020\/12\/WX20201229-154422.png\" alt=\"bouchons de bouteille\" width=\"752\" height=\"452\" srcset=\"https:\/\/glassbottlewholesale.com\/wp-content\/uploads\/2020\/12\/WX20201229-154422.png 752w, https:\/\/glassbottlewholesale.com\/wp-content\/uploads\/2020\/12\/WX20201229-154422-300x180.png 300w, https:\/\/glassbottlewholesale.com\/wp-content\/uploads\/2020\/12\/WX20201229-154422-600x361.png 600w\" sizes=\"(max-width: 752px) 100vw, 752px\" \/><\/p>\n<p>&nbsp;<\/p>","protected":false},"excerpt":{"rendered":"<p>Ruisheng, l'un des principaux fabricants d'installations d'embouteillage de boissons alcoolis\u00e9es en Chine, fournit <strong>Bouteilles \u00e0 boissons en verre 375ml Wholesale <\/strong>for liquor, juice, milk, champagne, and other drinks. As a professional glass bottle manufacturer and supplier, our company provides OEM\/ODM\/Custom glass bottle service according to our customer&#8217;s requirements.<\/p>\n<h4>D\u00e9tail pr\u00e9occupant concernant <strong>Bouteilles \u00e0 boissons en verre 375ml Wholesale<\/strong><\/h4>\n<div><strong><span class=\"mceItemHidden\"><span class=\"hiddenSpellError\">\u2013<\/span><span class=\"hiddenSpellError\">Quantit\u00e9 minimale de commande<\/span>: 10 000 pi\u00e8ces (environ 10 000<span class=\"hiddenSpellError\">pi\u00e8ces<\/span>)<\/span><\/strong><\/div>\n<div><span class=\"mceItemHidden\"><span class=\"hiddenSpellError\">-Gratuit<\/span>\u00a0\u00c9chantillon offert.<\/span><\/div>\n<div><span class=\"mceItemHidden\"><span class=\"hiddenSpellError\">-Livraison gratuite d'\u00e9chantillons sous 7 jours. Commande en gros<\/span> Livraison sous 30 jours.<\/span><\/div>\n<div>Si vous souhaitez obtenir plus d'informations sur les bouteilles de boisson en verre en gros, veuillez cliquer ici.<a href=\"https:\/\/ruishengglassco.com\/contact\" target=\"_blank\" rel=\"noopener\"> Contactez-nous<\/a> pour en savoir plus.<\/div>","protected":false},"featured_media":4766,"comment_status":"open","ping_status":"closed","template":"","meta":[],"product_brand":[],"product_cat":[49,52,55,63],"product_tag":[],"class_list":{"0":"post-2572","1":"product","2":"type-product","3":"status-publish","4":"has-post-thumbnail","6":"product_cat-375ml-glass-bottle","7":"product_cat-750ml-glass-bottle","8":"product_cat-custom-glass-bottle","9":"product_cat-liquor-bottle","10":"entry","11":"has-media","13":"first","14":"instock","15":"shipping-taxable","16":"product-type-simple"},"yoast_head":"<!-- This site is optimized with the Yoast SEO plugin v27.3 - https:\/\/yoast.com\/product\/yoast-seo-wordpress\/ -->\n<title>Glass Beverage Bottles Wholesale | Liquor Bottling Plant Manufacturers<\/title>\n<meta name=\"description\" content=\"Ruisheng, one of the leading liquor bottling plant manufacturers in China, provides 375ml Glass Beverage Bottles Wholesale for liquor, juice, milk, champagne, and other drinks.\" \/>\n<meta name=\"robots\" content=\"index, follow, max-snippet:-1, max-image-preview:large, max-video-preview:-1\" \/>\n<link rel=\"canonical\" href=\"https:\/\/ruishengglassco.com\/product\/rs011-375ml-glass-beverage-bottles-wholesale\" \/>\n<meta property=\"og:locale\" content=\"fr_FR\" \/>\n<meta property=\"og:type\" content=\"article\" \/>\n<meta property=\"og:title\" content=\"Glass Beverage Bottles Wholesale | Liquor Bottling Plant Manufacturers\" \/>\n<meta property=\"og:description\" content=\"Ruisheng, one of the leading liquor bottling plant manufacturers in China, provides 375ml Glass Beverage Bottles Wholesale for liquor, juice, milk, champagne, and other drinks.\" \/>\n<meta property=\"og:url\" content=\"https:\/\/ruishengglassco.com\/product\/rs011-375ml-glass-beverage-bottles-wholesale\" \/>\n<meta property=\"og:site_name\" content=\"Glass Bottle Wholesale\" \/>\n<meta property=\"article:modified_time\" content=\"2025-06-23T08:59:59+00:00\" \/>\n<meta property=\"og:image\" content=\"https:\/\/glassbottlewholesale.com\/wp-content\/uploads\/2024\/04\/glass-bottle-manufacturing19.png\" \/>\n\t<meta property=\"og:image:width\" content=\"800\" \/>\n\t<meta property=\"og:image:height\" content=\"800\" \/>\n\t<meta property=\"og:image:type\" content=\"image\/png\" \/>\n<meta name=\"twitter:card\" content=\"summary_large_image\" \/>\n<meta name=\"twitter:label1\" content=\"Dur\u00e9e de lecture estim\u00e9e\" \/>\n\t<meta name=\"twitter:data1\" content=\"2 minutes\" \/>\n<script type=\"application\/ld+json\" class=\"yoast-schema-graph\">{\"@context\":\"https:\\\/\\\/schema.org\",\"@graph\":[{\"@type\":\"WebPage\",\"@id\":\"https:\\\/\\\/glassbottlewholesale.com\\\/375ml-glass-beverage-bottles-wholesale\\\/\",\"url\":\"https:\\\/\\\/ruishengglassco.com\\\/product\\\/rs011-375ml-glass-beverage-bottles-wholesale\",\"name\":\"Glass Beverage Bottles Wholesale | Liquor Bottling Plant Manufacturers\",\"isPartOf\":{\"@id\":\"https:\\\/\\\/glassbottlewholesale.com\\\/#website\"},\"primaryImageOfPage\":{\"@id\":\"https:\\\/\\\/ruishengglassco.com\\\/product\\\/rs011-375ml-glass-beverage-bottles-wholesale#primaryimage\"},\"image\":{\"@id\":\"https:\\\/\\\/ruishengglassco.com\\\/product\\\/rs011-375ml-glass-beverage-bottles-wholesale#primaryimage\"},\"thumbnailUrl\":\"https:\\\/\\\/glassbottlewholesale.com\\\/wp-content\\\/uploads\\\/2024\\\/04\\\/glass-bottle-manufacturing19.png\",\"datePublished\":\"2021-03-17T03:24:56+00:00\",\"dateModified\":\"2025-06-23T08:59:59+00:00\",\"description\":\"Ruisheng, one of the leading liquor bottling plant manufacturers in China, provides 375ml Glass Beverage Bottles Wholesale for liquor, juice, milk, champagne, and other drinks.\",\"breadcrumb\":{\"@id\":\"https:\\\/\\\/ruishengglassco.com\\\/product\\\/rs011-375ml-glass-beverage-bottles-wholesale#breadcrumb\"},\"inLanguage\":\"fr-FR\",\"potentialAction\":[{\"@type\":\"ReadAction\",\"target\":[\"https:\\\/\\\/ruishengglassco.com\\\/product\\\/rs011-375ml-glass-beverage-bottles-wholesale\"]}]},{\"@type\":\"ImageObject\",\"inLanguage\":\"fr-FR\",\"@id\":\"https:\\\/\\\/ruishengglassco.com\\\/product\\\/rs011-375ml-glass-beverage-bottles-wholesale#primaryimage\",\"url\":\"https:\\\/\\\/glassbottlewholesale.com\\\/wp-content\\\/uploads\\\/2024\\\/04\\\/glass-bottle-manufacturing19.png\",\"contentUrl\":\"https:\\\/\\\/glassbottlewholesale.com\\\/wp-content\\\/uploads\\\/2024\\\/04\\\/glass-bottle-manufacturing19.png\",\"width\":800,\"height\":800,\"caption\":\"RS011: 375ml Glass Beverage Bottles Wholesale\"},{\"@type\":\"BreadcrumbList\",\"@id\":\"https:\\\/\\\/ruishengglassco.com\\\/product\\\/rs011-375ml-glass-beverage-bottles-wholesale#breadcrumb\",\"itemListElement\":[{\"@type\":\"ListItem\",\"position\":1,\"name\":\"Home\",\"item\":\"https:\\\/\\\/glassbottlewholesale.com\\\/\"},{\"@type\":\"ListItem\",\"position\":2,\"name\":\"Products\",\"item\":\"https:\\\/\\\/glassbottlewholesale.com\\\/shop\\\/\"},{\"@type\":\"ListItem\",\"position\":3,\"name\":\"RS011: 375ml Glass Beverage Bottles Wholesale\"}]},{\"@type\":\"WebSite\",\"@id\":\"https:\\\/\\\/glassbottlewholesale.com\\\/#website\",\"url\":\"https:\\\/\\\/glassbottlewholesale.com\\\/\",\"name\":\"Glass Bottle Wholesale\",\"description\":\"\",\"publisher\":{\"@id\":\"https:\\\/\\\/glassbottlewholesale.com\\\/#organization\"},\"potentialAction\":[{\"@type\":\"SearchAction\",\"target\":{\"@type\":\"EntryPoint\",\"urlTemplate\":\"https:\\\/\\\/glassbottlewholesale.com\\\/?s={search_term_string}\"},\"query-input\":{\"@type\":\"PropertyValueSpecification\",\"valueRequired\":true,\"valueName\":\"search_term_string\"}}],\"inLanguage\":\"fr-FR\"},{\"@type\":\"Organization\",\"@id\":\"https:\\\/\\\/glassbottlewholesale.com\\\/#organization\",\"name\":\"Glass Bottle Wholesale\",\"url\":\"https:\\\/\\\/glassbottlewholesale.com\\\/\",\"logo\":{\"@type\":\"ImageObject\",\"inLanguage\":\"fr-FR\",\"@id\":\"https:\\\/\\\/glassbottlewholesale.com\\\/#\\\/schema\\\/logo\\\/image\\\/\",\"url\":\"https:\\\/\\\/glassbottlewholesale.com\\\/wp-content\\\/uploads\\\/2023\\\/12\\\/ruisheng-logo.webp\",\"contentUrl\":\"https:\\\/\\\/glassbottlewholesale.com\\\/wp-content\\\/uploads\\\/2023\\\/12\\\/ruisheng-logo.webp\",\"width\":400,\"height\":233,\"caption\":\"Glass Bottle Wholesale\"},\"image\":{\"@id\":\"https:\\\/\\\/glassbottlewholesale.com\\\/#\\\/schema\\\/logo\\\/image\\\/\"}}]}<\/script>\n<!-- \/ Yoast SEO plugin. -->","yoast_head_json":{"title":"Glass Beverage Bottles Wholesale | Liquor Bottling Plant Manufacturers","description":"Ruisheng, one of the leading liquor bottling plant manufacturers in China, provides 375ml Glass Beverage Bottles Wholesale for liquor, juice, milk, champagne, and other drinks.","robots":{"index":"index","follow":"follow","max-snippet":"max-snippet:-1","max-image-preview":"max-image-preview:large","max-video-preview":"max-video-preview:-1"},"canonical":"https:\/\/ruishengglassco.com\/product\/rs011-375ml-glass-beverage-bottles-wholesale","og_locale":"fr_FR","og_type":"article","og_title":"Glass Beverage Bottles Wholesale | Liquor Bottling Plant Manufacturers","og_description":"Ruisheng, one of the leading liquor bottling plant manufacturers in China, provides 375ml Glass Beverage Bottles Wholesale for liquor, juice, milk, champagne, and other drinks.","og_url":"https:\/\/ruishengglassco.com\/product\/rs011-375ml-glass-beverage-bottles-wholesale","og_site_name":"Glass Bottle Wholesale","article_modified_time":"2025-06-23T08:59:59+00:00","og_image":[{"width":800,"height":800,"url":"https:\/\/glassbottlewholesale.com\/wp-content\/uploads\/2024\/04\/glass-bottle-manufacturing19.png","type":"image\/png"}],"twitter_card":"summary_large_image","twitter_misc":{"Dur\u00e9e de lecture estim\u00e9e":"2 minutes"},"schema":{"@context":"https:\/\/schema.org","@graph":[{"@type":"WebPage","@id":"https:\/\/glassbottlewholesale.com\/375ml-glass-beverage-bottles-wholesale\/","url":"https:\/\/ruishengglassco.com\/product\/rs011-375ml-glass-beverage-bottles-wholesale","name":"Glass Beverage Bottles Wholesale | Liquor Bottling Plant Manufacturers","isPartOf":{"@id":"https:\/\/glassbottlewholesale.com\/#website"},"primaryImageOfPage":{"@id":"https:\/\/ruishengglassco.com\/product\/rs011-375ml-glass-beverage-bottles-wholesale#primaryimage"},"image":{"@id":"https:\/\/ruishengglassco.com\/product\/rs011-375ml-glass-beverage-bottles-wholesale#primaryimage"},"thumbnailUrl":"https:\/\/glassbottlewholesale.com\/wp-content\/uploads\/2024\/04\/glass-bottle-manufacturing19.png","datePublished":"2021-03-17T03:24:56+00:00","dateModified":"2025-06-23T08:59:59+00:00","description":"Ruisheng, one of the leading liquor bottling plant manufacturers in China, provides 375ml Glass Beverage Bottles Wholesale for liquor, juice, milk, champagne, and other drinks.","breadcrumb":{"@id":"https:\/\/ruishengglassco.com\/product\/rs011-375ml-glass-beverage-bottles-wholesale#breadcrumb"},"inLanguage":"fr-FR","potentialAction":[{"@type":"ReadAction","target":["https:\/\/ruishengglassco.com\/product\/rs011-375ml-glass-beverage-bottles-wholesale"]}]},{"@type":"ImageObject","inLanguage":"fr-FR","@id":"https:\/\/ruishengglassco.com\/product\/rs011-375ml-glass-beverage-bottles-wholesale#primaryimage","url":"https:\/\/glassbottlewholesale.com\/wp-content\/uploads\/2024\/04\/glass-bottle-manufacturing19.png","contentUrl":"https:\/\/glassbottlewholesale.com\/wp-content\/uploads\/2024\/04\/glass-bottle-manufacturing19.png","width":800,"height":800,"caption":"RS011: 375ml Glass Beverage Bottles Wholesale"},{"@type":"BreadcrumbList","@id":"https:\/\/ruishengglassco.com\/product\/rs011-375ml-glass-beverage-bottles-wholesale#breadcrumb","itemListElement":[{"@type":"ListItem","position":1,"name":"Home","item":"https:\/\/glassbottlewholesale.com\/"},{"@type":"ListItem","position":2,"name":"Products","item":"https:\/\/glassbottlewholesale.com\/shop\/"},{"@type":"ListItem","position":3,"name":"RS011: 375ml Glass Beverage Bottles Wholesale"}]},{"@type":"WebSite","@id":"https:\/\/glassbottlewholesale.com\/#website","url":"https:\/\/glassbottlewholesale.com\/","name":"Glass Bottle Wholesale","description":"","publisher":{"@id":"https:\/\/glassbottlewholesale.com\/#organization"},"potentialAction":[{"@type":"SearchAction","target":{"@type":"EntryPoint","urlTemplate":"https:\/\/glassbottlewholesale.com\/?s={search_term_string}"},"query-input":{"@type":"PropertyValueSpecification","valueRequired":true,"valueName":"search_term_string"}}],"inLanguage":"fr-FR"},{"@type":"Organization","@id":"https:\/\/glassbottlewholesale.com\/#organization","name":"Glass Bottle Wholesale","url":"https:\/\/glassbottlewholesale.com\/","logo":{"@type":"ImageObject","inLanguage":"fr-FR","@id":"https:\/\/glassbottlewholesale.com\/#\/schema\/logo\/image\/","url":"https:\/\/glassbottlewholesale.com\/wp-content\/uploads\/2023\/12\/ruisheng-logo.webp","contentUrl":"https:\/\/glassbottlewholesale.com\/wp-content\/uploads\/2023\/12\/ruisheng-logo.webp","width":400,"height":233,"caption":"Glass Bottle Wholesale"},"image":{"@id":"https:\/\/glassbottlewholesale.com\/#\/schema\/logo\/image\/"}}]}},"_links":{"self":[{"href":"https:\/\/glassbottlewholesale.com\/fr\/wp-json\/wp\/v2\/product\/2572","targetHints":{"allow":["GET"]}}],"collection":[{"href":"https:\/\/glassbottlewholesale.com\/fr\/wp-json\/wp\/v2\/product"}],"about":[{"href":"https:\/\/glassbottlewholesale.com\/fr\/wp-json\/wp\/v2\/types\/product"}],"replies":[{"embeddable":true,"href":"https:\/\/glassbottlewholesale.com\/fr\/wp-json\/wp\/v2\/comments?post=2572"}],"wp:featuredmedia":[{"embeddable":true,"href":"https:\/\/glassbottlewholesale.com\/fr\/wp-json\/wp\/v2\/media\/4766"}],"wp:attachment":[{"href":"https:\/\/glassbottlewholesale.com\/fr\/wp-json\/wp\/v2\/media?parent=2572"}],"wp:term":[{"taxonomy":"product_brand","embeddable":true,"href":"https:\/\/glassbottlewholesale.com\/fr\/wp-json\/wp\/v2\/product_brand?post=2572"},{"taxonomy":"product_cat","embeddable":true,"href":"https:\/\/glassbottlewholesale.com\/fr\/wp-json\/wp\/v2\/product_cat?post=2572"},{"taxonomy":"product_tag","embeddable":true,"href":"https:\/\/glassbottlewholesale.com\/fr\/wp-json\/wp\/v2\/product_tag?post=2572"}],"curies":[{"name":"wp","href":"https:\/\/api.w.org\/{rel}","templated":true}]}}